{"id":1618,"date":"2018-03-20T15:19:05","date_gmt":"2018-03-20T15:19:05","guid":{"rendered":"http:\/\/grupo.us.es\/hac\/?page_id=1618\/"},"modified":"2023-09-03T16:59:44","modified_gmt":"2023-09-03T16:59:44","slug":"grow-with-us","status":"publish","type":"page","link":"https:\/\/grupo.us.es\/hac\/en\/grow-with-us\/","title":{"rendered":"GROW WITH US"},"content":{"rendered":"<p>[et_pb_section bb_built=&#8221;1&#8243;][et_pb_row _builder_version=&#8221;3.0.89&#8243;][et_pb_column type=&#8221;4_4&#8243;][et_pb_text _builder_version=&#8221;3.0.89&#8243; background_layout=&#8221;light&#8221;]<\/p>\n<h3 style=\"text-align: center;\"><b>GROW WITH US<\/b><\/h3>\n<p>[\/et_pb_text][\/et_pb_column][\/et_pb_row][et_pb_row _builder_version=&#8221;3.0.89&#8243; width_unit=&#8221;off&#8221; use_custom_gutter=&#8221;on&#8221; gutter_width=&#8221;2&#8243;][et_pb_column type=&#8221;1_2&#8243;][et_pb_image _builder_version=&#8221;3.0.89&#8243; src=&#8221;http:\/\/grupo.us.es\/hac\/wp-content\/uploads\/2018\/03\/Crece-con-nosotros.jpg&#8221; show_in_lightbox=&#8221;off&#8221; url_new_window=&#8221;off&#8221; use_overlay=&#8221;off&#8221; always_center_on_mobile=&#8221;on&#8221; force_fullwidth=&#8221;off&#8221; show_bottom_space=&#8221;on&#8221; align=&#8221;right&#8221; custom_padding=&#8221;10px|||&#8221; \/][\/et_pb_column][et_pb_column type=&#8221;1_2&#8243;][et_pb_text _builder_version=&#8221;3.0.89&#8243; background_layout=&#8221;light&#8221; custom_padding=&#8221;5px|||&#8221;]<\/p>\n<p style=\"text-align: left;\"><b>Healthy Architecture &amp; City <\/b><span style=\"font-weight: 400;\">is a research group that can help you grow from research and professional points of view. If you are curious and enjoy research, you can participate in our research, gaining experience and training by focusing on the design of environments for the elderly and those with functional and cognitive challenges. You can also participate in the design and construction of healthy atmospheres personalised for these groups, which can ultimately be extended to the rest of society.<\/span><\/p>\n<p class=\"font_8\" style=\"text-align: left;\"><span style=\"font-weight: 400;\">We advise you about your possible paths and specialisations after you complete your undergraduate studies. If you are interested, we will guide you through the necessary steps to undertake postgraduate and specialised studies, fundamental for having a <\/span><b>specialised added value<\/b><span style=\"font-weight: 400;\"> to achieve better <\/span><b>employability<\/b><span style=\"font-weight: 400;\"> in an increasingly demanding and competitive society. Check out our section:<\/span><\/p>\n<p><\/span><\/p>\n<p class=\"font_8\" style=\"text-align: left;\"><span style=\"font-weight: 400;\"><strong><span style=\"color: #333333;\"><span style=\"font-size: 14pt;\"><br \/>\n<a style=\"color: #333333;\" href=\"https:\/\/grupo.us.es\/hac\/en\/support-for-researchers\/\" target=\"_blank\" rel=\"noopener\">Support for researchers<\/a><\/span><\/span><\/strong><\/span><\/p>\n<p>[\/et_pb_text][\/et_pb_column][\/et_pb_row][et_pb_row _builder_version=&#8221;3.0.89&#8243; width_unit=&#8221;off&#8221; use_custom_gutter=&#8221;on&#8221; gutter_width=&#8221;2&#8243;][et_pb_column type=&#8221;4_4&#8243;][et_pb_text _builder_version=&#8221;3.0.89&#8243; background_layout=&#8221;light&#8221;]<\/p>\n<p class=\"font_8\" style=\"text-align: justify;\"><span style=\"font-weight: 400;\">We inform you about <\/span><b>national and international training<\/b><span style=\"font-weight: 400;\"> and the most valued <\/span><strong><a href=\"https:\/\/grupo.us.es\/hac\/en\/masters\/\">master\u2019s degrees<\/a><\/strong><span style=\"font-weight: 400;\"> with the most career opportunities. Additionally, we give you information about <\/span><strong><a href=\"https:\/\/grupo.us.es\/hac\/en\/doctorate\/\">doctoral studies<\/a> <\/strong><span style=\"font-weight: 400;\">and the required process to earn a PhD, and we provide grant and support announcements that can help finance these studies. If you are interested in a professional research career, get in touch with us.<\/span><\/p>\n<p>[\/et_pb_text][\/et_pb_column][\/et_pb_row][et_pb_row][et_pb_column type=&#8221;4_4&#8243;][et_pb_text _builder_version=&#8221;3.0.89&#8243; background_layout=&#8221;light&#8221;]<\/p>\n<h1 style=\"text-align: center;\"><a href=\"https:\/\/grupo.us.es\/hac\/en\/\"><span style=\"font-size: 52pt;\">\u00ab<\/span><\/a><\/h1>\n<p>[\/et_pb_text][\/et_pb_column][\/et_pb_row][et_pb_row _builder_version=&#8221;3.0.89&#8243;][et_pb_column type=&#8221;4_4&#8243;][\/et_pb_column][\/et_pb_row][\/et_pb_section]<\/p>\n","protected":false},"excerpt":{"rendered":"<p>GROW WITH US Healthy Architecture &amp; City is a research group that can help you grow from research and professional points of view. If you are curious and enjoy research, you can participate in our research, gaining experience and training by focusing on the design of environments for the elderly and those with functional and [&hellip;]<\/p>\n","protected":false},"author":2,"featured_media":0,"parent":0,"menu_order":0,"comment_status":"closed","ping_status":"closed","template":"","meta":{"_et_pb_use_builder":"on","_et_pb_old_content":"<p>[et_pb_section bb_built=\"1\"][et_pb_row _builder_version=\"3.0.89\"][et_pb_column type=\"4_4\"][et_pb_text _builder_version=\"3.0.89\" background_layout=\"light\"]<\/p><h3 style=\"text-align: center;\"><strong>Crece con nosotros<\/strong><\/h3><p>[\/et_pb_text][\/et_pb_column][\/et_pb_row][et_pb_row _builder_version=\"3.0.89\" width_unit=\"off\" use_custom_gutter=\"on\" gutter_width=\"2\"][et_pb_column type=\"1_2\"][et_pb_image _builder_version=\"3.0.89\" src=\"http:\/\/grupo.us.es\/hac\/wp-content\/uploads\/2018\/03\/Crece-con-nosotros.jpg\" show_in_lightbox=\"off\" url_new_window=\"off\" use_overlay=\"off\" always_center_on_mobile=\"on\" force_fullwidth=\"off\" show_bottom_space=\"on\" align=\"right\" custom_padding=\"10px|||\" \/][\/et_pb_column][et_pb_column type=\"1_2\"][et_pb_text _builder_version=\"3.0.89\" background_layout=\"light\" custom_padding=\"5px|||\"]<\/p><p class=\"font_8\" style=\"text-align: justify;\"><strong>Healthy Architecture & City <\/strong>es un grupo de investigaci\u00f3n que te puede ayudar a crecer desde el punto de vista tanto investigador como profesional. Si eres curioso y te gusta investigar te puedes integrar en las investigaciones que realizamos obteniendo experiencia y formaci\u00f3n centrada en el dise\u00f1o de entornos que habitan las personas de la cuarta edad, as\u00ed como usuarios con diversidad funcional y cognitiva, tambi\u00e9n en el dise\u00f1o y construcci\u00f3n de atm\u00f3sferas saludables y personalizadas para estos colectivos, que al final son extrapolables al resto de la sociedad.<\/p><p class=\"font_8\" style=\"text-align: justify;\">Te asesoramos sobre los posibles caminos y especializaciones despu\u00e9s de terminar tus estudios de grado. Si te interesa, te guiamos sobre los pasos a dar para realizar estudios de posgrado y especializaci\u00f3n, fundamentales para tener un\u00a0<strong>valor a\u00f1adido especializado<\/strong>, con el que alcanzar una mayor\u00a0<strong>empleabilidad<\/strong>\u00a0en una sociedad cada d\u00eda m\u00e1s exigente y competitiva.<\/p><p>[\/et_pb_text][\/et_pb_column][\/et_pb_row][et_pb_row _builder_version=\"3.0.89\" width_unit=\"off\" use_custom_gutter=\"on\" gutter_width=\"2\"][et_pb_column type=\"4_4\"][et_pb_text _builder_version=\"3.0.89\" background_layout=\"light\"]<\/p><p class=\"font_8\" style=\"text-align: justify;\">Te informamos sobre formaci\u00f3n<strong>, nacional e internacional<\/strong>, sobre los\u00a0<span style=\"text-decoration: underline; color: #333333;\"><strong><a style=\"color: #333333; text-decoration: underline;\" href=\"http:\/\/grupo.us.es\/hac\/master\/\">m\u00e1sters<\/a><\/strong><\/span> m\u00e1s valorados\u00a0y con m\u00e1s salidas profesionales. Igualmente te orientamos sobre el funcionamiento de los\u00a0<span style=\"color: #333333;\"><a style=\"color: #333333;\" href=\"http:\/\/grupo.us.es\/hac\/doctorado\/\"><strong><span style=\"text-decoration: underline;\">estudios de doctorado<\/span><\/strong><\/a><\/span>\u00a0y los tr\u00e1mites a realizar para obtener el grado de doctor, as\u00ed como de las convocatorias de becas y ayudas que pueden financiar estos estudios. Si est\u00e1s interesado en una carrera profesional investigadora, cont\u00e1ctanos.<\/p><p>[\/et_pb_text][\/et_pb_column][\/et_pb_row][et_pb_row][et_pb_column type=\"4_4\"][et_pb_text _builder_version=\"3.0.89\" background_layout=\"light\"]<\/p><h4 style=\"text-align: center;\"><span style=\"color: #808080;\"><strong>M\u00e1s informaci\u00f3n:<\/strong><\/span><\/h4><p>\u00a0<\/p><p style=\"text-align: center;\"><strong><span style=\"color: #333333;\"><a style=\"color: #333333;\" href=\"\/hac\/quieres-investigar\/\" target=\"_blank\" rel=\"noopener\">\u00bfQuieres Investigar?<\/a>\u00a0 \u00a0 \u00a0 \u00a0I \u00a0 \u00a0 \u00a0 <a style=\"color: #333333;\" href=\"\/hac\/master\/\" target=\"_blank\" rel=\"noopener\">M\u00e1ster<\/a>s\u00a0 \u00a0 \u00a0 I \u00a0 \u00a0 \u00a0 <a style=\"color: #333333;\" href=\"\/hac\/doctorado\/\" target=\"_blank\" rel=\"noopener\">Doctorado<\/a>\u00a0 \u00a0 \u00a0 \u00a0I \u00a0 \u00a0 \u00a0\u00a0<a style=\"color: #333333;\" href=\"http:\/\/grupo.us.es\/hac\/apoyo-al-investigador\/\" target=\"_blank\" rel=\"noopener\">Apoyo al investigador<\/a><\/span><\/strong><\/p><p>[\/et_pb_text][et_pb_text _builder_version=\"3.0.89\" background_layout=\"light\"]<\/p><h1 style=\"text-align: center;\"><a href=\"http:\/\/grupo.us.es\/hac\/\"><span style=\"font-size: 52pt;\">\u00ab<\/span><\/a><\/h1><p>[\/et_pb_text][\/et_pb_column][\/et_pb_row][et_pb_row _builder_version=\"3.0.89\"][et_pb_column type=\"4_4\"][\/et_pb_column][\/et_pb_row][\/et_pb_section]<\/p>","_et_gb_content_width":"","wpupg_custom_link":[],"wpupg_custom_link_behaviour":["default"],"wpupg_custom_link_nofollow":[],"wpupg_custom_image":[],"wpupg_custom_image_id":[],"footnotes":""},"class_list":["post-1618","page","type-page","status-publish","hentry"],"_links":{"self":[{"href":"https:\/\/grupo.us.es\/hac\/en\/wp-json\/wp\/v2\/pages\/1618","targetHints":{"allow":["GET"]}}],"collection":[{"href":"https:\/\/grupo.us.es\/hac\/en\/wp-json\/wp\/v2\/pages"}],"about":[{"href":"https:\/\/grupo.us.es\/hac\/en\/wp-json\/wp\/v2\/types\/page"}],"author":[{"embeddable":true,"href":"https:\/\/grupo.us.es\/hac\/en\/wp-json\/wp\/v2\/users\/2"}],"replies":[{"embeddable":true,"href":"https:\/\/grupo.us.es\/hac\/en\/wp-json\/wp\/v2\/comments?post=1618"}],"version-history":[{"count":0,"href":"https:\/\/grupo.us.es\/hac\/en\/wp-json\/wp\/v2\/pages\/1618\/revisions"}],"wp:attachment":[{"href":"https:\/\/grupo.us.es\/hac\/en\/wp-json\/wp\/v2\/media?parent=1618"}],"curies":[{"name":"wp","href":"https:\/\/api.w.org\/{rel}","templated":true}]}}