{"id":1611,"date":"2018-03-20T15:07:26","date_gmt":"2018-03-20T15:07:26","guid":{"rendered":"http:\/\/grupo.us.es\/hac\/?page_id=1611\/"},"modified":"2024-11-03T19:30:38","modified_gmt":"2024-11-03T19:30:38","slug":"dissemination","status":"publish","type":"page","link":"https:\/\/grupo.us.es\/hac\/en\/dissemination\/","title":{"rendered":"DISSEMINATION"},"content":{"rendered":"<p>[et_pb_section fb_built=&#8221;1&#8243; _builder_version=&#8221;4.16&#8243; global_colors_info=&#8221;{}&#8221;][et_pb_row _builder_version=&#8221;4.16&#8243; global_colors_info=&#8221;{}&#8221;][et_pb_column type=&#8221;4_4&#8243; _builder_version=&#8221;4.16&#8243; custom_padding=&#8221;|||&#8221; global_colors_info=&#8221;{}&#8221; custom_padding__hover=&#8221;|||&#8221;][et_pb_text _builder_version=&#8221;4.16&#8243; global_colors_info=&#8221;{}&#8221;]<\/p>\n<h3 style=\"text-align: center;\"><b>DISSEMINATION<\/b><\/h3>\n<p>[\/et_pb_text][\/et_pb_column][\/et_pb_row][et_pb_row column_structure=&#8221;1_2,1_2&#8243; use_custom_gutter=&#8221;on&#8221; gutter_width=&#8221;2&#8243; _builder_version=&#8221;4.16&#8243; width_unit=&#8221;off&#8221; global_colors_info=&#8221;{}&#8221;][et_pb_column type=&#8221;1_2&#8243; _builder_version=&#8221;4.16&#8243; custom_padding=&#8221;|||&#8221; global_colors_info=&#8221;{}&#8221; custom_padding__hover=&#8221;|||&#8221;][et_pb_image src=&#8221;http:\/\/grupo.us.es\/hac\/wp-content\/uploads\/2018\/03\/1.4.1_Confererncia-CREA-Salamanca.jpg&#8221; url=&#8221;https:\/\/youtu.be\/p4EJmc0cJiM&#8221; url_new_window=&#8221;on&#8221; align=&#8221;right&#8221; align_tablet=&#8221;center&#8221; align_phone=&#8221;center&#8221; align_last_edited=&#8221;on|desktop&#8221; _builder_version=&#8221;4.16&#8243; custom_padding=&#8221;10px|||&#8221; always_center_on_mobile=&#8221;on&#8221; global_colors_info=&#8221;{}&#8221;][\/et_pb_image][et_pb_text _builder_version=&#8221;4.27.2&#8243; global_colors_info=&#8221;{}&#8221;]<\/p>\n<h4><span style=\"font-size: 10pt;\">Lecture <strong><a href=\"https:\/\/youtu.be\/p4EJmc0cJiM\"><i>Designing for the absence of memory<\/i><\/a><\/strong><a href=\"https:\/\/youtu.be\/p4EJmc0cJiM\"><i>\u00a0<\/i><\/a>given at State Reference Center for the Care of People with Alzheimer&#8217;s Disease and other Dementias (CREA) IMSERSO Spanish Government<\/span><\/h4>\n<p>[\/et_pb_text][et_pb_divider show_divider=&#8221;off&#8221; _builder_version=&#8221;4.16&#8243; height=&#8221;15px&#8221; global_colors_info=&#8221;{}&#8221;][\/et_pb_divider][et_pb_text _builder_version=&#8221;4.27.2&#8243; custom_padding=&#8221;15px|||&#8221; global_colors_info=&#8221;{}&#8221;]<\/p>\n<h4><a href=\"https:\/\/grupo.us.es\/hac\/en\/dissemination\/eventos\/\" target=\"_blank\" rel=\"noopener\"><strong>Latest events and scientific activities <\/strong><\/a><\/h4>\n<p>&nbsp;<\/p>\n<p><span style=\"color: #333333;\"><a style=\"color: #333333;\" href=\"https:\/\/grupo.us.es\/hac\/en\/prototype-smart-home-tecnosocial-2024\/\" target=\"_blank\" rel=\"noopener\"><strong>2024. <\/strong>Healthy Architecture &amp; City has presented a smart home prototype for people with cognitive impairment at TECNOSOCIAL 2024<\/a><\/span><\/p>\n<p><span style=\"color: #333333;\"><a style=\"color: #333333;\" href=\"http:\/\/ocs.editorial.upv.es\/index.php\/FORTMED\/FORTMED2024\/paper\/view\/18104\" target=\"_blank\" rel=\"noopener\"><strong>2024. <\/strong>Conference: FORTMED 2024, <em>Defensive Architecture of the Mediterranean<\/em><\/a><\/span><\/p>\n<p><span style=\"color: #333333;\"><a style=\"color: #333333;\" href=\"https:\/\/grupo.us.es\/hac\/en\/ageing-and-dependency\/\" target=\"_blank\" rel=\"noopener\"><strong>2023. <\/strong>Conference<em>: Congreso Intersectorial de Envejecimiento y Dependencia <\/em><\/a><\/span><\/p>\n<p><span style=\"color: #333333;\"><a style=\"color: #333333;\" href=\"https:\/\/grupo.us.es\/hac\/en\/healthy-architecture-city-compass-ulysseus-2023\/\" target=\"_blank\" rel=\"noopener\"><strong>2023. <\/strong><em>COMPASS Conference: Transferable Skills for Research &amp; Innovation<\/em><\/a><\/span><\/p>\n<p><span style=\"color: #333333;\"><a style=\"color: #333333;\" href=\"https:\/\/grupo.us.es\/hac\/en\/healthy-architecture-city-neuro-2023\/\" target=\"_blank\" rel=\"noopener\"><strong>2023. <\/strong>Conference:<em> Congreso Internacional de Enfermedades Neurodegenerativas<\/em><\/a><\/span><\/p>\n<p><span style=\"color: #333333;\"><a style=\"color: #333333;\" href=\"https:\/\/grupo.us.es\/hac\/en\/i-jornadas-de-estudios-sobre-la-sierra-de-segura\/\" target=\"_blank\" rel=\"noopener\"><strong>2023. <\/strong>Seminar:<em> &#8216;La construcci\u00f3n del paisaje cultural en la Sierra de Segura: las arquitecturas andalus\u00edes del siglo XII<\/em><\/a><\/span><\/p>\n<p><span style=\"color: #333333;\"><a style=\"color: #333333;\" href=\"https:\/\/grupo.us.es\/hac\/en\/la-arquitectura-de-las-marismas-del-arroz-una-vision-paisajistica\/\" target=\"_blank\" rel=\"noopener\"><strong>2023. <\/strong>Exhibition:<em> &#8216;La arquitectura de las marismas del arroz. Una visi\u00f3n paisaj\u00edstica<\/em><\/a><\/span><\/p>\n<p><span style=\"color: #333333;\"><a style=\"color: #333333;\" href=\"https:\/\/grupo.us.es\/hac\/en\/asomate-a-la-ciencia\/\"><strong>2023.<\/strong> Seminar: <em>As\u00f3mate a la Ciencia. 21\u00aa Feria de la Ciencia<\/em><\/a><\/span><\/p>\n<p><span style=\"color: #333333;\"><a style=\"color: #333333;\" href=\"https:\/\/grupo.us.es\/hac\/en\/healthy-architecture-city-en-tecnosocial-2023\/\" target=\"_blank\" rel=\"noopener\"><strong>2023. <\/strong>Event: <em>Healthy Architecture &amp; City en TECNOSOCIAL 2023<\/em><\/a><\/span><\/p>\n<h4 style=\"text-align: center;\"><span style=\"color: #333333;\"><a style=\"color: #333333;\" href=\"https:\/\/grupo.us.es\/hac\/en\/dissemination\/eventos\/\" target=\"_blank\" rel=\"noopener\"><strong><span style=\"font-size: 12pt;\">see more &gt;&gt;&gt;<\/span><\/strong><\/a><\/span><\/h4>\n<p>&nbsp;<\/p>\n<p>[\/et_pb_text][\/et_pb_column][et_pb_column type=&#8221;1_2&#8243; _builder_version=&#8221;4.16&#8243; custom_padding=&#8221;|||&#8221; global_colors_info=&#8221;{}&#8221; custom_padding__hover=&#8221;|||&#8221;][et_pb_text _builder_version=&#8221;4.27.2&#8243; hover_enabled=&#8221;0&#8243; global_colors_info=&#8221;{}&#8221; sticky_enabled=&#8221;0&#8243;]<\/p>\n<p>One of <b>Healthy Architecture &amp; City\u2019s<\/b><span style=\"font-weight: 400;\"> main objectives is the dissemination of its research. To this end, they participate in the management of R&amp;D&amp;I activities and the organisation of activities and events in which their members play an active part. The research group mainly disseminates its research findings through books, articles and publications in indexed journals, along with contributions in conferences, workshops and seminars of international prestige.<\/span><\/p>\n<p><span style=\"color: #333333;\"><span style=\"font-weight: 400;\">The research group also disseminates its activities in person through conferences, seminars and research-exchanging workshops and online on various social networks, forums, foundations, bodies and associations of users with whom they participate and<\/span><span style=\"font-weight: 400;\"> collaborate. <\/span>The scientific production of its members is collected in different databases<span style=\"font-weight: 400;\"> such as <a href=\"https:\/\/orcid.org\/\" target=\"_blank\" rel=\"noopener\"><strong>ORCID<\/strong><\/a>,\u00a0<strong>AVERY, <\/strong><strong><a href=\"https:\/\/www.scopus.com\/home.uri?zone=header&amp;origin=AuthorProfile\" target=\"_blank\" rel=\"noopener\">SCOPUS<\/a><span style=\"color: #808080;\">,<\/span><\/strong><strong><span style=\"color: #808080;\">\u00a0<\/span><\/strong><strong><span style=\"color: #808080;\"><a href=\"https:\/\/dialnet.unirioja.es\" target=\"_blank\" rel=\"noopener\">DIALNET,<\/a><\/span><\/strong>\u00a0<a href=\"https:\/\/scholar.google.es\/citations?user=ElvYUGMAAAAJ&amp;hl=es&amp;oi=sra\" target=\"_blank\" rel=\"noopener\"><strong>GoogleScholar <\/strong><\/a>o <a href=\"https:\/\/bibliometria.us.es\/prisma\/investigador\/buscar\/grupo\/TEP-965\" target=\"_blank\" rel=\"noopener\"><strong>PRISMA<\/strong><\/a><\/span><strong>.<\/strong>\u00a0It is also found in internet repositories such as <a href=\"https:\/\/www.researchgate.net\/profile\/Santiago-Quesada-Garcia\" target=\"_blank\" rel=\"noopener\"><strong>ResearchGate<\/strong><\/a>, <a href=\"https:\/\/us.academia.edu\/SantiagoQuesadaGarc\u00eda\" target=\"_blank\" rel=\"noopener\"><strong>ACADEMIA<\/strong><\/a> or <a href=\"https:\/\/scholar.google.es\/citations?user=ElvYUGMAAAAJ&amp;hl=es&amp;oi=sra\" target=\"_blank\" rel=\"noopener\"><strong>Google Scholar<\/strong><\/a>.<\/span><\/p>\n<p><span style=\"color: #333333;\">The open access production of our researchers is collected in repositories such as <a href=\"https:\/\/www.researchgate.net\/profile\/Santiago-Quesada-Garcia\"><strong>ResearchGate<\/strong><\/a> or <strong><a href=\"https:\/\/us.academia.edu\/SantiagoQuesadaGarc\u00eda\" target=\"_blank\" rel=\"noopener\">ACADEMIA<\/a><\/strong>, although the main institutional repository in which the scientific contributions and research data of the members of the <strong>Healthy Architecture &amp; City<\/strong> group are collected is <\/span><span style=\"color: #333333;\"><strong><a href=\"https:\/\/idus.us.es\/;jsessionid=32E5C06E028B3C38BE0C5B8AA66657FA?\" target=\"_blank\" rel=\"noopener\">IDUS<\/a><\/strong> repository of the University of Seville \u00a0<a href=\"https:\/\/idus.us.es\/;jsessionid=32E5C06E028B3C38BE0C5B8AA66657FA?\" target=\"_blank\" rel=\"noopener\">&gt;&gt;&gt;<\/a><\/span><a href=\"https:\/\/idus.us.es\/;jsessionid=32E5C06E028B3C38BE0C5B8AA66657FA?\" target=\"_blank\" rel=\"noopener\"><img loading=\"lazy\" decoding=\"async\" class=\"wp-image-893 alignright\" src=\"http:\/\/grupo.us.es\/hac\/wp-content\/uploads\/2018\/02\/IDUS.png\" alt=\"\" width=\"63\" height=\"52\" \/><\/a><\/p>\n<p>[\/et_pb_text][et_pb_divider show_divider=&#8221;off&#8221; _builder_version=&#8221;4.24.3&#8243; height=&#8221;30px&#8221; global_colors_info=&#8221;{}&#8221;][\/et_pb_divider][et_pb_divider show_divider=&#8221;off&#8221; _builder_version=&#8221;4.24.3&#8243; height=&#8221;30px&#8221; global_colors_info=&#8221;{}&#8221;][\/et_pb_divider][et_pb_text _builder_version=&#8221;4.27.2&#8243; custom_padding=&#8221;15px|||&#8221; global_colors_info=&#8221;{}&#8221;]<\/p>\n<h4>\u00a0<\/h4>\n<h4 style=\"text-align: center;\"><a href=\"https:\/\/www.youtube.com\/@HealthyArchitectureandCity\" target=\"_blank\" rel=\"noopener\"><strong>Visit our channel on:<\/strong><\/a><\/h4>\n<p><a href=\"https:\/\/www.youtube.com\/@HealthyArchitectureandCity\" target=\"_blank\" rel=\"noopener\"><img loading=\"lazy\" decoding=\"async\" class=\"wp-image-7429 aligncenter\" src=\"https:\/\/grupo.us.es\/hac\/wp-content\/uploads\/2024\/04\/image-1.png\" alt=\"\" width=\"196\" height=\"44\" \/><\/a><\/p>\n<p>&nbsp;<\/p>\n<p>[\/et_pb_text][et_pb_video src=&#8221;https:\/\/youtu.be\/NlnKeW9bXC8?feature=shared&#8221; _builder_version=&#8221;4.27.2&#8243; _module_preset=&#8221;default&#8221; global_colors_info=&#8221;{}&#8221;][\/et_pb_video][\/et_pb_column][\/et_pb_row][et_pb_row _builder_version=&#8221;4.16&#8243; background_size=&#8221;initial&#8221; background_position=&#8221;top_left&#8221; background_repeat=&#8221;repeat&#8221; global_colors_info=&#8221;{}&#8221;][et_pb_column type=&#8221;4_4&#8243; _builder_version=&#8221;4.16&#8243; custom_padding=&#8221;|||&#8221; global_colors_info=&#8221;{}&#8221; custom_padding__hover=&#8221;|||&#8221;][et_pb_text _builder_version=&#8221;4.16&#8243; global_colors_info=&#8221;{}&#8221;]<\/p>\n<div class=\" et_pb_row et_pb_row_2\">\n<div class=\"et_pb_column et_pb_column_4_4 et_pb_column_3 et-last-child\">\n<div class=\"et_pb_text et_pb_module et_pb_bg_layout_light et_pb_text_align_left et_pb_text_2\">\n<div class=\"et_pb_text_inner\">\n<h3 style=\"text-align: center;\"><strong><span style=\"color: #333333;\"><a style=\"color: #333333;\" href=\"https:\/\/grupo.us.es\/hac\/en\/dissemination\/publicaciones\/\" target=\"_blank\" rel=\"noopener\">PUBLICATIONS<\/a><\/span>\u00a0\u00a0 | \u00a0 <a href=\"https:\/\/grupo.us.es\/hac\/en\/dissemination\/eventos\/\" target=\"_blank\" rel=\"noopener\">ACTIVITIES<\/a>\u00a0\u00a0 |\u00a0<span style=\"color: #333333;\"> <a style=\"color: #333333;\" href=\"https:\/\/grupo.us.es\/hac\/en\/dissemination\/blog-difusion\/\" target=\"_blank\" rel=\"noopener\">RESEARCH BLOG<\/a><\/span><\/strong><\/h3>\n<\/div>\n<\/div>\n<\/div>\n<\/div>\n<p>[\/et_pb_text][\/et_pb_column][\/et_pb_row][\/et_pb_section]<\/p>\n","protected":false},"excerpt":{"rendered":"<p>DISSEMINATION Lecture Designing for the absence of memory\u00a0given at State Reference Center for the Care of People with Alzheimer&#8217;s Disease and other Dementias (CREA) IMSERSO Spanish GovernmentLatest events and scientific activities &nbsp; 2024. Healthy Architecture &amp; City has presented a smart home prototype for people with cognitive impairment at TECNOSOCIAL 2024 2024. Conference: FORTMED 2024, [&hellip;]<\/p>\n","protected":false},"author":2,"featured_media":0,"parent":0,"menu_order":0,"comment_status":"closed","ping_status":"closed","template":"","meta":{"_et_pb_use_builder":"on","_et_pb_old_content":"<p>[et_pb_section bb_built=\"1\"][et_pb_row _builder_version=\"3.0.89\"][et_pb_column type=\"4_4\"][et_pb_text _builder_version=\"3.0.89\" background_layout=\"light\"]<\/p><h3 style=\"text-align: center;\"><strong>Difusi\u00f3n<\/strong><\/h3><p>[\/et_pb_text][\/et_pb_column][\/et_pb_row][et_pb_row _builder_version=\"3.0.89\" width_unit=\"off\" use_custom_gutter=\"on\" gutter_width=\"2\"][et_pb_column type=\"1_2\"][et_pb_image _builder_version=\"3.0.89\" src=\"https:\/\/grupo.us.es\/hac\/wp-content\/uploads\/2018\/03\/1.4.1_Confererncia-CREA-Salamanca.jpg\" show_in_lightbox=\"off\" url_new_window=\"on\" use_overlay=\"off\" always_center_on_mobile=\"on\" force_fullwidth=\"off\" show_bottom_space=\"on\" align=\"right\" custom_padding=\"10px|||\" url=\"https:\/\/youtu.be\/p4EJmc0cJiM\" \/][et_pb_text _builder_version=\"3.0.89\" background_layout=\"light\" custom_padding=\"15px|||\"]<\/p><p>\u00a0<\/p><h4><span style=\"color: #333333;\"><strong>Blogs de inter\u00e9s<\/strong><\/span><\/h4><p>\u00a0<\/p><p><a href=\"https:\/\/blogcrea.imserso.es\/\"><span style=\"color: #333333;\"><strong><span style=\"color: #808080;\">Centro Referencia Estatal Alzheimer (CREA)<\/span><\/strong><span style=\"color: #808080;\">\u00a0 IMSERSO<\/span><\/span><\/a><\/p><p><span style=\"color: #808080;\"><strong><a style=\"color: #808080;\" href=\"https:\/\/santiagoquesada.blogspot.com.es\/\">Nosotros y ella, la arquitectura<\/a><\/strong><\/span><\/p><p>\u00a0<\/p><h4><span style=\"color: #808080;\"><span style=\"color: #333333;\"><strong>Ultimas aportaciones <\/strong><\/span>del grupo de investigaci\u00f3n<span style=\"color: #333333;\"><strong> HAC<\/strong><\/span><\/span><\/h4><h4>\u00a0<\/h4><h4>\u00a0<\/h4><h4><span style=\"color: #808080;\"><b>Libros\u00a0<\/b><\/span><\/h4><p><span style=\"color: #808080;\"><a style=\"color: #808080;\" href=\"https:\/\/idus.us.es\/xmlui\/handle\/11441\/70199\" target=\"_blank\" rel=\"noopener\" data-content=\"https:\/\/santiagoquesada.blogspot.com.es\/2015\/04\/la-memoria-como-construccion-del-sujeto.html\" data-type=\"external\"><strong><span style=\"color: #333333;\">2018<\/span><\/strong><span style=\"color: #333333;\">.<\/span><\/a><span style=\"color: #333333;\"><em><a style=\"color: #333333;\" href=\"https:\/\/idus.us.es\/xmlui\/handle\/11441\/70199\" target=\"_blank\" rel=\"noopener\" data-content=\"https:\/\/santiagoquesada.blogspot.com.es\/2015\/04\/la-memoria-como-construccion-del-sujeto.html\" data-type=\"external\"> Arquitectura y alzh\u00e9imer. 12 nuevos edificios para necesidades emergentes<\/a><\/em><\/span><\/span><\/p><h4><span style=\"color: #808080;\">\u00a0<\/span><\/h4><h4><span style=\"color: #808080;\"><b>Art\u00edculos<\/b><\/span><\/h4><p class=\"simple-item-view-title\"><span style=\"color: #808080;\"><a style=\"color: #808080;\" href=\"https:\/\/revistas.ucm.es\/index.php\/ARIS\/article\/view\/54602\"><strong><span style=\"color: #333333;\">2017<\/span><\/strong><span style=\"color: #333333;\">. Proyectar<em> espacios para habitantes con alzh\u00e9imer, una visi\u00f3n desde la arquitectura<\/em><\/span><\/a><\/span><\/p><p><span style=\"color: #333333;\"><a style=\"color: #333333;\" href=\"https:\/\/santiagoquesada.blogspot.com.es\/2015\/04\/la-memoria-como-construccion-del-sujeto.html\" target=\"_blank\" rel=\"noopener\" data-content=\"https:\/\/santiagoquesada.blogspot.com.es\/2015\/04\/la-memoria-como-construccion-del-sujeto.html\" data-type=\"external\"><span class=\"color_14\"><strong>2015<\/strong>. <\/span><\/a><em><a style=\"color: #333333;\" href=\"https:\/\/santiagoquesada.blogspot.com.es\/2015\/04\/la-memoria-como-construccion-del-sujeto.html\" target=\"_blank\" rel=\"noopener\" data-content=\"https:\/\/santiagoquesada.blogspot.com.es\/2015\/04\/la-memoria-como-construccion-del-sujeto.html\" data-type=\"external\"><span class=\"color_14\">La memoria como construcci\u00f3n del sujeto<\/span><\/a><\/em><\/span><\/p><p><span style=\"color: #333333;\"><a style=\"color: #333333;\" href=\"https:\/\/santiagoquesada.blogspot.com.es\/2014\/09\/la-arquitectura-de-los-recuerdos_21.html\" target=\"_blank\" rel=\"noopener\" data-content=\"https:\/\/santiagoquesada.blogspot.com.es\/2014\/09\/la-arquitectura-de-los-recuerdos_21.html\" data-type=\"external\"><span class=\"color_14\"><strong>2014<\/strong>. <\/span><\/a><em><a style=\"color: #333333;\" href=\"https:\/\/santiagoquesada.blogspot.com.es\/2014\/09\/la-arquitectura-de-los-recuerdos_21.html\" target=\"_blank\" rel=\"noopener\" data-content=\"https:\/\/santiagoquesada.blogspot.com.es\/2014\/09\/la-arquitectura-de-los-recuerdos_21.html\" data-type=\"external\"><span class=\"color_14\">La arquitectura de los recuerdos<\/span><\/a><\/em><\/span><\/p><h4><span style=\"color: #808080;\">\u00a0<\/span><\/h4><h4><span style=\"color: #808080;\"><strong>Comunicaciones en Congresos, Seminarios, Jornadas<\/strong><\/span><\/h4><p><span style=\"color: #808080;\"><a style=\"color: #808080;\" href=\"https:\/\/santiagoquesada.blogspot.com.es\/2017\/02\/creating-enabling-environments-dementia.html\" target=\"_blank\" rel=\"noopener\" data-content=\"https:\/\/santiagoquesada.blogspot.com.es\/2017\/02\/creating-enabling-environments-dementia.html\" data-type=\"external\"><span class=\"color_14\"><strong><span style=\"color: #333333;\">2017<\/span><\/strong><span style=\"color: #333333;\">. <\/span><\/span><\/a><span style=\"color: #333333;\"><em><a style=\"color: #333333;\" href=\"https:\/\/santiagoquesada.blogspot.com.es\/2017\/02\/creating-enabling-environments-dementia.html\" target=\"_blank\" rel=\"noopener\" data-content=\"https:\/\/santiagoquesada.blogspot.com.es\/2017\/02\/creating-enabling-environments-dementia.html\" data-type=\"external\"><span class=\"color_14\">Creating Enabling Environments: Dementia & Assisted Living<\/span><\/a><a style=\"color: #333333;\" href=\"https:\/\/santiagoquesada.blogspot.com.es\/2017\/02\/creating-enabling-environments-dementia.html\" target=\"_blank\" rel=\"noopener\" data-content=\"https:\/\/santiagoquesada.blogspot.com.es\/2017\/02\/creating-enabling-environments-dementia.html\" data-type=\"external\"><span class=\"color_14\">\u00a0<\/span><\/a><\/em><\/span><\/span><\/p><p><span style=\"color: #333333;\"><a style=\"color: #333333;\" href=\"https:\/\/www.congresonacionaldealzheimer.org\/files\/51\/04\/03\/Ponencia%20Avances%20en%20la%20investigaci\u00f3n%20arquitectonica%20y%20tecnol\u00f3gica%20aplicada%20a%20los%20EA.pdf\"><strong>2017<\/strong>.\u00a0<em>La influencia de la arquitectura y las tecnolog\u00edas en el espacio habitado por el enfermo con Alzheimer<\/em><\/a><\/span><\/p><p><span style=\"color: #333333;\"><a style=\"color: #333333;\" href=\"https:\/\/santiagoquesada.blogspot.com.es\/2016\/09\/architecture-as-creative-practice-to.html\" target=\"_blank\" rel=\"noopener\" data-content=\"https:\/\/santiagoquesada.blogspot.com.es\/2016\/09\/architecture-as-creative-practice-to.html\" data-type=\"external\"><span class=\"color_14\"><strong>2016<\/strong>. <\/span><\/a><em><a style=\"color: #333333;\" href=\"https:\/\/santiagoquesada.blogspot.com.es\/2016\/09\/architecture-as-creative-practice-to.html\" target=\"_blank\" rel=\"noopener\" data-content=\"https:\/\/santiagoquesada.blogspot.com.es\/2016\/09\/architecture-as-creative-practice-to.html\" data-type=\"external\"><span class=\"color_14\">Architecture as a practice to improve living conditions of inhabitants with Alzheimer's disease<\/span><\/a><\/em><\/span><\/p><h4><span style=\"color: #808080;\">\u00a0<\/span><\/h4><h4><span style=\"color: #808080;\"><strong>P\u00f3sters<\/strong><\/span><\/h4><p><span style=\"color: #808080;\"><a style=\"color: #808080;\" href=\"https:\/\/grupo.us.es\/hac\/wp-content\/uploads\/2018\/02\/Poster-Lisboa.pdf\"><strong><span style=\"color: #333333;\">2017<\/span><\/strong><span style=\"color: #333333;\"><em>. Nuevas t\u00e9cnicas en investigaci\u00f3n arq. para determinar influencia entorno f\u00edsico en las personas con alzh\u00e9imer<\/em><\/span><\/a><\/span><\/p><p><span style=\"color: #333333;\"><a style=\"color: #333333;\" href=\"https:\/\/grupo.us.es\/hac\/wp-content\/uploads\/2018\/02\/P\u00f3ster-V-Conferencia-M\u00e1laga-Alzheimer.pdf\" target=\"_blank\" rel=\"noopener\" data-content=\"https:\/\/santiagoquesada.blogspot.com.es\/2015\/04\/la-memoria-como-construccion-del-sujeto.html\" data-type=\"external\"><strong>2017<\/strong>.<\/a><em>\u00a0<a style=\"color: #333333;\" href=\"https:\/\/grupo.us.es\/hac\/wp-content\/uploads\/2018\/02\/P\u00f3ster-V-Conferencia-M\u00e1laga-Alzheimer.pdf\">Propuesta de nueva tipolog\u00eda arquitect\u00f3nica para enfermos con alzh\u00e9imer: estudio preliminar<\/a><\/em><\/span><\/p><h4><span style=\"color: #808080;\">\u00a0<\/span><\/h4><h4><span style=\"color: #808080;\"><strong>Conferencias<\/strong><\/span><\/h4><p><span style=\"color: #808080;\"><a style=\"color: #808080;\" href=\"https:\/\/youtu.be\/p4EJmc0cJiM\" target=\"_blank\" rel=\"noopener\" data-content=\"https:\/\/santiagoquesada.blogspot.com.es\/2015\/04\/la-memoria-como-construccion-del-sujeto.html\" data-type=\"external\"><strong><span style=\"color: #333333;\">2016<\/span><\/strong><span style=\"color: #333333;\">.<\/span><\/a><span style=\"color: #333333;\"><em><a style=\"color: #333333;\" href=\"https:\/\/youtu.be\/p4EJmc0cJiM\" target=\"_blank\" rel=\"noopener\" data-content=\"https:\/\/santiagoquesada.blogspot.com.es\/2015\/04\/la-memoria-como-construccion-del-sujeto.html\" data-type=\"external\">\u00a0Proyectar para la ausencia de memoria<\/a><\/em><\/span><\/span><\/p><p>[\/et_pb_text][\/et_pb_column][et_pb_column type=\"1_2\"][et_pb_text _builder_version=\"3.0.89\" background_layout=\"light\"]<\/p><p class=\"font_8\" style=\"text-align: justify;\"><strong>Healthy Architecture & City <\/strong>tiene como uno de sus objetivos principales la difusi\u00f3n de las investigaciones que desarrolla. Para ello participa de forma activa en gesti\u00f3n de actividades I+D+i y en la organizaci\u00f3n de actividades y eventos de los que sus miembros son parte activa. El grupo de investigaci\u00f3n realiza la principal divulgaci\u00f3n de los hallazgos de sus investigaciones a trav\u00e9s de libros, art\u00edculos y publicaciones en revistas indexadas, tambi\u00e9n por medio de aportaciones en congresos, jornada y seminarios de prestigio internacional.<\/p><p class=\"font_8\" style=\"text-align: justify;\">La producci\u00f3n cient\u00edfica de sus miembros se encuentra recogida en diferentes bases de datos y repositorios institucionales como <strong><span style=\"color: #808080;\"><a style=\"color: #808080; text-decoration: underline;\" href=\"https:\/\/orcid.org\/\">ORCID<\/a>, <span style=\"text-decoration: underline;\">SCOPUS<\/span>,\u00a0<\/span><\/strong><strong><span style=\"text-decoration: underline;\"><span style=\"color: #808080; text-decoration: underline;\">AVERY<\/span><\/span><span style=\"color: #808080;\">, <\/span><span style=\"text-decoration: underline;\"><span style=\"color: #808080; text-decoration: underline;\">RIBA<\/span><\/span><span style=\"color: #808080;\">, <\/span><\/strong><strong><span style=\"color: #808080;\"><a style=\"color: #808080; text-decoration: underline;\" href=\"https:\/\/dialnet.unirioja.es\/servlet\/autor?codigo=3013446\">DIALNET<\/a>, <a style=\"color: #808080; text-decoration: underline;\" href=\"https:\/\/idus.us.es\/xmlui\/\">IDUS<\/a>. <\/span><\/strong>Las actividades del grupo de investigaci\u00f3n tambi\u00e9n se diseminan a trav\u00e9s de conferencias, seminarios y jornadas de intercambio de investigaci\u00f3n, as\u00ed como en internet en diferentes redes sociales, foros, fundaciones, entidades y asociaciones de usuarios con los que el mismo participa y colabora.<\/p><p class=\"font_8\" style=\"text-align: justify;\">Las aportaciones de los miembros del grupo de investigaci\u00f3n se encuentran recogidas en el <span style=\"color: #808080;\"><a style=\"color: #808080;\" href=\"https:\/\/idus.us.es\/xmlui\/browse?value=Quesada-Garc%C3%ADa%2C+Santiago&type=author\"><strong>repositorio institucional de la Universidad de Sevilla<\/strong>:<\/a><\/span><a href=\"https:\/\/idus.us.es\/xmlui\/browse?value=Quesada-Garc%C3%ADa%2C+Santiago&type=author\"><img class=\"wp-image-893 alignright\" src=\"https:\/\/grupo.us.es\/hac\/wp-content\/uploads\/2018\/02\/IDUS.png\" alt=\"\" width=\"63\" height=\"52\" \/><\/a><\/p><p>\u00a0<\/p><p>\u00a0<\/p><p>[\/et_pb_text][et_pb_image _builder_version=\"3.0.89\" src=\"https:\/\/grupo.us.es\/hac\/wp-content\/uploads\/2018\/03\/1.4.2.jpg\" show_in_lightbox=\"off\" url_new_window=\"on\" use_overlay=\"off\" always_center_on_mobile=\"on\" force_fullwidth=\"off\" show_bottom_space=\"on\" url=\"https:\/\/idus.us.es\/xmlui\/handle\/11441\/70199\" custom_padding=\"40px|||\" \/][et_pb_image _builder_version=\"3.0.89\" src=\"https:\/\/grupo.us.es\/hac\/wp-content\/uploads\/2018\/03\/1.4.-P\u00f3ster-Congreso-Lisboa.jpg\" show_in_lightbox=\"off\" url_new_window=\"off\" use_overlay=\"off\" always_center_on_mobile=\"on\" force_fullwidth=\"off\" show_bottom_space=\"on\" custom_padding=\"30px|||\" \/][\/et_pb_column][\/et_pb_row][et_pb_row][et_pb_column type=\"4_4\"][\/et_pb_column][\/et_pb_row][\/et_pb_section]<\/p>","_et_gb_content_width":"","wpupg_custom_link":[],"wpupg_custom_link_behaviour":["default"],"wpupg_custom_link_nofollow":["default"],"wpupg_custom_image":[],"wpupg_custom_image_id":[],"footnotes":""},"class_list":["post-1611","page","type-page","status-publish","hentry"],"_links":{"self":[{"href":"https:\/\/grupo.us.es\/hac\/en\/wp-json\/wp\/v2\/pages\/1611","targetHints":{"allow":["GET"]}}],"collection":[{"href":"https:\/\/grupo.us.es\/hac\/en\/wp-json\/wp\/v2\/pages"}],"about":[{"href":"https:\/\/grupo.us.es\/hac\/en\/wp-json\/wp\/v2\/types\/page"}],"author":[{"embeddable":true,"href":"https:\/\/grupo.us.es\/hac\/en\/wp-json\/wp\/v2\/users\/2"}],"replies":[{"embeddable":true,"href":"https:\/\/grupo.us.es\/hac\/en\/wp-json\/wp\/v2\/comments?post=1611"}],"version-history":[{"count":2,"href":"https:\/\/grupo.us.es\/hac\/en\/wp-json\/wp\/v2\/pages\/1611\/revisions"}],"predecessor-version":[{"id":8643,"href":"https:\/\/grupo.us.es\/hac\/en\/wp-json\/wp\/v2\/pages\/1611\/revisions\/8643"}],"wp:attachment":[{"href":"https:\/\/grupo.us.es\/hac\/en\/wp-json\/wp\/v2\/media?parent=1611"}],"curies":[{"name":"wp","href":"https:\/\/api.w.org\/{rel}","templated":true}]}}