{"id":1607,"date":"2018-03-20T15:00:21","date_gmt":"2018-03-20T15:00:21","guid":{"rendered":"http:\/\/grupo.us.es\/hac\/?page_id=1607\/"},"modified":"2024-11-24T20:20:38","modified_gmt":"2024-11-24T20:20:38","slug":"proyectos-i-d-i","status":"publish","type":"page","link":"https:\/\/grupo.us.es\/hac\/en\/what-we-do\/proyectos-i-d-i\/","title":{"rendered":"R&#038;D&#038;I Projects"},"content":{"rendered":"<p>[et_pb_section fb_built=&#8221;1&#8243; _builder_version=&#8221;4.16&#8243; global_colors_info=&#8221;{}&#8221;][et_pb_row _builder_version=&#8221;4.16&#8243; background_size=&#8221;initial&#8221; background_position=&#8221;top_left&#8221; background_repeat=&#8221;repeat&#8221; global_colors_info=&#8221;{}&#8221;][et_pb_column type=&#8221;4_4&#8243; _builder_version=&#8221;4.16&#8243; custom_padding=&#8221;|||&#8221; global_colors_info=&#8221;{}&#8221; custom_padding__hover=&#8221;|||&#8221;][et_pb_text _builder_version=&#8221;4.27.2&#8243; hover_enabled=&#8221;0&#8243; global_colors_info=&#8221;{}&#8221; sticky_enabled=&#8221;0&#8243;]<\/p>\n<h3 style=\"text-align: center;\"><strong>WHAT WE DO<\/strong><\/h3>\n<h4 style=\"text-align: center;\"><strong>PROJECTS, AGREEMENTS AND CONTRACTS<\/strong><\/h4>\n<h3>\u00a0<\/h3>\n<p>&nbsp;<\/p>\n<h3>\u00a0<\/h3>\n<h4><span style=\"color: #808080;\"><b>R&amp;D&amp;I PROJECTS:<\/b><\/span><\/h4>\n<p>&nbsp;<\/p>\n<p>&nbsp;<\/p>\n<p><a href=\"https:\/\/grupo.us.es\/alzarq\/\"><img loading=\"lazy\" decoding=\"async\" class=\"alignleft wp-image-4146\" src=\"https:\/\/grupo.us.es\/hac\/wp-content\/uploads\/2023\/06\/Proyecto-ALZARQ.jpg\" alt=\"\" width=\"426\" height=\"123\" srcset=\"https:\/\/grupo.us.es\/hac\/wp-content\/uploads\/2023\/06\/Proyecto-ALZARQ.jpg 312w, https:\/\/grupo.us.es\/hac\/wp-content\/uploads\/2023\/06\/Proyecto-ALZARQ-300x87.jpg 300w\" sizes=\"(max-width: 426px) 100vw, 426px\" \/><\/a><\/p>\n<p><a href=\"https:\/\/grupo.us.es\/alzarq\/\" target=\"_blank\" rel=\"noopener\"><strong>SPACE,<\/strong> <strong>ENVIRONMENT AND ARCHITECTURAL VARIABLES THAT INFLUENCE THE FUNCTIONAL CAPACITY OF DAILY LIVING IN PEOPLE WITH ALZHEIMER&#8217;S DISEASE.<\/strong> M.R: Santiago Quesada-Garc\u00eda. Code: PID2020-115790RB-I00. Funding: Ministry of Science and Innovation. Programme: R+D+I Projects State Plan 2017-2020 Challenges <\/a><span style=\"color: #808080;\"><span style=\"color: #808080;\"><span style=\"color: #808080;\"><span style=\"color: #00ccff;\"><a style=\"color: #00ccff;\" href=\"https:\/\/grupo.us.es\/alzarq\/\" target=\"_blank\" rel=\"noopener\">(More) <\/a><\/span><\/span><\/span><\/span><strong><a href=\"https:\/\/grupo.us.es\/hac\/diario-de-sevilla-destaca-labor-grupo-investigacion-healthy-architecture-and-city\/\" target=\"_blank\" rel=\"noopener\">PRESS DOSSIER: DISSEMINATION OF RESULTS IN THE MEDIA<\/a><\/strong><img loading=\"lazy\" decoding=\"async\" class=\"wp-image-4333 alignright\" style=\"caret-color: #808080; color: #808080;\" src=\"https:\/\/grupo.us.es\/hac\/wp-content\/uploads\/2023\/06\/micin-aei.png\" alt=\"\" width=\"188\" height=\"63\" \/><\/p>\n<p>&nbsp;<\/p>\n<p>&nbsp;<\/p>\n<p>&nbsp;<\/p>\n<p><a href=\"https:\/\/grupo.us.es\/proyectodeter\/\" target=\"_blank\" rel=\"noopener\"><strong><img loading=\"lazy\" decoding=\"async\" class=\"wp-image-4147 alignleft\" src=\"https:\/\/grupo.us.es\/hac\/wp-content\/uploads\/2023\/06\/proyecto-DETER.jpg\" alt=\"\" width=\"420\" height=\"123\" srcset=\"https:\/\/grupo.us.es\/hac\/wp-content\/uploads\/2023\/06\/proyecto-DETER.jpg 307w, https:\/\/grupo.us.es\/hac\/wp-content\/uploads\/2023\/06\/proyecto-DETER-300x88.jpg 300w\" sizes=\"(max-width: 420px) 100vw, 420px\" \/>IDENTIFICATION OF SPACE, ENVIRONMENT, AND ARCHITECTURAL VARIABLES THAT IMPACT THE INSTRUMENTAL ACTIVITIES OF THE DAILY LIFE OF THE ALZHEIMER&#8217;S DISEASE PATIENT<\/strong>. M.R: Santiago Quesada-Garc\u00eda and Jos\u00e9 Pablo Lara Mu\u00f1oz. Code: US-1381654. Funding: Junta de Andaluc\u00eda. ERDF-FEDER 2014-2020 Operational Programme <\/a><span style=\"color: #808080;\"><span style=\"color: #808080;\"><span style=\"color: #00ccff;\"><a style=\"color: #00ccff;\" href=\"https:\/\/grupo.us.es\/proyectodeter\/\" target=\"_blank\" rel=\"noopener\">(More)<\/a><\/span><\/span><\/span><span style=\"color: #808080;\"><img loading=\"lazy\" decoding=\"async\" class=\"wp-image-4335 alignright\" src=\"https:\/\/grupo.us.es\/hac\/wp-content\/uploads\/2023\/06\/ceceu-300x139.png\" alt=\"\" width=\"259\" height=\"120\" srcset=\"https:\/\/grupo.us.es\/hac\/wp-content\/uploads\/2023\/06\/ceceu-300x139.png 300w, https:\/\/grupo.us.es\/hac\/wp-content\/uploads\/2023\/06\/ceceu.png 400w\" sizes=\"(max-width: 259px) 100vw, 259px\" \/><\/span><\/p>\n<p>&nbsp;<\/p>\n<p>&nbsp;<\/p>\n<p>&nbsp;<\/p>\n<p>&nbsp;<\/p>\n<p><a href=\"https:\/\/grupo.us.es\/hac\/en\/dissemination\/proyectosegura\/\"><img loading=\"lazy\" decoding=\"async\" class=\"alignleft wp-image-4552\" src=\"https:\/\/grupo.us.es\/hac\/wp-content\/uploads\/2023\/06\/Logo-ProyectoSegura-1024x149.jpg\" alt=\"\" width=\"557\" height=\"81\" srcset=\"https:\/\/grupo.us.es\/hac\/wp-content\/uploads\/2023\/06\/Logo-ProyectoSegura-1024x149.jpg 1024w, https:\/\/grupo.us.es\/hac\/wp-content\/uploads\/2023\/06\/Logo-ProyectoSegura-300x44.jpg 300w, https:\/\/grupo.us.es\/hac\/wp-content\/uploads\/2023\/06\/Logo-ProyectoSegura-768x112.jpg 768w, https:\/\/grupo.us.es\/hac\/wp-content\/uploads\/2023\/06\/Logo-ProyectoSegura-1536x224.jpg 1536w, https:\/\/grupo.us.es\/hac\/wp-content\/uploads\/2023\/06\/Logo-ProyectoSegura-1080x158.jpg 1080w, https:\/\/grupo.us.es\/hac\/wp-content\/uploads\/2023\/06\/Logo-ProyectoSegura.jpg 1610w\" sizes=\"(max-width: 557px) 100vw, 557px\" \/><\/a><a href=\"https:\/\/grupo.us.es\/hac\/en\/dissemination\/proyectosegura\/\" target=\"_blank\" rel=\"noopener\">#Proyecto<b>Segura. THE TOWERS SYSTEM OF MEDIEVAL ISLAMIC ORIGIN IN SEGURA DE LA SIERRA, SETTLEMENT, CONSTRUCTIVE TECHNIQUES AND RESTORATION OF RAMMED EARTH<\/b><\/a><a href=\"https:\/\/grupo.us.es\/hac\/en\/dissemination\/proyectosegura\/\" target=\"_blank\" rel=\"noopener\"><span style=\"font-weight: 400;\">. M.R: Santiago Quesada-Garc\u00eda. Code: HAR2014-53866-R. Ministry of Economy and Competitiveness. Funding programme: R&amp;D&amp;I Projects of the Programme of Research, Development and Innovation oriented towards the Challenges of Society <\/span><\/a><span style=\"color: #00ccff;\"><span style=\"color: #00ccff;\"><a style=\"color: #00ccff;\" href=\"https:\/\/grupo.us.es\/hac\/en\/proyectosegura\/\" target=\"_blank\" rel=\"noopener\">(More)<\/a><\/span><\/span><span style=\"color: #808080;\"><img loading=\"lazy\" decoding=\"async\" class=\"wp-image-233 alignright\" src=\"https:\/\/grupo.us.es\/hac\/wp-content\/uploads\/2017\/11\/logo-vector-ministerio-de-economia-industria-y-competitividad-300x81.jpg\" alt=\"\" width=\"226\" height=\"61\" srcset=\"https:\/\/grupo.us.es\/hac\/wp-content\/uploads\/2017\/11\/logo-vector-ministerio-de-economia-industria-y-competitividad-300x81.jpg 300w, https:\/\/grupo.us.es\/hac\/wp-content\/uploads\/2017\/11\/logo-vector-ministerio-de-economia-industria-y-competitividad.jpg 482w\" sizes=\"(max-width: 226px) 100vw, 226px\" \/><b><\/b><\/span><\/p>\n<p>&nbsp;<\/p>\n<p>&nbsp;<\/p>\n<p>&nbsp;<\/p>\n<ul>\n<li><span style=\"color: #333333;\"><b>THE CONSTRUCTION OF A LANDSCAPE WITH &#8216;<em>TAPIAL<\/em>&#8216; ARCHITECTURE. <\/b>M.R: Santiago Quesada-Garc\u00eda. Funding: University of Malaga. Pre-competitive research project. Funding programme: UMA Research Plan<\/span><\/li>\n<\/ul>\n<p>&nbsp;<\/p>\n<ul>\n<li><span style=\"color: #333333;\"><b>CONFERENCE ON ARCHITECTURE, SUSTAINABILITY, AND NEW TECHNOLOGIES. <\/b>M.R: Santiago Quesada-Garc\u00eda. (03\/11\/2011-10\/11\/2012) Code: EDU2011-15190-E. Funding: Ministry of Economy and Competitiveness, Programme: Complementary Actions to Fundamental Research Projects Not Oriented.\u00a0<\/span><\/li>\n<\/ul>\n<p>&nbsp;<\/p>\n<h4>\u00a0<\/h4>\n<p>&nbsp;<\/p>\n<h4><span style=\"color: #808080;\"><b>CONTRACTS 68\/83:<\/b><\/span><\/h4>\n<p>&nbsp;<\/p>\n<ul>\n<li><span style=\"color: #808080;\"><a href=\"http:\/\/www.fastrack.es\/\" target=\"_blank\" rel=\"noopener\"><b>FASTRACK. NEW BALLASTLESS TRACK SYSTEM FOR HIGH SPEED, SUSTAINBLE AND RESPECTFUL OF THE ENVIRONMENT.<\/b><span style=\"font-weight: 400;\"> M.R.<\/span><span style=\"font-weight: 400;\">:<\/span> <\/a><span style=\"font-weight: 400;\"><a href=\"http:\/\/www.fastrack.es\/\" target=\"_blank\" rel=\"noopener\">Joaquin P\u00e9rez-Romero. Code: 8.06\/3.14.4099. Ministry of the Economy and Competitiveness. Funding programme: FEDER-INNTERCONECTA\u00a0<\/a><span style=\"color: #00ccff;\"><a style=\"color: #00ccff;\" href=\"http:\/\/www.fastrack.es\/antecedentes\/\" target=\"_blank\" rel=\"noopener\">(More)<\/a><\/span><\/span><\/span><\/li>\n<\/ul>\n<h4>\u00a0<\/h4>\n<h4>\u00a0<\/h4>\n<p>&nbsp;<\/p>\n<p>&nbsp;<\/p>\n<h4><span style=\"color: #808080;\"><b>ORGANISATION OF I&amp;D ACTIVITIES:<\/b><\/span><\/h4>\n<p>&nbsp;<\/p>\n<ul>\n<li><a href=\"http:\/\/grupo.us.es\/hac\/wp-content\/uploads\/2018\/09\/La-ciudad-y-la-arquitectura-de-los-museos_DEF.pdf\" target=\"_blank\" rel=\"noopener\"><b>THE CITY AND THE ARCHITECTURE OF MUSEUMS.<\/b><\/a><span style=\"font-weight: 400;\"> Director: Santiago Quesada-Garc\u00eda. Pompidou Centre and C\u00e1tedra UNESCO. M\u00c1LAGA.\u00a0<\/span><span style=\"color: #00ccff;\"><a style=\"color: #00ccff;\" href=\"http:\/\/grupo.us.es\/hac\/wp-content\/uploads\/2018\/09\/La-ciudad-y-la-arquitectura-de-los-museos_DEF.pdf\" target=\"_blank\" rel=\"noopener\"><span style=\"font-weight: 400;\">(More)<\/span><\/a><\/span><\/li>\n<\/ul>\n<p>&nbsp;<\/p>\n<ul>\n<li><a href=\"http:\/\/santiagoquesada.com\/EAM\/pensamiento.html\" target=\"_blank\" rel=\"noopener\"><b>THE CONSTRUCTION OF THOUGHT OVER THE LAST DECADE\u00a0<\/b>(cycle of lectures)<b>.\u00a0<\/b><span style=\"font-weight: 400;\">Director: Santiago Quesada-Garc\u00eda. University of Malaga. M\u00c1LAGA.<\/span><\/a><span style=\"color: #808080;\"><a style=\"color: #808080;\" href=\"http:\/\/santiagoquesada.com\/EAM\/pensamiento.html\" target=\"_blank\" rel=\"noopener\"><span style=\"font-weight: 400;\">\u00a0<span style=\"color: #00ccff;\">(More)<\/span><\/span><\/a><\/span><\/li>\n<\/ul>\n<p>&nbsp;<\/p>\n<ul>\n<li><a href=\"http:\/\/www.docomomoiberico.com\/index.php?option=com_content&amp;view=article&amp;id=80:viii-congreso-docomomo-iberico&amp;catid=38&amp;Itemid=56&amp;lang=es\" target=\"_blank\" rel=\"noopener\"><b>ARCHITECTURE OF THE MODERN MOVEMENT AND EDUCATION. 8th IBERIAN DOCOMOMO CONFERENCE<\/b><b>.\u00a0<\/b><span style=\"font-weight: 400;\">Co-director: Santiago Quesada-Garc\u00eda. Iberian DoCoMoMo \/ Spanish Institute of Historical Heritage \/ Andalusian Heritage Institute \/ University of Malaga. M\u00c1LAGA.<\/span><\/a><span style=\"color: #00ccff;\"><a style=\"color: #00ccff;\" href=\"http:\/\/www.docomomoiberico.com\/index.php?option=com_content&amp;view=article&amp;id=80:viii-congreso-docomomo-iberico&amp;catid=38&amp;Itemid=56&amp;lang=es\" target=\"_blank\" rel=\"noopener\"><span style=\"font-weight: 400;\">\u00a0(More)<\/span><\/a><\/span><\/li>\n<\/ul>\n<p>[\/et_pb_text][et_pb_image src=&#8221;http:\/\/grupo.us.es\/hac\/wp-content\/uploads\/2018\/03\/Proyectos-IDi.jpg&#8221; url=&#8221;http:\/\/santiagoquesada.com\/EAM\/pensamiento.html&#8221; url_new_window=&#8221;on&#8221; align_tablet=&#8221;center&#8221; align_phone=&#8221;center&#8221; align_last_edited=&#8221;on|desktop&#8221; _builder_version=&#8221;4.16&#8243; always_center_on_mobile=&#8221;on&#8221; global_colors_info=&#8221;{}&#8221;][\/et_pb_image][\/et_pb_column][\/et_pb_row][et_pb_row _builder_version=&#8221;4.16&#8243; background_size=&#8221;initial&#8221; background_position=&#8221;top_left&#8221; background_repeat=&#8221;repeat&#8221; global_colors_info=&#8221;{}&#8221;][et_pb_column type=&#8221;4_4&#8243; _builder_version=&#8221;4.16&#8243; custom_padding=&#8221;|||&#8221; global_colors_info=&#8221;{}&#8221; custom_padding__hover=&#8221;|||&#8221;][et_pb_text _builder_version=&#8221;4.16&#8243; global_colors_info=&#8221;{}&#8221;]&nbsp;<\/p>\n<h1 style=\"text-align: center;\"><a href=\"https:\/\/grupo.us.es\/hac\/en\/what-we-do\/\"><span style=\"font-size: 52pt;\">\u00ab<\/span><\/a><\/h1>\n<p>&nbsp;<br \/>\n[\/et_pb_text][\/et_pb_column][\/et_pb_row][\/et_pb_section][et_pb_section fb_built=&#8221;1&#8243; theme_builder_area=&#8221;post_content&#8221; _builder_version=&#8221;4.27.2&#8243; _module_preset=&#8221;default&#8221;][et_pb_row _builder_version=&#8221;4.27.2&#8243; _module_preset=&#8221;default&#8221; theme_builder_area=&#8221;post_content&#8221;][et_pb_column _builder_version=&#8221;4.27.2&#8243; _module_preset=&#8221;default&#8221; theme_builder_area=&#8221;post_content&#8221; type=&#8221;4_4&#8243;][et_pb_image _builder_version=&#8221;4.27.2&#8243; _module_preset=&#8221;default&#8221; src=&#8221;https:\/\/grupo.us.es\/hac\/wp-content\/uploads\/2024\/11\/image.png&#8221; theme_builder_area=&#8221;post_content&#8221; hover_enabled=&#8221;0&#8243; sticky_enabled=&#8221;0&#8243;][\/et_pb_image][\/et_pb_column][\/et_pb_row][\/et_pb_section]<\/p>\n","protected":false},"excerpt":{"rendered":"<p>WHAT WE DO PROJECTS, AGREEMENTS AND CONTRACTS \u00a0 &nbsp; \u00a0 R&amp;D&amp;I PROJECTS: &nbsp; &nbsp; SPACE, ENVIRONMENT AND ARCHITECTURAL VARIABLES THAT INFLUENCE THE FUNCTIONAL CAPACITY OF DAILY LIVING IN PEOPLE WITH ALZHEIMER&#8217;S DISEASE. M.R: Santiago Quesada-Garc\u00eda. Code: PID2020-115790RB-I00. Funding: Ministry of Science and Innovation. Programme: R+D+I Projects State Plan 2017-2020 Challenges (More) PRESS DOSSIER: DISSEMINATION OF [&hellip;]<\/p>\n","protected":false},"author":2,"featured_media":0,"parent":1569,"menu_order":0,"comment_status":"closed","ping_status":"closed","template":"","meta":{"_et_pb_use_builder":"on","_et_pb_old_content":"<p>[et_pb_section bb_built=\"1\"][et_pb_row][et_pb_column type=\"4_4\"][et_pb_text _builder_version=\"3.0.89\" background_layout=\"light\"]<\/p><h3><b>PROYECTOS, CONVENIOS Y CONTRATOS<\/b><\/h3><h3>\u00a0<\/h3><h3>\u00a0<\/h3><h3><span style=\"font-size: 14pt; color: #808080;\"><strong>PROYECTOS \u00a0I + D + i :<\/strong><\/span><\/h3><p><a href=\"https:\/\/youtu.be\/I6kShU0ckQM\"><span style=\"color: #333333;\"><span style=\"color: #808080;\"><strong>EL SISTEMA DE TORRES DE ORIGEN MEDIEVAL ISL\u00c1MICO EN SEGURA DE LA SIERRA, IMPLANTACI\u00d3N, T\u00c9CNICAS CONSTRUCTIVAS Y RESTAURACI\u00d3N DEL TAPIAL<\/strong><\/span>.\u00a0<\/span><span style=\"color: #808080;\">I.P.: Santiago Quesada-Garc\u00eda.\u00a0<img class=\"wp-image-233 alignright\" src=\"https:\/\/grupo.us.es\/hac\/wp-content\/uploads\/2017\/11\/logo-vector-ministerio-de-economia-industria-y-competitividad-300x81.jpg\" alt=\"\" width=\"197\" height=\"53\" \/>C\u00f3digo: HAR2014-53866-R. Entidad financiadora: Ministerio de Econom\u00eda y Competitividad. Programa financiador: Proyectos de I+D+i del Programa estatal de Investigaci\u00f3n, Desarrollo e Innovaci\u00f3n orientada a los Retos de la Sociedad<\/span><\/a><\/p><p><span style=\"color: #333333;\"><strong><span style=\"color: #808080;\">LA CONSTRUCCION DE UN PAISAJE CON LA ARQUITECTURA DE TAPIAL.<\/span><\/strong>\u00a0<\/span>I.P.: Santiago Quesada-Garc\u00eda. Entidad financiadora: Universidad de M\u00e1laga. Proyecto de investigaci\u00f3n pre-competitivo. Programa financiador: Plan Propio investigaci\u00f3n UMA<\/p><p><span style=\"color: #333333;\"><strong><span style=\"color: #808080;\">JORNADAS SOBRE ARQUITECTURA, SOSTENIBILIDAD Y NUEVAS TECNOLOGIAS.<\/span><\/strong>\u00a0<\/span>I.P.: Santiago Quesada-Garc\u00eda. (03\/11\/2011-10\/11\/2012) C\u00f3digo: EDU2011-15190-E. Entidad financiadora: Ministerio de Econom\u00eda y Competitividad. Programa financiador: Acciones complementarias a Proyectos de Investigaci\u00f3n fundamental no orientadas<\/p><p>\u00a0<\/p><p><span style=\"font-size: 14pt; color: #808080;\"><strong>CONTRATOS 68\/83 :<\/strong><\/span><\/p><p><span style=\"color: #333333;\"><span style=\"color: #808080;\"><strong>FASTRACK. NUEVO SISTEMA DE VIA EN PLACA PARA ALTA VELOCIDAD SOSTENIBLE Y RESPETUOSO CON EL MEDIO AMBIENTE.<\/strong><\/span>\u00a0<\/span>I.P.: Joaqu\u00edn P\u00e9rez-Romero. C\u00f3digo: 8.06\/3.14.4099. Entidad financiadora: Ministerio de Econom\u00eda y Competitividad. Programa financiador: FEDER-INNTERCONECTA<\/p><p>\u00a0<\/p><p><span style=\"font-size: 14pt; color: #808080;\"><strong>ORGANIZACI\u00d3N DE ACTIVIDADES DE I + D :<\/strong><\/span><\/p><p><strong><span style=\"color: #808080;\">LA CIUDAD Y LA ARQUITECTURA DE LOS MUSEOS.\u00a0<\/span><\/strong>Director: Santiago Quesada-Garc\u00eda. Entidad: Centre Pompidou y C\u00e1tedra UNESCO. M\u00e1laga. \u00c1mbito: Internacional<\/p><p><span style=\"color: #333333;\"><strong><span style=\"color: #808080;\">LA CONSTRUCCION DEL PENSAMIENTO EN LA ULTIMA DECADA. CICLO DE CONFERENCIAS.<\/span><\/strong>\u00a0<\/span>Director: Santiago Quesada-Garc\u00eda. Entidad: Universidad de M\u00e1laga. \u00c1mbito: Nacional<\/p><p><span style=\"color: #333333;\"><strong><span style=\"color: #808080;\">LA ARQUITECTURA DEL MOVIMIENTO MODERNO Y LA EDUCACION. VIII DOCOMOMO IBERICO<\/span><\/strong>.\u00a0<\/span>Co-director: Santiago Quesada-Garc\u00eda. Entidad: DoCoMoMo Ib\u00e9rico \/ Instituto Espa\u00f1ol de Patrimonio Hist\u00f3rico \/ Instituto Andaluz de Patrimonio \/ Universidad de M\u00e1laga. \u00c1mbito: Internacional<\/p><p>[\/et_pb_text][et_pb_image _builder_version=\"3.0.89\" src=\"https:\/\/grupo.us.es\/hac\/wp-content\/uploads\/2018\/03\/Proyectos-IDi.jpg\" show_in_lightbox=\"off\" url_new_window=\"off\" use_overlay=\"off\" always_center_on_mobile=\"on\" force_fullwidth=\"off\" show_bottom_space=\"on\" \/][\/et_pb_column][\/et_pb_row][et_pb_row][et_pb_column type=\"4_4\"][et_pb_text _builder_version=\"3.0.89\" background_layout=\"light\"]<\/p><h1 style=\"text-align: center;\"><a href=\"https:\/\/grupo.us.es\/hac\/que-hacemos\/\"><span style=\"font-size: 52pt;\">\u00ab<\/span><\/a><\/h1><p>[\/et_pb_text][\/et_pb_column][\/et_pb_row][\/et_pb_section]<\/p>","_et_gb_content_width":"","wpupg_custom_link":[],"wpupg_custom_link_behaviour":["default"],"wpupg_custom_link_nofollow":["default"],"wpupg_custom_image":[],"wpupg_custom_image_id":[],"footnotes":""},"class_list":["post-1607","page","type-page","status-publish","hentry"],"_links":{"self":[{"href":"https:\/\/grupo.us.es\/hac\/en\/wp-json\/wp\/v2\/pages\/1607","targetHints":{"allow":["GET"]}}],"collection":[{"href":"https:\/\/grupo.us.es\/hac\/en\/wp-json\/wp\/v2\/pages"}],"about":[{"href":"https:\/\/grupo.us.es\/hac\/en\/wp-json\/wp\/v2\/types\/page"}],"author":[{"embeddable":true,"href":"https:\/\/grupo.us.es\/hac\/en\/wp-json\/wp\/v2\/users\/2"}],"replies":[{"embeddable":true,"href":"https:\/\/grupo.us.es\/hac\/en\/wp-json\/wp\/v2\/comments?post=1607"}],"version-history":[{"count":2,"href":"https:\/\/grupo.us.es\/hac\/en\/wp-json\/wp\/v2\/pages\/1607\/revisions"}],"predecessor-version":[{"id":8822,"href":"https:\/\/grupo.us.es\/hac\/en\/wp-json\/wp\/v2\/pages\/1607\/revisions\/8822"}],"up":[{"embeddable":true,"href":"https:\/\/grupo.us.es\/hac\/en\/wp-json\/wp\/v2\/pages\/1569"}],"wp:attachment":[{"href":"https:\/\/grupo.us.es\/hac\/en\/wp-json\/wp\/v2\/media?parent=1607"}],"curies":[{"name":"wp","href":"https:\/\/api.w.org\/{rel}","templated":true}]}}