{"id":1590,"date":"2018-03-20T14:29:38","date_gmt":"2018-03-20T14:29:38","guid":{"rendered":"http:\/\/grupo.us.es\/hac\/?page_id=1590\/"},"modified":"2023-08-13T18:18:37","modified_gmt":"2023-08-13T18:18:37","slug":"monitoring","status":"publish","type":"page","link":"https:\/\/grupo.us.es\/hac\/en\/what-we-do\/monitoring\/","title":{"rendered":"Monitoring healthy architectural and urban data"},"content":{"rendered":"<p>[et_pb_section bb_built=&#8221;1&#8243;][et_pb_row _builder_version=&#8221;3.0.89&#8243;][et_pb_column type=&#8221;4_4&#8243;][et_pb_text _builder_version=&#8221;3.0.89&#8243; background_layout=&#8221;light&#8221;]<\/p>\n<h3 style=\"text-align: center;\"><strong>WHAT WE DO<\/strong><\/h3>\n<h4 style=\"text-align: center;\"><strong>MONITORING, MEASURING AND COMPARING<br \/>\nHEALTHY ARCHITECTURAL AND URBAN DATA<\/strong><\/h4>\n<p>&nbsp;<\/p>\n<p>[\/et_pb_text][\/et_pb_column][\/et_pb_row][et_pb_row _builder_version=&#8221;3.0.89&#8243; width_unit=&#8221;off&#8221; use_custom_gutter=&#8221;on&#8221; gutter_width=&#8221;2&#8243;][et_pb_column type=&#8221;1_2&#8243;][et_pb_image _builder_version=&#8221;3.0.89&#8243; src=&#8221;http:\/\/grupo.us.es\/hac\/wp-content\/uploads\/2018\/01\/3806e1_dca5b2a0639447c480230f6ac6a43752_mv2.png&#8221; show_in_lightbox=&#8221;off&#8221; url_new_window=&#8221;off&#8221; use_overlay=&#8221;off&#8221; always_center_on_mobile=&#8221;on&#8221; force_fullwidth=&#8221;off&#8221; show_bottom_space=&#8221;on&#8221; align=&#8221;right&#8221; custom_padding=&#8221;10px|||&#8221; \/][\/et_pb_column][et_pb_column type=&#8221;1_2&#8243;][et_pb_text _builder_version=&#8221;3.0.89&#8243; background_layout=&#8221;light&#8221;]<\/p>\n<p>&nbsp;<\/p>\n<p><span style=\"font-weight: 400;\">The possibility of formatting architectural data allows for the verification of its viability. However, this data already indicates other special, formal and useful relationships from different perspectives.<\/span><\/p>\n<p><span style=\"font-weight: 400;\">The formation of the design using the special statistical data and its contexts, its layout, and the contemporary design process limitations, allows for the understanding and use of this new, highly informed reality. By simulating project scenes, one could respond to present and future needs, values and behaviours.<\/span><\/p>\n<p><span style=\"font-weight: 400;\">This new exploration can be a provocation or an experiment that promotes the redesign, or at least questioning, of the architectural discipline and shows the limited role that architectural design plays from the traditional point of view. In this context, such planning also allows for the use of that highly informed reality to respond to needs, values and behaviours by simulating project scenes through the use of data to generate alternative architectural and urban forms and help with their management and planning.<\/span><\/p>\n<p>&nbsp;<\/p>\n<p>[\/et_pb_text][\/et_pb_column][\/et_pb_row][et_pb_row][et_pb_column type=&#8221;4_4&#8243;][et_pb_text _builder_version=&#8221;3.0.89&#8243; background_layout=&#8221;light&#8221;]<\/p>\n<p>&nbsp;<\/p>\n<h1 style=\"text-align: center;\"><a href=\"https:\/\/grupo.us.es\/hac\/en\/what-we-research\/\"><span style=\"font-size: 52pt;\">\u00ab<\/span><\/a><\/h1>\n<p>&nbsp;<\/p>\n<p>[\/et_pb_text][\/et_pb_column][\/et_pb_row][\/et_pb_section]<\/p>\n","protected":false},"excerpt":{"rendered":"<p>WHAT WE DO MONITORING, MEASURING AND COMPARING HEALTHY ARCHITECTURAL AND URBAN DATA &nbsp; &nbsp; The possibility of formatting architectural data allows for the verification of its viability. However, this data already indicates other special, formal and useful relationships from different perspectives. The formation of the design using the special statistical data and its contexts, its [&hellip;]<\/p>\n","protected":false},"author":2,"featured_media":0,"parent":1569,"menu_order":0,"comment_status":"closed","ping_status":"closed","template":"","meta":{"_et_pb_use_builder":"on","_et_pb_old_content":"<p>[et_pb_section bb_built=\"1\"][et_pb_row _builder_version=\"3.0.89\"][et_pb_column type=\"4_4\"][et_pb_text _builder_version=\"3.0.89\" background_layout=\"light\"]<\/p><h3 style=\"text-align: center;\"><strong>MONITORIZACI\u00d3N<\/strong><\/h3><p>[\/et_pb_text][\/et_pb_column][\/et_pb_row][et_pb_row _builder_version=\"3.0.89\" width_unit=\"off\" use_custom_gutter=\"on\" gutter_width=\"2\"][et_pb_column type=\"1_2\"][et_pb_image _builder_version=\"3.0.89\" src=\"http:\/\/grupo.us.es\/hac\/wp-content\/uploads\/2018\/01\/3806e1_dca5b2a0639447c480230f6ac6a43752_mv2.png\" show_in_lightbox=\"off\" url_new_window=\"off\" use_overlay=\"off\" always_center_on_mobile=\"on\" force_fullwidth=\"off\" show_bottom_space=\"on\" align=\"right\" custom_padding=\"10px|||\" \/][\/et_pb_column][et_pb_column type=\"1_2\"][et_pb_text _builder_version=\"3.0.89\" background_layout=\"light\"]<\/p><p class=\"font_8\" style=\"text-align: justify;\">La posibilidad de parametrizar datos arquitect\u00f3nicos permite verificar la viabilidad de estos. No obstante, estos datos ya tienen en s\u00ed mismos el valor de poder establecer otras relaciones espaciales, formales y de uso desde enfoques distintos.<\/p><p class=\"font_8\" style=\"text-align: justify;\">La conformaci\u00f3n del dise\u00f1o a trav\u00e9s de los datos espaciales estad\u00edsticos, en relaci\u00f3n con los contextos, la diagramaci\u00f3n de estos datos, y las limitaciones que rodean al proceso de dise\u00f1o contempor\u00e1neo, permite entender y aprovechar esa nueva realidad, altamente informada, para responder a necesidades, valores y comportamientos, tanto presentes como futuros, simulando escenarios de proyecto.<\/p><p class=\"font_8\" style=\"text-align: justify;\">Esta nueva exploraci\u00f3n puede significar una provocaci\u00f3n o un experimento que incentive la redefinici\u00f3n, o al menos el cuestionamiento, de la disciplina arquitect\u00f3nica y urban\u00edstica y muestre el papel limitado que desde el punto de vista tradicional juega el dise\u00f1o arquitect\u00f3nico. En este contexto, este planteamiento tambi\u00e9n permite aprovechar esa estrenada realidad, altamente informada, para responder a las necesidades, a valores y comportamientos simulando escenarios de proyecto, mediante la utilizaci\u00f3n de datos, para generar formas urbanas y arquitect\u00f3nicas alternativas y ayudar a su gesti\u00f3n y planificaci\u00f3n.<\/p><p>[\/et_pb_text][\/et_pb_column][\/et_pb_row][et_pb_row][et_pb_column type=\"4_4\"][et_pb_text _builder_version=\"3.0.89\" background_layout=\"light\"]<\/p><h1 style=\"text-align: center;\"><a href=\"http:\/\/grupo.us.es\/hac\/que-investigamos\/\"><span style=\"font-size: 52pt;\">\u00ab<\/span><\/a><\/h1><p>[\/et_pb_text][\/et_pb_column][\/et_pb_row][\/et_pb_section]<\/p>","_et_gb_content_width":"","wpupg_custom_link":[],"wpupg_custom_link_behaviour":["default"],"wpupg_custom_link_nofollow":[],"wpupg_custom_image":[],"wpupg_custom_image_id":[],"footnotes":""},"class_list":["post-1590","page","type-page","status-publish","hentry"],"_links":{"self":[{"href":"https:\/\/grupo.us.es\/hac\/en\/wp-json\/wp\/v2\/pages\/1590","targetHints":{"allow":["GET"]}}],"collection":[{"href":"https:\/\/grupo.us.es\/hac\/en\/wp-json\/wp\/v2\/pages"}],"about":[{"href":"https:\/\/grupo.us.es\/hac\/en\/wp-json\/wp\/v2\/types\/page"}],"author":[{"embeddable":true,"href":"https:\/\/grupo.us.es\/hac\/en\/wp-json\/wp\/v2\/users\/2"}],"replies":[{"embeddable":true,"href":"https:\/\/grupo.us.es\/hac\/en\/wp-json\/wp\/v2\/comments?post=1590"}],"version-history":[{"count":0,"href":"https:\/\/grupo.us.es\/hac\/en\/wp-json\/wp\/v2\/pages\/1590\/revisions"}],"up":[{"embeddable":true,"href":"https:\/\/grupo.us.es\/hac\/en\/wp-json\/wp\/v2\/pages\/1569"}],"wp:attachment":[{"href":"https:\/\/grupo.us.es\/hac\/en\/wp-json\/wp\/v2\/media?parent=1590"}],"curies":[{"name":"wp","href":"https:\/\/api.w.org\/{rel}","templated":true}]}}