{"id":1588,"date":"2018-03-20T14:27:44","date_gmt":"2018-03-20T14:27:44","guid":{"rendered":"http:\/\/grupo.us.es\/hac\/?page_id=1588\/"},"modified":"2023-08-14T08:50:00","modified_gmt":"2023-08-14T08:50:00","slug":"emerging-technologies-in-building","status":"publish","type":"page","link":"https:\/\/grupo.us.es\/hac\/en\/what-we-research\/emerging-technologies-in-building\/","title":{"rendered":"# Emerging healthy technologies"},"content":{"rendered":"<p>[et_pb_section bb_built=&#8221;1&#8243;][et_pb_row _builder_version=&#8221;3.0.89&#8243;][et_pb_column type=&#8221;4_4&#8243;][et_pb_text _builder_version=&#8221;3.0.89&#8243; background_layout=&#8221;light&#8221;]<\/p>\n<p>&nbsp;<\/p>\n<h3 style=\"text-align: center;\"><b>EMERGING HEALTHY TECHNOLOGIES IN BUILDINGS<\/b><\/h3>\n<p>[\/et_pb_text][\/et_pb_column][\/et_pb_row][et_pb_row _builder_version=&#8221;3.0.89&#8243; width_unit=&#8221;off&#8221; use_custom_gutter=&#8221;on&#8221; gutter_width=&#8221;2&#8243;][et_pb_column type=&#8221;1_2&#8243;][et_pb_image _builder_version=&#8221;3.0.89&#8243; src=&#8221;http:\/\/grupo.us.es\/hac\/wp-content\/uploads\/2018\/03\/4.1.5-bis.jpg&#8221; show_in_lightbox=&#8221;off&#8221; url_new_window=&#8221;off&#8221; use_overlay=&#8221;off&#8221; always_center_on_mobile=&#8221;on&#8221; force_fullwidth=&#8221;on&#8221; show_bottom_space=&#8221;on&#8221; align=&#8221;right&#8221; custom_padding=&#8221;10px|||&#8221; \/][\/et_pb_column][et_pb_column type=&#8221;1_2&#8243;][et_pb_text _builder_version=&#8221;3.0.89&#8243; background_layout=&#8221;light&#8221;]<\/p>\n<p>&nbsp;<\/p>\n<p><span style=\"font-weight: 400;\">The constant demand for comfortable, sustainable and energy efficient buildings makes it essential to apply new information and communication technology (ICT) in buildings. This field\u2019s objective is to investigate, explore and transfer knowledge between projects that\u00a0<\/span><b>integrate such technologies in residential (<a href=\"https:\/\/grupo.us.es\/hac\/en\/what-we-do\/smart-house\/\" target=\"_blank\" rel=\"noopener\">Smart House<\/a>), facilities (<a href=\"https:\/\/grupo.us.es\/hac\/en\/what-we-do\/smart-building\/\" target=\"_blank\" rel=\"noopener\">Smart Building<\/a>) and urban (<a href=\"https:\/\/grupo.us.es\/hac\/en\/what-we-do\/smart-city\/\" target=\"_blank\" rel=\"noopener\">Smart City<\/a>)<\/b><span style=\"font-weight: 400;\">\u00a0<\/span><b>environments.<\/b><\/p>\n<p><span style=\"font-weight: 400;\">The first level, <\/span><b><a href=\"https:\/\/grupo.us.es\/hac\/en\/what-we-do\/smart-house\/\" target=\"_blank\" rel=\"noopener\">Smart House<\/a>,<\/b><span style=\"font-weight: 400;\"> focuses on technologies that increase personal autonomy and the ICT that provides people with a functional or cognitive diversity in their domestic environments. At the\u00a0<\/span><a href=\"https:\/\/grupo.us.es\/hac\/en\/what-we-do\/smart-building\/\" target=\"_blank\" rel=\"noopener\"><b>Smart Building<\/b><\/a><span style=\"font-weight: 400;\"> level, researchers seek energy efficient technological solutions to renovate and rehabilitate buildings. Lastly, researchers at the <\/span><a href=\"https:\/\/grupo.us.es\/hac\/en\/what-we-do\/smart-city\/\" target=\"_blank\" rel=\"noopener\"><b>Smart City<\/b><\/a><span style=\"font-weight: 400;\"> level study and analyse a new city paradigm based on data systems that construct networks to create better managed, balanced and efficient cities.<\/span><\/p>\n<p><span style=\"font-weight: 400;\">With this line of research, the <strong>Healthy Architecture &amp; City<\/strong> group aligns itself with one of the <a href=\"https:\/\/grupo.us.es\/hac\/en\/home\/ket\/\" target=\"_blank\" rel=\"noopener\"><strong>Essential Enabling Technologies (TEF)<\/strong> <\/a>considered a priority by the <strong>EU community research programme<\/strong>.<\/span><\/p>\n<p>[\/et_pb_text][\/et_pb_column][\/et_pb_row][et_pb_row][et_pb_column type=&#8221;4_4&#8243;][et_pb_text _builder_version=&#8221;3.0.89&#8243; background_layout=&#8221;light&#8221;]<\/p>\n<p>&nbsp;<\/p>\n<h1 style=\"text-align: center;\"><a href=\"http:\/\/grupo.us.es\/hac\/\/en\/what-we-research\/\"><span style=\"font-size: 52pt;\">\u00ab<\/span><\/a><\/h1>\n<p>&nbsp;<\/p>\n<p>[\/et_pb_text][\/et_pb_column][\/et_pb_row][\/et_pb_section]<\/p>\n","protected":false},"excerpt":{"rendered":"<p>&nbsp; EMERGING HEALTHY TECHNOLOGIES IN BUILDINGS &nbsp; The constant demand for comfortable, sustainable and energy efficient buildings makes it essential to apply new information and communication technology (ICT) in buildings. This field\u2019s objective is to investigate, explore and transfer knowledge between projects that\u00a0integrate such technologies in residential (Smart House), facilities (Smart Building) and urban (Smart [&hellip;]<\/p>\n","protected":false},"author":2,"featured_media":0,"parent":1565,"menu_order":0,"comment_status":"closed","ping_status":"closed","template":"","meta":{"_et_pb_use_builder":"on","_et_pb_old_content":"<p>[et_pb_section bb_built=\"1\"][et_pb_row _builder_version=\"3.0.89\"][et_pb_column type=\"4_4\"][et_pb_text _builder_version=\"3.0.89\" background_layout=\"light\"]<\/p><h3 style=\"text-align: center;\"><strong>TECNOLOG\u00cdAS EMERGENTES EN LA<br \/> EDIFICACI\u00d3N<\/strong><\/h3><p>[\/et_pb_text][\/et_pb_column][\/et_pb_row][et_pb_row _builder_version=\"3.0.89\" width_unit=\"off\" use_custom_gutter=\"on\" gutter_width=\"2\"][et_pb_column type=\"1_2\"][et_pb_image _builder_version=\"3.0.89\" src=\"http:\/\/grupo.us.es\/hac\/wp-content\/uploads\/2018\/03\/4.1.5-bis.jpg\" show_in_lightbox=\"off\" url_new_window=\"off\" use_overlay=\"off\" always_center_on_mobile=\"on\" force_fullwidth=\"on\" show_bottom_space=\"on\" align=\"right\" custom_padding=\"10px|||\" \/][\/et_pb_column][et_pb_column type=\"1_2\"][et_pb_text _builder_version=\"3.0.89\" background_layout=\"light\"]<\/p><p class=\"font_8\" style=\"text-align: justify;\">La constante exigencia de confort a los edificios, as\u00ed como su sostenibilidad y adecuada eficiencia energ\u00e9tica, hace imprescindible la aplicaci\u00f3n de las nuevas Tecnolog\u00edas de la Informaci\u00f3n y Comunicaci\u00f3n (TIC) en la edificaci\u00f3n. El objetivo de esta l\u00ednea es investigar, explorar y transferir conocimiento por medio del desarrollo de proyectos que\u00a0<strong>integren las tecnolog\u00edas en cualquier entorno: residencial (Smart House), equipamientos (Smart Building) y urbano (Smart City)<\/strong>\u00a0La primera escala o\u00a0<strong>Smart House<\/strong>\u00a0se centra en las tecnolog\u00edas al servicio de la autonom\u00eda personal y en la contribuci\u00f3n de las TIC para la reintegraci\u00f3n de personas con diversidad funcional o cognitiva en sus entornos dom\u00e9sticos, La escala\u00a0<strong>Smart Building<\/strong>\u00a0investiga soluciones tecnol\u00f3gicas energ\u00e9ticamente eficientes destinadas a la renovaci\u00f3n y rehabilitaci\u00f3n de edificios. Por \u00faltimo, la l\u00ednea\u00a0<strong>Smart City<\/strong>\u00a0estudia y analiza un nuevo paradigma de ciudad, basado en sistemas de datos que construyen redes para crear ciudades mejor gestionadas, equilibradas y eficientes.<\/p><p>[\/et_pb_text][\/et_pb_column][\/et_pb_row][et_pb_row][et_pb_column type=\"4_4\"][et_pb_text _builder_version=\"3.0.89\" background_layout=\"light\"]<\/p><h1 style=\"text-align: center;\"><a href=\"http:\/\/grupo.us.es\/hac\/que-investigamos\/\"><span style=\"font-size: 52pt;\">\u00ab<\/span><\/a><\/h1><p>[\/et_pb_text][\/et_pb_column][\/et_pb_row][\/et_pb_section]<\/p>","_et_gb_content_width":"","wpupg_custom_link":[],"wpupg_custom_link_behaviour":["default"],"wpupg_custom_link_nofollow":[],"wpupg_custom_image":[],"wpupg_custom_image_id":[],"footnotes":""},"class_list":["post-1588","page","type-page","status-publish","hentry"],"_links":{"self":[{"href":"https:\/\/grupo.us.es\/hac\/en\/wp-json\/wp\/v2\/pages\/1588","targetHints":{"allow":["GET"]}}],"collection":[{"href":"https:\/\/grupo.us.es\/hac\/en\/wp-json\/wp\/v2\/pages"}],"about":[{"href":"https:\/\/grupo.us.es\/hac\/en\/wp-json\/wp\/v2\/types\/page"}],"author":[{"embeddable":true,"href":"https:\/\/grupo.us.es\/hac\/en\/wp-json\/wp\/v2\/users\/2"}],"replies":[{"embeddable":true,"href":"https:\/\/grupo.us.es\/hac\/en\/wp-json\/wp\/v2\/comments?post=1588"}],"version-history":[{"count":0,"href":"https:\/\/grupo.us.es\/hac\/en\/wp-json\/wp\/v2\/pages\/1588\/revisions"}],"up":[{"embeddable":true,"href":"https:\/\/grupo.us.es\/hac\/en\/wp-json\/wp\/v2\/pages\/1565"}],"wp:attachment":[{"href":"https:\/\/grupo.us.es\/hac\/en\/wp-json\/wp\/v2\/media?parent=1588"}],"curies":[{"name":"wp","href":"https:\/\/api.w.org\/{rel}","templated":true}]}}