{"id":1586,"date":"2018-03-20T14:24:17","date_gmt":"2018-03-20T14:24:17","guid":{"rendered":"http:\/\/grupo.us.es\/hac\/?page_id=1586\/"},"modified":"2025-04-04T09:09:17","modified_gmt":"2025-04-04T09:09:17","slug":"integration-of-ambient-intelligence-ami-in-architecture","status":"publish","type":"page","link":"https:\/\/grupo.us.es\/hac\/en\/what-we-research\/integration-of-ambient-intelligence-ami-in-architecture\/","title":{"rendered":"# Ambient Intelligence (AmI) in Architecture"},"content":{"rendered":"<p>[et_pb_section fb_built=&#8221;1&#8243; _builder_version=&#8221;4.16&#8243; global_colors_info=&#8221;{}&#8221;][et_pb_row _builder_version=&#8221;4.16&#8243; global_colors_info=&#8221;{}&#8221;][et_pb_column type=&#8221;4_4&#8243; _builder_version=&#8221;4.16&#8243; custom_padding=&#8221;|||&#8221; global_colors_info=&#8221;{}&#8221; custom_padding__hover=&#8221;|||&#8221;][et_pb_text _builder_version=&#8221;4.16&#8243; global_colors_info=&#8221;{}&#8221;]&nbsp;<\/p>\n<h3 style=\"text-align: center;\"><b>INTEGRATION OF AMBIENT INTELLIGENCE (AmI)<br \/>\nIN ARCHITECTURE<\/b><\/h3>\n<p>[\/et_pb_text][\/et_pb_column][\/et_pb_row][et_pb_row column_structure=&#8221;1_2,1_2&#8243; _builder_version=&#8221;4.16&#8243; background_size=&#8221;initial&#8221; background_position=&#8221;top_left&#8221; background_repeat=&#8221;repeat&#8221; global_colors_info=&#8221;{}&#8221;][et_pb_column type=&#8221;1_2&#8243; _builder_version=&#8221;4.16&#8243; custom_padding=&#8221;|||&#8221; global_colors_info=&#8221;{}&#8221; custom_padding__hover=&#8221;|||&#8221;][et_pb_image src=&#8221;http:\/\/grupo.us.es\/hac\/wp-content\/uploads\/2018\/03\/4.1.4-bis.jpg&#8221; align=&#8221;right&#8221; force_fullwidth=&#8221;on&#8221; align_tablet=&#8221;center&#8221; align_phone=&#8221;center&#8221; align_last_edited=&#8221;on|desktop&#8221; _builder_version=&#8221;4.16&#8243; custom_padding=&#8221;10px|||&#8221; always_center_on_mobile=&#8221;on&#8221; global_colors_info=&#8221;{}&#8221;][\/et_pb_image][\/et_pb_column][et_pb_column type=&#8221;1_2&#8243; _builder_version=&#8221;4.16&#8243; custom_padding=&#8221;|||&#8221; global_colors_info=&#8221;{}&#8221; custom_padding__hover=&#8221;|||&#8221;][et_pb_divider show_divider=&#8221;off&#8221; _builder_version=&#8221;4.16&#8243; global_colors_info=&#8221;{}&#8221;][\/et_pb_divider][et_pb_text _builder_version=&#8221;4.16&#8243; global_colors_info=&#8221;{}&#8221;]<b>Ambient Intelligence<\/b><span style=\"font-weight: 400;\">\u00a0(AmI) emphasises the ease of human interaction with an <\/span><b>intelligent or exo-brain environment<\/b><span style=\"font-weight: 400;\">. Not long from now, people will be surrounded by intuitive and intelligent interfaces embedded into all kinds of objects in an environment devoid of obstacles and capable of continuously and invisibly recognising and responding to requests or a person\u2019s physical presence. Technology will be characterised by ubiquity, transparency and intelligence, and it will involve planning and designing spaces that allow sustainable and ethical inclusion of these emerging technologies so that they provide confidence and security without causing social exclusion.<\/span><br \/>\n[\/et_pb_text][\/et_pb_column][\/et_pb_row][et_pb_row _builder_version=&#8221;4.16&#8243; global_colors_info=&#8221;{}&#8221;][et_pb_column type=&#8221;4_4&#8243; _builder_version=&#8221;4.16&#8243; custom_padding=&#8221;|||&#8221; global_colors_info=&#8221;{}&#8221; custom_padding__hover=&#8221;|||&#8221;][et_pb_text _builder_version=&#8221;4.16&#8243; global_colors_info=&#8221;{}&#8221;]Such research focuses on\u00a0the <b>design and planning of environments with integrated Ambien Intelligence.<\/b> A house is not a machine to live in but a home destined to be inhabited. Therefore, the house will not be a collection of technological tools whose only mission is to help with the management and support of daily tasks; people\u2019s quality of life will increase through interaction between the inhabitant and technology as it adapts to the user\u2019s behaviour. Current research in this field therefore deals with\u00a0<b>identifying<\/b>\u00a0each inhabitant\u2019s circumstances,\u00a0<b>recognising<\/b>\u00a0the specific tools necessary for inhabitants to carry out their activities,\u00a0<b>breaking down<\/b>\u00a0this activity into several components, and <b>coherently<\/b> <b>reassembling them <\/b>in an appropriate project and design that can support a certain way of life.<br \/>\n[\/et_pb_text][et_pb_video src=&#8221;https:\/\/youtu.be\/FJAqAqRA9sQ?feature=shared&#8221; _builder_version=&#8221;4.27.4&#8243; _module_preset=&#8221;default&#8221; global_colors_info=&#8221;{}&#8221;][\/et_pb_video][et_pb_text _builder_version=&#8221;4.16&#8243; global_colors_info=&#8221;{}&#8221;]&nbsp;<\/p>\n<h1 style=\"text-align: center;\"><a href=\"https:\/\/grupo.us.es\/hac\/en\/what-we-research\/\"><span style=\"font-size: 52pt;\">\u00ab<\/span><\/a><\/h1>\n<p>&nbsp;<br \/>\n[\/et_pb_text][\/et_pb_column][\/et_pb_row][\/et_pb_section]<\/p>\n","protected":false},"excerpt":{"rendered":"<p>&nbsp; INTEGRATION OF AMBIENT INTELLIGENCE (AmI) IN ARCHITECTURE Ambient Intelligence\u00a0(AmI) emphasises the ease of human interaction with an intelligent or exo-brain environment. Not long from now, people will be surrounded by intuitive and intelligent interfaces embedded into all kinds of objects in an environment devoid of obstacles and capable of continuously and invisibly recognising and [&hellip;]<\/p>\n","protected":false},"author":2,"featured_media":0,"parent":1565,"menu_order":0,"comment_status":"closed","ping_status":"closed","template":"","meta":{"_et_pb_use_builder":"on","_et_pb_old_content":"<p>[et_pb_section bb_built=\"1\"][et_pb_row _builder_version=\"3.0.89\"][et_pb_column type=\"4_4\"][et_pb_text _builder_version=\"3.0.89\" background_layout=\"light\"]<\/p><h3 style=\"text-align: center;\"><strong>INTELIGENCIA AMBIENTAL \/<br \/> AMBIENT INTELLIGENCE (AmL)<\/strong><\/h3><p>[\/et_pb_text][\/et_pb_column][\/et_pb_row][et_pb_row _builder_version=\"3.0.89\" width_unit=\"off\" use_custom_gutter=\"on\" gutter_width=\"2\"][et_pb_column type=\"1_2\"][et_pb_image _builder_version=\"3.0.89\" src=\"https:\/\/grupo.us.es\/hac\/wp-content\/uploads\/2018\/03\/4.1.4-bis.jpg\" show_in_lightbox=\"off\" url_new_window=\"off\" use_overlay=\"off\" always_center_on_mobile=\"on\" force_fullwidth=\"on\" show_bottom_space=\"on\" align=\"right\" custom_padding=\"10px|||\" \/][\/et_pb_column][et_pb_column type=\"1_2\"][et_pb_text _builder_version=\"3.0.89\" background_layout=\"light\"]<\/p><p class=\"font_8\" style=\"text-align: justify;\">La<strong>\u00a0Inteligencia Ambiental<\/strong>\u00a0o\u00a0<strong><em>Ambient Intelligence<\/em><\/strong>\u00a0(AmI) presenta una visi\u00f3n de la sociedad de la informaci\u00f3n enfatizando la facilidad de interacci\u00f3n humana con un \u00a0<strong>entorno inteligente o\u00a0exocerebro<\/strong>. En un espacio temporal breve, los edificios y lugares estar\u00e1n rodeados de interfaces intuitivas e inteligentes embebidas en toda clase de objetos, en un ambiente capaz de reconocer y responder ante solicitaciones o presencia f\u00edsicas, sin obstaculizar, de forma continua y no visible. Una tecnolog\u00eda que estar\u00e1 caracterizada por su ubicuidad, transparencia e inteligencia. Esto implicar\u00e1 proyectar y dise\u00f1ar espacios que permitan la inclusi\u00f3n de forma sostenible y \u00e9tica de estas tecnolog\u00edas emergentes para que aporten confianza y seguridad, y que adem\u00e1s \u00a0no se conviertan en causa de exclusi\u00f3n social.<\/p><p class=\"font_8\" style=\"text-align: justify;\">La investigaci\u00f3n de esta l\u00ednea se centra en el\u00a0<strong>dise\u00f1o y planificaci\u00f3n de entornos en los que se integra la Inteligencia Ambiental<\/strong>. La casa no es una m\u00e1quina para vivir, sino que es un hogar destinado a ser habitado. Desde ese punto de vista, la casa no ser\u00e1 un conjunto de herramientas tecnol\u00f3gicas cuya \u00fanica misi\u00f3n sea ayudar a la gesti\u00f3n y el apoyo a las tareas cotidianas, sino que la calidad de vida de las personas se conseguir\u00e1 por medio de la interactuaci\u00f3n entre el habitante y la tecnolog\u00eda, debiendo adaptarse \u00e9sta al comportamiento del usuario. La investigaci\u00f3n que se desarrolla en esta l\u00ednea trata, por tanto, de\u00a0<strong>identificar<\/strong>\u00a0las caracter\u00edsticas del contexto de cada habitante,\u00a0<strong>reconocer<\/strong>\u00a0las herramientas espec\u00edficas que median entre el habitante y la actividad que realiza,\u00a0<strong>descomponer<\/strong>\u00a0esta actividad en varios componentes, niveles y subniveles para\u00a0<strong>recomponerlos<\/strong> posteriormente de forma coherente en un proyecto y dise\u00f1o adecuado que sea capaz de apoyar un determinado modo de vida.<\/p><p>[\/et_pb_text][\/et_pb_column][\/et_pb_row][et_pb_row][et_pb_column type=\"4_4\"][et_pb_text _builder_version=\"3.0.89\" background_layout=\"light\"]<\/p><h1 style=\"text-align: center;\"><a href=\"https:\/\/grupo.us.es\/hac\/que-investigamos\/\"><span style=\"font-size: 52pt;\">\u00ab<\/span><\/a><\/h1><p>[\/et_pb_text][\/et_pb_column][\/et_pb_row][\/et_pb_section]<\/p>","_et_gb_content_width":"","wpupg_custom_link":[],"wpupg_custom_link_behaviour":["default"],"wpupg_custom_link_nofollow":["default"],"wpupg_custom_image":[],"wpupg_custom_image_id":[],"footnotes":""},"class_list":["post-1586","page","type-page","status-publish","hentry"],"_links":{"self":[{"href":"https:\/\/grupo.us.es\/hac\/en\/wp-json\/wp\/v2\/pages\/1586","targetHints":{"allow":["GET"]}}],"collection":[{"href":"https:\/\/grupo.us.es\/hac\/en\/wp-json\/wp\/v2\/pages"}],"about":[{"href":"https:\/\/grupo.us.es\/hac\/en\/wp-json\/wp\/v2\/types\/page"}],"author":[{"embeddable":true,"href":"https:\/\/grupo.us.es\/hac\/en\/wp-json\/wp\/v2\/users\/2"}],"replies":[{"embeddable":true,"href":"https:\/\/grupo.us.es\/hac\/en\/wp-json\/wp\/v2\/comments?post=1586"}],"version-history":[{"count":2,"href":"https:\/\/grupo.us.es\/hac\/en\/wp-json\/wp\/v2\/pages\/1586\/revisions"}],"predecessor-version":[{"id":9357,"href":"https:\/\/grupo.us.es\/hac\/en\/wp-json\/wp\/v2\/pages\/1586\/revisions\/9357"}],"up":[{"embeddable":true,"href":"https:\/\/grupo.us.es\/hac\/en\/wp-json\/wp\/v2\/pages\/1565"}],"wp:attachment":[{"href":"https:\/\/grupo.us.es\/hac\/en\/wp-json\/wp\/v2\/media?parent=1586"}],"curies":[{"name":"wp","href":"https:\/\/api.w.org\/{rel}","templated":true}]}}