{"id":1583,"date":"2018-03-20T14:22:11","date_gmt":"2018-03-20T14:22:11","guid":{"rendered":"http:\/\/grupo.us.es\/hac\/?page_id=1583\/"},"modified":"2023-09-01T18:58:28","modified_gmt":"2023-09-01T18:58:28","slug":"implementation-of-active-assisted-living-aal","status":"publish","type":"page","link":"https:\/\/grupo.us.es\/hac\/en\/what-we-research\/implementation-of-active-assisted-living-aal\/","title":{"rendered":"# Active and Assisted Living (AAL)"},"content":{"rendered":"<p>[et_pb_section bb_built=&#8221;1&#8243;][et_pb_row _builder_version=&#8221;3.0.89&#8243;][et_pb_column type=&#8221;4_4&#8243;][et_pb_text _builder_version=&#8221;3.0.89&#8243; background_layout=&#8221;light&#8221;]<\/p>\n<p>&nbsp;<\/p>\n<h3 style=\"text-align: center;\"><b>ACTIVE and ASSISTED LIVING \u00a0(AAL)<\/b><\/h3>\n<p>&nbsp;<\/p>\n<p>[\/et_pb_text][\/et_pb_column][\/et_pb_row][et_pb_row _builder_version=&#8221;3.0.89&#8243; width_unit=&#8221;off&#8221; use_custom_gutter=&#8221;on&#8221; gutter_width=&#8221;2&#8243;][et_pb_column type=&#8221;1_2&#8243;][et_pb_image _builder_version=&#8221;3.0.89&#8243; src=&#8221;https:\/\/grupo.us.es\/hac\/wp-content\/uploads\/2018\/03\/4.1.3.-Leonard-Florence.jpg&#8221; show_in_lightbox=&#8221;off&#8221; url_new_window=&#8221;off&#8221; use_overlay=&#8221;off&#8221; always_center_on_mobile=&#8221;on&#8221; force_fullwidth=&#8221;on&#8221; show_bottom_space=&#8221;on&#8221; align=&#8221;right&#8221; custom_padding=&#8221;10px|||&#8221; \/][et_pb_text _builder_version=&#8221;3.0.89&#8243; background_layout=&#8221;light&#8221;]<\/p>\n<p>See the <span style=\"color: #333333;\">article<\/span>:<br \/>\n<a href=\"https:\/\/www.mdpi.com\/1660-4601\/20\/10\/5886\" target=\"_blank\" rel=\"noopener\"><strong>Active and Assisted Living, a Practice for the Ageing Population and People with Cognitive Disabilities: An Architectural Perspective<\/strong><\/a><\/p>\n<p>[\/et_pb_text][et_pb_divider _builder_version=&#8221;3.0.89&#8243; height=&#8221;45px&#8221; \/][\/et_pb_column][et_pb_column type=&#8221;1_2&#8243;][et_pb_text _builder_version=&#8221;3.0.89&#8243; background_layout=&#8221;light&#8221;]<\/p>\n<p><span style=\"font-weight: 400;\">Architecture applies emerging technologies to the construction of buildings and cities. In the specific case of environmental adjustments for people with some type of functional or cognitive diversity, <\/span><b>Active <\/b>or <b>Ambient and Assisted Living (AAL)<\/b><span style=\"font-weight: 400;\"> is an European programme to improve elderly people\u2019s quality of life of and allow them to live as long as possible in their own homes.<\/span><\/p>\n<p><span style=\"font-weight: 400;\">The research that is carried out in this field consists of the\u00a0<\/span><b>use of intelligent assistance systems that are embedded in different environments and applied to different illnesses or situations of dependence, allowing communication between the system and the user so the device can interact invisibly and anticipatorily with the dependent person<\/b><span style=\"font-weight: 400;\">.\u00a0In this way, assisted spaces can be created that, on an exo-brain basis, provide people with physical, sensory or cognitive functional diversity with a healthier, safer and more comfortable life while granting them greater personal autonomy.<\/span><\/p>\n<p><span style=\"font-weight: 400;\">The researchers in this field are providing a series of architectural solutions to address the specific environmental needs of those with cognitive illnesses. With our research, we aim for the implementation of these technologies in construction planning phases for buildings and cities.<\/span><\/p>\n<p>&nbsp;<\/p>\n<p>[\/et_pb_text][\/et_pb_column][\/et_pb_row][et_pb_row][et_pb_column type=&#8221;4_4&#8243;][et_pb_text _builder_version=&#8221;3.0.89&#8243; background_layout=&#8221;light&#8221;]<\/p>\n<p>&nbsp;<\/p>\n<h1 style=\"text-align: center;\"><a href=\"https:\/\/grupo.us.es\/hac\/en\/what-we-research\/\"><span style=\"font-size: 52pt;\">\u00ab<\/span><\/a><\/h1>\n<p>&nbsp;<\/p>\n<p>[\/et_pb_text][\/et_pb_column][\/et_pb_row][\/et_pb_section]<\/p>\n","protected":false},"excerpt":{"rendered":"<p>&nbsp; ACTIVE and ASSISTED LIVING \u00a0(AAL) &nbsp; See the article: Active and Assisted Living, a Practice for the Ageing Population and People with Cognitive Disabilities: An Architectural Perspective Architecture applies emerging technologies to the construction of buildings and cities. In the specific case of environmental adjustments for people with some type of functional or cognitive [&hellip;]<\/p>\n","protected":false},"author":2,"featured_media":0,"parent":1565,"menu_order":0,"comment_status":"closed","ping_status":"closed","template":"","meta":{"_et_pb_use_builder":"on","_et_pb_old_content":"<p>[et_pb_section bb_built=\"1\"][et_pb_row _builder_version=\"3.0.89\"][et_pb_column type=\"4_4\"][et_pb_text _builder_version=\"3.0.89\" background_layout=\"light\"]<\/p><h3 style=\"text-align: center;\"><strong>ENTORNOS DE AYUDA VITAL\/<br \/> AMBIENT ASSITED LIVING (AAL)<\/strong><\/h3><p>[\/et_pb_text][\/et_pb_column][\/et_pb_row][et_pb_row _builder_version=\"3.0.89\" width_unit=\"off\" use_custom_gutter=\"on\" gutter_width=\"2\"][et_pb_column type=\"1_2\"][et_pb_image _builder_version=\"3.0.89\" src=\"http:\/\/grupo.us.es\/hac\/wp-content\/uploads\/2018\/03\/4.1.3.-Leonard-Florence.jpg\" show_in_lightbox=\"off\" url_new_window=\"off\" use_overlay=\"off\" always_center_on_mobile=\"on\" force_fullwidth=\"on\" show_bottom_space=\"on\" align=\"right\" custom_padding=\"10px|||\" \/][\/et_pb_column][et_pb_column type=\"1_2\"][et_pb_text _builder_version=\"3.0.89\" background_layout=\"light\"]<\/p><p class=\"font_8\" style=\"text-align: justify;\">La arquitectura, entendida como t\u00e9cnica, integra las nuevas tecnolog\u00edas emergentes en\u00a0las edificaciones y en las ciudades. En el caso concreto de los entornos asistidos a personas con alg\u00fan tipo de diversidad funcional o cognitiva lo hace por medio del\u00a0<strong>Ambiente de Ayuda Vital o\u00a0<em>Ambient Assisted Living\u00a0(AAL)<\/em><\/strong>, que es un programa europeo cuyo objetivo es mejorar la calidad de vida de las personas mayores y que \u00e9stas vivan el mayor tiempo posible en sus hogares.<\/p><p class=\"font_8\" style=\"text-align: justify;\">La investigaci\u00f3n que se desarrolla en esta l\u00ednea de investigaci\u00f3n consiste en la\u00a0<strong>utilizaci\u00f3n de sistemas inteligentes de asistencia que se localizan embebidos en diferentes entornos y que se aplican a distintas enfermedades o situaciones de dependencia permitiendo la comunicaci\u00f3n entre el sistema y el usuario, de forma que el dispositivo pueda interactuar de manera invisible y anticipatoria con la persona dependiente<\/strong>.\u00a0De esta forma, se pueden generar espacios asistidos que, a modo de <em>exocerebro<\/em>, faciliten a las personas con diversidad funcional f\u00edsica, sensorial o cognitiva, una vida m\u00e1s sana, segura y confortable, a la vez que una mayor autonom\u00eda personal.<\/p><p class=\"font_8\" style=\"text-align: justify;\">El conocimiento generado est\u00e1 permitiendo aportar resultados en los que aparecen una serie de soluciones arquitect\u00f3nicas que se pueden aplicar en funci\u00f3n de los s\u00edntomas y necesidades demandadas al entorno por el desarrollo y la evoluci\u00f3n de enfermedades. La integraci\u00f3n de estas tecnolog\u00edas en la edificaci\u00f3n y su previsi\u00f3n a la hora de proyectar edificios y planificar ciudades es el objetivo de esta l\u00ednea de investigaci\u00f3n.<\/p><p>[\/et_pb_text][\/et_pb_column][\/et_pb_row][et_pb_row][et_pb_column type=\"4_4\"][et_pb_text _builder_version=\"3.0.89\" background_layout=\"light\"]<\/p><h1 style=\"text-align: center;\"><a href=\"http:\/\/grupo.us.es\/hac\/que-investigamos\/\"><span style=\"font-size: 52pt;\">\u00ab<\/span><\/a><\/h1><p>[\/et_pb_text][\/et_pb_column][\/et_pb_row][\/et_pb_section]<\/p>","_et_gb_content_width":"","wpupg_custom_link":[],"wpupg_custom_link_behaviour":["default"],"wpupg_custom_link_nofollow":[],"wpupg_custom_image":[],"wpupg_custom_image_id":[],"footnotes":""},"class_list":["post-1583","page","type-page","status-publish","hentry"],"_links":{"self":[{"href":"https:\/\/grupo.us.es\/hac\/en\/wp-json\/wp\/v2\/pages\/1583","targetHints":{"allow":["GET"]}}],"collection":[{"href":"https:\/\/grupo.us.es\/hac\/en\/wp-json\/wp\/v2\/pages"}],"about":[{"href":"https:\/\/grupo.us.es\/hac\/en\/wp-json\/wp\/v2\/types\/page"}],"author":[{"embeddable":true,"href":"https:\/\/grupo.us.es\/hac\/en\/wp-json\/wp\/v2\/users\/2"}],"replies":[{"embeddable":true,"href":"https:\/\/grupo.us.es\/hac\/en\/wp-json\/wp\/v2\/comments?post=1583"}],"version-history":[{"count":0,"href":"https:\/\/grupo.us.es\/hac\/en\/wp-json\/wp\/v2\/pages\/1583\/revisions"}],"up":[{"embeddable":true,"href":"https:\/\/grupo.us.es\/hac\/en\/wp-json\/wp\/v2\/pages\/1565"}],"wp:attachment":[{"href":"https:\/\/grupo.us.es\/hac\/en\/wp-json\/wp\/v2\/media?parent=1583"}],"curies":[{"name":"wp","href":"https:\/\/api.w.org\/{rel}","templated":true}]}}