{"id":1573,"date":"2018-03-20T14:12:47","date_gmt":"2018-03-20T14:12:47","guid":{"rendered":"http:\/\/grupo.us.es\/hac\/?page_id=1573\/"},"modified":"2025-04-05T10:24:47","modified_gmt":"2025-04-05T10:24:47","slug":"how-to-design-for-the-absence-of-memory","status":"publish","type":"page","link":"https:\/\/grupo.us.es\/hac\/en\/what-we-research\/how-to-design-for-the-absence-of-memory\/","title":{"rendered":"# Designing for the absence of memory"},"content":{"rendered":"<p>[et_pb_section fb_built=&#8221;1&#8243; _builder_version=&#8221;4.16&#8243; global_colors_info=&#8221;{}&#8221;][et_pb_row _builder_version=&#8221;4.16&#8243; global_colors_info=&#8221;{}&#8221;][et_pb_column type=&#8221;4_4&#8243; _builder_version=&#8221;4.16&#8243; custom_padding=&#8221;|||&#8221; global_colors_info=&#8221;{}&#8221; custom_padding__hover=&#8221;|||&#8221;][et_pb_text _builder_version=&#8221;4.16&#8243; global_colors_info=&#8221;{}&#8221;]<\/p>\n<h3 style=\"text-align: center;\"><strong>DESIGNING FOR THE ABSENCE OF MEMORY<\/strong><\/h3>\n<p>[\/et_pb_text][\/et_pb_column][\/et_pb_row][et_pb_row column_structure=&#8221;1_2,1_2&#8243; use_custom_gutter=&#8221;on&#8221; gutter_width=&#8221;2&#8243; _builder_version=&#8221;4.16&#8243; width_unit=&#8221;off&#8221; global_colors_info=&#8221;{}&#8221;][et_pb_column type=&#8221;1_2&#8243; _builder_version=&#8221;4.16&#8243; custom_padding=&#8221;|||&#8221; global_colors_info=&#8221;{}&#8221; custom_padding__hover=&#8221;|||&#8221;][et_pb_image src=&#8221;https:\/\/grupo.us.es\/hac\/wp-content\/uploads\/2023\/09\/William-Utermohlen.webp&#8221; title_text=&#8221;Portada The New Yorker, dibujada por Lonni Sue Johnson, artista con amnesia&#8221; align=&#8221;right&#8221; force_fullwidth=&#8221;on&#8221; align_tablet=&#8221;center&#8221; align_phone=&#8221;center&#8221; align_last_edited=&#8221;on|desktop&#8221; _builder_version=&#8221;4.16&#8243; custom_padding=&#8221;5px|||&#8221; always_center_on_mobile=&#8221;on&#8221; global_colors_info=&#8221;{}&#8221;][\/et_pb_image][et_pb_text _builder_version=&#8221;4.27.4&#8243; text_orientation=&#8221;center&#8221; module_alignment=&#8221;center&#8221; global_colors_info=&#8221;{}&#8221;]<\/p>\n<p style=\"text-align: center;\">Poignant self-portraits by painter <strong>William Utermohlen<\/strong>, who was diagnosed with Alzheimer&#8217;s disease in 1995<\/p>\n<h4>\u00a0<\/h4>\n<h4>\u00a0<\/h4>\n<h4 style=\"text-align: left;\"><span style=\"font-weight: 400; font-size: 11pt;\"><span style=\"color: #808080;\">See the dissemination<\/span>\u00a0<strong>posters<\/strong>:<\/span><\/h4>\n<p>&nbsp;<\/p>\n<p style=\"text-align: left;\"><a href=\"https:\/\/grupo.us.es\/hac\/wp-content\/uploads\/2023\/09\/ALZ_DIF_C230919_Poster_DEF_red.pdf\" target=\"_blank\" rel=\"noopener\"><strong>2023<\/strong><em>. <\/em><strong>Spatial adaptation of the living environment for people with Alzheimer\u2019s disease: Advance results for a good practices manual<\/strong><\/a><\/p>\n<p style=\"text-align: left;\"><strong><a href=\"http:\/\/grupo.us.es\/hac\/wp-content\/uploads\/2018\/02\/Poster-Lisboa.pdf\" target=\"_blank\" rel=\"noopener\">2017. New techniques in architectural research to determine the influence of the physical environment on people with Alzheimer\u2019s<\/a><\/strong><\/p>\n<p style=\"text-align: left;\"><span style=\"font-weight: 400;\"><strong><a href=\"http:\/\/grupo.us.es\/hac\/wp-content\/uploads\/2018\/02\/P\u00f3ster-V-Conferencia-M\u00e1laga-Alzheimer.pdf\" target=\"_blank\" rel=\"noopener\">2017. Proposal for a new architectural typology for patients with Alzheimer\u2019s: preliminary study<\/a><\/strong><\/span><\/p>\n<p>[\/et_pb_text][\/et_pb_column][et_pb_column type=&#8221;1_2&#8243; _builder_version=&#8221;4.16&#8243; custom_padding=&#8221;|||&#8221; global_colors_info=&#8221;{}&#8221; custom_padding__hover=&#8221;|||&#8221;][et_pb_text _builder_version=&#8221;4.27.4&#8243; global_colors_info=&#8221;{}&#8221;]<\/p>\n<p><strong>Without memory, there is no poetry<\/strong>. We are memory. Memory is necessary so that the contemporary individual can define his identity and his own environment. Memory produces intense interference on Architecture, both personal and collective memory. The first generates as many landscapes as people. The second is the memory that each society has developed about its own culture as a repository of myths, traditions, and innovations to which it gives meaning and which is constantly changing. Memory establishes the symbolic relationship that unites the subject with the natural environment that surrounds him and that is transmitted to him in a social way.<\/p>\n<p>When the powerful binder of memory is diluted, the architecture of memories collapses. The memory does not have an argument; it is not a narrative that can be evoked by a sequential or plot line; the memory presents what we have experienced as fragments of unconnected situations and images that are not ordered temporally. This characteristic of our mind and the relationship we establish with reality and time is transmitted to the project process; it intervenes in our work.<\/p>\n<p><strong>Memory<\/strong> and its relationships with <strong>heritage<\/strong>, <strong>landscape<\/strong>, <strong>architecture<\/strong>\u2014in short, with people\u2019s physical environments\u2014is one of the group\u2019s main areas of research, which it addresses from an architectural project perspective.<\/p>\n<p style=\"text-align: left;\">The contemporary paradigm of memory loss is Alzheimer&#8217;s disease, which is considered the epidemic of the 21st century, not only because of the number of cases diagnosed in geometric progression but also because younger people are increasingly being diagnosed. When Alzheimer&#8217;s enters a home, a series of changes are triggered in the daily lives of its inhabitants; their way of life inevitably changes. Given some behaviours of users with memory problems, it is worth asking if they are conditioned by their state or by their environment; if it is the latter,<\/p>\n<p>&nbsp;<\/p>\n<p>&nbsp;<\/p>\n<p style=\"text-align: right;\"><span style=\"font-size: 18pt;\"><strong>how to project for the absence of memory?<\/strong><\/span><\/p>\n<p>[\/et_pb_text][et_pb_divider color=&#8221;#FFFFFF&#8221; divider_weight=&#8221;150px&#8221; _builder_version=&#8221;4.27.4&#8243; _module_preset=&#8221;default&#8221; background_color=&#8221;#FFFFFF&#8221; global_colors_info=&#8221;{}&#8221;][\/et_pb_divider][et_pb_text _builder_version=&#8221;4.27.4&#8243; _module_preset=&#8221;default&#8221; global_colors_info=&#8221;{}&#8221;]<\/p>\n<p>&nbsp;<\/p>\n<p>&nbsp;<\/p>\n<p>&nbsp;<\/p>\n<p><span style=\"color: #808080;\">See<\/span> <strong>presentation<\/strong> <span style=\"color: #808080;\">of this line of research:<\/span><br \/><b><a href=\"https:\/\/revistas.ucm.es\/index.php\/ARIS\/article\/view\/54602\" target=\"_blank\" rel=\"noopener\">Designing for the absence of memory<\/a><\/b><\/p>\n<p><a href=\"https:\/\/www.youtube.com\/@HealthyArchitectureandCity\"><img loading=\"lazy\" decoding=\"async\" class=\"alignleft wp-image-7543\" src=\"https:\/\/grupo.us.es\/hac\/wp-content\/uploads\/2024\/03\/YouTube-frente-nuevo-sistema-membresias_1573052702_973841_1440x600.jpg\" alt=\"\" width=\"166\" height=\"69\" \/><\/a><\/p>\n<p>&nbsp;<\/p>\n<p>&nbsp;<\/p>\n<p><span style=\"font-weight: 400;\"><span style=\"color: #808080;\">See the<\/span> <strong>article<\/strong>:<br \/><\/span><a href=\"https:\/\/revistas.ucm.es\/index.php\/ARIS\/article\/view\/54602\" target=\"_blank\" rel=\"noopener\"><b>Designing tailored spaces for the absence of memory<\/b><\/a><\/p>\n<p><img loading=\"lazy\" decoding=\"async\" class=\"wp-image-7762  alignleft\" src=\"https:\/\/grupo.us.es\/hac\/wp-content\/uploads\/2024\/05\/Slideshare.png\" alt=\"\" width=\"140\" height=\"105\" \/><\/p>\n<p>&nbsp;<\/p>\n<p>[\/et_pb_text][\/et_pb_column][\/et_pb_row][et_pb_row _builder_version=&#8221;4.16&#8243; background_size=&#8221;initial&#8221; background_position=&#8221;top_left&#8221; background_repeat=&#8221;repeat&#8221; global_colors_info=&#8221;{}&#8221;][et_pb_column type=&#8221;4_4&#8243; _builder_version=&#8221;4.16&#8243; custom_padding=&#8221;|||&#8221; global_colors_info=&#8221;{}&#8221; custom_padding__hover=&#8221;|||&#8221;][et_pb_video src=&#8221;https:\/\/youtu.be\/tNtaOC6m6fo?feature=shared&#8221; _builder_version=&#8221;4.27.4&#8243; _module_preset=&#8221;default&#8221; global_colors_info=&#8221;{}&#8221;][\/et_pb_video][et_pb_text _builder_version=&#8221;4.16&#8243; global_colors_info=&#8221;{}&#8221;]<\/p>\n<h1 style=\"text-align: center;\"><a href=\"http:\/\/grupo.us.es\/hac\/que-investigamos\/\"><span style=\"font-size: 52pt;\">\u00ab<\/span><\/a><\/h1>\n<p>[\/et_pb_text][\/et_pb_column][\/et_pb_row][\/et_pb_section]<\/p>\n","protected":false},"excerpt":{"rendered":"<p>DESIGNING FOR THE ABSENCE OF MEMORY Poignant self-portraits by painter William Utermohlen, who was diagnosed with Alzheimer&#8217;s disease in 1995 \u00a0 \u00a0 See the dissemination\u00a0posters: &nbsp; 2023. Spatial adaptation of the living environment for people with Alzheimer\u2019s disease: Advance results for a good practices manual 2017. New techniques in architectural research to determine the influence [&hellip;]<\/p>\n","protected":false},"author":2,"featured_media":0,"parent":1565,"menu_order":0,"comment_status":"closed","ping_status":"closed","template":"","meta":{"_et_pb_use_builder":"on","_et_pb_old_content":"[et_pb_section bb_built=\"1\"][et_pb_row _builder_version=\"3.0.89\"][et_pb_column type=\"4_4\"][et_pb_text _builder_version=\"3.0.89\" background_layout=\"light\"]\r\n<h3 style=\"text-align: center;\"><strong>PROYECTAR PARA LA AUSENCIA DE LA\r\nMEMORIA<\/strong><\/h3>\r\n[\/et_pb_text][\/et_pb_column][\/et_pb_row][et_pb_row _builder_version=\"3.0.89\" width_unit=\"off\" use_custom_gutter=\"on\" gutter_width=\"2\"][et_pb_column type=\"1_2\"][et_pb_image _builder_version=\"3.0.89\" src=\"https:\/\/grupo.us.es\/hac\/wp-content\/uploads\/2018\/03\/4.1.1.jpg\" show_in_lightbox=\"off\" url_new_window=\"off\" use_overlay=\"off\" always_center_on_mobile=\"on\" force_fullwidth=\"on\" show_bottom_space=\"on\" align=\"right\" title_text=\"Portada The New Yorker, dibujada por Lonni Sue Johnson, artista con amnesia\" custom_padding=\"5px|||\" \/][et_pb_text _builder_version=\"3.0.89\" background_layout=\"light\" text_orientation=\"center\" module_alignment=\"center\"]\r\n\r\nPortada con un dibujo de Lonni Sue Johnson, artista con amnesia\r\n\r\n[\/et_pb_text][\/et_pb_column][et_pb_column type=\"1_2\"][et_pb_text _builder_version=\"3.0.89\" background_layout=\"light\"]\r\n\r\nLa memoria y sus implicaciones con el patrimonio, el paisaje, la arquitectura, en definitiva, con el entorno f\u00edsico de las personas, es una de las principales l\u00edneas de investigaci\u00f3n del grupo. Est\u00e1 abordada desde el punto de vista del Proyecto Arquitect\u00f3nico. Esta l\u00ednea se compone de dos vectores con escalas diferentes::\r\n\r\nA escala habitacional se desarrolla la investigaci\u00f3n denominada:\u00a0<span style=\"color: #808080;\"><a style=\"color: #808080;\" href=\"https:\/\/es.slideshare.net\/Santiago_Quesada\/proyectar-para-la-ausencia-de-memoria\"><span style=\"text-decoration: underline;\"><strong>Proyectar para la ausencia de memoria<\/strong><\/span><\/a><\/span>, desde la que se abordan soluciones habitacionales para la carencia de la misma. Una investigaci\u00f3n que une los efectos del envejecimiento de la poblaci\u00f3n con las nuevas tecnolog\u00edas y cuyo campo espec\u00edfico de estudio son los colectivos afectados por determinadas demencias y discapacidades cognitivas. Estos trabajos se est\u00e1n desarrollando en colaboraci\u00f3n con la l\u00ednea <strong>Neurociencia b\u00e1sica y aplicada<\/strong> del Programa de Doctorado en <span style=\"text-decoration: underline;\"><span style=\"color: #808080; text-decoration: underline;\"><a style=\"color: #808080; text-decoration: underline;\" href=\"https:\/\/www.uma.es\/doctorado-biomedicina\/\"><strong>Biomedicina, Investigaci\u00f3n traslacional y Nuevas Tecnolog\u00edas en Salud<\/strong><\/a> <\/span><\/span>de la Facultad de Medicina de la Universidad de M\u00e1laga.\r\n\r\nA escala territorial y urbana esta l\u00ednea de investigaci\u00f3n tiene una derivada que se desarrolla a trav\u00e9s de una l\u00ednea diferente que denominamos <a href=\"https:\/\/santiagoquesada.blogspot.com.es\/2015\/04\/la-memoria-como-construccion-del-sujeto.html\"><strong><span style=\"text-decoration: underline;\"><span style=\"color: #808080; text-decoration: underline;\">La memoria como construcci\u00f3n del sujeto<\/span><\/span><\/strong><\/a> que se desarrolla de forma diferente y aut\u00f3noma, englobando la sub-l\u00ednea\u00a0<strong>Patrimonio, Paisaje y Proyecto<\/strong>, conceptos en los que la <strong>memoria<\/strong> constituye un sustrato consolidado, existente y heredado que tambi\u00e9n es material de proyecto para la investigaci\u00f3n en arquitectura.\r\n\r\nVer presentaci\u00f3n y articulaci\u00f3n de la l\u00ednea:\r\n\r\n<span style=\"text-decoration: underline;\"><span style=\"color: #808080;\"><a style=\"color: #808080;\" href=\"https:\/\/es.slideshare.net\/Santiago_Quesada\/proyectar-para-la-ausencia-de-memoria\"><strong><span style=\"font-size: 14pt;\">Proyectar para la ausencia de memoria<\/span><\/strong><\/a><\/span><\/span>\r\n\r\n[\/et_pb_text][\/et_pb_column][\/et_pb_row][et_pb_row][et_pb_column type=\"4_4\"][et_pb_text _builder_version=\"3.0.89\" background_layout=\"light\"]\r\n<h1 style=\"text-align: center;\"><a href=\"https:\/\/grupo.us.es\/hac\/que-investigamos\/\"><span style=\"font-size: 52pt;\">\u00ab<\/span><\/a><\/h1>\r\n[\/et_pb_text][\/et_pb_column][\/et_pb_row][\/et_pb_section]","_et_gb_content_width":"","wpupg_custom_link":[],"wpupg_custom_link_behaviour":["default"],"wpupg_custom_link_nofollow":["default"],"wpupg_custom_image":[],"wpupg_custom_image_id":[],"footnotes":""},"class_list":["post-1573","page","type-page","status-publish","hentry"],"_links":{"self":[{"href":"https:\/\/grupo.us.es\/hac\/en\/wp-json\/wp\/v2\/pages\/1573","targetHints":{"allow":["GET"]}}],"collection":[{"href":"https:\/\/grupo.us.es\/hac\/en\/wp-json\/wp\/v2\/pages"}],"about":[{"href":"https:\/\/grupo.us.es\/hac\/en\/wp-json\/wp\/v2\/types\/page"}],"author":[{"embeddable":true,"href":"https:\/\/grupo.us.es\/hac\/en\/wp-json\/wp\/v2\/users\/2"}],"replies":[{"embeddable":true,"href":"https:\/\/grupo.us.es\/hac\/en\/wp-json\/wp\/v2\/comments?post=1573"}],"version-history":[{"count":2,"href":"https:\/\/grupo.us.es\/hac\/en\/wp-json\/wp\/v2\/pages\/1573\/revisions"}],"predecessor-version":[{"id":9415,"href":"https:\/\/grupo.us.es\/hac\/en\/wp-json\/wp\/v2\/pages\/1573\/revisions\/9415"}],"up":[{"embeddable":true,"href":"https:\/\/grupo.us.es\/hac\/en\/wp-json\/wp\/v2\/pages\/1565"}],"wp:attachment":[{"href":"https:\/\/grupo.us.es\/hac\/en\/wp-json\/wp\/v2\/media?parent=1573"}],"curies":[{"name":"wp","href":"https:\/\/api.w.org\/{rel}","templated":true}]}}