{"id":1569,"date":"2018-03-20T14:07:03","date_gmt":"2018-03-20T14:07:03","guid":{"rendered":"http:\/\/grupo.us.es\/hac\/?page_id=1569\/"},"modified":"2023-08-14T09:09:45","modified_gmt":"2023-08-14T09:09:45","slug":"what-we-do","status":"publish","type":"page","link":"https:\/\/grupo.us.es\/hac\/en\/what-we-do\/","title":{"rendered":"WHAT WE DO"},"content":{"rendered":"<p>[et_pb_section bb_built=&#8221;1&#8243;][et_pb_row _builder_version=&#8221;3.0.89&#8243;][et_pb_column type=&#8221;4_4&#8243;][et_pb_text _builder_version=&#8221;3.0.89&#8243; background_layout=&#8221;light&#8221;]<\/p>\n<h3 style=\"text-align: center;\"><strong>WHAT WE DO<\/strong><\/h3>\n<h4 style=\"text-align: center;\"><b>R&amp;S&amp;I SERVICES and CONSULTANCY<\/b><\/h4>\n<p>&nbsp;<\/p>\n<p>[\/et_pb_text][et_pb_text _builder_version=&#8221;3.0.89&#8243; background_layout=&#8221;light&#8221;]<\/p>\n<p style=\"text-align: justify;\"><b>Healthy Architecture &amp; City <\/b><span style=\"font-weight: 400;\">is a labile, agile, flexible and permeable team that participates in and fluidly executes <strong>projects, services<\/strong><\/span><b>, consultancy, and R&amp;D&amp;I programmes <\/b><span style=\"font-weight: 400;\">for companies and institutions such as the state, autonomous and local administration, and citizens and groups with specific needs. <\/span><span style=\"font-weight: 400;\">Their collaboration with our research group allows these bodies and companies to optimise their processes and meet their needs in <\/span><b>very specialised services <\/b><span style=\"font-weight: 400;\">of <\/span><b>high added value,<\/b><span style=\"font-weight: 400;\"> making us <\/span><b>their external R&amp;D&amp;I department<\/b><span style=\"font-weight: 400;\"> with the solvency that affiliation with an institution of international prestige such as the <\/span><b>University of Seville <\/b><span style=\"font-weight: 400;\">brings<\/span><b>.<\/b><\/p>\n<p>[\/et_pb_text][\/et_pb_column][\/et_pb_row][et_pb_row _builder_version=&#8221;3.0.89&#8243; width_unit=&#8221;off&#8221; use_custom_gutter=&#8221;on&#8221; gutter_width=&#8221;2&#8243; custom_margin=&#8221;||0px|&#8221; custom_padding=&#8221;||0px|&#8221; padding_bottom_1=&#8221;0px&#8221; padding_bottom_2=&#8221;0px&#8221;][et_pb_column type=&#8221;1_2&#8243;][et_pb_text _builder_version=&#8221;3.0.89&#8243; background_layout=&#8221;light&#8221;]<\/p>\n<p style=\"text-align: justify;\">The services and consultancies that the <strong>Healthy Architecture &amp; City<\/strong> (HAC) group offers to public institutions and companies incorporate the use of the following advanced technological tools:<\/p>\n<p>[\/et_pb_text][et_pb_image _builder_version=&#8221;3.0.89&#8243; src=&#8221;http:\/\/grupo.us.es\/hac\/wp-content\/uploads\/2018\/03\/1.3.jpg&#8221; show_in_lightbox=&#8221;off&#8221; url_new_window=&#8221;off&#8221; use_overlay=&#8221;off&#8221; align=&#8221;right&#8221; always_center_on_mobile=&#8221;on&#8221; force_fullwidth=&#8221;on&#8221; show_bottom_space=&#8221;on&#8221; custom_padding=&#8221;10px|||&#8221; \/][et_pb_text _builder_version=&#8221;3.0.89&#8243; background_layout=&#8221;light&#8221;]<\/p>\n<p style=\"text-align: justify;\">Various advanced technologies converge in today&#8217;s design and construction of buildings and cities, including<strong> Artificial Intelligence (AI)<\/strong>, <strong>Building Information Modelling (BIM)<\/strong>, <strong>Digital Terrain Modelling (MDT)<\/strong>, <strong>Computer Aided Design (CAD)<\/strong> and <strong>Geographic Information Systems (GIS)<\/strong>. Each of these technologies plays a fundamental role in different stages of the project, from the initial design to its materialisation in the final building.<\/p>\n<p>[\/et_pb_text][\/et_pb_column][et_pb_column type=&#8221;1_2&#8243;][et_pb_text _builder_version=&#8221;3.0.89&#8243; background_layout=&#8221;light&#8221;]<\/p>\n<p><strong><span style=\"font-size: 12pt;\">1. Artificial Intelligence (AI)<\/span><\/strong>: AI can be crucial in optimising the location and design of buildings and urban spaces, taking into account factors such as the topography of the land, the most densely populated areas, urban voids, the environment, etc. In addition, AI can help in the early detection of problems and failures by analysing patterns in the data collected by the sensors.<\/p>\n<p><span style=\"font-size: 12pt;\"><strong>2. Building Information Modelling (BIM)<\/strong><\/span>: BIM allows the creation of 3D digital models of buildings, constructions, facilities, and infrastructure that can be used for visualisation, simulation, and cost analysis. BIM models can include not only buildings but also other related components. In this phase, BIM models can be used to visualise and track the status of building development.<\/p>\n<p><strong><span style=\"font-size: 12pt;\">3. Digital Terrain Modelling (DTM)<\/span><\/strong>: The DTM provides an accurate representation of the existing terrain, which is crucial for the design of urban implantation operations. The MDT data can be used to identify the most efficient locations, minimising costs.<\/p>\n<p><strong><span style=\"font-size: 12pt;\">4. Computer-Aided Design (CAD)<\/span><\/strong>: CAD is an essential tool for creating architectural drawings. This tool allows architects and engineers to draw plans in 2D and visualise the network in 3D, which can help identify and resolve design issues at an early stage.<\/p>\n<p><span style=\"font-size: 12pt;\"><strong>5. Geographic Information Systems (GIS)<\/strong><\/span>: GIS can provide a wide range of georeferenced data that can inform the design or planning of cities or any infrastructure and implementation, such as the location of populated areas, terrain features, and land use patterns. GIS can also be used to analyse and manage network data during the operation and maintenance phases.<\/p>\n<p style=\"text-align: left;\">The use of protocolized models that allow these technologies is essential to ensure the flow of information through all stages of the project. These models establish the rules and procedures for data management and ensure that relevant information is available to all interested parties at the right time.<\/p>\n<p>&nbsp;<\/p>\n<p>[\/et_pb_text][\/et_pb_column][\/et_pb_row][et_pb_row][et_pb_column type=&#8221;4_4&#8243;][et_pb_text _builder_version=&#8221;3.0.89&#8243; background_layout=&#8221;light&#8221; module_alignment=&#8221;center&#8221; text_orientation=&#8221;center&#8221;]<\/p>\n<p><span style=\"font-weight: 400;\">Our services cover three levels: <\/span><b><a href=\"https:\/\/grupo.us.es\/hac\/en\/smart-house\/\">Smart House<\/a>,<\/b><span style=\"font-weight: 400;\"> or <\/span><b>domestic<\/b><span style=\"font-weight: 400;\">; <\/span><a href=\"https:\/\/grupo.us.es\/hac\/en\/smart-building\/\" target=\"_blank\" rel=\"noopener\"><strong>Smart Building<\/strong><\/a><b>,<\/b> <span style=\"font-weight: 400;\">or <\/span><b>building<\/b> <b>construction <\/b><span style=\"font-weight: 400;\">and <\/span><a href=\"https:\/\/grupo.us.es\/hac\/en\/smart-city\/\" target=\"_blank\" rel=\"noopener\"><strong>Smart City<\/strong><\/a><b>, <\/b><span style=\"font-weight: 400;\">or <\/span><b>urban.<\/b><span style=\"font-weight: 400;\"> You can download detailed catalogues using the links at the bottom of this section.<\/span><\/p>\n<h4 style=\"text-align: center;\"><strong>R&amp;D&amp;I SERVICES<\/strong><\/h4>\n<h4 style=\"text-align: center;\"><a href='\/hac\/wp-content\/uploads\/2018\/02\/CATALOGO-GENERAL-SERVICIOS-IDi_HAC.pdf' class='small-button smallblack' target=\"_blank\"><span style=\"font-weight: 400;\">Download general catalogue<\/span><\/a><\/h4>\n<p>[\/et_pb_text][et_pb_text _builder_version=&#8221;3.0.89&#8243; background_layout=&#8221;light&#8221; module_alignment=&#8221;center&#8221; text_orientation=&#8221;center&#8221;]<\/p>\n<h4>\u00a0<a href=\"https:\/\/grupo.us.es\/hac\/en\/smart-house\/\"><img loading=\"lazy\" decoding=\"async\" class=\"alignnone wp-image-897 size-full\" src=\"http:\/\/grupo.us.es\/hac\/wp-content\/uploads\/2018\/02\/Smart-House.jpg\" alt=\"\" width=\"148\" height=\"125\" \/><\/a><a href=\"https:\/\/grupo.us.es\/hac\/en\/smart-building\/\"><img loading=\"lazy\" decoding=\"async\" class=\"alignnone wp-image-895 size-full\" src=\"http:\/\/grupo.us.es\/hac\/wp-content\/uploads\/2018\/02\/smart-building.jpg\" alt=\"\" width=\"145\" height=\"125\" \/><\/a><a href=\"https:\/\/grupo.us.es\/hac\/en\/smart-city\/\">\u00a0<img loading=\"lazy\" decoding=\"async\" class=\"alignnone wp-image-896 size-full\" src=\"http:\/\/grupo.us.es\/hac\/wp-content\/uploads\/2018\/02\/smart-city.jpg\" alt=\"\" width=\"134\" height=\"125\" \/><\/a><\/h4>\n<p>[\/et_pb_text][et_pb_text _builder_version=&#8221;3.0.89&#8243; background_layout=&#8221;light&#8221;]<\/p>\n<hr \/>\n<p>&nbsp;<\/p>\n<p><span style=\"color: #333333;\"><strong>Subject Index Codes (SIC):<\/strong><\/span><\/p>\n<p><span style=\"font-weight: 400;\">1.2.15 Gesti\u00f3n de Conocimiento, Gesti\u00f3n de Procesos; 1.2.18 Interfaces de usuario, Usabilidad; 1.2.20 Software de Automatizaci\u00f3n de Edificios; 1.2.21 Control Remoto; 1.2.22 Aplicaciones Inteligentes; 1.3.1 Aplicaciones para Sanidad; 1.3.6 Sistemas de Gesti\u00f3n Medioambiental y Sistemas de Gesti\u00f3n Documental; 1.3.7 GIS Sistemas de Informaci\u00f3n Geogr\u00e1fica; 1.3.9 Sistema de Gesti\u00f3n de Calidad; 1.3.10 Sistema de Gesti\u00f3n del Mantenimiento; 1.4.1 Herencia Cultural; 1.4.6 Visualizaci\u00f3n, Realidad Virtual; 1.5.3 Comunicaciones M\u00f3viles; 2.1. Dise\u00f1o y Modelado \/ Prototipos; 2.6 Tecnolog\u00eda de la Construcci\u00f3n; 2.7 Tecnolog\u00eda de Materiales; 10 Protecci\u00f3n del hombre y del medioambiente.<\/span><\/p>\n<p><span style=\"color: #333333;\"><strong>Venture Economics Industry Codes (VEIC):<\/strong><\/span><\/p>\n<p><span style=\"font-weight: 400;\">2.6.3 Servicios de formaci\u00f3n; 2.6.4 Servicios de introducci\u00f3n, proceso y an\u00e1lisis de datos; 5.2.1 Servicios terap\u00e9uticos; 7.4.3 Hogar y Muebles; 8.2.1 Gesti\u00f3n energ\u00e9tica. Incluye Eficiencia Energ\u00e9tica; 8.2.2 Equipos industriales de medida y sensores; 8.2.3 Sistemas y equipos para control de procesos; 8.2.5 Sistemas y software de visi\u00f3n artificial; 9.3.5 Servicios de Consultor\u00eda; 9.3.5.4-CV Servicios de Consultor\u00eda del sector Bio-Salud; 9.3.5.6-CV Servicios de Consultor\u00eda del sector TIC; 9.3.5.9-CV Promoci\u00f3n innovaci\u00f3n, Transf. Tecnol\u00f3gica y otros; 9.3.7.1-CV Asuntos\/Servicios Sociales; 9.7.5 Servicios para la construcci\u00f3n; 9.7.5.1-CV Conservaci\u00f3n del Patrimonio arquitect\u00f3nico; 9.7.5.2-CV Dom\u00f3tica.<\/span><\/p>\n<p>[\/et_pb_text][et_pb_text _builder_version=&#8221;3.0.89&#8243; background_layout=&#8221;light&#8221;]<\/p>\n<h1 style=\"text-align: center;\"><a href=\"https:\/\/grupo.us.es\/hac\/en\/\"><span style=\"font-size: 52pt;\">\u00ab<\/span><\/a><\/h1>\n<p>[\/et_pb_text][\/et_pb_column][\/et_pb_row][\/et_pb_section]<\/p>\n","protected":false},"excerpt":{"rendered":"<p>WHAT WE DO R&amp;S&amp;I SERVICES and CONSULTANCY &nbsp; Healthy Architecture &amp; City is a labile, agile, flexible and permeable team that participates in and fluidly executes projects, services, consultancy, and R&amp;D&amp;I programmes for companies and institutions such as the state, autonomous and local administration, and citizens and groups with specific needs. Their collaboration with our [&hellip;]<\/p>\n","protected":false},"author":2,"featured_media":0,"parent":0,"menu_order":0,"comment_status":"closed","ping_status":"closed","template":"","meta":{"_et_pb_use_builder":"on","_et_pb_old_content":"<p>[et_pb_section bb_built=\"1\"][et_pb_row _builder_version=\"3.0.89\"][et_pb_column type=\"4_4\"][et_pb_text _builder_version=\"3.0.89\" background_layout=\"light\"]<\/p><h3 style=\"text-align: center;\"><strong>Qu\u00e9 hacemos<\/strong><\/h3><p>[\/et_pb_text][\/et_pb_column][\/et_pb_row][et_pb_row _builder_version=\"3.0.89\" width_unit=\"off\" use_custom_gutter=\"on\" gutter_width=\"2\" custom_margin=\"||0px|\" custom_padding=\"||0px|\" padding_bottom_1=\"0px\" padding_bottom_2=\"0px\"][et_pb_column type=\"1_2\"][et_pb_image _builder_version=\"3.0.89\" src=\"http:\/\/grupo.us.es\/hac\/wp-content\/uploads\/2018\/03\/1.3.jpg\" show_in_lightbox=\"off\" url_new_window=\"off\" use_overlay=\"off\" align=\"right\" always_center_on_mobile=\"on\" force_fullwidth=\"on\" show_bottom_space=\"on\" custom_padding=\"10px|||\" \/][\/et_pb_column][et_pb_column type=\"1_2\"][et_pb_text _builder_version=\"3.0.89\" background_layout=\"light\"]<\/p><p class=\"font_8\" style=\"text-align: justify;\"><strong>Healthy Architecture & City<\/strong> es un equipo l\u00e1bil, \u00e1gil, flexible y permeable que participa, realiza y ejecuta de forma fluida <strong>actividades, eventos y programas I+D+i<\/strong> para empresas e instituciones como: administraci\u00f3n estatal, auton\u00f3mica y local, as\u00ed como para ciudadanos y colectivos con necesidades particulares.<\/p><p class=\"font_8\" style=\"text-align: justify;\">La colaboraci\u00f3n con nuestro grupo de investigaci\u00f3n permite a estas entidades y empresas optimizar sus recursos y procesos. adem\u00e1s de cubrir sus necesidades en <strong>servicios muy especializados<\/strong> y con\u00a0<strong>alto valor a\u00f1adido<\/strong>, convirti\u00e9ndonos en su\u00a0<strong>departamento externo de I+D+i,\u00a0<\/strong> con la solvencia a\u00f1adida que aporta la pertenencia a una instituci\u00f3n de prestigio internacional como \u00a0la<strong> Universidad de Sevilla<\/strong>.<\/p><p>Nuestros servicios cubren tres escalas distintas:\u00a0<a href=\"http:\/\/grupo.us.es\/hac\/smart-house\/\"><strong><span style=\"text-decoration: underline;\"><span style=\"color: #808080; text-decoration: underline;\">Smart House<\/span><\/span><\/strong><\/a> o <strong>dom\u00e9stica<\/strong>, <span style=\"color: #808080;\"><a style=\"color: #808080;\" href=\"http:\/\/grupo.us.es\/hac\/smart-building\/\"><strong><span style=\"text-decoration: underline;\">Smart Building<\/span><\/strong><\/a>\u00a0<\/span>o <strong>edificatoria<\/strong> y\u00a0<a href=\"http:\/\/grupo.us.es\/hac\/smart-city\/\"><strong><span style=\"color: #808080;\"><span style=\"text-decoration: underline;\">Smart City<\/span><\/span> <\/strong><\/a>o<strong>\u00a0urbana<\/strong>. El cat\u00e1logo detallado de los mismos se puede descargar en los enlaces dispuestos en el inferior de esta secci\u00f3n.<\/p><p>[\/et_pb_text][\/et_pb_column][\/et_pb_row][et_pb_row][et_pb_column type=\"4_4\"][et_pb_text _builder_version=\"3.0.89\" background_layout=\"light\"]<\/p><p class=\"font_8\"><strong><span style=\"color: #333333;\">C\u00f3digos SIC\u00a0(Subject Index Codes)<\/span>:<\/strong><\/p><p class=\"font_8\">1.2.15 Gesti\u00f3n de Conocimiento, Gesti\u00f3n de Procesos; 1.2.18 Interfaces de usuario, Usabilidad; 1.2.20 Software de Automatizaci\u00f3n de Edificios; 1.2.21 Control Remoto; 1.2.22 Aplicaciones Inteligentes; 1.3.1 Aplicaciones para Sanidad; 1.3.6 Sistemas de Gesti\u00f3n Medioambiental y Sistemas de Gesti\u00f3n Documental; 1.3.7 GIS Sistemas de Informaci\u00f3n Geogr\u00e1fica; 1.3.9 Sistema de Gesti\u00f3n de Calidad; 1.3.10 Sistema de Gesti\u00f3n del Mantenimiento; 1.4.1 Herencia Cultural; 1.4.6 Visualizaci\u00f3n, Realidad Virtual; 1.5.3 Comunicaciones M\u00f3viles; 2.1. Dise\u00f1o y Modelado \/ Prototipos; 2.6 Tecnolog\u00eda de la Construcci\u00f3n; 2.7 Tecnolog\u00eda de Materiales; 10 Protecci\u00f3n del hombre y del medioambiente.<\/p><p class=\"font_8\"><strong><span style=\"color: #333333;\">C\u00f3digos de Actividades Industriales VEIC\u00a0(Venture Economics Industry Codes):<\/span><\/strong><\/p><p class=\"font_8\">2.6.3 Servicios de formaci\u00f3n; 2.6.4 Servicios de introducci\u00f3n, proceso y an\u00e1lisis de datos; 5.2.1 Servicios terap\u00e9uticos; 7.4.3 Hogar y Muebles; 8.2.1 Gesti\u00f3n energ\u00e9tica. Incluye Eficiencia Energ\u00e9tica; 8.2.2 Equipos industriales de medida y sensores; 8.2.3 Sistemas y equipos para control de procesos; 8.2.5 Sistemas y software de visi\u00f3n artificial; 9.3.5 Servicios de Consultor\u00eda; 9.3.5.4-CV Servicios de Consultor\u00eda del sector Bio-Salud; 9.3.5.6-CV Servicios de Consultor\u00eda del sector TIC; 9.3.5.9-CV Promoci\u00f3n innovaci\u00f3n, Transf. Tecnol\u00f3gica y otros; 9.3.7.1-CV Asuntos\/Servicios Sociales; 9.7.5 Servicios para la construcci\u00f3n; 9.7.5.1-CV Conservaci\u00f3n del Patrimonio arquitect\u00f3nico; 9.7.5.2-CV Dom\u00f3tica.<\/p><p>[\/et_pb_text][\/et_pb_column][\/et_pb_row][et_pb_row][et_pb_column type=\"4_4\"][et_pb_text _builder_version=\"3.0.89\" background_layout=\"light\" module_alignment=\"center\" text_orientation=\"center\"]<\/p><h4 style=\"text-align: center;\"><strong>SERVICIOS \u00a0 I + D + i<\/strong><\/h4><h4 style=\"text-align: center;\">[button link=\"\/hac\/wp-content\/uploads\/2018\/02\/CATALOGO-GENERAL-SERVICIOS-IDi_HAC.pdf\" color=\"black\" newwindow=\"yes\"] Descargar cat\u00e1logo general[\/button]<\/h4><p>[\/et_pb_text][et_pb_text _builder_version=\"3.0.89\" background_layout=\"light\" module_alignment=\"center\" text_orientation=\"center\"]<\/p><h4>\u00a0<a href=\"http:\/\/grupo.us.es\/hac\/smart-house\/\"><img class=\"alignnone wp-image-897 size-full\" src=\"http:\/\/grupo.us.es\/hac\/wp-content\/uploads\/2018\/02\/Smart-House.jpg\" alt=\"\" width=\"148\" height=\"125\" \/><\/a><a href=\"http:\/\/grupo.us.es\/hac\/smart-building\/\"><img class=\"alignnone wp-image-895 size-full\" src=\"http:\/\/grupo.us.es\/hac\/wp-content\/uploads\/2018\/02\/smart-building.jpg\" alt=\"\" width=\"145\" height=\"125\" \/><\/a><a href=\"http:\/\/grupo.us.es\/hac\/smart-city\/\">\u00a0<img class=\"alignnone wp-image-896 size-full\" src=\"http:\/\/grupo.us.es\/hac\/wp-content\/uploads\/2018\/02\/smart-city.jpg\" alt=\"\" width=\"134\" height=\"125\" \/><\/a><\/h4><p>[\/et_pb_text][et_pb_text _builder_version=\"3.0.89\" background_layout=\"light\"]<\/p><h1 style=\"text-align: center;\"><a href=\"http:\/\/grupo.us.es\/hac\/\"><span style=\"font-size: 52pt;\">\u00ab<\/span><\/a><\/h1><p>[\/et_pb_text][\/et_pb_column][\/et_pb_row][\/et_pb_section]<\/p>","_et_gb_content_width":"","wpupg_custom_link":[],"wpupg_custom_link_behaviour":["default"],"wpupg_custom_link_nofollow":[],"wpupg_custom_image":[],"wpupg_custom_image_id":[],"footnotes":""},"class_list":["post-1569","page","type-page","status-publish","hentry"],"_links":{"self":[{"href":"https:\/\/grupo.us.es\/hac\/en\/wp-json\/wp\/v2\/pages\/1569","targetHints":{"allow":["GET"]}}],"collection":[{"href":"https:\/\/grupo.us.es\/hac\/en\/wp-json\/wp\/v2\/pages"}],"about":[{"href":"https:\/\/grupo.us.es\/hac\/en\/wp-json\/wp\/v2\/types\/page"}],"author":[{"embeddable":true,"href":"https:\/\/grupo.us.es\/hac\/en\/wp-json\/wp\/v2\/users\/2"}],"replies":[{"embeddable":true,"href":"https:\/\/grupo.us.es\/hac\/en\/wp-json\/wp\/v2\/comments?post=1569"}],"version-history":[{"count":0,"href":"https:\/\/grupo.us.es\/hac\/en\/wp-json\/wp\/v2\/pages\/1569\/revisions"}],"wp:attachment":[{"href":"https:\/\/grupo.us.es\/hac\/en\/wp-json\/wp\/v2\/media?parent=1569"}],"curies":[{"name":"wp","href":"https:\/\/api.w.org\/{rel}","templated":true}]}}