{"id":1560,"date":"2018-03-20T13:47:42","date_gmt":"2018-03-20T13:47:42","guid":{"rendered":"http:\/\/grupo.us.es\/hac\/?page_id=1560\/"},"modified":"2025-12-08T10:00:18","modified_gmt":"2025-12-08T10:00:18","slug":"jose-m-mera-gomez","status":"publish","type":"page","link":"https:\/\/grupo.us.es\/hac\/en\/about-us\/jose-m-mera-gomez\/","title":{"rendered":"Jos\u00e9 M. Mera"},"content":{"rendered":"<p>[et_pb_section bb_built=&#8221;1&#8243; _builder_version=&#8221;3.0.89&#8243;][et_pb_row][et_pb_column type=&#8221;1_3&#8243;][et_pb_image _builder_version=&#8221;3.0.89&#8243; src=&#8221;http:\/\/grupo.us.es\/hac\/wp-content\/uploads\/2018\/01\/3806e1_2887c8caaf1d4d7bae25da03efcef1ce_mv2.jpg&#8221; show_in_lightbox=&#8221;off&#8221; url_new_window=&#8221;off&#8221; use_overlay=&#8221;off&#8221; always_center_on_mobile=&#8221;on&#8221; force_fullwidth=&#8221;off&#8221; show_bottom_space=&#8221;on&#8221; module_class=&#8221;foto-personal&#8221; \/][et_pb_text _builder_version=&#8221;3.0.89&#8243; background_layout=&#8221;light&#8221;]<\/p>\n<h4 style=\"text-align: center;\"><strong>JOSE MANUEL MERA-G\u00d3MEZ<\/strong><\/h4>\n<p style=\"text-align: center;\"><strong><em>Building Engineer<br \/>\n<\/em><\/strong><\/p>\n<p>[\/et_pb_text][\/et_pb_column][et_pb_column type=&#8221;2_3&#8243;][et_pb_text _builder_version=&#8221;3.0.89&#8243; background_layout=&#8221;light&#8221; module_class=&#8221;texto-personal&#8221;]<\/p>\n<p>Degree in Technical Architecture and Building Engineering. Since the year 1996, he has carried out work and research at the State Reference Centre for Personal Autonomy and Technical Aid (CEAPAT), an independent body of IMSERSO. In the Architecture department of this organisation, he has participated in the training of professionals and has developed great experience in the adaption of homes for older people and people with disabilities, as well as the elimination of barriers in housing blocks. The development and integration of automation in homes for older people has been of special importance; and in particular, the testing and application of KNX technology in an experimental home within the CRMF of San Fernando (Cadiz). He has participated as an expert in the work group that developed the Regional Government of Andalusia\u2019s Accessibility Decree. He has participated as a co-author in the book \u201cR&amp;D&amp;I White Book to help disabled people and elderly people\u201d, edited by the Ministry of Work and Social Issues, the Ministry of Science and Technology and CERMI. 2003 as well as in the publication \u201cElderly people and Technology\u201d edited by the Institute of Migrations and Social Services (IMSERSO). He combines this work with his professional work as a technical architect and building engineer.<\/p>\n<p>[\/et_pb_text][\/et_pb_column][\/et_pb_row][\/et_pb_section]<\/p>\n","protected":false},"excerpt":{"rendered":"<p><div class=\"et_pb_row et_pb_row_0 et_pb_row_empty\">\n\t\t\t\t\n\t\t\t\t\n\t\t\t\t\n\t\t\t\t\n\t\t\t\t\n\t\t\t<\/div> JOSE MANUEL MERA-G\u00d3MEZ Building Engineer Degree in Technical Architecture and Building Engineering. Since the year 1996, he has carried out work and research at the State Reference Centre for Personal Autonomy and Technical Aid (CEAPAT), an independent body of IMSERSO. In the Architecture department of this organisation, he has participated in the training of [&hellip;]<\/p>\n","protected":false},"author":2,"featured_media":0,"parent":4642,"menu_order":0,"comment_status":"closed","ping_status":"closed","template":"","meta":{"_et_pb_use_builder":"on","_et_pb_old_content":"[et_pb_section bb_built=\"1\" _builder_version=\"3.0.89\"][et_pb_row][et_pb_column type=\"1_3\"][et_pb_image _builder_version=\"3.0.89\" src=\"http:\/\/grupo.us.es\/hac\/wp-content\/uploads\/2018\/01\/3806e1_2887c8caaf1d4d7bae25da03efcef1ce_mv2.jpg\" show_in_lightbox=\"off\" url_new_window=\"off\" use_overlay=\"off\" always_center_on_mobile=\"on\" force_fullwidth=\"off\" show_bottom_space=\"on\" module_class=\"foto-personal\" \/][et_pb_text _builder_version=\"3.0.89\" background_layout=\"light\"]\r\n<h4 style=\"text-align: center;\"><strong>JOSE MANUEL MERA G\u00d3MEZ<\/strong><\/h4>\r\n<p style=\"text-align: center;\"><strong><em>Dr Arquitecto<\/em><\/strong><\/p>\r\n[\/et_pb_text][\/et_pb_column][et_pb_column type=\"2_3\"][et_pb_text _builder_version=\"3.0.89\" background_layout=\"light\" module_class=\"texto-personal\"]\r\n\r\nArquitecto T\u00e9cnico e Ingeniero de la Edificaci\u00f3n. Desde el a\u00f1o 1996 desarrolla su trabajo e investigaciones en el Centro de Referencia Estatal de Autonom\u00eda Personal y Ayudas T\u00e9cnicas (CEAPAT), entidad dependiente del IMSERSO. Desde el \u00e1rea de Arquitectura de este organismo, ha participado en la formaci\u00f3n de profesionales y ha desarrollado una gran experiencia en la adaptaci\u00f3n de viviendas para personas mayores y discapacitados, as\u00ed como en la eliminaci\u00f3n de barreras en bloques de viviendas. De especial importancia ha sido el desarrollo e integraci\u00f3n de la dom\u00f3tica en viviendas para para personas mayores; y en particular el ensayo y aplicaci\u00f3n de la tecnolog\u00eda KNX en una vivienda experimental dentro del CRMF de San Fernando (C\u00e1diz). Ha participado como experto en el grupo de trabajo que desarrollo el decreto de Accesibilidad de la Junta de Andaluc\u00eda. Ha sido participado como coautor en el libro \u201cLibro Blanco I+D+I al servicio de las personas con discapacidad y las personas mayores\u201d, editado por el Ministerio de Trabajo y Asuntos Sociales, Ministerio de Ciencia y Tecnolog\u00eda, CERMI. 2003 as\u00ed como en la publicaci\u00f3n \u201cLos mayores y las Tecnolog\u00edas\u201d editado por el Instituto de Migraciones y Servicios Sociales (IMSERSO). Compagina estas labores con su actividad profesional como arquitecto t\u00e9cnico e ingeniero de la edificaci\u00f3n.\r\n\r\n[\/et_pb_text][et_pb_button _builder_version=\"3.0.89\" button_text=\"VER PRODUCCI\u00d3N CIENT\u00cdFICA \" button_url=\"#\" url_new_window=\"on\" background_layout=\"light\" custom_button=\"on\" button_icon_placement=\"right\" module_class=\"boton-personal\" button_text_size=\"15\" button_text_color=\"#000000\" button_border_width=\"1\" button_border_color=\"#000000\" button_border_radius=\"0\" \/][\/et_pb_column][\/et_pb_row][\/et_pb_section]","_et_gb_content_width":"","wpupg_custom_link":[],"wpupg_custom_link_behaviour":["default"],"wpupg_custom_link_nofollow":[],"wpupg_custom_image":[],"wpupg_custom_image_id":[],"footnotes":""},"class_list":["post-1560","page","type-page","status-publish","hentry"],"_links":{"self":[{"href":"https:\/\/grupo.us.es\/hac\/en\/wp-json\/wp\/v2\/pages\/1560","targetHints":{"allow":["GET"]}}],"collection":[{"href":"https:\/\/grupo.us.es\/hac\/en\/wp-json\/wp\/v2\/pages"}],"about":[{"href":"https:\/\/grupo.us.es\/hac\/en\/wp-json\/wp\/v2\/types\/page"}],"author":[{"embeddable":true,"href":"https:\/\/grupo.us.es\/hac\/en\/wp-json\/wp\/v2\/users\/2"}],"replies":[{"embeddable":true,"href":"https:\/\/grupo.us.es\/hac\/en\/wp-json\/wp\/v2\/comments?post=1560"}],"version-history":[{"count":1,"href":"https:\/\/grupo.us.es\/hac\/en\/wp-json\/wp\/v2\/pages\/1560\/revisions"}],"predecessor-version":[{"id":10055,"href":"https:\/\/grupo.us.es\/hac\/en\/wp-json\/wp\/v2\/pages\/1560\/revisions\/10055"}],"up":[{"embeddable":true,"href":"https:\/\/grupo.us.es\/hac\/en\/wp-json\/wp\/v2\/pages\/4642"}],"wp:attachment":[{"href":"https:\/\/grupo.us.es\/hac\/en\/wp-json\/wp\/v2\/media?parent=1560"}],"curies":[{"name":"wp","href":"https:\/\/api.w.org\/{rel}","templated":true}]}}