{"id":1558,"date":"2018-03-20T13:45:35","date_gmt":"2018-03-20T13:45:35","guid":{"rendered":"http:\/\/grupo.us.es\/hac\/?page_id=1558\/"},"modified":"2025-12-08T10:00:03","modified_gmt":"2025-12-08T10:00:03","slug":"guadalupe-romero-vergara","status":"publish","type":"page","link":"https:\/\/grupo.us.es\/hac\/en\/about-us\/guadalupe-romero-vergara\/","title":{"rendered":"Guadalupe Romero"},"content":{"rendered":"<p>[et_pb_section bb_built=&#8221;1&#8243; _builder_version=&#8221;3.0.89&#8243;][et_pb_row][et_pb_column type=&#8221;1_3&#8243;][et_pb_image _builder_version=&#8221;3.0.89&#8243; src=&#8221;http:\/\/grupo.us.es\/hac\/wp-content\/uploads\/2018\/03\/Guadalupe-foto-web.png&#8221; show_in_lightbox=&#8221;off&#8221; url_new_window=&#8221;off&#8221; use_overlay=&#8221;off&#8221; always_center_on_mobile=&#8221;on&#8221; force_fullwidth=&#8221;off&#8221; show_bottom_space=&#8221;on&#8221; module_class=&#8221;foto-personal&#8221; \/][et_pb_text _builder_version=&#8221;3.0.89&#8243; background_layout=&#8221;light&#8221;]<\/p>\n<h4 style=\"text-align: center;\"><strong>Guadalupe Romero-Vergara<\/strong><\/h4>\n<p style=\"text-align: center;\"><strong><em>Degree in Architecture<\/em><\/strong><\/p>\n<p>[\/et_pb_text][\/et_pb_column][et_pb_column type=&#8221;2_3&#8243;][et_pb_text _builder_version=&#8221;3.0.89&#8243; background_layout=&#8221;light&#8221; module_class=&#8221;texto-personal&#8221;]<\/p>\n<p>Degree in Architecture from the School of Architecture in Seville (2016), obtaining the qualification of distinction for her Bachelor Dissertation entitled \u201cArchitecture for Alzheimer\u2019s, adaptable residences or homes? National and international experiences\u201d, classified in this group\u2019s line of research: \u201cDesigning tailored spaces for the absence of memory.\u201d<\/p>\n<p>She is co-editor of the publication \u201cArchitecture and Alzheimer\u2019s: 12 new buildings for emerging needs\u201d (2018) and she has participated in the creation of the posters \u201cNew techniques in architectural research to determine the influence of the physical environment on Alzheimer&#8217;s sufferers\u201d for the Alzheimer\u2019s Global Summit in Lisbon (2017) and \u201cProposal of a new architectural typology for patients with Alzheimer\u2019s: preliminary study\u201d for the Five Malaga Alzheimer\u2019s Workshops (2016). She is also co-author of two chapters of a book published in Granada in 2017. She has participated in several architecture competitions, of note, the proposal for \u201cArch medium: competition for the creation of the Vienna House of Music\u201d in which she ended up one of the ten selected (2011). He participated in the Workshop \u201cLandscape Architecture. Delf\u201d held in Holland (2012).<\/p>\n<p>She is currently carrying out the University Master in Architecture at the School of Architecture in Seville and working as support staff for the University of Seville research in the Isla de la Cartuja Scientific Research Centre, in which since the month of May 2017, she has carried out activities related to the Platform of Biomolecular Interactions and the research projects of the Biointeractomics group.<\/p>\n<p>ORCID iD:\u00a0<span style=\"color: #808080;\"><strong><a style=\"color: #808080;\" href=\"https:\/\/orcid.org\/0000-0001-5854-4682?lang=es\">0000-0001-5854-4682\u00a0 <img loading=\"lazy\" decoding=\"async\" class=\"alignnone  wp-image-894\" src=\"https:\/\/grupo.us.es\/hac\/wp-content\/uploads\/2018\/02\/Orcid.png\" alt=\"\" width=\"24\" height=\"24\" srcset=\"https:\/\/grupo.us.es\/hac\/wp-content\/uploads\/2018\/02\/Orcid.png 225w, https:\/\/grupo.us.es\/hac\/wp-content\/uploads\/2018\/02\/Orcid-150x150.png 150w\" sizes=\"(max-width: 24px) 100vw, 24px\" \/><\/a><\/strong><\/span><\/p>\n<p>[\/et_pb_text][\/et_pb_column][\/et_pb_row][\/et_pb_section]<\/p>\n","protected":false},"excerpt":{"rendered":"<p><div class=\"et_pb_row et_pb_row_0 et_pb_row_empty\">\n\t\t\t\t\n\t\t\t\t\n\t\t\t\t\n\t\t\t\t\n\t\t\t\t\n\t\t\t<\/div> Guadalupe Romero-Vergara Degree in Architecture Degree in Architecture from the School of Architecture in Seville (2016), obtaining the qualification of distinction for her Bachelor Dissertation entitled \u201cArchitecture for Alzheimer\u2019s, adaptable residences or homes? National and international experiences\u201d, classified in this group\u2019s line of research: \u201cDesigning tailored spaces for the absence of memory.\u201d She is [&hellip;]<\/p>\n","protected":false},"author":2,"featured_media":0,"parent":4642,"menu_order":0,"comment_status":"closed","ping_status":"closed","template":"","meta":{"_et_pb_use_builder":"on","_et_pb_old_content":"[et_pb_section bb_built=\"1\" _builder_version=\"3.0.89\"][et_pb_row][et_pb_column type=\"1_3\"][et_pb_image _builder_version=\"3.0.89\" src=\"http:\/\/grupo.us.es\/hac\/wp-content\/uploads\/2018\/03\/Guadalupe-foto-web.png\" show_in_lightbox=\"off\" url_new_window=\"off\" use_overlay=\"off\" always_center_on_mobile=\"on\" force_fullwidth=\"off\" show_bottom_space=\"on\" module_class=\"foto-personal\" \/][et_pb_text _builder_version=\"3.0.89\" background_layout=\"light\"]\r\n<h4 style=\"text-align: center;\"><strong>Guadalupe Romero-Vergara<\/strong><\/h4>\r\n<p style=\"text-align: center;\"><strong><em>Dr Arquitecto<\/em><\/strong><\/p>\r\n[\/et_pb_text][\/et_pb_column][et_pb_column type=\"2_3\"][et_pb_text _builder_version=\"3.0.89\" background_layout=\"light\" module_class=\"texto-personal\"]\r\n\r\nGrado en Arquitectura por la Escuela T\u00e9cnica Superior de Arquitectura de Sevilla (2016) obteniendo la calificaci\u00f3n de sobresaliente en el Trabajo Fin de Grado titulado \u201cArquitectura para el alzh\u00e9imer, \u00bfresidencias o viviendas adaptables?, experiencias nacionales e internacionales\u201d, como parte de la l\u00ednea de investigaci\u00f3n \u201cProyectar para la ausencia de memoria\u201d del grupo HAC.\r\n\r\nEs co-editora de la publicaci\u00f3n \u201cArquitectura y alzh\u00e9imer: 12 nuevos edificios para necesidades emergentes\u201d (2018) y ha participado en la elaboraci\u00f3n de los p\u00f3ster \u201cNew techniques in architectural research to determine the influence of the physical environment on Alzheimer's sufferers\u201d para el Alzheimer\u2019s Global Summit de Lisboa (2017) y \u201cPropuesta de nueva tipolog\u00eda arquitect\u00f3nica para enfermos con alzh\u00e9imer: estudio preliminar\u201d para las V Jornadas M\u00e1laga Alzheimer (2016) Tambi\u00e9n es co-autora de dos cap\u00edtulos de libro publicados en Granada durante 2017. Ha participado en varios concursos de arquitectura, destacando la propuesta para \u201cArch Medium: concurso para la creaci\u00f3n de la Viena House of Music\u201d en la que ha quedado entre las diez seleccionadas (2011). Ha participado en el Workshop \u201cLandscape Architecture. Delf\u201d celebrado en Holanda (2012)\r\n\r\nActualmente se encuentra realizando el M\u00e1ster Universitario en Arquitectura en la E.T.S.A de Sevilla y trabajando como personal de apoyo a la investigaci\u00f3n de la Universidad de Sevilla en el Centro de Investigaciones Cient\u00edficas Isla de la Cartuja, en el que, desde el mes de mayo del 2017, desarrolla actividades relacionadas con la Plataforma de Interacciones Biomoleculares y los proyectos de investigaci\u00f3n del grupo Biointeract\u00f3mica.\r\n\r\nORCID iD:\u00a0<span style=\"color: #808080;\"><strong><a style=\"color: #808080;\" href=\"https:\/\/orcid.org\/0000-0001-5854-4682?lang=es\">0000-0001-5854-4682 \u00a0 \u00a0 <\/a><\/strong><\/span>\r\n\r\n[\/et_pb_text][et_pb_button _builder_version=\"3.0.89\" button_text=\"VER PRODUCCI\u00d3N CIENT\u00cdFICA \" button_url=\"https:\/\/investigacion.us.es\/sisius\/sis_showpub.php?idpers=2014\" url_new_window=\"on\" background_layout=\"light\" custom_button=\"on\" button_icon_placement=\"right\" module_class=\"boton-personal\" button_text_size=\"15\" button_text_color=\"#000000\" button_border_width=\"1\" button_border_color=\"#000000\" button_border_radius=\"0\" \/][\/et_pb_column][\/et_pb_row][\/et_pb_section]","_et_gb_content_width":"","wpupg_custom_link":[],"wpupg_custom_link_behaviour":["default"],"wpupg_custom_link_nofollow":[],"wpupg_custom_image":[],"wpupg_custom_image_id":[],"footnotes":""},"class_list":["post-1558","page","type-page","status-publish","hentry"],"_links":{"self":[{"href":"https:\/\/grupo.us.es\/hac\/en\/wp-json\/wp\/v2\/pages\/1558","targetHints":{"allow":["GET"]}}],"collection":[{"href":"https:\/\/grupo.us.es\/hac\/en\/wp-json\/wp\/v2\/pages"}],"about":[{"href":"https:\/\/grupo.us.es\/hac\/en\/wp-json\/wp\/v2\/types\/page"}],"author":[{"embeddable":true,"href":"https:\/\/grupo.us.es\/hac\/en\/wp-json\/wp\/v2\/users\/2"}],"replies":[{"embeddable":true,"href":"https:\/\/grupo.us.es\/hac\/en\/wp-json\/wp\/v2\/comments?post=1558"}],"version-history":[{"count":1,"href":"https:\/\/grupo.us.es\/hac\/en\/wp-json\/wp\/v2\/pages\/1558\/revisions"}],"predecessor-version":[{"id":10053,"href":"https:\/\/grupo.us.es\/hac\/en\/wp-json\/wp\/v2\/pages\/1558\/revisions\/10053"}],"up":[{"embeddable":true,"href":"https:\/\/grupo.us.es\/hac\/en\/wp-json\/wp\/v2\/pages\/4642"}],"wp:attachment":[{"href":"https:\/\/grupo.us.es\/hac\/en\/wp-json\/wp\/v2\/media?parent=1558"}],"curies":[{"name":"wp","href":"https:\/\/api.w.org\/{rel}","templated":true}]}}