{"id":1556,"date":"2018-03-20T13:38:27","date_gmt":"2018-03-20T13:38:27","guid":{"rendered":"http:\/\/grupo.us.es\/hac\/?page_id=1556\/"},"modified":"2025-12-08T10:00:48","modified_gmt":"2025-12-08T10:00:48","slug":"pablo-valero-flores","status":"publish","type":"page","link":"https:\/\/grupo.us.es\/hac\/en\/about-us\/pablo-valero-flores\/","title":{"rendered":"Pablo J. Valero"},"content":{"rendered":"<p>[et_pb_section bb_built=&#8221;1&#8243; _builder_version=&#8221;3.0.89&#8243;][et_pb_row][et_pb_column type=&#8221;1_3&#8243;][et_pb_image _builder_version=&#8221;3.0.89&#8243; src=&#8221;http:\/\/grupo.us.es\/hac\/wp-content\/uploads\/2018\/01\/3806e1_9bbefc45bbd8408bbda8676bbb831132_mv2.jpg&#8221; show_in_lightbox=&#8221;off&#8221; url_new_window=&#8221;off&#8221; use_overlay=&#8221;off&#8221; always_center_on_mobile=&#8221;on&#8221; force_fullwidth=&#8221;off&#8221; show_bottom_space=&#8221;on&#8221; module_class=&#8221;foto-personal&#8221; \/][et_pb_text _builder_version=&#8221;3.0.89&#8243; background_layout=&#8221;light&#8221;]<\/p>\n<h4 style=\"text-align: center;\"><strong>PABLO J. VALERO-FLORES<\/strong><\/h4>\n<p style=\"text-align: center;\"><strong><em>PhD Architect<\/em><\/strong><\/p>\n<p>[\/et_pb_text][\/et_pb_column][et_pb_column type=&#8221;2_3&#8243;][et_pb_text _builder_version=&#8221;3.0.89&#8243; background_layout=&#8221;light&#8221; module_class=&#8221;texto-personal&#8221;]<\/p>\n<p>PhD. Architect from the University of Malaga (2023) in the doctoral programme in Biomedicine, Translation Research and New Health Technologies of the Faculty of Medicine with the doctoral thesis: &#8220;Influence of the spatial environment on users with Alzheimer\u2019s disease: Parameters, project criteria, and architectural design principles&#8221;. He obtained his degree at the School of Architecture of Granada (2012). He has also completed postgraduate studies at the Polytechnic University of Madrid on Building Rehabilitation and Heritage Conservation (2013), subsequently supplemented by a Master in Town and Country Planning and Urban Development at the University of Malaga (2014). He is an active researcher of the Healthy Architecture &amp; City research group, actively participating in the DETER research project, funded by the Junta de Andaluc\u00eda \/ FEDER-UE, and the ALZARQ project, funded by the Spanish Ministry of Science and Innovation. Since 2018, he has taught in the Master of Architecture as an external collaborating professor of the Department of Architectural Design at the School of Architecture of the University of Seville.<\/p>\n<p>He has participated in several international conferences with different contributions relating to his field of research, among which the following are worth noting: New urban needs: health, population aging and new social groups, conditions of the city model, Praga (2016), Architecture as a creative practice to improve living conditions and social welfare of patients with Alzheimer\u2019s and their environment, Sevilla (2016). Currently, he combines this research activity with his professional work as an architect, finding synergies and knowledge transfers between the two.<\/p>\n<p>ORCID iD:&nbsp;<strong> <span style=\"text-decoration: underline;\"><span style=\"color: #808080;\"><a style=\"color: #808080; text-decoration: underline;\" href=\"https:\/\/orcid.org\/0000-0002-2903-4410\" target=\"orcid.blank\" rel=\"noopener\">0000-0002-2903-4410<\/a><\/span><\/span> <span style=\"color: #808080;\">&nbsp;<\/span><span style=\"text-decoration: underline;\"><span style=\"color: #808080;\"><a style=\"color: #808080;\" href=\"https:\/\/orcid.org\/0000-0002-2903-4410\"><img loading=\"lazy\" decoding=\"async\" class=\"alignnone wp-image-894\" src=\"http:\/\/grupo.us.es\/hac\/wp-content\/uploads\/2018\/02\/Orcid.png\" alt=\"\" width=\"28\" height=\"28\" srcset=\"https:\/\/grupo.us.es\/hac\/wp-content\/uploads\/2018\/02\/Orcid.png 225w, https:\/\/grupo.us.es\/hac\/wp-content\/uploads\/2018\/02\/Orcid-150x150.png 150w\" sizes=\"(max-width: 28px) 100vw, 28px\" \/><\/a><\/span><\/span><\/strong><\/p>\n<p>[\/et_pb_text][\/et_pb_column][\/et_pb_row][\/et_pb_section]<\/p>\n","protected":false},"excerpt":{"rendered":"<p><div class=\"et_pb_row et_pb_row_0 et_pb_row_empty\">\n\t\t\t\t\n\t\t\t\t\n\t\t\t\t\n\t\t\t\t\n\t\t\t\t\n\t\t\t<\/div> PABLO J. VALERO-FLORES PhD Architect PhD. Architect from the University of Malaga (2023) in the doctoral programme in Biomedicine, Translation Research and New Health Technologies of the Faculty of Medicine with the doctoral thesis: &#8220;Influence of the spatial environment on users with Alzheimer\u2019s disease: Parameters, project criteria, and architectural design principles&#8221;. He obtained his [&hellip;]<\/p>\n","protected":false},"author":2,"featured_media":0,"parent":4642,"menu_order":0,"comment_status":"closed","ping_status":"closed","template":"","meta":{"_et_pb_use_builder":"on","_et_pb_old_content":"[et_pb_section bb_built=\"1\" _builder_version=\"3.0.89\"][et_pb_row][et_pb_column type=\"1_3\"][et_pb_image _builder_version=\"3.0.89\" src=\"http:\/\/grupo.us.es\/hac\/wp-content\/uploads\/2018\/01\/3806e1_9bbefc45bbd8408bbda8676bbb831132_mv2.jpg\" show_in_lightbox=\"off\" url_new_window=\"off\" use_overlay=\"off\" always_center_on_mobile=\"on\" force_fullwidth=\"off\" show_bottom_space=\"on\" module_class=\"foto-personal\" \/][et_pb_text _builder_version=\"3.0.89\" background_layout=\"light\"]\r\n<h4 style=\"text-align: center;\"><strong>PABLO VALERO FLORES<\/strong><\/h4>\r\n<p style=\"text-align: center;\"><strong><em>Dr Arquitecto<\/em><\/strong><\/p>\r\n[\/et_pb_text][\/et_pb_column][et_pb_column type=\"2_3\"][et_pb_text _builder_version=\"3.0.89\" background_layout=\"light\" module_class=\"texto-personal\"]\r\n\r\nArquitecto, titulado por la Escuela T\u00e9cnica Superior de Arquitectura de Granada (2012). Ha realizado sus estudios de posgrado en la Universidad Polit\u00e9cnica de Madrid realizando un curso de Experto en Rehabilitaci\u00f3n de Edificios y Conservaci\u00f3n del Patrimonio (2013), posteriormente completados con M\u00e1ster en Ordenaci\u00f3n del Territorio y Urbanismo en la Universidad de M\u00e1laga (2014). Desde el a\u00f1o 2015 est\u00e1 desarrollando su tesis doctoral, dentro de la l\u00ednea de investigaci\u00f3n \u201cProyectar para la ausencia de memoria\u201d del grupo Healthy Architecture & City, como doctorando del programa de doctorado en Biomedicina, Investigaci\u00f3n Traslaciones y Nuevas Tecnolog\u00edas en Salud de la Universidad de M\u00e1laga.\r\n\r\n\u200bHa participado en varios congresos internacionales con diferentes aportaciones relacionadas con su campo de investigaci\u00f3n, entre las que destacan: New urban needs: health, population aging and new social groups, conditions of the city model, Praga (2016), Architecture as a creative practice to improve living conditions and social welfare of patients with Alzheimer\u00b4s and their environment, Sevilla (2016). En la actualidad compagina esta actividad investigadora con el desarrollo de la actividad profesional como arquitecto, buscando sinergias y transferencias de conocimiento entre ambas.\r\n\r\nORCID iD:\u00a0<strong> <span style=\"text-decoration: underline;\"><span style=\"color: #808080;\"><a style=\"color: #808080; text-decoration: underline;\" href=\"https:\/\/orcid.org\/0000-0002-2903-4410\" target=\"orcid.blank\">0000-0002-2903-4410<\/a><\/span><\/span><\/strong>\r\n\r\n[\/et_pb_text][et_pb_button _builder_version=\"3.0.89\" button_text=\"VER PRODUCCI\u00d3N CIENT\u00cdFICA \" button_url=\"#\" url_new_window=\"on\" background_layout=\"light\" custom_button=\"on\" button_icon_placement=\"right\" module_class=\"boton-personal\" button_text_size=\"15\" button_text_color=\"#000000\" button_border_width=\"1\" button_border_color=\"#000000\" button_border_radius=\"0\" \/][\/et_pb_column][\/et_pb_row][\/et_pb_section]","_et_gb_content_width":"","wpupg_custom_link":[],"wpupg_custom_link_behaviour":["default"],"wpupg_custom_link_nofollow":[],"wpupg_custom_image":[],"wpupg_custom_image_id":[],"footnotes":""},"class_list":["post-1556","page","type-page","status-publish","hentry"],"_links":{"self":[{"href":"https:\/\/grupo.us.es\/hac\/en\/wp-json\/wp\/v2\/pages\/1556","targetHints":{"allow":["GET"]}}],"collection":[{"href":"https:\/\/grupo.us.es\/hac\/en\/wp-json\/wp\/v2\/pages"}],"about":[{"href":"https:\/\/grupo.us.es\/hac\/en\/wp-json\/wp\/v2\/types\/page"}],"author":[{"embeddable":true,"href":"https:\/\/grupo.us.es\/hac\/en\/wp-json\/wp\/v2\/users\/2"}],"replies":[{"embeddable":true,"href":"https:\/\/grupo.us.es\/hac\/en\/wp-json\/wp\/v2\/comments?post=1556"}],"version-history":[{"count":1,"href":"https:\/\/grupo.us.es\/hac\/en\/wp-json\/wp\/v2\/pages\/1556\/revisions"}],"predecessor-version":[{"id":10059,"href":"https:\/\/grupo.us.es\/hac\/en\/wp-json\/wp\/v2\/pages\/1556\/revisions\/10059"}],"up":[{"embeddable":true,"href":"https:\/\/grupo.us.es\/hac\/en\/wp-json\/wp\/v2\/pages\/4642"}],"wp:attachment":[{"href":"https:\/\/grupo.us.es\/hac\/en\/wp-json\/wp\/v2\/media?parent=1556"}],"curies":[{"name":"wp","href":"https:\/\/api.w.org\/{rel}","templated":true}]}}