{"id":1554,"date":"2018-03-20T13:34:59","date_gmt":"2018-03-20T13:34:59","guid":{"rendered":"http:\/\/grupo.us.es\/hac\/?page_id=1554\/"},"modified":"2025-12-08T10:00:11","modified_gmt":"2025-12-08T10:00:11","slug":"guillermo-pavon-torrejon","status":"publish","type":"page","link":"https:\/\/grupo.us.es\/hac\/en\/about-us\/guillermo-pavon-torrejon\/","title":{"rendered":"Guillermo Pav\u00f3n"},"content":{"rendered":"<p>[et_pb_section fb_built=&#8221;1&#8243; _builder_version=&#8221;4.16&#8243; global_colors_info=&#8221;{}&#8221;][et_pb_row column_structure=&#8221;1_3,2_3&#8243; _builder_version=&#8221;4.16&#8243; background_size=&#8221;initial&#8221; background_position=&#8221;top_left&#8221; background_repeat=&#8221;repeat&#8221; global_colors_info=&#8221;{}&#8221;][et_pb_column type=&#8221;1_3&#8243; _builder_version=&#8221;4.16&#8243; custom_padding=&#8221;|||&#8221; global_colors_info=&#8221;{}&#8221; custom_padding__hover=&#8221;|||&#8221;][et_pb_image src=&#8221;http:\/\/grupo.us.es\/hac\/wp-content\/uploads\/2018\/01\/3806e1_6af1935c69b24aaeba3fa352d0881b5f_mv2.jpg&#8221; align_tablet=&#8221;center&#8221; align_phone=&#8221;center&#8221; align_last_edited=&#8221;on|desktop&#8221; module_class=&#8221;foto-personal&#8221; _builder_version=&#8221;4.16&#8243; always_center_on_mobile=&#8221;on&#8221; global_colors_info=&#8221;{}&#8221;][\/et_pb_image][et_pb_text _builder_version=&#8221;4.27.4&#8243; global_colors_info=&#8221;{}&#8221;]<\/p>\n<h4 style=\"text-align: center;\"><strong>GUILLERMO PAV\u00d3N-TORREJ\u00d3N<\/strong><\/h4>\n<p style=\"text-align: center;\"><strong><em>PhD Architect<\/em><\/strong><\/p>\n<p>[\/et_pb_text][\/et_pb_column][et_pb_column type=&#8221;2_3&#8243; _builder_version=&#8221;4.16&#8243; custom_padding=&#8221;|||&#8221; global_colors_info=&#8221;{}&#8221; custom_padding__hover=&#8221;|||&#8221;][et_pb_text module_class=&#8221;texto-personal&#8221; _builder_version=&#8221;4.27.4&#8243; hover_enabled=&#8221;0&#8243; global_colors_info=&#8221;{}&#8221; sticky_enabled=&#8221;0&#8243;]<\/p>\n<p>Degree in Architecture from the School of Architecture in Seville (1994). <span class=\"HwtZe\" lang=\"en\"><span class=\"jCAhz ChMk0b\"><span class=\"ryNqvb\">He earned his PhD from the University of Seville with his thesis &#8220;Dispersed Architecture as Territorial Heritage. Application of the Muratorian Method to the Guadalquivir Valley: Territory, Production, Landscape,&#8221; presented in June 2025. <\/span><\/span><\/span>Runner-up for the 8th \u201cDredging and Constructions\u201d Prize for the Bachelor Thesis entitled: Church and parish centre, on the old plot of the Pirotecnia Cross complex in Seville. Master in Architecture and Historical Heritage from the University of Seville, (1997). Associate Lecturer in the Architectural Design Department at the University of Seville. He was a lecturer at the architectural planning seminar \u201cArchitecture in La Raya, 98\u201d, Portugal, and on the PhD Course \u201cHistorical Heritage Management\u201d at Pablo de Olavide University in Seville (2004). A member of the editorial committee of the Project, Progress and Architecture journal and spokesperson on the editorial board of the art journal, Cuaderno de los Amigos de los Museos de Osuna.<\/p>\n<p>The interest of his research and professional work revolves around urban analysis, regional analysis and intervention in architectural heritage. He has participated in research projects such as the Inventory Study of the great agricultural exploitations of Andalusia promoted by the Department of Public Works of the Regional Government of Andalusia. This resulted in some publications of the same name referring to the province of Seville, (2009) of which he is co-author. In the field of intervention in architectural heritage, he is author and co-author of various works and projects, some of which have been recognised on a national level, such as the project and intervention work in the old Alcazaba de Estepa, included by the Ministry for Development in the catalogue entitled Recovering Heritage. An in-depth look (2011).<\/p>\n<p>ORCID iD: <strong><span style=\"color: #808080;\"><a style=\"color: #808080;\" href=\"https:\/\/orcid.org\/0000-0002-3289-1245\"><span style=\"text-decoration: underline;\">0000-0002-3289-1245<\/span> \u00a0 \u00a0 <\/a><a style=\"color: #808080;\" href=\"https:\/\/orcid.org\/0000-0002-6108-459X\"><img loading=\"lazy\" decoding=\"async\" class=\"alignnone wp-image-894\" src=\"http:\/\/grupo.us.es\/hac\/wp-content\/uploads\/2018\/02\/Orcid.png\" alt=\"\" width=\"28\" height=\"28\" srcset=\"https:\/\/grupo.us.es\/hac\/wp-content\/uploads\/2018\/02\/Orcid.png 225w, https:\/\/grupo.us.es\/hac\/wp-content\/uploads\/2018\/02\/Orcid-150x150.png 150w\" sizes=\"(max-width: 28px) 100vw, 28px\" \/><\/a><\/span><\/strong><\/p>\n<p>[\/et_pb_text][et_pb_button button_url=&#8221;https:\/\/investigacion.us.es\/sisius\/sis_showpub.php?idpers=4736&#8243; url_new_window=&#8221;on&#8221; button_text=&#8221;See scientific output&#8221; module_class=&#8221;boton-personal&#8221; _builder_version=&#8221;4.16&#8243; custom_button=&#8221;on&#8221; button_text_size=&#8221;15&#8243; button_text_color=&#8221;#000000&#8243; button_border_width=&#8221;1&#8243; button_border_color=&#8221;#000000&#8243; button_border_radius=&#8221;0&#8243; global_colors_info=&#8221;{}&#8221; button_text_size__hover_enabled=&#8221;off&#8221; button_one_text_size__hover_enabled=&#8221;off&#8221; button_two_text_size__hover_enabled=&#8221;off&#8221; button_text_color__hover_enabled=&#8221;off&#8221; button_one_text_color__hover_enabled=&#8221;off&#8221; button_two_text_color__hover_enabled=&#8221;off&#8221; button_border_width__hover_enabled=&#8221;off&#8221; button_one_border_width__hover_enabled=&#8221;off&#8221; button_two_border_width__hover_enabled=&#8221;off&#8221; button_border_color__hover_enabled=&#8221;off&#8221; button_one_border_color__hover_enabled=&#8221;off&#8221; button_two_border_color__hover_enabled=&#8221;off&#8221; button_border_radius__hover_enabled=&#8221;off&#8221; button_one_border_radius__hover_enabled=&#8221;off&#8221; button_two_border_radius__hover_enabled=&#8221;off&#8221; button_letter_spacing__hover_enabled=&#8221;off&#8221; button_one_letter_spacing__hover_enabled=&#8221;off&#8221; button_two_letter_spacing__hover_enabled=&#8221;off&#8221; button_bg_color__hover_enabled=&#8221;off&#8221; button_one_bg_color__hover_enabled=&#8221;off&#8221; button_two_bg_color__hover_enabled=&#8221;off&#8221;][\/et_pb_button][\/et_pb_column][\/et_pb_row][\/et_pb_section]<\/p>\n","protected":false},"excerpt":{"rendered":"<p>GUILLERMO PAV\u00d3N-TORREJ\u00d3N PhD ArchitectDegree in Architecture from the School of Architecture in Seville (1994). He earned his PhD from the University of Seville with his thesis &#8220;Dispersed Architecture as Territorial Heritage. Application of the Muratorian Method to the Guadalquivir Valley: Territory, Production, Landscape,&#8221; presented in June 2025. Runner-up for the 8th \u201cDredging and Constructions\u201d Prize [&hellip;]<\/p>\n","protected":false},"author":2,"featured_media":0,"parent":4642,"menu_order":0,"comment_status":"closed","ping_status":"closed","template":"","meta":{"_et_pb_use_builder":"on","_et_pb_old_content":"[et_pb_section bb_built=\"1\" _builder_version=\"3.0.89\"][et_pb_row][et_pb_column type=\"1_3\"][et_pb_image _builder_version=\"3.0.89\" src=\"https:\/\/grupo.us.es\/hac\/wp-content\/uploads\/2018\/01\/3806e1_6af1935c69b24aaeba3fa352d0881b5f_mv2.jpg\" show_in_lightbox=\"off\" url_new_window=\"off\" use_overlay=\"off\" always_center_on_mobile=\"on\" force_fullwidth=\"off\" show_bottom_space=\"on\" module_class=\"foto-personal\" \/][et_pb_text _builder_version=\"3.0.89\" background_layout=\"light\"]\r\n<h4 style=\"text-align: center;\"><strong>GUILLERMO PAV\u00d3N-TORREJ\u00d3N<\/strong><\/h4>\r\n<p style=\"text-align: center;\"><strong><em>Dr Arquitecto<\/em><\/strong><\/p>\r\n[\/et_pb_text][\/et_pb_column][et_pb_column type=\"2_3\"][et_pb_text _builder_version=\"3.0.89\" background_layout=\"light\" module_class=\"texto-personal\"]\r\n\r\nArquitecto por la ETSA de Sevilla (1994). Acc\u00e9sit del XII Premio \"Dragados y Construcciones\" por el Proyecto Fin de Carrera titulado: Iglesia y centro parroquial, en el antiguo solar del complejo Pirotecnia Cross en Sevilla. M\u00e1ster en Arquitectura y Patrimonio Hist\u00f3rico por la Universidad de Sevilla, (1997). Profesor Colaborador del Departamento de Proyectos Arquitect\u00f3nicos de la E.T.S.A. de Sevilla. Ha sido profesor del seminario de proyectaci\u00f3n arquitect\u00f3nica \"Arquitecturas en la Raia, 98\", Portugal, y del Curso de Doctorado \"Gesti\u00f3n del Patrimonio Hist\u00f3rico\" de la Universidad Pablo de Olavide en Sevilla (2004). Miembro del comit\u00e9 editorial de la revista Proyecto, Progreso y Arquitectura, y vocal del consejo de redacci\u00f3n de la revista de arte Cuaderno de los Amigos de los Museos de Osuna.\r\n\r\n\u200bEl inter\u00e9s de su investigaci\u00f3n y acci\u00f3n profesional gira en torno al an\u00e1lisis urbano, el an\u00e1lisis territorial y la intervenci\u00f3n sobre el patrimonio arquitect\u00f3nico. Ha participado en proyectos de investigaci\u00f3n como el Estudio Inventario de las grandes explotaciones agr\u00edcolas de Andaluc\u00eda promovido por la Consejer\u00eda de Obras P\u00fablicas de la Junta de Andaluc\u00eda, fruto de la cual son las publicaciones de igual t\u00edtulo referidas a la provincia de Sevilla, (2009) de las que es co-autor. En el campo de la intervenci\u00f3n sobre el patrimonio arquitect\u00f3nico, es autor y co-autor de diversas obras y proyectos, algunos de los cuales han sido reconocidos a nivel nacional, como el proyecto y obra de intervenci\u00f3n en la antigua Alcazaba de Estepa, incluido por el Ministerio de Fomento en el cat\u00e1logo titulado Recuperar el Patrimonio. Una mirada en profundidad (2011).\r\n\r\nORCID iD: <strong><span style=\"color: #808080;\"><a style=\"color: #808080;\" href=\"https:\/\/orcid.org\/0000-0002-3289-1245\"><span style=\"text-decoration: underline;\">0000-0002-3289-1245<\/span> \u00a0 \u00a0\u00a0<\/a><a style=\"color: #808080;\" href=\"https:\/\/orcid.org\/0000-0002-6108-459X\"><img class=\"alignnone wp-image-894\" src=\"https:\/\/grupo.us.es\/hac\/wp-content\/uploads\/2018\/02\/Orcid.png\" alt=\"\" width=\"28\" height=\"28\" \/><\/a><\/span><\/strong>\r\n\r\n[\/et_pb_text][et_pb_button _builder_version=\"3.0.89\" button_text=\"VER PRODUCCI\u00d3N CIENT\u00cdFICA \" button_url=\"https:\/\/investigacion.us.es\/sisius\/sis_showpub.php?idpers=4736\" url_new_window=\"on\" background_layout=\"light\" custom_button=\"on\" button_icon_placement=\"right\" module_class=\"boton-personal\" button_text_size=\"15\" button_text_color=\"#000000\" button_border_width=\"1\" button_border_color=\"#000000\" button_border_radius=\"0\" \/][\/et_pb_column][\/et_pb_row][\/et_pb_section]","_et_gb_content_width":"","wpupg_custom_link":[],"wpupg_custom_link_behaviour":["default"],"wpupg_custom_link_nofollow":["default"],"wpupg_custom_image":[],"wpupg_custom_image_id":[],"footnotes":""},"class_list":["post-1554","page","type-page","status-publish","hentry"],"_links":{"self":[{"href":"https:\/\/grupo.us.es\/hac\/en\/wp-json\/wp\/v2\/pages\/1554","targetHints":{"allow":["GET"]}}],"collection":[{"href":"https:\/\/grupo.us.es\/hac\/en\/wp-json\/wp\/v2\/pages"}],"about":[{"href":"https:\/\/grupo.us.es\/hac\/en\/wp-json\/wp\/v2\/types\/page"}],"author":[{"embeddable":true,"href":"https:\/\/grupo.us.es\/hac\/en\/wp-json\/wp\/v2\/users\/2"}],"replies":[{"embeddable":true,"href":"https:\/\/grupo.us.es\/hac\/en\/wp-json\/wp\/v2\/comments?post=1554"}],"version-history":[{"count":2,"href":"https:\/\/grupo.us.es\/hac\/en\/wp-json\/wp\/v2\/pages\/1554\/revisions"}],"predecessor-version":[{"id":10124,"href":"https:\/\/grupo.us.es\/hac\/en\/wp-json\/wp\/v2\/pages\/1554\/revisions\/10124"}],"up":[{"embeddable":true,"href":"https:\/\/grupo.us.es\/hac\/en\/wp-json\/wp\/v2\/pages\/4642"}],"wp:attachment":[{"href":"https:\/\/grupo.us.es\/hac\/en\/wp-json\/wp\/v2\/media?parent=1554"}],"curies":[{"name":"wp","href":"https:\/\/api.w.org\/{rel}","templated":true}]}}