{"id":1552,"date":"2018-03-20T13:32:39","date_gmt":"2018-03-20T13:32:39","guid":{"rendered":"http:\/\/grupo.us.es\/hac\/?page_id=1552\/"},"modified":"2025-12-08T10:00:25","modified_gmt":"2025-12-08T10:00:25","slug":"julia-molino-barrero","status":"publish","type":"page","link":"https:\/\/grupo.us.es\/hac\/en\/about-us\/julia-molino-barrero\/","title":{"rendered":"Julia Molino"},"content":{"rendered":"<p>[et_pb_section bb_built=&#8221;1&#8243; _builder_version=&#8221;3.0.89&#8243;][et_pb_row][et_pb_column type=&#8221;1_3&#8243;][et_pb_image _builder_version=&#8221;3.0.89&#8243; src=&#8221;http:\/\/grupo.us.es\/hac\/wp-content\/uploads\/2018\/01\/3806e1_97be34f6714c438f9b4cd626ce0eafe5_mv2_d_1313_1800_s_2.jpg&#8221; show_in_lightbox=&#8221;off&#8221; url_new_window=&#8221;off&#8221; use_overlay=&#8221;off&#8221; always_center_on_mobile=&#8221;on&#8221; force_fullwidth=&#8221;off&#8221; show_bottom_space=&#8221;on&#8221; module_class=&#8221;foto-personal&#8221; \/][et_pb_text _builder_version=&#8221;3.0.89&#8243; background_layout=&#8221;light&#8221;]<\/p>\n<h4 style=\"text-align: center;\"><strong>JULIA MOLINO-BARRERO<\/strong><\/h4>\n<p style=\"text-align: center;\"><strong><em>PhD Architect<\/em><\/strong><\/p>\n<p>[\/et_pb_text][\/et_pb_column][et_pb_column type=&#8221;2_3&#8243;][et_pb_text _builder_version=&#8221;3.0.89&#8243; background_layout=&#8221;light&#8221; module_class=&#8221;texto-personal&#8221;]<\/p>\n<p>Doctorate from the University of Seville with the thesis: \u201cArchitectural aspects of the Dockyards of Seville. Permanence and transformation.\u201d Associate Lecturer in the Architectural Design Department at the University of Seville. Spokesperson on the Andalusian Museums Commission (1997-2004). Her knowledge transfer has been defined by different Urban and Regional Studies and Analyses, as well as Architectural Heritage Recovery studies and the development of her work as an architect, receiving different prizes in International and National Competitions, a finalist in the Extension and Renovation of the Prado Museum (Madrid) International Competition, 2nd place in the 2nd International Competition for the Planning of the Harbour (Malaga) and 1st place in the Intermodal Station of Baix de Llobregat (Barcelona) Competition, among others.<\/p>\n<p>She has carried out projects and Rehabilitation work such as on the Royal Dockyards of Seville, or on the North Station of Valencia; new construction projects such as the Auditorium of Alcal\u00e1 de Guada\u00edra; and landscape and regional projects such as Los Toru\u00f1os Metropolitan Park (Cadiz Bay). Her work has been exhibited in various exhibitions and published in national and international journals such as Technology and Architecture, Arquitectura Viva (AV), TC Cuadernos and European Landscape Architecture among others.<\/p>\n<p><strong><span style=\"color: #808080;\"><a style=\"color: #808080;\" href=\"https:\/\/orcid.org\/0000-0001-9284-5315\" target=\"_blank\" rel=\"noopener\"><span style=\"font-weight: 400;\">ORCID iD:<span style=\"color: #808080;\">\u00a0<\/span><\/span><\/a><span style=\"text-decoration: underline;\"><a style=\"color: #808080; text-decoration: underline;\" href=\"https:\/\/orcid.org\/0000-0001-9284-5315\" target=\"_blank\" rel=\"noopener\"><b>0000-0001-9284-5315<\/b><\/a><\/span><a style=\"color: #808080;\" href=\"https:\/\/orcid.org\/0000-0001-9284-5315\"> \u00a0<\/a><\/span><\/strong><strong><span style=\"color: #808080;\"><a style=\"color: #808080;\" href=\"https:\/\/orcid.org\/0000-0001-9284-5315\" target=\"_blank\" rel=\"noopener\"><img loading=\"lazy\" decoding=\"async\" class=\"alignnone wp-image-894\" src=\"http:\/\/grupo.us.es\/hac\/wp-content\/uploads\/2018\/02\/Orcid.png\" alt=\"\" width=\"28\" height=\"28\" srcset=\"https:\/\/grupo.us.es\/hac\/wp-content\/uploads\/2018\/02\/Orcid.png 225w, https:\/\/grupo.us.es\/hac\/wp-content\/uploads\/2018\/02\/Orcid-150x150.png 150w\" sizes=\"(max-width: 28px) 100vw, 28px\" \/><\/a><\/span><\/strong><\/p>\n<p>[\/et_pb_text][et_pb_button _builder_version=&#8221;3.0.89&#8243; button_text=&#8221;See scientific output&#8221; button_url=&#8221;https:\/\/investigacion.us.es\/sisius\/sis_showpub.php?idpers=4657&#8243; url_new_window=&#8221;on&#8221; background_layout=&#8221;light&#8221; custom_button=&#8221;on&#8221; button_icon_placement=&#8221;right&#8221; module_class=&#8221;boton-personal&#8221; button_text_size=&#8221;15&#8243; button_text_color=&#8221;#000000&#8243; button_border_width=&#8221;1&#8243; button_border_color=&#8221;#000000&#8243; button_border_radius=&#8221;0&#8243; \/][\/et_pb_column][\/et_pb_row][\/et_pb_section]<\/p>\n","protected":false},"excerpt":{"rendered":"<p><div class=\"et_pb_row et_pb_row_0 et_pb_row_empty\">\n\t\t\t\t\n\t\t\t\t\n\t\t\t\t\n\t\t\t\t\n\t\t\t\t\n\t\t\t<\/div> JULIA MOLINO-BARRERO PhD Architect Doctorate from the University of Seville with the thesis: \u201cArchitectural aspects of the Dockyards of Seville. Permanence and transformation.\u201d Associate Lecturer in the Architectural Design Department at the University of Seville. Spokesperson on the Andalusian Museums Commission (1997-2004). Her knowledge transfer has been defined by different Urban and Regional Studies [&hellip;]<\/p>\n","protected":false},"author":2,"featured_media":0,"parent":4642,"menu_order":0,"comment_status":"closed","ping_status":"closed","template":"","meta":{"_et_pb_use_builder":"on","_et_pb_old_content":"[et_pb_section bb_built=\"1\" _builder_version=\"3.0.89\"][et_pb_row][et_pb_column type=\"1_3\"][et_pb_image _builder_version=\"3.0.89\" src=\"http:\/\/grupo.us.es\/hac\/wp-content\/uploads\/2018\/01\/3806e1_97be34f6714c438f9b4cd626ce0eafe5_mv2_d_1313_1800_s_2.jpg\" show_in_lightbox=\"off\" url_new_window=\"off\" use_overlay=\"off\" always_center_on_mobile=\"on\" force_fullwidth=\"off\" show_bottom_space=\"on\" module_class=\"foto-personal\" \/][et_pb_text _builder_version=\"3.0.89\" background_layout=\"light\"]\r\n<h4 style=\"text-align: center;\"><strong>JULIA MOLINO-BARRERO<\/strong><\/h4>\r\n<p style=\"text-align: center;\"><strong><em>Dra Arquitecta<\/em><\/strong><\/p>\r\n[\/et_pb_text][\/et_pb_column][et_pb_column type=\"2_3\"][et_pb_text _builder_version=\"3.0.89\" background_layout=\"light\" module_class=\"texto-personal\"]\r\n\r\nDra. Arquitecta. Titulada por la ETSA de Sevilla en 1986. Tesis doctoral: Aspectos arquitect\u00f3nicos de las Atarazanas de Sevilla. Permanencia y transformaci\u00f3n. Profesora colaboradora en la Universidad de Sevilla en el \u00c1rea de Proyectos Arquitect\u00f3nicos. Vocal de la Comisi\u00f3n Andaluza de Museos (1997-2004). Su transferencia de conocimiento se ha concretado en diversos Estudios y An\u00e1lisis Urbanos y Territoriales, as\u00ed como de Recuperaci\u00f3n del Patrimonio Arquitect\u00f3nico, y en el desarrollo de su actividad como arquitecta obteniendo diversos premios en Concursos Internacionales y Nacionales, finalista en el Concurso Internacional Ampliaci\u00f3n y Remodelaci\u00f3n del Museo del Prado (Madrid), 2\u00ba premio en el Concurso Internacional Ordenaci\u00f3n del Muelle n\u00ba2 (M\u00e1laga), 1\u00ba premio en el Concurso Estaci\u00f3n Intermodal del Baix de Llobregat (Barcelona), entre otros. Ha desarrollado proyectos y obras de Rehabilitaci\u00f3n, como en las Reales Atarazanas de Sevilla, o en la Estaci\u00f3n del Norte de Valencia; de nueva planta, como el Auditorio de Alcal\u00e1 de Guada\u00edra; y de paisaje y territorio, como el Parque Metropolitano de los Toru\u00f1os (Bah\u00eda de C\u00e1diz). Sus trabajos han sido expuestos en variadas exposiciones y publicados en revistas de difusi\u00f3n nacional e internacional, como Tecnolog\u00eda y Arquitectura, Arquitectura Viva, AV, TC cuadernos, European Landscape Architecture entre otras.\r\n\r\nORCID iD: <span style=\"text-decoration: underline;\"><strong><span style=\"color: #808080; text-decoration: underline;\"><a style=\"color: #808080; text-decoration: underline;\" href=\"https:\/\/orcid.org\/0000-0001-9284-5315\">0000-0001-9284-5315<\/a><\/span><\/strong><\/span>\r\n\r\n[\/et_pb_text][et_pb_button _builder_version=\"3.0.89\" button_text=\"VER PRODUCCI\u00d3N CIENT\u00cdFICA \" button_url=\"https:\/\/investigacion.us.es\/sisius\/sis_showpub.php?idpers=4657\" url_new_window=\"on\" background_layout=\"light\" custom_button=\"on\" button_icon_placement=\"right\" module_class=\"boton-personal\" button_text_size=\"15\" button_text_color=\"#000000\" button_border_width=\"1\" button_border_color=\"#000000\" button_border_radius=\"0\" \/][\/et_pb_column][\/et_pb_row][\/et_pb_section]","_et_gb_content_width":"","wpupg_custom_link":[],"wpupg_custom_link_behaviour":["default"],"wpupg_custom_link_nofollow":[],"wpupg_custom_image":[],"wpupg_custom_image_id":[],"footnotes":""},"class_list":["post-1552","page","type-page","status-publish","hentry"],"_links":{"self":[{"href":"https:\/\/grupo.us.es\/hac\/en\/wp-json\/wp\/v2\/pages\/1552","targetHints":{"allow":["GET"]}}],"collection":[{"href":"https:\/\/grupo.us.es\/hac\/en\/wp-json\/wp\/v2\/pages"}],"about":[{"href":"https:\/\/grupo.us.es\/hac\/en\/wp-json\/wp\/v2\/types\/page"}],"author":[{"embeddable":true,"href":"https:\/\/grupo.us.es\/hac\/en\/wp-json\/wp\/v2\/users\/2"}],"replies":[{"embeddable":true,"href":"https:\/\/grupo.us.es\/hac\/en\/wp-json\/wp\/v2\/comments?post=1552"}],"version-history":[{"count":1,"href":"https:\/\/grupo.us.es\/hac\/en\/wp-json\/wp\/v2\/pages\/1552\/revisions"}],"predecessor-version":[{"id":10056,"href":"https:\/\/grupo.us.es\/hac\/en\/wp-json\/wp\/v2\/pages\/1552\/revisions\/10056"}],"up":[{"embeddable":true,"href":"https:\/\/grupo.us.es\/hac\/en\/wp-json\/wp\/v2\/pages\/4642"}],"wp:attachment":[{"href":"https:\/\/grupo.us.es\/hac\/en\/wp-json\/wp\/v2\/media?parent=1552"}],"curies":[{"name":"wp","href":"https:\/\/api.w.org\/{rel}","templated":true}]}}