{"id":1550,"date":"2018-03-20T13:30:22","date_gmt":"2018-03-20T13:30:22","guid":{"rendered":"http:\/\/grupo.us.es\/hac\/?page_id=1550\/"},"modified":"2025-12-08T10:00:32","modified_gmt":"2025-12-08T10:00:32","slug":"julio-barreno-gutierrez","status":"publish","type":"page","link":"https:\/\/grupo.us.es\/hac\/en\/about-us\/julio-barreno-gutierrez\/","title":{"rendered":"Julio Barreno"},"content":{"rendered":"<p>[et_pb_section bb_built=&#8221;1&#8243; _builder_version=&#8221;3.0.89&#8243;][et_pb_row][et_pb_column type=&#8221;1_3&#8243;][et_pb_image _builder_version=&#8221;3.0.89&#8243; src=&#8221;http:\/\/grupo.us.es\/hac\/wp-content\/uploads\/2018\/01\/3806e1_7dde015526bb45528fc780f6f3bfc999_mv2_d_3888_2592_s_4_2.jpg&#8221; show_in_lightbox=&#8221;off&#8221; url_new_window=&#8221;off&#8221; use_overlay=&#8221;off&#8221; always_center_on_mobile=&#8221;on&#8221; force_fullwidth=&#8221;off&#8221; show_bottom_space=&#8221;on&#8221; module_class=&#8221;foto-personal&#8221; \/][et_pb_text _builder_version=&#8221;3.0.89&#8243; background_layout=&#8221;light&#8221;]<\/p>\n<h4 style=\"text-align: center;\"><strong>Julio Barreno-Guti\u00e9rrez<\/strong><\/h4>\n<p style=\"text-align: center;\"><strong><em>PhD Architect<\/em><\/strong><\/p>\n<p>[\/et_pb_text][\/et_pb_column][et_pb_column type=&#8221;2_3&#8243;][et_pb_text _builder_version=&#8221;3.0.89&#8243; background_layout=&#8221;light&#8221; module_class=&#8221;texto-personal&#8221;]<\/p>\n<p>Lecturer in the Architectural Design Department at the University of Seville. Doctorate from the University of Seville with the thesis: \u201cActions and reactions. A look at architecture through its dynamic fragment.\u201d His work has been exhibited in spaces such as the Biennial of Architecture in Venice (Italy), the Spanish Biennial of Architecture and Urban Planning (Madrid), Triennale Esposizione Internazionale di Milano (Italy) American Institute of Architects, Washington DC (USA), Hoxton Gallery, London (UK), Columbia University New York (USA), Cornell University (USA), Casa de Asturias in Brussels (Belgium), KTH Stockholm (Sweden), Paris-Val de Seine (France), Azrieli School of Architecture &amp; Urbanism, Ottawa (Canada), University of Nablus in Jerusalem (Israel) and published in different articles, journals and books.<\/p>\n<p>He is an Architectural Projects lecturer at the University of Seville, additionally, his teaching, workshops and conferences have been taught in institutions such as the University of Granada, Cambridge (UK), Copenhagen (Denmark), Texas Tech (USA), Liechtenstein, Porto (Portugal) and Delft (The Netherlands), and in architecture schools such as the ones in Cadiz, Huelva, etc. Coordinator of several teaching innovation projects. Member on different judging panels and technical commissions for the selection of projects in architecture competitions and awards. Honoured with the Torres Clav\u00e9 Prize for the best construction built in 2005\/2007 by the Cadiz Institute of Architects.<\/p>\n<p>ORCID iD: <span style=\"text-decoration: underline;\"><strong><span style=\"color: #808080; text-decoration: underline;\"><a style=\"color: #808080; text-decoration: underline;\" href=\"https:\/\/orcid.org\/0000-0002-1182-1694\">0000-0002-1182-1694<\/a><\/span><\/strong><\/span> <strong><span style=\"color: #808080;\">&nbsp;<\/span><\/strong><span style=\"text-decoration: underline;\"><strong><span style=\"color: #808080; text-decoration: underline;\"><a style=\"color: #808080;\" href=\"https:\/\/orcid.org\/0000-0002-1182-1694\"><img loading=\"lazy\" decoding=\"async\" class=\"alignnone wp-image-894\" src=\"http:\/\/grupo.us.es\/hac\/wp-content\/uploads\/2018\/02\/Orcid.png\" alt=\"\" width=\"28\" height=\"28\" srcset=\"https:\/\/grupo.us.es\/hac\/wp-content\/uploads\/2018\/02\/Orcid.png 225w, https:\/\/grupo.us.es\/hac\/wp-content\/uploads\/2018\/02\/Orcid-150x150.png 150w\" sizes=\"(max-width: 28px) 100vw, 28px\" \/><\/a><\/span><\/strong><\/span><\/p>\n<p>[\/et_pb_text][et_pb_button _builder_version=&#8221;3.0.89&#8243; button_text=&#8221;See scientific output &#8221; button_url=&#8221;https:\/\/investigacion.us.es\/sisius\/sis_showpub.php?idpers=7216&#8243; url_new_window=&#8221;on&#8221; background_layout=&#8221;light&#8221; custom_button=&#8221;on&#8221; button_icon_placement=&#8221;right&#8221; module_class=&#8221;boton-personal&#8221; button_text_size=&#8221;15&#8243; button_text_color=&#8221;#000000&#8243; button_border_width=&#8221;1&#8243; button_border_color=&#8221;#000000&#8243; button_border_radius=&#8221;0&#8243; \/][\/et_pb_column][\/et_pb_row][\/et_pb_section]<\/p>\n","protected":false},"excerpt":{"rendered":"<p><div class=\"et_pb_row et_pb_row_0 et_pb_row_empty\">\n\t\t\t\t\n\t\t\t\t\n\t\t\t\t\n\t\t\t\t\n\t\t\t\t\n\t\t\t<\/div> Julio Barreno-Guti\u00e9rrez PhD Architect Lecturer in the Architectural Design Department at the University of Seville. Doctorate from the University of Seville with the thesis: \u201cActions and reactions. A look at architecture through its dynamic fragment.\u201d His work has been exhibited in spaces such as the Biennial of Architecture in Venice (Italy), the Spanish Biennial [&hellip;]<\/p>\n","protected":false},"author":2,"featured_media":0,"parent":4642,"menu_order":0,"comment_status":"closed","ping_status":"closed","template":"","meta":{"_et_pb_use_builder":"on","_et_pb_old_content":"[et_pb_section bb_built=\"1\" _builder_version=\"3.0.89\"][et_pb_row][et_pb_column type=\"1_3\"][et_pb_image _builder_version=\"3.0.89\" src=\"http:\/\/grupo.us.es\/hac\/wp-content\/uploads\/2018\/01\/3806e1_7dde015526bb45528fc780f6f3bfc999_mv2_d_3888_2592_s_4_2.jpg\" show_in_lightbox=\"off\" url_new_window=\"off\" use_overlay=\"off\" always_center_on_mobile=\"on\" force_fullwidth=\"off\" show_bottom_space=\"on\" module_class=\"foto-personal\" \/][et_pb_text _builder_version=\"3.0.89\" background_layout=\"light\"]\r\n<h4 style=\"text-align: center;\"><strong>Julio Barreno-Guti\u00e9rrez<\/strong><\/h4>\r\n<p style=\"text-align: center;\"><strong><em>Dr Arquitecto<\/em><\/strong><\/p>\r\n[\/et_pb_text][\/et_pb_column][et_pb_column type=\"2_3\"][et_pb_text _builder_version=\"3.0.89\" background_layout=\"light\" module_class=\"texto-personal\"]\r\n\r\nDoctor Arquitecto. Sobresaliente Cum Laude a la Tesis Doctoral \u201cAcciones y reacciones. Una mirada a la arquitectura a trav\u00e9s de sus fragmentos din\u00e1micos\u201d (2015). Sus trabajos han sido expuestos en espacios como la Bienal de Arquitectura de Venecia (Italia), Bienal Espa\u00f1ola de Arquitectura y Urbanismo (Madrid), Triennale Esposizione Internazionale di Milano (Italia), American Institute of Architects, Washington DC (USA), Hoxton Gallery, London (UK), Columbia University New York (USA), Cornell University (USA), Casa de Asturias de Bruselas (B\u00e9lgica), KTH Stockholm (Suecia), Paris-Val de Seine (Francia), Azrieli School of Architecture & Urbanism, Ottawa (Canad\u00e1), Universidad de Nablus en Jerusal\u00e9n (Israel) y publicados en diferentes art\u00edculos, revistas y libros. Es profesor de Proyectos Arquitect\u00f3nicos en la Universidad de Sevilla, adem\u00e1s su docencia, talleres y conferencias han sido impartidas en instituciones como la Universidades de Granada, Cambridge (UK), Copenhagen (Denmark), Texas Tech (USA), Liechtenstein, Porto (Portugal) o Delft (The Netherlands), y en colegios arquitectos como el de C\u00e1diz, Huelva, etc. Coordinador de varios proyectos de innovaci\u00f3n docente. Miembro en distintos jurados y comisiones t\u00e9cnicas de selecci\u00f3n de proyectos en concursos y premios de arquitectura. Distinguido con el Premio Torres Clav\u00e9 a la mejor obra construida de 2005\/2007 del Colegio de Arquitectos de C\u00e1diz.\r\n\r\nORCID iD: <span style=\"text-decoration: underline;\"><strong><span style=\"color: #808080; text-decoration: underline;\"><a style=\"color: #808080; text-decoration: underline;\" href=\"https:\/\/orcid.org\/0000-0002-1182-1694\">0000-0002-1182-1694<\/a><\/span><\/strong><\/span>\r\n\r\n[\/et_pb_text][et_pb_button _builder_version=\"3.0.89\" button_text=\"VER PRODUCCI\u00d3N CIENT\u00cdFICA \" button_url=\"https:\/\/investigacion.us.es\/sisius\/sis_showpub.php?idpers=7216\" url_new_window=\"on\" background_layout=\"light\" custom_button=\"on\" button_icon_placement=\"right\" module_class=\"boton-personal\" button_text_size=\"15\" button_text_color=\"#000000\" button_border_width=\"1\" button_border_color=\"#000000\" button_border_radius=\"0\" \/][\/et_pb_column][\/et_pb_row][\/et_pb_section]","_et_gb_content_width":"","wpupg_custom_link":[],"wpupg_custom_link_behaviour":["default"],"wpupg_custom_link_nofollow":[],"wpupg_custom_image":[],"wpupg_custom_image_id":[],"footnotes":""},"class_list":["post-1550","page","type-page","status-publish","hentry"],"_links":{"self":[{"href":"https:\/\/grupo.us.es\/hac\/en\/wp-json\/wp\/v2\/pages\/1550","targetHints":{"allow":["GET"]}}],"collection":[{"href":"https:\/\/grupo.us.es\/hac\/en\/wp-json\/wp\/v2\/pages"}],"about":[{"href":"https:\/\/grupo.us.es\/hac\/en\/wp-json\/wp\/v2\/types\/page"}],"author":[{"embeddable":true,"href":"https:\/\/grupo.us.es\/hac\/en\/wp-json\/wp\/v2\/users\/2"}],"replies":[{"embeddable":true,"href":"https:\/\/grupo.us.es\/hac\/en\/wp-json\/wp\/v2\/comments?post=1550"}],"version-history":[{"count":1,"href":"https:\/\/grupo.us.es\/hac\/en\/wp-json\/wp\/v2\/pages\/1550\/revisions"}],"predecessor-version":[{"id":10057,"href":"https:\/\/grupo.us.es\/hac\/en\/wp-json\/wp\/v2\/pages\/1550\/revisions\/10057"}],"up":[{"embeddable":true,"href":"https:\/\/grupo.us.es\/hac\/en\/wp-json\/wp\/v2\/pages\/4642"}],"wp:attachment":[{"href":"https:\/\/grupo.us.es\/hac\/en\/wp-json\/wp\/v2\/media?parent=1550"}],"curies":[{"name":"wp","href":"https:\/\/api.w.org\/{rel}","templated":true}]}}