{"id":1537,"date":"2018-03-20T12:05:59","date_gmt":"2018-03-20T12:05:59","guid":{"rendered":"http:\/\/grupo.us.es\/hac\/?page_id=1537\/"},"modified":"2025-12-08T10:00:56","modified_gmt":"2025-12-08T10:00:56","slug":"santiago-quesada-garcia","status":"publish","type":"page","link":"https:\/\/grupo.us.es\/hac\/en\/about-us\/santiago-quesada-garcia\/","title":{"rendered":"Santiago Quesada"},"content":{"rendered":"<p>[et_pb_section fb_built=&#8221;1&#8243; _builder_version=&#8221;4.16&#8243; global_colors_info=&#8221;{}&#8221;][et_pb_row _builder_version=&#8221;4.16&#8243; background_size=&#8221;initial&#8221; background_position=&#8221;top_left&#8221; background_repeat=&#8221;repeat&#8221; global_colors_info=&#8221;{}&#8221; column_structure=&#8221;1_3,2_3&#8243;][et_pb_column type=&#8221;1_3&#8243; _builder_version=&#8221;4.16&#8243; custom_padding=&#8221;|||&#8221; global_colors_info=&#8221;{}&#8221; custom_padding__hover=&#8221;|||&#8221;][et_pb_image src=&#8221;http:\/\/grupo.us.es\/hac\/wp-content\/uploads\/2018\/01\/santiago.jpg.jpg&#8221; align_tablet=&#8221;center&#8221; align_last_edited=&#8221;on|desktop&#8221; module_class=&#8221;foto-personal&#8221; _builder_version=&#8221;4.16&#8243; always_center_on_mobile=&#8221;on&#8221; global_colors_info=&#8221;{}&#8221; align_phone=&#8221;center&#8221;][\/et_pb_image][et_pb_text _builder_version=&#8221;4.16&#8243; global_colors_info=&#8221;{}&#8221;]<\/p>\n<h4 style=\"text-align: center;\"><strong>Santiago Quesada-Garc\u00eda<\/strong><\/h4>\n<p style=\"text-align: center;\"><strong><em>PhD Architect<\/em><\/strong><\/p>\n<p>[\/et_pb_text][\/et_pb_column][et_pb_column type=&#8221;2_3&#8243; _builder_version=&#8221;4.16&#8243; custom_padding=&#8221;|||&#8221; global_colors_info=&#8221;{}&#8221; custom_padding__hover=&#8221;|||&#8221;][et_pb_text module_class=&#8221;texto-personal&#8221; _builder_version=&#8221;4.24.3&#8243; hover_enabled=&#8221;0&#8243; global_colors_info=&#8221;{}&#8221; sticky_enabled=&#8221;0&#8243;]<\/p>\n<p>PhD architect from the University of Seville (1987). Outstanding Doctorate Prize (2006). Master\u2019s degree in automation and digital home from the School of Telecommunication Engineering at the UPM (Madrid).<span class=\"Apple-converted-space\"> He is senior lecturer<\/span> in the Department of Architectural Design at the School of Architecture of Seville (2012). He is also head of the Healthy Architecture &amp; City Research Group. He has been a member of the PhD Faculty Board of the doctoral programme in <span style=\"color: #333333;\">Architectural, Urban and Interior Design at Politecnico di Milano (2018-2020)\u00a0<\/span><\/p>\n<p>Dean at the School of Architecture of Malaga (2012-2015) and director of the International Architecture Workshops at the International University of Andalusia (1999-2008). Visiting professor at the Politecnico di Milano (2003, 2019). He has also been a visiting professor at the Polit\u00e9cnico de El Salvador (2001) and La Cambre Institute of Architecture, Brussels (1992, 1995).<\/p>\n<p><span class=\"Apple-converted-space\">Expert member of the Spanish State Group of Dementias that has drafted the Spanish National Alzheimer&#8217;s Plan (2018-2022).\u00a0<\/span>He is also a \u00a0member of several scientific committees and head researcher for several R&amp;D&amp;I Spanish research projects. He is also an evaluator at the Spanish State Research Agency (AEI). His knowledge transfer includes a patent, a utility model, five industrial designs and three brands.<span class=\"Apple-converted-space\">\u00a0<\/span><\/p>\n<p><strong><span style=\"color: #808080;\"><a style=\"color: #808080;\" href=\"https:\/\/orcid.org\/0000-0002-6108-459X\"><span style=\"font-weight: 400;\">ORCID iD:<span style=\"color: #808080;\">\u00a0<\/span><\/span><\/a><span style=\"text-decoration: underline;\"><a style=\"color: #808080; text-decoration: underline;\" href=\"https:\/\/orcid.org\/0000-0002-6108-459X\"><b>0000-0002-6108-459X<\/b><\/a><\/span><a style=\"color: #808080;\" href=\"https:\/\/orcid.org\/0000-0002-6108-459X\"> \u00a0<\/a><\/span><\/strong><strong><span style=\"color: #808080;\"><a style=\"color: #808080;\" href=\"https:\/\/orcid.org\/0000-0002-6108-459X\"><img loading=\"lazy\" decoding=\"async\" class=\"alignnone wp-image-894\" src=\"http:\/\/grupo.us.es\/hac\/wp-content\/uploads\/2018\/02\/Orcid.png\" alt=\"\" width=\"28\" height=\"28\" srcset=\"https:\/\/grupo.us.es\/hac\/wp-content\/uploads\/2018\/02\/Orcid.png 225w, https:\/\/grupo.us.es\/hac\/wp-content\/uploads\/2018\/02\/Orcid-150x150.png 150w\" sizes=\"(max-width: 28px) 100vw, 28px\" \/><\/a><\/span><\/strong><\/p>\n<p>[\/et_pb_text][et_pb_button button_url=&#8221;https:\/\/investigacion.us.es\/sisius\/sis_showpub.php?idpers=2014&#8243; url_new_window=&#8221;on&#8221; button_text=&#8221;See scientific output&#8221; module_class=&#8221;boton-personal&#8221; _builder_version=&#8221;4.16&#8243; custom_button=&#8221;on&#8221; button_text_size=&#8221;15&#8243; button_text_color=&#8221;#000000&#8243; button_border_width=&#8221;1&#8243; button_border_color=&#8221;#000000&#8243; button_border_radius=&#8221;0&#8243; global_colors_info=&#8221;{}&#8221; button_text_size__hover_enabled=&#8221;off&#8221; button_one_text_size__hover_enabled=&#8221;off&#8221; button_two_text_size__hover_enabled=&#8221;off&#8221; button_text_color__hover_enabled=&#8221;off&#8221; button_one_text_color__hover_enabled=&#8221;off&#8221; button_two_text_color__hover_enabled=&#8221;off&#8221; button_border_width__hover_enabled=&#8221;off&#8221; button_one_border_width__hover_enabled=&#8221;off&#8221; button_two_border_width__hover_enabled=&#8221;off&#8221; button_border_color__hover_enabled=&#8221;off&#8221; button_one_border_color__hover_enabled=&#8221;off&#8221; button_two_border_color__hover_enabled=&#8221;off&#8221; button_border_radius__hover_enabled=&#8221;off&#8221; button_one_border_radius__hover_enabled=&#8221;off&#8221; button_two_border_radius__hover_enabled=&#8221;off&#8221; button_letter_spacing__hover_enabled=&#8221;off&#8221; button_one_letter_spacing__hover_enabled=&#8221;off&#8221; button_two_letter_spacing__hover_enabled=&#8221;off&#8221; button_bg_color__hover_enabled=&#8221;off&#8221; button_one_bg_color__hover_enabled=&#8221;off&#8221; button_two_bg_color__hover_enabled=&#8221;off&#8221;][\/et_pb_button][\/et_pb_column][\/et_pb_row][\/et_pb_section]<\/p>\n","protected":false},"excerpt":{"rendered":"<p>Santiago Quesada-Garc\u00eda PhD Architect PhD architect from the University of Seville (1987). Outstanding Doctorate Prize (2006). Master\u2019s degree in automation and digital home from the School of Telecommunication Engineering at the UPM (Madrid). He is senior lecturer in the Department of Architectural Design at the School of Architecture of Seville (2012). He is also head [&hellip;]<\/p>\n","protected":false},"author":2,"featured_media":0,"parent":4642,"menu_order":0,"comment_status":"closed","ping_status":"closed","template":"","meta":{"_et_pb_use_builder":"on","_et_pb_old_content":"<p>[et_pb_section bb_built=\"1\" _builder_version=\"3.0.89\"][et_pb_row][et_pb_column type=\"1_3\"][et_pb_image _builder_version=\"3.0.89\" src=\"https:\/\/grupo.us.es\/hac\/wp-content\/uploads\/2018\/01\/santiago.jpg.jpg\" show_in_lightbox=\"off\" url_new_window=\"off\" use_overlay=\"off\" always_center_on_mobile=\"on\" force_fullwidth=\"off\" show_bottom_space=\"on\" module_class=\"foto-personal\" \/][et_pb_text _builder_version=\"3.0.89\" background_layout=\"light\"]<\/p><h4 style=\"text-align: center;\"><strong>Santiago Quesada-Garc\u00eda<\/strong><\/h4><p style=\"text-align: center;\"><strong><em>Dr. Arquitecto<\/em><\/strong><\/p><p>[\/et_pb_text][\/et_pb_column][et_pb_column type=\"2_3\"][et_pb_text _builder_version=\"3.0.89\" background_layout=\"light\" module_class=\"texto-personal\"]<\/p><p>Dr. Arquitecto. Premio Extraordinario de Doctorado por la Universidad de Sevilla con la tesis: <em>Imitatio naturae. El paisaje como referente en la arquitectura contempor\u00e1nea.<\/em> M\u00e1ster en Dom\u00f3tica y Hogar Digital por la E.T.S. Ingenier\u00eda Telecomunicaci\u00f3n de la UPM (Madrid). Profesor Titular de Universidad en el \u00c1rea de Proyectos Arquitect\u00f3nicos. Docente en los programas de doctorado: <span style=\"text-decoration: underline;\"><span style=\"color: #333333;\"><a style=\"color: #333333; text-decoration: underline;\" href=\"https:\/\/www.uma.es\/doctorado-biomedicina\/info\/73016\/profesorado\/\">Biomedicina, Investigaci\u00f3n Traslacional, Nuevas Tecnolog\u00edas en Salud<\/a> <\/span><\/span>de la Facultad de Medicina de M\u00e1laga y en <span style=\"text-decoration: underline;\"><span style=\"color: #333333;\"><a style=\"color: #333333; text-decoration: underline;\" href=\"https:\/\/www.dottorato.polimi.it\/fileadmin\/user_upload\/schede_corsi\/PROGARCHURB\/PF_33_PAUI.pdf\">Progettazione architettonica, urbana e degli interni<\/a><\/span><\/span> del Polit\u00e9cnico de Mil\u00e1n.\u200b<\/p><p>Ha sido director de la Escuela T\u00e9cnica Superior de Arquitectura de M\u00e1laga (2012-2015) Profesor invitado en el Polit\u00e9cnico de Mil\u00e1n (2003), Universidad Polit\u00e9cnica El Salvador (2001) Institut d'Architecture La Cambre, Bruselas (1992,1995). Director de los Talleres Internacionales de Arquitectura de la Universidad Internacional de Andaluc\u00eda, sede Antonio Machado (1999-2008)<\/p><p>Miembro del comit\u00e9 cient\u00edfico de la colecci\u00f3n editorial European Practice de Mil\u00e1n. Investigador Principal de Proyectos de Investigaci\u00f3n I+D+i del Ministerio de Econom\u00eda y Competitividad. Evaluador de la Agencia Nacional de Evaluaci\u00f3n y Prospectiva (ANEP). Su transferencia de conocimiento se ha concretado en una patente, un modelo de utilidad, cinco dise\u00f1os industriales y tres marcas.<\/p><p>ORCID iD:\u00a0<strong><span style=\"color: #808080;\"><a style=\"color: #808080;\" href=\"https:\/\/orcid.org\/0000-0002-6108-459X\"><span style=\"text-decoration: underline;\">0000-0002-6108-459X<\/span> \u00a0 \u00a0<\/a><\/span><\/strong><strong><span style=\"color: #808080;\"><a style=\"color: #808080;\" href=\"https:\/\/orcid.org\/0000-0002-6108-459X\"><img class=\"alignnone wp-image-894\" src=\"https:\/\/grupo.us.es\/hac\/wp-content\/uploads\/2018\/02\/Orcid.png\" alt=\"\" width=\"28\" height=\"28\" \/><\/a><\/span><\/strong><\/p><p>[\/et_pb_text][et_pb_button _builder_version=\"3.0.89\" button_text=\"VER PRODUCCI\u00d3N CIENT\u00cdFICA \" button_url=\"https:\/\/investigacion.us.es\/sisius\/sis_showpub.php?idpers=2014\" url_new_window=\"on\" background_layout=\"light\" custom_button=\"on\" button_icon_placement=\"right\" module_class=\"boton-personal\" button_text_size=\"15\" button_text_color=\"#000000\" button_border_width=\"1\" button_border_color=\"#000000\" button_border_radius=\"0\" \/][\/et_pb_column][\/et_pb_row][\/et_pb_section]<\/p>","_et_gb_content_width":"","wpupg_custom_link":[],"wpupg_custom_link_behaviour":["default"],"wpupg_custom_link_nofollow":[],"wpupg_custom_image":[],"wpupg_custom_image_id":[],"footnotes":""},"class_list":["post-1537","page","type-page","status-publish","hentry"],"_links":{"self":[{"href":"https:\/\/grupo.us.es\/hac\/en\/wp-json\/wp\/v2\/pages\/1537","targetHints":{"allow":["GET"]}}],"collection":[{"href":"https:\/\/grupo.us.es\/hac\/en\/wp-json\/wp\/v2\/pages"}],"about":[{"href":"https:\/\/grupo.us.es\/hac\/en\/wp-json\/wp\/v2\/types\/page"}],"author":[{"embeddable":true,"href":"https:\/\/grupo.us.es\/hac\/en\/wp-json\/wp\/v2\/users\/2"}],"replies":[{"embeddable":true,"href":"https:\/\/grupo.us.es\/hac\/en\/wp-json\/wp\/v2\/comments?post=1537"}],"version-history":[{"count":1,"href":"https:\/\/grupo.us.es\/hac\/en\/wp-json\/wp\/v2\/pages\/1537\/revisions"}],"predecessor-version":[{"id":7527,"href":"https:\/\/grupo.us.es\/hac\/en\/wp-json\/wp\/v2\/pages\/1537\/revisions\/7527"}],"up":[{"embeddable":true,"href":"https:\/\/grupo.us.es\/hac\/en\/wp-json\/wp\/v2\/pages\/4642"}],"wp:attachment":[{"href":"https:\/\/grupo.us.es\/hac\/en\/wp-json\/wp\/v2\/media?parent=1537"}],"curies":[{"name":"wp","href":"https:\/\/api.w.org\/{rel}","templated":true}]}}