{"id":662,"date":"2025-05-23T09:14:40","date_gmt":"2025-05-23T07:14:40","guid":{"rendered":"https:\/\/grupo.us.es\/habitae\/?page_id=662"},"modified":"2025-06-09T15:06:50","modified_gmt":"2025-06-09T13:06:50","slug":"workshop-seminarios-y-jornadas","status":"publish","type":"page","link":"https:\/\/grupo.us.es\/habitae\/workshop-seminarios-y-jornadas\/","title":{"rendered":"Workshop, Seminarios y Jornadas"},"content":{"rendered":"\t\t<div data-elementor-type=\"wp-page\" data-elementor-id=\"662\" class=\"elementor elementor-662\" data-elementor-post-type=\"page\">\n\t\t\t\t<div class=\"elementor-element elementor-element-9e548f7 elementor-hidden-mobile e-flex e-con-boxed e-con e-parent\" data-id=\"9e548f7\" data-element_type=\"container\" data-e-type=\"container\">\n\t\t\t\t\t<div class=\"e-con-inner\">\n\t\t\t\t<div class=\"elementor-element elementor-element-ef85c66 elementor-widget elementor-widget-shortcode\" data-id=\"ef85c66\" data-element_type=\"widget\" data-e-type=\"widget\" data-widget_type=\"shortcode.default\">\n\t\t\t\t<div class=\"elementor-widget-container\">\n\t\t\t\t\t\t\t<div class=\"elementor-shortcode\"><div class=\"map_wrapper\" id=\"map_wrapper_661\">\n<div class=\"map_box\" style=\"max-width:2000px\">\n<div class=\"map_aspect_ratio\" style=\"padding-top:56%\" data-padding-top=\"56%\" data-padding-top-mobile=\"0%\">\n<div class=\"map_container\">\n<div class=\"map_render map_loading\" id=\"map_661\"><\/div>\n<\/div>\n<\/div>\n<\/div>\n<\/div><\/div>\n\t\t\t\t\t\t<\/div>\n\t\t\t\t<\/div>\n\t\t\t\t\t<\/div>\n\t\t\t\t<\/div>\n\t\t<div class=\"elementor-element elementor-element-725d7b1 e-con-full e-flex e-con e-child\" data-id=\"725d7b1\" data-element_type=\"container\" data-e-type=\"container\">\n\t\t<div class=\"elementor-element elementor-element-2e4d7cd e-con-full e-flex e-con e-child\" data-id=\"2e4d7cd\" data-element_type=\"container\" data-e-type=\"container\">\n\t\t<div class=\"elementor-element elementor-element-abe5bcd e-con-full e-flex e-con e-child\" data-id=\"abe5bcd\" data-element_type=\"container\" data-e-type=\"container\">\n\t\t\t\t<div class=\"elementor-element elementor-element-2015f97 elementor-widget elementor-widget-image\" data-id=\"2015f97\" data-element_type=\"widget\" data-e-type=\"widget\" data-widget_type=\"image.default\">\n\t\t\t\t<div class=\"elementor-widget-container\">\n\t\t\t\t\t\t\t\t\t\t\t\t\t\t\t<img decoding=\"async\" width=\"309\" height=\"126\" src=\"https:\/\/grupo.us.es\/habitae\/wp-content\/uploads\/2025\/05\/LOGOupm.png\" class=\"attachment-large size-large wp-image-650\" alt=\"\" srcset=\"https:\/\/grupo.us.es\/habitae\/wp-content\/uploads\/2025\/05\/LOGOupm.png 309w, https:\/\/grupo.us.es\/habitae\/wp-content\/uploads\/2025\/05\/LOGOupm-300x122.png 300w\" sizes=\"(max-width: 309px) 100vw, 309px\" \/>\t\t\t\t\t\t\t\t\t\t\t\t\t\t\t<\/div>\n\t\t\t\t<\/div>\n\t\t\t\t<\/div>\n\t\t\t\t<div class=\"elementor-element elementor-element-1027a0b elementor-widget elementor-widget-heading\" data-id=\"1027a0b\" data-element_type=\"widget\" data-e-type=\"widget\" data-widget_type=\"heading.default\">\n\t\t\t\t<div class=\"elementor-widget-container\">\n\t\t\t\t\t<h6 class=\"elementor-heading-title elementor-size-default\">Desarrollo de Jornada Vulnerabilidad Energ\u00e9tica de la Vivienda Social<\/h6>\t\t\t\t<\/div>\n\t\t\t\t<\/div>\n\t\t\t\t<div class=\"elementor-element elementor-element-f89e68c elementor-widget elementor-widget-heading\" data-id=\"f89e68c\" data-element_type=\"widget\" data-e-type=\"widget\" data-widget_type=\"heading.default\">\n\t\t\t\t<div class=\"elementor-widget-container\">\n\t\t\t\t\t<h6 class=\"elementor-heading-title elementor-size-default\">Carmen M. Calama Gonz\u00e1lez, Roc\u00edo Escand\u00f3n, Rafael Su\u00e1rez<\/h6>\t\t\t\t<\/div>\n\t\t\t\t<\/div>\n\t\t\t\t<div class=\"elementor-element elementor-element-3eaa6ae elementor-widget elementor-widget-text-editor\" data-id=\"3eaa6ae\" data-element_type=\"widget\" data-e-type=\"widget\" data-widget_type=\"text-editor.default\">\n\t\t\t\t<div class=\"elementor-widget-container\">\n\t\t\t\t\t\t\t\t\t<p><strong>Universidad responsable:<\/strong> Universidad Polit\u00e9cnica de Madrid<\/p>\t\t\t\t\t\t\t\t<\/div>\n\t\t\t\t<\/div>\n\t\t\t\t<div class=\"elementor-element elementor-element-63242a4 elementor-widget elementor-widget-text-editor\" data-id=\"63242a4\" data-element_type=\"widget\" data-e-type=\"widget\" data-widget_type=\"text-editor.default\">\n\t\t\t\t<div class=\"elementor-widget-container\">\n\t\t\t\t\t\t\t\t\t<p><strong>Fecha:<\/strong> 22 de mayo de 2023<\/p>\t\t\t\t\t\t\t\t<\/div>\n\t\t\t\t<\/div>\n\t\t\t\t<\/div>\n\t\t<div class=\"elementor-element elementor-element-c96f804 e-con-full e-flex e-con e-child\" data-id=\"c96f804\" data-element_type=\"container\" data-e-type=\"container\">\n\t\t<div class=\"elementor-element elementor-element-f668486 e-con-full e-flex e-con e-child\" data-id=\"f668486\" data-element_type=\"container\" data-e-type=\"container\">\n\t\t\t\t<div class=\"elementor-element elementor-element-cc008fe elementor-widget elementor-widget-image\" data-id=\"cc008fe\" data-element_type=\"widget\" data-e-type=\"widget\" data-widget_type=\"image.default\">\n\t\t\t\t<div class=\"elementor-widget-container\">\n\t\t\t\t\t\t\t\t\t\t\t\t\t\t\t<img fetchpriority=\"high\" decoding=\"async\" width=\"598\" height=\"266\" src=\"https:\/\/grupo.us.es\/habitae\/wp-content\/uploads\/2025\/05\/logo-u-navarra.png\" class=\"attachment-large size-large wp-image-664\" alt=\"\" srcset=\"https:\/\/grupo.us.es\/habitae\/wp-content\/uploads\/2025\/05\/logo-u-navarra.png 598w, https:\/\/grupo.us.es\/habitae\/wp-content\/uploads\/2025\/05\/logo-u-navarra-300x133.png 300w\" sizes=\"(max-width: 598px) 100vw, 598px\" \/>\t\t\t\t\t\t\t\t\t\t\t\t\t\t\t<\/div>\n\t\t\t\t<\/div>\n\t\t\t\t<\/div>\n\t\t\t\t<div class=\"elementor-element elementor-element-8a893f8 elementor-widget elementor-widget-heading\" data-id=\"8a893f8\" data-element_type=\"widget\" data-e-type=\"widget\" data-widget_type=\"heading.default\">\n\t\t\t\t<div class=\"elementor-widget-container\">\n\t\t\t\t\t<h6 class=\"elementor-heading-title elementor-size-default\">Desarrollo de workshop \u201cVulnerabilidad y adaptaci\u00f3n energ\u00e9tica del\nparque residencial\u201d\n<\/h6>\t\t\t\t<\/div>\n\t\t\t\t<\/div>\n\t\t\t\t<div class=\"elementor-element elementor-element-13a5100 elementor-widget elementor-widget-heading\" data-id=\"13a5100\" data-element_type=\"widget\" data-e-type=\"widget\" data-widget_type=\"heading.default\">\n\t\t\t\t<div class=\"elementor-widget-container\">\n\t\t\t\t\t<h6 class=\"elementor-heading-title elementor-size-default\">Alicia Alonso, Carmen M. Calama Gonz\u00e1lez, Roc\u00edo Escand\u00f3n, \u00c1ngel Luis Le\u00f3n Rodr\u00edguez, Rafael Su\u00e1rez<\/h6>\t\t\t\t<\/div>\n\t\t\t\t<\/div>\n\t\t\t\t<div class=\"elementor-element elementor-element-a6bc6e5 elementor-widget elementor-widget-text-editor\" data-id=\"a6bc6e5\" data-element_type=\"widget\" data-e-type=\"widget\" data-widget_type=\"text-editor.default\">\n\t\t\t\t<div class=\"elementor-widget-container\">\n\t\t\t\t\t\t\t\t\t<p><strong>Universidad responsable:<\/strong> Universidad de Navarra<\/p>\t\t\t\t\t\t\t\t<\/div>\n\t\t\t\t<\/div>\n\t\t\t\t<div class=\"elementor-element elementor-element-a97b0be elementor-widget elementor-widget-text-editor\" data-id=\"a97b0be\" data-element_type=\"widget\" data-e-type=\"widget\" data-widget_type=\"text-editor.default\">\n\t\t\t\t<div class=\"elementor-widget-container\">\n\t\t\t\t\t\t\t\t\t<p><strong>Fecha:<\/strong> 20, 21 y 22 de junio de 2022<\/p>\t\t\t\t\t\t\t\t<\/div>\n\t\t\t\t<\/div>\n\t\t\t\t<\/div>\n\t\t\t\t<\/div>\n\t\t\t\t<\/div>\n\t\t","protected":false},"excerpt":{"rendered":"<p>Desarrollo de Jornada Vulnerabilidad Energ\u00e9tica de la Vivienda Social Carmen M. Calama Gonz\u00e1lez, Roc\u00edo Escand\u00f3n, Rafael Su\u00e1rez Universidad responsable: Universidad Polit\u00e9cnica de Madrid Fecha: 22 de mayo de 2023 Desarrollo de workshop \u201cVulnerabilidad y adaptaci\u00f3n energ\u00e9tica del parque residencial\u201d Alicia Alonso, Carmen M. Calama Gonz\u00e1lez, Roc\u00edo Escand\u00f3n, \u00c1ngel Luis Le\u00f3n Rodr\u00edguez, Rafael Su\u00e1rez Universidad responsable: [&hellip;]<\/p>\n","protected":false},"author":2,"featured_media":145,"parent":0,"menu_order":0,"comment_status":"closed","ping_status":"closed","template":"","meta":{"_acf_changed":false,"footnotes":""},"class_list":["post-662","page","type-page","status-publish","has-post-thumbnail","hentry"],"acf":[],"yoast_head":"<!-- This site is optimized with the Yoast SEO plugin v27.3 - https:\/\/yoast.com\/product\/yoast-seo-wordpress\/ -->\n<title>Workshop, Seminarios y Jornadas - HABITAE - Habitabilidad, Acondicionamiento y Energ\u00eda en Arquitectura<\/title>\n<meta name=\"robots\" content=\"index, follow, max-snippet:-1, max-image-preview:large, max-video-preview:-1\" \/>\n<link rel=\"canonical\" href=\"https:\/\/grupo.us.es\/habitae\/workshop-seminarios-y-jornadas\/\" \/>\n<meta property=\"og:locale\" content=\"es_ES\" \/>\n<meta property=\"og:type\" content=\"article\" \/>\n<meta property=\"og:title\" content=\"Workshop, Seminarios y Jornadas - HABITAE - Habitabilidad, Acondicionamiento y Energ\u00eda en Arquitectura\" \/>\n<meta property=\"og:description\" content=\"Desarrollo de Jornada Vulnerabilidad Energ\u00e9tica de la Vivienda Social Carmen M. Calama Gonz\u00e1lez, Roc\u00edo Escand\u00f3n, Rafael Su\u00e1rez Universidad responsable: Universidad Polit\u00e9cnica de Madrid Fecha: 22 de mayo de 2023 Desarrollo de workshop \u201cVulnerabilidad y adaptaci\u00f3n energ\u00e9tica del parque residencial\u201d Alicia Alonso, Carmen M. Calama Gonz\u00e1lez, Roc\u00edo Escand\u00f3n, \u00c1ngel Luis Le\u00f3n Rodr\u00edguez, Rafael Su\u00e1rez Universidad responsable: [&hellip;]\" \/>\n<meta property=\"og:url\" content=\"https:\/\/grupo.us.es\/habitae\/workshop-seminarios-y-jornadas\/\" \/>\n<meta property=\"og:site_name\" content=\"HABITAE - Habitabilidad, Acondicionamiento y Energ\u00eda en Arquitectura\" \/>\n<meta property=\"article:modified_time\" content=\"2025-06-09T13:06:50+00:00\" \/>\n<meta property=\"og:image\" content=\"https:\/\/grupo.us.es\/habitae\/wp-content\/uploads\/2024\/11\/cropped-LOGO_HABITAE_3_fondo-azul_3.png\" \/>\n\t<meta property=\"og:image:width\" content=\"512\" \/>\n\t<meta property=\"og:image:height\" content=\"512\" \/>\n\t<meta property=\"og:image:type\" content=\"image\/png\" \/>\n<meta name=\"twitter:card\" content=\"summary_large_image\" \/>\n<meta name=\"twitter:label1\" content=\"Tiempo de lectura\" \/>\n\t<meta name=\"twitter:data1\" content=\"1 minuto\" \/>\n<script type=\"application\/ld+json\" class=\"yoast-schema-graph\">{\"@context\":\"https:\\\/\\\/schema.org\",\"@graph\":[{\"@type\":\"WebPage\",\"@id\":\"https:\\\/\\\/grupo.us.es\\\/habitae\\\/workshop-seminarios-y-jornadas\\\/\",\"url\":\"https:\\\/\\\/grupo.us.es\\\/habitae\\\/workshop-seminarios-y-jornadas\\\/\",\"name\":\"Workshop, Seminarios y Jornadas - HABITAE - Habitabilidad, Acondicionamiento y Energ\u00eda en Arquitectura\",\"isPartOf\":{\"@id\":\"https:\\\/\\\/grupo.us.es\\\/habitae\\\/#website\"},\"primaryImageOfPage\":{\"@id\":\"https:\\\/\\\/grupo.us.es\\\/habitae\\\/workshop-seminarios-y-jornadas\\\/#primaryimage\"},\"image\":{\"@id\":\"https:\\\/\\\/grupo.us.es\\\/habitae\\\/workshop-seminarios-y-jornadas\\\/#primaryimage\"},\"thumbnailUrl\":\"https:\\\/\\\/grupo.us.es\\\/habitae\\\/wp-content\\\/uploads\\\/2024\\\/11\\\/cropped-LOGO_HABITAE_3_fondo-azul_3.png\",\"datePublished\":\"2025-05-23T07:14:40+00:00\",\"dateModified\":\"2025-06-09T13:06:50+00:00\",\"breadcrumb\":{\"@id\":\"https:\\\/\\\/grupo.us.es\\\/habitae\\\/workshop-seminarios-y-jornadas\\\/#breadcrumb\"},\"inLanguage\":\"es\",\"potentialAction\":[{\"@type\":\"ReadAction\",\"target\":[\"https:\\\/\\\/grupo.us.es\\\/habitae\\\/workshop-seminarios-y-jornadas\\\/\"]}]},{\"@type\":\"ImageObject\",\"inLanguage\":\"es\",\"@id\":\"https:\\\/\\\/grupo.us.es\\\/habitae\\\/workshop-seminarios-y-jornadas\\\/#primaryimage\",\"url\":\"https:\\\/\\\/grupo.us.es\\\/habitae\\\/wp-content\\\/uploads\\\/2024\\\/11\\\/cropped-LOGO_HABITAE_3_fondo-azul_3.png\",\"contentUrl\":\"https:\\\/\\\/grupo.us.es\\\/habitae\\\/wp-content\\\/uploads\\\/2024\\\/11\\\/cropped-LOGO_HABITAE_3_fondo-azul_3.png\",\"width\":512,\"height\":512},{\"@type\":\"BreadcrumbList\",\"@id\":\"https:\\\/\\\/grupo.us.es\\\/habitae\\\/workshop-seminarios-y-jornadas\\\/#breadcrumb\",\"itemListElement\":[{\"@type\":\"ListItem\",\"position\":1,\"name\":\"Portada\",\"item\":\"https:\\\/\\\/grupo.us.es\\\/habitae\\\/\"},{\"@type\":\"ListItem\",\"position\":2,\"name\":\"Workshop, Seminarios y Jornadas\"}]},{\"@type\":\"WebSite\",\"@id\":\"https:\\\/\\\/grupo.us.es\\\/habitae\\\/#website\",\"url\":\"https:\\\/\\\/grupo.us.es\\\/habitae\\\/\",\"name\":\"HABITAE - Habitabilidad, Acondicionamiento y Energ\u00eda en Arquitectura\",\"description\":\"HABITAE - Grupo TEP-999\",\"publisher\":{\"@id\":\"https:\\\/\\\/grupo.us.es\\\/habitae\\\/#organization\"},\"potentialAction\":[{\"@type\":\"SearchAction\",\"target\":{\"@type\":\"EntryPoint\",\"urlTemplate\":\"https:\\\/\\\/grupo.us.es\\\/habitae\\\/?s={search_term_string}\"},\"query-input\":{\"@type\":\"PropertyValueSpecification\",\"valueRequired\":true,\"valueName\":\"search_term_string\"}}],\"inLanguage\":\"es\"},{\"@type\":\"Organization\",\"@id\":\"https:\\\/\\\/grupo.us.es\\\/habitae\\\/#organization\",\"name\":\"HABITAE - Habitabilidad, Acondicionamiento y Energ\u00eda en Arquitectura\",\"url\":\"https:\\\/\\\/grupo.us.es\\\/habitae\\\/\",\"logo\":{\"@type\":\"ImageObject\",\"inLanguage\":\"es\",\"@id\":\"https:\\\/\\\/grupo.us.es\\\/habitae\\\/#\\\/schema\\\/logo\\\/image\\\/\",\"url\":\"https:\\\/\\\/grupo.us.es\\\/habitae\\\/wp-content\\\/uploads\\\/2024\\\/11\\\/LOGO_HABITAE_3_sin-fondo_horizontal_3.png\",\"contentUrl\":\"https:\\\/\\\/grupo.us.es\\\/habitae\\\/wp-content\\\/uploads\\\/2024\\\/11\\\/LOGO_HABITAE_3_sin-fondo_horizontal_3.png\",\"width\":1025,\"height\":396,\"caption\":\"HABITAE - Habitabilidad, Acondicionamiento y Energ\u00eda en Arquitectura\"},\"image\":{\"@id\":\"https:\\\/\\\/grupo.us.es\\\/habitae\\\/#\\\/schema\\\/logo\\\/image\\\/\"}}]}<\/script>\n<!-- \/ Yoast SEO plugin. -->","yoast_head_json":{"title":"Workshop, Seminarios y Jornadas - HABITAE - Habitabilidad, Acondicionamiento y Energ\u00eda en Arquitectura","robots":{"index":"index","follow":"follow","max-snippet":"max-snippet:-1","max-image-preview":"max-image-preview:large","max-video-preview":"max-video-preview:-1"},"canonical":"https:\/\/grupo.us.es\/habitae\/workshop-seminarios-y-jornadas\/","og_locale":"es_ES","og_type":"article","og_title":"Workshop, Seminarios y Jornadas - HABITAE - Habitabilidad, Acondicionamiento y Energ\u00eda en Arquitectura","og_description":"Desarrollo de Jornada Vulnerabilidad Energ\u00e9tica de la Vivienda Social Carmen M. Calama Gonz\u00e1lez, Roc\u00edo Escand\u00f3n, Rafael Su\u00e1rez Universidad responsable: Universidad Polit\u00e9cnica de Madrid Fecha: 22 de mayo de 2023 Desarrollo de workshop \u201cVulnerabilidad y adaptaci\u00f3n energ\u00e9tica del parque residencial\u201d Alicia Alonso, Carmen M. Calama Gonz\u00e1lez, Roc\u00edo Escand\u00f3n, \u00c1ngel Luis Le\u00f3n Rodr\u00edguez, Rafael Su\u00e1rez Universidad responsable: [&hellip;]","og_url":"https:\/\/grupo.us.es\/habitae\/workshop-seminarios-y-jornadas\/","og_site_name":"HABITAE - Habitabilidad, Acondicionamiento y Energ\u00eda en Arquitectura","article_modified_time":"2025-06-09T13:06:50+00:00","og_image":[{"width":512,"height":512,"url":"https:\/\/grupo.us.es\/habitae\/wp-content\/uploads\/2024\/11\/cropped-LOGO_HABITAE_3_fondo-azul_3.png","type":"image\/png"}],"twitter_card":"summary_large_image","twitter_misc":{"Tiempo de lectura":"1 minuto"},"schema":{"@context":"https:\/\/schema.org","@graph":[{"@type":"WebPage","@id":"https:\/\/grupo.us.es\/habitae\/workshop-seminarios-y-jornadas\/","url":"https:\/\/grupo.us.es\/habitae\/workshop-seminarios-y-jornadas\/","name":"Workshop, Seminarios y Jornadas - HABITAE - Habitabilidad, Acondicionamiento y Energ\u00eda en Arquitectura","isPartOf":{"@id":"https:\/\/grupo.us.es\/habitae\/#website"},"primaryImageOfPage":{"@id":"https:\/\/grupo.us.es\/habitae\/workshop-seminarios-y-jornadas\/#primaryimage"},"image":{"@id":"https:\/\/grupo.us.es\/habitae\/workshop-seminarios-y-jornadas\/#primaryimage"},"thumbnailUrl":"https:\/\/grupo.us.es\/habitae\/wp-content\/uploads\/2024\/11\/cropped-LOGO_HABITAE_3_fondo-azul_3.png","datePublished":"2025-05-23T07:14:40+00:00","dateModified":"2025-06-09T13:06:50+00:00","breadcrumb":{"@id":"https:\/\/grupo.us.es\/habitae\/workshop-seminarios-y-jornadas\/#breadcrumb"},"inLanguage":"es","potentialAction":[{"@type":"ReadAction","target":["https:\/\/grupo.us.es\/habitae\/workshop-seminarios-y-jornadas\/"]}]},{"@type":"ImageObject","inLanguage":"es","@id":"https:\/\/grupo.us.es\/habitae\/workshop-seminarios-y-jornadas\/#primaryimage","url":"https:\/\/grupo.us.es\/habitae\/wp-content\/uploads\/2024\/11\/cropped-LOGO_HABITAE_3_fondo-azul_3.png","contentUrl":"https:\/\/grupo.us.es\/habitae\/wp-content\/uploads\/2024\/11\/cropped-LOGO_HABITAE_3_fondo-azul_3.png","width":512,"height":512},{"@type":"BreadcrumbList","@id":"https:\/\/grupo.us.es\/habitae\/workshop-seminarios-y-jornadas\/#breadcrumb","itemListElement":[{"@type":"ListItem","position":1,"name":"Portada","item":"https:\/\/grupo.us.es\/habitae\/"},{"@type":"ListItem","position":2,"name":"Workshop, Seminarios y Jornadas"}]},{"@type":"WebSite","@id":"https:\/\/grupo.us.es\/habitae\/#website","url":"https:\/\/grupo.us.es\/habitae\/","name":"HABITAE - Habitabilidad, Acondicionamiento y Energ\u00eda en Arquitectura","description":"HABITAE - Grupo TEP-999","publisher":{"@id":"https:\/\/grupo.us.es\/habitae\/#organization"},"potentialAction":[{"@type":"SearchAction","target":{"@type":"EntryPoint","urlTemplate":"https:\/\/grupo.us.es\/habitae\/?s={search_term_string}"},"query-input":{"@type":"PropertyValueSpecification","valueRequired":true,"valueName":"search_term_string"}}],"inLanguage":"es"},{"@type":"Organization","@id":"https:\/\/grupo.us.es\/habitae\/#organization","name":"HABITAE - Habitabilidad, Acondicionamiento y Energ\u00eda en Arquitectura","url":"https:\/\/grupo.us.es\/habitae\/","logo":{"@type":"ImageObject","inLanguage":"es","@id":"https:\/\/grupo.us.es\/habitae\/#\/schema\/logo\/image\/","url":"https:\/\/grupo.us.es\/habitae\/wp-content\/uploads\/2024\/11\/LOGO_HABITAE_3_sin-fondo_horizontal_3.png","contentUrl":"https:\/\/grupo.us.es\/habitae\/wp-content\/uploads\/2024\/11\/LOGO_HABITAE_3_sin-fondo_horizontal_3.png","width":1025,"height":396,"caption":"HABITAE - Habitabilidad, Acondicionamiento y Energ\u00eda en Arquitectura"},"image":{"@id":"https:\/\/grupo.us.es\/habitae\/#\/schema\/logo\/image\/"}}]}},"_links":{"self":[{"href":"https:\/\/grupo.us.es\/habitae\/wp-json\/wp\/v2\/pages\/662","targetHints":{"allow":["GET"]}}],"collection":[{"href":"https:\/\/grupo.us.es\/habitae\/wp-json\/wp\/v2\/pages"}],"about":[{"href":"https:\/\/grupo.us.es\/habitae\/wp-json\/wp\/v2\/types\/page"}],"author":[{"embeddable":true,"href":"https:\/\/grupo.us.es\/habitae\/wp-json\/wp\/v2\/users\/2"}],"replies":[{"embeddable":true,"href":"https:\/\/grupo.us.es\/habitae\/wp-json\/wp\/v2\/comments?post=662"}],"version-history":[{"count":0,"href":"https:\/\/grupo.us.es\/habitae\/wp-json\/wp\/v2\/pages\/662\/revisions"}],"wp:featuredmedia":[{"embeddable":true,"href":"https:\/\/grupo.us.es\/habitae\/wp-json\/wp\/v2\/media\/145"}],"wp:attachment":[{"href":"https:\/\/grupo.us.es\/habitae\/wp-json\/wp\/v2\/media?parent=662"}],"curies":[{"name":"wp","href":"https:\/\/api.w.org\/{rel}","templated":true}]}}