{"id":55,"date":"2024-10-15T13:20:53","date_gmt":"2024-10-15T11:20:53","guid":{"rendered":"http:\/\/grupo.us.es\/habitae\/?page_id=55"},"modified":"2025-06-09T15:03:54","modified_gmt":"2025-06-09T13:03:54","slug":"libros","status":"publish","type":"page","link":"https:\/\/grupo.us.es\/habitae\/libros\/","title":{"rendered":"Libros"},"content":{"rendered":"\t\t<div data-elementor-type=\"wp-page\" data-elementor-id=\"55\" class=\"elementor elementor-55\" data-elementor-post-type=\"page\">\n\t\t\t\t<div class=\"elementor-element elementor-element-0318007 e-flex e-con-boxed e-con e-parent\" data-id=\"0318007\" data-element_type=\"container\" data-e-type=\"container\">\n\t\t\t\t\t<div class=\"e-con-inner\">\n\t\t\t\t<div class=\"elementor-element elementor-element-60a0cbc elementor-widget elementor-widget-text-editor\" data-id=\"60a0cbc\" data-element_type=\"widget\" data-e-type=\"widget\" data-widget_type=\"text-editor.default\">\n\t\t\t\t<div class=\"elementor-widget-container\">\n\t\t\t\t\t\t\t\t\t<p>Los <strong>temas de investigaci\u00f3n<\/strong> de las aportaciones se clasifican en las siguientes categor\u00edas:<\/p><p>Confort ambiental, Energ\u00eda en la edificaci\u00f3n, Cambio clim\u00e1tico, Impactos medioambientales y ciclo de vida, Sostenibilidad en la edificaci\u00f3n, Percepci\u00f3n del usuario, Ac\u00fastica de espacios de culto, Rehabilitaci\u00f3n ac\u00fastica, Rehabilitaci\u00f3n patrimonial, Iluminaci\u00f3n, Caracterizaci\u00f3n urbana y M\u00e9todos num\u00e9ricos.<\/p>\t\t\t\t\t\t\t\t<\/div>\n\t\t\t\t<\/div>\n\t\t\t\t<div class=\"elementor-element elementor-element-4bbce00 elementor-widget elementor-widget-shortcode\" data-id=\"4bbce00\" data-element_type=\"widget\" data-e-type=\"widget\" data-widget_type=\"shortcode.default\">\n\t\t\t\t<div class=\"elementor-widget-container\">\n\t\t\t\t\t\t\t<div class=\"elementor-shortcode\">\n<table id=\"tablepress-4\" class=\"tablepress tablepress-id-4\">\n<thead>\n<tr class=\"row-1\">\n\t<th class=\"column-1\">A\u00d1O<\/th><th class=\"column-2\">TITULO<\/th><th class=\"column-3\">LIBRO<\/th><th class=\"column-4\">AUTORES<\/th><th class=\"column-5\">ISBN<\/th><th class=\"column-6\">EDITORIAL<\/th><th class=\"column-7\">SPI<\/th><th class=\"column-8\">TEMA DE INVESTIGACI\u00d3N<\/th><td class=\"column-9\"><\/td>\n<\/tr>\n<\/thead>\n<tbody class=\"row-striping row-hover\">\n<tr class=\"row-2\">\n\t<td class=\"column-1\">2025<\/td><td class=\"column-2\"><a href=\"https:\/\/idus.us.es\/items\/c56e3cf9-bcee-4dea-be3b-534ee066d409\">Los sistemas de instalaciones en arquitectura. Aprendizaje, dise\u00f1o y representaci\u00f3n<\/a><\/td><td class=\"column-3\">Los sistemas de instalaciones en arquitectura. Aprendizaje, dise\u00f1o y representaci\u00f3n<\/td><td class=\"column-4\">Su\u00e1rez, Rafael; Le\u00f3n-Rodr\u00edguez, \u00c1ngel Luis<\/td><td class=\"column-5\">978-84-472-2767-9<\/td><td class=\"column-6\"><span style=\"color:#242424;\">Editorial Universidad de Sevilla<\/span><\/td><td class=\"column-7\">Q2<\/td><td class=\"column-8\">Sistemas de instalaciones<\/td><td class=\"column-9\"><\/td>\n<\/tr>\n<tr class=\"row-3\">\n\t<td class=\"column-1\">2024<\/td><td class=\"column-2\"><a href=\"https:\/\/www.bbsr.bund.de\/BBSR\/DE\/veroeffentlichungen\/bbsr-online\/2024\/bbsr-online-54-2024-dl.pdf?__blob=publicationFile&#038;v=2\">Systemisch optimierte Sanierungsstrategien f\u00fcr energieflexible, CO2-neutrale Quartiere (ReFlex) (Title in English: Systemically Optimized Renovation Strategies for Energy-Flexible, CO2-Neutral Districts (ReFlex))<\/a><\/td><td class=\"column-3\">Systemisch optimierte Sanierungsstrategien f\u00fcr energieflexible, CO2-neutrale Quartiere (ReFlex) (Title in English: Systemically Optimized Renovation Strategies for Energy-Flexible, CO2-Neutral Districts (ReFlex))<\/td><td class=\"column-4\">de-Borja-Torrejon, M., You, Z., Danzer, P., Nouman, A.S., Hemmerle, C.<\/td><td class=\"column-5\">ISSN 1868-0097<\/td><td class=\"column-6\">BBSR<\/td><td class=\"column-7\">-<\/td><td class=\"column-8\">Energ\u00eda en edificaci\u00f3n<\/td><td class=\"column-9\"><\/td>\n<\/tr>\n<tr class=\"row-4\">\n\t<td class=\"column-1\">2017<\/td><td class=\"column-2\"><a href=\"https:\/\/www.irbnet.de\/daten\/rswb\/17129002687.pdf\">Geb\u00e4ude als intelligenter Baustein im Energiesystem: Lastmanagement-Potenziale von Geb\u00e4uden im Kontext der zuk\u00fcnftigen Energieversorgungsstruktur in Deutschland (Title in English: Buildings as Intelligent Components in the Energy System: Load Management Potentials of Buildings in the Context of Germany\u2019s Future Energy Supply Structure)<\/a><\/td><td class=\"column-3\">Geb\u00e4ude als intelligenter Baustein im Energiesystem: Lastmanagement-Potenziale von Geb\u00e4uden im Kontext der zuk\u00fcnftigen Energieversorgungsstruktur in Deutschland (Title in English: Buildings as Intelligent Components in the Energy System: Load Management Potentials of Buildings in the Context of Germany\u2019s Future Energy Supply Structure)<\/td><td class=\"column-4\">Auer, T., Hamacher, T., Wagner, U., Atabay, D., <strong>de-Borja-Torrejon, M.<\/strong>, Dornmair, R., Kuhn, P., Maderspacher, J., S\u00e4nger, F., Laenge, J., Finkbeiner, JL.<\/td><td class=\"column-5\">978-3-7388-0080-7<\/td><td class=\"column-6\">Fraunhofer IRB Verlag<\/td><td class=\"column-7\">-<\/td><td class=\"column-8\">Energ\u00eda en edificaci\u00f3n<\/td><td class=\"column-9\"><\/td>\n<\/tr>\n<tr class=\"row-5\">\n\t<td class=\"column-1\">2017<\/td><td class=\"column-2\"><a href=\"https:\/\/dialnet.unirioja.es\/servlet\/libro?codigo=931940\">El sonido eclesial: espacio y liturgia: de la \"domus eclessiae\" a la catedral rom\u00e1nica<\/a><\/td><td class=\"column-3\">El sonido eclesial: espacio y liturgia: de la \"domus eclessiae\" a la catedral rom\u00e1nica <\/td><td class=\"column-4\">Su\u00e1rez, Rafael<\/td><td class=\"column-5\">978-84-9927-328-0<\/td><td class=\"column-6\">UCO Press<\/td><td class=\"column-7\">Q4<\/td><td class=\"column-8\">Ac\u00fastica de espacios de culto<\/td><td class=\"column-9\"><\/td>\n<\/tr>\n<tr class=\"row-6\">\n\t<td class=\"column-1\">2017<\/td><td class=\"column-2\"><a href=\"https:\/\/dialnet.unirioja.es\/servlet\/libro?codigo=703923\">El sonido en la arquitectura religiosa de Fisac<\/a><\/td><td class=\"column-3\">El sonido en la arquitectura religiosa de Fisac<\/td><td class=\"column-4\">Bueno Lopez, Ana Maria; Le\u00f3n-Rodr\u00edguez, Angel Luis; Galindo, Miguel <\/td><td class=\"column-5\">978-84-472-1875-2<\/td><td class=\"column-6\">Universidad de Sevilla : Junta de Andaluc\u00eda<\/td><td class=\"column-7\">Q4<\/td><td class=\"column-8\">Ac\u00fastica de espacios de culto<\/td><td class=\"column-9\"><\/td>\n<\/tr>\n<tr class=\"row-7\">\n\t<td class=\"column-1\">2017<\/td><td class=\"column-2\"><a href=\"https:\/\/dialnet.unirioja.es\/servlet\/libro?codigo=849595\">La construcci\u00f3n de la vivienda social en Sevilla y su catalogaci\u00f3n: 1939-1979<\/a><\/td><td class=\"column-3\">La construcci\u00f3n de la vivienda social en Sevilla y su catalogaci\u00f3n: 1939-1979<\/td><td class=\"column-4\">Dom\u00ednguez Amarillo, Samuel ; Escand\u00f3n, Roc\u00edo; Fern\u00e1ndez-Ag\u00fcera, Jessica; Sendra Salas,  Juan J.<\/td><td class=\"column-5\">978-84-472-1829-5<\/td><td class=\"column-6\">Editorial Universidad de Sevilla<\/td><td class=\"column-7\">Q2<\/td><td class=\"column-8\">Caracterizaci\u00f3n urbana<\/td><td class=\"column-9\"><\/td>\n<\/tr>\n<tr class=\"row-8\">\n\t<td class=\"column-1\">2014<\/td><td class=\"column-2\"><a href=\"https:\/\/www.irbnet.de\/daten\/rswb\/14109008253.pdf\">Lastverhalten von Geb\u00e4uden unter Ber\u00fccksichtigung unterschiedlicher Bauweisen und technischer Systeme: Speicher- und Lastmanagement-potenziale in Geb\u00e4uden (Title in English: Load performance of buildings in consideration of different construction methods and technical systems: Energy storage and load management potential in buildings)<\/a><\/td><td class=\"column-3\">Lastverhalten von Geb\u00e4uden unter Ber\u00fccksichtigung unterschiedlicher Bauweisen und technischer Systeme: Speicher- und Lastmanagement-potenziale in Geb\u00e4uden<\/td><td class=\"column-4\">Hausladen, G., Auer, T., Schneegans, J., Klimke, K., Riemer, H., Trojer B., Qian, L., de-Borja-Torrejon, M.<\/td><td class=\"column-5\">978-3-8167-9352-6<\/td><td class=\"column-6\">Fraunhofer IRB Verlag<\/td><td class=\"column-7\">-<\/td><td class=\"column-8\">Energ\u00eda en edificaci\u00f3n<\/td><td class=\"column-9\"><\/td>\n<\/tr>\n<tr class=\"row-9\">\n\t<td class=\"column-1\">2011<\/td><td class=\"column-2\"><a href=\"https:\/\/dialnet.unirioja.es\/servlet\/libro?codigo=783769\">Proyecto Efficacia: optimizaci\u00f3n energ\u00e9tica en la vivienda colectiva<\/a><\/td><td class=\"column-3\">Proyecto Efficacia: optimizaci\u00f3n energ\u00e9tica en la vivienda colectiva<\/td><td class=\"column-4\">Sendra, Juan J. ; Dom\u00ednguez-Amarillo, Samuel; Le\u00f3n-Rodr\u00edguez, \u00c1ngel Luis; Navarro Casas,Jaime; Mu\u00f1oz Mu\u00f1oz, Salvador; Le\u00f3n Rodr\u00edguez, Jes\u00fas; Bustamante, Pedro; Garc\u00eda L\u00f3pez,  Javier; Barrera Altemir, Marta; Gentil Fern\u00e1ndez, Miguel; Caro Dom\u00ednguez, Javier <\/td><td class=\"column-5\">978-84-472-1376-4<\/td><td class=\"column-6\">Editorial Universidad de Sevilla<\/td><td class=\"column-7\">Q2<\/td><td class=\"column-8\">Energ\u00eda en edificaci\u00f3n<\/td><td class=\"column-9\"><\/td>\n<\/tr>\n<tr class=\"row-10\">\n\t<td class=\"column-1\">2007<\/td><td class=\"column-2\"><a href=\"https:\/\/dialnet.unirioja.es\/servlet\/libro?codigo=783749\">Ac\u00fastica y rehabilitaci\u00f3n en teatros de Andaluc\u00eda<\/a><\/td><td class=\"column-3\">Ac\u00fastica y rehabilitaci\u00f3n en teatros de Andaluc\u00eda <\/td><td class=\"column-4\">Le\u00f3n-Rodr\u00edguez, \u00c1ngel Luis; P\u00e9rez Escolano, V\u00edctor; Sendra, Juan J.; Navarro Casas, Jaime; Zamarre\u00f1o Garc\u00eda, Te\u00f3filo <\/td><td class=\"column-5\">978-84-472-0867-8<\/td><td class=\"column-6\">Universidad de Sevilla : Junta de Andaluc\u00eda<\/td><td class=\"column-7\">Q4<\/td><td class=\"column-8\">Rehabilitaci\u00f3n ac\u00fastica<\/td><td class=\"column-9\"><\/td>\n<\/tr>\n<\/tbody>\n<\/table>\n<!-- #tablepress-4 from cache --><\/div>\n\t\t\t\t\t\t<\/div>\n\t\t\t\t<\/div>\n\t\t\t\t\t<\/div>\n\t\t\t\t<\/div>\n\t\t\t\t<\/div>\n\t\t","protected":false},"excerpt":{"rendered":"<p>Los temas de investigaci\u00f3n de las aportaciones se clasifican en las siguientes categor\u00edas: Confort ambiental, Energ\u00eda en la edificaci\u00f3n, Cambio clim\u00e1tico, Impactos medioambientales y ciclo de vida, Sostenibilidad en la edificaci\u00f3n, Percepci\u00f3n del usuario, Ac\u00fastica de espacios de culto, Rehabilitaci\u00f3n ac\u00fastica, Rehabilitaci\u00f3n patrimonial, Iluminaci\u00f3n, Caracterizaci\u00f3n urbana y M\u00e9todos num\u00e9ricos.<\/p>\n","protected":false},"author":1,"featured_media":0,"parent":0,"menu_order":0,"comment_status":"closed","ping_status":"closed","template":"","meta":{"_acf_changed":false,"footnotes":""},"class_list":["post-55","page","type-page","status-publish","hentry"],"acf":[],"yoast_head":"<!-- This site is optimized with the Yoast SEO plugin v27.3 - https:\/\/yoast.com\/product\/yoast-seo-wordpress\/ -->\n<title>Libros - HABITAE - Habitabilidad, Acondicionamiento y Energ\u00eda en Arquitectura<\/title>\n<meta name=\"robots\" content=\"index, follow, max-snippet:-1, max-image-preview:large, max-video-preview:-1\" \/>\n<link rel=\"canonical\" href=\"https:\/\/grupo.us.es\/habitae\/libros\/\" \/>\n<meta property=\"og:locale\" content=\"es_ES\" \/>\n<meta property=\"og:type\" content=\"article\" \/>\n<meta property=\"og:title\" content=\"Libros - HABITAE - Habitabilidad, Acondicionamiento y Energ\u00eda en Arquitectura\" \/>\n<meta property=\"og:description\" content=\"Los temas de investigaci\u00f3n de las aportaciones se clasifican en las siguientes categor\u00edas: Confort ambiental, Energ\u00eda en la edificaci\u00f3n, Cambio clim\u00e1tico, Impactos medioambientales y ciclo de vida, Sostenibilidad en la edificaci\u00f3n, Percepci\u00f3n del usuario, Ac\u00fastica de espacios de culto, Rehabilitaci\u00f3n ac\u00fastica, Rehabilitaci\u00f3n patrimonial, Iluminaci\u00f3n, Caracterizaci\u00f3n urbana y M\u00e9todos num\u00e9ricos.\" \/>\n<meta property=\"og:url\" content=\"https:\/\/grupo.us.es\/habitae\/libros\/\" \/>\n<meta property=\"og:site_name\" content=\"HABITAE - Habitabilidad, Acondicionamiento y Energ\u00eda en Arquitectura\" \/>\n<meta property=\"article:modified_time\" content=\"2025-06-09T13:03:54+00:00\" \/>\n<meta name=\"twitter:card\" content=\"summary_large_image\" \/>\n<meta name=\"twitter:label1\" content=\"Tiempo de lectura\" \/>\n\t<meta name=\"twitter:data1\" content=\"1 minuto\" \/>\n<script type=\"application\/ld+json\" class=\"yoast-schema-graph\">{\"@context\":\"https:\\\/\\\/schema.org\",\"@graph\":[{\"@type\":\"WebPage\",\"@id\":\"https:\\\/\\\/grupo.us.es\\\/habitae\\\/libros\\\/\",\"url\":\"https:\\\/\\\/grupo.us.es\\\/habitae\\\/libros\\\/\",\"name\":\"Libros - HABITAE - Habitabilidad, Acondicionamiento y Energ\u00eda en Arquitectura\",\"isPartOf\":{\"@id\":\"https:\\\/\\\/grupo.us.es\\\/habitae\\\/#website\"},\"datePublished\":\"2024-10-15T11:20:53+00:00\",\"dateModified\":\"2025-06-09T13:03:54+00:00\",\"breadcrumb\":{\"@id\":\"https:\\\/\\\/grupo.us.es\\\/habitae\\\/libros\\\/#breadcrumb\"},\"inLanguage\":\"es\",\"potentialAction\":[{\"@type\":\"ReadAction\",\"target\":[\"https:\\\/\\\/grupo.us.es\\\/habitae\\\/libros\\\/\"]}]},{\"@type\":\"BreadcrumbList\",\"@id\":\"https:\\\/\\\/grupo.us.es\\\/habitae\\\/libros\\\/#breadcrumb\",\"itemListElement\":[{\"@type\":\"ListItem\",\"position\":1,\"name\":\"Portada\",\"item\":\"https:\\\/\\\/grupo.us.es\\\/habitae\\\/\"},{\"@type\":\"ListItem\",\"position\":2,\"name\":\"Libros\"}]},{\"@type\":\"WebSite\",\"@id\":\"https:\\\/\\\/grupo.us.es\\\/habitae\\\/#website\",\"url\":\"https:\\\/\\\/grupo.us.es\\\/habitae\\\/\",\"name\":\"HABITAE - Habitabilidad, Acondicionamiento y Energ\u00eda en Arquitectura\",\"description\":\"HABITAE - Grupo TEP-999\",\"publisher\":{\"@id\":\"https:\\\/\\\/grupo.us.es\\\/habitae\\\/#organization\"},\"potentialAction\":[{\"@type\":\"SearchAction\",\"target\":{\"@type\":\"EntryPoint\",\"urlTemplate\":\"https:\\\/\\\/grupo.us.es\\\/habitae\\\/?s={search_term_string}\"},\"query-input\":{\"@type\":\"PropertyValueSpecification\",\"valueRequired\":true,\"valueName\":\"search_term_string\"}}],\"inLanguage\":\"es\"},{\"@type\":\"Organization\",\"@id\":\"https:\\\/\\\/grupo.us.es\\\/habitae\\\/#organization\",\"name\":\"HABITAE - Habitabilidad, Acondicionamiento y Energ\u00eda en Arquitectura\",\"url\":\"https:\\\/\\\/grupo.us.es\\\/habitae\\\/\",\"logo\":{\"@type\":\"ImageObject\",\"inLanguage\":\"es\",\"@id\":\"https:\\\/\\\/grupo.us.es\\\/habitae\\\/#\\\/schema\\\/logo\\\/image\\\/\",\"url\":\"https:\\\/\\\/grupo.us.es\\\/habitae\\\/wp-content\\\/uploads\\\/2024\\\/11\\\/LOGO_HABITAE_3_sin-fondo_horizontal_3.png\",\"contentUrl\":\"https:\\\/\\\/grupo.us.es\\\/habitae\\\/wp-content\\\/uploads\\\/2024\\\/11\\\/LOGO_HABITAE_3_sin-fondo_horizontal_3.png\",\"width\":1025,\"height\":396,\"caption\":\"HABITAE - Habitabilidad, Acondicionamiento y Energ\u00eda en Arquitectura\"},\"image\":{\"@id\":\"https:\\\/\\\/grupo.us.es\\\/habitae\\\/#\\\/schema\\\/logo\\\/image\\\/\"}}]}<\/script>\n<!-- \/ Yoast SEO plugin. -->","yoast_head_json":{"title":"Libros - HABITAE - Habitabilidad, Acondicionamiento y Energ\u00eda en Arquitectura","robots":{"index":"index","follow":"follow","max-snippet":"max-snippet:-1","max-image-preview":"max-image-preview:large","max-video-preview":"max-video-preview:-1"},"canonical":"https:\/\/grupo.us.es\/habitae\/libros\/","og_locale":"es_ES","og_type":"article","og_title":"Libros - HABITAE - Habitabilidad, Acondicionamiento y Energ\u00eda en Arquitectura","og_description":"Los temas de investigaci\u00f3n de las aportaciones se clasifican en las siguientes categor\u00edas: Confort ambiental, Energ\u00eda en la edificaci\u00f3n, Cambio clim\u00e1tico, Impactos medioambientales y ciclo de vida, Sostenibilidad en la edificaci\u00f3n, Percepci\u00f3n del usuario, Ac\u00fastica de espacios de culto, Rehabilitaci\u00f3n ac\u00fastica, Rehabilitaci\u00f3n patrimonial, Iluminaci\u00f3n, Caracterizaci\u00f3n urbana y M\u00e9todos num\u00e9ricos.","og_url":"https:\/\/grupo.us.es\/habitae\/libros\/","og_site_name":"HABITAE - Habitabilidad, Acondicionamiento y Energ\u00eda en Arquitectura","article_modified_time":"2025-06-09T13:03:54+00:00","twitter_card":"summary_large_image","twitter_misc":{"Tiempo de lectura":"1 minuto"},"schema":{"@context":"https:\/\/schema.org","@graph":[{"@type":"WebPage","@id":"https:\/\/grupo.us.es\/habitae\/libros\/","url":"https:\/\/grupo.us.es\/habitae\/libros\/","name":"Libros - HABITAE - Habitabilidad, Acondicionamiento y Energ\u00eda en Arquitectura","isPartOf":{"@id":"https:\/\/grupo.us.es\/habitae\/#website"},"datePublished":"2024-10-15T11:20:53+00:00","dateModified":"2025-06-09T13:03:54+00:00","breadcrumb":{"@id":"https:\/\/grupo.us.es\/habitae\/libros\/#breadcrumb"},"inLanguage":"es","potentialAction":[{"@type":"ReadAction","target":["https:\/\/grupo.us.es\/habitae\/libros\/"]}]},{"@type":"BreadcrumbList","@id":"https:\/\/grupo.us.es\/habitae\/libros\/#breadcrumb","itemListElement":[{"@type":"ListItem","position":1,"name":"Portada","item":"https:\/\/grupo.us.es\/habitae\/"},{"@type":"ListItem","position":2,"name":"Libros"}]},{"@type":"WebSite","@id":"https:\/\/grupo.us.es\/habitae\/#website","url":"https:\/\/grupo.us.es\/habitae\/","name":"HABITAE - Habitabilidad, Acondicionamiento y Energ\u00eda en Arquitectura","description":"HABITAE - Grupo TEP-999","publisher":{"@id":"https:\/\/grupo.us.es\/habitae\/#organization"},"potentialAction":[{"@type":"SearchAction","target":{"@type":"EntryPoint","urlTemplate":"https:\/\/grupo.us.es\/habitae\/?s={search_term_string}"},"query-input":{"@type":"PropertyValueSpecification","valueRequired":true,"valueName":"search_term_string"}}],"inLanguage":"es"},{"@type":"Organization","@id":"https:\/\/grupo.us.es\/habitae\/#organization","name":"HABITAE - Habitabilidad, Acondicionamiento y Energ\u00eda en Arquitectura","url":"https:\/\/grupo.us.es\/habitae\/","logo":{"@type":"ImageObject","inLanguage":"es","@id":"https:\/\/grupo.us.es\/habitae\/#\/schema\/logo\/image\/","url":"https:\/\/grupo.us.es\/habitae\/wp-content\/uploads\/2024\/11\/LOGO_HABITAE_3_sin-fondo_horizontal_3.png","contentUrl":"https:\/\/grupo.us.es\/habitae\/wp-content\/uploads\/2024\/11\/LOGO_HABITAE_3_sin-fondo_horizontal_3.png","width":1025,"height":396,"caption":"HABITAE - Habitabilidad, Acondicionamiento y Energ\u00eda en Arquitectura"},"image":{"@id":"https:\/\/grupo.us.es\/habitae\/#\/schema\/logo\/image\/"}}]}},"_links":{"self":[{"href":"https:\/\/grupo.us.es\/habitae\/wp-json\/wp\/v2\/pages\/55","targetHints":{"allow":["GET"]}}],"collection":[{"href":"https:\/\/grupo.us.es\/habitae\/wp-json\/wp\/v2\/pages"}],"about":[{"href":"https:\/\/grupo.us.es\/habitae\/wp-json\/wp\/v2\/types\/page"}],"author":[{"embeddable":true,"href":"https:\/\/grupo.us.es\/habitae\/wp-json\/wp\/v2\/users\/1"}],"replies":[{"embeddable":true,"href":"https:\/\/grupo.us.es\/habitae\/wp-json\/wp\/v2\/comments?post=55"}],"version-history":[{"count":0,"href":"https:\/\/grupo.us.es\/habitae\/wp-json\/wp\/v2\/pages\/55\/revisions"}],"wp:attachment":[{"href":"https:\/\/grupo.us.es\/habitae\/wp-json\/wp\/v2\/media?parent=55"}],"curies":[{"name":"wp","href":"https:\/\/api.w.org\/{rel}","templated":true}]}}