{"id":53,"date":"2024-10-15T13:20:53","date_gmt":"2024-10-15T11:20:53","guid":{"rendered":"http:\/\/grupo.us.es\/habitae\/?page_id=53"},"modified":"2025-11-19T09:28:22","modified_gmt":"2025-11-19T08:28:22","slug":"contratos-de-investigacion","status":"publish","type":"page","link":"https:\/\/grupo.us.es\/habitae\/contratos-de-investigacion\/","title":{"rendered":"Contratos de investigaci\u00f3n"},"content":{"rendered":"\t\t<div data-elementor-type=\"wp-page\" data-elementor-id=\"53\" class=\"elementor elementor-53\" data-elementor-post-type=\"page\">\n\t\t\t\t<div class=\"elementor-element elementor-element-c97868f e-con-full e-flex e-con e-parent\" data-id=\"c97868f\" data-element_type=\"container\" data-e-type=\"container\" data-settings=\"{&quot;background_background&quot;:&quot;classic&quot;}\">\n\t\t\t\t<div class=\"elementor-element elementor-element-a366fd2 elementor-widget elementor-widget-heading\" data-id=\"a366fd2\" data-element_type=\"widget\" data-e-type=\"widget\" data-widget_type=\"heading.default\">\n\t\t\t\t<div class=\"elementor-widget-container\">\n\t\t\t\t\t<h2 class=\"elementor-heading-title elementor-size-default\">CONTRATOS EN CURSO<\/h2>\t\t\t\t<\/div>\n\t\t\t\t<\/div>\n\t\t\t\t<\/div>\n\t\t<div class=\"elementor-element elementor-element-0f6c143 e-flex e-con-boxed e-con e-parent\" data-id=\"0f6c143\" data-element_type=\"container\" data-e-type=\"container\">\n\t\t\t\t\t<div class=\"e-con-inner\">\n\t\t\t\t<div class=\"elementor-element elementor-element-5c46507 elementor-grid-4 elementor-grid-tablet-3 elementor-grid-mobile-1 elementor-widget elementor-widget-portfolio\" data-id=\"5c46507\" data-element_type=\"widget\" data-e-type=\"widget\" data-settings=\"{&quot;item_ratio&quot;:{&quot;unit&quot;:&quot;px&quot;,&quot;size&quot;:1,&quot;sizes&quot;:[]},&quot;row_gap&quot;:{&quot;unit&quot;:&quot;px&quot;,&quot;size&quot;:10,&quot;sizes&quot;:[]},&quot;columns&quot;:&quot;4&quot;,&quot;columns_tablet&quot;:&quot;3&quot;,&quot;columns_mobile&quot;:&quot;1&quot;,&quot;item_gap&quot;:{&quot;unit&quot;:&quot;px&quot;,&quot;size&quot;:&quot;&quot;,&quot;sizes&quot;:[]}}\" data-widget_type=\"portfolio.default\">\n\t\t\t\t<div class=\"elementor-widget-container\">\n\t\t\t\t\t\t\t<div class=\"elementor-portfolio elementor-grid elementor-posts-container\" role=\"list\">\n\t\t\t\t<article class=\"elementor-portfolio-item elementor-post  post-788 post type-post status-publish format-standard has-post-thumbnail hentry category-contratos tag-en-curso\" role=\"listitem\">\n\t\t\t<a class=\"elementor-post__thumbnail__link\" href=\"https:\/\/grupo.us.es\/habitae\/futurhist\/\">\n\t\t\t\t<div class=\"elementor-portfolio-item__img elementor-post__thumbnail\">\n\t\t\t<img fetchpriority=\"high\" decoding=\"async\" width=\"800\" height=\"800\" src=\"https:\/\/grupo.us.es\/habitae\/wp-content\/uploads\/2025\/11\/IMAGEN-RECUADRO_FUTURHIST.png\" class=\"attachment-large size-large wp-image-790\" alt=\"\" srcset=\"https:\/\/grupo.us.es\/habitae\/wp-content\/uploads\/2025\/11\/IMAGEN-RECUADRO_FUTURHIST.png 950w, https:\/\/grupo.us.es\/habitae\/wp-content\/uploads\/2025\/11\/IMAGEN-RECUADRO_FUTURHIST-300x300.png 300w, https:\/\/grupo.us.es\/habitae\/wp-content\/uploads\/2025\/11\/IMAGEN-RECUADRO_FUTURHIST-150x150.png 150w, https:\/\/grupo.us.es\/habitae\/wp-content\/uploads\/2025\/11\/IMAGEN-RECUADRO_FUTURHIST-768x768.png 768w\" sizes=\"(max-width: 800px) 100vw, 800px\" \/>\t\t<\/div>\n\t\t\t\t<div class=\"elementor-portfolio-item__overlay\">\n\t\t\t\t<h3 class=\"elementor-portfolio-item__title\">\n\t\tConsultor\u00eda y asistencia t\u00e9cnica para apoyo a AVRA en el desarrollo, colaboraci\u00f3n y gesti\u00f3n de las tareas y paquetes de trabajo del Proyecto Futurhist (Programa Horizon Europe)\t\t<\/h3>\n\t\t\t\t<\/div>\n\t\t\t\t<\/a>\n\t\t<\/article>\n\t\t\t\t<\/div>\n\t\t\t\t\t\t<\/div>\n\t\t\t\t<\/div>\n\t\t\t\t\t<\/div>\n\t\t\t\t<\/div>\n\t\t<div class=\"elementor-element elementor-element-3c9abd1 e-con-full e-flex e-con e-parent\" data-id=\"3c9abd1\" data-element_type=\"container\" data-e-type=\"container\" data-settings=\"{&quot;background_background&quot;:&quot;classic&quot;}\">\n\t\t\t\t<div class=\"elementor-element elementor-element-7a0b133 elementor-widget elementor-widget-heading\" data-id=\"7a0b133\" data-element_type=\"widget\" data-e-type=\"widget\" data-widget_type=\"heading.default\">\n\t\t\t\t<div class=\"elementor-widget-container\">\n\t\t\t\t\t<h2 class=\"elementor-heading-title elementor-size-default\">CONTRATOS FINALIZADOS<\/h2>\t\t\t\t<\/div>\n\t\t\t\t<\/div>\n\t\t\t\t<\/div>\n\t\t<div class=\"elementor-element elementor-element-c8a8789 e-flex e-con-boxed e-con e-parent\" data-id=\"c8a8789\" data-element_type=\"container\" data-e-type=\"container\">\n\t\t\t\t\t<div class=\"e-con-inner\">\n\t\t\t\t<div class=\"elementor-element elementor-element-2cbd6d8 elementor-grid-4 elementor-grid-tablet-3 elementor-grid-mobile-1 elementor-widget elementor-widget-portfolio\" data-id=\"2cbd6d8\" data-element_type=\"widget\" data-e-type=\"widget\" data-settings=\"{&quot;item_ratio&quot;:{&quot;unit&quot;:&quot;px&quot;,&quot;size&quot;:1,&quot;sizes&quot;:[]},&quot;row_gap&quot;:{&quot;unit&quot;:&quot;px&quot;,&quot;size&quot;:10,&quot;sizes&quot;:[]},&quot;columns&quot;:&quot;4&quot;,&quot;columns_tablet&quot;:&quot;3&quot;,&quot;columns_mobile&quot;:&quot;1&quot;,&quot;item_gap&quot;:{&quot;unit&quot;:&quot;px&quot;,&quot;size&quot;:&quot;&quot;,&quot;sizes&quot;:[]}}\" data-widget_type=\"portfolio.default\">\n\t\t\t\t<div class=\"elementor-widget-container\">\n\t\t\t\t\t\t\t<div class=\"elementor-portfolio elementor-grid elementor-posts-container\" role=\"list\">\n\t\t\t\t<article class=\"elementor-portfolio-item elementor-post  post-332 post type-post status-publish format-standard has-post-thumbnail hentry category-contratos tag-finalizado\" role=\"listitem\">\n\t\t\t<a class=\"elementor-post__thumbnail__link\" href=\"https:\/\/grupo.us.es\/habitae\/proyecto-internacional-competitivo-y-de-indole-institucional-solar-decathlon-europa-2019\/\">\n\t\t\t\t<div class=\"elementor-portfolio-item__img elementor-post__thumbnail\">\n\t\t\t<img decoding=\"async\" width=\"800\" height=\"801\" src=\"https:\/\/grupo.us.es\/habitae\/wp-content\/uploads\/2025\/04\/IMAGEN-RECUADRO_SDE19.png\" class=\"attachment-large size-large wp-image-592\" alt=\"\" srcset=\"https:\/\/grupo.us.es\/habitae\/wp-content\/uploads\/2025\/04\/IMAGEN-RECUADRO_SDE19.png 948w, https:\/\/grupo.us.es\/habitae\/wp-content\/uploads\/2025\/04\/IMAGEN-RECUADRO_SDE19-300x300.png 300w, https:\/\/grupo.us.es\/habitae\/wp-content\/uploads\/2025\/04\/IMAGEN-RECUADRO_SDE19-150x150.png 150w, https:\/\/grupo.us.es\/habitae\/wp-content\/uploads\/2025\/04\/IMAGEN-RECUADRO_SDE19-768x769.png 768w\" sizes=\"(max-width: 800px) 100vw, 800px\" \/>\t\t<\/div>\n\t\t\t\t<div class=\"elementor-portfolio-item__overlay\">\n\t\t\t\t<h3 class=\"elementor-portfolio-item__title\">\n\t\tProyecto internacional Competitivo y de \u00edndole Institucional. SOLAR DECATHLON EUROPA 2019\t\t<\/h3>\n\t\t\t\t<\/div>\n\t\t\t\t<\/a>\n\t\t<\/article>\n\t\t\t\t<article class=\"elementor-portfolio-item elementor-post  post-591 post type-post status-publish format-standard has-post-thumbnail hentry category-contratos tag-finalizado\" role=\"listitem\">\n\t\t\t<a class=\"elementor-post__thumbnail__link\" href=\"https:\/\/grupo.us.es\/habitae\/solar-decathlon-lac-2015\/\">\n\t\t\t\t<div class=\"elementor-portfolio-item__img elementor-post__thumbnail\">\n\t\t\t<img decoding=\"async\" width=\"800\" height=\"801\" src=\"https:\/\/grupo.us.es\/habitae\/wp-content\/uploads\/2025\/05\/IMAGEN-RECUADRO_SDLAC15.png\" class=\"attachment-large size-large wp-image-593\" alt=\"\" srcset=\"https:\/\/grupo.us.es\/habitae\/wp-content\/uploads\/2025\/05\/IMAGEN-RECUADRO_SDLAC15.png 948w, https:\/\/grupo.us.es\/habitae\/wp-content\/uploads\/2025\/05\/IMAGEN-RECUADRO_SDLAC15-300x300.png 300w, https:\/\/grupo.us.es\/habitae\/wp-content\/uploads\/2025\/05\/IMAGEN-RECUADRO_SDLAC15-150x150.png 150w, https:\/\/grupo.us.es\/habitae\/wp-content\/uploads\/2025\/05\/IMAGEN-RECUADRO_SDLAC15-768x769.png 768w\" sizes=\"(max-width: 800px) 100vw, 800px\" \/>\t\t<\/div>\n\t\t\t\t<div class=\"elementor-portfolio-item__overlay\">\n\t\t\t\t<h3 class=\"elementor-portfolio-item__title\">\n\t\tSolar Decathlon LAC 2015\t\t<\/h3>\n\t\t\t\t<\/div>\n\t\t\t\t<\/a>\n\t\t<\/article>\n\t\t\t\t<article class=\"elementor-portfolio-item elementor-post  post-602 post type-post status-publish format-standard has-post-thumbnail hentry category-contratos tag-finalizado\" role=\"listitem\">\n\t\t\t<a class=\"elementor-post__thumbnail__link\" href=\"https:\/\/grupo.us.es\/habitae\/rehabilitacion-energetica-y-ambiental-de-viviendas-sociales-en-andalucia-evaluacion-con-celdas-de-ensayos\/\">\n\t\t\t\t<div class=\"elementor-portfolio-item__img elementor-post__thumbnail\">\n\t\t\t<img loading=\"lazy\" decoding=\"async\" width=\"800\" height=\"808\" src=\"https:\/\/grupo.us.es\/habitae\/wp-content\/uploads\/2025\/05\/IMAGEN-RECUADRO_CELDA.jpg\" class=\"attachment-large size-large wp-image-633\" alt=\"\" srcset=\"https:\/\/grupo.us.es\/habitae\/wp-content\/uploads\/2025\/05\/IMAGEN-RECUADRO_CELDA.jpg 977w, https:\/\/grupo.us.es\/habitae\/wp-content\/uploads\/2025\/05\/IMAGEN-RECUADRO_CELDA-297x300.jpg 297w, https:\/\/grupo.us.es\/habitae\/wp-content\/uploads\/2025\/05\/IMAGEN-RECUADRO_CELDA-768x776.jpg 768w\" sizes=\"(max-width: 800px) 100vw, 800px\" \/>\t\t<\/div>\n\t\t\t\t<div class=\"elementor-portfolio-item__overlay\">\n\t\t\t\t<h3 class=\"elementor-portfolio-item__title\">\n\t\tRehabilitaci\u00f3n energ\u00e9tica y ambiental de viviendas sociales en Andaluc\u00eda: evaluaci\u00f3n con celdas de ensayos\t\t<\/h3>\n\t\t\t\t<\/div>\n\t\t\t\t<\/a>\n\t\t<\/article>\n\t\t\t\t<article class=\"elementor-portfolio-item elementor-post  post-609 post type-post status-publish format-standard has-post-thumbnail hentry category-contratos tag-finalizado\" role=\"listitem\">\n\t\t\t<a class=\"elementor-post__thumbnail__link\" href=\"https:\/\/grupo.us.es\/habitae\/intervencion-en-barriadas-residenciales-obsoletas-manual-de-buenas-practicas\/\">\n\t\t\t\t<div class=\"elementor-portfolio-item__img elementor-post__thumbnail\">\n\t\t\t<img loading=\"lazy\" decoding=\"async\" width=\"800\" height=\"800\" src=\"https:\/\/grupo.us.es\/habitae\/wp-content\/uploads\/2025\/05\/IMAGEN-RECUADRO_PROYECTOMBP.jpg\" class=\"attachment-large size-large wp-image-632\" alt=\"\" srcset=\"https:\/\/grupo.us.es\/habitae\/wp-content\/uploads\/2025\/05\/IMAGEN-RECUADRO_PROYECTOMBP.jpg 948w, https:\/\/grupo.us.es\/habitae\/wp-content\/uploads\/2025\/05\/IMAGEN-RECUADRO_PROYECTOMBP-300x300.jpg 300w, https:\/\/grupo.us.es\/habitae\/wp-content\/uploads\/2025\/05\/IMAGEN-RECUADRO_PROYECTOMBP-150x150.jpg 150w, https:\/\/grupo.us.es\/habitae\/wp-content\/uploads\/2025\/05\/IMAGEN-RECUADRO_PROYECTOMBP-768x768.jpg 768w\" sizes=\"(max-width: 800px) 100vw, 800px\" \/>\t\t<\/div>\n\t\t\t\t<div class=\"elementor-portfolio-item__overlay\">\n\t\t\t\t<h3 class=\"elementor-portfolio-item__title\">\n\t\tIntervenci\u00f3n en barriadas residenciales obsoletas: Manual de Buenas Pr\u00e1cticas\t\t<\/h3>\n\t\t\t\t<\/div>\n\t\t\t\t<\/a>\n\t\t<\/article>\n\t\t\t\t<article class=\"elementor-portfolio-item elementor-post  post-615 post type-post status-publish format-standard has-post-thumbnail hentry category-contratos tag-finalizado\" role=\"listitem\">\n\t\t\t<a class=\"elementor-post__thumbnail__link\" href=\"https:\/\/grupo.us.es\/habitae\/total-integrated-gris-intelligent-system\/\">\n\t\t\t\t<div class=\"elementor-portfolio-item__img elementor-post__thumbnail\">\n\t\t\t<img loading=\"lazy\" decoding=\"async\" width=\"800\" height=\"800\" src=\"https:\/\/grupo.us.es\/habitae\/wp-content\/uploads\/2025\/05\/IMAGEN-RECUADRO_TIGRIS.jpg\" class=\"attachment-large size-large wp-image-631\" alt=\"\" srcset=\"https:\/\/grupo.us.es\/habitae\/wp-content\/uploads\/2025\/05\/IMAGEN-RECUADRO_TIGRIS.jpg 948w, https:\/\/grupo.us.es\/habitae\/wp-content\/uploads\/2025\/05\/IMAGEN-RECUADRO_TIGRIS-300x300.jpg 300w, https:\/\/grupo.us.es\/habitae\/wp-content\/uploads\/2025\/05\/IMAGEN-RECUADRO_TIGRIS-150x150.jpg 150w, https:\/\/grupo.us.es\/habitae\/wp-content\/uploads\/2025\/05\/IMAGEN-RECUADRO_TIGRIS-768x768.jpg 768w\" sizes=\"(max-width: 800px) 100vw, 800px\" \/>\t\t<\/div>\n\t\t\t\t<div class=\"elementor-portfolio-item__overlay\">\n\t\t\t\t<h3 class=\"elementor-portfolio-item__title\">\n\t\tTotal Integrated Gris Intelligent System\t\t<\/h3>\n\t\t\t\t<\/div>\n\t\t\t\t<\/a>\n\t\t<\/article>\n\t\t\t\t<article class=\"elementor-portfolio-item elementor-post  post-617 post type-post status-publish format-standard has-post-thumbnail hentry category-contratos tag-finalizado\" role=\"listitem\">\n\t\t\t<a class=\"elementor-post__thumbnail__link\" href=\"https:\/\/grupo.us.es\/habitae\/tecnology-information-and-communication-services-for-engaging-social-housing-residents-in-energy-and-water-efficiency\/\">\n\t\t\t\t<div class=\"elementor-portfolio-item__img elementor-post__thumbnail\">\n\t\t\t<img loading=\"lazy\" decoding=\"async\" width=\"800\" height=\"800\" src=\"https:\/\/grupo.us.es\/habitae\/wp-content\/uploads\/2025\/05\/IMAGEN-RECUADRO_ENERGYTIC.jpg\" class=\"attachment-large size-large wp-image-629\" alt=\"\" srcset=\"https:\/\/grupo.us.es\/habitae\/wp-content\/uploads\/2025\/05\/IMAGEN-RECUADRO_ENERGYTIC.jpg 948w, https:\/\/grupo.us.es\/habitae\/wp-content\/uploads\/2025\/05\/IMAGEN-RECUADRO_ENERGYTIC-300x300.jpg 300w, https:\/\/grupo.us.es\/habitae\/wp-content\/uploads\/2025\/05\/IMAGEN-RECUADRO_ENERGYTIC-150x150.jpg 150w, https:\/\/grupo.us.es\/habitae\/wp-content\/uploads\/2025\/05\/IMAGEN-RECUADRO_ENERGYTIC-768x768.jpg 768w\" sizes=\"(max-width: 800px) 100vw, 800px\" \/>\t\t<\/div>\n\t\t\t\t<div class=\"elementor-portfolio-item__overlay\">\n\t\t\t\t<h3 class=\"elementor-portfolio-item__title\">\n\t\tTecnology, Information and Communication services for engaging social housing residents in Energy and water efficiency\t\t<\/h3>\n\t\t\t\t<\/div>\n\t\t\t\t<\/a>\n\t\t<\/article>\n\t\t\t\t<article class=\"elementor-portfolio-item elementor-post  post-619 post type-post status-publish format-standard has-post-thumbnail hentry category-contratos tag-finalizado\" role=\"listitem\">\n\t\t\t<a class=\"elementor-post__thumbnail__link\" href=\"https:\/\/grupo.us.es\/habitae\/reduccion-del-consumo-energetico-y-del-impacto-ambiental-en-la-construccion-de-viviendas-protegidas-en-andalucia-cta-07161-d1-a\/\">\n\t\t\t\t<div class=\"elementor-portfolio-item__img elementor-post__thumbnail\">\n\t\t\t<img loading=\"lazy\" decoding=\"async\" width=\"800\" height=\"806\" src=\"https:\/\/grupo.us.es\/habitae\/wp-content\/uploads\/2025\/05\/IMAGEN-RECUADRO_EFFICACIA-e1747813656319.png\" class=\"attachment-large size-large wp-image-620\" alt=\"\" srcset=\"https:\/\/grupo.us.es\/habitae\/wp-content\/uploads\/2025\/05\/IMAGEN-RECUADRO_EFFICACIA-e1747813656319.png 941w, https:\/\/grupo.us.es\/habitae\/wp-content\/uploads\/2025\/05\/IMAGEN-RECUADRO_EFFICACIA-e1747813656319-298x300.png 298w, https:\/\/grupo.us.es\/habitae\/wp-content\/uploads\/2025\/05\/IMAGEN-RECUADRO_EFFICACIA-e1747813656319-150x150.png 150w, https:\/\/grupo.us.es\/habitae\/wp-content\/uploads\/2025\/05\/IMAGEN-RECUADRO_EFFICACIA-e1747813656319-768x774.png 768w\" sizes=\"(max-width: 800px) 100vw, 800px\" \/>\t\t<\/div>\n\t\t\t\t<div class=\"elementor-portfolio-item__overlay\">\n\t\t\t\t<h3 class=\"elementor-portfolio-item__title\">\n\t\tReducci\u00f3n del consumo energ\u00e9tico y del impacto ambiental en la construcci\u00f3n de viviendas protegidas en Andaluc\u00eda CTA: 07161 D1 A\t\t<\/h3>\n\t\t\t\t<\/div>\n\t\t\t\t<\/a>\n\t\t<\/article>\n\t\t\t\t<article class=\"elementor-portfolio-item elementor-post  post-782 post type-post status-publish format-standard has-post-thumbnail hentry category-contratos tag-finalizado\" role=\"listitem\">\n\t\t\t<a class=\"elementor-post__thumbnail__link\" href=\"https:\/\/grupo.us.es\/habitae\/rehabitar\/\">\n\t\t\t\t<div class=\"elementor-portfolio-item__img elementor-post__thumbnail\">\n\t\t\t<img loading=\"lazy\" decoding=\"async\" width=\"800\" height=\"800\" src=\"https:\/\/grupo.us.es\/habitae\/wp-content\/uploads\/2025\/11\/IMAGEN-RECUADRO_REHABITAR.png\" class=\"attachment-large size-large wp-image-783\" alt=\"\" srcset=\"https:\/\/grupo.us.es\/habitae\/wp-content\/uploads\/2025\/11\/IMAGEN-RECUADRO_REHABITAR.png 950w, https:\/\/grupo.us.es\/habitae\/wp-content\/uploads\/2025\/11\/IMAGEN-RECUADRO_REHABITAR-300x300.png 300w, https:\/\/grupo.us.es\/habitae\/wp-content\/uploads\/2025\/11\/IMAGEN-RECUADRO_REHABITAR-150x150.png 150w, https:\/\/grupo.us.es\/habitae\/wp-content\/uploads\/2025\/11\/IMAGEN-RECUADRO_REHABITAR-768x768.png 768w\" sizes=\"(max-width: 800px) 100vw, 800px\" \/>\t\t<\/div>\n\t\t\t\t<div class=\"elementor-portfolio-item__overlay\">\n\t\t\t\t<h3 class=\"elementor-portfolio-item__title\">\n\t\tInvestigaci\u00f3n te\u00f3rica y constructiva para el Proyecto de Investigaci\u00f3n Re-Habitar Patrimonio Contempor\u00e1neo y Tecnolog\u00eda (Proyecto de actualizaci\u00f3n tecnol\u00f3gica del Patrimonio Contempor\u00e1neo: Vivienda Social del movimiento moderno)\t\t<\/h3>\n\t\t\t\t<\/div>\n\t\t\t\t<\/a>\n\t\t<\/article>\n\t\t\t\t<\/div>\n\t\t\t\t\t\t<\/div>\n\t\t\t\t<\/div>\n\t\t\t\t\t<\/div>\n\t\t\t\t<\/div>\n\t\t\t\t<\/div>\n\t\t","protected":false},"excerpt":{"rendered":"<p>CONTRATOS EN CURSO CONTRATOS FINALIZADOS<\/p>\n","protected":false},"author":1,"featured_media":0,"parent":0,"menu_order":0,"comment_status":"closed","ping_status":"closed","template":"","meta":{"_acf_changed":false,"footnotes":""},"class_list":["post-53","page","type-page","status-publish","hentry"],"acf":[],"yoast_head":"<!-- This site is optimized with the Yoast SEO plugin v27.3 - https:\/\/yoast.com\/product\/yoast-seo-wordpress\/ -->\n<title>Contratos de investigaci\u00f3n - HABITAE - Habitabilidad, Acondicionamiento y Energ\u00eda en Arquitectura<\/title>\n<meta name=\"robots\" content=\"index, follow, max-snippet:-1, max-image-preview:large, max-video-preview:-1\" \/>\n<link rel=\"canonical\" href=\"https:\/\/grupo.us.es\/habitae\/contratos-de-investigacion\/\" \/>\n<meta property=\"og:locale\" content=\"es_ES\" \/>\n<meta property=\"og:type\" content=\"article\" \/>\n<meta property=\"og:title\" content=\"Contratos de investigaci\u00f3n - HABITAE - Habitabilidad, Acondicionamiento y Energ\u00eda en Arquitectura\" \/>\n<meta property=\"og:description\" content=\"CONTRATOS EN CURSO CONTRATOS FINALIZADOS\" \/>\n<meta property=\"og:url\" content=\"https:\/\/grupo.us.es\/habitae\/contratos-de-investigacion\/\" \/>\n<meta property=\"og:site_name\" content=\"HABITAE - Habitabilidad, Acondicionamiento y Energ\u00eda en Arquitectura\" \/>\n<meta property=\"article:modified_time\" content=\"2025-11-19T08:28:22+00:00\" \/>\n<meta name=\"twitter:card\" content=\"summary_large_image\" \/>\n<meta name=\"twitter:label1\" content=\"Tiempo de lectura\" \/>\n\t<meta name=\"twitter:data1\" content=\"3 minutos\" \/>\n<script type=\"application\/ld+json\" class=\"yoast-schema-graph\">{\"@context\":\"https:\\\/\\\/schema.org\",\"@graph\":[{\"@type\":\"WebPage\",\"@id\":\"https:\\\/\\\/grupo.us.es\\\/habitae\\\/contratos-de-investigacion\\\/\",\"url\":\"https:\\\/\\\/grupo.us.es\\\/habitae\\\/contratos-de-investigacion\\\/\",\"name\":\"Contratos de investigaci\u00f3n - HABITAE - Habitabilidad, Acondicionamiento y Energ\u00eda en Arquitectura\",\"isPartOf\":{\"@id\":\"https:\\\/\\\/grupo.us.es\\\/habitae\\\/#website\"},\"datePublished\":\"2024-10-15T11:20:53+00:00\",\"dateModified\":\"2025-11-19T08:28:22+00:00\",\"breadcrumb\":{\"@id\":\"https:\\\/\\\/grupo.us.es\\\/habitae\\\/contratos-de-investigacion\\\/#breadcrumb\"},\"inLanguage\":\"es\",\"potentialAction\":[{\"@type\":\"ReadAction\",\"target\":[\"https:\\\/\\\/grupo.us.es\\\/habitae\\\/contratos-de-investigacion\\\/\"]}]},{\"@type\":\"BreadcrumbList\",\"@id\":\"https:\\\/\\\/grupo.us.es\\\/habitae\\\/contratos-de-investigacion\\\/#breadcrumb\",\"itemListElement\":[{\"@type\":\"ListItem\",\"position\":1,\"name\":\"Portada\",\"item\":\"https:\\\/\\\/grupo.us.es\\\/habitae\\\/\"},{\"@type\":\"ListItem\",\"position\":2,\"name\":\"Contratos de investigaci\u00f3n\"}]},{\"@type\":\"WebSite\",\"@id\":\"https:\\\/\\\/grupo.us.es\\\/habitae\\\/#website\",\"url\":\"https:\\\/\\\/grupo.us.es\\\/habitae\\\/\",\"name\":\"HABITAE - Habitabilidad, Acondicionamiento y Energ\u00eda en Arquitectura\",\"description\":\"HABITAE - Grupo TEP-999\",\"publisher\":{\"@id\":\"https:\\\/\\\/grupo.us.es\\\/habitae\\\/#organization\"},\"potentialAction\":[{\"@type\":\"SearchAction\",\"target\":{\"@type\":\"EntryPoint\",\"urlTemplate\":\"https:\\\/\\\/grupo.us.es\\\/habitae\\\/?s={search_term_string}\"},\"query-input\":{\"@type\":\"PropertyValueSpecification\",\"valueRequired\":true,\"valueName\":\"search_term_string\"}}],\"inLanguage\":\"es\"},{\"@type\":\"Organization\",\"@id\":\"https:\\\/\\\/grupo.us.es\\\/habitae\\\/#organization\",\"name\":\"HABITAE - Habitabilidad, Acondicionamiento y Energ\u00eda en Arquitectura\",\"url\":\"https:\\\/\\\/grupo.us.es\\\/habitae\\\/\",\"logo\":{\"@type\":\"ImageObject\",\"inLanguage\":\"es\",\"@id\":\"https:\\\/\\\/grupo.us.es\\\/habitae\\\/#\\\/schema\\\/logo\\\/image\\\/\",\"url\":\"https:\\\/\\\/grupo.us.es\\\/habitae\\\/wp-content\\\/uploads\\\/2024\\\/11\\\/LOGO_HABITAE_3_sin-fondo_horizontal_3.png\",\"contentUrl\":\"https:\\\/\\\/grupo.us.es\\\/habitae\\\/wp-content\\\/uploads\\\/2024\\\/11\\\/LOGO_HABITAE_3_sin-fondo_horizontal_3.png\",\"width\":1025,\"height\":396,\"caption\":\"HABITAE - Habitabilidad, Acondicionamiento y Energ\u00eda en Arquitectura\"},\"image\":{\"@id\":\"https:\\\/\\\/grupo.us.es\\\/habitae\\\/#\\\/schema\\\/logo\\\/image\\\/\"}}]}<\/script>\n<!-- \/ Yoast SEO plugin. -->","yoast_head_json":{"title":"Contratos de investigaci\u00f3n - HABITAE - Habitabilidad, Acondicionamiento y Energ\u00eda en Arquitectura","robots":{"index":"index","follow":"follow","max-snippet":"max-snippet:-1","max-image-preview":"max-image-preview:large","max-video-preview":"max-video-preview:-1"},"canonical":"https:\/\/grupo.us.es\/habitae\/contratos-de-investigacion\/","og_locale":"es_ES","og_type":"article","og_title":"Contratos de investigaci\u00f3n - HABITAE - Habitabilidad, Acondicionamiento y Energ\u00eda en Arquitectura","og_description":"CONTRATOS EN CURSO CONTRATOS FINALIZADOS","og_url":"https:\/\/grupo.us.es\/habitae\/contratos-de-investigacion\/","og_site_name":"HABITAE - Habitabilidad, Acondicionamiento y Energ\u00eda en Arquitectura","article_modified_time":"2025-11-19T08:28:22+00:00","twitter_card":"summary_large_image","twitter_misc":{"Tiempo de lectura":"3 minutos"},"schema":{"@context":"https:\/\/schema.org","@graph":[{"@type":"WebPage","@id":"https:\/\/grupo.us.es\/habitae\/contratos-de-investigacion\/","url":"https:\/\/grupo.us.es\/habitae\/contratos-de-investigacion\/","name":"Contratos de investigaci\u00f3n - HABITAE - Habitabilidad, Acondicionamiento y Energ\u00eda en Arquitectura","isPartOf":{"@id":"https:\/\/grupo.us.es\/habitae\/#website"},"datePublished":"2024-10-15T11:20:53+00:00","dateModified":"2025-11-19T08:28:22+00:00","breadcrumb":{"@id":"https:\/\/grupo.us.es\/habitae\/contratos-de-investigacion\/#breadcrumb"},"inLanguage":"es","potentialAction":[{"@type":"ReadAction","target":["https:\/\/grupo.us.es\/habitae\/contratos-de-investigacion\/"]}]},{"@type":"BreadcrumbList","@id":"https:\/\/grupo.us.es\/habitae\/contratos-de-investigacion\/#breadcrumb","itemListElement":[{"@type":"ListItem","position":1,"name":"Portada","item":"https:\/\/grupo.us.es\/habitae\/"},{"@type":"ListItem","position":2,"name":"Contratos de investigaci\u00f3n"}]},{"@type":"WebSite","@id":"https:\/\/grupo.us.es\/habitae\/#website","url":"https:\/\/grupo.us.es\/habitae\/","name":"HABITAE - Habitabilidad, Acondicionamiento y Energ\u00eda en Arquitectura","description":"HABITAE - Grupo TEP-999","publisher":{"@id":"https:\/\/grupo.us.es\/habitae\/#organization"},"potentialAction":[{"@type":"SearchAction","target":{"@type":"EntryPoint","urlTemplate":"https:\/\/grupo.us.es\/habitae\/?s={search_term_string}"},"query-input":{"@type":"PropertyValueSpecification","valueRequired":true,"valueName":"search_term_string"}}],"inLanguage":"es"},{"@type":"Organization","@id":"https:\/\/grupo.us.es\/habitae\/#organization","name":"HABITAE - Habitabilidad, Acondicionamiento y Energ\u00eda en Arquitectura","url":"https:\/\/grupo.us.es\/habitae\/","logo":{"@type":"ImageObject","inLanguage":"es","@id":"https:\/\/grupo.us.es\/habitae\/#\/schema\/logo\/image\/","url":"https:\/\/grupo.us.es\/habitae\/wp-content\/uploads\/2024\/11\/LOGO_HABITAE_3_sin-fondo_horizontal_3.png","contentUrl":"https:\/\/grupo.us.es\/habitae\/wp-content\/uploads\/2024\/11\/LOGO_HABITAE_3_sin-fondo_horizontal_3.png","width":1025,"height":396,"caption":"HABITAE - Habitabilidad, Acondicionamiento y Energ\u00eda en Arquitectura"},"image":{"@id":"https:\/\/grupo.us.es\/habitae\/#\/schema\/logo\/image\/"}}]}},"_links":{"self":[{"href":"https:\/\/grupo.us.es\/habitae\/wp-json\/wp\/v2\/pages\/53","targetHints":{"allow":["GET"]}}],"collection":[{"href":"https:\/\/grupo.us.es\/habitae\/wp-json\/wp\/v2\/pages"}],"about":[{"href":"https:\/\/grupo.us.es\/habitae\/wp-json\/wp\/v2\/types\/page"}],"author":[{"embeddable":true,"href":"https:\/\/grupo.us.es\/habitae\/wp-json\/wp\/v2\/users\/1"}],"replies":[{"embeddable":true,"href":"https:\/\/grupo.us.es\/habitae\/wp-json\/wp\/v2\/comments?post=53"}],"version-history":[{"count":0,"href":"https:\/\/grupo.us.es\/habitae\/wp-json\/wp\/v2\/pages\/53\/revisions"}],"wp:attachment":[{"href":"https:\/\/grupo.us.es\/habitae\/wp-json\/wp\/v2\/media?parent=53"}],"curies":[{"name":"wp","href":"https:\/\/api.w.org\/{rel}","templated":true}]}}