{"id":51,"date":"2024-10-15T13:20:53","date_gmt":"2024-10-15T11:20:53","guid":{"rendered":"http:\/\/grupo.us.es\/habitae\/?page_id=51"},"modified":"2025-06-09T15:04:38","modified_gmt":"2025-06-09T13:04:38","slug":"proyectos-liderados","status":"publish","type":"page","link":"https:\/\/grupo.us.es\/habitae\/proyectos-liderados\/","title":{"rendered":"Proyectos liderados"},"content":{"rendered":"\t\t<div data-elementor-type=\"wp-page\" data-elementor-id=\"51\" class=\"elementor elementor-51\" data-elementor-post-type=\"page\">\n\t\t\t\t<div class=\"elementor-element elementor-element-9426203 e-con-full e-flex e-con e-parent\" data-id=\"9426203\" data-element_type=\"container\" data-e-type=\"container\" data-settings=\"{&quot;background_background&quot;:&quot;classic&quot;}\">\n\t\t\t\t<div class=\"elementor-element elementor-element-45a7947 elementor-widget elementor-widget-heading\" data-id=\"45a7947\" data-element_type=\"widget\" data-e-type=\"widget\" data-widget_type=\"heading.default\">\n\t\t\t\t<div class=\"elementor-widget-container\">\n\t\t\t\t\t<h3 class=\"elementor-heading-title elementor-size-default\">PROYECTOS EN CURSO<\/h3>\t\t\t\t<\/div>\n\t\t\t\t<\/div>\n\t\t\t\t<\/div>\n\t\t<div class=\"elementor-element elementor-element-3a989e1 e-flex e-con-boxed e-con e-parent\" data-id=\"3a989e1\" data-element_type=\"container\" data-e-type=\"container\">\n\t\t\t\t\t<div class=\"e-con-inner\">\n\t\t\t\t<div class=\"elementor-element elementor-element-bb3ce9e elementor-grid-4 elementor-grid-tablet-3 elementor-grid-mobile-1 elementor-widget elementor-widget-portfolio\" data-id=\"bb3ce9e\" data-element_type=\"widget\" data-e-type=\"widget\" data-settings=\"{&quot;item_ratio&quot;:{&quot;unit&quot;:&quot;px&quot;,&quot;size&quot;:1,&quot;sizes&quot;:[]},&quot;row_gap&quot;:{&quot;unit&quot;:&quot;px&quot;,&quot;size&quot;:10,&quot;sizes&quot;:[]},&quot;columns&quot;:&quot;4&quot;,&quot;columns_tablet&quot;:&quot;3&quot;,&quot;columns_mobile&quot;:&quot;1&quot;,&quot;item_gap&quot;:{&quot;unit&quot;:&quot;px&quot;,&quot;size&quot;:&quot;&quot;,&quot;sizes&quot;:[]}}\" data-widget_type=\"portfolio.default\">\n\t\t\t\t<div class=\"elementor-widget-container\">\n\t\t\t\t\t\t\t<div class=\"elementor-portfolio elementor-grid elementor-posts-container\" role=\"list\">\n\t\t\t\t<article class=\"elementor-portfolio-item elementor-post  post-778 post type-post status-publish format-standard has-post-thumbnail hentry category-proyectos-finalizados tag-en-curso\" role=\"listitem\">\n\t\t\t<a class=\"elementor-post__thumbnail__link\" href=\"https:\/\/grupo.us.es\/habitae\/col3natur\/\">\n\t\t\t\t<div class=\"elementor-portfolio-item__img elementor-post__thumbnail\">\n\t\t\t<img fetchpriority=\"high\" decoding=\"async\" width=\"800\" height=\"741\" src=\"https:\/\/grupo.us.es\/habitae\/wp-content\/uploads\/2025\/11\/IMAGEN-RECUADRO_CON3NATUR-1024x948.png\" class=\"attachment-large size-large wp-image-813\" alt=\"\" srcset=\"https:\/\/grupo.us.es\/habitae\/wp-content\/uploads\/2025\/11\/IMAGEN-RECUADRO_CON3NATUR-1024x948.png 1024w, https:\/\/grupo.us.es\/habitae\/wp-content\/uploads\/2025\/11\/IMAGEN-RECUADRO_CON3NATUR-300x278.png 300w, https:\/\/grupo.us.es\/habitae\/wp-content\/uploads\/2025\/11\/IMAGEN-RECUADRO_CON3NATUR-768x711.png 768w, https:\/\/grupo.us.es\/habitae\/wp-content\/uploads\/2025\/11\/IMAGEN-RECUADRO_CON3NATUR.png 1026w\" sizes=\"(max-width: 800px) 100vw, 800px\" \/>\t\t<\/div>\n\t\t\t\t<div class=\"elementor-portfolio-item__overlay\">\n\t\t\t\t<h3 class=\"elementor-portfolio-item__title\">\n\t\tRe-naturalizaci\u00f3n de edificios, patios y caminos escolares para la Adaptaci\u00f3n al Cambio Clim\u00e1tico\t\t<\/h3>\n\t\t\t\t<\/div>\n\t\t\t\t<\/a>\n\t\t<\/article>\n\t\t\t\t<\/div>\n\t\t\t\t\t\t<\/div>\n\t\t\t\t<\/div>\n\t\t\t\t\t<\/div>\n\t\t\t\t<\/div>\n\t\t<div class=\"elementor-element elementor-element-333ad62 e-con-full e-flex e-con e-parent\" data-id=\"333ad62\" data-element_type=\"container\" data-e-type=\"container\" data-settings=\"{&quot;background_background&quot;:&quot;classic&quot;}\">\n\t\t\t\t<div class=\"elementor-element elementor-element-71d80db elementor-widget elementor-widget-heading\" data-id=\"71d80db\" data-element_type=\"widget\" data-e-type=\"widget\" data-widget_type=\"heading.default\">\n\t\t\t\t<div class=\"elementor-widget-container\">\n\t\t\t\t\t<h3 class=\"elementor-heading-title elementor-size-default\">PROYECTOS FINALIZADOS<\/h3>\t\t\t\t<\/div>\n\t\t\t\t<\/div>\n\t\t\t\t<\/div>\n\t\t<div class=\"elementor-element elementor-element-684914e e-flex e-con-boxed e-con e-parent\" data-id=\"684914e\" data-element_type=\"container\" data-e-type=\"container\">\n\t\t\t\t\t<div class=\"e-con-inner\">\n\t\t\t\t<div class=\"elementor-element elementor-element-2861220 elementor-grid-4 elementor-grid-tablet-3 elementor-grid-mobile-1 elementor-widget elementor-widget-portfolio\" data-id=\"2861220\" data-element_type=\"widget\" data-e-type=\"widget\" data-settings=\"{&quot;item_ratio&quot;:{&quot;unit&quot;:&quot;px&quot;,&quot;size&quot;:1,&quot;sizes&quot;:[]},&quot;row_gap&quot;:{&quot;unit&quot;:&quot;px&quot;,&quot;size&quot;:10,&quot;sizes&quot;:[]},&quot;columns&quot;:&quot;4&quot;,&quot;columns_tablet&quot;:&quot;3&quot;,&quot;columns_mobile&quot;:&quot;1&quot;,&quot;item_gap&quot;:{&quot;unit&quot;:&quot;px&quot;,&quot;size&quot;:&quot;&quot;,&quot;sizes&quot;:[]}}\" data-widget_type=\"portfolio.default\">\n\t\t\t\t<div class=\"elementor-widget-container\">\n\t\t\t\t\t\t\t<div class=\"elementor-portfolio elementor-grid elementor-posts-container\" role=\"list\">\n\t\t\t\t<article class=\"elementor-portfolio-item elementor-post  post-568 post type-post status-publish format-standard has-post-thumbnail hentry category-proyectos-finalizados tag-finalizado\" role=\"listitem\">\n\t\t\t<a class=\"elementor-post__thumbnail__link\" href=\"https:\/\/grupo.us.es\/habitae\/la-rehabilitacion-energetica-de-edificios-de-uso-terciario-en-clima-mediterraneo-mediante-la-optimizacion-de-los-sistemas-de-proteccion-solar\/\">\n\t\t\t\t<div class=\"elementor-portfolio-item__img elementor-post__thumbnail\">\n\t\t\t<img decoding=\"async\" width=\"800\" height=\"790\" src=\"https:\/\/grupo.us.es\/habitae\/wp-content\/uploads\/2025\/05\/IMAGEN-RECUADRO_SUBUMBRA.jpg\" class=\"attachment-large size-large wp-image-583\" alt=\"\" srcset=\"https:\/\/grupo.us.es\/habitae\/wp-content\/uploads\/2025\/05\/IMAGEN-RECUADRO_SUBUMBRA.jpg 960w, https:\/\/grupo.us.es\/habitae\/wp-content\/uploads\/2025\/05\/IMAGEN-RECUADRO_SUBUMBRA-300x296.jpg 300w, https:\/\/grupo.us.es\/habitae\/wp-content\/uploads\/2025\/05\/IMAGEN-RECUADRO_SUBUMBRA-768x758.jpg 768w\" sizes=\"(max-width: 800px) 100vw, 800px\" \/>\t\t<\/div>\n\t\t\t\t<div class=\"elementor-portfolio-item__overlay\">\n\t\t\t\t<h4 class=\"elementor-portfolio-item__title\">\n\t\tLa rehabilitaci\u00f3n energ\u00e9tica de edificios de uso terciario en clima mediterr\u00e1neo mediante la optimizaci\u00f3n de los sistemas de protecci\u00f3n solar\t\t<\/h4>\n\t\t\t\t<\/div>\n\t\t\t\t<\/a>\n\t\t<\/article>\n\t\t\t\t<article class=\"elementor-portfolio-item elementor-post  post-553 post type-post status-publish format-standard has-post-thumbnail hentry category-proyectos-finalizados tag-finalizado\" role=\"listitem\">\n\t\t\t<a class=\"elementor-post__thumbnail__link\" href=\"https:\/\/grupo.us.es\/habitae\/vulnerabilidad-energetica-del-parque-residencial-andaluz-indicadores-para-la-toma-de-decisiones-en-la-rehabilitacion-energetica-a-escala-regional\/\">\n\t\t\t\t<div class=\"elementor-portfolio-item__img elementor-post__thumbnail\">\n\t\t\t<img decoding=\"async\" width=\"800\" height=\"800\" src=\"https:\/\/grupo.us.es\/habitae\/wp-content\/uploads\/2025\/05\/IMAGEN-RECUADRO_VULNERA-1024x1024.png\" class=\"attachment-large size-large wp-image-554\" alt=\"\" srcset=\"https:\/\/grupo.us.es\/habitae\/wp-content\/uploads\/2025\/05\/IMAGEN-RECUADRO_VULNERA-1024x1024.png 1024w, https:\/\/grupo.us.es\/habitae\/wp-content\/uploads\/2025\/05\/IMAGEN-RECUADRO_VULNERA-300x300.png 300w, https:\/\/grupo.us.es\/habitae\/wp-content\/uploads\/2025\/05\/IMAGEN-RECUADRO_VULNERA-150x150.png 150w, https:\/\/grupo.us.es\/habitae\/wp-content\/uploads\/2025\/05\/IMAGEN-RECUADRO_VULNERA-768x768.png 768w, https:\/\/grupo.us.es\/habitae\/wp-content\/uploads\/2025\/05\/IMAGEN-RECUADRO_VULNERA-1536x1536.png 1536w, https:\/\/grupo.us.es\/habitae\/wp-content\/uploads\/2025\/05\/IMAGEN-RECUADRO_VULNERA-2048x2048.png 2048w\" sizes=\"(max-width: 800px) 100vw, 800px\" \/>\t\t<\/div>\n\t\t\t\t<div class=\"elementor-portfolio-item__overlay\">\n\t\t\t\t<h4 class=\"elementor-portfolio-item__title\">\n\t\tVulnerabilidad Energ\u00e9tica del parque Residencial Andaluz. Indicadores para la toma de decisiones en la rehabilitaci\u00f3n energ\u00e9tica a escala regional\t\t<\/h4>\n\t\t\t\t<\/div>\n\t\t\t\t<\/a>\n\t\t<\/article>\n\t\t\t\t<article class=\"elementor-portfolio-item elementor-post  post-485 post type-post status-publish format-standard has-post-thumbnail hentry category-proyectos-finalizados tag-finalizado\" role=\"listitem\">\n\t\t\t<a class=\"elementor-post__thumbnail__link\" href=\"https:\/\/grupo.us.es\/habitae\/rehabilitacion-energetica-de-la-vivienda-social-andaluza-optimizacion-de-soluciones-pasivas-en-parques-residenciales-con-alto-indice-de-vulnerabilidad-reviva\/\">\n\t\t\t\t<div class=\"elementor-portfolio-item__img elementor-post__thumbnail\">\n\t\t\t<img loading=\"lazy\" decoding=\"async\" width=\"625\" height=\"625\" src=\"https:\/\/grupo.us.es\/habitae\/wp-content\/uploads\/2025\/05\/IMAGEN-RECUADRO_REVIVA.png\" class=\"attachment-large size-large wp-image-548\" alt=\"\" srcset=\"https:\/\/grupo.us.es\/habitae\/wp-content\/uploads\/2025\/05\/IMAGEN-RECUADRO_REVIVA.png 625w, https:\/\/grupo.us.es\/habitae\/wp-content\/uploads\/2025\/05\/IMAGEN-RECUADRO_REVIVA-300x300.png 300w, https:\/\/grupo.us.es\/habitae\/wp-content\/uploads\/2025\/05\/IMAGEN-RECUADRO_REVIVA-150x150.png 150w\" sizes=\"(max-width: 625px) 100vw, 625px\" \/>\t\t<\/div>\n\t\t\t\t<div class=\"elementor-portfolio-item__overlay\">\n\t\t\t\t<h4 class=\"elementor-portfolio-item__title\">\n\t\tRehabilitaci\u00f3n Energ\u00e9tica de la VIVienda social Andaluza. Optimizaci\u00f3n de soluciones pasivas en parques residenciales con alto \u00edndice de vulnerabilidad (REVIVA)\t\t<\/h4>\n\t\t\t\t<\/div>\n\t\t\t\t<\/a>\n\t\t<\/article>\n\t\t\t\t<article class=\"elementor-portfolio-item elementor-post  post-475 post type-post status-publish format-standard has-post-thumbnail hentry category-proyectos-finalizados tag-finalizado\" role=\"listitem\">\n\t\t\t<a class=\"elementor-post__thumbnail__link\" href=\"https:\/\/grupo.us.es\/habitae\/estrategias-de-ventilacion-para-la-mejora-del-confort-y-salud-de-los-colegios-en-un-horizonte-de-consumo-energetico-casi-nulo\/\">\n\t\t\t\t<div class=\"elementor-portfolio-item__img elementor-post__thumbnail\">\n\t\t\t<img loading=\"lazy\" decoding=\"async\" width=\"800\" height=\"800\" src=\"https:\/\/grupo.us.es\/habitae\/wp-content\/uploads\/2025\/05\/IMAGEN-RECUADRO_COHEVES.jpg\" class=\"attachment-large size-large wp-image-582\" alt=\"\" srcset=\"https:\/\/grupo.us.es\/habitae\/wp-content\/uploads\/2025\/05\/IMAGEN-RECUADRO_COHEVES.jpg 948w, https:\/\/grupo.us.es\/habitae\/wp-content\/uploads\/2025\/05\/IMAGEN-RECUADRO_COHEVES-300x300.jpg 300w, https:\/\/grupo.us.es\/habitae\/wp-content\/uploads\/2025\/05\/IMAGEN-RECUADRO_COHEVES-150x150.jpg 150w, https:\/\/grupo.us.es\/habitae\/wp-content\/uploads\/2025\/05\/IMAGEN-RECUADRO_COHEVES-768x768.jpg 768w\" sizes=\"(max-width: 800px) 100vw, 800px\" \/>\t\t<\/div>\n\t\t\t\t<div class=\"elementor-portfolio-item__overlay\">\n\t\t\t\t<h4 class=\"elementor-portfolio-item__title\">\n\t\tEstrategias de ventilaci\u00f3n para la mejora del confort y salud de los colegios en un horizonte de consumo energ\u00e9tico casi nulo\t\t<\/h4>\n\t\t\t\t<\/div>\n\t\t\t\t<\/a>\n\t\t<\/article>\n\t\t\t\t<article class=\"elementor-portfolio-item elementor-post  post-465 post type-post status-publish format-standard has-post-thumbnail hentry category-proyectos-finalizados tag-finalizado\" role=\"listitem\">\n\t\t\t<a class=\"elementor-post__thumbnail__link\" href=\"https:\/\/grupo.us.es\/habitae\/optimizacion-parametrica-de-fachadas-de-doble-piel-en-clima-mediterraneo-para-la-mejora-de-la-eficiencia-energetica-ante-escenarios-de-cambio-climatico\/\">\n\t\t\t\t<div class=\"elementor-portfolio-item__img elementor-post__thumbnail\">\n\t\t\t<img loading=\"lazy\" decoding=\"async\" width=\"800\" height=\"800\" src=\"https:\/\/grupo.us.es\/habitae\/wp-content\/uploads\/2025\/05\/IMAGEN-RECUADRO_MEDOS.jpg\" class=\"attachment-large size-large wp-image-584\" alt=\"\" srcset=\"https:\/\/grupo.us.es\/habitae\/wp-content\/uploads\/2025\/05\/IMAGEN-RECUADRO_MEDOS.jpg 948w, https:\/\/grupo.us.es\/habitae\/wp-content\/uploads\/2025\/05\/IMAGEN-RECUADRO_MEDOS-300x300.jpg 300w, https:\/\/grupo.us.es\/habitae\/wp-content\/uploads\/2025\/05\/IMAGEN-RECUADRO_MEDOS-150x150.jpg 150w, https:\/\/grupo.us.es\/habitae\/wp-content\/uploads\/2025\/05\/IMAGEN-RECUADRO_MEDOS-768x768.jpg 768w\" sizes=\"(max-width: 800px) 100vw, 800px\" \/>\t\t<\/div>\n\t\t\t\t<div class=\"elementor-portfolio-item__overlay\">\n\t\t\t\t<h4 class=\"elementor-portfolio-item__title\">\n\t\tOptimizaci\u00f3n Param\u00e9trica de Fachadas de Doble Piel en Clima Mediterr\u00e1neo para la Mejora de la Eficiencia Energ\u00e9tica ante Escenarios de cambio Clim\u00e1tico\t\t<\/h4>\n\t\t\t\t<\/div>\n\t\t\t\t<\/a>\n\t\t<\/article>\n\t\t\t\t<\/div>\n\t\t\t\t\t\t<\/div>\n\t\t\t\t<\/div>\n\t\t\t\t\t<\/div>\n\t\t\t\t<\/div>\n\t\t\t\t<\/div>\n\t\t","protected":false},"excerpt":{"rendered":"<p>PROYECTOS EN CURSO PROYECTOS FINALIZADOS<\/p>\n","protected":false},"author":1,"featured_media":145,"parent":0,"menu_order":0,"comment_status":"closed","ping_status":"closed","template":"","meta":{"_acf_changed":false,"footnotes":""},"class_list":["post-51","page","type-page","status-publish","has-post-thumbnail","hentry"],"acf":[],"yoast_head":"<!-- This site is optimized with the Yoast SEO plugin v27.3 - https:\/\/yoast.com\/product\/yoast-seo-wordpress\/ -->\n<title>Proyectos liderados - HABITAE - Habitabilidad, Acondicionamiento y Energ\u00eda en Arquitectura<\/title>\n<meta name=\"robots\" content=\"index, follow, max-snippet:-1, max-image-preview:large, max-video-preview:-1\" \/>\n<link rel=\"canonical\" href=\"https:\/\/grupo.us.es\/habitae\/proyectos-liderados\/\" \/>\n<meta property=\"og:locale\" content=\"es_ES\" \/>\n<meta property=\"og:type\" content=\"article\" \/>\n<meta property=\"og:title\" content=\"Proyectos liderados - HABITAE - Habitabilidad, Acondicionamiento y Energ\u00eda en Arquitectura\" \/>\n<meta property=\"og:description\" content=\"PROYECTOS EN CURSO PROYECTOS FINALIZADOS\" \/>\n<meta property=\"og:url\" content=\"https:\/\/grupo.us.es\/habitae\/proyectos-liderados\/\" \/>\n<meta property=\"og:site_name\" content=\"HABITAE - Habitabilidad, Acondicionamiento y Energ\u00eda en Arquitectura\" \/>\n<meta property=\"article:modified_time\" content=\"2025-06-09T13:04:38+00:00\" \/>\n<meta property=\"og:image\" content=\"https:\/\/grupo.us.es\/habitae\/wp-content\/uploads\/2024\/11\/cropped-LOGO_HABITAE_3_fondo-azul_3.png\" \/>\n\t<meta property=\"og:image:width\" content=\"512\" \/>\n\t<meta property=\"og:image:height\" content=\"512\" \/>\n\t<meta property=\"og:image:type\" content=\"image\/png\" \/>\n<meta name=\"twitter:card\" content=\"summary_large_image\" \/>\n<meta name=\"twitter:label1\" content=\"Tiempo de lectura\" \/>\n\t<meta name=\"twitter:data1\" content=\"1 minuto\" \/>\n<script type=\"application\/ld+json\" class=\"yoast-schema-graph\">{\"@context\":\"https:\\\/\\\/schema.org\",\"@graph\":[{\"@type\":\"WebPage\",\"@id\":\"https:\\\/\\\/grupo.us.es\\\/habitae\\\/proyectos-liderados\\\/\",\"url\":\"https:\\\/\\\/grupo.us.es\\\/habitae\\\/proyectos-liderados\\\/\",\"name\":\"Proyectos liderados - HABITAE - Habitabilidad, Acondicionamiento y Energ\u00eda en Arquitectura\",\"isPartOf\":{\"@id\":\"https:\\\/\\\/grupo.us.es\\\/habitae\\\/#website\"},\"primaryImageOfPage\":{\"@id\":\"https:\\\/\\\/grupo.us.es\\\/habitae\\\/proyectos-liderados\\\/#primaryimage\"},\"image\":{\"@id\":\"https:\\\/\\\/grupo.us.es\\\/habitae\\\/proyectos-liderados\\\/#primaryimage\"},\"thumbnailUrl\":\"https:\\\/\\\/grupo.us.es\\\/habitae\\\/wp-content\\\/uploads\\\/2024\\\/11\\\/cropped-LOGO_HABITAE_3_fondo-azul_3.png\",\"datePublished\":\"2024-10-15T11:20:53+00:00\",\"dateModified\":\"2025-06-09T13:04:38+00:00\",\"breadcrumb\":{\"@id\":\"https:\\\/\\\/grupo.us.es\\\/habitae\\\/proyectos-liderados\\\/#breadcrumb\"},\"inLanguage\":\"es\",\"potentialAction\":[{\"@type\":\"ReadAction\",\"target\":[\"https:\\\/\\\/grupo.us.es\\\/habitae\\\/proyectos-liderados\\\/\"]}]},{\"@type\":\"ImageObject\",\"inLanguage\":\"es\",\"@id\":\"https:\\\/\\\/grupo.us.es\\\/habitae\\\/proyectos-liderados\\\/#primaryimage\",\"url\":\"https:\\\/\\\/grupo.us.es\\\/habitae\\\/wp-content\\\/uploads\\\/2024\\\/11\\\/cropped-LOGO_HABITAE_3_fondo-azul_3.png\",\"contentUrl\":\"https:\\\/\\\/grupo.us.es\\\/habitae\\\/wp-content\\\/uploads\\\/2024\\\/11\\\/cropped-LOGO_HABITAE_3_fondo-azul_3.png\",\"width\":512,\"height\":512},{\"@type\":\"BreadcrumbList\",\"@id\":\"https:\\\/\\\/grupo.us.es\\\/habitae\\\/proyectos-liderados\\\/#breadcrumb\",\"itemListElement\":[{\"@type\":\"ListItem\",\"position\":1,\"name\":\"Portada\",\"item\":\"https:\\\/\\\/grupo.us.es\\\/habitae\\\/\"},{\"@type\":\"ListItem\",\"position\":2,\"name\":\"Proyectos liderados\"}]},{\"@type\":\"WebSite\",\"@id\":\"https:\\\/\\\/grupo.us.es\\\/habitae\\\/#website\",\"url\":\"https:\\\/\\\/grupo.us.es\\\/habitae\\\/\",\"name\":\"HABITAE - Habitabilidad, Acondicionamiento y Energ\u00eda en Arquitectura\",\"description\":\"HABITAE - Grupo TEP-999\",\"publisher\":{\"@id\":\"https:\\\/\\\/grupo.us.es\\\/habitae\\\/#organization\"},\"potentialAction\":[{\"@type\":\"SearchAction\",\"target\":{\"@type\":\"EntryPoint\",\"urlTemplate\":\"https:\\\/\\\/grupo.us.es\\\/habitae\\\/?s={search_term_string}\"},\"query-input\":{\"@type\":\"PropertyValueSpecification\",\"valueRequired\":true,\"valueName\":\"search_term_string\"}}],\"inLanguage\":\"es\"},{\"@type\":\"Organization\",\"@id\":\"https:\\\/\\\/grupo.us.es\\\/habitae\\\/#organization\",\"name\":\"HABITAE - Habitabilidad, Acondicionamiento y Energ\u00eda en Arquitectura\",\"url\":\"https:\\\/\\\/grupo.us.es\\\/habitae\\\/\",\"logo\":{\"@type\":\"ImageObject\",\"inLanguage\":\"es\",\"@id\":\"https:\\\/\\\/grupo.us.es\\\/habitae\\\/#\\\/schema\\\/logo\\\/image\\\/\",\"url\":\"https:\\\/\\\/grupo.us.es\\\/habitae\\\/wp-content\\\/uploads\\\/2024\\\/11\\\/LOGO_HABITAE_3_sin-fondo_horizontal_3.png\",\"contentUrl\":\"https:\\\/\\\/grupo.us.es\\\/habitae\\\/wp-content\\\/uploads\\\/2024\\\/11\\\/LOGO_HABITAE_3_sin-fondo_horizontal_3.png\",\"width\":1025,\"height\":396,\"caption\":\"HABITAE - Habitabilidad, Acondicionamiento y Energ\u00eda en Arquitectura\"},\"image\":{\"@id\":\"https:\\\/\\\/grupo.us.es\\\/habitae\\\/#\\\/schema\\\/logo\\\/image\\\/\"}}]}<\/script>\n<!-- \/ Yoast SEO plugin. -->","yoast_head_json":{"title":"Proyectos liderados - HABITAE - Habitabilidad, Acondicionamiento y Energ\u00eda en Arquitectura","robots":{"index":"index","follow":"follow","max-snippet":"max-snippet:-1","max-image-preview":"max-image-preview:large","max-video-preview":"max-video-preview:-1"},"canonical":"https:\/\/grupo.us.es\/habitae\/proyectos-liderados\/","og_locale":"es_ES","og_type":"article","og_title":"Proyectos liderados - HABITAE - Habitabilidad, Acondicionamiento y Energ\u00eda en Arquitectura","og_description":"PROYECTOS EN CURSO PROYECTOS FINALIZADOS","og_url":"https:\/\/grupo.us.es\/habitae\/proyectos-liderados\/","og_site_name":"HABITAE - Habitabilidad, Acondicionamiento y Energ\u00eda en Arquitectura","article_modified_time":"2025-06-09T13:04:38+00:00","og_image":[{"width":512,"height":512,"url":"https:\/\/grupo.us.es\/habitae\/wp-content\/uploads\/2024\/11\/cropped-LOGO_HABITAE_3_fondo-azul_3.png","type":"image\/png"}],"twitter_card":"summary_large_image","twitter_misc":{"Tiempo de lectura":"1 minuto"},"schema":{"@context":"https:\/\/schema.org","@graph":[{"@type":"WebPage","@id":"https:\/\/grupo.us.es\/habitae\/proyectos-liderados\/","url":"https:\/\/grupo.us.es\/habitae\/proyectos-liderados\/","name":"Proyectos liderados - HABITAE - Habitabilidad, Acondicionamiento y Energ\u00eda en Arquitectura","isPartOf":{"@id":"https:\/\/grupo.us.es\/habitae\/#website"},"primaryImageOfPage":{"@id":"https:\/\/grupo.us.es\/habitae\/proyectos-liderados\/#primaryimage"},"image":{"@id":"https:\/\/grupo.us.es\/habitae\/proyectos-liderados\/#primaryimage"},"thumbnailUrl":"https:\/\/grupo.us.es\/habitae\/wp-content\/uploads\/2024\/11\/cropped-LOGO_HABITAE_3_fondo-azul_3.png","datePublished":"2024-10-15T11:20:53+00:00","dateModified":"2025-06-09T13:04:38+00:00","breadcrumb":{"@id":"https:\/\/grupo.us.es\/habitae\/proyectos-liderados\/#breadcrumb"},"inLanguage":"es","potentialAction":[{"@type":"ReadAction","target":["https:\/\/grupo.us.es\/habitae\/proyectos-liderados\/"]}]},{"@type":"ImageObject","inLanguage":"es","@id":"https:\/\/grupo.us.es\/habitae\/proyectos-liderados\/#primaryimage","url":"https:\/\/grupo.us.es\/habitae\/wp-content\/uploads\/2024\/11\/cropped-LOGO_HABITAE_3_fondo-azul_3.png","contentUrl":"https:\/\/grupo.us.es\/habitae\/wp-content\/uploads\/2024\/11\/cropped-LOGO_HABITAE_3_fondo-azul_3.png","width":512,"height":512},{"@type":"BreadcrumbList","@id":"https:\/\/grupo.us.es\/habitae\/proyectos-liderados\/#breadcrumb","itemListElement":[{"@type":"ListItem","position":1,"name":"Portada","item":"https:\/\/grupo.us.es\/habitae\/"},{"@type":"ListItem","position":2,"name":"Proyectos liderados"}]},{"@type":"WebSite","@id":"https:\/\/grupo.us.es\/habitae\/#website","url":"https:\/\/grupo.us.es\/habitae\/","name":"HABITAE - Habitabilidad, Acondicionamiento y Energ\u00eda en Arquitectura","description":"HABITAE - Grupo TEP-999","publisher":{"@id":"https:\/\/grupo.us.es\/habitae\/#organization"},"potentialAction":[{"@type":"SearchAction","target":{"@type":"EntryPoint","urlTemplate":"https:\/\/grupo.us.es\/habitae\/?s={search_term_string}"},"query-input":{"@type":"PropertyValueSpecification","valueRequired":true,"valueName":"search_term_string"}}],"inLanguage":"es"},{"@type":"Organization","@id":"https:\/\/grupo.us.es\/habitae\/#organization","name":"HABITAE - Habitabilidad, Acondicionamiento y Energ\u00eda en Arquitectura","url":"https:\/\/grupo.us.es\/habitae\/","logo":{"@type":"ImageObject","inLanguage":"es","@id":"https:\/\/grupo.us.es\/habitae\/#\/schema\/logo\/image\/","url":"https:\/\/grupo.us.es\/habitae\/wp-content\/uploads\/2024\/11\/LOGO_HABITAE_3_sin-fondo_horizontal_3.png","contentUrl":"https:\/\/grupo.us.es\/habitae\/wp-content\/uploads\/2024\/11\/LOGO_HABITAE_3_sin-fondo_horizontal_3.png","width":1025,"height":396,"caption":"HABITAE - Habitabilidad, Acondicionamiento y Energ\u00eda en Arquitectura"},"image":{"@id":"https:\/\/grupo.us.es\/habitae\/#\/schema\/logo\/image\/"}}]}},"_links":{"self":[{"href":"https:\/\/grupo.us.es\/habitae\/wp-json\/wp\/v2\/pages\/51","targetHints":{"allow":["GET"]}}],"collection":[{"href":"https:\/\/grupo.us.es\/habitae\/wp-json\/wp\/v2\/pages"}],"about":[{"href":"https:\/\/grupo.us.es\/habitae\/wp-json\/wp\/v2\/types\/page"}],"author":[{"embeddable":true,"href":"https:\/\/grupo.us.es\/habitae\/wp-json\/wp\/v2\/users\/1"}],"replies":[{"embeddable":true,"href":"https:\/\/grupo.us.es\/habitae\/wp-json\/wp\/v2\/comments?post=51"}],"version-history":[{"count":0,"href":"https:\/\/grupo.us.es\/habitae\/wp-json\/wp\/v2\/pages\/51\/revisions"}],"wp:featuredmedia":[{"embeddable":true,"href":"https:\/\/grupo.us.es\/habitae\/wp-json\/wp\/v2\/media\/145"}],"wp:attachment":[{"href":"https:\/\/grupo.us.es\/habitae\/wp-json\/wp\/v2\/media?parent=51"}],"curies":[{"name":"wp","href":"https:\/\/api.w.org\/{rel}","templated":true}]}}