{"id":285,"date":"2025-04-14T11:21:38","date_gmt":"2025-04-14T09:21:38","guid":{"rendered":"https:\/\/grupo.us.es\/habitae\/?page_id=285"},"modified":"2025-04-14T11:22:59","modified_gmt":"2025-04-14T09:22:59","slug":"aviso-legal","status":"publish","type":"page","link":"https:\/\/grupo.us.es\/habitae\/aviso-legal\/","title":{"rendered":"Aviso Legal"},"content":{"rendered":"\t\t<div data-elementor-type=\"wp-page\" data-elementor-id=\"285\" class=\"elementor elementor-285\" data-elementor-post-type=\"page\">\n\t\t\t\t<div class=\"elementor-element elementor-element-b48fbf9 e-flex e-con-boxed e-con e-parent\" data-id=\"b48fbf9\" data-element_type=\"container\" data-e-type=\"container\">\n\t\t\t\t\t<div class=\"e-con-inner\">\n\t\t\t\t<div class=\"elementor-element elementor-element-cd740eb elementor-widget elementor-widget-text-editor\" data-id=\"cd740eb\" data-element_type=\"widget\" data-e-type=\"widget\" data-widget_type=\"text-editor.default\">\n\t\t\t\t<div class=\"elementor-widget-container\">\n\t\t\t\t\t\t\t\t\t<p>1. IDENTIFICACI\u00d3N<\/p><ul><li>Titular: UNIVERSIDAD DE SEVILLA.<\/li><li>Domicilio social: Avd. Reina Mercedes 2<\/li><li>Tel\u00e9fono:<\/li><li>Email: <span class=\"elementor-icon-list-text\">habitae@us.es<\/span><\/li><\/ul><p>\u00a0<\/p><p>2. INFORMACI\u00d3N Y CONSENTIMIENTO<\/p><p>De conformidad con lo dispuesto en la normativa reguladora en vigor de Protecci\u00f3n de Datos prestas t\u00fa consentimiento informado, expreso, libre y de forma inequ\u00edvoca para que tus datos personales sean tratados con la finalidad de atender las solicitudes realizadas a trav\u00e9s del sitio web, el env\u00edo de comunicaciones y newsletter acerca de la Universidad de Sevilla, y para la realizaci\u00f3n de encuestas y estad\u00edsticas. En cualquier momento el usuario podr\u00e1 darse de baja y revocar el consentimiento otorgado.<\/p><p>El registro de menores de 18 a\u00f1os no esta permitido. Si alg\u00fan registro revelara que el usuario es un menor de edad, UNIVERSIDAD DE SEVILLA. se reserva el derecho de anularlo. Sin embargo, UNIVERSIDAD DE SEVILLA., no se hace responsable de los efectos y consecuencias que los registros de menores de edad pudieran ocasionar. En cualquier momento, los padres \/ tutores de un menor que hubiera cumplimentado alguno de los formularios de recabo de datos sin autorizaci\u00f3n podr\u00e1n revisar, cancelar u oponerse al tratamiento de datos personales a trav\u00e9s de una comunicaci\u00f3n a la siguiente direcci\u00f3n hac@us.es o en la direcci\u00f3n del domicilio de Avd. Reina Mercedes 2.<\/p><p>Los datos ser\u00e1n incluidos en un fichero propiedad de UNIVERSIDAD DE SEVILLA. que consta debidamente inscrito en la Agencia Espa\u00f1ola de Protecci\u00f3n de Datos.<\/p><p>UNIVERSIDAD DE SEVILLA., tiene establecidas las medidas de seguridad t\u00e9cnicas, organizativas y jur\u00eddicas exigidas por el RD 1720\/2007 (RLOPD \u2013 Reglamento de Desarrollo de la LOPD), para la protecci\u00f3n de los datos.<\/p><p>UNIVERSIDAD DE SEVILLA., podr\u00e1 ceder los datos a otras entidades integrantes del Grupo con la finalidad publicidad y prospecci\u00f3n comercial de sus productos, servicios y promociones, salvo que el usuario manifieste su oposici\u00f3n.<\/p><p>3. EJERCICIO DE DERECHOS<\/p><p>Cualquier usuario que as\u00ed lo dese\u00e9 puede ejercer sus derechos de Acceso, Rectificaci\u00f3n, Cancelaci\u00f3n y Oposici\u00f3n, solicit\u00e1ndolo por escrito a trav\u00e9s de cualquiera de los medios siguientes, incluyendo junto a la solicitud una copia de su DNI o documento oficial acreditativo de la identidad<\/p><p>Correo Postal: Avd. Reina Mercedes 2<br \/>E-mail: <span class=\"elementor-icon-list-text\">habitae@us.es<\/span><\/p>\t\t\t\t\t\t\t\t<\/div>\n\t\t\t\t<\/div>\n\t\t\t\t\t<\/div>\n\t\t\t\t<\/div>\n\t\t\t\t<\/div>\n\t\t","protected":false},"excerpt":{"rendered":"<p>1. IDENTIFICACI\u00d3N Titular: UNIVERSIDAD DE SEVILLA. Domicilio social: Avd. Reina Mercedes 2 Tel\u00e9fono: Email: habitae@us.es \u00a0 2. INFORMACI\u00d3N Y CONSENTIMIENTO De conformidad con lo dispuesto en la normativa reguladora en vigor de Protecci\u00f3n de Datos prestas t\u00fa consentimiento informado, expreso, libre y de forma inequ\u00edvoca para que tus datos personales sean tratados con la finalidad [&hellip;]<\/p>\n","protected":false},"author":2,"featured_media":0,"parent":0,"menu_order":0,"comment_status":"closed","ping_status":"closed","template":"","meta":{"_acf_changed":false,"footnotes":""},"class_list":["post-285","page","type-page","status-publish","hentry"],"acf":[],"yoast_head":"<!-- This site is optimized with the Yoast SEO plugin v27.3 - https:\/\/yoast.com\/product\/yoast-seo-wordpress\/ -->\n<title>Aviso Legal - HABITAE - Habitabilidad, Acondicionamiento y Energ\u00eda en Arquitectura<\/title>\n<meta name=\"robots\" content=\"index, follow, max-snippet:-1, max-image-preview:large, max-video-preview:-1\" \/>\n<link rel=\"canonical\" href=\"https:\/\/grupo.us.es\/habitae\/aviso-legal\/\" \/>\n<meta property=\"og:locale\" content=\"es_ES\" \/>\n<meta property=\"og:type\" content=\"article\" \/>\n<meta property=\"og:title\" content=\"Aviso Legal - HABITAE - Habitabilidad, Acondicionamiento y Energ\u00eda en Arquitectura\" \/>\n<meta property=\"og:description\" content=\"1. IDENTIFICACI\u00d3N Titular: UNIVERSIDAD DE SEVILLA. Domicilio social: Avd. Reina Mercedes 2 Tel\u00e9fono: Email: habitae@us.es \u00a0 2. INFORMACI\u00d3N Y CONSENTIMIENTO De conformidad con lo dispuesto en la normativa reguladora en vigor de Protecci\u00f3n de Datos prestas t\u00fa consentimiento informado, expreso, libre y de forma inequ\u00edvoca para que tus datos personales sean tratados con la finalidad [&hellip;]\" \/>\n<meta property=\"og:url\" content=\"https:\/\/grupo.us.es\/habitae\/aviso-legal\/\" \/>\n<meta property=\"og:site_name\" content=\"HABITAE - Habitabilidad, Acondicionamiento y Energ\u00eda en Arquitectura\" \/>\n<meta property=\"article:modified_time\" content=\"2025-04-14T09:22:59+00:00\" \/>\n<meta name=\"twitter:card\" content=\"summary_large_image\" \/>\n<meta name=\"twitter:label1\" content=\"Tiempo de lectura\" \/>\n\t<meta name=\"twitter:data1\" content=\"2 minutos\" \/>\n<script type=\"application\/ld+json\" class=\"yoast-schema-graph\">{\"@context\":\"https:\\\/\\\/schema.org\",\"@graph\":[{\"@type\":\"WebPage\",\"@id\":\"https:\\\/\\\/grupo.us.es\\\/habitae\\\/aviso-legal\\\/\",\"url\":\"https:\\\/\\\/grupo.us.es\\\/habitae\\\/aviso-legal\\\/\",\"name\":\"Aviso Legal - HABITAE - Habitabilidad, Acondicionamiento y Energ\u00eda en Arquitectura\",\"isPartOf\":{\"@id\":\"https:\\\/\\\/grupo.us.es\\\/habitae\\\/#website\"},\"datePublished\":\"2025-04-14T09:21:38+00:00\",\"dateModified\":\"2025-04-14T09:22:59+00:00\",\"breadcrumb\":{\"@id\":\"https:\\\/\\\/grupo.us.es\\\/habitae\\\/aviso-legal\\\/#breadcrumb\"},\"inLanguage\":\"es\",\"potentialAction\":[{\"@type\":\"ReadAction\",\"target\":[\"https:\\\/\\\/grupo.us.es\\\/habitae\\\/aviso-legal\\\/\"]}]},{\"@type\":\"BreadcrumbList\",\"@id\":\"https:\\\/\\\/grupo.us.es\\\/habitae\\\/aviso-legal\\\/#breadcrumb\",\"itemListElement\":[{\"@type\":\"ListItem\",\"position\":1,\"name\":\"Portada\",\"item\":\"https:\\\/\\\/grupo.us.es\\\/habitae\\\/\"},{\"@type\":\"ListItem\",\"position\":2,\"name\":\"Aviso Legal\"}]},{\"@type\":\"WebSite\",\"@id\":\"https:\\\/\\\/grupo.us.es\\\/habitae\\\/#website\",\"url\":\"https:\\\/\\\/grupo.us.es\\\/habitae\\\/\",\"name\":\"HABITAE - Habitabilidad, Acondicionamiento y Energ\u00eda en Arquitectura\",\"description\":\"HABITAE - Grupo TEP-999\",\"publisher\":{\"@id\":\"https:\\\/\\\/grupo.us.es\\\/habitae\\\/#organization\"},\"potentialAction\":[{\"@type\":\"SearchAction\",\"target\":{\"@type\":\"EntryPoint\",\"urlTemplate\":\"https:\\\/\\\/grupo.us.es\\\/habitae\\\/?s={search_term_string}\"},\"query-input\":{\"@type\":\"PropertyValueSpecification\",\"valueRequired\":true,\"valueName\":\"search_term_string\"}}],\"inLanguage\":\"es\"},{\"@type\":\"Organization\",\"@id\":\"https:\\\/\\\/grupo.us.es\\\/habitae\\\/#organization\",\"name\":\"HABITAE - Habitabilidad, Acondicionamiento y Energ\u00eda en Arquitectura\",\"url\":\"https:\\\/\\\/grupo.us.es\\\/habitae\\\/\",\"logo\":{\"@type\":\"ImageObject\",\"inLanguage\":\"es\",\"@id\":\"https:\\\/\\\/grupo.us.es\\\/habitae\\\/#\\\/schema\\\/logo\\\/image\\\/\",\"url\":\"https:\\\/\\\/grupo.us.es\\\/habitae\\\/wp-content\\\/uploads\\\/2024\\\/11\\\/LOGO_HABITAE_3_sin-fondo_horizontal_3.png\",\"contentUrl\":\"https:\\\/\\\/grupo.us.es\\\/habitae\\\/wp-content\\\/uploads\\\/2024\\\/11\\\/LOGO_HABITAE_3_sin-fondo_horizontal_3.png\",\"width\":1025,\"height\":396,\"caption\":\"HABITAE - Habitabilidad, Acondicionamiento y Energ\u00eda en Arquitectura\"},\"image\":{\"@id\":\"https:\\\/\\\/grupo.us.es\\\/habitae\\\/#\\\/schema\\\/logo\\\/image\\\/\"}}]}<\/script>\n<!-- \/ Yoast SEO plugin. -->","yoast_head_json":{"title":"Aviso Legal - HABITAE - Habitabilidad, Acondicionamiento y Energ\u00eda en Arquitectura","robots":{"index":"index","follow":"follow","max-snippet":"max-snippet:-1","max-image-preview":"max-image-preview:large","max-video-preview":"max-video-preview:-1"},"canonical":"https:\/\/grupo.us.es\/habitae\/aviso-legal\/","og_locale":"es_ES","og_type":"article","og_title":"Aviso Legal - HABITAE - Habitabilidad, Acondicionamiento y Energ\u00eda en Arquitectura","og_description":"1. IDENTIFICACI\u00d3N Titular: UNIVERSIDAD DE SEVILLA. Domicilio social: Avd. Reina Mercedes 2 Tel\u00e9fono: Email: habitae@us.es \u00a0 2. INFORMACI\u00d3N Y CONSENTIMIENTO De conformidad con lo dispuesto en la normativa reguladora en vigor de Protecci\u00f3n de Datos prestas t\u00fa consentimiento informado, expreso, libre y de forma inequ\u00edvoca para que tus datos personales sean tratados con la finalidad [&hellip;]","og_url":"https:\/\/grupo.us.es\/habitae\/aviso-legal\/","og_site_name":"HABITAE - Habitabilidad, Acondicionamiento y Energ\u00eda en Arquitectura","article_modified_time":"2025-04-14T09:22:59+00:00","twitter_card":"summary_large_image","twitter_misc":{"Tiempo de lectura":"2 minutos"},"schema":{"@context":"https:\/\/schema.org","@graph":[{"@type":"WebPage","@id":"https:\/\/grupo.us.es\/habitae\/aviso-legal\/","url":"https:\/\/grupo.us.es\/habitae\/aviso-legal\/","name":"Aviso Legal - HABITAE - Habitabilidad, Acondicionamiento y Energ\u00eda en Arquitectura","isPartOf":{"@id":"https:\/\/grupo.us.es\/habitae\/#website"},"datePublished":"2025-04-14T09:21:38+00:00","dateModified":"2025-04-14T09:22:59+00:00","breadcrumb":{"@id":"https:\/\/grupo.us.es\/habitae\/aviso-legal\/#breadcrumb"},"inLanguage":"es","potentialAction":[{"@type":"ReadAction","target":["https:\/\/grupo.us.es\/habitae\/aviso-legal\/"]}]},{"@type":"BreadcrumbList","@id":"https:\/\/grupo.us.es\/habitae\/aviso-legal\/#breadcrumb","itemListElement":[{"@type":"ListItem","position":1,"name":"Portada","item":"https:\/\/grupo.us.es\/habitae\/"},{"@type":"ListItem","position":2,"name":"Aviso Legal"}]},{"@type":"WebSite","@id":"https:\/\/grupo.us.es\/habitae\/#website","url":"https:\/\/grupo.us.es\/habitae\/","name":"HABITAE - Habitabilidad, Acondicionamiento y Energ\u00eda en Arquitectura","description":"HABITAE - Grupo TEP-999","publisher":{"@id":"https:\/\/grupo.us.es\/habitae\/#organization"},"potentialAction":[{"@type":"SearchAction","target":{"@type":"EntryPoint","urlTemplate":"https:\/\/grupo.us.es\/habitae\/?s={search_term_string}"},"query-input":{"@type":"PropertyValueSpecification","valueRequired":true,"valueName":"search_term_string"}}],"inLanguage":"es"},{"@type":"Organization","@id":"https:\/\/grupo.us.es\/habitae\/#organization","name":"HABITAE - Habitabilidad, Acondicionamiento y Energ\u00eda en Arquitectura","url":"https:\/\/grupo.us.es\/habitae\/","logo":{"@type":"ImageObject","inLanguage":"es","@id":"https:\/\/grupo.us.es\/habitae\/#\/schema\/logo\/image\/","url":"https:\/\/grupo.us.es\/habitae\/wp-content\/uploads\/2024\/11\/LOGO_HABITAE_3_sin-fondo_horizontal_3.png","contentUrl":"https:\/\/grupo.us.es\/habitae\/wp-content\/uploads\/2024\/11\/LOGO_HABITAE_3_sin-fondo_horizontal_3.png","width":1025,"height":396,"caption":"HABITAE - Habitabilidad, Acondicionamiento y Energ\u00eda en Arquitectura"},"image":{"@id":"https:\/\/grupo.us.es\/habitae\/#\/schema\/logo\/image\/"}}]}},"_links":{"self":[{"href":"https:\/\/grupo.us.es\/habitae\/wp-json\/wp\/v2\/pages\/285","targetHints":{"allow":["GET"]}}],"collection":[{"href":"https:\/\/grupo.us.es\/habitae\/wp-json\/wp\/v2\/pages"}],"about":[{"href":"https:\/\/grupo.us.es\/habitae\/wp-json\/wp\/v2\/types\/page"}],"author":[{"embeddable":true,"href":"https:\/\/grupo.us.es\/habitae\/wp-json\/wp\/v2\/users\/2"}],"replies":[{"embeddable":true,"href":"https:\/\/grupo.us.es\/habitae\/wp-json\/wp\/v2\/comments?post=285"}],"version-history":[{"count":0,"href":"https:\/\/grupo.us.es\/habitae\/wp-json\/wp\/v2\/pages\/285\/revisions"}],"wp:attachment":[{"href":"https:\/\/grupo.us.es\/habitae\/wp-json\/wp\/v2\/media?parent=285"}],"curies":[{"name":"wp","href":"https:\/\/api.w.org\/{rel}","templated":true}]}}