{"id":188,"date":"2025-04-11T10:34:09","date_gmt":"2025-04-11T08:34:09","guid":{"rendered":"https:\/\/grupo.us.es\/habitae\/?page_id=188"},"modified":"2025-06-09T15:03:44","modified_gmt":"2025-06-09T13:03:44","slug":"investigadores-visitantes","status":"publish","type":"page","link":"https:\/\/grupo.us.es\/habitae\/investigadores-visitantes\/","title":{"rendered":"Investigadores visitantes"},"content":{"rendered":"\t\t<div data-elementor-type=\"wp-page\" data-elementor-id=\"188\" class=\"elementor elementor-188\" data-elementor-post-type=\"page\">\n\t\t\t\t<div class=\"elementor-element elementor-element-200334e e-flex e-con-boxed e-con e-parent\" data-id=\"200334e\" data-element_type=\"container\" data-e-type=\"container\">\n\t\t\t\t\t<div class=\"e-con-inner\">\n\t\t\t\t<div class=\"elementor-element elementor-element-0c750cc elementor-widget elementor-widget-shortcode\" data-id=\"0c750cc\" data-element_type=\"widget\" data-e-type=\"widget\" data-widget_type=\"shortcode.default\">\n\t\t\t\t<div class=\"elementor-widget-container\">\n\t\t\t\t\t\t\t<div class=\"elementor-shortcode\"><div class=\"map_wrapper\" id=\"map_wrapper_353\">\n<div class=\"map_box\" style=\"max-width:2000px\">\n<div class=\"map_aspect_ratio\" style=\"padding-top:56%\" data-padding-top=\"56%\" data-padding-top-mobile=\"0%\">\n<div class=\"map_container\">\n<div class=\"map_render map_loading\" id=\"map_353\"><\/div>\n<\/div>\n<\/div>\n<\/div>\n<\/div><\/div>\n\t\t\t\t\t\t<\/div>\n\t\t\t\t<\/div>\n\t\t\t\t\t<\/div>\n\t\t\t\t<\/div>\n\t\t<div class=\"elementor-element elementor-element-23c88f4 e-flex e-con-boxed e-con e-parent\" data-id=\"23c88f4\" data-element_type=\"container\" data-e-type=\"container\">\n\t\t\t\t\t<div class=\"e-con-inner\">\n\t\t<div class=\"elementor-element elementor-element-47d6966 e-con-full e-flex e-con e-child\" data-id=\"47d6966\" data-element_type=\"container\" data-e-type=\"container\">\n\t\t<div class=\"elementor-element elementor-element-9488670 e-con-full e-flex e-con e-child\" data-id=\"9488670\" data-element_type=\"container\" data-e-type=\"container\">\n\t\t\t\t<div class=\"elementor-element elementor-element-6dd5777 elementor-widget elementor-widget-image\" data-id=\"6dd5777\" data-element_type=\"widget\" data-e-type=\"widget\" data-widget_type=\"image.default\">\n\t\t\t\t<div class=\"elementor-widget-container\">\n\t\t\t\t\t\t\t\t\t\t\t\t\t\t\t<img fetchpriority=\"high\" decoding=\"async\" width=\"586\" height=\"160\" src=\"https:\/\/grupo.us.es\/habitae\/wp-content\/uploads\/2025\/04\/Eindhoven-University-of-Technology.png\" class=\"attachment-large size-large wp-image-329\" alt=\"\" srcset=\"https:\/\/grupo.us.es\/habitae\/wp-content\/uploads\/2025\/04\/Eindhoven-University-of-Technology.png 586w, https:\/\/grupo.us.es\/habitae\/wp-content\/uploads\/2025\/04\/Eindhoven-University-of-Technology-300x82.png 300w\" sizes=\"(max-width: 586px) 100vw, 586px\" \/>\t\t\t\t\t\t\t\t\t\t\t\t\t\t\t<\/div>\n\t\t\t\t<\/div>\n\t\t\t\t<div class=\"elementor-element elementor-element-4cae556 elementor-widget elementor-widget-heading\" data-id=\"4cae556\" data-element_type=\"widget\" data-e-type=\"widget\" data-widget_type=\"heading.default\">\n\t\t\t\t<div class=\"elementor-widget-container\">\n\t\t\t\t\t<h5 class=\"elementor-heading-title elementor-size-default\">2024<\/h5>\t\t\t\t<\/div>\n\t\t\t\t<\/div>\n\t\t\t\t<div class=\"elementor-element elementor-element-3b31003 elementor-widget elementor-widget-heading\" data-id=\"3b31003\" data-element_type=\"widget\" data-e-type=\"widget\" data-widget_type=\"heading.default\">\n\t\t\t\t<div class=\"elementor-widget-container\">\n\t\t\t\t\t<h5 class=\"elementor-heading-title elementor-size-default\">Eindhoven University of Technology<\/h5>\t\t\t\t<\/div>\n\t\t\t\t<\/div>\n\t\t\t\t<div class=\"elementor-element elementor-element-68df623 elementor-widget elementor-widget-heading\" data-id=\"68df623\" data-element_type=\"widget\" data-e-type=\"widget\" data-widget_type=\"heading.default\">\n\t\t\t\t<div class=\"elementor-widget-container\">\n\t\t\t\t\t<h5 class=\"elementor-heading-title elementor-size-default\">Olivia Guerra-Santin<\/h5>\t\t\t\t<\/div>\n\t\t\t\t<\/div>\n\t\t\t\t<div class=\"elementor-element elementor-element-7845180 elementor-widget elementor-widget-n-accordion\" data-id=\"7845180\" data-element_type=\"widget\" data-e-type=\"widget\" data-settings=\"{&quot;default_state&quot;:&quot;all_collapsed&quot;,&quot;max_items_expended&quot;:&quot;one&quot;,&quot;n_accordion_animation_duration&quot;:{&quot;unit&quot;:&quot;ms&quot;,&quot;size&quot;:400,&quot;sizes&quot;:[]}}\" data-widget_type=\"nested-accordion.default\">\n\t\t\t\t<div class=\"elementor-widget-container\">\n\t\t\t\t\t\t\t<div class=\"e-n-accordion\" aria-label=\"Accordion. Open links with Enter or Space, close with Escape, and navigate with Arrow Keys\">\n\t\t\t\t\t\t<details id=\"e-n-accordion-item-1260\" class=\"e-n-accordion-item\" >\n\t\t\t\t<summary class=\"e-n-accordion-item-title\" data-accordion-index=\"1\" tabindex=\"0\" aria-expanded=\"false\" aria-controls=\"e-n-accordion-item-1260\" >\n\t\t\t\t\t<span class='e-n-accordion-item-title-header'><div class=\"e-n-accordion-item-title-text\"> M\u00e1s informaci\u00f3n <\/div><\/span>\n\t\t\t\t\t\t\t<span class='e-n-accordion-item-title-icon'>\n\t\t\t<span class='e-opened' ><svg aria-hidden=\"true\" class=\"e-font-icon-svg e-fas-minus\" viewBox=\"0 0 448 512\" xmlns=\"http:\/\/www.w3.org\/2000\/svg\"><path d=\"M416 208H32c-17.67 0-32 14.33-32 32v32c0 17.67 14.33 32 32 32h384c17.67 0 32-14.33 32-32v-32c0-17.67-14.33-32-32-32z\"><\/path><\/svg><\/span>\n\t\t\t<span class='e-closed'><svg aria-hidden=\"true\" class=\"e-font-icon-svg e-fas-plus\" viewBox=\"0 0 448 512\" xmlns=\"http:\/\/www.w3.org\/2000\/svg\"><path d=\"M416 208H272V64c0-17.67-14.33-32-32-32h-32c-17.67 0-32 14.33-32 32v144H32c-17.67 0-32 14.33-32 32v32c0 17.67 14.33 32 32 32h144v144c0 17.67 14.33 32 32 32h32c17.67 0 32-14.33 32-32V304h144c17.67 0 32-14.33 32-32v-32c0-17.67-14.33-32-32-32z\"><\/path><\/svg><\/span>\n\t\t<\/span>\n\n\t\t\t\t\t\t<\/summary>\n\t\t\t\t<div role=\"region\" aria-labelledby=\"e-n-accordion-item-1260\" class=\"elementor-element elementor-element-68df6a8 e-con-full e-flex e-con e-child\" data-id=\"68df6a8\" data-element_type=\"container\" data-e-type=\"container\">\n\t\t\t\t<div class=\"elementor-element elementor-element-7560a04 elementor-widget elementor-widget-text-editor\" data-id=\"7560a04\" data-element_type=\"widget\" data-e-type=\"widget\" data-widget_type=\"text-editor.default\">\n\t\t\t\t<div class=\"elementor-widget-container\">\n\t\t\t\t\t\t\t\t\t<p><strong>Pa\u00eds origen:<\/strong> Pa\u00edses Bajos<\/p><p><strong>Duraci\u00f3n:<\/strong> 2 meses (04\/11\/2024 \u2013 04\/01\/2025)<\/p>\t\t\t\t\t\t\t\t<\/div>\n\t\t\t\t<\/div>\n\t\t\t\t<\/div>\n\t\t\t\t\t<\/details>\n\t\t\t\t\t<\/div>\n\t\t\t\t\t\t<\/div>\n\t\t\t\t<\/div>\n\t\t\t\t<\/div>\n\t\t<div class=\"elementor-element elementor-element-9aefbc1 e-con-full e-flex e-con e-child\" data-id=\"9aefbc1\" data-element_type=\"container\" data-e-type=\"container\">\n\t\t\t\t<div class=\"elementor-element elementor-element-fee2c04 elementor-widget elementor-widget-image\" data-id=\"fee2c04\" data-element_type=\"widget\" data-e-type=\"widget\" data-widget_type=\"image.default\">\n\t\t\t\t<div class=\"elementor-widget-container\">\n\t\t\t\t\t\t\t\t\t\t\t\t\t\t\t<img decoding=\"async\" width=\"644\" height=\"229\" src=\"https:\/\/grupo.us.es\/habitae\/wp-content\/uploads\/2025\/04\/logo-u-napoli.png\" class=\"attachment-large size-large wp-image-354\" alt=\"\" srcset=\"https:\/\/grupo.us.es\/habitae\/wp-content\/uploads\/2025\/04\/logo-u-napoli.png 644w, https:\/\/grupo.us.es\/habitae\/wp-content\/uploads\/2025\/04\/logo-u-napoli-300x107.png 300w\" sizes=\"(max-width: 644px) 100vw, 644px\" \/>\t\t\t\t\t\t\t\t\t\t\t\t\t\t\t<\/div>\n\t\t\t\t<\/div>\n\t\t\t\t<div class=\"elementor-element elementor-element-f602572 elementor-widget elementor-widget-heading\" data-id=\"f602572\" data-element_type=\"widget\" data-e-type=\"widget\" data-widget_type=\"heading.default\">\n\t\t\t\t<div class=\"elementor-widget-container\">\n\t\t\t\t\t<h5 class=\"elementor-heading-title elementor-size-default\">2024<\/h5>\t\t\t\t<\/div>\n\t\t\t\t<\/div>\n\t\t\t\t<div class=\"elementor-element elementor-element-cbf5638 elementor-widget elementor-widget-heading\" data-id=\"cbf5638\" data-element_type=\"widget\" data-e-type=\"widget\" data-widget_type=\"heading.default\">\n\t\t\t\t<div class=\"elementor-widget-container\">\n\t\t\t\t\t<h5 class=\"elementor-heading-title elementor-size-default\">Universit\u00e0 degli Studi di Napoli Federico II<\/h5>\t\t\t\t<\/div>\n\t\t\t\t<\/div>\n\t\t\t\t<div class=\"elementor-element elementor-element-a8ba352 elementor-widget elementor-widget-heading\" data-id=\"a8ba352\" data-element_type=\"widget\" data-e-type=\"widget\" data-widget_type=\"heading.default\">\n\t\t\t\t<div class=\"elementor-widget-container\">\n\t\t\t\t\t<h5 class=\"elementor-heading-title elementor-size-default\">Giuseppe Aruta<\/h5>\t\t\t\t<\/div>\n\t\t\t\t<\/div>\n\t\t\t\t<div class=\"elementor-element elementor-element-7131462 elementor-widget elementor-widget-n-accordion\" data-id=\"7131462\" data-element_type=\"widget\" data-e-type=\"widget\" data-settings=\"{&quot;default_state&quot;:&quot;all_collapsed&quot;,&quot;max_items_expended&quot;:&quot;one&quot;,&quot;n_accordion_animation_duration&quot;:{&quot;unit&quot;:&quot;ms&quot;,&quot;size&quot;:400,&quot;sizes&quot;:[]}}\" data-widget_type=\"nested-accordion.default\">\n\t\t\t\t<div class=\"elementor-widget-container\">\n\t\t\t\t\t\t\t<div class=\"e-n-accordion\" aria-label=\"Accordion. Open links with Enter or Space, close with Escape, and navigate with Arrow Keys\">\n\t\t\t\t\t\t<details id=\"e-n-accordion-item-1180\" class=\"e-n-accordion-item\" >\n\t\t\t\t<summary class=\"e-n-accordion-item-title\" data-accordion-index=\"1\" tabindex=\"0\" aria-expanded=\"false\" aria-controls=\"e-n-accordion-item-1180\" >\n\t\t\t\t\t<span class='e-n-accordion-item-title-header'><div class=\"e-n-accordion-item-title-text\"> M\u00e1s informaci\u00f3n <\/div><\/span>\n\t\t\t\t\t\t\t<span class='e-n-accordion-item-title-icon'>\n\t\t\t<span class='e-opened' ><svg aria-hidden=\"true\" class=\"e-font-icon-svg e-fas-minus\" viewBox=\"0 0 448 512\" xmlns=\"http:\/\/www.w3.org\/2000\/svg\"><path d=\"M416 208H32c-17.67 0-32 14.33-32 32v32c0 17.67 14.33 32 32 32h384c17.67 0 32-14.33 32-32v-32c0-17.67-14.33-32-32-32z\"><\/path><\/svg><\/span>\n\t\t\t<span class='e-closed'><svg aria-hidden=\"true\" class=\"e-font-icon-svg e-fas-plus\" viewBox=\"0 0 448 512\" xmlns=\"http:\/\/www.w3.org\/2000\/svg\"><path d=\"M416 208H272V64c0-17.67-14.33-32-32-32h-32c-17.67 0-32 14.33-32 32v144H32c-17.67 0-32 14.33-32 32v32c0 17.67 14.33 32 32 32h144v144c0 17.67 14.33 32 32 32h32c17.67 0 32-14.33 32-32V304h144c17.67 0 32-14.33 32-32v-32c0-17.67-14.33-32-32-32z\"><\/path><\/svg><\/span>\n\t\t<\/span>\n\n\t\t\t\t\t\t<\/summary>\n\t\t\t\t<div role=\"region\" aria-labelledby=\"e-n-accordion-item-1180\" class=\"elementor-element elementor-element-86a57cb e-con-full e-flex e-con e-child\" data-id=\"86a57cb\" data-element_type=\"container\" data-e-type=\"container\">\n\t\t\t\t<div class=\"elementor-element elementor-element-97ddb0c elementor-widget elementor-widget-text-editor\" data-id=\"97ddb0c\" data-element_type=\"widget\" data-e-type=\"widget\" data-widget_type=\"text-editor.default\">\n\t\t\t\t<div class=\"elementor-widget-container\">\n\t\t\t\t\t\t\t\t\t<p><strong>Pa\u00eds origen:<\/strong> Italia<\/p><p><strong>Duraci\u00f3n:<\/strong> 3.5 meses (02\/04\/2024 &#8211; 15\/07\/2024)<\/p>\t\t\t\t\t\t\t\t<\/div>\n\t\t\t\t<\/div>\n\t\t\t\t<\/div>\n\t\t\t\t\t<\/details>\n\t\t\t\t\t<\/div>\n\t\t\t\t\t\t<\/div>\n\t\t\t\t<\/div>\n\t\t\t\t<\/div>\n\t\t\t\t<\/div>\n\t\t\t\t\t<\/div>\n\t\t\t\t<\/div>\n\t\t\t\t<\/div>\n\t\t","protected":false},"excerpt":{"rendered":"<p>2024 Eindhoven University of Technology Olivia Guerra-Santin M\u00e1s informaci\u00f3n Pa\u00eds origen: Pa\u00edses Bajos Duraci\u00f3n: 2 meses (04\/11\/2024 \u2013 04\/01\/2025) Pa\u00eds origen: Pa\u00edses Bajos Duraci\u00f3n: 2 meses (04\/11\/2024 \u2013 04\/01\/2025) 2024 Universit\u00e0 degli Studi di Napoli Federico II Giuseppe Aruta M\u00e1s informaci\u00f3n Pa\u00eds origen: Italia Duraci\u00f3n: 3.5 meses (02\/04\/2024 \u2013 15\/07\/2024) Pa\u00eds origen: Italia Duraci\u00f3n: 3.5 [&hellip;]<\/p>\n","protected":false},"author":2,"featured_media":145,"parent":0,"menu_order":0,"comment_status":"closed","ping_status":"closed","template":"","meta":{"_acf_changed":false,"footnotes":""},"class_list":["post-188","page","type-page","status-publish","has-post-thumbnail","hentry"],"acf":[],"yoast_head":"<!-- This site is optimized with the Yoast SEO plugin v27.3 - https:\/\/yoast.com\/product\/yoast-seo-wordpress\/ -->\n<title>Investigadores visitantes - HABITAE - Habitabilidad, Acondicionamiento y Energ\u00eda en Arquitectura<\/title>\n<meta name=\"robots\" content=\"index, follow, max-snippet:-1, max-image-preview:large, max-video-preview:-1\" \/>\n<link rel=\"canonical\" href=\"https:\/\/grupo.us.es\/habitae\/investigadores-visitantes\/\" \/>\n<meta property=\"og:locale\" content=\"es_ES\" \/>\n<meta property=\"og:type\" content=\"article\" \/>\n<meta property=\"og:title\" content=\"Investigadores visitantes - HABITAE - Habitabilidad, Acondicionamiento y Energ\u00eda en Arquitectura\" \/>\n<meta property=\"og:description\" content=\"2024 Eindhoven University of Technology Olivia Guerra-Santin M\u00e1s informaci\u00f3n Pa\u00eds origen: Pa\u00edses Bajos Duraci\u00f3n: 2 meses (04\/11\/2024 \u2013 04\/01\/2025) Pa\u00eds origen: Pa\u00edses Bajos Duraci\u00f3n: 2 meses (04\/11\/2024 \u2013 04\/01\/2025) 2024 Universit\u00e0 degli Studi di Napoli Federico II Giuseppe Aruta M\u00e1s informaci\u00f3n Pa\u00eds origen: Italia Duraci\u00f3n: 3.5 meses (02\/04\/2024 \u2013 15\/07\/2024) Pa\u00eds origen: Italia Duraci\u00f3n: 3.5 [&hellip;]\" \/>\n<meta property=\"og:url\" content=\"https:\/\/grupo.us.es\/habitae\/investigadores-visitantes\/\" \/>\n<meta property=\"og:site_name\" content=\"HABITAE - Habitabilidad, Acondicionamiento y Energ\u00eda en Arquitectura\" \/>\n<meta property=\"article:modified_time\" content=\"2025-06-09T13:03:44+00:00\" \/>\n<meta property=\"og:image\" content=\"https:\/\/grupo.us.es\/habitae\/wp-content\/uploads\/2024\/11\/cropped-LOGO_HABITAE_3_fondo-azul_3.png\" \/>\n\t<meta property=\"og:image:width\" content=\"512\" \/>\n\t<meta property=\"og:image:height\" content=\"512\" \/>\n\t<meta property=\"og:image:type\" content=\"image\/png\" \/>\n<meta name=\"twitter:card\" content=\"summary_large_image\" \/>\n<meta name=\"twitter:label1\" content=\"Tiempo de lectura\" \/>\n\t<meta name=\"twitter:data1\" content=\"1 minuto\" \/>\n<script type=\"application\/ld+json\" class=\"yoast-schema-graph\">{\"@context\":\"https:\\\/\\\/schema.org\",\"@graph\":[{\"@type\":\"WebPage\",\"@id\":\"https:\\\/\\\/grupo.us.es\\\/habitae\\\/investigadores-visitantes\\\/\",\"url\":\"https:\\\/\\\/grupo.us.es\\\/habitae\\\/investigadores-visitantes\\\/\",\"name\":\"Investigadores visitantes - HABITAE - Habitabilidad, Acondicionamiento y Energ\u00eda en Arquitectura\",\"isPartOf\":{\"@id\":\"https:\\\/\\\/grupo.us.es\\\/habitae\\\/#website\"},\"primaryImageOfPage\":{\"@id\":\"https:\\\/\\\/grupo.us.es\\\/habitae\\\/investigadores-visitantes\\\/#primaryimage\"},\"image\":{\"@id\":\"https:\\\/\\\/grupo.us.es\\\/habitae\\\/investigadores-visitantes\\\/#primaryimage\"},\"thumbnailUrl\":\"https:\\\/\\\/grupo.us.es\\\/habitae\\\/wp-content\\\/uploads\\\/2024\\\/11\\\/cropped-LOGO_HABITAE_3_fondo-azul_3.png\",\"datePublished\":\"2025-04-11T08:34:09+00:00\",\"dateModified\":\"2025-06-09T13:03:44+00:00\",\"breadcrumb\":{\"@id\":\"https:\\\/\\\/grupo.us.es\\\/habitae\\\/investigadores-visitantes\\\/#breadcrumb\"},\"inLanguage\":\"es\",\"potentialAction\":[{\"@type\":\"ReadAction\",\"target\":[\"https:\\\/\\\/grupo.us.es\\\/habitae\\\/investigadores-visitantes\\\/\"]}]},{\"@type\":\"ImageObject\",\"inLanguage\":\"es\",\"@id\":\"https:\\\/\\\/grupo.us.es\\\/habitae\\\/investigadores-visitantes\\\/#primaryimage\",\"url\":\"https:\\\/\\\/grupo.us.es\\\/habitae\\\/wp-content\\\/uploads\\\/2024\\\/11\\\/cropped-LOGO_HABITAE_3_fondo-azul_3.png\",\"contentUrl\":\"https:\\\/\\\/grupo.us.es\\\/habitae\\\/wp-content\\\/uploads\\\/2024\\\/11\\\/cropped-LOGO_HABITAE_3_fondo-azul_3.png\",\"width\":512,\"height\":512},{\"@type\":\"BreadcrumbList\",\"@id\":\"https:\\\/\\\/grupo.us.es\\\/habitae\\\/investigadores-visitantes\\\/#breadcrumb\",\"itemListElement\":[{\"@type\":\"ListItem\",\"position\":1,\"name\":\"Portada\",\"item\":\"https:\\\/\\\/grupo.us.es\\\/habitae\\\/\"},{\"@type\":\"ListItem\",\"position\":2,\"name\":\"Investigadores visitantes\"}]},{\"@type\":\"WebSite\",\"@id\":\"https:\\\/\\\/grupo.us.es\\\/habitae\\\/#website\",\"url\":\"https:\\\/\\\/grupo.us.es\\\/habitae\\\/\",\"name\":\"HABITAE - Habitabilidad, Acondicionamiento y Energ\u00eda en Arquitectura\",\"description\":\"HABITAE - Grupo TEP-999\",\"publisher\":{\"@id\":\"https:\\\/\\\/grupo.us.es\\\/habitae\\\/#organization\"},\"potentialAction\":[{\"@type\":\"SearchAction\",\"target\":{\"@type\":\"EntryPoint\",\"urlTemplate\":\"https:\\\/\\\/grupo.us.es\\\/habitae\\\/?s={search_term_string}\"},\"query-input\":{\"@type\":\"PropertyValueSpecification\",\"valueRequired\":true,\"valueName\":\"search_term_string\"}}],\"inLanguage\":\"es\"},{\"@type\":\"Organization\",\"@id\":\"https:\\\/\\\/grupo.us.es\\\/habitae\\\/#organization\",\"name\":\"HABITAE - Habitabilidad, Acondicionamiento y Energ\u00eda en Arquitectura\",\"url\":\"https:\\\/\\\/grupo.us.es\\\/habitae\\\/\",\"logo\":{\"@type\":\"ImageObject\",\"inLanguage\":\"es\",\"@id\":\"https:\\\/\\\/grupo.us.es\\\/habitae\\\/#\\\/schema\\\/logo\\\/image\\\/\",\"url\":\"https:\\\/\\\/grupo.us.es\\\/habitae\\\/wp-content\\\/uploads\\\/2024\\\/11\\\/LOGO_HABITAE_3_sin-fondo_horizontal_3.png\",\"contentUrl\":\"https:\\\/\\\/grupo.us.es\\\/habitae\\\/wp-content\\\/uploads\\\/2024\\\/11\\\/LOGO_HABITAE_3_sin-fondo_horizontal_3.png\",\"width\":1025,\"height\":396,\"caption\":\"HABITAE - Habitabilidad, Acondicionamiento y Energ\u00eda en Arquitectura\"},\"image\":{\"@id\":\"https:\\\/\\\/grupo.us.es\\\/habitae\\\/#\\\/schema\\\/logo\\\/image\\\/\"}}]}<\/script>\n<!-- \/ Yoast SEO plugin. -->","yoast_head_json":{"title":"Investigadores visitantes - HABITAE - Habitabilidad, Acondicionamiento y Energ\u00eda en Arquitectura","robots":{"index":"index","follow":"follow","max-snippet":"max-snippet:-1","max-image-preview":"max-image-preview:large","max-video-preview":"max-video-preview:-1"},"canonical":"https:\/\/grupo.us.es\/habitae\/investigadores-visitantes\/","og_locale":"es_ES","og_type":"article","og_title":"Investigadores visitantes - HABITAE - Habitabilidad, Acondicionamiento y Energ\u00eda en Arquitectura","og_description":"2024 Eindhoven University of Technology Olivia Guerra-Santin M\u00e1s informaci\u00f3n Pa\u00eds origen: Pa\u00edses Bajos Duraci\u00f3n: 2 meses (04\/11\/2024 \u2013 04\/01\/2025) Pa\u00eds origen: Pa\u00edses Bajos Duraci\u00f3n: 2 meses (04\/11\/2024 \u2013 04\/01\/2025) 2024 Universit\u00e0 degli Studi di Napoli Federico II Giuseppe Aruta M\u00e1s informaci\u00f3n Pa\u00eds origen: Italia Duraci\u00f3n: 3.5 meses (02\/04\/2024 \u2013 15\/07\/2024) Pa\u00eds origen: Italia Duraci\u00f3n: 3.5 [&hellip;]","og_url":"https:\/\/grupo.us.es\/habitae\/investigadores-visitantes\/","og_site_name":"HABITAE - Habitabilidad, Acondicionamiento y Energ\u00eda en Arquitectura","article_modified_time":"2025-06-09T13:03:44+00:00","og_image":[{"width":512,"height":512,"url":"https:\/\/grupo.us.es\/habitae\/wp-content\/uploads\/2024\/11\/cropped-LOGO_HABITAE_3_fondo-azul_3.png","type":"image\/png"}],"twitter_card":"summary_large_image","twitter_misc":{"Tiempo de lectura":"1 minuto"},"schema":{"@context":"https:\/\/schema.org","@graph":[{"@type":"WebPage","@id":"https:\/\/grupo.us.es\/habitae\/investigadores-visitantes\/","url":"https:\/\/grupo.us.es\/habitae\/investigadores-visitantes\/","name":"Investigadores visitantes - HABITAE - Habitabilidad, Acondicionamiento y Energ\u00eda en Arquitectura","isPartOf":{"@id":"https:\/\/grupo.us.es\/habitae\/#website"},"primaryImageOfPage":{"@id":"https:\/\/grupo.us.es\/habitae\/investigadores-visitantes\/#primaryimage"},"image":{"@id":"https:\/\/grupo.us.es\/habitae\/investigadores-visitantes\/#primaryimage"},"thumbnailUrl":"https:\/\/grupo.us.es\/habitae\/wp-content\/uploads\/2024\/11\/cropped-LOGO_HABITAE_3_fondo-azul_3.png","datePublished":"2025-04-11T08:34:09+00:00","dateModified":"2025-06-09T13:03:44+00:00","breadcrumb":{"@id":"https:\/\/grupo.us.es\/habitae\/investigadores-visitantes\/#breadcrumb"},"inLanguage":"es","potentialAction":[{"@type":"ReadAction","target":["https:\/\/grupo.us.es\/habitae\/investigadores-visitantes\/"]}]},{"@type":"ImageObject","inLanguage":"es","@id":"https:\/\/grupo.us.es\/habitae\/investigadores-visitantes\/#primaryimage","url":"https:\/\/grupo.us.es\/habitae\/wp-content\/uploads\/2024\/11\/cropped-LOGO_HABITAE_3_fondo-azul_3.png","contentUrl":"https:\/\/grupo.us.es\/habitae\/wp-content\/uploads\/2024\/11\/cropped-LOGO_HABITAE_3_fondo-azul_3.png","width":512,"height":512},{"@type":"BreadcrumbList","@id":"https:\/\/grupo.us.es\/habitae\/investigadores-visitantes\/#breadcrumb","itemListElement":[{"@type":"ListItem","position":1,"name":"Portada","item":"https:\/\/grupo.us.es\/habitae\/"},{"@type":"ListItem","position":2,"name":"Investigadores visitantes"}]},{"@type":"WebSite","@id":"https:\/\/grupo.us.es\/habitae\/#website","url":"https:\/\/grupo.us.es\/habitae\/","name":"HABITAE - Habitabilidad, Acondicionamiento y Energ\u00eda en Arquitectura","description":"HABITAE - Grupo TEP-999","publisher":{"@id":"https:\/\/grupo.us.es\/habitae\/#organization"},"potentialAction":[{"@type":"SearchAction","target":{"@type":"EntryPoint","urlTemplate":"https:\/\/grupo.us.es\/habitae\/?s={search_term_string}"},"query-input":{"@type":"PropertyValueSpecification","valueRequired":true,"valueName":"search_term_string"}}],"inLanguage":"es"},{"@type":"Organization","@id":"https:\/\/grupo.us.es\/habitae\/#organization","name":"HABITAE - Habitabilidad, Acondicionamiento y Energ\u00eda en Arquitectura","url":"https:\/\/grupo.us.es\/habitae\/","logo":{"@type":"ImageObject","inLanguage":"es","@id":"https:\/\/grupo.us.es\/habitae\/#\/schema\/logo\/image\/","url":"https:\/\/grupo.us.es\/habitae\/wp-content\/uploads\/2024\/11\/LOGO_HABITAE_3_sin-fondo_horizontal_3.png","contentUrl":"https:\/\/grupo.us.es\/habitae\/wp-content\/uploads\/2024\/11\/LOGO_HABITAE_3_sin-fondo_horizontal_3.png","width":1025,"height":396,"caption":"HABITAE - Habitabilidad, Acondicionamiento y Energ\u00eda en Arquitectura"},"image":{"@id":"https:\/\/grupo.us.es\/habitae\/#\/schema\/logo\/image\/"}}]}},"_links":{"self":[{"href":"https:\/\/grupo.us.es\/habitae\/wp-json\/wp\/v2\/pages\/188","targetHints":{"allow":["GET"]}}],"collection":[{"href":"https:\/\/grupo.us.es\/habitae\/wp-json\/wp\/v2\/pages"}],"about":[{"href":"https:\/\/grupo.us.es\/habitae\/wp-json\/wp\/v2\/types\/page"}],"author":[{"embeddable":true,"href":"https:\/\/grupo.us.es\/habitae\/wp-json\/wp\/v2\/users\/2"}],"replies":[{"embeddable":true,"href":"https:\/\/grupo.us.es\/habitae\/wp-json\/wp\/v2\/comments?post=188"}],"version-history":[{"count":0,"href":"https:\/\/grupo.us.es\/habitae\/wp-json\/wp\/v2\/pages\/188\/revisions"}],"wp:featuredmedia":[{"embeddable":true,"href":"https:\/\/grupo.us.es\/habitae\/wp-json\/wp\/v2\/media\/145"}],"wp:attachment":[{"href":"https:\/\/grupo.us.es\/habitae\/wp-json\/wp\/v2\/media?parent=188"}],"curies":[{"name":"wp","href":"https:\/\/api.w.org\/{rel}","templated":true}]}}