{"id":39,"date":"2021-06-04T16:40:31","date_gmt":"2021-06-04T16:40:31","guid":{"rendered":"http:\/\/grupo.us.es\/grupotais\/?page_id=39"},"modified":"2024-07-29T08:23:41","modified_gmt":"2024-07-29T08:23:41","slug":"inicio","status":"publish","type":"page","link":"https:\/\/grupo.us.es\/grupotais\/","title":{"rendered":"Inicio"},"content":{"rendered":"\n<p>Le damos la bienvenida a la p\u00e1gina de inicio del grupo de <a href=\"https:\/\/investigacion.us.es\/sisius\/grupo\/TIC022\" data-type=\"link\" data-id=\"https:\/\/investigacion.us.es\/sisius\/grupo\/TIC022\">Tecnolog\u00edas para la Asistencia, la Integraci\u00f3n y la Salud<\/a> ( o, simplemente,\u00a0TAIS), con c\u00f3digo PAIDI TIC-022. Nuestro grupo est\u00e1 formado por un equipo multidisciplinar que incluye f\u00edsicos, ingenieros inform\u00e1ticos, ingenieros industriales y m\u00e9dicos. La mayor\u00eda pertenecen a la Universidad de Sevilla, aunque tambi\u00e9n cuenta con miembros pertenecientes al sector de la empresa privada y de hospitales.<\/p>\n\n\n\n<p>El objetivo principal de trabajo de nuestro grupo es la mejora de la calidad de vida de las personas mayores y con diversidad funcional. Ofrecemos soluciones para dotar a estas personas de una mayor autonom\u00eda, confort y medios de comunicaci\u00f3n, en su caso. <\/p>\n\n\n\n<p>Dise\u00f1amos soluciones hardware y\/o software para el uso de comunicadores, sesiones de rehabilitaci\u00f3n usando el concepto de gamificaci\u00f3n (a trav\u00e9s de los conocidos como <em>serious games<\/em>), o juegos adaptados. Adem\u00e1s de ello, tambi\u00e9n hemos dise\u00f1ado varios dispositivos de captaci\u00f3n de se\u00f1ales fisiol\u00f3gicas, con el objetivo de determinar el estado emocional del usuario.<\/p>\n","protected":false},"excerpt":{"rendered":"<p>Le damos la bienvenida a la p\u00e1gina de inicio del grupo de Tecnolog\u00edas para la Asistencia, la Integraci\u00f3n y la Salud ( o, simplemente,\u00a0TAIS), con c\u00f3digo PAIDI TIC-022. Nuestro grupo est\u00e1 formado por un equipo multidisciplinar que incluye f\u00edsicos, ingenieros inform\u00e1ticos, ingenieros industriales y m\u00e9dicos. La mayor\u00eda pertenecen a la Universidad de Sevilla, aunque tambi\u00e9n [&hellip;]<\/p>\n","protected":false},"author":1,"featured_media":0,"parent":0,"menu_order":0,"comment_status":"closed","ping_status":"closed","template":"","meta":{"footnotes":""},"class_list":["post-39","page","type-page","status-publish","hentry"],"guten_post_layout_featured_media_urls":{"full":false,"thumbnail":false,"medium":false,"medium_large":false,"large":false,"1536x1536":false,"2048x2048":false,"guten_post_layout_landscape_large":false,"guten_post_layout_portrait_large":false,"guten_post_layout_square_large":false,"guten_post_layout_landscape":false,"guten_post_layout_portrait":false,"guten_post_layout_square":false,"sciencexlite-blog-thumb":false},"_links":{"self":[{"href":"https:\/\/grupo.us.es\/grupotais\/wp-json\/wp\/v2\/pages\/39","targetHints":{"allow":["GET"]}}],"collection":[{"href":"https:\/\/grupo.us.es\/grupotais\/wp-json\/wp\/v2\/pages"}],"about":[{"href":"https:\/\/grupo.us.es\/grupotais\/wp-json\/wp\/v2\/types\/page"}],"author":[{"embeddable":true,"href":"https:\/\/grupo.us.es\/grupotais\/wp-json\/wp\/v2\/users\/1"}],"replies":[{"embeddable":true,"href":"https:\/\/grupo.us.es\/grupotais\/wp-json\/wp\/v2\/comments?post=39"}],"version-history":[{"count":3,"href":"https:\/\/grupo.us.es\/grupotais\/wp-json\/wp\/v2\/pages\/39\/revisions"}],"predecessor-version":[{"id":95,"href":"https:\/\/grupo.us.es\/grupotais\/wp-json\/wp\/v2\/pages\/39\/revisions\/95"}],"wp:attachment":[{"href":"https:\/\/grupo.us.es\/grupotais\/wp-json\/wp\/v2\/media?parent=39"}],"curies":[{"name":"wp","href":"https:\/\/api.w.org\/{rel}","templated":true}]}}