{"id":19,"date":"2021-06-04T16:18:51","date_gmt":"2021-06-04T16:18:51","guid":{"rendered":"http:\/\/grupo.us.es\/grupotais\/?page_id=19"},"modified":"2024-07-29T08:29:38","modified_gmt":"2024-07-29T08:29:38","slug":"investigacion","status":"publish","type":"page","link":"https:\/\/grupo.us.es\/grupotais\/investigacion\/","title":{"rendered":"L\u00edneas de investigaci\u00f3n"},"content":{"rendered":"\n<p>L\u00edneas de investigaci\u00f3n que desarrollamos son las siguientes:<\/p>\n\n\n\n<h4 class=\"wp-block-heading\"><strong>Comunicaciones y Redes Inal\u00e1mbricas de Sensores Aplicadas a Entornos Asistidos (Ambient Assisted Living)<\/strong><\/h4>\n\n\n\n<ul class=\"wp-block-list\">\n<li><em>Redes de \u00e1rea corporal (BAN)<\/em>. Estudios de interoperabilidad y est\u00e1ndares.<\/li>\n\n\n\n<li><em>Redes de \u00e1rea personal (PAN<\/em>).\u00a0Desarrollo y uso de redes PAN.<\/li>\n\n\n\n<li><em>Sistemas de Posicionamiento para interiores<\/em><\/li>\n\n\n\n<li><em>Sistemas de Telemonitorizaci\u00f3n.<\/em><\/li>\n<\/ul>\n\n\n\n<p>Ventajas y aspectos innovadores:&nbsp;el principal objetivo de dise\u00f1o de estos sistemas es que sean sistemas estandarizados, abiertos, eficientes y vers\u00e1tiles. Esto conlleva su f\u00e1cil adaptabilidad a distintos entornos as\u00ed como el cubrimiento de un mayor abanico de funcionalidades, lo que tambi\u00e9n supone una reducci\u00f3n de costes<\/p>\n\n\n\n<h4 class=\"wp-block-heading\"><strong>Interfaces Multimodales<\/strong><\/h4>\n\n\n\n<p>Dise\u00f1o de interfaces multimodales para su aplicaci\u00f3n a los campos de las tecnolog\u00edas asistenciales, comunicaci\u00f3n aumentativa y alternativa e inteligencia ambiental.<\/p>\n\n\n\n<ul class=\"wp-block-list\">\n<li><em>Interfaces basadas en electroencefalograma<\/em>. Adquisici\u00f3n y procesamiento de las se\u00f1ales basadas en la actividad neuronal para permitir el control de sistemas inform\u00e1ticos a personas con alto grado de discapacidad.<\/li>\n\n\n\n<li><em>Interfaces adaptables<\/em><\/li>\n\n\n\n<li><em>Interfaces basadas en electrooculograf\u00eda y electromiograf\u00eda<\/em>. Adquisici\u00f3n y procesamiento de se\u00f1ales obtenidas mediante movimientos oculares y musculares con el objetivo de controlar sistemas inform\u00e1ticos.<\/li>\n\n\n\n<li><em>Interfaces basadas en movimientos de cabeza o extremidades.<\/em>\u00a0Utilizaci\u00f3n de aceler\u00f3metros o tecnolog\u00edas infrarrojas para la realizaci\u00f3n de interfaces de control del ordenador o para aplicaciones de telerehabilitaci\u00f3n.<\/li>\n<\/ul>\n\n\n\n<p>Ventajas y aspectos innovadores: el objetivo es dise\u00f1o para todos. Se pretenden dise\u00f1os eficientes, vers\u00e1tiles y de bajo coste que permitan el acceso, el confort y la facilidad de uso de distintos sistemas inform\u00e1ticos. Se trabaja en contacto con organismos que permiten la definici\u00f3n de perfiles de usuario realistas lo que supone un ajuste adecuado de las caracter\u00edsticas de los dise\u00f1o<\/p>\n\n\n\n<h4 class=\"wp-block-heading\"><strong>Dise\u00f1o de Aplicaciones<\/strong><\/h4>\n\n\n\n<ul class=\"wp-block-list\">\n<li><em>Aplicaciones de control del Ordenador para personas con movilidad reducida .<\/em><\/li>\n\n\n\n<li><em>Aplicaciones para Comunicaci\u00f3n Aumentativa y Alternativa (AAC).<\/em><\/li>\n\n\n\n<li><em>Juegos Serios.<\/em>\u00a0Juegos para incrementar las capacidades, mejorar habilidades motoras, estimular procesamiento sensorial, desarrollar habilidades emocionales, sociales y ling\u00fc\u00edsticas.<\/li>\n<\/ul>\n\n\n\n<p>Ventajas y aspectos innovadores: Se lleva a cabo un trabajo multidisciplinar. An\u00e1lisis del entorno y estudio de caracter\u00edsticas y necesidades de los sujetos. De esta manera se determinan los objetivos que deben de cumplir los dise\u00f1os y el tipo de tecnolog\u00eda m\u00e1s adecuada para el desarrollo de cada uno de ellos. Se realiza una cuidadosa fase de pruebas y estudio de usabilidad que tiene como objetivos la eficiencia y el confort.<\/p>\n\n\n\n<h4 class=\"wp-block-heading\"><\/h4>\n\n\n\n<p><\/p>\n\n\n\n<p><\/p>\n","protected":false},"excerpt":{"rendered":"<p>L\u00edneas de investigaci\u00f3n que desarrollamos son las siguientes: Comunicaciones y Redes Inal\u00e1mbricas de Sensores Aplicadas a Entornos Asistidos (Ambient Assisted Living) Ventajas y aspectos innovadores:&nbsp;el principal objetivo de dise\u00f1o de estos sistemas es que sean sistemas estandarizados, abiertos, eficientes y vers\u00e1tiles. Esto conlleva su f\u00e1cil adaptabilidad a distintos entornos as\u00ed como el cubrimiento de un [&hellip;]<\/p>\n","protected":false},"author":1,"featured_media":0,"parent":0,"menu_order":0,"comment_status":"closed","ping_status":"closed","template":"","meta":{"footnotes":""},"class_list":["post-19","page","type-page","status-publish","hentry"],"guten_post_layout_featured_media_urls":{"full":false,"thumbnail":false,"medium":false,"medium_large":false,"large":false,"1536x1536":false,"2048x2048":false,"guten_post_layout_landscape_large":false,"guten_post_layout_portrait_large":false,"guten_post_layout_square_large":false,"guten_post_layout_landscape":false,"guten_post_layout_portrait":false,"guten_post_layout_square":false,"sciencexlite-blog-thumb":false},"_links":{"self":[{"href":"https:\/\/grupo.us.es\/grupotais\/wp-json\/wp\/v2\/pages\/19","targetHints":{"allow":["GET"]}}],"collection":[{"href":"https:\/\/grupo.us.es\/grupotais\/wp-json\/wp\/v2\/pages"}],"about":[{"href":"https:\/\/grupo.us.es\/grupotais\/wp-json\/wp\/v2\/types\/page"}],"author":[{"embeddable":true,"href":"https:\/\/grupo.us.es\/grupotais\/wp-json\/wp\/v2\/users\/1"}],"replies":[{"embeddable":true,"href":"https:\/\/grupo.us.es\/grupotais\/wp-json\/wp\/v2\/comments?post=19"}],"version-history":[{"count":7,"href":"https:\/\/grupo.us.es\/grupotais\/wp-json\/wp\/v2\/pages\/19\/revisions"}],"predecessor-version":[{"id":97,"href":"https:\/\/grupo.us.es\/grupotais\/wp-json\/wp\/v2\/pages\/19\/revisions\/97"}],"wp:attachment":[{"href":"https:\/\/grupo.us.es\/grupotais\/wp-json\/wp\/v2\/media?parent=19"}],"curies":[{"name":"wp","href":"https:\/\/api.w.org\/{rel}","templated":true}]}}