{"id":16,"date":"2021-06-04T16:13:52","date_gmt":"2021-06-04T16:13:52","guid":{"rendered":"http:\/\/grupo.us.es\/grupotais\/?page_id=16"},"modified":"2024-07-29T08:21:42","modified_gmt":"2024-07-29T08:21:42","slug":"personal","status":"publish","type":"page","link":"https:\/\/grupo.us.es\/grupotais\/personal\/","title":{"rendered":"Equipo de trabajo"},"content":{"rendered":"\n<h4 class=\"wp-block-heading\">Investigadora responsable del grupo: <\/h4>\n\n\n\n<p><a href=\"https:\/\/investigacion.us.es\/sisius\/sis_showpub.php?idpers=3917\" data-type=\"link\" data-id=\"https:\/\/investigacion.us.es\/sisius\/sis_showpub.php?idpers=3917\">Alberto Jes\u00fas Molina Cantero <\/a>es Profesor Titular en el Departamento de Tecnolog\u00eda Electr\u00f3nica de la Universidad de Sevilla. Correo: almolina AT us DOT es<\/p>\n\n\n\n<h4 class=\"wp-block-heading\">Miembros del grupo de investigaci\u00f3n:<\/h4>\n\n\n\n<p><a href=\"https:\/\/investigacion.us.es\/sisius\/sis_showpub.php?idpers=3300\" data-type=\"link\" data-id=\"https:\/\/investigacion.us.es\/sisius\/sis_showpub.php?idpers=3300\">Isabel Mar\u00eda G\u00f3mez Gonz\u00e1lez<\/a> es Profesora Titular en el Departamento de Tecnolog\u00eda Electr\u00f3nica de la Universidad de Sevilla. Correo: igomez AT us DOT es<\/p>\n\n\n\n<p><a href=\"https:\/\/investigacion.us.es\/sisius\/sis_showpub.php?idpers=16911\" data-type=\"link\" data-id=\"https:\/\/investigacion.us.es\/sisius\/sis_showpub.php?idpers=16911\">Manuel Merino Monge <\/a>es Profesor Titular de Universidad en el Departamento de Tecnolog\u00eda Electr\u00f3nica de la Universidad de Sevilla. Correo: manmermon AT dte DOT us DOT es<\/p>\n\n\n\n<p><a href=\"https:\/\/investigacion.us.es\/sisius\/sis_showpub.php?idpers=4079\" data-type=\"link\" data-id=\"https:\/\/investigacion.us.es\/sisius\/sis_showpub.php?idpers=4079\">Gemma S\u00e1nchez Ant\u00f3n<\/a> es Profesora Contratada Doctor de Universidad en el Departamento de Tecnolog\u00eda Electr\u00f3nica de la Universidad de Sevilla. Correo: gemma AT us DOT es<\/p>\n\n\n\n<p><a href=\"https:\/\/investigacion.us.es\/sisius\/sis_showpub.php?idpers=20805\" data-type=\"link\" data-id=\"https:\/\/investigacion.us.es\/sisius\/sis_showpub.php?idpers=20805\">Juan Antonio Castro Garc\u00eda<\/a> es Profesor Sustituto Interino en el Departamento de Tecnolog\u00eda Electr\u00f3nica de la Universidad de Sevilla. Correo: jacastro AT us DOT es<\/p>\n\n\n\n<p><a href=\"https:\/\/prisma.us.es\/investigador\/8222\" data-type=\"link\" data-id=\"https:\/\/prisma.us.es\/investigador\/8222\">Clara Lebrato V\u00e1zquez <\/a>es Profesora Sustituta Interina en el Departamento de Tecnolog\u00eda Electr\u00f3nica de la Universidad de Sevilla. Correo: clebrato AT us DOT es<\/p>\n\n\n\n<h4 class=\"wp-block-heading\">Colaboradores:<\/h4>\n\n\n\n<p><a href=\"http:\/\/www.foadhamidi.info\/\" data-type=\"link\" data-id=\"http:\/\/www.foadhamidi.info\/\">Foad Hamidi<\/a> es Assitant Professor (Profesor Ayudante Doctor) del Departamiento de Sistemas de la Informaci\u00f3n en la Universidad de Maryland (USA).<\/p>\n\n\n\n<p><a href=\"https:\/\/prisma.us.es\/investigador\/7302\" data-type=\"link\" data-id=\"https:\/\/prisma.us.es\/investigador\/7302\">Jos\u00e9 Rafael Luque Gir\u00e1ldez<\/a> es Profesor Titular de Universidad en el Departamento de Tecnolog\u00eda Electr\u00f3nica de la Universidad de Sevilla. Correo: jrluqueg AT us DOT es<\/p>\n\n\n\n<h4 class=\"wp-block-heading\">Organizaciones colaboradoras:<\/h4>\n\n\n\n<p><a href=\"https:\/\/www.aspacesevilla.org\/\" data-type=\"link\" data-id=\"https:\/\/www.aspacesevilla.org\/\">Asociaci\u00f3n de Par\u00e1lisis Cerebral (ASPACE) Sevilla<\/a><\/p>\n\n\n\n<p><a href=\"https:\/\/mercedesanroma.blogspot.com\/\" data-type=\"link\" data-id=\"https:\/\/mercedesanroma.blogspot.com\/\">Colegio Espec\u00edfico de Educaci\u00f3n Especial Directora Mercedes Sanrom\u00e1 de Sevilla<\/a><\/p>\n\n\n\n<p><a href=\"https:\/\/inebir.com\/\" data-type=\"link\" data-id=\"https:\/\/inebir.com\/\">Instituto para el Estudio de la Biolog\u00eda de la Reproducci\u00f3n Humana (INEBIR) de Sevilla<\/a><\/p>\n","protected":false},"excerpt":{"rendered":"<p>Investigadora responsable del grupo: Alberto Jes\u00fas Molina Cantero es Profesor Titular en el Departamento de Tecnolog\u00eda Electr\u00f3nica de la Universidad de Sevilla. Correo: almolina AT us DOT es Miembros del grupo de investigaci\u00f3n: Isabel Mar\u00eda G\u00f3mez Gonz\u00e1lez es Profesora Titular en el Departamento de Tecnolog\u00eda Electr\u00f3nica de la Universidad de Sevilla. Correo: igomez AT us [&hellip;]<\/p>\n","protected":false},"author":1,"featured_media":81,"parent":0,"menu_order":0,"comment_status":"closed","ping_status":"closed","template":"","meta":{"footnotes":""},"class_list":["post-16","page","type-page","status-publish","has-post-thumbnail","hentry"],"guten_post_layout_featured_media_urls":{"full":["https:\/\/grupo.us.es\/grupotais\/wp-content\/uploads\/2021\/10\/gruporec.png",4331,1185,false],"thumbnail":["https:\/\/grupo.us.es\/grupotais\/wp-content\/uploads\/2021\/10\/gruporec-150x150.png",150,150,true],"medium":["https:\/\/grupo.us.es\/grupotais\/wp-content\/uploads\/2021\/10\/gruporec-300x82.png",300,82,true],"medium_large":["https:\/\/grupo.us.es\/grupotais\/wp-content\/uploads\/2021\/10\/gruporec-768x210.png",640,175,true],"large":["https:\/\/grupo.us.es\/grupotais\/wp-content\/uploads\/2021\/10\/gruporec-1024x280.png",640,175,true],"1536x1536":["https:\/\/grupo.us.es\/grupotais\/wp-content\/uploads\/2021\/10\/gruporec-1536x420.png",1536,420,true],"2048x2048":["https:\/\/grupo.us.es\/grupotais\/wp-content\/uploads\/2021\/10\/gruporec-2048x560.png",2048,560,true],"guten_post_layout_landscape_large":["https:\/\/grupo.us.es\/grupotais\/wp-content\/uploads\/2021\/10\/gruporec-1200x800.png",1200,800,true],"guten_post_layout_portrait_large":["https:\/\/grupo.us.es\/grupotais\/wp-content\/uploads\/2021\/10\/gruporec-1200x1185.png",1200,1185,true],"guten_post_layout_square_large":["https:\/\/grupo.us.es\/grupotais\/wp-content\/uploads\/2021\/10\/gruporec-1200x1185.png",1200,1185,true],"guten_post_layout_landscape":["https:\/\/grupo.us.es\/grupotais\/wp-content\/uploads\/2021\/10\/gruporec-600x400.png",600,400,true],"guten_post_layout_portrait":["https:\/\/grupo.us.es\/grupotais\/wp-content\/uploads\/2021\/10\/gruporec-600x900.png",600,900,true],"guten_post_layout_square":["https:\/\/grupo.us.es\/grupotais\/wp-content\/uploads\/2021\/10\/gruporec-600x600.png",600,600,true],"sciencexlite-blog-thumb":["https:\/\/grupo.us.es\/grupotais\/wp-content\/uploads\/2021\/10\/gruporec-100x80.png",100,80,true]},"_links":{"self":[{"href":"https:\/\/grupo.us.es\/grupotais\/wp-json\/wp\/v2\/pages\/16","targetHints":{"allow":["GET"]}}],"collection":[{"href":"https:\/\/grupo.us.es\/grupotais\/wp-json\/wp\/v2\/pages"}],"about":[{"href":"https:\/\/grupo.us.es\/grupotais\/wp-json\/wp\/v2\/types\/page"}],"author":[{"embeddable":true,"href":"https:\/\/grupo.us.es\/grupotais\/wp-json\/wp\/v2\/users\/1"}],"replies":[{"embeddable":true,"href":"https:\/\/grupo.us.es\/grupotais\/wp-json\/wp\/v2\/comments?post=16"}],"version-history":[{"count":7,"href":"https:\/\/grupo.us.es\/grupotais\/wp-json\/wp\/v2\/pages\/16\/revisions"}],"predecessor-version":[{"id":94,"href":"https:\/\/grupo.us.es\/grupotais\/wp-json\/wp\/v2\/pages\/16\/revisions\/94"}],"wp:featuredmedia":[{"embeddable":true,"href":"https:\/\/grupo.us.es\/grupotais\/wp-json\/wp\/v2\/media\/81"}],"wp:attachment":[{"href":"https:\/\/grupo.us.es\/grupotais\/wp-json\/wp\/v2\/media?parent=16"}],"curies":[{"name":"wp","href":"https:\/\/api.w.org\/{rel}","templated":true}]}}