{"id":82,"date":"2022-03-14T11:14:43","date_gmt":"2022-03-14T11:14:43","guid":{"rendered":"https:\/\/grupo.us.es\/grupoindrho\/?page_id=82"},"modified":"2023-07-10T14:46:57","modified_gmt":"2023-07-10T14:46:57","slug":"proyectos","status":"publish","type":"page","link":"https:\/\/grupo.us.es\/grupoindrho\/proyectos\/","title":{"rendered":"Herramientas"},"content":{"rendered":"\t\t<div data-elementor-type=\"wp-page\" data-elementor-id=\"82\" class=\"elementor elementor-82\" data-elementor-post-type=\"page\">\n\t\t\t\t\t\t\t\t\t<section class=\"elementor-section elementor-top-section elementor-element elementor-element-6f0d09b elementor-section-boxed elementor-section-height-default elementor-section-height-default\" data-id=\"6f0d09b\" data-element_type=\"section\">\n\t\t\t\t\t\t<div class=\"elementor-container elementor-column-gap-default\">\n\t\t\t\t\t<div class=\"elementor-column elementor-col-100 elementor-top-column elementor-element elementor-element-3233dc3\" data-id=\"3233dc3\" data-element_type=\"column\">\n\t\t\t<div class=\"elementor-widget-wrap elementor-element-populated\">\n\t\t\t\t\t\t\t\t<div class=\"elementor-element elementor-element-39b6844 elementor-align-left elementor-widget elementor-widget-button\" data-id=\"39b6844\" data-element_type=\"widget\" data-widget_type=\"button.default\">\n\t\t\t\t<div class=\"elementor-widget-container\">\n\t\t\t\t\t<div class=\"elementor-button-wrapper\">\n\t\t\t<a class=\"elementor-button elementor-button-link elementor-size-sm\" href=\"https:\/\/grupo.us.es\/grupoindrho\/wp-content\/uploads\/2023\/07\/Herramientas-de-Diagnostico-Retos-de-Genero-.pdf\">\n\t\t\t\t\t\t<span class=\"elementor-button-content-wrapper\">\n\t\t\t\t\t\t<span class=\"elementor-button-text\">Descargar PDF: Diagn\u00f3stico para Identificar el Grado de Integraci\u00f3n de la Perspectiva de G\u00e9nero en la Prevenci\u00f3n de Riesgos Laborales<\/span>\n\t\t<\/span>\n\t\t\t\t\t<\/a>\n\t\t<\/div>\n\t\t\t\t<\/div>\n\t\t\t\t<\/div>\n\t\t\t\t<div class=\"elementor-element elementor-element-782f9186 elementor-widget elementor-widget-shortcode\" data-id=\"782f9186\" data-element_type=\"widget\" data-widget_type=\"shortcode.default\">\n\t\t\t\t<div class=\"elementor-widget-container\">\n\t\t\t\t\t<div class=\"elementor-shortcode\"><a href=\"https:\/\/grupo.us.es\/grupoindrho\/wp-content\/uploads\/2023\/07\/Herramientas-de-Diagnostico-Retos-de-Genero-.pdf\" class=\"pdfemb-viewer\" style=\"\" data-width=\"max\" data-height=\"max\"  data-toolbar=\"bottom\" data-toolbar-fixed=\"off\">Herramientas-de-Diagnostico-Retos-de-Genero-<br\/><\/a><\/div>\n\t\t\t\t<\/div>\n\t\t\t\t<\/div>\n\t\t\t\t\t<\/div>\n\t\t<\/div>\n\t\t\t\t\t\t\t<\/div>\n\t\t<\/section>\n\t\t\t\t\t\t\t<\/div>\n\t\t","protected":false},"excerpt":{"rendered":"<p>Descargar PDF: Diagn\u00f3stico para Identificar el Grado de Integraci\u00f3n de la Perspectiva de G\u00e9nero en la Prevenci\u00f3n de Riesgos Laborales<\/p>\n","protected":false},"author":1,"featured_media":0,"parent":0,"menu_order":0,"comment_status":"closed","ping_status":"closed","template":"","meta":{"footnotes":""},"class_list":["post-82","page","type-page","status-publish","hentry"],"yoast_head":"<!-- This site is optimized with the Yoast SEO plugin v21.9.1 - https:\/\/yoast.com\/wordpress\/plugins\/seo\/ -->\n<title>Herramientas - INDRHO<\/title>\n<meta name=\"robots\" content=\"index, follow, max-snippet:-1, max-image-preview:large, max-video-preview:-1\" \/>\n<link rel=\"canonical\" href=\"https:\/\/grupo.us.es\/grupoindrho\/proyectos\/\" \/>\n<meta property=\"og:locale\" content=\"es_ES\" \/>\n<meta property=\"og:type\" content=\"article\" \/>\n<meta property=\"og:title\" content=\"Herramientas - INDRHO\" \/>\n<meta property=\"og:description\" content=\"Descargar PDF: Diagn\u00f3stico para Identificar el Grado de Integraci\u00f3n de la Perspectiva de G\u00e9nero en la Prevenci\u00f3n de Riesgos Laborales\" \/>\n<meta property=\"og:url\" content=\"https:\/\/grupo.us.es\/grupoindrho\/proyectos\/\" \/>\n<meta property=\"og:site_name\" content=\"INDRHO\" \/>\n<meta property=\"article:modified_time\" content=\"2023-07-10T14:46:57+00:00\" \/>\n<meta name=\"twitter:card\" content=\"summary_large_image\" \/>\n<meta name=\"twitter:label1\" content=\"Tiempo de lectura\" \/>\n\t<meta name=\"twitter:data1\" content=\"1 minuto\" \/>\n<script type=\"application\/ld+json\" class=\"yoast-schema-graph\">{\"@context\":\"https:\/\/schema.org\",\"@graph\":[{\"@type\":\"WebPage\",\"@id\":\"https:\/\/grupo.us.es\/grupoindrho\/proyectos\/\",\"url\":\"https:\/\/grupo.us.es\/grupoindrho\/proyectos\/\",\"name\":\"Herramientas - INDRHO\",\"isPartOf\":{\"@id\":\"https:\/\/grupo.us.es\/grupoindrho\/#website\"},\"datePublished\":\"2022-03-14T11:14:43+00:00\",\"dateModified\":\"2023-07-10T14:46:57+00:00\",\"inLanguage\":\"es\",\"potentialAction\":[{\"@type\":\"ReadAction\",\"target\":[\"https:\/\/grupo.us.es\/grupoindrho\/proyectos\/\"]}]},{\"@type\":\"WebSite\",\"@id\":\"https:\/\/grupo.us.es\/grupoindrho\/#website\",\"url\":\"https:\/\/grupo.us.es\/grupoindrho\/\",\"name\":\"INDRHO\",\"description\":\"GRUPO DE INVESTIGACI\u00d3N Y DESARROLLO DE RRHH Y ORGANIZACIONES\",\"publisher\":{\"@id\":\"https:\/\/grupo.us.es\/grupoindrho\/#organization\"},\"potentialAction\":[{\"@type\":\"SearchAction\",\"target\":{\"@type\":\"EntryPoint\",\"urlTemplate\":\"https:\/\/grupo.us.es\/grupoindrho\/?s={search_term_string}\"},\"query-input\":\"required name=search_term_string\"}],\"inLanguage\":\"es\"},{\"@type\":\"Organization\",\"@id\":\"https:\/\/grupo.us.es\/grupoindrho\/#organization\",\"name\":\"INDRHO\",\"url\":\"https:\/\/grupo.us.es\/grupoindrho\/\",\"logo\":{\"@type\":\"ImageObject\",\"inLanguage\":\"es\",\"@id\":\"https:\/\/grupo.us.es\/grupoindrho\/#\/schema\/logo\/image\/\",\"url\":\"https:\/\/grupo.us.es\/grupoindrho\/wp-content\/uploads\/2022\/04\/Logo-positivo.png\",\"contentUrl\":\"https:\/\/grupo.us.es\/grupoindrho\/wp-content\/uploads\/2022\/04\/Logo-positivo.png\",\"width\":336,\"height\":96,\"caption\":\"INDRHO\"},\"image\":{\"@id\":\"https:\/\/grupo.us.es\/grupoindrho\/#\/schema\/logo\/image\/\"}}]}<\/script>\n<!-- \/ Yoast SEO plugin. -->","yoast_head_json":{"title":"Herramientas - INDRHO","robots":{"index":"index","follow":"follow","max-snippet":"max-snippet:-1","max-image-preview":"max-image-preview:large","max-video-preview":"max-video-preview:-1"},"canonical":"https:\/\/grupo.us.es\/grupoindrho\/proyectos\/","og_locale":"es_ES","og_type":"article","og_title":"Herramientas - INDRHO","og_description":"Descargar PDF: Diagn\u00f3stico para Identificar el Grado de Integraci\u00f3n de la Perspectiva de G\u00e9nero en la Prevenci\u00f3n de Riesgos Laborales","og_url":"https:\/\/grupo.us.es\/grupoindrho\/proyectos\/","og_site_name":"INDRHO","article_modified_time":"2023-07-10T14:46:57+00:00","twitter_card":"summary_large_image","twitter_misc":{"Tiempo de lectura":"1 minuto"},"schema":{"@context":"https:\/\/schema.org","@graph":[{"@type":"WebPage","@id":"https:\/\/grupo.us.es\/grupoindrho\/proyectos\/","url":"https:\/\/grupo.us.es\/grupoindrho\/proyectos\/","name":"Herramientas - INDRHO","isPartOf":{"@id":"https:\/\/grupo.us.es\/grupoindrho\/#website"},"datePublished":"2022-03-14T11:14:43+00:00","dateModified":"2023-07-10T14:46:57+00:00","inLanguage":"es","potentialAction":[{"@type":"ReadAction","target":["https:\/\/grupo.us.es\/grupoindrho\/proyectos\/"]}]},{"@type":"WebSite","@id":"https:\/\/grupo.us.es\/grupoindrho\/#website","url":"https:\/\/grupo.us.es\/grupoindrho\/","name":"INDRHO","description":"GRUPO DE INVESTIGACI\u00d3N Y DESARROLLO DE RRHH Y ORGANIZACIONES","publisher":{"@id":"https:\/\/grupo.us.es\/grupoindrho\/#organization"},"potentialAction":[{"@type":"SearchAction","target":{"@type":"EntryPoint","urlTemplate":"https:\/\/grupo.us.es\/grupoindrho\/?s={search_term_string}"},"query-input":"required name=search_term_string"}],"inLanguage":"es"},{"@type":"Organization","@id":"https:\/\/grupo.us.es\/grupoindrho\/#organization","name":"INDRHO","url":"https:\/\/grupo.us.es\/grupoindrho\/","logo":{"@type":"ImageObject","inLanguage":"es","@id":"https:\/\/grupo.us.es\/grupoindrho\/#\/schema\/logo\/image\/","url":"https:\/\/grupo.us.es\/grupoindrho\/wp-content\/uploads\/2022\/04\/Logo-positivo.png","contentUrl":"https:\/\/grupo.us.es\/grupoindrho\/wp-content\/uploads\/2022\/04\/Logo-positivo.png","width":336,"height":96,"caption":"INDRHO"},"image":{"@id":"https:\/\/grupo.us.es\/grupoindrho\/#\/schema\/logo\/image\/"}}]}},"_links":{"self":[{"href":"https:\/\/grupo.us.es\/grupoindrho\/wp-json\/wp\/v2\/pages\/82"}],"collection":[{"href":"https:\/\/grupo.us.es\/grupoindrho\/wp-json\/wp\/v2\/pages"}],"about":[{"href":"https:\/\/grupo.us.es\/grupoindrho\/wp-json\/wp\/v2\/types\/page"}],"author":[{"embeddable":true,"href":"https:\/\/grupo.us.es\/grupoindrho\/wp-json\/wp\/v2\/users\/1"}],"replies":[{"embeddable":true,"href":"https:\/\/grupo.us.es\/grupoindrho\/wp-json\/wp\/v2\/comments?post=82"}],"version-history":[{"count":0,"href":"https:\/\/grupo.us.es\/grupoindrho\/wp-json\/wp\/v2\/pages\/82\/revisions"}],"wp:attachment":[{"href":"https:\/\/grupo.us.es\/grupoindrho\/wp-json\/wp\/v2\/media?parent=82"}],"curies":[{"name":"wp","href":"https:\/\/api.w.org\/{rel}","templated":true}]}}