{"id":52,"date":"2022-03-14T11:11:51","date_gmt":"2022-03-14T11:11:51","guid":{"rendered":"https:\/\/grupo.us.es\/grupoindrho\/?page_id=52"},"modified":"2023-05-17T09:10:50","modified_gmt":"2023-05-17T09:10:50","slug":"contacto","status":"publish","type":"page","link":"https:\/\/grupo.us.es\/grupoindrho\/contacto\/","title":{"rendered":"CONTACTO"},"content":{"rendered":"\t\t<div data-elementor-type=\"wp-page\" data-elementor-id=\"52\" class=\"elementor elementor-52\" data-elementor-post-type=\"page\">\n\t\t\t\t\t\t\t\t\t<section class=\"elementor-section elementor-top-section elementor-element elementor-element-50cbbd4 elementor-section-boxed elementor-section-height-default elementor-section-height-default\" data-id=\"50cbbd4\" data-element_type=\"section\">\n\t\t\t\t\t\t<div class=\"elementor-container elementor-column-gap-default\">\n\t\t\t\t\t<div class=\"elementor-column elementor-col-50 elementor-top-column elementor-element elementor-element-45b3e50 elementor-invisible\" data-id=\"45b3e50\" data-element_type=\"column\" data-settings=\"{&quot;animation&quot;:&quot;fadeInLeft&quot;}\">\n\t\t\t<div class=\"elementor-widget-wrap elementor-element-populated\">\n\t\t\t\t\t\t\t\t<div class=\"elementor-element elementor-element-70a1e3a elementor-headline--style-highlight elementor-widget elementor-widget-animated-headline\" data-id=\"70a1e3a\" data-element_type=\"widget\" data-settings=\"{&quot;highlighted_text&quot;:&quot;medios&quot;,&quot;headline_style&quot;:&quot;highlight&quot;,&quot;marker&quot;:&quot;circle&quot;,&quot;loop&quot;:&quot;yes&quot;,&quot;highlight_animation_duration&quot;:1200,&quot;highlight_iteration_delay&quot;:8000}\" data-widget_type=\"animated-headline.default\">\n\t\t\t\t<div class=\"elementor-widget-container\">\n\t\t\t<link rel=\"stylesheet\" href=\"https:\/\/grupo.us.es\/grupoindrho\/wp-content\/plugins\/elementor-pro\/assets\/css\/widget-animated-headline.min.css\">\t\t<h3 class=\"elementor-headline\">\n\t\t\t\t\t<span class=\"elementor-headline-plain-text elementor-headline-text-wrapper\">Contacta a trav\u00e9s de los siguientes <\/span>\n\t\t\t\t<span class=\"elementor-headline-dynamic-wrapper elementor-headline-text-wrapper\">\n\t\t\t\t\t<span class=\"elementor-headline-dynamic-text elementor-headline-text-active\">medios<\/span>\n\t\t\t\t<\/span>\n\t\t\t\t<\/h3>\n\t\t\t\t<\/div>\n\t\t\t\t<\/div>\n\t\t\t\t<div class=\"elementor-element elementor-element-767594e elementor-icon-list--layout-traditional elementor-list-item-link-full_width elementor-widget elementor-widget-icon-list\" data-id=\"767594e\" data-element_type=\"widget\" data-widget_type=\"icon-list.default\">\n\t\t\t\t<div class=\"elementor-widget-container\">\n\t\t\t<link rel=\"stylesheet\" href=\"https:\/\/grupo.us.es\/grupoindrho\/wp-content\/plugins\/elementor\/assets\/css\/widget-icon-list.min.css\">\t\t<ul class=\"elementor-icon-list-items\">\n\t\t\t\t\t\t\t<li class=\"elementor-icon-list-item\">\n\t\t\t\t\t\t\t\t\t\t\t<span class=\"elementor-icon-list-icon\">\n\t\t\t\t\t\t\t<i aria-hidden=\"true\" class=\"fas fa-mail-bulk\"><\/i>\t\t\t\t\t\t<\/span>\n\t\t\t\t\t\t\t\t\t\t<span class=\"elementor-icon-list-text\">unidadtransferencia@us.es<\/span>\n\t\t\t\t\t\t\t\t\t<\/li>\n\t\t\t\t\t\t\t\t<li class=\"elementor-icon-list-item\">\n\t\t\t\t\t\t\t\t\t\t\t<span class=\"elementor-icon-list-icon\">\n\t\t\t\t\t\t\t<i aria-hidden=\"true\" class=\"fas fa-phone-alt\"><\/i>\t\t\t\t\t\t<\/span>\n\t\t\t\t\t\t\t\t\t\t<span class=\"elementor-icon-list-text\">954557345<\/span>\n\t\t\t\t\t\t\t\t\t<\/li>\n\t\t\t\t\t\t<\/ul>\n\t\t\t\t<\/div>\n\t\t\t\t<\/div>\n\t\t\t\t<div class=\"elementor-element elementor-element-3bcd86a elementor-widget elementor-widget-heading\" data-id=\"3bcd86a\" data-element_type=\"widget\" data-widget_type=\"heading.default\">\n\t\t\t\t<div class=\"elementor-widget-container\">\n\t\t\t<style>\/*! elementor - v3.18.0 - 20-12-2023 *\/\n.elementor-heading-title{padding:0;margin:0;line-height:1}.elementor-widget-heading .elementor-heading-title[class*=elementor-size-]>a{color:inherit;font-size:inherit;line-height:inherit}.elementor-widget-heading .elementor-heading-title.elementor-size-small{font-size:15px}.elementor-widget-heading .elementor-heading-title.elementor-size-medium{font-size:19px}.elementor-widget-heading .elementor-heading-title.elementor-size-large{font-size:29px}.elementor-widget-heading .elementor-heading-title.elementor-size-xl{font-size:39px}.elementor-widget-heading .elementor-heading-title.elementor-size-xxl{font-size:59px}<\/style><h3 class=\"elementor-heading-title elementor-size-default\">D\u00f3nde estamos<\/h3>\t\t<\/div>\n\t\t\t\t<\/div>\n\t\t\t\t<section class=\"elementor-section elementor-inner-section elementor-element elementor-element-2983d77 elementor-section-boxed elementor-section-height-default elementor-section-height-default\" data-id=\"2983d77\" data-element_type=\"section\" data-settings=\"{&quot;background_background&quot;:&quot;classic&quot;}\">\n\t\t\t\t\t\t<div class=\"elementor-container elementor-column-gap-default\">\n\t\t\t\t\t<div class=\"elementor-column elementor-col-50 elementor-inner-column elementor-element elementor-element-f829c3c\" data-id=\"f829c3c\" data-element_type=\"column\">\n\t\t\t<div class=\"elementor-widget-wrap elementor-element-populated\">\n\t\t\t\t\t\t\t\t<div class=\"elementor-element elementor-element-7a5cc79 elementor-widget elementor-widget-image\" data-id=\"7a5cc79\" data-element_type=\"widget\" data-widget_type=\"image.default\">\n\t\t\t\t<div class=\"elementor-widget-container\">\n\t\t\t<style>\/*! elementor - v3.18.0 - 20-12-2023 *\/\n.elementor-widget-image{text-align:center}.elementor-widget-image a{display:inline-block}.elementor-widget-image a img[src$=\".svg\"]{width:48px}.elementor-widget-image img{vertical-align:middle;display:inline-block}<\/style>\t\t\t\t\t\t\t\t\t\t\t\t<img decoding=\"async\" width=\"64\" height=\"64\" src=\"https:\/\/grupo.us.es\/grupoindrho\/wp-content\/uploads\/2022\/03\/US-favicon-64x64-1.png\" class=\"attachment-full size-full wp-image-146\" alt=\"\" \/>\t\t\t\t\t\t\t\t\t\t\t\t\t\t\t<\/div>\n\t\t\t\t<\/div>\n\t\t\t\t\t<\/div>\n\t\t<\/div>\n\t\t\t\t<div class=\"elementor-column elementor-col-50 elementor-inner-column elementor-element elementor-element-a1d90ae\" data-id=\"a1d90ae\" data-element_type=\"column\">\n\t\t\t<div class=\"elementor-widget-wrap elementor-element-populated\">\n\t\t\t\t\t\t\t\t<div class=\"elementor-element elementor-element-4a5cd07 elementor-widget elementor-widget-heading\" data-id=\"4a5cd07\" data-element_type=\"widget\" data-widget_type=\"heading.default\">\n\t\t\t\t<div class=\"elementor-widget-container\">\n\t\t\t<p class=\"elementor-heading-title elementor-size-default\">Grupo INDRHO<\/p>\t\t<\/div>\n\t\t\t\t<\/div>\n\t\t\t\t<div class=\"elementor-element elementor-element-5432e72 elementor-widget elementor-widget-heading\" data-id=\"5432e72\" data-element_type=\"widget\" data-widget_type=\"heading.default\">\n\t\t\t\t<div class=\"elementor-widget-container\">\n\t\t\t<p class=\"elementor-heading-title elementor-size-default\">Departamento de Psicolog\u00eda Social<\/p>\t\t<\/div>\n\t\t\t\t<\/div>\n\t\t\t\t<div class=\"elementor-element elementor-element-2484a22 elementor-widget elementor-widget-heading\" data-id=\"2484a22\" data-element_type=\"widget\" data-widget_type=\"heading.default\">\n\t\t\t\t<div class=\"elementor-widget-container\">\n\t\t\t<p class=\"elementor-heading-title elementor-size-default\">Facultad de Psicolog\u00eda, Universidad de Sevilla<\/p>\t\t<\/div>\n\t\t\t\t<\/div>\n\t\t\t\t<div class=\"elementor-element elementor-element-3624d7c elementor-widget elementor-widget-heading\" data-id=\"3624d7c\" data-element_type=\"widget\" data-widget_type=\"heading.default\">\n\t\t\t\t<div class=\"elementor-widget-container\">\n\t\t\t<p class=\"elementor-heading-title elementor-size-default\">Calle Camilo Jos\u00e9 Cela, s\/n 41018<\/p>\t\t<\/div>\n\t\t\t\t<\/div>\n\t\t\t\t\t<\/div>\n\t\t<\/div>\n\t\t\t\t\t\t\t<\/div>\n\t\t<\/section>\n\t\t\t\t<div class=\"elementor-element elementor-element-b45bfd7 elementor-widget elementor-widget-google_maps\" data-id=\"b45bfd7\" data-element_type=\"widget\" data-widget_type=\"google_maps.default\">\n\t\t\t\t<div class=\"elementor-widget-container\">\n\t\t\t<style>\/*! elementor - v3.18.0 - 20-12-2023 *\/\n.elementor-widget-google_maps .elementor-widget-container{overflow:hidden}.elementor-widget-google_maps .elementor-custom-embed{line-height:0}.elementor-widget-google_maps iframe{height:300px}<\/style>\t\t<div class=\"elementor-custom-embed\">\n\t\t\t<iframe loading=\"lazy\"\n\t\t\t\t\tsrc=\"https:\/\/maps.google.com\/maps?q=FACULTAD%20DE%20PSICOLOG%C3%8DA%20universidad%20de%20sevilla&#038;t=m&#038;z=13&#038;output=embed&#038;iwloc=near\"\n\t\t\t\t\ttitle=\"FACULTAD DE PSICOLOG\u00cdA universidad de sevilla\"\n\t\t\t\t\taria-label=\"FACULTAD DE PSICOLOG\u00cdA universidad de sevilla\"\n\t\t\t><\/iframe>\n\t\t<\/div>\n\t\t\t\t<\/div>\n\t\t\t\t<\/div>\n\t\t\t\t\t<\/div>\n\t\t<\/div>\n\t\t\t\t<div class=\"elementor-column elementor-col-50 elementor-top-column elementor-element elementor-element-d3fd598 elementor-invisible\" data-id=\"d3fd598\" data-element_type=\"column\" data-settings=\"{&quot;animation&quot;:&quot;fadeInRight&quot;}\">\n\t\t\t<div class=\"elementor-widget-wrap elementor-element-populated\">\n\t\t\t\t\t\t\t\t<div class=\"elementor-element elementor-element-bc73490 elementor-widget elementor-widget-shortcode\" data-id=\"bc73490\" data-element_type=\"widget\" data-widget_type=\"shortcode.default\">\n\t\t\t\t<div class=\"elementor-widget-container\">\n\t\t\t\t\t<div class=\"elementor-shortcode\">\n<div class=\"wpcf7 no-js\" id=\"wpcf7-f6-o1\" lang=\"es-ES\" dir=\"ltr\">\n<div class=\"screen-reader-response\"><p role=\"status\" aria-live=\"polite\" aria-atomic=\"true\"><\/p> <ul><\/ul><\/div>\n<form action=\"\/grupoindrho\/wp-json\/wp\/v2\/pages\/52#wpcf7-f6-o1\" method=\"post\" class=\"wpcf7-form init\" aria-label=\"Formulario de contacto\" novalidate=\"novalidate\" data-status=\"init\">\n<div style=\"display: none;\">\n<input type=\"hidden\" name=\"_wpcf7\" value=\"6\" \/>\n<input type=\"hidden\" name=\"_wpcf7_version\" value=\"5.8.6\" \/>\n<input type=\"hidden\" name=\"_wpcf7_locale\" value=\"es_ES\" \/>\n<input type=\"hidden\" name=\"_wpcf7_unit_tag\" value=\"wpcf7-f6-o1\" \/>\n<input type=\"hidden\" name=\"_wpcf7_container_post\" value=\"0\" \/>\n<input type=\"hidden\" name=\"_wpcf7_posted_data_hash\" value=\"\" \/>\n<\/div>\n<p><label> Nombre*<br \/>\n<span class=\"wpcf7-form-control-wrap\" data-name=\"your-name\"><input size=\"40\" class=\"wpcf7-form-control wpcf7-text wpcf7-validates-as-required\" aria-required=\"true\" aria-invalid=\"false\" value=\"\" type=\"text\" name=\"your-name\" \/><\/span> <\/label>\n<\/p>\n<p><label> Apellidos*<br \/>\n<span class=\"wpcf7-form-control-wrap\" data-name=\"apellidos\"><input size=\"40\" class=\"wpcf7-form-control wpcf7-text wpcf7-validates-as-required\" aria-required=\"true\" aria-invalid=\"false\" value=\"\" type=\"text\" name=\"apellidos\" \/><\/span> <\/label>\n<\/p>\n<p><label> Correo electr\u00f3nico*<br \/>\n<span class=\"wpcf7-form-control-wrap\" data-name=\"your-email\"><input size=\"40\" class=\"wpcf7-form-control wpcf7-email wpcf7-validates-as-required wpcf7-text wpcf7-validates-as-email\" aria-required=\"true\" aria-invalid=\"false\" value=\"\" type=\"email\" name=\"your-email\" \/><\/span> <\/label>\n<\/p>\n<p><label> Asunto*<br \/>\n<span class=\"wpcf7-form-control-wrap\" data-name=\"your-subject\"><input size=\"40\" class=\"wpcf7-form-control wpcf7-text wpcf7-validates-as-required\" aria-required=\"true\" aria-invalid=\"false\" value=\"\" type=\"text\" name=\"your-subject\" \/><\/span> <\/label>\n<\/p>\n<p><label> Mensaje*<br \/>\n<span class=\"wpcf7-form-control-wrap\" data-name=\"Mensaje\"><textarea cols=\"40\" rows=\"3\" class=\"wpcf7-form-control wpcf7-textarea wpcf7-validates-as-required\" aria-required=\"true\" aria-invalid=\"false\" name=\"Mensaje\"><\/textarea><\/span> <\/label><br \/>\n<span class=\"wpcf7-form-control-wrap\" data-name=\"avisolegal\"><span class=\"wpcf7-form-control wpcf7-checkbox wpcf7-validates-as-required\"><span class=\"wpcf7-list-item first last\"><label><input type=\"checkbox\" name=\"avisolegal[]\" value=\"Aceptar AVISO LEGAL: En cumplimiento de lo dispuesto en la Ley Org\u00e1nica 15\/1999, de 13 de diciembre de Protecci\u00f3n de Datos de Car\u00e1cter Personal, el Departamento de Agronom\u00eda de la Universidad de Sevilla le informa que los datos de car\u00e1cter personal facilitados a trav\u00e9s de este formulario formar\u00e1n parte de un fichero del que es titular y responsable el Departamento de Agronom\u00eda de la Universidad de Sevilla . La finalidad de la creaci\u00f3n, existencia y mantenimiento de este fichero es el tratamiento de los datos con los exclusivos fines did\u00e1cticos. Dichos datos no ser\u00e1n comunicados ni cedidos a terceros y ser\u00e1n eliminados cuando dejen de ser necesarios para el fin para el que fueron recabados. En todo caso, Ud. podr\u00e1 ejercitar los derechos de acceso, rectificaci\u00f3n, cancelaci\u00f3n y oposici\u00f3n, en el \u00e1mbito reconocido por la Normativa Espa\u00f1ola en Protecci\u00f3n de Datos, mandando un correo electr\u00f3nico a a trav\u00e9s de este formulario.\" \/><span class=\"wpcf7-list-item-label\">Aceptar AVISO LEGAL: En cumplimiento de lo dispuesto en la Ley Org\u00e1nica 15\/1999, de 13 de diciembre de Protecci\u00f3n de Datos de Car\u00e1cter Personal, el Departamento de Agronom\u00eda de la Universidad de Sevilla le informa que los datos de car\u00e1cter personal facilitados a trav\u00e9s de este formulario formar\u00e1n parte de un fichero del que es titular y responsable el Departamento de Agronom\u00eda de la Universidad de Sevilla . La finalidad de la creaci\u00f3n, existencia y mantenimiento de este fichero es el tratamiento de los datos con los exclusivos fines did\u00e1cticos. Dichos datos no ser\u00e1n comunicados ni cedidos a terceros y ser\u00e1n eliminados cuando dejen de ser necesarios para el fin para el que fueron recabados. En todo caso, Ud. podr\u00e1 ejercitar los derechos de acceso, rectificaci\u00f3n, cancelaci\u00f3n y oposici\u00f3n, en el \u00e1mbito reconocido por la Normativa Espa\u00f1ola en Protecci\u00f3n de Datos, mandando un correo electr\u00f3nico a a trav\u00e9s de este formulario.<\/span><\/label><\/span><\/span><\/span>\n<\/p>\n<p><input class=\"wpcf7-form-control wpcf7-submit has-spinner\" type=\"submit\" value=\"Enviar\" \/>\n<\/p><div class=\"wpcf7-response-output\" aria-hidden=\"true\"><\/div>\n<\/form>\n<\/div>\n<\/div>\n\t\t\t\t<\/div>\n\t\t\t\t<\/div>\n\t\t\t\t\t<\/div>\n\t\t<\/div>\n\t\t\t\t\t\t\t<\/div>\n\t\t<\/section>\n\t\t\t\t\t\t\t<\/div>\n\t\t","protected":false},"excerpt":{"rendered":"<p>Contacta a trav\u00e9s de los siguientes medios unidadtransferencia@us.es 954557345 D\u00f3nde estamos Grupo INDRHO Departamento de Psicolog\u00eda Social Facultad de Psicolog\u00eda,<\/p>\n","protected":false},"author":1,"featured_media":0,"parent":0,"menu_order":0,"comment_status":"closed","ping_status":"closed","template":"","meta":{"footnotes":""},"class_list":["post-52","page","type-page","status-publish","hentry"],"yoast_head":"<!-- This site is optimized with the Yoast SEO plugin v21.9.1 - https:\/\/yoast.com\/wordpress\/plugins\/seo\/ -->\n<title>CONTACTO - INDRHO<\/title>\n<meta name=\"robots\" content=\"index, follow, max-snippet:-1, max-image-preview:large, max-video-preview:-1\" \/>\n<link rel=\"canonical\" href=\"https:\/\/grupo.us.es\/grupoindrho\/contacto\/\" \/>\n<meta property=\"og:locale\" content=\"es_ES\" \/>\n<meta property=\"og:type\" content=\"article\" \/>\n<meta property=\"og:title\" content=\"CONTACTO - INDRHO\" \/>\n<meta property=\"og:description\" content=\"Contacta a trav\u00e9s de los siguientes medios unidadtransferencia@us.es 954557345 D\u00f3nde estamos Grupo INDRHO Departamento de Psicolog\u00eda Social Facultad de Psicolog\u00eda,\" \/>\n<meta property=\"og:url\" content=\"https:\/\/grupo.us.es\/grupoindrho\/contacto\/\" \/>\n<meta property=\"og:site_name\" content=\"INDRHO\" \/>\n<meta property=\"article:modified_time\" content=\"2023-05-17T09:10:50+00:00\" \/>\n<meta property=\"og:image\" content=\"https:\/\/grupo.us.es\/grupoindrho\/wp-content\/uploads\/2022\/03\/US-favicon-64x64-1.png\" \/>\n<meta name=\"twitter:card\" content=\"summary_large_image\" \/>\n<meta name=\"twitter:label1\" content=\"Tiempo de lectura\" \/>\n\t<meta name=\"twitter:data1\" content=\"2 minutos\" \/>\n<script type=\"application\/ld+json\" class=\"yoast-schema-graph\">{\"@context\":\"https:\/\/schema.org\",\"@graph\":[{\"@type\":\"WebPage\",\"@id\":\"https:\/\/grupo.us.es\/grupoindrho\/contacto\/\",\"url\":\"https:\/\/grupo.us.es\/grupoindrho\/contacto\/\",\"name\":\"CONTACTO - INDRHO\",\"isPartOf\":{\"@id\":\"https:\/\/grupo.us.es\/grupoindrho\/#website\"},\"datePublished\":\"2022-03-14T11:11:51+00:00\",\"dateModified\":\"2023-05-17T09:10:50+00:00\",\"inLanguage\":\"es\",\"potentialAction\":[{\"@type\":\"ReadAction\",\"target\":[\"https:\/\/grupo.us.es\/grupoindrho\/contacto\/\"]}]},{\"@type\":\"WebSite\",\"@id\":\"https:\/\/grupo.us.es\/grupoindrho\/#website\",\"url\":\"https:\/\/grupo.us.es\/grupoindrho\/\",\"name\":\"INDRHO\",\"description\":\"GRUPO DE INVESTIGACI\u00d3N Y DESARROLLO DE RRHH Y ORGANIZACIONES\",\"publisher\":{\"@id\":\"https:\/\/grupo.us.es\/grupoindrho\/#organization\"},\"potentialAction\":[{\"@type\":\"SearchAction\",\"target\":{\"@type\":\"EntryPoint\",\"urlTemplate\":\"https:\/\/grupo.us.es\/grupoindrho\/?s={search_term_string}\"},\"query-input\":\"required name=search_term_string\"}],\"inLanguage\":\"es\"},{\"@type\":\"Organization\",\"@id\":\"https:\/\/grupo.us.es\/grupoindrho\/#organization\",\"name\":\"INDRHO\",\"url\":\"https:\/\/grupo.us.es\/grupoindrho\/\",\"logo\":{\"@type\":\"ImageObject\",\"inLanguage\":\"es\",\"@id\":\"https:\/\/grupo.us.es\/grupoindrho\/#\/schema\/logo\/image\/\",\"url\":\"https:\/\/grupo.us.es\/grupoindrho\/wp-content\/uploads\/2022\/04\/Logo-positivo.png\",\"contentUrl\":\"https:\/\/grupo.us.es\/grupoindrho\/wp-content\/uploads\/2022\/04\/Logo-positivo.png\",\"width\":336,\"height\":96,\"caption\":\"INDRHO\"},\"image\":{\"@id\":\"https:\/\/grupo.us.es\/grupoindrho\/#\/schema\/logo\/image\/\"}}]}<\/script>\n<!-- \/ Yoast SEO plugin. -->","yoast_head_json":{"title":"CONTACTO - INDRHO","robots":{"index":"index","follow":"follow","max-snippet":"max-snippet:-1","max-image-preview":"max-image-preview:large","max-video-preview":"max-video-preview:-1"},"canonical":"https:\/\/grupo.us.es\/grupoindrho\/contacto\/","og_locale":"es_ES","og_type":"article","og_title":"CONTACTO - INDRHO","og_description":"Contacta a trav\u00e9s de los siguientes medios unidadtransferencia@us.es 954557345 D\u00f3nde estamos Grupo INDRHO Departamento de Psicolog\u00eda Social Facultad de Psicolog\u00eda,","og_url":"https:\/\/grupo.us.es\/grupoindrho\/contacto\/","og_site_name":"INDRHO","article_modified_time":"2023-05-17T09:10:50+00:00","og_image":[{"url":"https:\/\/grupo.us.es\/grupoindrho\/wp-content\/uploads\/2022\/03\/US-favicon-64x64-1.png"}],"twitter_card":"summary_large_image","twitter_misc":{"Tiempo de lectura":"2 minutos"},"schema":{"@context":"https:\/\/schema.org","@graph":[{"@type":"WebPage","@id":"https:\/\/grupo.us.es\/grupoindrho\/contacto\/","url":"https:\/\/grupo.us.es\/grupoindrho\/contacto\/","name":"CONTACTO - INDRHO","isPartOf":{"@id":"https:\/\/grupo.us.es\/grupoindrho\/#website"},"datePublished":"2022-03-14T11:11:51+00:00","dateModified":"2023-05-17T09:10:50+00:00","inLanguage":"es","potentialAction":[{"@type":"ReadAction","target":["https:\/\/grupo.us.es\/grupoindrho\/contacto\/"]}]},{"@type":"WebSite","@id":"https:\/\/grupo.us.es\/grupoindrho\/#website","url":"https:\/\/grupo.us.es\/grupoindrho\/","name":"INDRHO","description":"GRUPO DE INVESTIGACI\u00d3N Y DESARROLLO DE RRHH Y ORGANIZACIONES","publisher":{"@id":"https:\/\/grupo.us.es\/grupoindrho\/#organization"},"potentialAction":[{"@type":"SearchAction","target":{"@type":"EntryPoint","urlTemplate":"https:\/\/grupo.us.es\/grupoindrho\/?s={search_term_string}"},"query-input":"required name=search_term_string"}],"inLanguage":"es"},{"@type":"Organization","@id":"https:\/\/grupo.us.es\/grupoindrho\/#organization","name":"INDRHO","url":"https:\/\/grupo.us.es\/grupoindrho\/","logo":{"@type":"ImageObject","inLanguage":"es","@id":"https:\/\/grupo.us.es\/grupoindrho\/#\/schema\/logo\/image\/","url":"https:\/\/grupo.us.es\/grupoindrho\/wp-content\/uploads\/2022\/04\/Logo-positivo.png","contentUrl":"https:\/\/grupo.us.es\/grupoindrho\/wp-content\/uploads\/2022\/04\/Logo-positivo.png","width":336,"height":96,"caption":"INDRHO"},"image":{"@id":"https:\/\/grupo.us.es\/grupoindrho\/#\/schema\/logo\/image\/"}}]}},"_links":{"self":[{"href":"https:\/\/grupo.us.es\/grupoindrho\/wp-json\/wp\/v2\/pages\/52"}],"collection":[{"href":"https:\/\/grupo.us.es\/grupoindrho\/wp-json\/wp\/v2\/pages"}],"about":[{"href":"https:\/\/grupo.us.es\/grupoindrho\/wp-json\/wp\/v2\/types\/page"}],"author":[{"embeddable":true,"href":"https:\/\/grupo.us.es\/grupoindrho\/wp-json\/wp\/v2\/users\/1"}],"replies":[{"embeddable":true,"href":"https:\/\/grupo.us.es\/grupoindrho\/wp-json\/wp\/v2\/comments?post=52"}],"version-history":[{"count":0,"href":"https:\/\/grupo.us.es\/grupoindrho\/wp-json\/wp\/v2\/pages\/52\/revisions"}],"wp:attachment":[{"href":"https:\/\/grupo.us.es\/grupoindrho\/wp-json\/wp\/v2\/media?parent=52"}],"curies":[{"name":"wp","href":"https:\/\/api.w.org\/{rel}","templated":true}]}}