{"id":2025,"date":"2022-12-20T09:24:52","date_gmt":"2022-12-20T09:24:52","guid":{"rendered":"https:\/\/grupo.us.es\/grupoindrho\/?page_id=2025"},"modified":"2023-05-17T09:11:33","modified_gmt":"2023-05-17T09:11:33","slug":"presentacion-y-objetivo","status":"publish","type":"page","link":"https:\/\/grupo.us.es\/grupoindrho\/presentacion-y-objetivo\/","title":{"rendered":"Presentaci\u00f3n y objetivo"},"content":{"rendered":"\t\t<div data-elementor-type=\"wp-page\" data-elementor-id=\"2025\" class=\"elementor elementor-2025\" data-elementor-post-type=\"page\">\n\t\t\t\t\t\t\t\t\t<section class=\"elementor-section elementor-top-section elementor-element elementor-element-9501167 elementor-section-boxed elementor-section-height-default elementor-section-height-default\" data-id=\"9501167\" data-element_type=\"section\">\n\t\t\t\t\t\t<div class=\"elementor-container elementor-column-gap-default\">\n\t\t\t\t\t<div class=\"elementor-column elementor-col-100 elementor-top-column elementor-element elementor-element-4038c38\" data-id=\"4038c38\" data-element_type=\"column\">\n\t\t\t<div class=\"elementor-widget-wrap elementor-element-populated\">\n\t\t\t\t\t\t\t\t<div class=\"elementor-element elementor-element-c3afbb2 elementor-widget elementor-widget-heading\" data-id=\"c3afbb2\" data-element_type=\"widget\" data-widget_type=\"heading.default\">\n\t\t\t\t<div class=\"elementor-widget-container\">\n\t\t\t<style>\/*! elementor - v3.18.0 - 20-12-2023 *\/\n.elementor-heading-title{padding:0;margin:0;line-height:1}.elementor-widget-heading .elementor-heading-title[class*=elementor-size-]>a{color:inherit;font-size:inherit;line-height:inherit}.elementor-widget-heading .elementor-heading-title.elementor-size-small{font-size:15px}.elementor-widget-heading .elementor-heading-title.elementor-size-medium{font-size:19px}.elementor-widget-heading .elementor-heading-title.elementor-size-large{font-size:29px}.elementor-widget-heading .elementor-heading-title.elementor-size-xl{font-size:39px}.elementor-widget-heading .elementor-heading-title.elementor-size-xxl{font-size:59px}<\/style><h2 class=\"elementor-heading-title elementor-size-default\">Presentaci\u00f3n<\/h2>\t\t<\/div>\n\t\t\t\t<\/div>\n\t\t\t\t<div class=\"elementor-element elementor-element-f65470b elementor-widget elementor-widget-text-editor\" data-id=\"f65470b\" data-element_type=\"widget\" data-widget_type=\"text-editor.default\">\n\t\t\t\t<div class=\"elementor-widget-container\">\n\t\t\t<style>\/*! elementor - v3.18.0 - 20-12-2023 *\/\n.elementor-widget-text-editor.elementor-drop-cap-view-stacked .elementor-drop-cap{background-color:#69727d;color:#fff}.elementor-widget-text-editor.elementor-drop-cap-view-framed .elementor-drop-cap{color:#69727d;border:3px solid;background-color:transparent}.elementor-widget-text-editor:not(.elementor-drop-cap-view-default) .elementor-drop-cap{margin-top:8px}.elementor-widget-text-editor:not(.elementor-drop-cap-view-default) .elementor-drop-cap-letter{width:1em;height:1em}.elementor-widget-text-editor .elementor-drop-cap{float:left;text-align:center;line-height:1;font-size:50px}.elementor-widget-text-editor .elementor-drop-cap-letter{display:inline-block}<\/style>\t\t\t\t<p>La Unidad de Transferencia (UT) del Grupo INDRHO es un proyecto competitivo financiado por las Ayudas a Actividades de Transferencia del Conocimiento del PAIDI (Plan Andaluz de Investigaci\u00f3n, Desarrollo e Innovaci\u00f3n) Ref. AT21_00097, en el marco de la mejora de la competitividad de la ciencia y la tecnolog\u00eda andaluza.<\/p><p>Con la creaci\u00f3n de esta UT, el Grupo INDRHO se alinea con el compromiso social promulgado por el PAIDI 2020, as\u00ed como la Estrategia Espa\u00f1ola de Ciencia, Tecnolog\u00eda e Innovaci\u00f3n 2021-2027. Dichos marcos abogan por que la inversi\u00f3n en I+D+i permita la superaci\u00f3n de los retos sociales considerados como prioritarios en nuestro entorno, de tal modo que la Sociedad del Conocimiento vaya de la mano de la transferencia hacia la ciudadan\u00eda de los progresos y resultados que se produzcan en el \u00e1mbito cient\u00edfico.<\/p><p><strong>Direcci\u00f3n:<\/strong> <a href=\"https:\/\/grupo.us.es\/grupoindrho\/integrantes\/lourdes-munduate\/\">Dra. Lourdes Munduate<\/a> y <a href=\"https:\/\/grupo.us.es\/grupoindrho\/integrantes\/francisco-j-medina\/\">Dr. Francisco J. Medina<\/a><\/p><p><strong>Coordinaci\u00f3n:<\/strong> <a href=\"https:\/\/grupo.us.es\/grupoindrho\/integrantes\/rocio-lopez-cabrera\/\">Dra. Roc\u00edo L\u00f3pez-Cabrera<\/a><\/p><p><strong>Miembros del equipo:<\/strong><\/p><ul><li><a href=\"https:\/\/grupo.us.es\/grupoindrho\/integrantes\/alicia-arenas\/\" target=\"_blank\" rel=\"noopener\">Alicia Arenas<\/a><\/li><li><a href=\"https:\/\/grupo.us.es\/grupoindrho\/integrantes\/donatella-di-marco\/\" target=\"_blank\" rel=\"noopener\">Donatella Di Marco<\/a><\/li><li><a href=\"https:\/\/grupo.us.es\/grupoindrho\/integrantes\/patricia-elgoibar\/\" target=\"_blank\" rel=\"noopener\">Patricia Elgoibar<\/a><\/li><li><a href=\"https:\/\/grupo.us.es\/grupoindrho\/integrantes\/nuria-gamero\/\" target=\"_blank\" rel=\"noopener\">Nuria Gamero<\/a><\/li><li><a href=\"https:\/\/grupo.us.es\/grupoindrho\/integrantes\/ines-martinez-corts-2\/\" target=\"_blank\" rel=\"noopener\">In\u00e9s Mart\u00ednez-Corts<\/a><\/li><li><a href=\"https:\/\/grupo.us.es\/grupoindrho\/integrantes\/ignacio-ramos\/\" target=\"_blank\" rel=\"noopener\">Ignacio Ramos Vidal<\/a><\/li><li><a href=\"https:\/\/grupo.us.es\/grupoindrho\/integrantes\/francisco-j-sanclemente\/\" target=\"_blank\" rel=\"noopener\">Francisco Jos\u00e9 Sanclemente<\/a><\/li><li><a href=\"https:\/\/grupo.us.es\/grupoindrho\/integrantes\/sara-corlett\/\" target=\"_blank\" rel=\"noopener\">MSc Sara Corlett<\/a><\/li><li><a href=\"https:\/\/grupo.us.es\/grupoindrho\/integrantes\/santiago-renedo-perezez\/\" target=\"_blank\" rel=\"noopener\">MSc Santiago Renedo<\/a><\/li><\/ul>\t\t\t\t\t\t<\/div>\n\t\t\t\t<\/div>\n\t\t\t\t\t<\/div>\n\t\t<\/div>\n\t\t\t\t\t\t\t<\/div>\n\t\t<\/section>\n\t\t\t\t<section class=\"elementor-section elementor-top-section elementor-element elementor-element-64d4537 elementor-section-boxed elementor-section-height-default elementor-section-height-default\" data-id=\"64d4537\" data-element_type=\"section\">\n\t\t\t\t\t\t<div class=\"elementor-container elementor-column-gap-default\">\n\t\t\t\t\t<div class=\"elementor-column elementor-col-100 elementor-top-column elementor-element elementor-element-13c6016\" data-id=\"13c6016\" data-element_type=\"column\">\n\t\t\t<div class=\"elementor-widget-wrap elementor-element-populated\">\n\t\t\t\t\t\t\t\t<div class=\"elementor-element elementor-element-3256739 elementor-widget elementor-widget-heading\" data-id=\"3256739\" data-element_type=\"widget\" data-widget_type=\"heading.default\">\n\t\t\t\t<div class=\"elementor-widget-container\">\n\t\t\t<h2 class=\"elementor-heading-title elementor-size-default\">Objetivo<\/h2>\t\t<\/div>\n\t\t\t\t<\/div>\n\t\t\t\t<div class=\"elementor-element elementor-element-9ef45b6 elementor-widget elementor-widget-text-editor\" data-id=\"9ef45b6\" data-element_type=\"widget\" data-widget_type=\"text-editor.default\">\n\t\t\t\t<div class=\"elementor-widget-container\">\n\t\t\t\t\t\t\t<p>El <i>objetivo de la UT<\/i> es la elaboraci\u00f3n de recomendaciones y herramientas de buenas pr\u00e1cticas, basadas en la evidencia y promovidas desde la investigaci\u00f3n de I+D generada por el equipo de investigaci\u00f3n INDRHO, en el \u00e1mbito del Desarrollo de los Recursos Humanos y de las Organizaciones.<\/p><p>Las actuaciones en dicho \u00e1mbito se encuentran ligadas al compromiso social de la salud, el bienestar en el trabajo y la igualdad de oportunidades, con el objetivo de promover organizaciones con potencial de innovaci\u00f3n y con capacidad de resiliencia y sostenibilidad, para una recuperaci\u00f3n econ\u00f3mica inclusiva, tras la crisis ocasionada por la pandemia y la guerra.<\/p>\t\t\t\t\t\t<\/div>\n\t\t\t\t<\/div>\n\t\t\t\t\t<\/div>\n\t\t<\/div>\n\t\t\t\t\t\t\t<\/div>\n\t\t<\/section>\n\t\t\t\t\t\t\t<\/div>\n\t\t","protected":false},"excerpt":{"rendered":"<p>Presentaci\u00f3n La Unidad de Transferencia (UT) del Grupo INDRHO es un proyecto competitivo financiado por las Ayudas a Actividades de<\/p>\n","protected":false},"author":3,"featured_media":0,"parent":0,"menu_order":0,"comment_status":"closed","ping_status":"closed","template":"","meta":{"footnotes":""},"class_list":["post-2025","page","type-page","status-publish","hentry"],"yoast_head":"<!-- This site is optimized with the Yoast SEO plugin v21.9.1 - https:\/\/yoast.com\/wordpress\/plugins\/seo\/ -->\n<title>Presentaci\u00f3n y objetivo - INDRHO<\/title>\n<meta name=\"robots\" content=\"index, follow, max-snippet:-1, max-image-preview:large, max-video-preview:-1\" \/>\n<link rel=\"canonical\" href=\"https:\/\/grupo.us.es\/grupoindrho\/presentacion-y-objetivo\/\" \/>\n<meta property=\"og:locale\" content=\"es_ES\" \/>\n<meta property=\"og:type\" content=\"article\" \/>\n<meta property=\"og:title\" content=\"Presentaci\u00f3n y objetivo - INDRHO\" \/>\n<meta property=\"og:description\" content=\"Presentaci\u00f3n La Unidad de Transferencia (UT) del Grupo INDRHO es un proyecto competitivo financiado por las Ayudas a Actividades de\" \/>\n<meta property=\"og:url\" content=\"https:\/\/grupo.us.es\/grupoindrho\/presentacion-y-objetivo\/\" \/>\n<meta property=\"og:site_name\" content=\"INDRHO\" \/>\n<meta property=\"article:modified_time\" content=\"2023-05-17T09:11:33+00:00\" \/>\n<meta name=\"twitter:card\" content=\"summary_large_image\" \/>\n<meta name=\"twitter:label1\" content=\"Tiempo de lectura\" \/>\n\t<meta name=\"twitter:data1\" content=\"2 minutos\" \/>\n<script type=\"application\/ld+json\" class=\"yoast-schema-graph\">{\"@context\":\"https:\/\/schema.org\",\"@graph\":[{\"@type\":\"WebPage\",\"@id\":\"https:\/\/grupo.us.es\/grupoindrho\/presentacion-y-objetivo\/\",\"url\":\"https:\/\/grupo.us.es\/grupoindrho\/presentacion-y-objetivo\/\",\"name\":\"Presentaci\u00f3n y objetivo - INDRHO\",\"isPartOf\":{\"@id\":\"https:\/\/grupo.us.es\/grupoindrho\/#website\"},\"datePublished\":\"2022-12-20T09:24:52+00:00\",\"dateModified\":\"2023-05-17T09:11:33+00:00\",\"inLanguage\":\"es\",\"potentialAction\":[{\"@type\":\"ReadAction\",\"target\":[\"https:\/\/grupo.us.es\/grupoindrho\/presentacion-y-objetivo\/\"]}]},{\"@type\":\"WebSite\",\"@id\":\"https:\/\/grupo.us.es\/grupoindrho\/#website\",\"url\":\"https:\/\/grupo.us.es\/grupoindrho\/\",\"name\":\"INDRHO\",\"description\":\"GRUPO DE INVESTIGACI\u00d3N Y DESARROLLO DE RRHH Y ORGANIZACIONES\",\"publisher\":{\"@id\":\"https:\/\/grupo.us.es\/grupoindrho\/#organization\"},\"potentialAction\":[{\"@type\":\"SearchAction\",\"target\":{\"@type\":\"EntryPoint\",\"urlTemplate\":\"https:\/\/grupo.us.es\/grupoindrho\/?s={search_term_string}\"},\"query-input\":\"required name=search_term_string\"}],\"inLanguage\":\"es\"},{\"@type\":\"Organization\",\"@id\":\"https:\/\/grupo.us.es\/grupoindrho\/#organization\",\"name\":\"INDRHO\",\"url\":\"https:\/\/grupo.us.es\/grupoindrho\/\",\"logo\":{\"@type\":\"ImageObject\",\"inLanguage\":\"es\",\"@id\":\"https:\/\/grupo.us.es\/grupoindrho\/#\/schema\/logo\/image\/\",\"url\":\"https:\/\/grupo.us.es\/grupoindrho\/wp-content\/uploads\/2022\/04\/Logo-positivo.png\",\"contentUrl\":\"https:\/\/grupo.us.es\/grupoindrho\/wp-content\/uploads\/2022\/04\/Logo-positivo.png\",\"width\":336,\"height\":96,\"caption\":\"INDRHO\"},\"image\":{\"@id\":\"https:\/\/grupo.us.es\/grupoindrho\/#\/schema\/logo\/image\/\"}}]}<\/script>\n<!-- \/ Yoast SEO plugin. -->","yoast_head_json":{"title":"Presentaci\u00f3n y objetivo - INDRHO","robots":{"index":"index","follow":"follow","max-snippet":"max-snippet:-1","max-image-preview":"max-image-preview:large","max-video-preview":"max-video-preview:-1"},"canonical":"https:\/\/grupo.us.es\/grupoindrho\/presentacion-y-objetivo\/","og_locale":"es_ES","og_type":"article","og_title":"Presentaci\u00f3n y objetivo - INDRHO","og_description":"Presentaci\u00f3n La Unidad de Transferencia (UT) del Grupo INDRHO es un proyecto competitivo financiado por las Ayudas a Actividades de","og_url":"https:\/\/grupo.us.es\/grupoindrho\/presentacion-y-objetivo\/","og_site_name":"INDRHO","article_modified_time":"2023-05-17T09:11:33+00:00","twitter_card":"summary_large_image","twitter_misc":{"Tiempo de lectura":"2 minutos"},"schema":{"@context":"https:\/\/schema.org","@graph":[{"@type":"WebPage","@id":"https:\/\/grupo.us.es\/grupoindrho\/presentacion-y-objetivo\/","url":"https:\/\/grupo.us.es\/grupoindrho\/presentacion-y-objetivo\/","name":"Presentaci\u00f3n y objetivo - INDRHO","isPartOf":{"@id":"https:\/\/grupo.us.es\/grupoindrho\/#website"},"datePublished":"2022-12-20T09:24:52+00:00","dateModified":"2023-05-17T09:11:33+00:00","inLanguage":"es","potentialAction":[{"@type":"ReadAction","target":["https:\/\/grupo.us.es\/grupoindrho\/presentacion-y-objetivo\/"]}]},{"@type":"WebSite","@id":"https:\/\/grupo.us.es\/grupoindrho\/#website","url":"https:\/\/grupo.us.es\/grupoindrho\/","name":"INDRHO","description":"GRUPO DE INVESTIGACI\u00d3N Y DESARROLLO DE RRHH Y ORGANIZACIONES","publisher":{"@id":"https:\/\/grupo.us.es\/grupoindrho\/#organization"},"potentialAction":[{"@type":"SearchAction","target":{"@type":"EntryPoint","urlTemplate":"https:\/\/grupo.us.es\/grupoindrho\/?s={search_term_string}"},"query-input":"required name=search_term_string"}],"inLanguage":"es"},{"@type":"Organization","@id":"https:\/\/grupo.us.es\/grupoindrho\/#organization","name":"INDRHO","url":"https:\/\/grupo.us.es\/grupoindrho\/","logo":{"@type":"ImageObject","inLanguage":"es","@id":"https:\/\/grupo.us.es\/grupoindrho\/#\/schema\/logo\/image\/","url":"https:\/\/grupo.us.es\/grupoindrho\/wp-content\/uploads\/2022\/04\/Logo-positivo.png","contentUrl":"https:\/\/grupo.us.es\/grupoindrho\/wp-content\/uploads\/2022\/04\/Logo-positivo.png","width":336,"height":96,"caption":"INDRHO"},"image":{"@id":"https:\/\/grupo.us.es\/grupoindrho\/#\/schema\/logo\/image\/"}}]}},"_links":{"self":[{"href":"https:\/\/grupo.us.es\/grupoindrho\/wp-json\/wp\/v2\/pages\/2025"}],"collection":[{"href":"https:\/\/grupo.us.es\/grupoindrho\/wp-json\/wp\/v2\/pages"}],"about":[{"href":"https:\/\/grupo.us.es\/grupoindrho\/wp-json\/wp\/v2\/types\/page"}],"author":[{"embeddable":true,"href":"https:\/\/grupo.us.es\/grupoindrho\/wp-json\/wp\/v2\/users\/3"}],"replies":[{"embeddable":true,"href":"https:\/\/grupo.us.es\/grupoindrho\/wp-json\/wp\/v2\/comments?post=2025"}],"version-history":[{"count":0,"href":"https:\/\/grupo.us.es\/grupoindrho\/wp-json\/wp\/v2\/pages\/2025\/revisions"}],"wp:attachment":[{"href":"https:\/\/grupo.us.es\/grupoindrho\/wp-json\/wp\/v2\/media?parent=2025"}],"curies":[{"name":"wp","href":"https:\/\/api.w.org\/{rel}","templated":true}]}}