{"id":15,"date":"2025-03-14T13:45:14","date_gmt":"2025-03-14T12:45:14","guid":{"rendered":"http:\/\/grupo.us.es\/newgrupodisihalc\/?page_id=15"},"modified":"2025-03-17T13:44:23","modified_gmt":"2025-03-17T12:44:23","slug":"quienes-somos","status":"publish","type":"page","link":"http:\/\/grupo.us.es\/grupodisihalc\/?page_id=15","title":{"rendered":"\u00bfQUIENES SOMOS?"},"content":{"rendered":"\n<p>Creado a inicios del a\u00f1o 2020, este grupo lo integran investigador@s vinculad@s a instituciones andaluzas, que tienen como objetivo de an\u00e1lisis las din\u00e1micas sociales e identitarias, con \u00e9nfasis en diferentes per\u00edodos y marcos espaciales del \u00e1mbito latinoamericano y caribe\u00f1o. Para ello, se realizan tanto investigaciones de conjunto como de determinados colectivos sociales que han tenido un papel destacado en estos procesos. Para el per\u00edodo colonial destacan l\u00edneas de investigaci\u00f3n orientadas al estudio de la poblaci\u00f3n urbana de las principales ciudades de la Am\u00e9rica Hispana; de la esclavizada en el \u00e1mbito del Caribe; comunidades ind\u00edgenas en la Amazon\u00eda, la regi\u00f3n de Trujillo (Per\u00fa) y en las misiones del Chaco; de colectivos femeninos en el R\u00edo de la Plata o de los grupos mercantiles en las redes del comercio atl\u00e1ntico. Para el per\u00edodo republicano, las l\u00edneas desarrolladas se orientan tanto a los sectores burgueses centroamericanos como a los colectivos de inmigrantes en el Cono Sur americano.<\/p>\n\n\n\n<h2 class=\"wp-block-heading\">Investigador principal<\/h2>\n\n\n\n<p>Dr. Emilio Luque Azcona (eluque1@us.es)<\/p>\n\n\n\n<h2 class=\"wp-block-heading\">L\u00edneas de investigaci\u00f3n:<\/h2>\n\n\n\n<ul class=\"wp-block-list\">\n<li>Historia de las migraciones en Am\u00e9rica Latina y el Caribe.<\/li>\n\n\n\n<li>Historia de la esclavitud en Am\u00e9rica Latina y el Caribe.<\/li>\n\n\n\n<li>Historia urbana de Am\u00e9rica Latina y el Caribe.<\/li>\n\n\n\n<li>Historia social de Am\u00e9rica Latina y el Caribe.<\/li>\n\n\n\n<li>Redes mercantiles.<\/li>\n<\/ul>\n\n\n\n<h2 class=\"wp-block-heading\">Palabras clave:<\/h2>\n\n\n\n<ul class=\"wp-block-list\">\n<li>Poblaci\u00f3n ind\u00edgena<\/li>\n\n\n\n<li>Esclavitud<\/li>\n\n\n\n<li>Ciudades<\/li>\n\n\n\n<li>Am\u00e9rica Latina y el Caribe<\/li>\n\n\n\n<li>Migraciones<\/li>\n\n\n\n<li>Historia Social<\/li>\n<\/ul>\n","protected":false},"excerpt":{"rendered":"<p>Creado a inicios del a\u00f1o 2020, este grupo lo integran investigador@s vinculad@s a instituciones andaluzas, que tienen como objetivo de an\u00e1lisis las din\u00e1micas sociales e identitarias, con \u00e9nfasis en diferentes per\u00edodos y marcos espaciales del \u00e1mbito latinoamericano y caribe\u00f1o. Para ello, se realizan tanto investigaciones de conjunto como de determinados colectivos sociales que han tenido [&hellip;]<\/p>\n","protected":false},"author":2,"featured_media":0,"parent":0,"menu_order":0,"comment_status":"closed","ping_status":"closed","template":"","meta":{"footnotes":""},"class_list":["post-15","page","type-page","status-publish","hentry"],"_links":{"self":[{"href":"http:\/\/grupo.us.es\/grupodisihalc\/index.php?rest_route=\/wp\/v2\/pages\/15","targetHints":{"allow":["GET"]}}],"collection":[{"href":"http:\/\/grupo.us.es\/grupodisihalc\/index.php?rest_route=\/wp\/v2\/pages"}],"about":[{"href":"http:\/\/grupo.us.es\/grupodisihalc\/index.php?rest_route=\/wp\/v2\/types\/page"}],"author":[{"embeddable":true,"href":"http:\/\/grupo.us.es\/grupodisihalc\/index.php?rest_route=\/wp\/v2\/users\/2"}],"replies":[{"embeddable":true,"href":"http:\/\/grupo.us.es\/grupodisihalc\/index.php?rest_route=%2Fwp%2Fv2%2Fcomments&post=15"}],"version-history":[{"count":2,"href":"http:\/\/grupo.us.es\/grupodisihalc\/index.php?rest_route=\/wp\/v2\/pages\/15\/revisions"}],"predecessor-version":[{"id":70,"href":"http:\/\/grupo.us.es\/grupodisihalc\/index.php?rest_route=\/wp\/v2\/pages\/15\/revisions\/70"}],"wp:attachment":[{"href":"http:\/\/grupo.us.es\/grupodisihalc\/index.php?rest_route=%2Fwp%2Fv2%2Fmedia&parent=15"}],"curies":[{"name":"wp","href":"https:\/\/api.w.org\/{rel}","templated":true}]}}