{"id":5,"date":"2026-01-16T18:50:02","date_gmt":"2026-01-16T17:50:02","guid":{"rendered":"https:\/\/grupo.us.es\/grupodecics\/?page_id=5"},"modified":"2026-01-23T14:16:10","modified_gmt":"2026-01-23T13:16:10","slug":"equipo","status":"publish","type":"page","link":"https:\/\/grupo.us.es\/grupodecics\/","title":{"rendered":"Equipo"},"content":{"rendered":"\n<div class=\"wp-block-group pattern-features p-animation-move-sideways is-layout-constrained wp-container-core-group-is-layout-5986cb94 wp-block-group-is-layout-constrained\" style=\"margin-top:0;margin-bottom:var(--wp--preset--spacing--xx-large);padding-top:0;padding-right:0;padding-bottom:0;padding-left:0\"><\/div>\n\n\n\n<p><\/p>\n\n\n\n<p><\/p>\n\n\n\n<div class=\"wp-block-cover alignfull is-light hero-pattern wp-duotone-245f9a-ffffff-1\" style=\"min-height:430px;aspect-ratio:unset;\"><img loading=\"lazy\" decoding=\"async\" width=\"1024\" height=\"683\" class=\"wp-block-cover__image-background wp-image-68 size-large\" alt=\"\" src=\"https:\/\/grupo.us.es\/grupodecics\/wp-content\/uploads\/2026\/01\/books-5937716_1920-1024x683.jpg\" data-object-fit=\"cover\" srcset=\"https:\/\/grupo.us.es\/grupodecics\/wp-content\/uploads\/2026\/01\/books-5937716_1920-1024x683.jpg 1024w, https:\/\/grupo.us.es\/grupodecics\/wp-content\/uploads\/2026\/01\/books-5937716_1920-300x200.jpg 300w, https:\/\/grupo.us.es\/grupodecics\/wp-content\/uploads\/2026\/01\/books-5937716_1920-768x512.jpg 768w, https:\/\/grupo.us.es\/grupodecics\/wp-content\/uploads\/2026\/01\/books-5937716_1920-1536x1024.jpg 1536w, https:\/\/grupo.us.es\/grupodecics\/wp-content\/uploads\/2026\/01\/books-5937716_1920.jpg 1920w\" sizes=\"auto, (max-width: 1024px) 100vw, 1024px\" \/><span aria-hidden=\"true\" class=\"wp-block-cover__background has-background-dim\" style=\"background-color:#f5f7fa\"><\/span><div class=\"wp-block-cover__inner-container is-layout-flow wp-block-cover-is-layout-flow\">\n<p class=\"has-text-align-center has-large-font-size\">Grupo de Investigaci\u00f3n   <\/p>\n\n\n\n<p class=\"has-text-align-center has-large-font-size\"><strong>Did\u00e1ctica, Educaci\u00f3n y Ciudadan\u00eda en Ciencias Sociales <\/strong><\/p>\n\n\n\n<p class=\"has-text-align-center has-large-font-size\"><strong>(HUM-1120)<\/strong><\/p>\n\n\n\n<p><\/p>\n\n\n\n<p class=\"has-text-align-center has-large-font-size\"><\/p>\n\n\n\n<p><\/p>\n\n\n\n<p class=\"has-text-align-center has-large-font-size\"><\/p>\n<\/div><\/div>\n\n\n\n<div class=\"wp-block-group team-members-pattern p-animation-zoom-in is-layout-flow wp-block-group-is-layout-flow\" style=\"padding-top:var(--wp--preset--spacing--large);padding-bottom:var(--wp--preset--spacing--large)\">\n<h2 class=\"wp-block-heading has-text-align-center has-large-font-size\">Conoce al equipo<\/h2>\n\n\n\n<div style=\"height:16px\" aria-hidden=\"true\" class=\"wp-block-spacer\"><\/div>\n\n\n\n<p class=\"has-text-align-center\"><\/p>\n\n\n\n<div class=\"wp-block-columns is-layout-flex wp-container-core-columns-is-layout-b8f50212 wp-block-columns-is-layout-flex\" style=\"padding-top:0;padding-right:0;padding-bottom:0;padding-left:0\">\n<div class=\"wp-block-column is-layout-flow wp-block-column-is-layout-flow\" style=\"padding-top:var(--wp--preset--spacing--small);padding-bottom:var(--wp--preset--spacing--small)\">\n<figure class=\"wp-block-image aligncenter size-full is-resized has-custom-border\"><a href=\"https:\/\/prisma.us.es\/investigador\/6864\"><img decoding=\"async\" src=\"https:\/\/grupo.us.es\/grupodecics\/wp-content\/themes\/prespa\/assets\/img\/patterns\/team\/person-14.jpg\" alt=\"\" class=\"wp-image-3314\" style=\"border-radius:50%;width:120px\"\/><\/a><\/figure>\n\n\n\n<h4 class=\"wp-block-heading has-text-align-center\">Nombre apellidos<\/h4>\n\n\n\n<p class=\"has-text-align-center\">Universidad de Sevilla<\/p>\n\n\n\n<p class=\"has-text-align-center\">nperez4@us.es<\/p>\n\n\n\n<p class=\"has-text-align-center\"><a href=\"https:\/\/prisma.us.es\/investigador\/6864\">https:\/\/prisma.us.es\/investigador\/6864<\/a><\/p>\n<\/div>\n\n\n\n<div class=\"wp-block-column is-layout-flow wp-block-column-is-layout-flow\" style=\"padding-top:var(--wp--preset--spacing--small);padding-right:0;padding-bottom:var(--wp--preset--spacing--small);padding-left:0\">\n<figure class=\"wp-block-image aligncenter size-full is-resized has-custom-border\"><img decoding=\"async\" src=\"https:\/\/grupo.us.es\/grupodecics\/wp-content\/themes\/prespa\/assets\/img\/patterns\/team\/person-12.jpg\" alt=\"\" class=\"wp-image-3315\" style=\"border-radius:50%;width:120px\"\/><\/figure>\n\n\n\n<h4 class=\"wp-block-heading has-text-align-center\">Jonathan Grey<\/h4>\n\n\n\n<p class=\"has-text-align-center\">CTO<\/p>\n<\/div>\n\n\n\n<div class=\"wp-block-column is-layout-flow wp-block-column-is-layout-flow\" style=\"padding-top:var(--wp--preset--spacing--small);padding-bottom:var(--wp--preset--spacing--small)\">\n<figure class=\"wp-block-image aligncenter size-full is-resized has-custom-border\"><img decoding=\"async\" src=\"https:\/\/grupo.us.es\/grupodecics\/wp-content\/themes\/prespa\/assets\/img\/patterns\/team\/person-13.jpg\" alt=\"\" class=\"wp-image-3316\" style=\"border-width:px;border-radius:50%;width:120px\"\/><\/figure>\n\n\n\n<h4 class=\"wp-block-heading has-text-align-center\">Elsa Walson<\/h4>\n\n\n\n<p class=\"has-text-align-center\">Director de RRHH<\/p>\n<\/div>\n\n\n\n<div class=\"wp-block-column is-layout-flow wp-block-column-is-layout-flow\" style=\"padding-top:var(--wp--preset--spacing--small);padding-bottom:var(--wp--preset--spacing--small)\">\n<figure class=\"wp-block-image aligncenter size-full is-resized has-custom-border\"><img decoding=\"async\" src=\"https:\/\/grupo.us.es\/grupodecics\/wp-content\/themes\/prespa\/assets\/img\/patterns\/team\/person-1.jpg\" alt=\"\" class=\"wp-image-3320\" style=\"border-radius:50%;width:120px\"\/><\/figure>\n\n\n\n<h4 class=\"wp-block-heading has-text-align-center\">Jonathan Doe<\/h4>\n\n\n\n<p class=\"has-text-align-center\">Fundador y CEO<\/p>\n<\/div>\n<\/div>\n\n\n\n<p class=\"has-text-align-center\"><\/p>\n\n\n\n<div class=\"wp-block-columns is-layout-flex wp-container-core-columns-is-layout-b8f50212 wp-block-columns-is-layout-flex\" style=\"padding-top:0;padding-right:0;padding-bottom:0;padding-left:0\">\n<div class=\"wp-block-column is-layout-flow wp-block-column-is-layout-flow\" style=\"padding-top:var(--wp--preset--spacing--small);padding-bottom:var(--wp--preset--spacing--small)\">\n<figure class=\"wp-block-image aligncenter size-full is-resized has-custom-border\"><img decoding=\"async\" src=\"https:\/\/grupo.us.es\/grupodecics\/wp-content\/themes\/prespa\/assets\/img\/patterns\/team\/person-14.jpg\" alt=\"\" class=\"wp-image-3314\" style=\"border-radius:50%;width:120px\"\/><\/figure>\n\n\n\n<h4 class=\"wp-block-heading has-text-align-center\">Richard Sambrora<\/h4>\n\n\n\n<p class=\"has-text-align-center\">Jefe de ventas<\/p>\n\n\n\n<p class=\"has-text-align-center\"><a href=\"https:\/\/prisma.us.es\/investigador\/6864\">https:\/\/prisma.us.es\/investigador\/6864<\/a><\/p>\n<\/div>\n\n\n\n<div class=\"wp-block-column is-layout-flow wp-block-column-is-layout-flow\" style=\"padding-top:var(--wp--preset--spacing--small);padding-right:0;padding-bottom:var(--wp--preset--spacing--small);padding-left:0\">\n<figure class=\"wp-block-image aligncenter size-full is-resized has-custom-border\"><img decoding=\"async\" src=\"https:\/\/grupo.us.es\/grupodecics\/wp-content\/themes\/prespa\/assets\/img\/patterns\/team\/person-12.jpg\" alt=\"\" class=\"wp-image-3315\" style=\"border-radius:50%;width:120px\"\/><\/figure>\n\n\n\n<h4 class=\"wp-block-heading has-text-align-center\">Jonathan Grey<\/h4>\n\n\n\n<p class=\"has-text-align-center\">CTO<\/p>\n<\/div>\n\n\n\n<div class=\"wp-block-column is-layout-flow wp-block-column-is-layout-flow\" style=\"padding-top:var(--wp--preset--spacing--small);padding-bottom:var(--wp--preset--spacing--small)\">\n<figure class=\"wp-block-image aligncenter size-full is-resized has-custom-border\"><img decoding=\"async\" src=\"https:\/\/grupo.us.es\/grupodecics\/wp-content\/themes\/prespa\/assets\/img\/patterns\/team\/person-13.jpg\" alt=\"\" class=\"wp-image-3316\" style=\"border-width:px;border-radius:50%;width:120px\"\/><\/figure>\n\n\n\n<h4 class=\"wp-block-heading has-text-align-center\">Elsa Walson<\/h4>\n\n\n\n<p class=\"has-text-align-center\">Director de RRHH<\/p>\n<\/div>\n\n\n\n<div class=\"wp-block-column is-layout-flow wp-block-column-is-layout-flow\" style=\"padding-top:var(--wp--preset--spacing--small);padding-bottom:var(--wp--preset--spacing--small)\">\n<figure class=\"wp-block-image aligncenter size-full is-resized has-custom-border\"><img decoding=\"async\" src=\"https:\/\/grupo.us.es\/grupodecics\/wp-content\/themes\/prespa\/assets\/img\/patterns\/team\/person-1.jpg\" alt=\"\" class=\"wp-image-3320\" style=\"border-radius:50%;width:120px\"\/><\/figure>\n\n\n\n<h4 class=\"wp-block-heading has-text-align-center\">Jonathan Doe<\/h4>\n\n\n\n<p class=\"has-text-align-center\">Fundador y CEO<\/p>\n<\/div>\n<\/div>\n<\/div>\n","protected":false},"excerpt":{"rendered":"<p>Conoce al equipo Nombre apellidos Universidad de Sevilla nperez4@us.es https:\/\/prisma.us.es\/investigador\/6864 Jonathan Grey CTO Elsa Walson&hellip;<\/p>\n","protected":false},"author":1,"featured_media":0,"parent":0,"menu_order":0,"comment_status":"closed","ping_status":"closed","template":"","meta":{"footnotes":""},"class_list":["post-5","page","type-page","status-publish","hentry"],"_links":{"self":[{"href":"https:\/\/grupo.us.es\/grupodecics\/index.php?rest_route=\/wp\/v2\/pages\/5","targetHints":{"allow":["GET"]}}],"collection":[{"href":"https:\/\/grupo.us.es\/grupodecics\/index.php?rest_route=\/wp\/v2\/pages"}],"about":[{"href":"https:\/\/grupo.us.es\/grupodecics\/index.php?rest_route=\/wp\/v2\/types\/page"}],"author":[{"embeddable":true,"href":"https:\/\/grupo.us.es\/grupodecics\/index.php?rest_route=\/wp\/v2\/users\/1"}],"replies":[{"embeddable":true,"href":"https:\/\/grupo.us.es\/grupodecics\/index.php?rest_route=%2Fwp%2Fv2%2Fcomments&post=5"}],"version-history":[{"count":17,"href":"https:\/\/grupo.us.es\/grupodecics\/index.php?rest_route=\/wp\/v2\/pages\/5\/revisions"}],"predecessor-version":[{"id":99,"href":"https:\/\/grupo.us.es\/grupodecics\/index.php?rest_route=\/wp\/v2\/pages\/5\/revisions\/99"}],"wp:attachment":[{"href":"https:\/\/grupo.us.es\/grupodecics\/index.php?rest_route=%2Fwp%2Fv2%2Fmedia&parent=5"}],"curies":[{"name":"wp","href":"https:\/\/api.w.org\/{rel}","templated":true}]}}