{"id":3684,"date":"2021-05-27T19:36:48","date_gmt":"2021-05-27T17:36:48","guid":{"rendered":"http:\/\/grupo.us.es\/grieed\/?page_id=3684"},"modified":"2021-05-27T19:37:16","modified_gmt":"2021-05-27T17:37:16","slug":"colaboradores","status":"publish","type":"page","link":"https:\/\/grupo.us.es\/grieed\/colaboradores\/","title":{"rendered":"Colaboradores"},"content":{"rendered":"<p>[vc_row row_content_width=\u00bbgrid\u00bb css=\u00bb.vc_custom_1502265164997{padding-top: 8.1% !important;padding-bottom: 80px !important;}\u00bb][vc_column css=\u00bb.vc_custom_1502264905689{padding-right: 8% !important;}\u00bb offset=\u00bbvc_col-lg-7&#8243;][vc_column_text]<\/p>\n<h2>Qu\u00e9 es GRIEED<\/h2>\n<p>[\/vc_column_text][vc_empty_space height=\u00bb4px\u00bb]<div class=\"edgt-section-title-holder  edgt-st-standard edgt-st-title-left edgt-st-normal-space \" style=\"text-align: left\">\n\t<div class=\"edgt-st-inner\">\n\t\t\t\t\t\t\t<p class=\"edgt-st-text\" style=\"color: #888;font-size: 18px;line-height: 33px\">\n\t\t\t\tEl grupo de investigaci\u00f3n GRIEED (Grupo de Investigaci\u00f3n en Educaci\u00f3n Emocional y Dramatizaci\u00f3n; Ref. HUM-708) de la Universidad de Sevilla est\u00e1 reconocido por la Consejer\u00eda de Transformaci\u00f3n Econ\u00f3mica, Industria, Conocimiento y Universidades, Junta de Andaluc\u00eda). Creado en 1995, nos congratulamos de contar con una trayectoria que ha superado los 25 a\u00f1os.\t\t\t<\/p>\n\t\t\t<\/div>\n<\/div>[vc_empty_space height=\u00bb30px\u00bb][vc_column_text css=\u00bb.vc_custom_1622134092980{margin-bottom: -5px !important;}\u00bb]<\/p>\n<h4>Objetivos<\/h4>\n<p>[\/vc_column_text]<div class=\"edgt-section-title-holder  edgt-st-standard edgt-st-title-left edgt-st-normal-space \" style=\"text-align: left\">\n\t<div class=\"edgt-st-inner\">\n\t\t\t\t\t\t\t<p class=\"edgt-st-text\" style=\"color: #888;font-size: 15px;line-height: 27px\">\n\t\t\t\tImpulsado y liderado por el Dr. Luis N\u00fa\u00f1ez Cubero (Catedr\u00e1tico Em\u00e9rito e Investigador Honorario de la Universidad de Sevilla), colaboramos con investigadores y profesionales de la educaci\u00f3n de diferentes universidades y organismos (internacionales, nacionales y regionales), instituciones educativas (p\u00fablicas y privadas), as\u00ed como tambi\u00e9n con municipios y entidades locales interesados por la dimensi\u00f3n emocional y afectiva en los procesos educativos; en especial, por la dimensi\u00f3n afectiva y comunicativa del ambiente educativo (institucional, interpersonal y procesual).\t\t\t<\/p>\n\t\t\t<\/div>\n<\/div>[vc_empty_space height=\u00bb41px\u00bb]<div class=\"edgt-icon-list-holder \" >\n\t<div class=\"edgt-il-icon-holder\">\n\t\t<i class=\"edgt-icon-font-awesome fa fa-get-pocket \" style=\"color: #2d76b2;font-size: 17px\"><\/i>\t<\/div>\n\t<p class=\"edgt-il-text\" style=\"color: #212121;font-size: 15px;padding-left: 23px\">Como objetivo perseguimos analizar, evaluar, asesorar e intervenir en aquellos aspectos emocionales y afectivos que redudnan positivamente en el desarrollo social y personal de las personas<\/p>\n<\/div>[vc_empty_space height=\u00bb22px\u00bb][vc_column_text css=\u00bb.vc_custom_1622134060730{margin-bottom: -5px !important;}\u00bb]<\/p>\n<h4>Or\u00edgenes<\/h4>\n<p>[\/vc_column_text]<div class=\"edgt-section-title-holder  edgt-st-standard edgt-st-title-left edgt-st-normal-space \" style=\"text-align: left\">\n\t<div class=\"edgt-st-inner\">\n\t\t\t\t\t\t\t<p class=\"edgt-st-text\" style=\"color: #888;font-size: 15px;line-height: 27px;margin-top: 21px\">\n\t\t\t\tDesde sus or\u00edgenes, el grupo se interes\u00f3 en la educaci\u00f3n emocional y la educaci\u00f3n a trav\u00e9s del lenguaje dram\u00e1tico para incidir en el desarrollo y bienestar infantil y adolescente y en la cultura emocional (afectiva y comunicativa) de los centros educativos, equipos directivos y profesionales docentes.\t\t\t<\/p>\n\t\t\t<\/div>\n<\/div>[vc_empty_space height=\u00bb21px\u00bb][vc_column_text]<\/p>\n<h4>L\u00edneas de investigaci\u00f3n<\/h4>\n<p>[\/vc_column_text]<div class=\"edgt-section-title-holder  edgt-st-standard edgt-st-title-left edgt-st-normal-space \" style=\"text-align: left\">\n\t<div class=\"edgt-st-inner\">\n\t\t\t\t\t\t\t<p class=\"edgt-st-text\" style=\"color: #888;font-size: 15px;line-height: 27px;margin-top: 16px\">\n\t\t\t\tCon el tiempo se han ido ampliando las l\u00edneas de investigaci\u00f3n, asesoramiento e intervenci\u00f3n de nuestro grupo. Junto a las cl\u00e1sicas l\u00edneas de Educaci\u00f3n Emocional y de Teatro, Dramatizaci\u00f3n y Educaci\u00f3n, hemos incorporado las l\u00edneas de: Pedagog\u00eda Hospitalaria y Competencias Emocionales y Empleabilidad.\t\t\t<\/p>\n\t\t\t<\/div>\n<\/div>[vc_empty_space height=\u00bb33px\u00bb][\/vc_column][vc_column offset=\u00bbvc_col-lg-5&#8243;][vc_empty_space height=\u00bb46px\u00bb]<div class=\"edgt-progress-bar \">\n\t<p class=\"edgt-pb-title-holder\" >\n\t\t<span class=\"edgt-pb-title\">Publicaciones<\/span>\n\t\t<span class=\"edgt-pb-percent\">0<\/span>\n\t<\/p>\n\t<div class=\"edgt-pb-content-holder\" >\n\t\t<div data-percentage=75 class=\"edgt-pb-content\" ><\/div>\n\t<\/div>\n<\/div><div class=\"edgt-progress-bar \">\n\t<p class=\"edgt-pb-title-holder\" >\n\t\t<span class=\"edgt-pb-title\">Tesis dirigidas<\/span>\n\t\t<span class=\"edgt-pb-percent\">0<\/span>\n\t<\/p>\n\t<div class=\"edgt-pb-content-holder\" >\n\t\t<div data-percentage=95 class=\"edgt-pb-content\" ><\/div>\n\t<\/div>\n<\/div>[vc_empty_space height=\u00bb46px\u00bb][vc_single_image image=\u00bb3607&#8243; img_size=\u00bbfull\u00bb][vc_empty_space height=\u00bb46px\u00bb][vc_single_image image=\u00bb3599&#8243; img_size=\u00bbfull\u00bb][vc_empty_space height=\u00bb46px\u00bb][vc_single_image image=\u00bb3605&#8243; img_size=\u00bbfull\u00bb][\/vc_column][\/vc_row]<\/p>\n","protected":false},"excerpt":{"rendered":"<p>[vc_row row_content_width=\u00bbgrid\u00bb css=\u00bb.vc_custom_1502265164997{padding-top: 8.1% !important;padding-bottom: 80px !important;}\u00bb][vc_column css=\u00bb.vc_custom_1502264905689{padding-right: 8% !important;}\u00bb offset=\u00bbvc_col-lg-7&#8243;][vc_column_text] Qu\u00e9 es GRIEED [\/vc_column_text][vc_empty_space height=\u00bb4px\u00bb][vc_empty_space height=\u00bb30px\u00bb][vc_column_text css=\u00bb.vc_custom_1622134092980{margin-bottom: -5px !important;}\u00bb] Objetivos [\/vc_column_text][vc_empty_space height=\u00bb41px\u00bb][vc_empty_space height=\u00bb22px\u00bb][vc_column_text css=\u00bb.vc_custom_1622134060730{margin-bottom: -5px !important;}\u00bb] Or\u00edgenes [\/vc_column_text][vc_empty_space height=\u00bb21px\u00bb][vc_column_text] L\u00edneas de investigaci\u00f3n [\/vc_column_text][vc_empty_space height=\u00bb33px\u00bb][\/vc_column][vc_column offset=\u00bbvc_col-lg-5&#8243;][vc_empty_space height=\u00bb46px\u00bb][vc_empty_space height=\u00bb46px\u00bb][vc_single_image image=\u00bb3607&#8243; img_size=\u00bbfull\u00bb][vc_empty_space height=\u00bb46px\u00bb][vc_single_image image=\u00bb3599&#8243; img_size=\u00bbfull\u00bb][vc_empty_space height=\u00bb46px\u00bb][vc_single_image image=\u00bb3605&#8243; img_size=\u00bbfull\u00bb][\/vc_column][\/vc_row]<\/p>\n","protected":false},"author":1,"featured_media":0,"parent":0,"menu_order":0,"comment_status":"closed","ping_status":"closed","template":"full-width.php","meta":[],"_links":{"self":[{"href":"https:\/\/grupo.us.es\/grieed\/wp-json\/wp\/v2\/pages\/3684"}],"collection":[{"href":"https:\/\/grupo.us.es\/grieed\/wp-json\/wp\/v2\/pages"}],"about":[{"href":"https:\/\/grupo.us.es\/grieed\/wp-json\/wp\/v2\/types\/page"}],"author":[{"embeddable":true,"href":"https:\/\/grupo.us.es\/grieed\/wp-json\/wp\/v2\/users\/1"}],"replies":[{"embeddable":true,"href":"https:\/\/grupo.us.es\/grieed\/wp-json\/wp\/v2\/comments?post=3684"}],"version-history":[{"count":2,"href":"https:\/\/grupo.us.es\/grieed\/wp-json\/wp\/v2\/pages\/3684\/revisions"}],"predecessor-version":[{"id":3686,"href":"https:\/\/grupo.us.es\/grieed\/wp-json\/wp\/v2\/pages\/3684\/revisions\/3686"}],"wp:attachment":[{"href":"https:\/\/grupo.us.es\/grieed\/wp-json\/wp\/v2\/media?parent=3684"}],"curies":[{"name":"wp","href":"https:\/\/api.w.org\/{rel}","templated":true}]}}