{"id":3668,"date":"2022-09-14T11:22:16","date_gmt":"2022-09-14T09:22:16","guid":{"rendered":"https:\/\/eikon.bgoapps.es\/?page_id=3668"},"modified":"2022-09-14T11:30:08","modified_gmt":"2022-09-14T09:30:08","slug":"investigadores","status":"publish","type":"page","link":"https:\/\/grupo.us.es\/greikon\/investigadores\/","title":{"rendered":"Investigadores"},"content":{"rendered":null,"protected":false},"excerpt":{"rendered":"","protected":false},"author":4,"featured_media":0,"parent":0,"menu_order":0,"comment_status":"closed","ping_status":"closed","template":"archive-investigadores.php","meta":{"inline_featured_image":false,"neve_meta_sidebar":"","neve_meta_container":"full-width","neve_meta_enable_content_width":"off","neve_meta_content_width":100,"neve_meta_title_alignment":"","neve_meta_author_avatar":"","neve_post_elements_order":"","neve_meta_disable_header":"","neve_meta_disable_footer":"on","neve_meta_disable_title":"on","_themeisle_gutenberg_block_has_review":false,"_ti_tpc_template_sync":false,"_ti_tpc_template_id":""},"acf":[],"yoast_head":"<!-- This site is optimized with the Yoast SEO plugin v21.8.1 - https:\/\/yoast.com\/wordpress\/plugins\/seo\/ -->\n<title>Investigadores | EIKON<\/title>\n<meta name=\"robots\" content=\"index, follow, max-snippet:-1, max-image-preview:large, max-video-preview:-1\" \/>\n<link rel=\"canonical\" href=\"https:\/\/grupo.us.es\/greikon\/investigadores\/\" \/>\n<meta property=\"og:locale\" content=\"es_ES\" \/>\n<meta property=\"og:type\" content=\"article\" \/>\n<meta property=\"og:title\" content=\"Investigadores | EIKON\" \/>\n<meta property=\"og:url\" content=\"https:\/\/grupo.us.es\/greikon\/investigadores\/\" \/>\n<meta property=\"og:site_name\" content=\"EIKON\" \/>\n<meta property=\"article:modified_time\" content=\"2022-09-14T09:30:08+00:00\" \/>\n<meta name=\"twitter:card\" content=\"summary_large_image\" \/>\n<script type=\"application\/ld+json\" class=\"yoast-schema-graph\">{\"@context\":\"https:\/\/schema.org\",\"@graph\":[{\"@type\":\"WebPage\",\"@id\":\"https:\/\/grupo.us.es\/greikon\/investigadores\/\",\"url\":\"https:\/\/grupo.us.es\/greikon\/investigadores\/\",\"name\":\"Investigadores | EIKON\",\"isPartOf\":{\"@id\":\"https:\/\/grupo.us.es\/greikon\/#website\"},\"datePublished\":\"2022-09-14T09:22:16+00:00\",\"dateModified\":\"2022-09-14T09:30:08+00:00\",\"breadcrumb\":{\"@id\":\"https:\/\/grupo.us.es\/greikon\/investigadores\/#breadcrumb\"},\"inLanguage\":\"es\",\"potentialAction\":[{\"@type\":\"ReadAction\",\"target\":[\"https:\/\/grupo.us.es\/greikon\/investigadores\/\"]}]},{\"@type\":\"BreadcrumbList\",\"@id\":\"https:\/\/grupo.us.es\/greikon\/investigadores\/#breadcrumb\",\"itemListElement\":[{\"@type\":\"ListItem\",\"position\":1,\"name\":\"Portada\",\"item\":\"https:\/\/grupo.us.es\/greikon\/\"},{\"@type\":\"ListItem\",\"position\":2,\"name\":\"Investigadores\"}]},{\"@type\":\"WebSite\",\"@id\":\"https:\/\/grupo.us.es\/greikon\/#website\",\"url\":\"https:\/\/grupo.us.es\/greikon\/\",\"name\":\"EIKON\",\"description\":\"Equipo de investigaci\u00f3n de la imagen y la cultura visual en el \u00e1mbito de la Comunicaci\u00f3n audiovisual\",\"publisher\":{\"@id\":\"https:\/\/grupo.us.es\/greikon\/#organization\"},\"potentialAction\":[{\"@type\":\"SearchAction\",\"target\":{\"@type\":\"EntryPoint\",\"urlTemplate\":\"https:\/\/grupo.us.es\/greikon\/?s={search_term_string}\"},\"query-input\":\"required name=search_term_string\"}],\"inLanguage\":\"es\"},{\"@type\":\"Organization\",\"@id\":\"https:\/\/grupo.us.es\/greikon\/#organization\",\"name\":\"EIKON\",\"url\":\"https:\/\/grupo.us.es\/greikon\/\",\"logo\":{\"@type\":\"ImageObject\",\"inLanguage\":\"es\",\"@id\":\"https:\/\/grupo.us.es\/greikon\/#\/schema\/logo\/image\/\",\"url\":\"https:\/\/grupo.us.es\/greikon\/wp-content\/uploads\/2022\/09\/logo_black.svg\",\"contentUrl\":\"https:\/\/grupo.us.es\/greikon\/wp-content\/uploads\/2022\/09\/logo_black.svg\",\"width\":\"1030\",\"height\":\"1030\",\"caption\":\"EIKON\"},\"image\":{\"@id\":\"https:\/\/grupo.us.es\/greikon\/#\/schema\/logo\/image\/\"}}]}<\/script>\n<!-- \/ Yoast SEO plugin. -->","yoast_head_json":{"title":"Investigadores | EIKON","robots":{"index":"index","follow":"follow","max-snippet":"max-snippet:-1","max-image-preview":"max-image-preview:large","max-video-preview":"max-video-preview:-1"},"canonical":"https:\/\/grupo.us.es\/greikon\/investigadores\/","og_locale":"es_ES","og_type":"article","og_title":"Investigadores | EIKON","og_url":"https:\/\/grupo.us.es\/greikon\/investigadores\/","og_site_name":"EIKON","article_modified_time":"2022-09-14T09:30:08+00:00","twitter_card":"summary_large_image","schema":{"@context":"https:\/\/schema.org","@graph":[{"@type":"WebPage","@id":"https:\/\/grupo.us.es\/greikon\/investigadores\/","url":"https:\/\/grupo.us.es\/greikon\/investigadores\/","name":"Investigadores | EIKON","isPartOf":{"@id":"https:\/\/grupo.us.es\/greikon\/#website"},"datePublished":"2022-09-14T09:22:16+00:00","dateModified":"2022-09-14T09:30:08+00:00","breadcrumb":{"@id":"https:\/\/grupo.us.es\/greikon\/investigadores\/#breadcrumb"},"inLanguage":"es","potentialAction":[{"@type":"ReadAction","target":["https:\/\/grupo.us.es\/greikon\/investigadores\/"]}]},{"@type":"BreadcrumbList","@id":"https:\/\/grupo.us.es\/greikon\/investigadores\/#breadcrumb","itemListElement":[{"@type":"ListItem","position":1,"name":"Portada","item":"https:\/\/grupo.us.es\/greikon\/"},{"@type":"ListItem","position":2,"name":"Investigadores"}]},{"@type":"WebSite","@id":"https:\/\/grupo.us.es\/greikon\/#website","url":"https:\/\/grupo.us.es\/greikon\/","name":"EIKON","description":"Equipo de investigaci\u00f3n de la imagen y la cultura visual en el \u00e1mbito de la Comunicaci\u00f3n audiovisual","publisher":{"@id":"https:\/\/grupo.us.es\/greikon\/#organization"},"potentialAction":[{"@type":"SearchAction","target":{"@type":"EntryPoint","urlTemplate":"https:\/\/grupo.us.es\/greikon\/?s={search_term_string}"},"query-input":"required name=search_term_string"}],"inLanguage":"es"},{"@type":"Organization","@id":"https:\/\/grupo.us.es\/greikon\/#organization","name":"EIKON","url":"https:\/\/grupo.us.es\/greikon\/","logo":{"@type":"ImageObject","inLanguage":"es","@id":"https:\/\/grupo.us.es\/greikon\/#\/schema\/logo\/image\/","url":"https:\/\/grupo.us.es\/greikon\/wp-content\/uploads\/2022\/09\/logo_black.svg","contentUrl":"https:\/\/grupo.us.es\/greikon\/wp-content\/uploads\/2022\/09\/logo_black.svg","width":"1030","height":"1030","caption":"EIKON"},"image":{"@id":"https:\/\/grupo.us.es\/greikon\/#\/schema\/logo\/image\/"}}]}},"_links":{"self":[{"href":"https:\/\/grupo.us.es\/greikon\/wp-json\/wp\/v2\/pages\/3668"}],"collection":[{"href":"https:\/\/grupo.us.es\/greikon\/wp-json\/wp\/v2\/pages"}],"about":[{"href":"https:\/\/grupo.us.es\/greikon\/wp-json\/wp\/v2\/types\/page"}],"author":[{"embeddable":true,"href":"https:\/\/grupo.us.es\/greikon\/wp-json\/wp\/v2\/users\/4"}],"replies":[{"embeddable":true,"href":"https:\/\/grupo.us.es\/greikon\/wp-json\/wp\/v2\/comments?post=3668"}],"version-history":[{"count":2,"href":"https:\/\/grupo.us.es\/greikon\/wp-json\/wp\/v2\/pages\/3668\/revisions"}],"predecessor-version":[{"id":3670,"href":"https:\/\/grupo.us.es\/greikon\/wp-json\/wp\/v2\/pages\/3668\/revisions\/3670"}],"wp:attachment":[{"href":"https:\/\/grupo.us.es\/greikon\/wp-json\/wp\/v2\/media?parent=3668"}],"curies":[{"name":"wp","href":"https:\/\/api.w.org\/{rel}","templated":true}]}}