{"id":3423,"date":"2020-04-01T13:45:10","date_gmt":"2020-04-01T11:45:10","guid":{"rendered":"https:\/\/demosites.io\/pet-shop-gb\/?page_id=22"},"modified":"2022-09-21T09:40:38","modified_gmt":"2022-09-21T07:40:38","slug":"actividades","status":"publish","type":"page","link":"https:\/\/grupo.us.es\/greikon\/actividades\/","title":{"rendered":"Actividades"},"content":{"rendered":"<p>[vc_row][vc_column][vc_column_text]<div class='row text-center'><div class='card-actividades'><div class='cuerpo-actividades'><p class='fecha'>23 de febrero de 2024<\/p><p class='nombre'><a href=https:\/\/grupo.us.es\/greikon\/concurso-de-carteleria-e-imagen-encuentro-cominci-tu-empiezas\/>CONCURSO DE CARTELER\u00cdA E IMAGEN PARA EL ENCUENTRO COMINCI\u2026 T\u00fa empi [...] <\/a><\/p><p class='resumen'>El proyecto de innovaci\u00f3n Cominci&#8230; T\u00fa empiezas convoca un concurso de carteler\u00eda e imagen para el Encuentro Cominci&#8230;T\u00fa empiezas. Todos [...]<\/p><\/div><\/div><div class='card-actividades'><div class='cuerpo-actividades'><p class='fecha'>22 de febrero de 2024<\/p><p class='nombre'><a href=https:\/\/grupo.us.es\/greikon\/divulgar-la-ciencia-a-traves-del-audiovisual-ii\/>Divulgar la ciencia a trav\u00e9s del audiovisual II\u00a0 <\/a><\/p><p class='resumen'>Representantes del proyecto de innovaci\u00f3n docente Cominci\u2026 T\u00fa empiezas realizan una visita al CAI CREAV de la UCM. El objetivo de la visita fue co [...]<\/p><\/div><\/div><div class='card-actividades'><div class='cuerpo-actividades'><p class='fecha'>22 de febrero de 2024<\/p><p class='nombre'><a href=https:\/\/grupo.us.es\/greikon\/divulgar-la-ciencia-a-traves-del-audiovisual\/>Divulgar la ciencia a trav\u00e9s del audiovisual I <\/a><\/p><p class='resumen'>El 17 de octubre de 2023 tuvo lugar en la Sala Home Cinema de la Facultad de Comunicaci\u00f3n de la Universidad de Sevilla el seminario Divulgar la cienc [...]<\/p><\/div><\/div><div class='card-actividades'><div class='cuerpo-actividades'><p class='fecha'>29 de enero de 2024<\/p><p class='nombre'><a href=https:\/\/grupo.us.es\/greikon\/el-realizador-audiovisual-david-flecha-imparte-una-charla-en-la-facultad-de-comunicacion\/>El realizador audiovisual David Flecha imparte una charla en la Facult [...] <\/a><\/p><p class='resumen'>El pr\u00f3ximo d\u00eda 2 de febrero de 2024 de 11:00 &#8211; 13:00 tendr\u00e1 lugar en el Sal\u00f3n de Actos de la Facultad de Comunicaci\u00f3n una charla a cargo de [...]<\/p><\/div><\/div><div class='card-actividades'><div class='cuerpo-actividades'><p class='fecha'>15 de diciembre de 2022<\/p><p class='nombre'><a href=https:\/\/grupo.us.es\/greikon\/el-cortometraje-documental-hacer-lo-imposible-ganador-el-tercer-premio-en-el-vi-certamen-de-cortos-de-la-provincia-de-sevilla\/>El cortometraje documental Hacer lo [im]posible, ganador el tercer pre [...] <\/a><\/p><p class='resumen'>El segundo cortometraje documental de los profesores \u00c1ngeles Mart\u00ednez y Antonio G\u00f3mez dirigido junto al realizador Paco Ortiz y producido por Sarao [...]<\/p><\/div><\/div><div class='card-actividades'><div class='cuerpo-actividades'><p class='fecha'>9 de noviembre de 2022<\/p><p class='nombre'><a href=https:\/\/grupo.us.es\/greikon\/ii-congreso-internacional-marca-territorio-y-deporte\/>II Congreso Internacional Marca, Territorio y Deporte <\/a><\/p><p class='resumen'>El profesor Joaqu\u00edn Mar\u00edn participa durante los d\u00edas 10 y 11 de noviembre en la\u00a0segunda edici\u00f3n del Congreso Internacional Marca, Territorio y De [...]<\/p><\/div><\/div><div class='card-actividades'><div class='cuerpo-actividades'><p class='fecha'>8 de noviembre de 2022<\/p><p class='nombre'><a href=https:\/\/grupo.us.es\/greikon\/mesa-redonda-respuestas-metodologicas-en-la-escuela-doctoral-de-otono\/>Mesa redonda Respuestas Metodol\u00f3gicas en la Escuela Doctoral de Oto\u00f1 [...] <\/a><\/p><p class='resumen'>La profesora \u00c1ngeles Mart\u00ednez Garc\u00eda participa en la mesa redonda Respuestas metodol\u00f3gicas de la Escuela Doctoral de Oto\u00f1o del Programa de Doctor [...]<\/p><\/div><\/div><div class='card-actividades'><div class='cuerpo-actividades'><p class='fecha'>4 de noviembre de 2022<\/p><p class='nombre'><a href=https:\/\/grupo.us.es\/greikon\/charla-coloquio-washington-irving-en-el-cine\/>Charla-coloquio Washington Irving en el cine <\/a><\/p><p class='resumen'>El s\u00e1bado\u00a019 de noviembre de 2022, M\u00f3nica Barrientos intervendr\u00e1 en Las charlas del bot\u00e1nico:\u00a0Algunas leyendas, un jinete y ninguna cabeza: Wash [...]<\/p><\/div><\/div><div class='card-actividades'><div class='cuerpo-actividades'><p class='fecha'>19 de septiembre de 2022<\/p><p class='nombre'><a href=https:\/\/grupo.us.es\/greikon\/publicacion-del-libro-iconos-de-la-moncloa-una-aproximacion-a-la-imagen-de-los-presidentes-del-gobierno-de-espana-desde-la-transicion\/>Publicaci\u00f3n del libro \u201cIconos de la Moncloa. Una aproximaci\u00f3n a la [...] <\/a><\/p><p class='resumen'>El grupo de investigaci\u00f3n EIKON publica su primer volumen colectivo. [...]<\/p><\/div><\/div><\/div>[\/vc_column_text][\/vc_column][\/vc_row]<\/p>\n","protected":false},"excerpt":{"rendered":"<p>[vc_row][vc_column][vc_column_text][\/vc_column_text][\/vc_column][\/vc_row]<\/p>\n","protected":false},"author":4,"featured_media":0,"parent":0,"menu_order":0,"comment_status":"closed","ping_status":"closed","template":"","meta":{"inline_featured_image":false,"neve_meta_sidebar":"","neve_meta_container":"","neve_meta_enable_content_width":"off","neve_meta_content_width":100,"neve_meta_title_alignment":"","neve_meta_author_avatar":"","neve_post_elements_order":"","neve_meta_disable_header":"","neve_meta_disable_footer":"","neve_meta_disable_title":"","_themeisle_gutenberg_block_has_review":false,"_ti_tpc_template_sync":false,"_ti_tpc_template_id":""},"acf":[],"yoast_head":"<!-- This site is optimized with the Yoast SEO plugin v21.8.1 - https:\/\/yoast.com\/wordpress\/plugins\/seo\/ -->\n<title>Actividades | EIKON<\/title>\n<meta name=\"robots\" content=\"index, follow, max-snippet:-1, max-image-preview:large, max-video-preview:-1\" \/>\n<link rel=\"canonical\" href=\"https:\/\/grupo.us.es\/greikon\/actividades\/\" \/>\n<meta property=\"og:locale\" content=\"es_ES\" \/>\n<meta property=\"og:type\" content=\"article\" \/>\n<meta property=\"og:title\" content=\"Actividades | EIKON\" \/>\n<meta property=\"og:description\" content=\"[vc_row][vc_column][vc_column_text][\/vc_column_text][\/vc_column][\/vc_row]\" \/>\n<meta property=\"og:url\" content=\"https:\/\/grupo.us.es\/greikon\/actividades\/\" \/>\n<meta property=\"og:site_name\" content=\"EIKON\" \/>\n<meta property=\"article:modified_time\" content=\"2022-09-21T07:40:38+00:00\" \/>\n<meta name=\"twitter:card\" content=\"summary_large_image\" \/>\n<meta name=\"twitter:label1\" content=\"Tiempo de lectura\" \/>\n\t<meta name=\"twitter:data1\" content=\"1 minuto\" \/>\n<script type=\"application\/ld+json\" class=\"yoast-schema-graph\">{\"@context\":\"https:\/\/schema.org\",\"@graph\":[{\"@type\":\"WebPage\",\"@id\":\"https:\/\/grupo.us.es\/greikon\/actividades\/\",\"url\":\"https:\/\/grupo.us.es\/greikon\/actividades\/\",\"name\":\"Actividades | EIKON\",\"isPartOf\":{\"@id\":\"https:\/\/grupo.us.es\/greikon\/#website\"},\"datePublished\":\"2020-04-01T11:45:10+00:00\",\"dateModified\":\"2022-09-21T07:40:38+00:00\",\"breadcrumb\":{\"@id\":\"https:\/\/grupo.us.es\/greikon\/actividades\/#breadcrumb\"},\"inLanguage\":\"es\",\"potentialAction\":[{\"@type\":\"ReadAction\",\"target\":[\"https:\/\/grupo.us.es\/greikon\/actividades\/\"]}]},{\"@type\":\"BreadcrumbList\",\"@id\":\"https:\/\/grupo.us.es\/greikon\/actividades\/#breadcrumb\",\"itemListElement\":[{\"@type\":\"ListItem\",\"position\":1,\"name\":\"Portada\",\"item\":\"https:\/\/grupo.us.es\/greikon\/\"},{\"@type\":\"ListItem\",\"position\":2,\"name\":\"Actividades\"}]},{\"@type\":\"WebSite\",\"@id\":\"https:\/\/grupo.us.es\/greikon\/#website\",\"url\":\"https:\/\/grupo.us.es\/greikon\/\",\"name\":\"EIKON\",\"description\":\"Equipo de investigaci\u00f3n de la imagen y la cultura visual en el \u00e1mbito de la Comunicaci\u00f3n audiovisual\",\"publisher\":{\"@id\":\"https:\/\/grupo.us.es\/greikon\/#organization\"},\"potentialAction\":[{\"@type\":\"SearchAction\",\"target\":{\"@type\":\"EntryPoint\",\"urlTemplate\":\"https:\/\/grupo.us.es\/greikon\/?s={search_term_string}\"},\"query-input\":\"required name=search_term_string\"}],\"inLanguage\":\"es\"},{\"@type\":\"Organization\",\"@id\":\"https:\/\/grupo.us.es\/greikon\/#organization\",\"name\":\"EIKON\",\"url\":\"https:\/\/grupo.us.es\/greikon\/\",\"logo\":{\"@type\":\"ImageObject\",\"inLanguage\":\"es\",\"@id\":\"https:\/\/grupo.us.es\/greikon\/#\/schema\/logo\/image\/\",\"url\":\"https:\/\/grupo.us.es\/greikon\/wp-content\/uploads\/2022\/09\/logo_black.svg\",\"contentUrl\":\"https:\/\/grupo.us.es\/greikon\/wp-content\/uploads\/2022\/09\/logo_black.svg\",\"width\":\"1030\",\"height\":\"1030\",\"caption\":\"EIKON\"},\"image\":{\"@id\":\"https:\/\/grupo.us.es\/greikon\/#\/schema\/logo\/image\/\"}}]}<\/script>\n<!-- \/ Yoast SEO plugin. -->","yoast_head_json":{"title":"Actividades | EIKON","robots":{"index":"index","follow":"follow","max-snippet":"max-snippet:-1","max-image-preview":"max-image-preview:large","max-video-preview":"max-video-preview:-1"},"canonical":"https:\/\/grupo.us.es\/greikon\/actividades\/","og_locale":"es_ES","og_type":"article","og_title":"Actividades | EIKON","og_description":"[vc_row][vc_column][vc_column_text][\/vc_column_text][\/vc_column][\/vc_row]","og_url":"https:\/\/grupo.us.es\/greikon\/actividades\/","og_site_name":"EIKON","article_modified_time":"2022-09-21T07:40:38+00:00","twitter_card":"summary_large_image","twitter_misc":{"Tiempo de lectura":"1 minuto"},"schema":{"@context":"https:\/\/schema.org","@graph":[{"@type":"WebPage","@id":"https:\/\/grupo.us.es\/greikon\/actividades\/","url":"https:\/\/grupo.us.es\/greikon\/actividades\/","name":"Actividades | EIKON","isPartOf":{"@id":"https:\/\/grupo.us.es\/greikon\/#website"},"datePublished":"2020-04-01T11:45:10+00:00","dateModified":"2022-09-21T07:40:38+00:00","breadcrumb":{"@id":"https:\/\/grupo.us.es\/greikon\/actividades\/#breadcrumb"},"inLanguage":"es","potentialAction":[{"@type":"ReadAction","target":["https:\/\/grupo.us.es\/greikon\/actividades\/"]}]},{"@type":"BreadcrumbList","@id":"https:\/\/grupo.us.es\/greikon\/actividades\/#breadcrumb","itemListElement":[{"@type":"ListItem","position":1,"name":"Portada","item":"https:\/\/grupo.us.es\/greikon\/"},{"@type":"ListItem","position":2,"name":"Actividades"}]},{"@type":"WebSite","@id":"https:\/\/grupo.us.es\/greikon\/#website","url":"https:\/\/grupo.us.es\/greikon\/","name":"EIKON","description":"Equipo de investigaci\u00f3n de la imagen y la cultura visual en el \u00e1mbito de la Comunicaci\u00f3n audiovisual","publisher":{"@id":"https:\/\/grupo.us.es\/greikon\/#organization"},"potentialAction":[{"@type":"SearchAction","target":{"@type":"EntryPoint","urlTemplate":"https:\/\/grupo.us.es\/greikon\/?s={search_term_string}"},"query-input":"required name=search_term_string"}],"inLanguage":"es"},{"@type":"Organization","@id":"https:\/\/grupo.us.es\/greikon\/#organization","name":"EIKON","url":"https:\/\/grupo.us.es\/greikon\/","logo":{"@type":"ImageObject","inLanguage":"es","@id":"https:\/\/grupo.us.es\/greikon\/#\/schema\/logo\/image\/","url":"https:\/\/grupo.us.es\/greikon\/wp-content\/uploads\/2022\/09\/logo_black.svg","contentUrl":"https:\/\/grupo.us.es\/greikon\/wp-content\/uploads\/2022\/09\/logo_black.svg","width":"1030","height":"1030","caption":"EIKON"},"image":{"@id":"https:\/\/grupo.us.es\/greikon\/#\/schema\/logo\/image\/"}}]}},"_links":{"self":[{"href":"https:\/\/grupo.us.es\/greikon\/wp-json\/wp\/v2\/pages\/3423"}],"collection":[{"href":"https:\/\/grupo.us.es\/greikon\/wp-json\/wp\/v2\/pages"}],"about":[{"href":"https:\/\/grupo.us.es\/greikon\/wp-json\/wp\/v2\/types\/page"}],"author":[{"embeddable":true,"href":"https:\/\/grupo.us.es\/greikon\/wp-json\/wp\/v2\/users\/4"}],"replies":[{"embeddable":true,"href":"https:\/\/grupo.us.es\/greikon\/wp-json\/wp\/v2\/comments?post=3423"}],"version-history":[{"count":6,"href":"https:\/\/grupo.us.es\/greikon\/wp-json\/wp\/v2\/pages\/3423\/revisions"}],"predecessor-version":[{"id":3719,"href":"https:\/\/grupo.us.es\/greikon\/wp-json\/wp\/v2\/pages\/3423\/revisions\/3719"}],"wp:attachment":[{"href":"https:\/\/grupo.us.es\/greikon\/wp-json\/wp\/v2\/media?parent=3423"}],"curies":[{"name":"wp","href":"https:\/\/api.w.org\/{rel}","templated":true}]}}