{"id":26,"date":"2019-03-12T09:21:40","date_gmt":"2019-03-12T09:21:40","guid":{"rendered":"https:\/\/eikon.bgoapps.es\/?page_id=26"},"modified":"2022-12-01T14:00:34","modified_gmt":"2022-12-01T13:00:34","slug":"politica-de-privacidad","status":"publish","type":"page","link":"https:\/\/grupo.us.es\/greikon\/politica-de-privacidad\/","title":{"rendered":"Pol\u00edtica de Privacidad"},"content":{"rendered":"<div id=\"output\">\n<p>En cumplimiento del derecho a la informaci\u00f3n que se incorpora en el Reglamento (UE) 2016\/679 del Parlamento Europeo y del Consejo de 27 de abril de 2016, sobre protecci\u00f3n de datos de las personas f\u00edsicas y en la Ley Org\u00e1nica 3\/2018, de 5 de diciembre de Protecci\u00f3n de Datos Personales y Garant\u00edas de los Derechos Digitales, se informa que UNIVERSIDAD DE SEVILLA es el titular del sitio web y le comunica a continuaci\u00f3n el tratamiento que realiza de sus datos personales.<\/p>\n<p>La UNIVERSIDAD DE SEVILLA garantiza que los datos personales de sus Usuarios ser\u00e1n tratados conforme a los principios de transparencia, limitaci\u00f3n de la finalidad, minimizaci\u00f3n de datos, exactitud, integridad y confidencialidad, cumpliendo en todo caso con las obligaciones y garant\u00edas derivadas de la normativa.<\/p>\n<p><strong>1.1. Informaci\u00f3n sobre el Responsable de los Datos <\/strong><\/p>\n<p>Los datos identificativos del Responsable del Tratamiento de este sitio web son los que se exponen a continuaci\u00f3n:<\/p>\n<ul>\n<li>La UNIVERSIDAD DE SEVILLA es una instituci\u00f3n p\u00fablica educativa.<\/li>\n<li>La UNIVERSIDAD DE SEVILLA est\u00e1 provista de C.I.F. n\u00ba Q-4118001-I<\/li>\n<li>La sede de la UNIVERSIDAD DE SEVILLA se encuentra en:<\/li>\n<li>C\/ S. Fernando, 4 (C.P. 41004) SEVILLA, ESPA\u00d1A<\/li>\n<li>Grupo EIKON, el Equipo de Investigaci\u00f3n de la Imagen y la Cultura Visual en el \u00c1mbito de la Comunicaci\u00f3n Audiovisual (HUM1013), del DPTO. DE COMUNICACI\u00d3N AUDIOVISUAL Y PUBLICIDAD de la UNIVERSIDAD DE SEVILLA, adelante GRUPO EIKON.<\/li>\n<\/ul>\n<p><strong>1.2. \u00bfCon que finalidad recabamos sus datos?<\/strong><\/p>\n<p>Como Responsables de sus datos nos gustar\u00eda informarles las finalidades que tenemos para recoger sus datos, son:<\/p>\n<ul>\n<li>Contacto con los interesados.<\/li>\n<li>Informaci\u00f3n sobre las actividades de Grupo EIKON, el Equipo de Investigaci\u00f3n de la Imagen y la Cultura Visual en el \u00c1mbito de la Comunicaci\u00f3n Audiovisual (HUM1013), del DPTO. DE COMUNICACI\u00d3N AUDIOVISUAL Y PUBLICIDAD de la UNIVERSIDAD DE SEVILLA<\/li>\n<\/ul>\n<p>&nbsp;<\/p>\n<p><strong>1.3. \u00bfC\u00f3mo obtenemos sus datos?\u00a0<\/strong><\/p>\n<p>Los datos se recogen mediante los formularios de suscripci\u00f3n a las jornada y eventos que se encuentran en este sitio web. La procedencia de estos datos es responsabilidad del usuario, debiendo garantizar la autenticidad y actualizaci\u00f3n de todos los datos que comunique a la UNIVERSIDAD DE SEVILLA, siendo responsable de los datos falsos o inexactos que aporte.<\/p>\n<p><strong>1.4. \u00bfCu\u00e1l es la legitimaci\u00f3n para el tratamiento de la informaci\u00f3n personal?\u00a0\u00a0<\/strong><\/p>\n<p>Para el tratamiento de su informaci\u00f3n personal necesitamos la legitimaci\u00f3n necesaria para el cumplimiento de las finalidades que le hemos indicado anteriormente. Las bases legales sobre las que se fundamenta nuestro tratamiento son las siguientes:<\/p>\n<ul>\n<li>El propio consentimiento del interesado, al aceptar otorgar sus datos a la UNIVERSIDAD DE SEVILLA en los formularios de recogida de datos al inscribirse para recibir la informaci\u00f3n sobre las mismas, as\u00ed como aceptar la Pol\u00edtica de Privacidad del presente sitio web.<\/li>\n<\/ul>\n<p><strong>1.5. Plazo de conservaci\u00f3n de los datos personales.<\/strong><\/p>\n<p>En cumplimiento del principio de limitaci\u00f3n de plazo y seg\u00fan lo dispuesto en la normativa vigente que sea de aplicaci\u00f3n, le informamos que los datos personales se conservar\u00e1n y ser\u00e1n tratados durante el tiempo estrictamente necesario y para las finalidades para las que hayan sido recabados en cada caso, y siempre que se mantenga una relaci\u00f3n contractual y\/o comercial entre las partes, mientras no ejerza su derecho de supresi\u00f3n, cancelaci\u00f3n y\/o limitaci\u00f3n del tratamiento de estos. En estos casos mantendremos los datos debidamente bloqueados, sin darle ning\u00fan tipo de uso, mientras puedan ser necesarios para el ejercicio o defensa de reclamaciones o pueda derivarse alg\u00fan tipo de responsabilidad judicial, legal o contractual de su tratamiento, que deba ser atendida y para lo cual sea necesaria su recuperaci\u00f3n y s\u00f3lo durante los plazos de prescripci\u00f3n de dichas responsabilidades. Una vez cumplidos dichos plazos, se eliminar\u00e1n definitivamente mediante m\u00e9todos seguros garantizados.<\/p>\n<p>No obstante, por disposici\u00f3n legal obligatoria se puede establecer un plazo de conservaci\u00f3n superior por motivos de seguridad jur\u00eddica y para atender a las reclamaciones de los usuarios.<\/p>\n<p><strong>1.6. \u00bfC\u00f3mo puede ejercer Usted sus Derechos?<\/strong><\/p>\n<p>Como usuario a Ud. le corresponden los siguientes derechos sobre su informaci\u00f3n personal.<\/p>\n<ul>\n<li>Derecho a solicitar el acceso a la informaci\u00f3n personal que recabamos, pudiendo tener control sobre la misma.<\/li>\n<li>Derecho a solicitar la rectificaci\u00f3n de los datos inexactos.<\/li>\n<li>Derecho a solicitar la supresi\u00f3n o la cancelaci\u00f3n de estos (derecho al olvido) cuando los datos no sean necesarios para la finalidad con la que fueron recogidos.<\/li>\n<li>Derecho a solicitar la limitaci\u00f3n de decisiones individuales automatizadas.<\/li>\n<li>Derecho de limitaci\u00f3n del tratamiento de su informaci\u00f3n personal, solicit\u00e1ndonos la conservaci\u00f3n de la misma.<\/li>\n<li>Derecho a oponerse al tratamiento de sus datos en determinadas circunstancias, y por motivos relacionados con su situaci\u00f3n particular. Su informaci\u00f3n personal dejar\u00e1 de tratarse para aquellas finalidades respecto de las que haya manifestado su oposici\u00f3n.<\/li>\n<li>Derecho a solicitar la portabilidad de sus datos a otro responsable de tratamiento.<\/li>\n<li>Derecho a presentar una reclamaci\u00f3n ante la Agencia Espa\u00f1ola de Protecci\u00f3n de Datos, mediante su propia p\u00e1gina web: <a href=\"https:\/\/www.aepd.es\/index.html\">https:\/\/www.aepd.es\/index.html<\/a>.<\/li>\n<\/ul>\n<p>Usted podr\u00e1 ejercer sus derechos sin coste alguno, y a recibir una respuesta en los plazos establecidos por la legislaci\u00f3n vigente en materia de protecci\u00f3n de datos, mediante solicitud escrita y firmada dirigida al Grupo EIKON, el Equipo de Investigaci\u00f3n de la Imagen y la Cultura Visual en el \u00c1mbito de la Comunicaci\u00f3n Audiovisual (HUM1013), del DPTO. DE COMUNICACI\u00d3N AUDIOVISUAL Y PUBLICIDAD de la UNIVERSIDAD DE SEVILLA, incluyendo la referencia Protecci\u00f3n de datos.<\/p>\n<p><strong>\u00a01.7.- Decisiones automatizadas sobre datos personales.<\/strong><\/p>\n<p>La UNIVERSIDAD DE SEVILLA garantiza que no se llevar\u00e1n a cabo decisiones automatizadas, perfiles o l\u00f3gicas de los datos personales.<\/p>\n<p><strong>\u00a01.8.- Medidas de seguridad y confidencialidad en el tratamiento de sus datos personales.<\/strong><\/p>\n<p>Nos preocupamos por garantizar la seguridad, el secreto y la confidencialidad de los datos personales de nuestros Usuarios. Por ello, en cumplimiento de la legislaci\u00f3n vigente, la UNIVERSIDAD DE SEVILLA, se compromete a adoptar rigurosas medidas de seguridad y medios t\u00e9cnicos adecuados para evitar la p\u00e9rdida, mal uso o un acceso no autorizado a sus datos personales.<\/p>\n<p>De esta forma, los datos personales que la UNIVERSIDAD DE SEVILLA recabe a trav\u00e9s del grupo EIKON por medios de las comunicaciones o contacto que pueda tener con los Usuarios, ser\u00e1n tratados con absoluta confidencialidad, comprometi\u00e9ndonos a guardar secreto respecto de estos y garantizando el deber de guardarlos adoptando todas las medidas necesarias y razonables que eviten su alteraci\u00f3n, p\u00e9rdida y tratamiento o acceso no autorizado, de acuerdo con lo establecido en la legislaci\u00f3n aplicable.<\/p>\n<p><strong>1.9. Actualizaciones y modificaciones<\/strong><\/p>\n<p>La UNIVERSIDAD DE SEVILLA se reserva el derecho de modificar y\/o actualizar la informaci\u00f3n sobre protecci\u00f3n de datos cuando sea necesario para el correcto cumplimiento del Reglamento de Protecci\u00f3n de Datos o de la Ley Org\u00e1nica de Protecci\u00f3n de Datos y Garant\u00edas de Derechos Digitales. Si se produjera alguna modificaci\u00f3n, el nuevo texto ser\u00e1 publicado en esta p\u00e1gina, donde podr\u00e1 tener acceso a la pol\u00edtica actual. En cada caso, la relaci\u00f3n con los usuarios se regir\u00e1 por las normas previstas en el momento preciso en que se accede al web. Estas condiciones de uso se rigen por la legislaci\u00f3n espa\u00f1ola.<\/p>\n<p>&nbsp;<\/p>\n<p><em>Modificado el 30 de noviembre de 2022<\/em><\/p>\n<\/div>\n","protected":false},"excerpt":{"rendered":"<p>En cumplimiento del derecho a la informaci\u00f3n que se incorpora en el Reglamento (UE) 2016\/679 del Parlamento Europeo y del Consejo de 27 de abril de 2016, sobre protecci\u00f3n de&hellip;&nbsp;<a href=\"https:\/\/grupo.us.es\/greikon\/politica-de-privacidad\/\" class=\"\" rel=\"bookmark\">Leer m\u00e1s &raquo;<span class=\"screen-reader-text\">Pol\u00edtica de Privacidad<\/span><\/a><\/p>\n","protected":false},"author":4,"featured_media":0,"parent":0,"menu_order":0,"comment_status":"closed","ping_status":"closed","template":"","meta":{"inline_featured_image":false,"neve_meta_sidebar":"","neve_meta_container":"","neve_meta_enable_content_width":"off","neve_meta_content_width":100,"neve_meta_title_alignment":"","neve_meta_author_avatar":"","neve_post_elements_order":"","neve_meta_disable_header":"","neve_meta_disable_footer":"","neve_meta_disable_title":"","_themeisle_gutenberg_block_has_review":false,"_ti_tpc_template_sync":false,"_ti_tpc_template_id":""},"acf":[],"yoast_head":"<!-- This site is optimized with the Yoast SEO plugin v21.8.1 - https:\/\/yoast.com\/wordpress\/plugins\/seo\/ -->\n<title>Pol\u00edtica de Privacidad | EIKON<\/title>\n<meta name=\"robots\" content=\"noindex, nofollow\" \/>\n<meta property=\"og:locale\" content=\"es_ES\" \/>\n<meta property=\"og:type\" content=\"article\" \/>\n<meta property=\"og:title\" content=\"Pol\u00edtica de Privacidad | EIKON\" \/>\n<meta property=\"og:description\" content=\"En cumplimiento del derecho a la informaci\u00f3n que se incorpora en el Reglamento (UE) 2016\/679 del Parlamento Europeo y del Consejo de 27 de abril de 2016, sobre protecci\u00f3n de&hellip;&nbsp;Leer m\u00e1s &raquo;Pol\u00edtica de Privacidad\" \/>\n<meta property=\"og:url\" content=\"https:\/\/grupo.us.es\/greikon\/politica-de-privacidad\/\" \/>\n<meta property=\"og:site_name\" content=\"EIKON\" \/>\n<meta property=\"article:modified_time\" content=\"2022-12-01T13:00:34+00:00\" \/>\n<meta name=\"twitter:card\" content=\"summary_large_image\" \/>\n<meta name=\"twitter:label1\" content=\"Tiempo de lectura\" \/>\n\t<meta name=\"twitter:data1\" content=\"6 minutos\" \/>\n<script type=\"application\/ld+json\" class=\"yoast-schema-graph\">{\"@context\":\"https:\/\/schema.org\",\"@graph\":[{\"@type\":\"WebPage\",\"@id\":\"https:\/\/grupo.us.es\/greikon\/politica-de-privacidad\/\",\"url\":\"https:\/\/grupo.us.es\/greikon\/politica-de-privacidad\/\",\"name\":\"Pol\u00edtica de Privacidad | EIKON\",\"isPartOf\":{\"@id\":\"https:\/\/grupo.us.es\/greikon\/#website\"},\"datePublished\":\"2019-03-12T09:21:40+00:00\",\"dateModified\":\"2022-12-01T13:00:34+00:00\",\"breadcrumb\":{\"@id\":\"https:\/\/grupo.us.es\/greikon\/politica-de-privacidad\/#breadcrumb\"},\"inLanguage\":\"es\",\"potentialAction\":[{\"@type\":\"ReadAction\",\"target\":[\"https:\/\/grupo.us.es\/greikon\/politica-de-privacidad\/\"]}]},{\"@type\":\"BreadcrumbList\",\"@id\":\"https:\/\/grupo.us.es\/greikon\/politica-de-privacidad\/#breadcrumb\",\"itemListElement\":[{\"@type\":\"ListItem\",\"position\":1,\"name\":\"Portada\",\"item\":\"https:\/\/grupo.us.es\/greikon\/\"},{\"@type\":\"ListItem\",\"position\":2,\"name\":\"Pol\u00edtica de Privacidad\"}]},{\"@type\":\"WebSite\",\"@id\":\"https:\/\/grupo.us.es\/greikon\/#website\",\"url\":\"https:\/\/grupo.us.es\/greikon\/\",\"name\":\"EIKON\",\"description\":\"Equipo de investigaci\u00f3n de la imagen y la cultura visual en el \u00e1mbito de la Comunicaci\u00f3n audiovisual\",\"publisher\":{\"@id\":\"https:\/\/grupo.us.es\/greikon\/#organization\"},\"potentialAction\":[{\"@type\":\"SearchAction\",\"target\":{\"@type\":\"EntryPoint\",\"urlTemplate\":\"https:\/\/grupo.us.es\/greikon\/?s={search_term_string}\"},\"query-input\":\"required name=search_term_string\"}],\"inLanguage\":\"es\"},{\"@type\":\"Organization\",\"@id\":\"https:\/\/grupo.us.es\/greikon\/#organization\",\"name\":\"EIKON\",\"url\":\"https:\/\/grupo.us.es\/greikon\/\",\"logo\":{\"@type\":\"ImageObject\",\"inLanguage\":\"es\",\"@id\":\"https:\/\/grupo.us.es\/greikon\/#\/schema\/logo\/image\/\",\"url\":\"https:\/\/grupo.us.es\/greikon\/wp-content\/uploads\/2022\/09\/logo_black.svg\",\"contentUrl\":\"https:\/\/grupo.us.es\/greikon\/wp-content\/uploads\/2022\/09\/logo_black.svg\",\"width\":\"1030\",\"height\":\"1030\",\"caption\":\"EIKON\"},\"image\":{\"@id\":\"https:\/\/grupo.us.es\/greikon\/#\/schema\/logo\/image\/\"}}]}<\/script>\n<!-- \/ Yoast SEO plugin. -->","yoast_head_json":{"title":"Pol\u00edtica de Privacidad | EIKON","robots":{"index":"noindex","follow":"nofollow"},"og_locale":"es_ES","og_type":"article","og_title":"Pol\u00edtica de Privacidad | EIKON","og_description":"En cumplimiento del derecho a la informaci\u00f3n que se incorpora en el Reglamento (UE) 2016\/679 del Parlamento Europeo y del Consejo de 27 de abril de 2016, sobre protecci\u00f3n de&hellip;&nbsp;Leer m\u00e1s &raquo;Pol\u00edtica de Privacidad","og_url":"https:\/\/grupo.us.es\/greikon\/politica-de-privacidad\/","og_site_name":"EIKON","article_modified_time":"2022-12-01T13:00:34+00:00","twitter_card":"summary_large_image","twitter_misc":{"Tiempo de lectura":"6 minutos"},"schema":{"@context":"https:\/\/schema.org","@graph":[{"@type":"WebPage","@id":"https:\/\/grupo.us.es\/greikon\/politica-de-privacidad\/","url":"https:\/\/grupo.us.es\/greikon\/politica-de-privacidad\/","name":"Pol\u00edtica de Privacidad | EIKON","isPartOf":{"@id":"https:\/\/grupo.us.es\/greikon\/#website"},"datePublished":"2019-03-12T09:21:40+00:00","dateModified":"2022-12-01T13:00:34+00:00","breadcrumb":{"@id":"https:\/\/grupo.us.es\/greikon\/politica-de-privacidad\/#breadcrumb"},"inLanguage":"es","potentialAction":[{"@type":"ReadAction","target":["https:\/\/grupo.us.es\/greikon\/politica-de-privacidad\/"]}]},{"@type":"BreadcrumbList","@id":"https:\/\/grupo.us.es\/greikon\/politica-de-privacidad\/#breadcrumb","itemListElement":[{"@type":"ListItem","position":1,"name":"Portada","item":"https:\/\/grupo.us.es\/greikon\/"},{"@type":"ListItem","position":2,"name":"Pol\u00edtica de Privacidad"}]},{"@type":"WebSite","@id":"https:\/\/grupo.us.es\/greikon\/#website","url":"https:\/\/grupo.us.es\/greikon\/","name":"EIKON","description":"Equipo de investigaci\u00f3n de la imagen y la cultura visual en el \u00e1mbito de la Comunicaci\u00f3n audiovisual","publisher":{"@id":"https:\/\/grupo.us.es\/greikon\/#organization"},"potentialAction":[{"@type":"SearchAction","target":{"@type":"EntryPoint","urlTemplate":"https:\/\/grupo.us.es\/greikon\/?s={search_term_string}"},"query-input":"required name=search_term_string"}],"inLanguage":"es"},{"@type":"Organization","@id":"https:\/\/grupo.us.es\/greikon\/#organization","name":"EIKON","url":"https:\/\/grupo.us.es\/greikon\/","logo":{"@type":"ImageObject","inLanguage":"es","@id":"https:\/\/grupo.us.es\/greikon\/#\/schema\/logo\/image\/","url":"https:\/\/grupo.us.es\/greikon\/wp-content\/uploads\/2022\/09\/logo_black.svg","contentUrl":"https:\/\/grupo.us.es\/greikon\/wp-content\/uploads\/2022\/09\/logo_black.svg","width":"1030","height":"1030","caption":"EIKON"},"image":{"@id":"https:\/\/grupo.us.es\/greikon\/#\/schema\/logo\/image\/"}}]}},"_links":{"self":[{"href":"https:\/\/grupo.us.es\/greikon\/wp-json\/wp\/v2\/pages\/26"}],"collection":[{"href":"https:\/\/grupo.us.es\/greikon\/wp-json\/wp\/v2\/pages"}],"about":[{"href":"https:\/\/grupo.us.es\/greikon\/wp-json\/wp\/v2\/types\/page"}],"author":[{"embeddable":true,"href":"https:\/\/grupo.us.es\/greikon\/wp-json\/wp\/v2\/users\/4"}],"replies":[{"embeddable":true,"href":"https:\/\/grupo.us.es\/greikon\/wp-json\/wp\/v2\/comments?post=26"}],"version-history":[{"count":3,"href":"https:\/\/grupo.us.es\/greikon\/wp-json\/wp\/v2\/pages\/26\/revisions"}],"predecessor-version":[{"id":3914,"href":"https:\/\/grupo.us.es\/greikon\/wp-json\/wp\/v2\/pages\/26\/revisions\/3914"}],"wp:attachment":[{"href":"https:\/\/grupo.us.es\/greikon\/wp-json\/wp\/v2\/media?parent=26"}],"curies":[{"name":"wp","href":"https:\/\/api.w.org\/{rel}","templated":true}]}}