{"id":66,"date":"2020-07-08T20:06:16","date_gmt":"2020-07-08T20:06:16","guid":{"rendered":"https:\/\/192.168.0.27\/wordpress\/?page_id=62"},"modified":"2025-03-30T10:33:43","modified_gmt":"2025-03-30T10:33:43","slug":"en","status":"publish","type":"page","link":"https:\/\/grupo.us.es\/gepoc\/","title":{"rendered":"Home"},"content":{"rendered":"\n<div class=\"wp-block-columns is-layout-flex wp-container-core-columns-is-layout-1 wp-block-columns-is-layout-flex\">\n<div class=\"wp-block-column is-layout-flow wp-block-column-is-layout-flow\">\n<h2 class=\"wp-block-heading\">Description<\/h2>\n\n\n\n<p>The main expertise of the group is in the development of predictive controllers, which encompasses the four main research lines. In particular we are focused on the stable and robust design of predictive controllers in regulation and tracking, economic optimization, learning based predictive control.<\/p>\n\n\n\n<p>The group has also experience in the development of tailored optimization solvers, allowing us to implement predictive controllers in industrial embedded systems such as regular PLCs and microcontrollers.<\/p>\n\n\n\n<p> Guaranteed estimation based on interval algebra, zonotopes algebra and DC programming have been used to derive algorithms for estimation, identification and data reconciliation.<\/p>\n\n\n\n<p>Model-based techniques based on nonlinear fault detection and isolation, filters and mixed model- and data-based fault detection and isolation techniques have also been studied.<\/p>\n\n\n\n<p>GEPOC group has experience on the implementation of advanced estimation and control systems in HVAC systems, Water Distribution Networks, Power systems and process industry, among others.<\/p>\n<\/div>\n\n\n\n<div class=\"wp-block-column is-layout-flow wp-block-column-is-layout-flow\">\n<h2 class=\"wp-block-heading\">Contact<\/h2>\n\n\n\n<p class=\"has-text-align-center\">Grupo de Estimaci\u00f3n, Predicci\u00f3n, Observaci\u00f3n y Control<br>Escuela T\u00e9cnica Superior de Ingenier\u00eda<br>Camino de los Descubrimientos, S\/N<br>41092 Sevilla<\/p>\n\n\n\n<iframe loading=\"lazy\" src=\"https:\/\/www.google.com\/maps\/embed?pb=!1m14!1m8!1m3!1d1584.5444605724726!2d-6.001745254769901!3d37.41137308230171!3m2!1i1024!2i768!4f13.1!3m3!1m2!1s0x0%3A0x75484b48a0cbe5a7!2sEscuela%20T%C3%A9cnica%20Superior%20de%20Ingenier%C3%ADa%20(ETSI)!5e0!3m2!1ses!2ses!4v1594505928589!5m2!1ses!2ses\" style=\"border:0;\" allowfullscreen=\"\" aria-hidden=\"false\" tabindex=\"0\" width=\"600\" height=\"450\" frameborder=\"0\"><\/iframe>\n<\/div>\n<\/div>\n\n\n\n<div class=\"wp-block-buttons is-content-justification-center is-layout-flex wp-container-core-buttons-is-layout-1 wp-block-buttons-is-layout-flex\">\n<div class=\"wp-block-button\"><a class=\"wp-block-button__link wp-element-button\" href=\"http:\/\/grupo.us.es\/gepoc\/en\/people\/\"><img decoding=\"async\" class=\"wp-image-506\" style=\"width: 150px;\" src=\"http:\/\/grupo.us.es\/gepoc\/wp-content\/uploads\/TEAM.png\" alt=\"TEAM\"><\/a><\/div>\n\n\n\n<div class=\"wp-block-button\"><a class=\"wp-block-button__link wp-element-button\" href=\"http:\/\/grupo.us.es\/gepoc\/en\/research-lines\/\"><img decoding=\"async\" class=\"wp-image-505\" style=\"width: 150px;\" src=\"http:\/\/grupo.us.es\/gepoc\/wp-content\/uploads\/RESEARCH.png\" alt=\"\"><\/a><\/div>\n\n\n\n<div class=\"wp-block-button\"><a class=\"wp-block-button__link wp-element-button\" href=\"http:\/\/grupo.us.es\/gepoc\/en\/projects\/\"><img decoding=\"async\" class=\"wp-image-507\" style=\"width: 150px;\" src=\"http:\/\/grupo.us.es\/gepoc\/wp-content\/uploads\/PROJECTS.png\" alt=\"PROJECTS\"><\/a><\/div>\n<\/div>\n\n\n\n<p><\/p>\n","protected":false},"excerpt":{"rendered":"<p>Description The main expertise of the group is in the development of predictive controllers, which encompasses the four main research&hellip;<\/p>\n","protected":false},"author":1,"featured_media":0,"parent":0,"menu_order":0,"comment_status":"closed","ping_status":"closed","template":"","meta":{"footnotes":""},"class_list":["post-66","page","type-page","status-publish","hentry"],"_links":{"self":[{"href":"https:\/\/grupo.us.es\/gepoc\/wp-json\/wp\/v2\/pages\/66","targetHints":{"allow":["GET"]}}],"collection":[{"href":"https:\/\/grupo.us.es\/gepoc\/wp-json\/wp\/v2\/pages"}],"about":[{"href":"https:\/\/grupo.us.es\/gepoc\/wp-json\/wp\/v2\/types\/page"}],"author":[{"embeddable":true,"href":"https:\/\/grupo.us.es\/gepoc\/wp-json\/wp\/v2\/users\/1"}],"replies":[{"embeddable":true,"href":"https:\/\/grupo.us.es\/gepoc\/wp-json\/wp\/v2\/comments?post=66"}],"version-history":[{"count":1,"href":"https:\/\/grupo.us.es\/gepoc\/wp-json\/wp\/v2\/pages\/66\/revisions"}],"predecessor-version":[{"id":717,"href":"https:\/\/grupo.us.es\/gepoc\/wp-json\/wp\/v2\/pages\/66\/revisions\/717"}],"wp:attachment":[{"href":"https:\/\/grupo.us.es\/gepoc\/wp-json\/wp\/v2\/media?parent=66"}],"curies":[{"name":"wp","href":"https:\/\/api.w.org\/{rel}","templated":true}]}}