{"id":408,"date":"2016-10-13T18:43:18","date_gmt":"2016-10-13T18:43:18","guid":{"rendered":"http:\/\/grupo.us.es\/gapsc\/?page_id=408"},"modified":"2018-07-18T12:31:56","modified_gmt":"2018-07-18T12:31:56","slug":"librofundamentosradio","status":"publish","type":"page","link":"https:\/\/grupo.us.es\/gapsc\/librofundamentosradio\/","title":{"rendered":"Libro &#8220;Fundamentos de Radiaci\u00f3n y Radiocomunicaci\u00f3n&#8221;"},"content":{"rendered":"<table id=\"AutoNumber2\" style=\"height: 592px;\" border=\"0\" width=\"883\" cellspacing=\"8\" cellpadding=\"14\" bgcolor=\"#FFFFFF\">\n<tbody>\n<tr>\n<td style=\"width: 213px;\">\n<p align=\"center\"><a href=\"http:\/\/personal.us.es\/murillo\/docente\/Libros\/FundRadiacionyRadiocom.pdf\"><img loading=\"lazy\" decoding=\"async\" class=\"aligncenter\" src=\"http:\/\/personal.us.es\/murillo\/docente\/Libros\/LibroFundRyR.jpg\" width=\"171\" height=\"225\" align=\"middle\" border=\"0\" \/><\/a><i><\/i><\/p>\n<p class=\"p3l\" style=\"text-align: center;\"><i><a href=\"http:\/\/personal.us.es\/murillo\/docente\/Libros\/FundRadiacionyRadiocom.pdf\">PDF del libro<\/a><\/i><\/p>\n<\/td>\n<td style=\"width: 584px;\">\n<h2>Resumen<\/h2>\n<p class=\"p4\">En el dise\u00f1o y sobre todo el an\u00e1lisis de sistemas de radiocomunicaci\u00f3n es necesario tener unas nociones m\u00e1s que elementales sobre las partes que los componen. Estas partes son, grosso modo, los moduladores y demoduladores, los transmisores y receptores, las antenas, y el canal de propagaci\u00f3n. El objetivo de este texto es el de aunar en un solo volumen la descripci\u00f3n de estos temas, a excepci\u00f3n del canal de propagaci\u00f3n, de forma que el ingeniero de radio encuentre aqu\u00ed la descripici\u00f3n de los espectos m\u00e1s elementales y b\u00e1sicos sobre la materia.<\/p>\n<p class=\"p4\">Este libro se comenz\u00f3 a gestar en el a\u00f1o 2002, cuando el autor impart\u00eda estas materias en la asignatura Radiaci\u00f3n y Radiocomunicaci\u00f3n, de car\u00e1cter troncal en 4to de Ingenier\u00eda de Telecomunicaci\u00f3n, en la ETS de Ingenier\u00eda de la Universidad de Sevilla. Y se fue actualizando hasta el a\u00f1o 2008, cuando dej\u00e9 de impartir esta parte de la asignatura.<\/p>\n<p class=\"p4\">Por otro lado, este texto es una referencia interesante de cara a consultar la teor\u00eda sobre la que se proponen los problemas incluidos en el libro <a href=\"https:\/\/grupo.us.es\/gapsc\/docente\/Libros\/LibroPbRyR.htm\">Problemas de Radiaci\u00f3n y Radiocomunicaci\u00f3n.<\/a><\/p>\n<\/td>\n<\/tr>\n<\/tbody>\n<\/table>\n<p>&nbsp;<\/p>\n","protected":false},"excerpt":{"rendered":"<p>PDF del libro Resumen En el dise\u00f1o y sobre todo el an\u00e1lisis de sistemas de radiocomunicaci\u00f3n es necesario tener unas&hellip;<\/p>\n","protected":false},"author":1,"featured_media":0,"parent":0,"menu_order":0,"comment_status":"closed","ping_status":"closed","template":"","meta":{"footnotes":""},"class_list":["post-408","page","type-page","status-publish","hentry"],"_links":{"self":[{"href":"https:\/\/grupo.us.es\/gapsc\/wp-json\/wp\/v2\/pages\/408","targetHints":{"allow":["GET"]}}],"collection":[{"href":"https:\/\/grupo.us.es\/gapsc\/wp-json\/wp\/v2\/pages"}],"about":[{"href":"https:\/\/grupo.us.es\/gapsc\/wp-json\/wp\/v2\/types\/page"}],"author":[{"embeddable":true,"href":"https:\/\/grupo.us.es\/gapsc\/wp-json\/wp\/v2\/users\/1"}],"replies":[{"embeddable":true,"href":"https:\/\/grupo.us.es\/gapsc\/wp-json\/wp\/v2\/comments?post=408"}],"version-history":[{"count":0,"href":"https:\/\/grupo.us.es\/gapsc\/wp-json\/wp\/v2\/pages\/408\/revisions"}],"wp:attachment":[{"href":"https:\/\/grupo.us.es\/gapsc\/wp-json\/wp\/v2\/media?parent=408"}],"curies":[{"name":"wp","href":"https:\/\/api.w.org\/{rel}","templated":true}]}}