{"id":380,"date":"2016-10-13T17:48:03","date_gmt":"2016-10-13T17:48:03","guid":{"rendered":"http:\/\/grupo.us.es\/gapsc\/?page_id=380"},"modified":"2023-04-19T14:21:59","modified_gmt":"2023-04-19T14:21:59","slug":"docencia","status":"publish","type":"page","link":"https:\/\/grupo.us.es\/gapsc\/docencia\/","title":{"rendered":"Docencia"},"content":{"rendered":"<p>Los miembros del grupo han impartido docencia en los t\u00edtulos de ingenier\u00eda de telecomunicaci\u00f3n, diferentes programas de doctorados, el grado de ingenier\u00eda en tecnolog\u00edas de telecomunicaci\u00f3n y el m\u00e1ster universitario de ingenier\u00eda de telecomunicaci\u00f3n.<\/p>\n<p>Las asignaturas impartidas abarcan los siguientes conocimientos:<\/p>\n<ul>\n<li>Comunicaciones digitales<\/li>\n<li>Propagaci\u00f3n de ondas en medios guiados y no guiados<\/li>\n<li>Aprendizaje m\u00e1quina<\/li>\n<li>Sistemas e infraestructuras de telecomunicaci\u00f3n<\/li>\n<\/ul>\n<h2>Materiales<\/h2>\n<p>Resultado de la docencia impartida son los siguientes\u00a0materiales<\/p>\n<ul>\n<li>Publicaciones de la Colecci\u00f3n de la ETSI de la Editorial Universidad de Sevilla\n<ul>\n<li><a href=\"https:\/\/editorial.us.es\/es\/detalle-libro\/719472\/principios-de-comunicaciones-digitales-i-fundamentos\">Principios de comunicaciones digitales I. Fundamentos<\/a><\/li>\n<li><a href=\"https:\/\/editorial.us.es\/es\/detalle-libro\/719656\/problemas-de-comunicaciones-digitales\">Problemas de comunicaciones digitales<\/a><\/li>\n<li><a href=\"https:\/\/editorial.us.es\/es\/detalle-libro\/719462\/problemas-de-ondas-planas-y-medios-de-transmision\">Problemas de ondas planas y medios de transmisi\u00f3n<\/a><\/li>\n<li><a href=\"https:\/\/grupo.us.es\/gapsc\/libroryr\/\">Problemas de Radiaci\u00f3n y Radiocomunicaci\u00f3n<\/a><\/li>\n<li><a href=\"https:\/\/grupo.us.es\/gapsc\/labcomdigpy\/(opens in a new tab)\" data-wplink-url-error=\"true\">Laboratorio de comunicaciones digitales en Python<\/a><\/li>\n<\/ul>\n<\/li>\n<li>Otros Libros no Publicados\n<ul>\n<li><a href=\"https:\/\/grupo.us.es\/gapsc\/librofundamentosradio\/\">Fundamentos de Radiaci\u00f3n y Radiocomunicaci\u00f3n<\/a><\/li>\n<li><a href=\"https:\/\/grupo.us.es\/gapsc\/librosdr\/\">Laboratorio de Comunicaciones Digitales Radio Definida por Software<\/a><\/li>\n<\/ul>\n<\/li>\n<li>Otros Materiales\n<ul>\n<li><a href=\"https:\/\/grupo.us.es\/gapsc\/radiocomunicacion\/\">Radiaci<\/a><a href=\"https:\/\/grupo.us.es\/gapsc\/radiocomunicacion\/\">\u00f3n<\/a><a href=\"https:\/\/grupo.us.es\/gapsc\/radiocomunicacion\/\"> y Radiocomunicaci\u00f3n<\/a><b>: <\/b>relaci\u00f3n de transparencias y apuntes sobre fundamentos de radiaci\u00f3n (antenas, ruido, intermodulaci\u00f3n, propagaci\u00f3n,&#8230;) y sistemas de radiocomunicaci\u00f3n (radioenlaces del servicio fijo, comunicaciones m\u00f3viles y comunicaciones por sat\u00e9lite).<\/li>\n<\/ul>\n<\/li>\n<\/ul>\n","protected":false},"excerpt":{"rendered":"<p>Los miembros del grupo han impartido docencia en los t\u00edtulos de ingenier\u00eda de telecomunicaci\u00f3n, diferentes programas de doctorados, el grado&hellip;<\/p>\n","protected":false},"author":1,"featured_media":0,"parent":0,"menu_order":0,"comment_status":"closed","ping_status":"closed","template":"","meta":{"footnotes":""},"class_list":["post-380","page","type-page","status-publish","hentry"],"_links":{"self":[{"href":"https:\/\/grupo.us.es\/gapsc\/wp-json\/wp\/v2\/pages\/380","targetHints":{"allow":["GET"]}}],"collection":[{"href":"https:\/\/grupo.us.es\/gapsc\/wp-json\/wp\/v2\/pages"}],"about":[{"href":"https:\/\/grupo.us.es\/gapsc\/wp-json\/wp\/v2\/types\/page"}],"author":[{"embeddable":true,"href":"https:\/\/grupo.us.es\/gapsc\/wp-json\/wp\/v2\/users\/1"}],"replies":[{"embeddable":true,"href":"https:\/\/grupo.us.es\/gapsc\/wp-json\/wp\/v2\/comments?post=380"}],"version-history":[{"count":5,"href":"https:\/\/grupo.us.es\/gapsc\/wp-json\/wp\/v2\/pages\/380\/revisions"}],"predecessor-version":[{"id":1479,"href":"https:\/\/grupo.us.es\/gapsc\/wp-json\/wp\/v2\/pages\/380\/revisions\/1479"}],"wp:attachment":[{"href":"https:\/\/grupo.us.es\/gapsc\/wp-json\/wp\/v2\/media?parent=380"}],"curies":[{"name":"wp","href":"https:\/\/api.w.org\/{rel}","templated":true}]}}