{"id":172,"date":"2015-09-11T05:35:17","date_gmt":"2015-09-11T05:35:17","guid":{"rendered":"http:\/\/gpsc.us.es\/wordpress\/?page_id=172"},"modified":"2023-04-05T10:40:56","modified_gmt":"2023-04-05T10:40:56","slug":"research-projects","status":"publish","type":"page","link":"https:\/\/grupo.us.es\/gapsc\/research-projects\/","title":{"rendered":"Research Projects"},"content":{"rendered":"<p>Our group has been mostly involved in basic research hence being supported by public funding.<\/p>\n<h2>Public funded project<\/h2>\n<ul>\n<li>&#8220;Modelos profundos y explicables basados en variables latentes para salud mental &#8221; (EpiCENTER) <a href=\"https:\/\/researchportal.uc3m.es\/display\/act554873\">PID2021-123182OB-I00<\/a> Plan Estatal 2021-2023 &#8211; Proyectos Investigaci\u00f3n Orientada. Spanish Government.\u00a0September 1, 2022\u00a0&#8211;\u00a0August 31, 2025<\/li>\n<li>Clasificaci\u00f3n explicada de lesiones de la piel utilizando inteligencia artificial&#8221; (SKIN) (<a href=\"https:\/\/investigacion.us.es\/sisius\/sis_proyecto.php?idproy=35516\">PID2021-127871OB-I00)<\/a> Plan Estatal 2021-2023 &#8211; Proyectos Investigaci\u00f3n Orientada. Spanish Government. September 1, 2022 &#8211; August 31, 2025.<\/li>\n<li>Building a common understanding of the effectiveness of counter-UAS solutions &#8211; COURAGEOUS (<a href=\"https:\/\/investigacion.us.es\/sisius\/sis_proyecto.php?idproy=34166\">GRANT AGREEMENT NO.101034655<\/a>)<\/li>\n<li>&#8220;Artificial Intelligence Applied to the Characterization and Comparison of Fabrics of Canvases in Art Masterpieces&#8221; (ATENEA) <a href=\"https:\/\/investigacion.us.es\/sisius\/sis_proyecto.php?idproy=33692\">Project P20-01216.<\/a> Consejer\u00eda de Econom\u00eda y Conocimiento, Junta de Andaluc\u00eda and European Union, FEDER Andaluc\u00eda 2014-2010. October 5, 2021 &#8211; March 31, 2023<\/li>\n<li>\u201cDecodificaci\u00f3n Iterativa en Longitud Finita: L\u00edmites Fundamentales, Construcciones Pr\u00e1cticas e Inferencia\u201d. Plan Estatal 2013-2016 Retos &#8211; Proyectos I+D+i. TEC2016-78434-C3-2-R. 30\/12\/2016 &#8211; 29\/12\/2019.<\/li>\n<li>\n<p class=\"p4\">\u201cAplicaci\u00f3n de procesado de se\u00f1al a radiograf\u00edas de pintura\u201d, Museo Nacional del Prado. Convenio de colaboraci\u00f3n. 12\/2015-11\/2017.<\/p>\n<\/li>\n<li>\n<p class=\"p4\">\u201cAvances en Aprendizaje, Comunicaciones y Teor\u00eda de la Informaci\u00f3n\u201d (ALCIT) proyecto Plan Nacional, MICINN, TEC2012-38800-C03-02. . 1\/1\/2013-31\/12\/2015.<\/p>\n<\/li>\n<li>\n<p class=\"p4\">\u201cFoundations and Methodologies for Future Communication and Sensor Networks\u201d (<a href=\"http:\/\/deipro.webs.tsc.uc3m.es\/\">DEIPRO<\/a>) proyecto Plan Nacional, MICINN, TEC2009-14504-C02-02. 10\/2009-10\/2011.<\/p>\n<\/li>\n<li>\n<p class=\"p4\">\u201cFoundations and Methodologies for Future Communication and Sensor Networks\u201d <a href=\"http:\/\/www.comonsens.org\">COMONSENS<\/a>, CSD2008-00010, proyecto Plan Nacional CONSOLIDER-INGENIO 2010. 15\/12\/2008-15\/12\/2013.<\/p>\n<\/li>\n<li>\n<p class=\"p4\">\u201cMonitorizaci\u00f3n Inteligente (MONIN)\u201d Ministerio de Educaci\u00f3n y Ciencia. TEC2006-13514-C02-2\/TCM. Periodo 2007-2009.<\/p>\n<\/li>\n<li>\n<p class=\"p4\">\u201cRelaci\u00f3n entre potencia y tr\u00e1fico en 2.5\/3G y su impacto en redes de nueva generaci\u00f3n\u201d. Minerva Project (Regional government, Vodafone,\u2026) 2C-039. 2008-2009.<\/p>\n<\/li>\n<li>\n<p class=\"p4\">Relaci\u00f3n potencia tr\u00e1fico en sistemas GSM\/GPRS. Minerva Project (Regional government, Vodafone,\u2026). 1C-002. 2007-2008.<\/p>\n<\/li>\n<li>\n<p class=\"p4\">\u201cEstad\u00edsticos de orden superior en receptores de comunicaciones digitales de tercera generaci\u00f3n\u201d MEC.CICYT.TIC 2003-03781. 2003-2005.<\/p>\n<\/li>\n<\/ul>\n<h2>Contracts<\/h2>\n<ul>\n<li>\n<p class=\"p4\"><span dir=\"LTR\">\u201cEstudio te\u00f3rico y desarrollo hardware y software de un dispositivo de corto alcance para localizaci\u00f3n\u201d. <\/span>VISION SISTEMAS DE LOCALIZACI\u00d3N S.L. 01\/06\/2007 a 31\/05\/2008.<\/p>\n<\/li>\n<li>\n<p class=\"p4\">\u201cEstudio y desarrollo de un sistema de comunicaciones m\u00f3viles privado en situaciones especiales\u201d. 01\/03\/2007-28\/02\/2008. ES-0539\/2007.<\/p>\n<\/li>\n<li>\n<p class=\"p4\">Desarrollo del Hardware para Estaci\u00f3n basada en antena de escaneado electr\u00f3nico en banda S. (<a href=\"https:\/\/investigacion.us.es\/sisius\/sis_proyecto.php?idproy=26336\">2422\/0263<\/a>)<\/p>\n<\/li>\n<li>\n<p class=\"p4\">TETRA (<a href=\"https:\/\/investigacion.us.es\/sisius\/sis_proyecto.php?idproy=25498\">PI-1302\/2014<\/a>)<\/p>\n<\/li>\n<li>\n<p class=\"p4\">Dise\u00f1o y Fabricaci\u00f3n de un equipo de posicionamiento GPS y Transmisi\u00f3n en la Banda X, HIMANU. (<a href=\"https:\/\/investigacion.us.es\/sisius\/sis_proyecto.php?idproy=23607\">1835\/0263<\/a>)<\/p>\n<\/li>\n<li>\n<p class=\"p4\">CITIUS (Command and Control for In Teroperability of Unmanned Systems). (<a href=\"https:\/\/investigacion.us.es\/sisius\/sis_proyecto.php?idproy=23844\">2024\/0263<\/a>)<\/p>\n<\/li>\n<li>\n<p class=\"p4\">Investigaci\u00f3n y desarrollo de tecnolog\u00edas para convoyes no tripulados con aplicai\u00f3n a misiones log\u00edsticas militares y de seguridad (PLATINO). (<a href=\"https:\/\/investigacion.us.es\/sisius\/sis_proyecto.php?idproy=22043\">1551\/0263<\/a>)<\/p>\n<\/li>\n<li>\n<p class=\"p4\">Soporte al sistema de visi\u00f3n y de control remoto de un veh\u00edculo de tierra no tripulado. (<a href=\"https:\/\/investigacion.us.es\/sisius\/sis_proyecto.php?idproy=18088\">0623\/0263<\/a>)<\/p>\n<\/li>\n<li>\n<p class=\"p4\">Soporte al desarrollo de un m\u00f3dem para el proyecto CUBA (Conectividad Ubicada de Banda Ancha en veh\u00edculos a\u00e9reos ligeros) (<a href=\"https:\/\/investigacion.us.es\/sisius\/sis_proyecto.php?idproy=18282\">0726\/0263<\/a>)<\/p>\n<\/li>\n<li>\n<p class=\"p4\">Sistema de Gesti\u00f3n de la Planta Energ\u00e9tica de un veh\u00edculo a propulsi\u00f3n H\u00edbrida-El\u00e9ctrica. (<a href=\"https:\/\/investigacion.us.es\/sisius\/sis_proyecto.php?idproy=17618\">0488\/0263<\/a>)<\/p>\n<\/li>\n<li>\n<p class=\"p4\">Sistema de estimulaci\u00f3n y adquisici\u00f3n de datos para bancos de prueba (<a href=\"https:\/\/investigacion.us.es\/sisius\/sis_proyecto.php?idproy=14184\">OG-017\/08<\/a>)<\/p>\n<\/li>\n<li>\n<p class=\"p4\">Dise\u00f1o y fabricaci\u00f3n de un datalink en Banda Ku (<a href=\"https:\/\/investigacion.us.es\/sisius\/sis_proyecto.php?idproy=14998\">OG-078\/08<\/a>)<\/p>\n<\/li>\n<\/ul>\n","protected":false},"excerpt":{"rendered":"<p>Our group has been mostly involved in basic research hence being supported by public funding. Public funded project &#8220;Modelos profundos&hellip;<\/p>\n","protected":false},"author":1,"featured_media":0,"parent":0,"menu_order":0,"comment_status":"closed","ping_status":"closed","template":"","meta":{"footnotes":""},"class_list":["post-172","page","type-page","status-publish","hentry"],"_links":{"self":[{"href":"https:\/\/grupo.us.es\/gapsc\/wp-json\/wp\/v2\/pages\/172","targetHints":{"allow":["GET"]}}],"collection":[{"href":"https:\/\/grupo.us.es\/gapsc\/wp-json\/wp\/v2\/pages"}],"about":[{"href":"https:\/\/grupo.us.es\/gapsc\/wp-json\/wp\/v2\/types\/page"}],"author":[{"embeddable":true,"href":"https:\/\/grupo.us.es\/gapsc\/wp-json\/wp\/v2\/users\/1"}],"replies":[{"embeddable":true,"href":"https:\/\/grupo.us.es\/gapsc\/wp-json\/wp\/v2\/comments?post=172"}],"version-history":[{"count":1,"href":"https:\/\/grupo.us.es\/gapsc\/wp-json\/wp\/v2\/pages\/172\/revisions"}],"predecessor-version":[{"id":1455,"href":"https:\/\/grupo.us.es\/gapsc\/wp-json\/wp\/v2\/pages\/172\/revisions\/1455"}],"wp:attachment":[{"href":"https:\/\/grupo.us.es\/gapsc\/wp-json\/wp\/v2\/media?parent=172"}],"curies":[{"name":"wp","href":"https:\/\/api.w.org\/{rel}","templated":true}]}}