{"id":1131,"date":"2019-06-27T10:15:15","date_gmt":"2019-06-27T10:15:15","guid":{"rendered":"http:\/\/grupo.us.es\/gapsc\/?page_id=1131"},"modified":"2026-04-07T09:27:09","modified_gmt":"2026-04-07T09:27:09","slug":"cite","status":"publish","type":"page","link":"https:\/\/grupo.us.es\/gapsc\/aracne\/cite\/","title":{"rendered":"Cite"},"content":{"rendered":"<\/p>\n\n\n<p>If you use the Aracne software please cite the following in your work:<\/p>\n\n\n\n<p>F. J. Simois-Tirado, J. J. Murillo-Fuentes, \u201c<a href=\"https:\/\/arxiv.org\/abs\/1705.10060\">On the power spectral density applied to the analysis of old canvases<\/a>\u201d Signal Processing. 2017. Vol. 143. Pag. 253-268.<\/p>\n\n\n\n<p>A. Delgado, J.J. Murillo-Fuentes, L. Alba-Carcelen, &#8220;<a href=\"https:\/\/link.springer.com\/article\/10.1007\/s11263-025-02473-9\">Thread Counting in Plain Weave for Old Paintings Using Regression Deep Learning Models<\/a>&#8220;. Int. J. on Computer Vision, 133. 2025<\/p>\n\n\n\n<p>A. Delgado, L. Alba-Carcelen, J.J. Murillo-Fuentes, &#8220;<a href=\"https:\/\/www.sciencedirect.com\/science\/article\/pii\/S0952197623012848\">Crossing Points Detection in Plain Weave for Old Paintings with Deep Learning<\/a>&#8220;. Engineering Application of Artificial Intelligence, 126. 2023<\/p>\n\n\n\n<p>J.J. Murillo-Fuentes, Irene Fond\u00f3n-Garc\u00eda, Marta Ternero Guti\u00e9rrez,P. Aguilera-Bonet, Luc\u00eda C\u00f3rdoba Saborido, Francisco Simois Tirado \u201cARACNE, A software tool for thread counting in X-rays of Fabrics\u201d <a href=\"https:\/\/grupo.us.es\/gapsc\/aracne\" target=\"_blank\" rel=\"noreferrer noopener\">https:\/\/grupo.us.es\/gapsc\/aracne<\/a><\/p>\n\n\n\n<h3 class=\"wp-block-heading\">Other related publications<\/h3>\n\n\n\n<h4 class=\"wp-block-heading\">Book chapters<\/h4>\n\n\n\n<ul class=\"wp-block-list\">\n<li>Murillo-Fuentes, J. J. and L. Alba (2018). \u2018<a href=\"https:\/\/www.springerprofessional.de\/en\/thread-counting-in-x-rays-of-plain-weave-painting-canvas\/16364502\">Thread Counting in X-Rays of Plain-Weave Painting Canvas<\/a>.\u2019 In&nbsp;<em>Advanced Characterization Techniques, Diagnostic Tools and Evaluation Methods in Heritage Science<\/em>. Springer, pp. 91\u2013105.<\/li>\n\n\n\n<li>Carcel\u00e9n, Laura Alba and Juan Jos\u00e9 Murillo-Fuentes (2021). \u2018<a href=\"https:\/\/www.libreria.cultura.gob.es\/libro\/la-ciencia-y-el-arte-vii-ciencias-experimentales-y-conservacion-del-patrimonio_4554\/\">Fabrics as a Painting Support:&nbsp;New Tools for their Study<\/a>.\u2019 In&nbsp;<em>La Ciencia y el Arte: Ciencias experimentales y conservaci\u00f3n del patrimonio hist\u00f3rico.<\/em>&nbsp;7.&nbsp;<em>La Ciencia y el Arte VII:<\/em>&nbsp;<em>Ciencias experimentales y conservaci\u00f3n del patrimonio.<\/em>&nbsp;Ministerio de Cultura y Deporte, pp. 219\u2013230. ISBN: 978-84-8181-760-7.<\/li>\n<\/ul>\n\n\n\n<h4 class=\"wp-block-heading\">Book chapters<\/h4>\n\n\n\n<ul class=\"wp-block-list\">\n<li>Juan Jos\u00e9 Murillo-Fuentes; L. Alba-Carcel\u00e9n (2025). \u201cFourier Domain in the Analysis of Egyptian Textiles in Archeology\u201d. In:&nbsp;<em>Proceedings of the 33rd European Signal Processing Conference (EUSIPCO 2025)<\/em>, Palermo, Italy, 8\u201312 September 2025.&nbsp;<a href=\"https:\/\/eusipco2025.org\/wp-content\/uploads\/pdfs\/0000626.pdf\">paper<\/a><\/li>\n\n\n\n<li>Mar Velasco, Juan Jos\u00e9 Murillo-Fuentes and Laura Alba-Carcel\u00e9n (Sept. 2022). \u2018Complex Twill Fabrics Pattern Recognition in Canvases.\u2019 In&nbsp;<em>7th IP4AI Meeting: Computational approaches for technical imaging in cultural heritage.<\/em>&nbsp;National Gallery.<\/li>\n\n\n\n<li>Antonio D. Bejarano, Juan Jos\u00e9 Murillo-Fuentes, Laura Alba-Carcel\u00e9n (2022), \u201cCrossings Segmentation in Plain Weaves for X-Rays of Canvases with Deep Learning\u201d, Computational approaches for technical imaging in cultural heritage (7th IP4AI meeting). April, London.&nbsp;<a href=\"https:\/\/art-ict.github.io\/artict\/Conference.html\">https:\/\/art-ict.github.io\/artict\/Conference.html<\/a><\/li>\n\n\n\n<li>Fond\u00f3n-Garc\u00eda, I., F. J. Simois and J. J. Murillo-Fuentes (June 2014). \u2018Software tool for thread counting in X-rays of plain-weave painting canvas.\u2019 In&nbsp;<em>Conf. on Non-destructive Investigations and Microanalysis for Diagnostics and Conservation of Cultural and Environmental Heritage<\/em>&nbsp;(ART2014), IND119.<\/li>\n<\/ul>\n\n\n\n<figure class=\"wp-block-image size-large\"><img loading=\"lazy\" decoding=\"async\" width=\"1024\" height=\"208\" src=\"https:\/\/grupo.us.es\/gapsc\/wp-content\/uploads\/2021\/01\/logoUSDTSCETSI-1024x208.png\" alt=\"\" class=\"wp-image-1267\" srcset=\"https:\/\/grupo.us.es\/gapsc\/wp-content\/uploads\/2021\/01\/logoUSDTSCETSI-1024x208.png 1024w, https:\/\/grupo.us.es\/gapsc\/wp-content\/uploads\/2021\/01\/logoUSDTSCETSI-300x61.png 300w, https:\/\/grupo.us.es\/gapsc\/wp-content\/uploads\/2021\/01\/logoUSDTSCETSI-768x156.png 768w, https:\/\/grupo.us.es\/gapsc\/wp-content\/uploads\/2021\/01\/logoUSDTSCETSI-1536x312.png 1536w, https:\/\/grupo.us.es\/gapsc\/wp-content\/uploads\/2021\/01\/logoUSDTSCETSI-2048x416.png 2048w, https:\/\/grupo.us.es\/gapsc\/wp-content\/uploads\/2021\/01\/logoUSDTSCETSI-1600x325.png 1600w\" sizes=\"auto, (max-width: 1024px) 100vw, 1024px\" \/><\/figure>\n\n\n\n<figure class=\"wp-block-image size-full is-resized\"><img loading=\"lazy\" decoding=\"async\" width=\"429\" height=\"117\" src=\"https:\/\/grupo.us.es\/gapsc\/wp-content\/uploads\/2023\/03\/MNPlogo.png\" alt=\"\" class=\"wp-image-1275\" style=\"width:355px;height:auto\" srcset=\"https:\/\/grupo.us.es\/gapsc\/wp-content\/uploads\/2023\/03\/MNPlogo.png 429w, https:\/\/grupo.us.es\/gapsc\/wp-content\/uploads\/2023\/03\/MNPlogo-300x82.png 300w\" sizes=\"auto, (max-width: 429px) 100vw, 429px\" \/><\/figure>\n\n\n\n<p><\/p>\n","protected":false},"excerpt":{"rendered":"<p>If you use the Aracne software please cite the following in your work: F. J. Simois-Tirado, J. J. Murillo-Fuentes, \u201cOn&hellip;<\/p>\n","protected":false},"author":1,"featured_media":1510,"parent":608,"menu_order":5,"comment_status":"closed","ping_status":"closed","template":"","meta":{"footnotes":""},"class_list":["post-1131","page","type-page","status-publish","has-post-thumbnail","hentry"],"_links":{"self":[{"href":"https:\/\/grupo.us.es\/gapsc\/wp-json\/wp\/v2\/pages\/1131","targetHints":{"allow":["GET"]}}],"collection":[{"href":"https:\/\/grupo.us.es\/gapsc\/wp-json\/wp\/v2\/pages"}],"about":[{"href":"https:\/\/grupo.us.es\/gapsc\/wp-json\/wp\/v2\/types\/page"}],"author":[{"embeddable":true,"href":"https:\/\/grupo.us.es\/gapsc\/wp-json\/wp\/v2\/users\/1"}],"replies":[{"embeddable":true,"href":"https:\/\/grupo.us.es\/gapsc\/wp-json\/wp\/v2\/comments?post=1131"}],"version-history":[{"count":4,"href":"https:\/\/grupo.us.es\/gapsc\/wp-json\/wp\/v2\/pages\/1131\/revisions"}],"predecessor-version":[{"id":1611,"href":"https:\/\/grupo.us.es\/gapsc\/wp-json\/wp\/v2\/pages\/1131\/revisions\/1611"}],"up":[{"embeddable":true,"href":"https:\/\/grupo.us.es\/gapsc\/wp-json\/wp\/v2\/pages\/608"}],"wp:featuredmedia":[{"embeddable":true,"href":"https:\/\/grupo.us.es\/gapsc\/wp-json\/wp\/v2\/media\/1510"}],"wp:attachment":[{"href":"https:\/\/grupo.us.es\/gapsc\/wp-json\/wp\/v2\/media?parent=1131"}],"curies":[{"name":"wp","href":"https:\/\/api.w.org\/{rel}","templated":true}]}}