{"id":84,"date":"2022-03-14T11:14:53","date_gmt":"2022-03-14T11:14:53","guid":{"rendered":"https:\/\/grupo.us.es\/fycusstce\/?page_id=84"},"modified":"2023-05-12T09:23:47","modified_gmt":"2023-05-12T09:23:47","slug":"anuncios","status":"publish","type":"page","link":"https:\/\/grupo.us.es\/fycusstce\/anuncios\/","title":{"rendered":"Prensa"},"content":{"rendered":"\t\t<div data-elementor-type=\"wp-page\" data-elementor-id=\"84\" class=\"elementor elementor-84\" data-elementor-post-type=\"page\">\n\t\t\t\t\t\t\t\t\t<section class=\"elementor-section elementor-top-section elementor-element elementor-element-0f3e15d elementor-section-boxed elementor-section-height-default elementor-section-height-default\" data-id=\"0f3e15d\" data-element_type=\"section\">\n\t\t\t\t\t\t<div class=\"elementor-container elementor-column-gap-default\">\n\t\t\t\t\t<div class=\"elementor-column elementor-col-100 elementor-top-column elementor-element elementor-element-2052433\" data-id=\"2052433\" data-element_type=\"column\">\n\t\t\t<div class=\"elementor-widget-wrap elementor-element-populated\">\n\t\t\t\t\t\t\t\t<div class=\"elementor-element elementor-element-ee205e8 animated-slow elementor-grid-tablet-1 elementor-posts--thumbnail-none elementor-grid-3 elementor-grid-mobile-1 elementor-card-shadow-yes elementor-posts__hover-gradient elementor-invisible elementor-widget elementor-widget-posts\" data-id=\"ee205e8\" data-element_type=\"widget\" data-settings=\"{&quot;_animation&quot;:&quot;fadeIn&quot;,&quot;cards_columns_tablet&quot;:&quot;1&quot;,&quot;pagination_type&quot;:&quot;load_more_infinite_scroll&quot;,&quot;cards_columns&quot;:&quot;3&quot;,&quot;cards_columns_mobile&quot;:&quot;1&quot;,&quot;cards_row_gap&quot;:{&quot;unit&quot;:&quot;px&quot;,&quot;size&quot;:35,&quot;sizes&quot;:[]},&quot;cards_row_gap_tablet&quot;:{&quot;unit&quot;:&quot;px&quot;,&quot;size&quot;:&quot;&quot;,&quot;sizes&quot;:[]},&quot;cards_row_gap_mobile&quot;:{&quot;unit&quot;:&quot;px&quot;,&quot;size&quot;:&quot;&quot;,&quot;sizes&quot;:[]},&quot;load_more_spinner&quot;:{&quot;value&quot;:&quot;fas fa-spinner&quot;,&quot;library&quot;:&quot;fa-solid&quot;}}\" data-widget_type=\"posts.cards\">\n\t\t\t\t<div class=\"elementor-widget-container\">\n\t\t\t<link rel=\"stylesheet\" href=\"https:\/\/grupo.us.es\/fycusstce\/wp-content\/plugins\/elementor-pro\/assets\/css\/widget-posts.min.css\">\t\t<div class=\"elementor-posts-container elementor-posts elementor-posts--skin-cards elementor-grid\">\n\t\t\t\t<article class=\"elementor-post elementor-grid-item post-3516 post type-post status-publish format-standard hentry category-sin-categoria\">\n\t\t\t<div class=\"elementor-post__card\">\n\t\t\t\t<div class=\"elementor-post__text\">\n\t\t\t\t<h3 class=\"elementor-post__title\">\n\t\t\t<a href=\"https:\/\/grupo.us.es\/fycusstce\/sin-categoria\/7-noviembre-2023-fycus-2023-aparece-en-el-programa-en-red-de-andalucia-tv\/\" >\n\t\t\t\t7 Noviembre 2023: FyCUS 2023 aparece en el programa En Red, de Andaluc\u00eda TV\t\t\t<\/a>\n\t\t<\/h3>\n\t\t\t\t<div class=\"elementor-post__excerpt\">\n\t\t\t<p>El programa En Red, emitido por Andaluc\u00eda TV el pasado 7 de Noviembre, 21:30, present\u00f3 el resultado de la misi\u00f3n<\/p>\n\t\t<\/div>\n\t\t\n\t\t<a class=\"elementor-post__read-more\" href=\"https:\/\/grupo.us.es\/fycusstce\/sin-categoria\/7-noviembre-2023-fycus-2023-aparece-en-el-programa-en-red-de-andalucia-tv\/\" aria-label=\"M\u00e1s informaci\u00f3n sobre 7 Noviembre 2023: FyCUS 2023 aparece en el programa En Red, de Andaluc\u00eda TV\" tabindex=\"-1\" >\n\t\t\tLeer m\u00e1s \u00bb\t\t<\/a>\n\n\t\t\t\t<\/div>\n\t\t\t\t\t<\/div>\n\t\t<\/article>\n\t\t\t\t<article class=\"elementor-post elementor-grid-item post-3325 post type-post status-publish format-standard hentry category-sin-categoria\">\n\t\t\t<div class=\"elementor-post__card\">\n\t\t\t\t<div class=\"elementor-post__text\">\n\t\t\t\t<h3 class=\"elementor-post__title\">\n\t\t\t<a href=\"https:\/\/grupo.us.es\/fycusstce\/sin-categoria\/18-octubre-2023-fycus23-aparece-en-la-revista-de-la-universidad-de-sevilla\/\" >\n\t\t\t\t18 Octubre 2023: FyCUS23 aparece en la revista de la Universidad de Sevilla\t\t\t<\/a>\n\t\t<\/h3>\n\t\t\t\t<div class=\"elementor-post__excerpt\">\n\t\t\t<p>La revista de nuestra Universidad nos dedica un espacio, incluyendo entrevista con el grupo FyCUS23: \u00a0 \u00a0 \u00a0 https:\/\/revista.us.es\/seccion\/investigacion\/la-us-regresa-al-borde-del-espacio<\/p>\n\t\t<\/div>\n\t\t\n\t\t<a class=\"elementor-post__read-more\" href=\"https:\/\/grupo.us.es\/fycusstce\/sin-categoria\/18-octubre-2023-fycus23-aparece-en-la-revista-de-la-universidad-de-sevilla\/\" aria-label=\"M\u00e1s informaci\u00f3n sobre 18 Octubre 2023: FyCUS23 aparece en la revista de la Universidad de Sevilla\" tabindex=\"-1\" >\n\t\t\tLeer m\u00e1s \u00bb\t\t<\/a>\n\n\t\t\t\t<\/div>\n\t\t\t\t\t<\/div>\n\t\t<\/article>\n\t\t\t\t<article class=\"elementor-post elementor-grid-item post-3057 post type-post status-publish format-standard hentry category-sin-categoria\">\n\t\t\t<div class=\"elementor-post__card\">\n\t\t\t\t<div class=\"elementor-post__text\">\n\t\t\t\t<h3 class=\"elementor-post__title\">\n\t\t\t<a href=\"https:\/\/grupo.us.es\/fycusstce\/sin-categoria\/10-octubre-2023-presentacion-en-sociedad-de-los-resultados-de-fycus-2023\/\" >\n\t\t\t\t10-11 Octubre 2023: Presentaci\u00f3n en Sociedad de los resultados de FyCUS 2023\t\t\t<\/a>\n\t\t<\/h3>\n\t\t\t\t<div class=\"elementor-post__excerpt\">\n\t\t\t<p>El pasado martes 10 de Octubre, 12:30, se han presentado los resultados de la misi\u00f3n FyCUS 2023 en el Sal\u00f3n<\/p>\n\t\t<\/div>\n\t\t\n\t\t<a class=\"elementor-post__read-more\" href=\"https:\/\/grupo.us.es\/fycusstce\/sin-categoria\/10-octubre-2023-presentacion-en-sociedad-de-los-resultados-de-fycus-2023\/\" aria-label=\"M\u00e1s informaci\u00f3n sobre 10-11 Octubre 2023: Presentaci\u00f3n en Sociedad de los resultados de FyCUS 2023\" tabindex=\"-1\" >\n\t\t\tLeer m\u00e1s \u00bb\t\t<\/a>\n\n\t\t\t\t<\/div>\n\t\t\t\t\t<\/div>\n\t\t<\/article>\n\t\t\t\t<\/div>\n\t\t\t\t\t<span class=\"e-load-more-spinner\">\n\t\t\t\t<i aria-hidden=\"true\" class=\"fas fa-spinner\"><\/i>\t\t\t<\/span>\n\t\t\n\t\t\t\t<div class=\"e-load-more-anchor\" data-page=\"1\" data-max-page=\"5\" data-next-page=\"https:\/\/grupo.us.es\/fycusstce\/wp-json\/wp\/v2\/pages\/84\/page\/2\/\"><\/div>\n\t\t\t\t<div class=\"e-load-more-message\"><\/div>\n\t\t\t\t<\/div>\n\t\t\t\t<\/div>\n\t\t\t\t\t<\/div>\n\t\t<\/div>\n\t\t\t\t\t\t\t<\/div>\n\t\t<\/section>\n\t\t\t\t\t\t\t<\/div>\n\t\t","protected":false},"excerpt":{"rendered":"","protected":false},"author":1,"featured_media":0,"parent":0,"menu_order":0,"comment_status":"closed","ping_status":"closed","template":"","meta":{"footnotes":""},"yoast_head":"<!-- This site is optimized with the Yoast SEO plugin v21.9.1 - https:\/\/yoast.com\/wordpress\/plugins\/seo\/ -->\n<title>Prensa - FYCUS<\/title>\n<meta name=\"robots\" content=\"index, follow, max-snippet:-1, max-image-preview:large, max-video-preview:-1\" \/>\n<link rel=\"canonical\" href=\"https:\/\/grupo.us.es\/fycusstce\/anuncios\/\" \/>\n<meta property=\"og:locale\" content=\"es_ES\" \/>\n<meta property=\"og:type\" content=\"article\" \/>\n<meta property=\"og:title\" content=\"Prensa - FYCUS\" \/>\n<meta property=\"og:url\" content=\"https:\/\/grupo.us.es\/fycusstce\/anuncios\/\" \/>\n<meta property=\"og:site_name\" content=\"FYCUS\" \/>\n<meta property=\"article:modified_time\" content=\"2023-05-12T09:23:47+00:00\" \/>\n<meta name=\"twitter:card\" content=\"summary_large_image\" \/>\n<meta name=\"twitter:label1\" content=\"Tiempo de lectura\" \/>\n\t<meta name=\"twitter:data1\" content=\"1 minuto\" \/>\n<script type=\"application\/ld+json\" class=\"yoast-schema-graph\">{\"@context\":\"https:\/\/schema.org\",\"@graph\":[{\"@type\":\"WebPage\",\"@id\":\"https:\/\/grupo.us.es\/fycusstce\/anuncios\/\",\"url\":\"https:\/\/grupo.us.es\/fycusstce\/anuncios\/\",\"name\":\"Prensa - FYCUS\",\"isPartOf\":{\"@id\":\"https:\/\/grupo.us.es\/fycusstce\/#website\"},\"datePublished\":\"2022-03-14T11:14:53+00:00\",\"dateModified\":\"2023-05-12T09:23:47+00:00\",\"inLanguage\":\"es\",\"potentialAction\":[{\"@type\":\"ReadAction\",\"target\":[\"https:\/\/grupo.us.es\/fycusstce\/anuncios\/\"]}]},{\"@type\":\"WebSite\",\"@id\":\"https:\/\/grupo.us.es\/fycusstce\/#website\",\"url\":\"https:\/\/grupo.us.es\/fycusstce\/\",\"name\":\"FYCUS\",\"description\":\"Universidad de Sevilla\",\"publisher\":{\"@id\":\"https:\/\/grupo.us.es\/fycusstce\/#organization\"},\"potentialAction\":[{\"@type\":\"SearchAction\",\"target\":{\"@type\":\"EntryPoint\",\"urlTemplate\":\"https:\/\/grupo.us.es\/fycusstce\/?s={search_term_string}\"},\"query-input\":\"required name=search_term_string\"}],\"inLanguage\":\"es\"},{\"@type\":\"Organization\",\"@id\":\"https:\/\/grupo.us.es\/fycusstce\/#organization\",\"name\":\"FYCUS\",\"url\":\"https:\/\/grupo.us.es\/fycusstce\/\",\"logo\":{\"@type\":\"ImageObject\",\"inLanguage\":\"es\",\"@id\":\"https:\/\/grupo.us.es\/fycusstce\/#\/schema\/logo\/image\/\",\"url\":\"https:\/\/grupo.us.es\/fycusstce\/wp-content\/uploads\/2023\/05\/logo_fycus.jpg\",\"contentUrl\":\"https:\/\/grupo.us.es\/fycusstce\/wp-content\/uploads\/2023\/05\/logo_fycus.jpg\",\"width\":700,\"height\":450,\"caption\":\"FYCUS\"},\"image\":{\"@id\":\"https:\/\/grupo.us.es\/fycusstce\/#\/schema\/logo\/image\/\"}}]}<\/script>\n<!-- \/ Yoast SEO plugin. -->","yoast_head_json":{"title":"Prensa - FYCUS","robots":{"index":"index","follow":"follow","max-snippet":"max-snippet:-1","max-image-preview":"max-image-preview:large","max-video-preview":"max-video-preview:-1"},"canonical":"https:\/\/grupo.us.es\/fycusstce\/anuncios\/","og_locale":"es_ES","og_type":"article","og_title":"Prensa - FYCUS","og_url":"https:\/\/grupo.us.es\/fycusstce\/anuncios\/","og_site_name":"FYCUS","article_modified_time":"2023-05-12T09:23:47+00:00","twitter_card":"summary_large_image","twitter_misc":{"Tiempo de lectura":"1 minuto"},"schema":{"@context":"https:\/\/schema.org","@graph":[{"@type":"WebPage","@id":"https:\/\/grupo.us.es\/fycusstce\/anuncios\/","url":"https:\/\/grupo.us.es\/fycusstce\/anuncios\/","name":"Prensa - FYCUS","isPartOf":{"@id":"https:\/\/grupo.us.es\/fycusstce\/#website"},"datePublished":"2022-03-14T11:14:53+00:00","dateModified":"2023-05-12T09:23:47+00:00","inLanguage":"es","potentialAction":[{"@type":"ReadAction","target":["https:\/\/grupo.us.es\/fycusstce\/anuncios\/"]}]},{"@type":"WebSite","@id":"https:\/\/grupo.us.es\/fycusstce\/#website","url":"https:\/\/grupo.us.es\/fycusstce\/","name":"FYCUS","description":"Universidad de Sevilla","publisher":{"@id":"https:\/\/grupo.us.es\/fycusstce\/#organization"},"potentialAction":[{"@type":"SearchAction","target":{"@type":"EntryPoint","urlTemplate":"https:\/\/grupo.us.es\/fycusstce\/?s={search_term_string}"},"query-input":"required name=search_term_string"}],"inLanguage":"es"},{"@type":"Organization","@id":"https:\/\/grupo.us.es\/fycusstce\/#organization","name":"FYCUS","url":"https:\/\/grupo.us.es\/fycusstce\/","logo":{"@type":"ImageObject","inLanguage":"es","@id":"https:\/\/grupo.us.es\/fycusstce\/#\/schema\/logo\/image\/","url":"https:\/\/grupo.us.es\/fycusstce\/wp-content\/uploads\/2023\/05\/logo_fycus.jpg","contentUrl":"https:\/\/grupo.us.es\/fycusstce\/wp-content\/uploads\/2023\/05\/logo_fycus.jpg","width":700,"height":450,"caption":"FYCUS"},"image":{"@id":"https:\/\/grupo.us.es\/fycusstce\/#\/schema\/logo\/image\/"}}]}},"_links":{"self":[{"href":"https:\/\/grupo.us.es\/fycusstce\/wp-json\/wp\/v2\/pages\/84"}],"collection":[{"href":"https:\/\/grupo.us.es\/fycusstce\/wp-json\/wp\/v2\/pages"}],"about":[{"href":"https:\/\/grupo.us.es\/fycusstce\/wp-json\/wp\/v2\/types\/page"}],"author":[{"embeddable":true,"href":"https:\/\/grupo.us.es\/fycusstce\/wp-json\/wp\/v2\/users\/1"}],"replies":[{"embeddable":true,"href":"https:\/\/grupo.us.es\/fycusstce\/wp-json\/wp\/v2\/comments?post=84"}],"version-history":[{"count":91,"href":"https:\/\/grupo.us.es\/fycusstce\/wp-json\/wp\/v2\/pages\/84\/revisions"}],"predecessor-version":[{"id":2572,"href":"https:\/\/grupo.us.es\/fycusstce\/wp-json\/wp\/v2\/pages\/84\/revisions\/2572"}],"wp:attachment":[{"href":"https:\/\/grupo.us.es\/fycusstce\/wp-json\/wp\/v2\/media?parent=84"}],"curies":[{"name":"wp","href":"https:\/\/api.w.org\/{rel}","templated":true}]}}