{"id":379,"date":"2019-03-06T13:06:55","date_gmt":"2019-03-06T13:06:55","guid":{"rendered":"http:\/\/localhost\/grupous\/?page_id=379"},"modified":"2025-07-14T06:38:05","modified_gmt":"2025-07-14T06:38:05","slug":"estudiantes","status":"publish","type":"page","link":"https:\/\/grupo.us.es\/fqm393\/our_team\/estudiantes\/","title":{"rendered":"Estudian"},"content":{"rendered":"\t\t<div data-elementor-type=\"wp-post\" data-elementor-id=\"379\" class=\"elementor elementor-379\" data-elementor-post-type=\"page\">\n\t\t\t\t\t\t<section class=\"elementor-section elementor-top-section elementor-element elementor-element-da45742 elementor-section-boxed elementor-section-height-default elementor-section-height-default\" data-id=\"da45742\" data-element_type=\"section\" data-e-type=\"section\" data-settings=\"{&quot;background_background&quot;:&quot;classic&quot;}\">\n\t\t\t\t\t\t\t<div class=\"elementor-background-overlay\"><\/div>\n\t\t\t\t\t\t\t<div class=\"elementor-container elementor-column-gap-default\">\n\t\t\t\t\t<div class=\"elementor-column elementor-col-100 elementor-top-column elementor-element elementor-element-3d4e2bf\" data-id=\"3d4e2bf\" data-element_type=\"column\" data-e-type=\"column\">\n\t\t\t<div class=\"elementor-widget-wrap elementor-element-populated\">\n\t\t\t\t\t\t<div class=\"elementor-element elementor-element-53e4512 elementor-widget elementor-widget-heading\" data-id=\"53e4512\" data-element_type=\"widget\" data-e-type=\"widget\" data-widget_type=\"heading.default\">\n\t\t\t\t<div class=\"elementor-widget-container\">\n\t\t\t\t\t<h2 class=\"elementor-heading-title elementor-size-default\">Estudian<\/h2>\t\t\t\t<\/div>\n\t\t\t\t<\/div>\n\t\t\t\t<div class=\"elementor-element elementor-element-14f3cf9 elementor-widget-divider--view-line elementor-widget elementor-widget-divider\" data-id=\"14f3cf9\" data-element_type=\"widget\" data-e-type=\"widget\" data-widget_type=\"divider.default\">\n\t\t\t\t<div class=\"elementor-widget-container\">\n\t\t\t\t\t\t\t<div class=\"elementor-divider\">\n\t\t\t<span class=\"elementor-divider-separator\">\n\t\t\t\t\t\t<\/span>\n\t\t<\/div>\n\t\t\t\t\t\t<\/div>\n\t\t\t\t<\/div>\n\t\t\t\t<div class=\"elementor-element elementor-element-5708211 elementor-widget elementor-widget-text-editor\" data-id=\"5708211\" data-element_type=\"widget\" data-e-type=\"widget\" data-widget_type=\"text-editor.default\">\n\t\t\t\t<div class=\"elementor-widget-container\">\n\t\t\t\t\t\t\t\t\tEstudiantes de M\u00e1ster, de grado o de iniciaci\u00f3n a la investigaci\u00f3n. Si tienes inter\u00e9s en colaborar o solicitar becas de iniciaci\u00f3n a la investigaci\u00f3n en nuestro grupo, no dudes en escribirnos. \t\t\t\t\t\t\t\t<\/div>\n\t\t\t\t<\/div>\n\t\t\t\t<div class=\"elementor-element elementor-element-e657b80 elementor-widget elementor-widget-spacer\" data-id=\"e657b80\" data-element_type=\"widget\" data-e-type=\"widget\" data-widget_type=\"spacer.default\">\n\t\t\t\t<div class=\"elementor-widget-container\">\n\t\t\t\t\t\t\t<div class=\"elementor-spacer\">\n\t\t\t<div class=\"elementor-spacer-inner\"><\/div>\n\t\t<\/div>\n\t\t\t\t\t\t<\/div>\n\t\t\t\t<\/div>\n\t\t\t\t\t<\/div>\n\t\t<\/div>\n\t\t\t\t\t<\/div>\n\t\t<\/section>\n\t\t\t\t<section class=\"elementor-section elementor-top-section elementor-element elementor-element-7062 elementor-section-boxed elementor-section-height-default elementor-section-height-default\" data-id=\"7062\" data-element_type=\"section\" data-e-type=\"section\">\n\t\t\t\t\t\t<div class=\"elementor-container elementor-column-gap-wide\">\n\t\t\t\t\t<div class=\"elementor-column elementor-col-100 elementor-top-column elementor-element elementor-element-732d\" data-id=\"732d\" data-element_type=\"column\" data-e-type=\"column\" data-settings=\"{&quot;background_background&quot;:&quot;classic&quot;}\">\n\t\t\t<div class=\"elementor-widget-wrap elementor-element-populated\">\n\t\t\t\t\t\t<div class=\"elementor-element elementor-element-8e8c15d elementor-widget elementor-widget-text-editor\" data-id=\"8e8c15d\" data-element_type=\"widget\" data-e-type=\"widget\" data-widget_type=\"text-editor.default\">\n\t\t\t\t<div class=\"elementor-widget-container\">\n\t\t\t\t\t\t\t\t\t<p style=\"text-align: justify;\"><span style=\"font-size: inherit;\"><b>Carolina Navarro Olivar<\/b>. Alumna interna y estudiante de TFG.<\/span><\/p><p><span style=\"color: #ffffff;\">_<\/span><\/p><p><span style=\"color: #ffffff;\">_<\/span><\/p><p><span style=\"color: #ffffff;\">_<\/span><\/p><p><span style=\"color: #ffffff;\">_<\/span><\/p><p><span style=\"color: #ffffff;\">_<\/span><\/p>\t\t\t\t\t\t\t\t<\/div>\n\t\t\t\t<\/div>\n\t\t\t\t<div class=\"elementor-element elementor-element-511d2f4 elementor-widget elementor-widget-heading\" data-id=\"511d2f4\" data-element_type=\"widget\" data-e-type=\"widget\" data-widget_type=\"heading.default\">\n\t\t\t\t<div class=\"elementor-widget-container\">\n\t\t\t\t\t<h3 class=\"elementor-heading-title elementor-size-default\">Tambi\u00e9n estudiaron en el grupo...<\/h3>\t\t\t\t<\/div>\n\t\t\t\t<\/div>\n\t\t\t\t<div class=\"elementor-element elementor-element-bfbb3d7 elementor-widget elementor-widget-text-editor\" data-id=\"bfbb3d7\" data-element_type=\"widget\" data-e-type=\"widget\" data-widget_type=\"text-editor.default\">\n\t\t\t\t<div class=\"elementor-widget-container\">\n\t\t\t\t\t\t\t\t\t<p><span><b>Paula Rocha Rodr\u00edguez<\/b>.<\/span><\/p><p><span><b>Miguel Fern\u00e1ndez Su\u00e1rez<\/b>.<\/span><\/p><p><span><b>Jos\u00e9 \u00c1ngel G\u00f3mez Zamudio<\/b>.<\/span><\/p><p><span style=\"font-size: inherit;\"><b>Miriam Lazo Moreno<\/b><\/span><span style=\"font-size: inherit;\"><\/span><\/p><p><span style=\"font-size: inherit;\"><b>Juan Francisco Ferrer Salas<\/b><\/span><span style=\"font-size: inherit;\"><\/span><\/p><p><span style=\"font-size: inherit;\"><b>Alberto Benito Vicente<\/b><\/span><strong><\/strong><\/p><p><strong>Simon Geral.<\/strong> Estudiante visitante de la Universidad de Montpellier<strong><\/strong><\/p><p><strong>Laura Garrido Regife<\/strong><\/p><p><strong>Adri\u00e1n Pav\u00f3n Duarte<\/strong><\/p><p><strong>Ana Bel\u00e9n Soto Tirado<\/strong><\/p><p><strong style=\"text-align: justify;\">Noelia Verd\u00fa Molina<\/strong><\/p><p><strong style=\"text-align: justify;\">Miguel \u00c1ngel Balmaseda M\u00e1rquez<\/strong><strong style=\"text-align: justify;\"><br \/><\/strong><\/p><p><strong style=\"text-align: justify;\">Yeray Pascual Rodr\u00edguez<\/strong><\/p><p><strong style=\"font-size: inherit;\">Jos\u00e9 Antonio D\u00edaz Fraile<\/strong><\/p><p><strong>Alejandro Jurado Jim\u00e9nez<\/strong><\/p><p><strong>Javier Conde Salado<\/strong><\/p><p><span style=\"font-size: inherit;\"><br \/><\/span><strong><\/strong><\/p><p><span style=\"color: #ffffff;\">_<\/span><\/p><p><span style=\"color: #ffffff;\">_<\/span><\/p><p><span style=\"color: #ffffff;\">_<\/span><\/p><p><span style=\"color: #ffffff;\">_<\/span><\/p>\t\t\t\t\t\t\t\t<\/div>\n\t\t\t\t<\/div>\n\t\t\t\t\t<\/div>\n\t\t<\/div>\n\t\t\t\t\t<\/div>\n\t\t<\/section>\n\t\t\t\t<section class=\"elementor-section elementor-top-section elementor-element elementor-element-2786 elementor-section-boxed elementor-section-height-default elementor-section-height-default\" data-id=\"2786\" data-element_type=\"section\" data-e-type=\"section\" data-settings=\"{&quot;background_background&quot;:&quot;classic&quot;,&quot;shape_divider_top&quot;:&quot;curve&quot;,&quot;shape_divider_top_negative&quot;:&quot;yes&quot;}\">\n\t\t\t\t\t\t\t<div class=\"elementor-background-overlay\"><\/div>\n\t\t\t\t\t\t<div class=\"elementor-shape elementor-shape-top\" aria-hidden=\"true\" data-negative=\"true\">\n\t\t\t<svg xmlns=\"http:\/\/www.w3.org\/2000\/svg\" viewBox=\"0 0 1000 100\" preserveAspectRatio=\"none\">\n\t<path class=\"elementor-shape-fill\" d=\"M500,97C126.7,96.3,0.8,19.8,0,0v100l1000,0V1C1000,19.4,873.3,97.8,500,97z\"\/>\n<\/svg>\t\t<\/div>\n\t\t\t\t\t<div class=\"elementor-container elementor-column-gap-default\">\n\t\t\t\t\t<div class=\"elementor-column elementor-col-100 elementor-top-column elementor-element elementor-element-4061\" data-id=\"4061\" data-element_type=\"column\" data-e-type=\"column\">\n\t\t\t<div class=\"elementor-widget-wrap\">\n\t\t\t\t\t\t\t<\/div>\n\t\t<\/div>\n\t\t\t\t\t<\/div>\n\t\t<\/section>\n\t\t\t\t<section class=\"elementor-section elementor-top-section elementor-element elementor-element-65ef elementor-section-boxed elementor-section-height-default elementor-section-height-default\" data-id=\"65ef\" data-element_type=\"section\" data-e-type=\"section\" data-settings=\"{&quot;background_background&quot;:&quot;classic&quot;}\">\n\t\t\t\t\t\t<div class=\"elementor-container elementor-column-gap-no\">\n\t\t\t\t\t<div class=\"elementor-column elementor-col-33 elementor-top-column elementor-element elementor-element-b91\" data-id=\"b91\" data-element_type=\"column\" data-e-type=\"column\">\n\t\t\t<div class=\"elementor-widget-wrap elementor-element-populated\">\n\t\t\t\t\t\t<div class=\"elementor-element elementor-element-4c1b elementor-view-default elementor-widget elementor-widget-icon\" data-id=\"4c1b\" data-element_type=\"widget\" data-e-type=\"widget\" data-widget_type=\"icon.default\">\n\t\t\t\t<div class=\"elementor-widget-container\">\n\t\t\t\t\t\t\t<div class=\"elementor-icon-wrapper\">\n\t\t\t<div class=\"elementor-icon\">\n\t\t\t\t\t\t\t<i class=\"fa fa-map-o\" aria-hidden=\"true\"><\/i>\n\t\t\t\t\t\t<\/div>\n\t\t<\/div>\n\t\t\t\t\t\t<\/div>\n\t\t\t\t<\/div>\n\t\t\t\t<div class=\"elementor-element elementor-element-51b8 elementor-widget elementor-widget-text-editor\" data-id=\"51b8\" data-element_type=\"widget\" data-e-type=\"widget\" data-widget_type=\"text-editor.default\">\n\t\t\t\t<div class=\"elementor-widget-container\">\n\t\t\t\t\t\t\t\t\t<p>FACULTAD DE F\u00cdSICA<\/p><p><span lang=\"ES\">Av. Reina Mercedes, s\/n <\/span><\/p><p><span lang=\"ES\">41012, Sevilla<\/span>.<\/p>\t\t\t\t\t\t\t\t<\/div>\n\t\t\t\t<\/div>\n\t\t\t\t\t<\/div>\n\t\t<\/div>\n\t\t\t\t<div class=\"elementor-column elementor-col-33 elementor-top-column elementor-element elementor-element-5164\" data-id=\"5164\" data-element_type=\"column\" data-e-type=\"column\">\n\t\t\t<div class=\"elementor-widget-wrap elementor-element-populated\">\n\t\t\t\t\t\t<div class=\"elementor-element elementor-element-4af6 elementor-view-default elementor-widget elementor-widget-icon\" data-id=\"4af6\" data-element_type=\"widget\" data-e-type=\"widget\" data-widget_type=\"icon.default\">\n\t\t\t\t<div class=\"elementor-widget-container\">\n\t\t\t\t\t\t\t<div class=\"elementor-icon-wrapper\">\n\t\t\t<div class=\"elementor-icon\">\n\t\t\t\t\t\t\t<i class=\"fa fa-envelope\" aria-hidden=\"true\"><\/i>\n\t\t\t\t\t\t<\/div>\n\t\t<\/div>\n\t\t\t\t\t\t<\/div>\n\t\t\t\t<\/div>\n\t\t\t\t<div class=\"elementor-element elementor-element-ef7 elementor-widget elementor-widget-text-editor\" data-id=\"ef7\" data-element_type=\"widget\" data-e-type=\"widget\" data-widget_type=\"text-editor.default\">\n\t\t\t\t<div class=\"elementor-widget-container\">\n\t\t\t\t\t\t\t\t\t<p><span lang=\"ES\">vmorales@us.es<\/span><\/p>\t\t\t\t\t\t\t\t<\/div>\n\t\t\t\t<\/div>\n\t\t\t\t\t<\/div>\n\t\t<\/div>\n\t\t\t\t<div class=\"elementor-column elementor-col-33 elementor-top-column elementor-element elementor-element-2393\" data-id=\"2393\" data-element_type=\"column\" data-e-type=\"column\">\n\t\t\t<div class=\"elementor-widget-wrap elementor-element-populated\">\n\t\t\t\t\t\t<div class=\"elementor-element elementor-element-4fcd elementor-view-default elementor-widget elementor-widget-icon\" data-id=\"4fcd\" data-element_type=\"widget\" data-e-type=\"widget\" data-widget_type=\"icon.default\">\n\t\t\t\t<div class=\"elementor-widget-container\">\n\t\t\t\t\t\t\t<div class=\"elementor-icon-wrapper\">\n\t\t\t<div class=\"elementor-icon\">\n\t\t\t\t\t\t\t<i class=\"fa fa-phone-square\" aria-hidden=\"true\"><\/i>\n\t\t\t\t\t\t<\/div>\n\t\t<\/div>\n\t\t\t\t\t\t<\/div>\n\t\t\t\t<\/div>\n\t\t\t\t<div class=\"elementor-element elementor-element-2082 elementor-widget elementor-widget-text-editor\" data-id=\"2082\" data-element_type=\"widget\" data-e-type=\"widget\" data-widget_type=\"text-editor.default\">\n\t\t\t\t<div class=\"elementor-widget-container\">\n\t\t\t\t\t\t\t\t\t<p><span lang=\"ES\">+34 954 5595926<\/span><\/p>\t\t\t\t\t\t\t\t<\/div>\n\t\t\t\t<\/div>\n\t\t\t\t\t<\/div>\n\t\t<\/div>\n\t\t\t\t\t<\/div>\n\t\t<\/section>\n\t\t\t\t<\/div>\n\t\t","protected":false},"excerpt":{"rendered":"<p>Estudian Estudiantes de M\u00e1ster, de grado o de iniciaci\u00f3n a la investigaci\u00f3n. Si tienes inter\u00e9s en colaborar o solicitar becas de iniciaci\u00f3n a la investigaci\u00f3n en nuestro grupo, no dudes en escribirnos. Carolina Navarro Olivar. Alumna interna y estudiante de TFG. _ _ _ _ _ Tambi\u00e9n estudiaron en el [&hellip;]<\/p>\n","protected":false},"author":1,"featured_media":0,"parent":276,"menu_order":0,"comment_status":"closed","ping_status":"closed","template":"page-templates\/template-pagebuilder-full-width.php","meta":{"footnotes":""},"class_list":["post-379","page","type-page","status-publish","hentry"],"aioseo_notices":[],"_links":{"self":[{"href":"https:\/\/grupo.us.es\/fqm393\/wp-json\/wp\/v2\/pages\/379","targetHints":{"allow":["GET"]}}],"collection":[{"href":"https:\/\/grupo.us.es\/fqm393\/wp-json\/wp\/v2\/pages"}],"about":[{"href":"https:\/\/grupo.us.es\/fqm393\/wp-json\/wp\/v2\/types\/page"}],"author":[{"embeddable":true,"href":"https:\/\/grupo.us.es\/fqm393\/wp-json\/wp\/v2\/users\/1"}],"replies":[{"embeddable":true,"href":"https:\/\/grupo.us.es\/fqm393\/wp-json\/wp\/v2\/comments?post=379"}],"version-history":[{"count":0,"href":"https:\/\/grupo.us.es\/fqm393\/wp-json\/wp\/v2\/pages\/379\/revisions"}],"up":[{"embeddable":true,"href":"https:\/\/grupo.us.es\/fqm393\/wp-json\/wp\/v2\/pages\/276"}],"wp:attachment":[{"href":"https:\/\/grupo.us.es\/fqm393\/wp-json\/wp\/v2\/media?parent=379"}],"curies":[{"name":"wp","href":"https:\/\/api.w.org\/{rel}","templated":true}]}}