{"id":374,"date":"2019-03-06T12:56:27","date_gmt":"2019-03-06T12:56:27","guid":{"rendered":"http:\/\/localhost\/grupous\/?page_id=374"},"modified":"2026-04-05T10:45:30","modified_gmt":"2026-04-05T10:45:30","slug":"colaboraciones","status":"publish","type":"page","link":"https:\/\/grupo.us.es\/fqm393\/our_team\/colaboraciones\/","title":{"rendered":"Colaboran"},"content":{"rendered":"\t\t<div data-elementor-type=\"wp-post\" data-elementor-id=\"374\" class=\"elementor elementor-374\" data-elementor-post-type=\"page\">\n\t\t\t\t\t\t<section class=\"elementor-section elementor-top-section elementor-element elementor-element-90c8510 elementor-section-boxed elementor-section-height-default elementor-section-height-default\" data-id=\"90c8510\" data-element_type=\"section\" data-e-type=\"section\" data-settings=\"{&quot;background_background&quot;:&quot;classic&quot;}\">\n\t\t\t\t\t\t\t<div class=\"elementor-background-overlay\"><\/div>\n\t\t\t\t\t\t\t<div class=\"elementor-container elementor-column-gap-default\">\n\t\t\t\t\t<div class=\"elementor-column elementor-col-100 elementor-top-column elementor-element elementor-element-023477e\" data-id=\"023477e\" data-element_type=\"column\" data-e-type=\"column\">\n\t\t\t<div class=\"elementor-widget-wrap elementor-element-populated\">\n\t\t\t\t\t\t<div class=\"elementor-element elementor-element-ed15f07 elementor-widget elementor-widget-heading\" data-id=\"ed15f07\" data-element_type=\"widget\" data-e-type=\"widget\" data-widget_type=\"heading.default\">\n\t\t\t\t<div class=\"elementor-widget-container\">\n\t\t\t\t\t<h2 class=\"elementor-heading-title elementor-size-default\">Colaboran<\/h2>\t\t\t\t<\/div>\n\t\t\t\t<\/div>\n\t\t\t\t<div class=\"elementor-element elementor-element-2637e12 elementor-widget-divider--view-line elementor-widget elementor-widget-divider\" data-id=\"2637e12\" data-element_type=\"widget\" data-e-type=\"widget\" data-widget_type=\"divider.default\">\n\t\t\t\t<div class=\"elementor-widget-container\">\n\t\t\t\t\t\t\t<div class=\"elementor-divider\">\n\t\t\t<span class=\"elementor-divider-separator\">\n\t\t\t\t\t\t<\/span>\n\t\t<\/div>\n\t\t\t\t\t\t<\/div>\n\t\t\t\t<\/div>\n\t\t\t\t<div class=\"elementor-element elementor-element-c75fcde elementor-widget elementor-widget-text-editor\" data-id=\"c75fcde\" data-element_type=\"widget\" data-e-type=\"widget\" data-widget_type=\"text-editor.default\">\n\t\t\t\t<div class=\"elementor-widget-container\">\n\t\t\t\t\t\t\t\t\tPersonal de investigaci\u00f3n que ha colaborado con el grupo de investigaci\u00f3n o que ha realizado estancias en nuestros laboratorios. \t\t\t\t\t\t\t\t<\/div>\n\t\t\t\t<\/div>\n\t\t\t\t<div class=\"elementor-element elementor-element-8e4b234 elementor-widget elementor-widget-spacer\" data-id=\"8e4b234\" data-element_type=\"widget\" data-e-type=\"widget\" data-widget_type=\"spacer.default\">\n\t\t\t\t<div class=\"elementor-widget-container\">\n\t\t\t\t\t\t\t<div class=\"elementor-spacer\">\n\t\t\t<div class=\"elementor-spacer-inner\"><\/div>\n\t\t<\/div>\n\t\t\t\t\t\t<\/div>\n\t\t\t\t<\/div>\n\t\t\t\t\t<\/div>\n\t\t<\/div>\n\t\t\t\t\t<\/div>\n\t\t<\/section>\n\t\t\t\t<section class=\"elementor-section elementor-top-section elementor-element elementor-element-25e4 elementor-section-boxed elementor-section-height-default elementor-section-height-default\" data-id=\"25e4\" data-element_type=\"section\" data-e-type=\"section\">\n\t\t\t\t\t\t<div class=\"elementor-container elementor-column-gap-wide\">\n\t\t\t\t\t<div class=\"elementor-column elementor-col-100 elementor-top-column elementor-element elementor-element-6577\" data-id=\"6577\" data-element_type=\"column\" data-e-type=\"column\" data-settings=\"{&quot;background_background&quot;:&quot;classic&quot;}\">\n\t\t\t<div class=\"elementor-widget-wrap elementor-element-populated\">\n\t\t\t\t\t\t<div class=\"elementor-element elementor-element-bf3592b elementor-widget elementor-widget-text-editor\" data-id=\"bf3592b\" data-element_type=\"widget\" data-e-type=\"widget\" data-widget_type=\"text-editor.default\">\n\t\t\t\t<div class=\"elementor-widget-container\">\n\t\t\t\t\t\t\t\t\t<p><b>MSc. Ilaria Tocci.<\/b> Universit\u00e0 degli Studi della Campania \u201cLuigi Vanvitelli\u201d (Italia)<\/p>\n<p><b>Prof. Roberto Mendoza Serna. <\/b>Universidad Nacional Aut\u00f3noma de M\u00e9xico (M\u00e9xico)<\/p>\n<p><span style=\"font-size: inherit;\"><b>MSc. Valentina Vergara Uribe.<\/b> Abo Akademi<\/span>&nbsp;(Finlandia)<\/p>\n<div><\/div>\n<div><\/div>\n<p><span style=\"color: #ffffff;\">_<\/span><\/p>\n<p><span style=\"color: #ffffff;\">_<\/span><\/p>\n<p><span style=\"color: #ffffff;\">_<\/span><\/p>\n<p><span style=\"color: #ffffff;\">_<\/span><\/p>\n<p><span style=\"color: #ffffff;\">_<\/span><\/p>\n<p><span style=\"color: #ffffff;\">_<\/span><\/p>\t\t\t\t\t\t\t\t<\/div>\n\t\t\t\t<\/div>\n\t\t\t\t<div class=\"elementor-element elementor-element-c983f97 elementor-widget elementor-widget-heading\" data-id=\"c983f97\" data-element_type=\"widget\" data-e-type=\"widget\" data-widget_type=\"heading.default\">\n\t\t\t\t<div class=\"elementor-widget-container\">\n\t\t\t\t\t<h3 class=\"elementor-heading-title elementor-size-default\">Tambi\u00e9n colaboraron con el grupo...<\/h3>\t\t\t\t<\/div>\n\t\t\t\t<\/div>\n\t\t\t\t<div class=\"elementor-element elementor-element-86b6c70 elementor-widget elementor-widget-text-editor\" data-id=\"86b6c70\" data-element_type=\"widget\" data-e-type=\"widget\" data-widget_type=\"text-editor.default\">\n\t\t\t\t<div class=\"elementor-widget-container\">\n\t\t\t\t\t\t\t\t\t<p><span style=\"color: #ffffff;\">\u00a0<\/span><\/p><p><strong>Yoshihiro Tamura<\/strong>. Tokio Institute of Technology (Jap\u00f3n).<span style=\"color: #ffffff;\"><\/span><span style=\"color: #ffffff;\">_<\/span><span style=\"color: #ffffff;\">_<\/span><\/p><p><strong>Laura Garrido Regife<\/strong>. Instituto de Microelectr\u00f3nica (Sevilla).<\/p><p><strong><\/strong><\/p><p><strong>Majdi Benamara. <\/strong>Investigador predoctoral de la Universidad de Gabes, T\u00fanez.<\/p><p><span style=\"color: #ffffff;\"><\/span><strong>Jos\u00e9 Morgado<\/strong>. Investigador predoctoral<\/p><p><strong>Yeray Pascual<\/strong>. Investigador predoctoral<\/p><p><strong>Ana Carmen Bejarano.<\/strong> Investigadora predoctoral.<\/p><p><b>Cristina Ojalvo Guiberteau.<\/b> Universidad de Extremadura.<\/p><p><strong>MSc. Inga Zhukova<\/strong><b>.<\/b>\u00a0Slovensk\u00e1 akad\u00e9mia vied \/ Slovak Academy of Sciences (Eslovaquia)<strong><br \/><\/strong><\/p><p><strong>Dr. Camilo Zamora Ledezma<\/strong><b>.<\/b> UCAM (Murcia)<\/p><p><b>MSc. Harshit Tripathi. <\/b>Punjab Engineering College (India)<\/p><p><span style=\"font-size: inherit;\"><b>MSc. Fatima Ezzahrae Mrizak.<\/b> Universidad\u00a0<\/span>Sidi Mohamed Ben Abdellah (Marruecos)<\/p><div><\/div><div><\/div><p><span style=\"color: #ffffff;\">\u00a0<\/span><\/p><p><\/p><p><\/p><p><span style=\"color: #ffffff;\">_<\/span><\/p><p><span style=\"color: #ffffff;\">_<\/span><\/p><p><span style=\"color: #ffffff;\">_<\/span><\/p>\t\t\t\t\t\t\t\t<\/div>\n\t\t\t\t<\/div>\n\t\t\t\t\t<\/div>\n\t\t<\/div>\n\t\t\t\t\t<\/div>\n\t\t<\/section>\n\t\t\t\t<section class=\"elementor-section elementor-top-section elementor-element elementor-element-4568 elementor-section-boxed elementor-section-height-default elementor-section-height-default\" data-id=\"4568\" data-element_type=\"section\" data-e-type=\"section\" data-settings=\"{&quot;background_background&quot;:&quot;classic&quot;,&quot;shape_divider_top&quot;:&quot;curve&quot;,&quot;shape_divider_top_negative&quot;:&quot;yes&quot;}\">\n\t\t\t\t\t\t\t<div class=\"elementor-background-overlay\"><\/div>\n\t\t\t\t\t\t<div class=\"elementor-shape elementor-shape-top\" aria-hidden=\"true\" data-negative=\"true\">\n\t\t\t<svg xmlns=\"http:\/\/www.w3.org\/2000\/svg\" viewBox=\"0 0 1000 100\" preserveAspectRatio=\"none\">\n\t<path class=\"elementor-shape-fill\" d=\"M500,97C126.7,96.3,0.8,19.8,0,0v100l1000,0V1C1000,19.4,873.3,97.8,500,97z\"\/>\n<\/svg>\t\t<\/div>\n\t\t\t\t\t<div class=\"elementor-container elementor-column-gap-default\">\n\t\t\t\t\t<div class=\"elementor-column elementor-col-100 elementor-top-column elementor-element elementor-element-8b\" data-id=\"8b\" data-element_type=\"column\" data-e-type=\"column\">\n\t\t\t<div class=\"elementor-widget-wrap\">\n\t\t\t\t\t\t\t<\/div>\n\t\t<\/div>\n\t\t\t\t\t<\/div>\n\t\t<\/section>\n\t\t\t\t<section class=\"elementor-section elementor-top-section elementor-element elementor-element-5f87 elementor-section-boxed elementor-section-height-default elementor-section-height-default\" data-id=\"5f87\" data-element_type=\"section\" data-e-type=\"section\" data-settings=\"{&quot;background_background&quot;:&quot;classic&quot;}\">\n\t\t\t\t\t\t<div class=\"elementor-container elementor-column-gap-no\">\n\t\t\t\t\t<div class=\"elementor-column elementor-col-33 elementor-top-column elementor-element elementor-element-1269\" data-id=\"1269\" data-element_type=\"column\" data-e-type=\"column\">\n\t\t\t<div class=\"elementor-widget-wrap elementor-element-populated\">\n\t\t\t\t\t\t<div class=\"elementor-element elementor-element-5133 elementor-view-default elementor-widget elementor-widget-icon\" data-id=\"5133\" data-element_type=\"widget\" data-e-type=\"widget\" data-widget_type=\"icon.default\">\n\t\t\t\t<div class=\"elementor-widget-container\">\n\t\t\t\t\t\t\t<div class=\"elementor-icon-wrapper\">\n\t\t\t<div class=\"elementor-icon\">\n\t\t\t\t\t\t\t<i class=\"fa fa-map-o\" aria-hidden=\"true\"><\/i>\n\t\t\t\t\t\t<\/div>\n\t\t<\/div>\n\t\t\t\t\t\t<\/div>\n\t\t\t\t<\/div>\n\t\t\t\t<div class=\"elementor-element elementor-element-4cf0 elementor-widget elementor-widget-text-editor\" data-id=\"4cf0\" data-element_type=\"widget\" data-e-type=\"widget\" data-widget_type=\"text-editor.default\">\n\t\t\t\t<div class=\"elementor-widget-container\">\n\t\t\t\t\t\t\t\t\t<p>FACULTAD DE F\u00cdSICA<\/p><p><span lang=\"ES\">Av. Reina Mercedes, s\/n <\/span><\/p><p><span lang=\"ES\">41012, Sevilla<\/span>.<\/p>\t\t\t\t\t\t\t\t<\/div>\n\t\t\t\t<\/div>\n\t\t\t\t\t<\/div>\n\t\t<\/div>\n\t\t\t\t<div class=\"elementor-column elementor-col-33 elementor-top-column elementor-element elementor-element-481c\" data-id=\"481c\" data-element_type=\"column\" data-e-type=\"column\">\n\t\t\t<div class=\"elementor-widget-wrap elementor-element-populated\">\n\t\t\t\t\t\t<div class=\"elementor-element elementor-element-4ee elementor-view-default elementor-widget elementor-widget-icon\" data-id=\"4ee\" data-element_type=\"widget\" data-e-type=\"widget\" data-widget_type=\"icon.default\">\n\t\t\t\t<div class=\"elementor-widget-container\">\n\t\t\t\t\t\t\t<div class=\"elementor-icon-wrapper\">\n\t\t\t<div class=\"elementor-icon\">\n\t\t\t\t\t\t\t<i class=\"fa fa-envelope\" aria-hidden=\"true\"><\/i>\n\t\t\t\t\t\t<\/div>\n\t\t<\/div>\n\t\t\t\t\t\t<\/div>\n\t\t\t\t<\/div>\n\t\t\t\t<div class=\"elementor-element elementor-element-4d8f elementor-widget elementor-widget-text-editor\" data-id=\"4d8f\" data-element_type=\"widget\" data-e-type=\"widget\" data-widget_type=\"text-editor.default\">\n\t\t\t\t<div class=\"elementor-widget-container\">\n\t\t\t\t\t\t\t\t\t<p><span lang=\"ES\">vmorales@us.es<\/span><\/p>\t\t\t\t\t\t\t\t<\/div>\n\t\t\t\t<\/div>\n\t\t\t\t\t<\/div>\n\t\t<\/div>\n\t\t\t\t<div class=\"elementor-column elementor-col-33 elementor-top-column elementor-element elementor-element-33ab\" data-id=\"33ab\" data-element_type=\"column\" data-e-type=\"column\">\n\t\t\t<div class=\"elementor-widget-wrap elementor-element-populated\">\n\t\t\t\t\t\t<div class=\"elementor-element elementor-element-5a43579 elementor-view-default elementor-widget elementor-widget-icon\" data-id=\"5a43579\" data-element_type=\"widget\" data-e-type=\"widget\" data-widget_type=\"icon.default\">\n\t\t\t\t<div class=\"elementor-widget-container\">\n\t\t\t\t\t\t\t<div class=\"elementor-icon-wrapper\">\n\t\t\t<div class=\"elementor-icon\">\n\t\t\t\t\t\t\t<i class=\"fa fa-phone-square\" aria-hidden=\"true\"><\/i>\n\t\t\t\t\t\t<\/div>\n\t\t<\/div>\n\t\t\t\t\t\t<\/div>\n\t\t\t\t<\/div>\n\t\t\t\t<div class=\"elementor-element elementor-element-1fa elementor-widget elementor-widget-text-editor\" data-id=\"1fa\" data-element_type=\"widget\" data-e-type=\"widget\" data-widget_type=\"text-editor.default\">\n\t\t\t\t<div class=\"elementor-widget-container\">\n\t\t\t\t\t\t\t\t\t<p><span lang=\"ES\">+34 954 5595926<\/span><\/p>\t\t\t\t\t\t\t\t<\/div>\n\t\t\t\t<\/div>\n\t\t\t\t\t<\/div>\n\t\t<\/div>\n\t\t\t\t\t<\/div>\n\t\t<\/section>\n\t\t\t\t<\/div>\n\t\t","protected":false},"excerpt":{"rendered":"<p>Colaboran Personal de investigaci\u00f3n que ha colaborado con el grupo de investigaci\u00f3n o que ha realizado estancias en nuestros laboratorios. MSc. Ilaria Tocci. Universit\u00e0 degli Studi della Campania \u201cLuigi Vanvitelli\u201d (Italia) Prof. Roberto Mendoza Serna. Universidad Nacional Aut\u00f3noma de M\u00e9xico (M\u00e9xico) MSc. Valentina Vergara Uribe. Abo Akademi&nbsp;(Finlandia) _ _ _ [&hellip;]<\/p>\n","protected":false},"author":1,"featured_media":0,"parent":276,"menu_order":0,"comment_status":"closed","ping_status":"closed","template":"page-templates\/template-pagebuilder-full-width.php","meta":{"footnotes":""},"class_list":["post-374","page","type-page","status-publish","hentry"],"aioseo_notices":[],"_links":{"self":[{"href":"https:\/\/grupo.us.es\/fqm393\/wp-json\/wp\/v2\/pages\/374","targetHints":{"allow":["GET"]}}],"collection":[{"href":"https:\/\/grupo.us.es\/fqm393\/wp-json\/wp\/v2\/pages"}],"about":[{"href":"https:\/\/grupo.us.es\/fqm393\/wp-json\/wp\/v2\/types\/page"}],"author":[{"embeddable":true,"href":"https:\/\/grupo.us.es\/fqm393\/wp-json\/wp\/v2\/users\/1"}],"replies":[{"embeddable":true,"href":"https:\/\/grupo.us.es\/fqm393\/wp-json\/wp\/v2\/comments?post=374"}],"version-history":[{"count":0,"href":"https:\/\/grupo.us.es\/fqm393\/wp-json\/wp\/v2\/pages\/374\/revisions"}],"up":[{"embeddable":true,"href":"https:\/\/grupo.us.es\/fqm393\/wp-json\/wp\/v2\/pages\/276"}],"wp:attachment":[{"href":"https:\/\/grupo.us.es\/fqm393\/wp-json\/wp\/v2\/media?parent=374"}],"curies":[{"name":"wp","href":"https:\/\/api.w.org\/{rel}","templated":true}]}}