{"id":276,"date":"2019-03-06T10:14:41","date_gmt":"2019-03-06T10:14:41","guid":{"rendered":"http:\/\/localhost\/grupous\/?page_id=276"},"modified":"2023-06-25T16:48:56","modified_gmt":"2023-06-25T16:48:56","slug":"our_team","status":"publish","type":"page","link":"https:\/\/grupo.us.es\/fqm393\/our_team\/","title":{"rendered":"EQUIPO"},"content":{"rendered":"<h2>NUESTRO EQUIPO<\/h2>\n<p>Nuestro Grupo de Investigaci\u00f3n se compone de un numeroso grupo de personas, siempre abierto y en crecimiento, formado tanto por personal investigador como por colaboradores y colaboradoras, sin olvidar las aportaciones que realizan quienes a\u00fan son estudiantes.<br \/>\n<a href=\"http:\/\/grupo.us.es\/fqm393\/our_team\/investigan\/\"><br \/>\n<\/a><\/p>\n<h3>\n\t\t\t\t\t<a href=\"http:\/\/grupo.us.es\/fqm393\/our_team\/investigan\/\"><br \/>\nINVESTIGAN\t\t\t\t\t<\/a><\/h3>\n<p>Directorio de personal de investigaci\u00f3n del grupo que incluye referencias a publicaciones, proyectos realizados y trabajos en curso.<\/p>\n<p><a href=\"http:\/\/grupo.us.es\/fqm393\/our_team\/colaboraciones\/\"><br \/>\n<\/a><\/p>\n<h3>\n\t\t\t\t\t<a href=\"http:\/\/grupo.us.es\/fqm393\/our_team\/colaboraciones\/\"><br \/>\nCOLABORAN\t\t\t\t\t<\/a><\/h3>\n<p>Personal de investigaci\u00f3n que ha colaborado con el grupo de investigaci\u00f3n o que ha realizado estancias en nuestros laboratorios.<\/p>\n<p><a href=\"http:\/\/grupo.us.es\/fqm393\/our_team\/estudiantes\/\"><br \/>\n<\/a><\/p>\n<h3>\n\t\t\t\t\t<a href=\"http:\/\/grupo.us.es\/fqm393\/our_team\/estudiantes\/\"><br \/>\nESTUDIAN\t\t\t\t\t<\/a><\/h3>\n<p>Estudiantes de M\u00e1ster, de grado o de iniciaci\u00f3n a la investigaci\u00f3n que participan en actividades del grupo de investigaci\u00f3n.<\/p>\n<p>FACULTAD DE F\u00cdSICA<\/p>\n<p>Av. Reina Mercedes, s\/n<\/p>\n<p>41012, Sevilla.<\/p>\n<p>vmorales@us.es<\/p>\n<p>+34 954 555926<\/p>\n","protected":false},"excerpt":{"rendered":"<p>NUESTRO EQUIPO Nuestro Grupo de Investigaci\u00f3n se compone de un numeroso grupo de personas, siempre abierto y en crecimiento, formado tanto por personal investigador como por colaboradores y colaboradoras, sin olvidar las aportaciones que realizan quienes a\u00fan son estudiantes. INVESTIGAN Directorio de personal de investigaci\u00f3n del grupo que incluye referencias [&hellip;]<\/p>\n","protected":false},"author":1,"featured_media":0,"parent":0,"menu_order":0,"comment_status":"closed","ping_status":"closed","template":"page-templates\/template-pagebuilder-full-width.php","meta":{"footnotes":""},"class_list":["post-276","page","type-page","status-publish","hentry"],"aioseo_notices":[],"_links":{"self":[{"href":"https:\/\/grupo.us.es\/fqm393\/wp-json\/wp\/v2\/pages\/276","targetHints":{"allow":["GET"]}}],"collection":[{"href":"https:\/\/grupo.us.es\/fqm393\/wp-json\/wp\/v2\/pages"}],"about":[{"href":"https:\/\/grupo.us.es\/fqm393\/wp-json\/wp\/v2\/types\/page"}],"author":[{"embeddable":true,"href":"https:\/\/grupo.us.es\/fqm393\/wp-json\/wp\/v2\/users\/1"}],"replies":[{"embeddable":true,"href":"https:\/\/grupo.us.es\/fqm393\/wp-json\/wp\/v2\/comments?post=276"}],"version-history":[{"count":0,"href":"https:\/\/grupo.us.es\/fqm393\/wp-json\/wp\/v2\/pages\/276\/revisions"}],"wp:attachment":[{"href":"https:\/\/grupo.us.es\/fqm393\/wp-json\/wp\/v2\/media?parent=276"}],"curies":[{"name":"wp","href":"https:\/\/api.w.org\/{rel}","templated":true}]}}