{"id":66,"date":"2020-09-16T17:04:32","date_gmt":"2020-09-16T17:04:32","guid":{"rendered":"http:\/\/grupo.us.es\/fqm331\/grupo\/?page_id=66"},"modified":"2024-10-16T11:57:23","modified_gmt":"2024-10-16T11:57:23","slug":"proyectos","status":"publish","type":"page","link":"https:\/\/grupo.us.es\/fqm331\/proyectos\/","title":{"rendered":"Proyectos"},"content":{"rendered":"\t\t<div data-elementor-type=\"wp-page\" data-elementor-id=\"66\" class=\"elementor elementor-66\" data-elementor-settings=\"[]\">\n\t\t\t\t\t\t<div class=\"elementor-inner\">\n\t\t\t\t\t\t\t<div class=\"elementor-section-wrap\">\n\t\t\t\t\t\t\t<section class=\"elementor-section elementor-top-section elementor-element elementor-element-5c2a5356 elementor-section-boxed elementor-section-height-default elementor-section-height-default\" data-id=\"5c2a5356\" data-element_type=\"section\">\n\t\t\t\t\t\t<div class=\"elementor-container elementor-column-gap-default\">\n\t\t\t\t\t\t\t<div class=\"elementor-row\">\n\t\t\t\t\t<div class=\"elementor-column elementor-col-100 elementor-top-column elementor-element elementor-element-3c59066c\" data-id=\"3c59066c\" data-element_type=\"column\">\n\t\t\t<div class=\"elementor-column-wrap elementor-element-populated\">\n\t\t\t\t\t\t\t<div class=\"elementor-widget-wrap\">\n\t\t\t\t\t\t<div class=\"elementor-element elementor-element-2e41c371 elementor-widget elementor-widget-spacer\" data-id=\"2e41c371\" data-element_type=\"widget\" data-widget_type=\"spacer.default\">\n\t\t\t\t<div class=\"elementor-widget-container\">\n\t\t\t\t\t<div class=\"elementor-spacer\">\n\t\t\t<div class=\"elementor-spacer-inner\"><\/div>\n\t\t<\/div>\n\t\t\t\t<\/div>\n\t\t\t\t<\/div>\n\t\t\t\t\t\t<\/div>\n\t\t\t\t\t<\/div>\n\t\t<\/div>\n\t\t\t\t\t\t\t\t<\/div>\n\t\t\t\t\t<\/div>\n\t\t<\/section>\n\t\t\t\t<section class=\"elementor-section elementor-top-section elementor-element elementor-element-498d7a4c elementor-section-boxed elementor-section-height-default elementor-section-height-default\" data-id=\"498d7a4c\" data-element_type=\"section\">\n\t\t\t\t\t\t<div class=\"elementor-container elementor-column-gap-default\">\n\t\t\t\t\t\t\t<div class=\"elementor-row\">\n\t\t\t\t\t<div class=\"elementor-column elementor-col-100 elementor-top-column elementor-element elementor-element-603b1bc1\" data-id=\"603b1bc1\" data-element_type=\"column\">\n\t\t\t<div class=\"elementor-column-wrap elementor-element-populated\">\n\t\t\t\t\t\t\t<div class=\"elementor-widget-wrap\">\n\t\t\t\t\t\t<div class=\"elementor-element elementor-element-423767de elementor-widget elementor-widget-heading\" data-id=\"423767de\" data-element_type=\"widget\" data-widget_type=\"heading.default\">\n\t\t\t\t<div class=\"elementor-widget-container\">\n\t\t\t<h2 class=\"elementor-heading-title elementor-size-default\">Proyectos de Investigaci\u00f3n<\/h2>\t\t<\/div>\n\t\t\t\t<\/div>\n\t\t\t\t\t\t<\/div>\n\t\t\t\t\t<\/div>\n\t\t<\/div>\n\t\t\t\t\t\t\t\t<\/div>\n\t\t\t\t\t<\/div>\n\t\t<\/section>\n\t\t\t\t<section class=\"elementor-section elementor-top-section elementor-element elementor-element-33aa293d elementor-section-boxed elementor-section-height-default elementor-section-height-default\" data-id=\"33aa293d\" data-element_type=\"section\">\n\t\t\t\t\t\t<div class=\"elementor-container elementor-column-gap-default\">\n\t\t\t\t\t\t\t<div class=\"elementor-row\">\n\t\t\t\t\t<div class=\"elementor-column elementor-col-100 elementor-top-column elementor-element elementor-element-207f70bc\" data-id=\"207f70bc\" data-element_type=\"column\">\n\t\t\t<div class=\"elementor-column-wrap elementor-element-populated\">\n\t\t\t\t\t\t\t<div class=\"elementor-widget-wrap\">\n\t\t\t\t\t\t<div class=\"elementor-element elementor-element-2c49b96b elementor-widget-divider--view-line elementor-widget elementor-widget-divider\" data-id=\"2c49b96b\" data-element_type=\"widget\" data-widget_type=\"divider.default\">\n\t\t\t\t<div class=\"elementor-widget-container\">\n\t\t\t\t\t<div class=\"elementor-divider\">\n\t\t\t<span class=\"elementor-divider-separator\">\n\t\t\t\t\t\t<\/span>\n\t\t<\/div>\n\t\t\t\t<\/div>\n\t\t\t\t<\/div>\n\t\t\t\t<div class=\"elementor-element elementor-element-645d767 elementor-widget elementor-widget-text-editor\" data-id=\"645d767\" data-element_type=\"widget\" data-widget_type=\"text-editor.default\">\n\t\t\t\t<div class=\"elementor-widget-container\">\n\t\t\t\t\t\t\t\t<div class=\"elementor-text-editor elementor-clearfix\">\n\t\t\t\t<ul><li><strong>T\u00edtulo:<\/strong> Mathematical Optimization and Complex Networks: From the Origin of Life to Artificial Intelligence. <strong>Responsable:<\/strong> Justo Puerto Albandoz \/ V\u00edctor Blanco Izquierdo. <strong>Tipo de Proyecto: <\/strong>Proyectos Plan Operativo FEDER Andaluc\u00eda 2021-2027. <strong>Referencia: <\/strong>C-EXP-139-UGR23. <strong>Fecha de Inicio:<\/strong> 01-06-2023. <strong>Fecha de Finalizaci\u00f3n:<\/strong> 31-012-2026.<\/li><li><strong>T\u00edtulo:<\/strong> Red tem\u00e1tica: Ciencia de la localizaci\u00f3n y problemas afines.\u00a0<strong>Responsable:<\/strong> V\u00edctor Blanco Izquierdo. <strong>Tipo de Proyecto: <\/strong>Redes de excelencia. Plan Nacional I+D+i. <strong>Referencia: <\/strong>RED2022-134149-T. <strong>Fecha de Inicio:<\/strong> 01-06-2023. <strong>Fecha de Finalizaci\u00f3n:<\/strong> 30-05-2025.<\/li><li><strong>T\u00edtulo:<\/strong> Ciencia de datos y optimizaci\u00f3n de recursos en la gesti\u00f3n integral de residuos. <strong>Responsable:<\/strong> Antonio Manuel Rodri\u0301guez-Chi\u0301a. <strong>Tipo de Proyecto: <\/strong>Proyectos Estrat\u00e9gicos Orientados a la Transici\u00f3n Verde y a la Transici\u00f3n Digital. Plan Nacional I+D+i. <strong>Referencia: <\/strong>PID2020-114594GB-C22. <strong>Fecha de Inicio:<\/strong> 01-12-2022. <strong>Fecha de Finalizaci\u00f3n:<\/strong> 30-05-2025.<\/li><li><strong>T\u00edtulo:<\/strong> Optimization on data science and network design problems: Large scale network models meet optimization and data science tools. <strong>Responsable:<\/strong> Justo Puerto Albandoz \/ V\u00edctor Blanco Izquierdo. <strong>Tipo de Proyecto: <\/strong>Plan Estatal 2017-2020 Generaci\u00f3n Conocimiento &#8211; Proyectos I+D+i. <strong>Referencia: <\/strong>PID2020-114594GB-C21. <strong>Fecha de Inicio:<\/strong> 01-09-2021. <strong>Fecha de Finalizaci\u00f3n:<\/strong> 31-08-2025.<\/li><li><strong>T\u00edtulo:<\/strong> Optimization on data science and network design problems: data science meets optimization and network models. <strong>Responsable:<\/strong> V\u00edctor Blanco Izquierdo. <strong>Tipo de Proyecto: <\/strong>Plan Estatal 2017-2020 Generaci\u00f3n Conocimiento &#8211; Proyectos I+D+i. <strong>Referencia: <\/strong>PID2020-114594GB-C22. <strong>Fecha de Inicio:<\/strong> 01-09-2021. <strong>Fecha de Finalizaci\u00f3n:<\/strong> 31-08-2025.<\/li><li><strong>T\u00edtulo:<\/strong> Analysis Of Complex Networks Under Modern Optimization And Statistical Lens (COXMOS). <strong>Responsable:<\/strong> V\u00edctor Blanco Izquierdo. <strong>Tipo de Proyecto: <\/strong>Proyectos I+D+i FEDER Andaluc\u00eda 2014-2020. <strong>Referencia: <\/strong>B-FQM-322-UGR20. <strong>Fecha de Inicio:<\/strong> 01-07-2021. <strong>Fecha de Finalizaci\u00f3n:<\/strong> 30-06-2023.<\/li><li><strong>T\u00edtulo:<\/strong> Complex networks meet data science. <strong>Responsable:<\/strong> Justo Puerto Albandoz. <strong>Tipo de Proyecto: <\/strong>Proyectos Fundaci\u00f3n \u00abBBVA\u00bb. <strong>Referencia: <\/strong>COMPLEX NETWORKS. <strong>Fecha de Inicio:<\/strong> 01-05-2020. <strong>Fecha de Finalizaci\u00f3n:<\/strong> 30-10-2022.<\/li><li><strong>T\u00edtulo:<\/strong> Retos de la optimizaci\u00f3n combinatoria en los nuevos modelos de redes complejas y ciencia de datos. <strong>Responsable:<\/strong> Justo Puerto Albandoz \/ Antonio Manuel Rodr\u00edguez Ch\u00eda. <strong>Tipo de Proyecto: <\/strong>PAIDI 2018: Proyectos I+D+i. <strong>Referencia: <\/strong>P18-FR-1422. <strong>Fecha de Inicio:<\/strong> 01-01-2020. <strong>Fecha de Finalizaci\u00f3n:<\/strong> 31-01-2023.<\/li><li><strong>T\u00edtulo:<\/strong> Nuevos resultados sobre los problemas de dise\u00f1o y optimizaci\u00f3n en redes complejas: Aplicaciones al dise\u00f1o de ciudades inteligentes. <strong>Responsable:<\/strong> Justo Puerto Albandoz \/\u00a0Jos\u00e9 Fernando L\u00f3pez Bl\u00e1zquez. <strong>Tipo de Proyecto: <\/strong>Proyectos I+D+i FEDER Andaluc\u00eda 2014-2020. <strong>Referencia: <\/strong>US-1256951. <strong>Fecha de Inicio:<\/strong> 01-02-2020. <strong>Fecha de Finalizaci\u00f3n:<\/strong> 30-04-2022.<\/li><li><strong>T\u00edtulo:<\/strong> Nuevos Desaf\u00edos Matem\u00e1ticos en Problemas Log\u00edsticos y de Transporte Integrado sobre Redes Complejas: Dise\u00f1o y Optimizaci\u00f3n. <strong>Responsable:<\/strong> Justo Puerto Albandoz \/\u00a0Jos\u00e9 Fernando L\u00f3pez Bl\u00e1zquez. <strong>Tipo de Proyecto: <\/strong>Plan Estatal 2013-2016 Retos &#8211; Proyectos I+D+i. <strong>Referencia: <\/strong>MTM2016-74983-C2-1-R. <strong>Fecha de Inicio:<\/strong> 30-12-2016. <strong>Fecha de Finalizaci\u00f3n:<\/strong> 29-06-2021.<\/li><li><strong>T\u00edtulo:<\/strong> Conexiones entre la estad\u00edstica, la investigaci\u00f3n operativa y las ciencias actuariales: Modelos alternativos en econom\u00eda. <strong>Responsable:<\/strong> V\u00edctor Blanco Izquierdo. <strong>Tipo de Proyecto: <\/strong>Plan Propio Investigaci\u00f3n \u2014 Universidad de Granada. <strong>Referencia: <\/strong>PP2016-PIP06. <strong>Fecha de Inicio:<\/strong> 01-12-2016. <strong>Fecha de Finalizaci\u00f3n:<\/strong> 30-05-2018.<\/li><li><strong>T\u00edtulo:<\/strong> Desaf\u00edos Matem\u00e1ticos en el Dise\u00f1o y Optimizaci\u00f3n de Redes Complejas: Aplicaciones. <strong>Responsable:<\/strong> Justo Puerto Albandoz. <strong>Tipo de Proyecto: <\/strong>Plan Estatal 2013-2016 Excelencia &#8211; Proyectos I+D. <strong>Referencia: <\/strong>MTM2013-46962-C2-1-P. <strong>Fecha de Inicio:<\/strong> 01-01-2014. <strong>Fecha de Finalizaci\u00f3n:<\/strong> 31-12-2017.<\/li><li><strong>T\u00edtulo:<\/strong> Dise\u00f1o \u00d3ptimo en Redes Log\u00edsticas. <strong>Responsable:<\/strong> Justo Puerto Albandoz. <strong>Tipo de Proyecto: <\/strong>Plan Nacional del 2010. <strong>Referencia: <\/strong>MTM2010-19576-C02-01. <strong>Fecha de Inicio:<\/strong> 01-01-2011. <strong>Fecha de Finalizaci\u00f3n:<\/strong> 31-12-2014.<\/li><li><strong>T\u00edtulo:<\/strong> Nuevos Desaf\u00edos de la Matem\u00e1tica Combinatoria: Enfoques no Est\u00e1ndares en Optimizaci\u00f3n Discreta y \u00c1lgebra Computacional. Aplicaciones. <strong>Responsable:<\/strong> Justo Puerto Albandoz. <strong>Tipo de Proyecto: <\/strong>Proyectos de Excelencia de la Junta de Andaluc\u00eda. <strong>Referencia: <\/strong>P10-FQM-5849. <strong>Fecha de Inicio:<\/strong> 15-03-2011. <strong>Fecha de Finalizaci\u00f3n:<\/strong> 30-04-2016.<\/li><li><strong>T\u00edtulo:<\/strong> Optimizaci\u00f3n bajo incertidumbre: optimizaci\u00f3n robusta con aplicaciones. <strong>Responsable:<\/strong> Justo Puerto Albandoz. <strong>Tipo de Proyecto: <\/strong>Plan Nacional del 2007. <strong>Referencia: <\/strong>MTM2007-67433-C02-01. <strong>Fecha de Inicio:<\/strong> 01-10-2007. <strong>Fecha de Finalizaci\u00f3n:<\/strong> 28-02-2011.<\/li><li><strong>T\u00edtulo:<\/strong> Desaf\u00edos de la matem\u00e1tica combinatoria: Algoritmos y Aplicaciones. <strong>Responsable:<\/strong> Justo Puerto Albandoz. <strong>Tipo de Proyecto: <\/strong>Proyectos de Excelencia de la Junta de Andaluc\u00eda. <strong>Referencia: <\/strong>P06-FQM-01366. <strong>Fecha de Inicio:<\/strong> 13-04-2007. <strong>Fecha de Finalizaci\u00f3n:<\/strong> 12-04-2010.<\/li><li><strong>T\u00edtulo:<\/strong> Coordinaci\u00f3n y optimizaci\u00f3n en la planificaci\u00f3n de los sistemas de producci\u00f3n y distribuci\u00f3n. <strong>Responsable:<\/strong> Justo Puerto Albandoz. <strong>Tipo de Proyecto: <\/strong>Plan Nacional del 2004. <strong>Referencia: <\/strong>MTM2004-00909. <strong>Fecha de Inicio:<\/strong> 13-12-2004. <strong>Fecha de Finalizaci\u00f3n:<\/strong> 13-12-2007.<\/li><li><strong>T\u00edtulo:<\/strong> An\u00e1lisis de juegos cooperativos multiobjetivo y estoc\u00e1sticos.\u00a0<strong>Responsable:<\/strong> Justo Puerto Albandoz. <strong>Tipo de Proyecto: <\/strong>Plan Nacional del 2001. <strong>Referencia: <\/strong>BFM2001-2378. <strong>Fecha de Inicio:<\/strong> 01-01-2002. <strong>Fecha de Finalizaci\u00f3n:<\/strong> 31-12-2004.<\/li><li><strong>T\u00edtulo:<\/strong> An\u00e1lisis de las soluciones de juegos conpagos vectoriales.\u00a0<strong>Responsable:<\/strong> Justo Puerto Albandoz. <strong>Tipo de Proyecto:\u00a0<\/strong>Ministerio de Educaci\u00f3n y Ciencia. <strong>Referencia:\u00a0<\/strong>PB97-0707. <strong>Fecha de Inicio:<\/strong> 01-10-1998.\u00a0<strong>Fecha de Finalizaci\u00f3n:<\/strong> 01-10-2001.<\/li><\/ul>\t\t\t\t\t<\/div>\n\t\t\t\t\t\t<\/div>\n\t\t\t\t<\/div>\n\t\t\t\t\t\t<\/div>\n\t\t\t\t\t<\/div>\n\t\t<\/div>\n\t\t\t\t\t\t\t\t<\/div>\n\t\t\t\t\t<\/div>\n\t\t<\/section>\n\t\t\t\t\t\t<\/div>\n\t\t\t\t\t\t<\/div>\n\t\t\t\t\t<\/div>\n\t\t","protected":false},"excerpt":{"rendered":"<p>Proyectos de Investigaci\u00f3n T\u00edtulo: Mathematical Optimization and Complex Networks: From the Origin of Life to Artificial Intelligence. Responsable: Justo Puerto Albandoz \/ V\u00edctor Blanco Izquierdo. Tipo de Proyecto: Proyectos Plan Operativo FEDER Andaluc\u00eda 2021-2027. Referencia: C-EXP-139-UGR23. Fecha de Inicio: 01-06-2023. Fecha de Finalizaci\u00f3n: 31-012-2026. T\u00edtulo: Red tem\u00e1tica: Ciencia de la localizaci\u00f3n y problemas afines.\u00a0Responsable: V\u00edctor&hellip;&nbsp;<a href=\"https:\/\/grupo.us.es\/fqm331\/proyectos\/\" class=\"\" rel=\"bookmark\">Leer m\u00e1s &raquo;<span class=\"screen-reader-text\">Proyectos<\/span><\/a><\/p>\n","protected":false},"author":1,"featured_media":0,"parent":0,"menu_order":0,"comment_status":"closed","ping_status":"closed","template":"page-templates\/template-pagebuilder-full-width.php","meta":{"neve_meta_sidebar":"","neve_meta_container":"","neve_meta_enable_content_width":"off","neve_meta_content_width":70,"neve_meta_title_alignment":"","neve_meta_author_avatar":"","neve_post_elements_order":"","neve_meta_disable_header":"","neve_meta_disable_footer":"on","neve_meta_disable_title":"on"},"_links":{"self":[{"href":"https:\/\/grupo.us.es\/fqm331\/wp-json\/wp\/v2\/pages\/66"}],"collection":[{"href":"https:\/\/grupo.us.es\/fqm331\/wp-json\/wp\/v2\/pages"}],"about":[{"href":"https:\/\/grupo.us.es\/fqm331\/wp-json\/wp\/v2\/types\/page"}],"author":[{"embeddable":true,"href":"https:\/\/grupo.us.es\/fqm331\/wp-json\/wp\/v2\/users\/1"}],"replies":[{"embeddable":true,"href":"https:\/\/grupo.us.es\/fqm331\/wp-json\/wp\/v2\/comments?post=66"}],"version-history":[{"count":16,"href":"https:\/\/grupo.us.es\/fqm331\/wp-json\/wp\/v2\/pages\/66\/revisions"}],"predecessor-version":[{"id":1827,"href":"https:\/\/grupo.us.es\/fqm331\/wp-json\/wp\/v2\/pages\/66\/revisions\/1827"}],"wp:attachment":[{"href":"https:\/\/grupo.us.es\/fqm331\/wp-json\/wp\/v2\/media?parent=66"}],"curies":[{"name":"wp","href":"https:\/\/api.w.org\/{rel}","templated":true}]}}