{"id":1346,"date":"2022-03-09T16:49:18","date_gmt":"2022-03-09T16:49:18","guid":{"rendered":"https:\/\/grupo.us.es\/fqm331\/?page_id=1346"},"modified":"2022-04-22T21:18:12","modified_gmt":"2022-04-22T21:18:12","slug":"medalla","status":"publish","type":"page","link":"https:\/\/grupo.us.es\/fqm331\/medalla\/","title":{"rendered":"medalla"},"content":{"rendered":"\t\t<div data-elementor-type=\"wp-page\" data-elementor-id=\"1346\" class=\"elementor elementor-1346\" data-elementor-settings=\"[]\">\n\t\t\t\t\t\t<div class=\"elementor-inner\">\n\t\t\t\t\t\t\t<div class=\"elementor-section-wrap\">\n\t\t\t\t\t\t\t<section class=\"elementor-section elementor-top-section elementor-element elementor-element-54df3e0 elementor-section-boxed elementor-section-height-default elementor-section-height-default\" data-id=\"54df3e0\" data-element_type=\"section\">\n\t\t\t\t\t\t<div class=\"elementor-container elementor-column-gap-default\">\n\t\t\t\t\t\t\t<div class=\"elementor-row\">\n\t\t\t\t\t<div class=\"elementor-column elementor-col-100 elementor-top-column elementor-element elementor-element-62ccec7\" data-id=\"62ccec7\" data-element_type=\"column\">\n\t\t\t<div class=\"elementor-column-wrap elementor-element-populated\">\n\t\t\t\t\t\t\t<div class=\"elementor-widget-wrap\">\n\t\t\t\t\t\t<div class=\"elementor-element elementor-element-1438920 elementor-widget elementor-widget-spacer\" data-id=\"1438920\" data-element_type=\"widget\" data-widget_type=\"spacer.default\">\n\t\t\t\t<div class=\"elementor-widget-container\">\n\t\t\t\t\t<div class=\"elementor-spacer\">\n\t\t\t<div class=\"elementor-spacer-inner\"><\/div>\n\t\t<\/div>\n\t\t\t\t<\/div>\n\t\t\t\t<\/div>\n\t\t\t\t\t\t<\/div>\n\t\t\t\t\t<\/div>\n\t\t<\/div>\n\t\t\t\t\t\t\t\t<\/div>\n\t\t\t\t\t<\/div>\n\t\t<\/section>\n\t\t\t\t<section class=\"elementor-section elementor-top-section elementor-element elementor-element-ef11c7d elementor-section-boxed elementor-section-height-default elementor-section-height-default\" data-id=\"ef11c7d\" data-element_type=\"section\">\n\t\t\t\t\t\t<div class=\"elementor-container elementor-column-gap-default\">\n\t\t\t\t\t\t\t<div class=\"elementor-row\">\n\t\t\t\t\t<div class=\"elementor-column elementor-col-100 elementor-top-column elementor-element elementor-element-aa9e349\" data-id=\"aa9e349\" data-element_type=\"column\">\n\t\t\t<div class=\"elementor-column-wrap elementor-element-populated\">\n\t\t\t\t\t\t\t<div class=\"elementor-widget-wrap\">\n\t\t\t\t\t\t<div class=\"elementor-element elementor-element-50ea0e7 elementor-widget elementor-widget-heading\" data-id=\"50ea0e7\" data-element_type=\"widget\" data-widget_type=\"heading.default\">\n\t\t\t\t<div class=\"elementor-widget-container\">\n\t\t\t<h2 class=\"elementor-heading-title elementor-size-default\">MEDALLA SOCIEDAD DE ESTAD\u00cdSTICA E INVESTIGACI\u00d3N OPERATIVA<\/h2>\t\t<\/div>\n\t\t\t\t<\/div>\n\t\t\t\t<div class=\"elementor-element elementor-element-58e583b elementor-widget elementor-widget-text-editor\" data-id=\"58e583b\" data-element_type=\"widget\" data-widget_type=\"text-editor.default\">\n\t\t\t\t<div class=\"elementor-widget-container\">\n\t\t\t\t\t\t\t\t<div class=\"elementor-text-editor elementor-clearfix\">\n\t\t\t\t<p align=\"JUSTIFY\">En la era del\u00a0<em>Big Data<\/em>, las dos disciplinas cient\u00edficas que convierten los datos en informaci\u00f3n \u00fatil y permiten aplicarlos a la toma de decisiones se han vuelto indispensables. Los\u00a0<a href=\"https:\/\/www.fbbva.es\/premios\/premios-seio-fundacion-bbva-2021\/\" target=\"_blank\" rel=\"noopener\">Premios Sociedad de Estad\u00edstica e Investigaci\u00f3n Operativa (SEIO)-Fundaci\u00f3n BBVA<\/a>\u00a0reconocen las aportaciones m\u00e1s innovadoras de la investigaci\u00f3n realizada en Espa\u00f1a en estos dos campos transversales, que a menudo son pr\u00e1cticamente invisibles para el gran p\u00fablico, pero cuyas contribuciones son fundamentales tanto para el avance del conocimiento en todas las \u00e1reas de la ciencia, como para el desarrollo tecnol\u00f3gico.<\/p>\t\t\t\t\t<\/div>\n\t\t\t\t\t\t<\/div>\n\t\t\t\t<\/div>\n\t\t\t\t\t\t<\/div>\n\t\t\t\t\t<\/div>\n\t\t<\/div>\n\t\t\t\t\t\t\t\t<\/div>\n\t\t\t\t\t<\/div>\n\t\t<\/section>\n\t\t\t\t<section class=\"elementor-section elementor-top-section elementor-element elementor-element-effc11f elementor-section-boxed elementor-section-height-default elementor-section-height-default\" data-id=\"effc11f\" data-element_type=\"section\">\n\t\t\t\t\t\t<div class=\"elementor-container elementor-column-gap-default\">\n\t\t\t\t\t\t\t<div class=\"elementor-row\">\n\t\t\t\t\t<div class=\"elementor-column elementor-col-50 elementor-top-column elementor-element elementor-element-6e5010e\" data-id=\"6e5010e\" data-element_type=\"column\">\n\t\t\t<div class=\"elementor-column-wrap elementor-element-populated\">\n\t\t\t\t\t\t\t<div class=\"elementor-widget-wrap\">\n\t\t\t\t\t\t<div class=\"elementor-element elementor-element-8d06c07 elementor-widget elementor-widget-text-editor\" data-id=\"8d06c07\" data-element_type=\"widget\" data-widget_type=\"text-editor.default\">\n\t\t\t\t<div class=\"elementor-widget-container\">\n\t\t\t\t\t\t\t\t<div class=\"elementor-text-editor elementor-clearfix\">\n\t\t\t\t<p align=\"JUSTIFY\">\u00abCasi todo lo que estamos viviendo hoy tiene detr\u00e1s un proceso de an\u00e1lisis de datos basado en estad\u00edstica, o un proceso de optimizaci\u00f3n basado en investigaci\u00f3n operativa\u00bb, explica Justo Puerto. \u00abCuando usas un navegador, est\u00e1 calculando una ruta m\u00ednima sobre un grafo; cuando usas el m\u00f3vil, el tel\u00e9fono busca la antena que da la mejor se\u00f1al; cuando compras por Internet, recibes recomendaciones basadas en algoritmos de b\u00fasqueda de patrones. En nuestro mundo digital cuesta encontrar una acci\u00f3n que no tenga detr\u00e1s un algoritmo fruto de la investigaci\u00f3n operativa y la estad\u00edstica. Si desapareciera todo esto, estar\u00edamos en la edad de piedra\u00bb.<\/p>\n<p align=\"JUSTIFY\">Justo Puerto es catedr\u00e1tico de Estad\u00edstica e Investigaci\u00f3n Operativa, y director del Instituto Universitario de Investigaci\u00f3n Matem\u00e1tica (IMUS) de la Universidad de Sevilla. La Medalla de la SEIO reconoce, entre otros m\u00e9ritos, sus \u00abaportaciones muy notables en teor\u00eda de la decisi\u00f3n, teor\u00eda de juegos, an\u00e1lisis de localizaci\u00f3n y log\u00edstica, machine learning y programaci\u00f3n mixta no lineal entera con contribuciones metodol\u00f3gicas, te\u00f3ricas y aplicadas, especialmente en la industria\u00bb.<\/p>\n<p align=\"JUSTIFY\">Puerto ha publicado m\u00e1s de doscientos art\u00edculos, muchos en revistas de alto impacto, y mantiene colaboraciones con grupos internacionales l\u00edderes en su \u00e1rea. Ha dedicado una parte importante de su carrera a la investigaci\u00f3n relacionada con la actividad empresarial, aportando soluciones a problemas de gesti\u00f3n, explotaci\u00f3n y optimizaci\u00f3n de redes complejas de gran escala que no son abordables mediante procedimientos est\u00e1ndares. Un ejemplo de este tipo de retos es el trazado de rutas, ya sea el recorrido \u00f3ptimo de tuber\u00edas de drenaje, o la mejor ruta en un crucero: en ambos casos hay puntos de paso obligado &#8211; como grifos&#8230; o puertos tur\u00edsticos-, y otros a evitar, a la vez que se intenta recorrer la menor distancia posible.<\/p>\n<p align=\"JUSTIFY\">Para Puerto, la comunidad acad\u00e9mica es cada vez m\u00e1s sensible a las necesidades de la industria. En el IMUS mantienen colaboraciones con una treintena de empresas, y \u00absomos conscientes de que una parte de la financiaci\u00f3n debe venir de la sociedad\u00bb.\nComparte este reconocimiento con su grupo desde hace m\u00e1s de dos d\u00e9cadas: \u00abMe siento muy orgulloso porque mis compa\u00f1eros de profesi\u00f3n reconocen que lo hemos estado haciendo bien. Hay que verlo como un punto y seguido, un impulso para tratar de conseguir m\u00e1s repercusi\u00f3n internacional\u00bb.<\/p>\t\t\t\t\t<\/div>\n\t\t\t\t\t\t<\/div>\n\t\t\t\t<\/div>\n\t\t\t\t\t\t<\/div>\n\t\t\t\t\t<\/div>\n\t\t<\/div>\n\t\t\t\t<div class=\"elementor-column elementor-col-50 elementor-top-column elementor-element elementor-element-87dbd57\" data-id=\"87dbd57\" data-element_type=\"column\">\n\t\t\t<div class=\"elementor-column-wrap elementor-element-populated\">\n\t\t\t\t\t\t\t<div class=\"elementor-widget-wrap\">\n\t\t\t\t\t\t<div class=\"elementor-element elementor-element-a9e61b0 elementor-widget elementor-widget-image\" data-id=\"a9e61b0\" data-element_type=\"widget\" data-widget_type=\"image.default\">\n\t\t\t\t<div class=\"elementor-widget-container\">\n\t\t\t\t\t\t\t\t<div class=\"elementor-image\">\n\t\t\t\t\t\t\t\t\t\t\t\t<img width=\"1024\" height=\"1024\" src=\"https:\/\/grupo.us.es\/fqm331\/wp-content\/uploads\/2022\/03\/JustoPuerto-1024x1024.jpeg\" class=\"attachment-large size-large\" alt=\"\" loading=\"lazy\" srcset=\"https:\/\/grupo.us.es\/fqm331\/wp-content\/uploads\/2022\/03\/JustoPuerto-1024x1024.jpeg 1024w, https:\/\/grupo.us.es\/fqm331\/wp-content\/uploads\/2022\/03\/JustoPuerto-300x300.jpeg 300w, https:\/\/grupo.us.es\/fqm331\/wp-content\/uploads\/2022\/03\/JustoPuerto-150x150.jpeg 150w, https:\/\/grupo.us.es\/fqm331\/wp-content\/uploads\/2022\/03\/JustoPuerto-768x768.jpeg 768w, https:\/\/grupo.us.es\/fqm331\/wp-content\/uploads\/2022\/03\/JustoPuerto-1536x1536.jpeg 1536w, https:\/\/grupo.us.es\/fqm331\/wp-content\/uploads\/2022\/03\/JustoPuerto.jpeg 1670w\" sizes=\"(max-width: 1024px) 100vw, 1024px\" \/>\t\t\t\t\t\t\t\t\t\t\t\t\t\t<\/div>\n\t\t\t\t\t\t<\/div>\n\t\t\t\t<\/div>\n\t\t\t\t<div class=\"elementor-element elementor-element-3d8d6ab elementor-widget elementor-widget-spacer\" data-id=\"3d8d6ab\" data-element_type=\"widget\" data-widget_type=\"spacer.default\">\n\t\t\t\t<div class=\"elementor-widget-container\">\n\t\t\t\t\t<div class=\"elementor-spacer\">\n\t\t\t<div class=\"elementor-spacer-inner\"><\/div>\n\t\t<\/div>\n\t\t\t\t<\/div>\n\t\t\t\t<\/div>\n\t\t\t\t<div class=\"elementor-element elementor-element-8e615cb elementor-aspect-ratio-169 elementor-widget elementor-widget-video\" data-id=\"8e615cb\" data-element_type=\"widget\" data-settings=\"{&quot;youtube_url&quot;:&quot;https:\\\/\\\/www.youtube.com\\\/watch?v=P8na8R33KOk&quot;,&quot;video_type&quot;:&quot;youtube&quot;,&quot;controls&quot;:&quot;yes&quot;,&quot;aspect_ratio&quot;:&quot;169&quot;}\" data-widget_type=\"video.default\">\n\t\t\t\t<div class=\"elementor-widget-container\">\n\t\t\t\t\t<div class=\"elementor-wrapper elementor-fit-aspect-ratio elementor-open-inline\">\n\t\t\t<div class=\"elementor-video\"><\/div>\t\t<\/div>\n\t\t\t\t<\/div>\n\t\t\t\t<\/div>\n\t\t\t\t\t\t<\/div>\n\t\t\t\t\t<\/div>\n\t\t<\/div>\n\t\t\t\t\t\t\t\t<\/div>\n\t\t\t\t\t<\/div>\n\t\t<\/section>\n\t\t\t\t<section class=\"elementor-section elementor-top-section elementor-element elementor-element-1579c7a elementor-section-boxed elementor-section-height-default elementor-section-height-default\" data-id=\"1579c7a\" data-element_type=\"section\">\n\t\t\t\t\t\t<div class=\"elementor-container elementor-column-gap-default\">\n\t\t\t\t\t\t\t<div class=\"elementor-row\">\n\t\t\t\t\t<div class=\"elementor-column elementor-col-100 elementor-top-column elementor-element elementor-element-b143a9f\" data-id=\"b143a9f\" data-element_type=\"column\">\n\t\t\t<div class=\"elementor-column-wrap elementor-element-populated\">\n\t\t\t\t\t\t\t<div class=\"elementor-widget-wrap\">\n\t\t\t\t\t\t<div class=\"elementor-element elementor-element-07817f4 elementor-widget elementor-widget-spacer\" data-id=\"07817f4\" data-element_type=\"widget\" data-widget_type=\"spacer.default\">\n\t\t\t\t<div class=\"elementor-widget-container\">\n\t\t\t\t\t<div class=\"elementor-spacer\">\n\t\t\t<div class=\"elementor-spacer-inner\"><\/div>\n\t\t<\/div>\n\t\t\t\t<\/div>\n\t\t\t\t<\/div>\n\t\t\t\t\t\t<\/div>\n\t\t\t\t\t<\/div>\n\t\t<\/div>\n\t\t\t\t\t\t\t\t<\/div>\n\t\t\t\t\t<\/div>\n\t\t<\/section>\n\t\t\t\t<section class=\"elementor-section elementor-top-section elementor-element elementor-element-c59f07e elementor-section-boxed elementor-section-height-default elementor-section-height-default\" data-id=\"c59f07e\" data-element_type=\"section\">\n\t\t\t\t\t\t<div class=\"elementor-container elementor-column-gap-default\">\n\t\t\t\t\t\t\t<div class=\"elementor-row\">\n\t\t\t\t\t<div class=\"elementor-column elementor-col-50 elementor-top-column elementor-element elementor-element-8fd60df\" data-id=\"8fd60df\" data-element_type=\"column\">\n\t\t\t<div class=\"elementor-column-wrap elementor-element-populated\">\n\t\t\t\t\t\t\t<div class=\"elementor-widget-wrap\">\n\t\t\t\t\t\t<div class=\"elementor-element elementor-element-69a6b7e elementor-aspect-ratio-169 elementor-widget elementor-widget-video\" data-id=\"69a6b7e\" data-element_type=\"widget\" data-settings=\"{&quot;youtube_url&quot;:&quot;https:\\\/\\\/www.youtube.com\\\/watch?v=7PeNIZdZmsY&quot;,&quot;video_type&quot;:&quot;youtube&quot;,&quot;controls&quot;:&quot;yes&quot;,&quot;aspect_ratio&quot;:&quot;169&quot;}\" data-widget_type=\"video.default\">\n\t\t\t\t<div class=\"elementor-widget-container\">\n\t\t\t\t\t<div class=\"elementor-wrapper elementor-fit-aspect-ratio elementor-open-inline\">\n\t\t\t<div class=\"elementor-video\"><\/div>\t\t<\/div>\n\t\t\t\t<\/div>\n\t\t\t\t<\/div>\n\t\t\t\t\t\t<\/div>\n\t\t\t\t\t<\/div>\n\t\t<\/div>\n\t\t\t\t<div class=\"elementor-column elementor-col-50 elementor-top-column elementor-element elementor-element-d3ba4f6\" data-id=\"d3ba4f6\" data-element_type=\"column\">\n\t\t\t<div class=\"elementor-column-wrap elementor-element-populated\">\n\t\t\t\t\t\t\t<div class=\"elementor-widget-wrap\">\n\t\t\t\t\t\t<div class=\"elementor-element elementor-element-1ba347d elementor-widget elementor-widget-spacer\" data-id=\"1ba347d\" data-element_type=\"widget\" data-widget_type=\"spacer.default\">\n\t\t\t\t<div class=\"elementor-widget-container\">\n\t\t\t\t\t<div class=\"elementor-spacer\">\n\t\t\t<div class=\"elementor-spacer-inner\"><\/div>\n\t\t<\/div>\n\t\t\t\t<\/div>\n\t\t\t\t<\/div>\n\t\t\t\t<div class=\"elementor-element elementor-element-3a046ec elementor-widget elementor-widget-text-editor\" data-id=\"3a046ec\" data-element_type=\"widget\" data-widget_type=\"text-editor.default\">\n\t\t\t\t<div class=\"elementor-widget-container\">\n\t\t\t\t\t\t\t\t<div class=\"elementor-text-editor elementor-clearfix\">\n\t\t\t\t<ul><li><h2><a href=\"https:\/\/www.fbbva.es\/noticias\/los-premios-de-estadistica-e-investigacion-operativa-celebran-el-poder-de-la-ciencia-de-los-datos-para-impulsar-el-avance-del-conocimiento-y-afrontar-los-grandes-desafios-del-mundo-a\/\" target=\"_blank\" rel=\"noopener\">Noticia Fundaci\u00f3n BBVA<\/a><\/h2><\/li><li><h2><a href=\"https:\/\/www.fbbva.es\/galardonados\/justo-puerto\/\" target=\"_blank\" rel=\"noopener\">Medalla SEIO-Justo Puerto<\/a><\/h2><\/li><li><h2><a href=\"http:\/\/www.seio.es\/Medallas-SEIO\/Fallo-de-las-Medallas-de-la-SEIO-2021.html\" target=\"_blank\" rel=\"noopener\">Sociedad de estad\u00edstica e investigaci\u00f3n operativa<\/a><\/h2><\/li><\/ul>\t\t\t\t\t<\/div>\n\t\t\t\t\t\t<\/div>\n\t\t\t\t<\/div>\n\t\t\t\t\t\t<\/div>\n\t\t\t\t\t<\/div>\n\t\t<\/div>\n\t\t\t\t\t\t\t\t<\/div>\n\t\t\t\t\t<\/div>\n\t\t<\/section>\n\t\t\t\t<section class=\"elementor-section elementor-top-section elementor-element elementor-element-db5f4f5 elementor-section-boxed elementor-section-height-default elementor-section-height-default\" data-id=\"db5f4f5\" data-element_type=\"section\">\n\t\t\t\t\t\t<div class=\"elementor-container elementor-column-gap-default\">\n\t\t\t\t\t\t\t<div class=\"elementor-row\">\n\t\t\t\t\t<div class=\"elementor-column elementor-col-100 elementor-top-column elementor-element elementor-element-789d36c\" data-id=\"789d36c\" data-element_type=\"column\">\n\t\t\t<div class=\"elementor-column-wrap elementor-element-populated\">\n\t\t\t\t\t\t\t<div class=\"elementor-widget-wrap\">\n\t\t\t\t\t\t<div class=\"elementor-element elementor-element-b0f92df elementor-widget elementor-widget-spacer\" data-id=\"b0f92df\" data-element_type=\"widget\" data-widget_type=\"spacer.default\">\n\t\t\t\t<div class=\"elementor-widget-container\">\n\t\t\t\t\t<div class=\"elementor-spacer\">\n\t\t\t<div class=\"elementor-spacer-inner\"><\/div>\n\t\t<\/div>\n\t\t\t\t<\/div>\n\t\t\t\t<\/div>\n\t\t\t\t\t\t<\/div>\n\t\t\t\t\t<\/div>\n\t\t<\/div>\n\t\t\t\t\t\t\t\t<\/div>\n\t\t\t\t\t<\/div>\n\t\t<\/section>\n\t\t\t\t\t\t<\/div>\n\t\t\t\t\t\t<\/div>\n\t\t\t\t\t<\/div>\n\t\t","protected":false},"excerpt":{"rendered":"<p>MEDALLA SOCIEDAD DE ESTAD\u00cdSTICA E INVESTIGACI\u00d3N OPERATIVA En la era del\u00a0Big Data, las dos disciplinas cient\u00edficas que convierten los datos en informaci\u00f3n \u00fatil y permiten aplicarlos a la toma de decisiones se han vuelto indispensables. Los\u00a0Premios Sociedad de Estad\u00edstica e Investigaci\u00f3n Operativa (SEIO)-Fundaci\u00f3n BBVA\u00a0reconocen las aportaciones m\u00e1s innovadoras de la investigaci\u00f3n realizada en Espa\u00f1a en&hellip;&nbsp;<a href=\"https:\/\/grupo.us.es\/fqm331\/medalla\/\" class=\"\" rel=\"bookmark\">Leer m\u00e1s &raquo;<span class=\"screen-reader-text\">medalla<\/span><\/a><\/p>\n","protected":false},"author":1,"featured_media":0,"parent":0,"menu_order":0,"comment_status":"closed","ping_status":"closed","template":"page-templates\/template-pagebuilder-full-width.php","meta":{"neve_meta_sidebar":"full-width","neve_meta_container":"","neve_meta_enable_content_width":"on","neve_meta_content_width":100,"neve_meta_title_alignment":"","neve_meta_author_avatar":"","neve_post_elements_order":"","neve_meta_disable_header":"","neve_meta_disable_footer":"on","neve_meta_disable_title":""},"_links":{"self":[{"href":"https:\/\/grupo.us.es\/fqm331\/wp-json\/wp\/v2\/pages\/1346"}],"collection":[{"href":"https:\/\/grupo.us.es\/fqm331\/wp-json\/wp\/v2\/pages"}],"about":[{"href":"https:\/\/grupo.us.es\/fqm331\/wp-json\/wp\/v2\/types\/page"}],"author":[{"embeddable":true,"href":"https:\/\/grupo.us.es\/fqm331\/wp-json\/wp\/v2\/users\/1"}],"replies":[{"embeddable":true,"href":"https:\/\/grupo.us.es\/fqm331\/wp-json\/wp\/v2\/comments?post=1346"}],"version-history":[{"count":16,"href":"https:\/\/grupo.us.es\/fqm331\/wp-json\/wp\/v2\/pages\/1346\/revisions"}],"predecessor-version":[{"id":1547,"href":"https:\/\/grupo.us.es\/fqm331\/wp-json\/wp\/v2\/pages\/1346\/revisions\/1547"}],"wp:attachment":[{"href":"https:\/\/grupo.us.es\/fqm331\/wp-json\/wp\/v2\/media?parent=1346"}],"curies":[{"name":"wp","href":"https:\/\/api.w.org\/{rel}","templated":true}]}}