{"id":5354,"date":"2020-08-28T07:38:06","date_gmt":"2020-08-28T07:38:06","guid":{"rendered":"http:\/\/grupo.us.es\/farmolap\/web\/beta\/?page_id=5354"},"modified":"2022-05-10T09:23:40","modified_gmt":"2022-05-10T09:23:40","slug":"collaborations","status":"publish","type":"page","link":"https:\/\/grupo.us.es\/farmolap\/web\/en\/who-we-are\/collaborations\/","title":{"rendered":"Collaborations"},"content":{"rendered":"<section class=\"l-section wpb_row height_medium\"><div class=\"l-section-h i-cf\"><div class=\"g-cols vc_row via_grid cols_1 laptops-cols_inherit tablets-cols_inherit mobiles-cols_1 valign_top type_default stacking_default\"><div class=\"wpb_column vc_column_container\"><div class=\"vc_column-inner\"><div class=\"wpb_text_column\"><div class=\"wpb_wrapper\"><h1 style=\"color: #336699;\">Colaboraciones<\/h1>\n<\/div><\/div><\/div><\/div><\/div><\/div><\/section><section class=\"l-section wpb_row height_small\"><div class=\"l-section-h i-cf\"><div class=\"g-cols vc_row via_grid cols_4 laptops-cols_inherit tablets-cols_inherit mobiles-cols_1 valign_top type_default stacking_default\"><div class=\"wpb_column vc_column_container\"><div class=\"vc_column-inner\"><div class=\"w-iconbox caja iconpos_top style_default color_primary align_center icontype_img\"><div class=\"w-iconbox-icon\" style=\"font-size:350px;\"><img width=\"200\" height=\"200\" src=\"https:\/\/grupo.us.es\/farmolap\/web\/wp-content\/uploads\/2021\/12\/nicolas1.png\" class=\"attachment-full size-full\" alt=\"\" decoding=\"async\" loading=\"lazy\" srcset=\"https:\/\/grupo.us.es\/farmolap\/web\/wp-content\/uploads\/2021\/12\/nicolas1.png 200w, https:\/\/grupo.us.es\/farmolap\/web\/wp-content\/uploads\/2021\/12\/nicolas1-150x150.png 150w\" sizes=\"(max-width: 200px) 100vw, 200px\" \/><\/div><div class=\"w-iconbox-meta\"><h4 class=\"w-iconbox-title\">Universidad Michoacana de San Nicol\u00e1s de Hidalgo Michoacan, M\u00e9xico<\/h4><div class=\"w-iconbox-text\"><p>Prof. Mario A. Hurtado Mendoza<\/p>\n<\/div><\/div><\/div><\/div><\/div><div class=\"wpb_column vc_column_container\"><div class=\"vc_column-inner\"><div class=\"w-iconbox caja iconpos_top style_default color_primary align_center icontype_img\"><a target=\" _blank\" rel=\"nofollow\" href=\"http:\/\/www.uaeh.edu.mx\/\" class=\"w-iconbox-link\" aria-label=\"Universidad Aut\u00f3noma del Estado de Hidalgo, M\u00e9xico\"><div class=\"w-iconbox-icon\" style=\"font-size:350px;\"><img width=\"200\" height=\"200\" src=\"https:\/\/grupo.us.es\/farmolap\/web\/wp-content\/uploads\/2021\/12\/hidalgo1.png\" class=\"attachment-full size-full\" alt=\"\" decoding=\"async\" loading=\"lazy\" srcset=\"https:\/\/grupo.us.es\/farmolap\/web\/wp-content\/uploads\/2021\/12\/hidalgo1.png 200w, https:\/\/grupo.us.es\/farmolap\/web\/wp-content\/uploads\/2021\/12\/hidalgo1-150x150.png 150w\" sizes=\"(max-width: 200px) 100vw, 200px\" \/><\/div><\/a><div class=\"w-iconbox-meta\"><a target=\" _blank\" rel=\"nofollow\" href=\"http:\/\/www.uaeh.edu.mx\/\" class=\"w-iconbox-link\" aria-label=\"Universidad Aut\u00f3noma del Estado de Hidalgo, M\u00e9xico\"><h4 class=\"w-iconbox-title\">Universidad Aut\u00f3noma del Estado de Hidalgo, M\u00e9xico<\/h4><\/a><div class=\"w-iconbox-text\"><p>Prof. Mart\u00edn Torres Valencia; Area Acad\u00e9mica de Farmacia, Universidad Aut\u00f3noma del Estado de Hidalgo, Hidalgo, Mexico.<\/p>\n<\/div><\/div><\/div><\/div><\/div><div class=\"wpb_column vc_column_container\"><div class=\"vc_column-inner\"><div class=\"w-iconbox caja iconpos_top style_default color_primary align_center icontype_img\"><a target=\" _blank\" rel=\"nofollow\" href=\"http:\/\/www.us.es\/\" class=\"w-iconbox-link\" aria-label=\"Universidad de Sevilla\"><div class=\"w-iconbox-icon\" style=\"font-size:350px;\"><img width=\"200\" height=\"200\" src=\"https:\/\/grupo.us.es\/farmolap\/web\/wp-content\/uploads\/2021\/12\/usevilla1.png\" class=\"attachment-full size-full\" alt=\"\" decoding=\"async\" loading=\"lazy\" srcset=\"https:\/\/grupo.us.es\/farmolap\/web\/wp-content\/uploads\/2021\/12\/usevilla1.png 200w, https:\/\/grupo.us.es\/farmolap\/web\/wp-content\/uploads\/2021\/12\/usevilla1-150x150.png 150w\" sizes=\"(max-width: 200px) 100vw, 200px\" \/><\/div><\/a><div class=\"w-iconbox-meta\"><a target=\" _blank\" rel=\"nofollow\" href=\"http:\/\/www.us.es\/\" class=\"w-iconbox-link\" aria-label=\"Universidad de Sevilla\"><h4 class=\"w-iconbox-title\">Universidad de Sevilla<\/h4><\/a><div class=\"w-iconbox-text\"><p>Prof. Sof\u00eda Garc\u00eda Mauri\u00f1o; Dpto. Biolog\u00eda Vegetal y Ecolog\u00eda. Fac. de Biolog\u00eda, US, Espa\u00f1a | Prof. Manuel de Miguel Rodr\u00edguez; Citolog\u00eda e Histolog\u00eda Normal y Patol\u00f3gica, Facultad de Medicina. Universidad de Sevilla<\/p>\n<\/div><\/div><\/div><\/div><\/div><div class=\"wpb_column vc_column_container\"><div class=\"vc_column-inner\"><div class=\"w-iconbox caja iconpos_top style_default color_primary align_center icontype_img\"><a target=\" _blank\" rel=\"nofollow\" href=\"http:\/\/www.unime.it\/\" class=\"w-iconbox-link\" aria-label=\"Universidad de Mesina, Italia\"><div class=\"w-iconbox-icon\" style=\"font-size:350px;\"><img width=\"200\" height=\"200\" src=\"https:\/\/grupo.us.es\/farmolap\/web\/wp-content\/uploads\/2021\/12\/mesina1.png\" class=\"attachment-full size-full\" alt=\"\" decoding=\"async\" loading=\"lazy\" srcset=\"https:\/\/grupo.us.es\/farmolap\/web\/wp-content\/uploads\/2021\/12\/mesina1.png 200w, https:\/\/grupo.us.es\/farmolap\/web\/wp-content\/uploads\/2021\/12\/mesina1-150x150.png 150w\" sizes=\"(max-width: 200px) 100vw, 200px\" \/><\/div><\/a><div class=\"w-iconbox-meta\"><a target=\" _blank\" rel=\"nofollow\" href=\"http:\/\/www.unime.it\/\" class=\"w-iconbox-link\" aria-label=\"Universidad de Mesina, Italia\"><h4 class=\"w-iconbox-title\">Universidad de Mesina, Italia<\/h4><\/a><div class=\"w-iconbox-text\"><p>Prof. Salvatore Cuzzocrea; Department of Chemical, Biological, Pharmaceutical and Environmental Science, University of Messina, Messina, Italy.<\/p>\n<\/div><\/div><\/div><\/div><\/div><\/div><\/div><\/section><section class=\"l-section wpb_row us_custom_b2452879 height_small\"><div class=\"l-section-h i-cf\"><div class=\"g-cols vc_row via_grid cols_4 laptops-cols_inherit tablets-cols_inherit mobiles-cols_1 valign_top type_default stacking_default\"><div class=\"wpb_column vc_column_container\"><div class=\"vc_column-inner\"><div class=\"w-iconbox caja iconpos_top style_default color_primary align_center icontype_img\"><a target=\" _blank\" rel=\"nofollow\" href=\"http:\/\/www.unicartagena.edu.co\/\" class=\"w-iconbox-link\" aria-label=\"Universidad de Cartagena de Indias\"><div class=\"w-iconbox-icon\" style=\"font-size:350px;\"><img width=\"200\" height=\"200\" src=\"https:\/\/grupo.us.es\/farmolap\/web\/wp-content\/uploads\/2021\/12\/cartagena1.png\" class=\"attachment-full size-full\" alt=\"\" decoding=\"async\" loading=\"lazy\" srcset=\"https:\/\/grupo.us.es\/farmolap\/web\/wp-content\/uploads\/2021\/12\/cartagena1.png 200w, https:\/\/grupo.us.es\/farmolap\/web\/wp-content\/uploads\/2021\/12\/cartagena1-150x150.png 150w\" sizes=\"(max-width: 200px) 100vw, 200px\" \/><\/div><\/a><div class=\"w-iconbox-meta\"><a target=\" _blank\" rel=\"nofollow\" href=\"http:\/\/www.unicartagena.edu.co\/\" class=\"w-iconbox-link\" aria-label=\"Universidad de Cartagena de Indias\"><h4 class=\"w-iconbox-title\">Universidad de Cartagena de Indias<\/h4><\/a><div class=\"w-iconbox-text\"><p>Prof. Luis Franco Ospina; Biological Evaluation of Promising Substances Group, Department of Pharmaceutical Sciences, University of Cartagena, Cartagena, Colombia. <\/p>\n<\/div><\/div><\/div><\/div><\/div><div class=\"wpb_column vc_column_container\"><div class=\"vc_column-inner\"><div class=\"w-iconbox caja iconpos_top style_default color_primary align_center icontype_img\"><a target=\" _blank\" rel=\"nofollow\" href=\"http:\/\/www.upo.es\/\" class=\"w-iconbox-link\" aria-label=\"Universidad Pablo de Olavide\"><div class=\"w-iconbox-icon\" style=\"font-size:350px;\"><img width=\"200\" height=\"200\" src=\"https:\/\/grupo.us.es\/farmolap\/web\/wp-content\/uploads\/2021\/12\/upo1.png\" class=\"attachment-full size-full\" alt=\"\" decoding=\"async\" loading=\"lazy\" srcset=\"https:\/\/grupo.us.es\/farmolap\/web\/wp-content\/uploads\/2021\/12\/upo1.png 200w, https:\/\/grupo.us.es\/farmolap\/web\/wp-content\/uploads\/2021\/12\/upo1-150x150.png 150w\" sizes=\"(max-width: 200px) 100vw, 200px\" \/><\/div><\/a><div class=\"w-iconbox-meta\"><a target=\" _blank\" rel=\"nofollow\" href=\"http:\/\/www.upo.es\/\" class=\"w-iconbox-link\" aria-label=\"Universidad Pablo de Olavide\"><h4 class=\"w-iconbox-title\">Universidad Pablo de Olavide<\/h4><\/a><div class=\"w-iconbox-text\"><p>Prof. Guillermo L\u00f3pez Lluch; Dpto. de Restricci\u00f3n Cal\u00f3rica, Bioenerg\u00e9tica, Da\u00f1o Oxidativo y Envejecimiento. CABD, UPO, Espa\u00f1a | Prof. Jose Antonio Sanchez Alcazar;<br \/>\nCentro Andaluz de Biolog\u00eda del Desarrollo (CABD-CSIC). Universidad Pablo de Olavide, Espa\u00f1a <\/p>\n<\/div><\/div><\/div><\/div><\/div><div class=\"wpb_column vc_column_container\"><div class=\"vc_column-inner\"><div class=\"w-iconbox caja iconpos_top style_default color_primary align_center icontype_img\"><a target=\" _blank\" rel=\"nofollow\" href=\"http:\/\/www.unl.pt\/\" class=\"w-iconbox-link\" aria-label=\"Universidad Nova de Lisboa, UNL, Lisboa, Portugal\"><div class=\"w-iconbox-icon\" style=\"font-size:350px;\"><img width=\"200\" height=\"200\" src=\"https:\/\/grupo.us.es\/farmolap\/web\/wp-content\/uploads\/2021\/12\/lisboa1.png\" class=\"attachment-full size-full\" alt=\"\" decoding=\"async\" loading=\"lazy\" srcset=\"https:\/\/grupo.us.es\/farmolap\/web\/wp-content\/uploads\/2021\/12\/lisboa1.png 200w, https:\/\/grupo.us.es\/farmolap\/web\/wp-content\/uploads\/2021\/12\/lisboa1-150x150.png 150w\" sizes=\"(max-width: 200px) 100vw, 200px\" \/><\/div><\/a><div class=\"w-iconbox-meta\"><a target=\" _blank\" rel=\"nofollow\" href=\"http:\/\/www.unl.pt\/\" class=\"w-iconbox-link\" aria-label=\"Universidad Nova de Lisboa, UNL, Lisboa, Portugal\"><h4 class=\"w-iconbox-title\">Universidad Nova de Lisboa, UNL, Lisboa, Portugal<\/h4><\/a><div class=\"w-iconbox-text\"><p>Prof. Ana Lauren\u00e7o; REQUIMTE, Departamento de Qu\u00edmica, Faculdade de Ci\u00eancias e Tecnologia da Universidade Nova de Lisboa, Caparica, Portugal.<\/p>\n<\/div><\/div><\/div><\/div><\/div><div class=\"wpb_column vc_column_container\"><div class=\"vc_column-inner\"><div class=\"w-iconbox caja iconpos_top style_default color_primary align_center icontype_img\"><a target=\" _blank\" rel=\"nofollow\" href=\"http:\/\/Prof. Luciane Cruz Lopes\" class=\"w-iconbox-link\" aria-label=\"Universidad de Sorocaba, UNISO, Sorocaba, Brasil\"><div class=\"w-iconbox-icon\" style=\"font-size:350px;\"><img width=\"200\" height=\"200\" src=\"https:\/\/grupo.us.es\/farmolap\/web\/wp-content\/uploads\/2021\/12\/uniso1.png\" class=\"attachment-full size-full\" alt=\"\" decoding=\"async\" loading=\"lazy\" srcset=\"https:\/\/grupo.us.es\/farmolap\/web\/wp-content\/uploads\/2021\/12\/uniso1.png 200w, https:\/\/grupo.us.es\/farmolap\/web\/wp-content\/uploads\/2021\/12\/uniso1-150x150.png 150w\" sizes=\"(max-width: 200px) 100vw, 200px\" \/><\/div><\/a><div class=\"w-iconbox-meta\"><a target=\" _blank\" rel=\"nofollow\" href=\"http:\/\/Prof. Luciane Cruz Lopes\" class=\"w-iconbox-link\" aria-label=\"Universidad de Sorocaba, UNISO, Sorocaba, Brasil\"><h4 class=\"w-iconbox-title\">Universidad de Sorocaba, UNISO, Sorocaba, Brasil<\/h4><\/a><div class=\"w-iconbox-text\"><p>Prof. Luciane Cruz Lopes. Programa de P\u00f3s-Gradua\u00e7\u00e3o strictu senso em Ci\u00eancias Farmac\u00eauticas, Universidade de Sorocaba, UNISO, Sorocaba, SP, Brazil.<\/p>\n<\/div><\/div><\/div><\/div><\/div><\/div><\/div><\/section><section class=\"l-section wpb_row us_custom_b2452879 height_small\"><div class=\"l-section-h i-cf\"><div class=\"g-cols vc_row via_grid cols_4 laptops-cols_inherit tablets-cols_inherit mobiles-cols_1 valign_top type_default stacking_default\"><div class=\"wpb_column vc_column_container\"><div class=\"vc_column-inner\"><div class=\"w-iconbox caja iconpos_top style_default color_primary align_center icontype_img\"><div class=\"w-iconbox-icon\" style=\"font-size:350px;\"><img width=\"200\" height=\"200\" src=\"https:\/\/grupo.us.es\/farmolap\/web\/wp-content\/uploads\/2021\/12\/aveiro1.png\" class=\"attachment-full size-full\" alt=\"\" decoding=\"async\" loading=\"lazy\" srcset=\"https:\/\/grupo.us.es\/farmolap\/web\/wp-content\/uploads\/2021\/12\/aveiro1.png 200w, https:\/\/grupo.us.es\/farmolap\/web\/wp-content\/uploads\/2021\/12\/aveiro1-150x150.png 150w\" sizes=\"(max-width: 200px) 100vw, 200px\" \/><\/div><div class=\"w-iconbox-meta\"><h4 class=\"w-iconbox-title\">University of Aveiro, Portugal<\/h4><div class=\"w-iconbox-text\"><p>Prof. Helena Oliveira; Department of Biology, Faculty of Biology<\/p>\n<\/div><\/div><\/div><\/div><\/div><div class=\"wpb_column vc_column_container\"><div class=\"vc_column-inner\"><div class=\"w-iconbox caja iconpos_top style_default color_primary align_center icontype_img\"><div class=\"w-iconbox-icon\" style=\"font-size:350px;\"><img width=\"200\" height=\"200\" src=\"https:\/\/grupo.us.es\/farmolap\/web\/wp-content\/uploads\/2021\/12\/fox1.png\" class=\"attachment-full size-full\" alt=\"\" decoding=\"async\" loading=\"lazy\" srcset=\"https:\/\/grupo.us.es\/farmolap\/web\/wp-content\/uploads\/2021\/12\/fox1.png 200w, https:\/\/grupo.us.es\/farmolap\/web\/wp-content\/uploads\/2021\/12\/fox1-150x150.png 150w\" sizes=\"(max-width: 200px) 100vw, 200px\" \/><\/div><div class=\"w-iconbox-meta\"><h4 class=\"w-iconbox-title\">Fox Chase Cancer Center Filadelfia, Pensilvania, USA<\/h4><div class=\"w-iconbox-text\"><p>Prof. Debora B. Vendramini Costa<\/p>\n<\/div><\/div><\/div><\/div><\/div><div class=\"wpb_column vc_column_container\"><div class=\"vc_column-inner\"><div class=\"w-iconbox caja iconpos_top style_default color_primary align_center icontype_img\"><div class=\"w-iconbox-icon\" style=\"font-size:350px;\"><img width=\"200\" height=\"200\" src=\"https:\/\/grupo.us.es\/farmolap\/web\/wp-content\/uploads\/2021\/12\/uam1.png\" class=\"attachment-full size-full\" alt=\"\" decoding=\"async\" loading=\"lazy\" srcset=\"https:\/\/grupo.us.es\/farmolap\/web\/wp-content\/uploads\/2021\/12\/uam1.png 200w, https:\/\/grupo.us.es\/farmolap\/web\/wp-content\/uploads\/2021\/12\/uam1-150x150.png 150w\" sizes=\"(max-width: 200px) 100vw, 200px\" \/><\/div><div class=\"w-iconbox-meta\"><h4 class=\"w-iconbox-title\">Universidad Aut\u00f3noma de Madrid, Espa\u00f1a<\/h4><div class=\"w-iconbox-text\"><p>Prof. Carlos S\u00e1nchez Ferrer; Departamento de Farmacolog\u00eda<\/p>\n<\/div><\/div><\/div><\/div><\/div><div class=\"wpb_column vc_column_container\"><div class=\"vc_column-inner\"><div class=\"w-iconbox caja iconpos_top style_default color_primary align_center icontype_img\"><a target=\" _blank\" rel=\"nofollow\" href=\"http:\/\/www.uca.es\/\" class=\"w-iconbox-link\" aria-label=\"Universidad de C\u00e1diz\"><div class=\"w-iconbox-icon\" style=\"font-size:350px;\"><img width=\"200\" height=\"200\" src=\"https:\/\/grupo.us.es\/farmolap\/web\/wp-content\/uploads\/2021\/12\/uca1.png\" class=\"attachment-full size-full\" alt=\"\" decoding=\"async\" loading=\"lazy\" srcset=\"https:\/\/grupo.us.es\/farmolap\/web\/wp-content\/uploads\/2021\/12\/uca1.png 200w, https:\/\/grupo.us.es\/farmolap\/web\/wp-content\/uploads\/2021\/12\/uca1-150x150.png 150w\" sizes=\"(max-width: 200px) 100vw, 200px\" \/><\/div><\/a><div class=\"w-iconbox-meta\"><a target=\" _blank\" rel=\"nofollow\" href=\"http:\/\/www.uca.es\/\" class=\"w-iconbox-link\" aria-label=\"Universidad de C\u00e1diz\"><h4 class=\"w-iconbox-title\">Universidad de C\u00e1diz<\/h4><\/a><div class=\"w-iconbox-text\"><p>Prof. Eva Zub\u00eda; Departamento de Qu\u00edmica Org\u00e1nica. Facultad de Ciencias del Mar, UCA, Espa\u00f1a<\/p>\n<\/div><\/div><\/div><\/div><\/div><\/div><\/div><\/section><section class=\"l-section wpb_row height_auto\"><div class=\"l-section-h i-cf\"><div class=\"g-cols vc_row via_grid cols_1 laptops-cols_inherit tablets-cols_inherit mobiles-cols_1 valign_top type_default stacking_default\"><div class=\"wpb_column vc_column_container\"><div class=\"vc_column-inner\"><div class=\"w-separator size_custom\" style=\"height:32px\"><\/div><\/div><\/div><\/div><\/div><\/section>\n","protected":false},"excerpt":{"rendered":"Colaboraciones Universidad Michoacana de San Nicol\u00e1s de Hidalgo Michoacan, M\u00e9xicoProf. Mario A. Hurtado Mendoza Universidad Aut\u00f3noma del Estado de Hidalgo, M\u00e9xicoProf. Mart\u00edn Torres Valencia; Area Acad\u00e9mica de Farmacia, Universidad Aut\u00f3noma del Estado de Hidalgo, Hidalgo, Mexico. Universidad de SevillaProf. Sof\u00eda Garc\u00eda Mauri\u00f1o; Dpto. Biolog\u00eda Vegetal y Ecolog\u00eda. Fac. de Biolog\u00eda, US, Espa\u00f1a | Prof. Manuel...","protected":false},"author":8,"featured_media":0,"parent":5332,"menu_order":0,"comment_status":"closed","ping_status":"closed","template":"","meta":[],"_links":{"self":[{"href":"https:\/\/grupo.us.es\/farmolap\/web\/wp-json\/wp\/v2\/pages\/5354"}],"collection":[{"href":"https:\/\/grupo.us.es\/farmolap\/web\/wp-json\/wp\/v2\/pages"}],"about":[{"href":"https:\/\/grupo.us.es\/farmolap\/web\/wp-json\/wp\/v2\/types\/page"}],"author":[{"embeddable":true,"href":"https:\/\/grupo.us.es\/farmolap\/web\/wp-json\/wp\/v2\/users\/8"}],"replies":[{"embeddable":true,"href":"https:\/\/grupo.us.es\/farmolap\/web\/wp-json\/wp\/v2\/comments?post=5354"}],"version-history":[{"count":10,"href":"https:\/\/grupo.us.es\/farmolap\/web\/wp-json\/wp\/v2\/pages\/5354\/revisions"}],"predecessor-version":[{"id":5673,"href":"https:\/\/grupo.us.es\/farmolap\/web\/wp-json\/wp\/v2\/pages\/5354\/revisions\/5673"}],"up":[{"embeddable":true,"href":"https:\/\/grupo.us.es\/farmolap\/web\/wp-json\/wp\/v2\/pages\/5332"}],"wp:attachment":[{"href":"https:\/\/grupo.us.es\/farmolap\/web\/wp-json\/wp\/v2\/media?parent=5354"}],"curies":[{"name":"wp","href":"https:\/\/api.w.org\/{rel}","templated":true}]}}