{"id":5350,"date":"2020-08-28T07:25:02","date_gmt":"2020-08-28T07:25:02","guid":{"rendered":"http:\/\/grupo.us.es\/farmolap\/web\/beta\/?page_id=5350"},"modified":"2025-06-11T18:40:46","modified_gmt":"2025-06-11T18:40:46","slug":"publication-posts","status":"publish","type":"page","link":"https:\/\/grupo.us.es\/farmolap\/web\/en\/what-we-do\/publication-posts\/","title":{"rendered":"Publication Posts"},"content":{"rendered":"<section class=\"l-section wpb_row height_medium\"><div class=\"l-section-h i-cf\"><div class=\"g-cols vc_row via_grid cols_1 laptops-cols_inherit tablets-cols_inherit mobiles-cols_1 valign_top type_default stacking_default\"><div class=\"wpb_column vc_column_container\"><div class=\"vc_column-inner\"><div class=\"wpb_text_column\"><div class=\"wpb_wrapper\"><\/div><\/div><\/div><\/div><\/div><\/div><\/section><section class=\"l-section wpb_row height_medium\"><div class=\"l-section-h i-cf\"><div class=\"g-cols vc_row via_grid cols_1 laptops-cols_inherit tablets-cols_inherit mobiles-cols_1 valign_top type_default stacking_default\"><div class=\"wpb_column vc_column_container\"><div class=\"vc_column-inner\"><div class=\"wpb_text_column\"><div class=\"wpb_wrapper\"><h1 style=\"color: #336699;\">Publication Posts<\/h1>\n<\/div><\/div><\/div><\/div><\/div><\/div><\/section><section class=\"l-section wpb_row height_medium\"><div class=\"l-section-h i-cf\"><div class=\"g-cols vc_row via_grid cols_1 laptops-cols_inherit tablets-cols_inherit mobiles-cols_1 valign_top type_default stacking_default\"><div class=\"wpb_column vc_column_container\"><div class=\"vc_column-inner\"><div class=\"wpb_text_column\"><div class=\"wpb_wrapper\"><table style=\"width: 55.9474%;\" width=\"639\">\n<tbody>\n<tr>\n<td style=\"width: 11.5987%;\">\n<h2>2024<\/h2>\n<\/td>\n<td style=\"width: 10.6583%;\">\u00a0<\/td>\n<td style=\"width: 10.6583%;\">\u00a0<\/td>\n<td style=\"width: 10.6583%;\">\u00a0<\/td>\n<td style=\"width: 10.6583%;\">\u00a0<\/td>\n<td style=\"width: 10.6583%;\">\u00a0<\/td>\n<td style=\"width: 10.6583%;\">\u00a0<\/td>\n<td style=\"width: 10.6583%;\">\u00a0<\/td>\n<td style=\"width: 10.6583%;\">\u00a0<\/td>\n<\/tr>\n<tr>\n<td style=\"width: 96.8651%;\" colspan=\"9\"><strong><strong><a class=\"docsum-title\" href=\"https:\/\/www.mdpi.com\/1424-8247\/17\/10\/1388\" data-ga-category=\"result_click\" data-ga-action=\"1\" data-ga-label=\"39459027\" data-full-article-url=\"from_term=talero+e&amp;from_sort=date&amp;from_pos=1\" data-article-id=\"39459027\">Synthesis and Bioevaluation of New Stable Derivatives of Chrysin-8-<em>C<\/em>-Glucoside That Modulate the Antioxidant Keap1\/Nrf2\/HO-1 Pathway in Human Macrophages. <\/a><\/strong><\/strong><span class=\"docsum-authors full-authors\">\u00c1vila-Rom\u00e1n J, Quevedo-Tinoco L, Oliveros-Ortiz AJ, Garc\u00eda-Gil S, Rodr\u00edguez-Garc\u00eda G, Motilva V, G\u00f3mez-Hurtado MA, Talero E.<\/span> <span class=\"docsum-journal-citation full-journal-citation\">Pharmaceuticals (Basel). 2024 Oct 17;17(10):1388. doi: 10.3390\/ph17101388.<\/span><\/td>\n<\/tr>\n<tr>\n<td style=\"width: 96.8651%;\" colspan=\"9\"><a class=\"docsum-title\" href=\"https:\/\/journals.plos.org\/plosone\/article?id=10.1371\/journal.pone.0299687\" data-ga-category=\"result_click\" data-ga-action=\"1\" data-ga-label=\"38512973\" data-full-article-url=\"from_term=Talero+E&amp;from_sort=date&amp;from_pos=1\" data-article-id=\"38512973\"><strong>Protective effect of sucrose esters from cape gooseberry (Physalis peruviana L.) in TNBS-induced colitis. <\/strong><\/a>Ocampo YC, Castro JP, P\u00e1jaro IB, Caro D, Talero E, Motilva V, Franco LA.\u00a0<span class=\"docsum-journal-citation full-journal-citation\" style=\"font-family: inherit; font-size: inherit;\">PLoS One. 2024 Mar 21;19(3):e0299687. doi: 10.1371\/journal.pone.0299687. eCollection 2024.<\/span><\/td>\n<\/tr>\n<tr>\n<td style=\"width: 96.8651%;\" colspan=\"9\"><a class=\"docsum-title\" href=\"https:\/\/www.mdpi.com\/2076-3921\/13\/1\/134\" data-ga-category=\"result_click\" data-ga-action=\"1\" data-ga-label=\"38275659\" data-full-article-url=\"from_term=%C3%A1vila+rom%C3%A1n+j&amp;from_sort=date&amp;from_pos=1\" data-article-id=\"38275659\"><strong>Photoprotective Effects of Two New Morin-Schiff Base Derivatives on UVB-Irradiated HaCaT Cells. <\/strong><\/a>Garc\u00eda-Gil S, Rodr\u00edguez-Luna A, \u00c1vila-Rom\u00e1n J, Rodr\u00edguez-Garc\u00eda G, Del R\u00edo RE, Motilva V, G\u00f3mez-Hurtado MA, Talero E.\u00a0<span class=\"docsum-journal-citation full-journal-citation\" style=\"font-family: inherit; font-size: inherit;\">Antioxidants (Basel). 2024 Jan 22;13(1):134. doi: 10.3390\/antiox13010134.<\/span><\/td>\n<\/tr>\n<tr>\n<td style=\"width: 96.8651%;\" colspan=\"9\"><a class=\"docsum-title\" href=\"https:\/\/pubs.rsc.org\/en\/Content\/ArticleLanding\/2023\/FO\/D3FO04223E\" data-ga-category=\"result_click\" data-ga-action=\"2\" data-ga-label=\"38269604\" data-full-article-url=\"from_term=%C3%A1vila+rom%C3%A1n+j&amp;from_sort=date&amp;from_pos=2\" data-article-id=\"38269604\"><strong>Functional features of the exopolysaccharide extracts produced by\u00a0<em>Lactiplantibacillus<\/em> strains isolated from table olives.<\/strong> <\/a>L\u00f3pez-Garc\u00eda E, Mar\u00edn-Gordillo A, S\u00e1nchez-Hidalgo M, \u00c1vila-Rom\u00e1n J, Romero-Gil V, Berm\u00fadez-Oria A, Ben\u00edtez-Cabello A, Garrido-Fern\u00e1ndez A, Rodr\u00edguez-G\u00f3mez F, Arroyo-L\u00f3pez FN.\u00a0<span class=\"docsum-journal-citation full-journal-citation\" style=\"font-family: inherit; font-size: inherit;\">Food Funct. 2024 Feb 19;15(4):1938-1947. doi: 10.1039\/d3fo04223e.<\/span><\/td>\n<\/tr>\n<tr>\n<td style=\"width: 96.8651%;\" colspan=\"9\"><a class=\"docsum-title\" href=\"https:\/\/www.mdpi.com\/2076-3921\/13\/1\/67\" data-ga-category=\"result_click\" data-ga-action=\"3\" data-ga-label=\"38247491\" data-full-article-url=\"from_term=%C3%A1vila+rom%C3%A1n+j&amp;from_sort=date&amp;from_pos=3\" data-article-id=\"38247491\"><strong>Exploring Metabolic and Gut Microbiome Responses to Paraquat Administration in Male Wistar Rats: Implications for Oxidative Stress. <\/strong><\/a>Hernandez-Baixauli J, Chomiciute G, Tracey H, Mora I, Cort\u00e9s-Espinar AJ,\u00a0\u00c1vila-Rom\u00e1n J, Abasolo N, Palacios-Jordan H, Foguet-Romero E, Su\u00f1ol D, Galofr\u00e9 M, Alcaide-Hidalgo JM, Baselga-Escudero L, Del Bas JM, Mulero M. <span class=\"docsum-journal-citation full-journal-citation\" style=\"font-family: inherit; font-size: inherit;\">Antioxidants (Basel). 2024 Jan 1;13(1):67. doi: 10.3390\/antiox13010067.<\/span><\/td>\n<\/tr>\n<tr>\n<td style=\"width: 11.5987%;\" width=\"71\">\n<h2>2023<\/h2>\n<\/td>\n<td style=\"width: 10.6583%;\" width=\"71\">\u00a0<\/td>\n<td style=\"width: 10.6583%;\" width=\"71\">\u00a0<\/td>\n<td style=\"width: 10.6583%;\" width=\"71\">\u00a0<\/td>\n<td style=\"width: 10.6583%;\" width=\"71\">\u00a0<\/td>\n<td style=\"width: 10.6583%;\" width=\"71\">\u00a0<\/td>\n<td style=\"width: 10.6583%;\" width=\"71\">\u00a0<\/td>\n<td style=\"width: 10.6583%;\" width=\"71\">\u00a0<\/td>\n<td style=\"width: 10.6583%;\" width=\"71\">\u00a0<\/td>\n<\/tr>\n<tr>\n<td style=\"width: 96.8651%;\" colspan=\"9\"><strong><strong><a class=\"docsum-title\" href=\"doi: 10.3390\/ijms242317057\" data-ga-category=\"result_click\" data-ga-action=\"4\" data-ga-label=\"38069379\" data-full-article-url=\"from_term=%C3%A1vila+rom%C3%A1n+j&amp;from_sort=date&amp;from_pos=4\" data-article-id=\"38069379\">Abrupt Photoperiod Changes Differentially Modulate Hepatic Antioxidant Response in Healthy and Obese Rats: Effects of Grape Seed Proanthocyanidin Extract (GSPE). <\/a><\/strong><\/strong>Cort\u00e9s-Espinar AJ, Ibarz-Blanch N, Soliz-Rueda JR, Calvo E, Bravo FI, Mulero M, \u00c1vila-Rom\u00e1n J.\u00a0<span class=\"docsum-journal-citation full-journal-citation\" style=\"font-family: inherit; font-size: inherit;\">Int J Mol Sci. 2023 Dec 2;24(23):17057. doi: 10.3390\/ijms242317057.<\/span><\/td>\n<\/tr>\n<tr>\n<td style=\"width: 96.8651%;\" colspan=\"9\"><strong><strong><a class=\"docsum-title\" href=\"https:\/\/www.mdpi.com\/2076-3921\/12\/8\/1606\" data-ga-category=\"result_click\" data-ga-action=\"5\" data-ga-label=\"37627601\" data-full-article-url=\"from_term=%C3%A1vila+rom%C3%A1n+j&amp;from_sort=date&amp;from_pos=5\" data-article-id=\"37627601\">Rhythm and ROS: Hepatic Chronotherapeutic Features of Grape Seed Proanthocyanidin Extract Treatment in Cafeteria Diet-Fed Rats. <\/a><\/strong><\/strong>Cort\u00e9s-Espinar AJ, Ibarz-Blanch N, Soliz-Rueda JR, Bonafos B, Feillet-Coudray C, Casas F, Bravo FI, Calvo E, \u00c1vila-Rom\u00e1n J, Mulero M.\u00a0<span class=\"docsum-journal-citation full-journal-citation\" style=\"font-family: inherit; font-size: inherit;\">Antioxidants (Basel). 2023 Aug 12;12(8):1606. doi: 10.3390\/antiox12081606.<\/span><\/td>\n<\/tr>\n<tr>\n<td style=\"width: 96.8651%;\" colspan=\"9\" width=\"639\"><strong><a href=\"https:\/\/hal.science\/hal-03876073\">9-PAHPA long term intake in DIO and db\/db mice ameliorates insulin sensitivity but has few effects on obesity and associated metabolic disorders.<\/a><\/strong> Bonafos B, Cort\u00e9s-Espinar AJ, Balas L,\u00a0 Pessemesse L, Lambert K, Benlebna M, Gaillet S, Pelletier F, Delobel P, \u00c1vila-Rom\u00e1n J, Abell\u00e1n MM, Bertrand-Gaday C, Durand T, Coudray C, Casas F, Feillet-Coudray C. J Nutr Biochem. 2023 Feb;112:109216. doi: 10.1016\/j.jnutbio.2022.109216.<\/td>\n<\/tr>\n<tr>\n<td style=\"width: 96.8651%;\" colspan=\"9\" width=\"639\"><strong><a href=\"https:\/\/www.mdpi.com\/2072-6643\/15\/3\/707\">Photoperiod Conditions Modulate Serum Oxylipins Levels in Healthy and Obese Rats: Impact of Proanthocyanidins and Gut Microbiota.<\/a> <\/strong>Arreaza-Gil V, \u00c1vila-Rom\u00e1n J, Escobar-Mart\u00ednez I, Muguerza B, Su\u00e1rez M, Arola-Arnal A, Torres-Fuentes C. Nutrients. 2023 Jan 30;15(3):707. doi: 10.3390\/nu15030707.<\/td>\n<\/tr>\n<tr>\n<td style=\"width: 96.8651%;\" colspan=\"9\" width=\"639\"><strong><a href=\"https:\/\/www.mdpi.com\/2076-3921\/12\/5\/1080\">Up-Regulation of the Nrf2\/HO-1 Antioxidant Pathway in Macrophages by an Extract from a New Halophilic Archaea Isolated in Odiel Saltworks.<\/a><\/strong> \u00c1vila-Rom\u00e1n J, G\u00f3mez-Villegas P, de Carvalho CCCR, Vigara J, Motilva V, Le\u00f3n R, Talero E. Antioxidants (Basel). 2023 May 11;12(5):1080. doi: 10.3390\/antiox12051080.<\/td>\n<\/tr>\n<\/tbody>\n<\/table>\n<table width=\"639\">\n<tbody>\n<tr>\n<td width=\"71\">\n<h2>2022<\/h2>\n<\/td>\n<td width=\"71\">\u00a0<\/td>\n<td width=\"71\">\u00a0<\/td>\n<td width=\"71\">\u00a0<\/td>\n<td width=\"71\">\u00a0<\/td>\n<td width=\"71\">\u00a0<\/td>\n<td width=\"71\">\u00a0<\/td>\n<td width=\"71\">\u00a0<\/td>\n<td width=\"71\">\u00a0<\/td>\n<\/tr>\n<tr>\n<td colspan=\"9\" width=\"639\"><a href=\"https:\/\/www.mdpi.com\/2072-6643\/14\/4\/774\"><strong>Time-of-Day Circadian Modulation of Grape-Seed Procyanidin Extract (GSPE) in Hepatic Mitochondrial Dynamics in Cafeteria-Diet-Induced Obese Rats.<\/strong><\/a> Rodr\u00edguez RM, Cort\u00e9s-Espinar AJ, Soliz-Rueda JR, Feillet-Coudray C, Casas F, Colom-Pellicer M, Aragon\u00e8s G, \u00c1vila-Rom\u00e1n J, Muguerza B, Mulero M, Salvad\u00f3 MJ. Nutrients. 2022 Feb 12;14(4):774. doi: 10.3390\/nu14040774.<\/td>\n<\/tr>\n<tr>\n<td colspan=\"9\" width=\"639\"><a href=\"https:\/\/onlinelibrary.wiley.com\/doi\/full\/10.1002\/mnfr.202100990\"><strong>Cardioprotective Properties of Phenolic Compounds: A Role for Biological Rhythms.<\/strong> <\/a>Torres-Fuentes C, Su\u00e1rez M, Aragon\u00e8s G, Mulero M, \u00c1vila-Rom\u00e1n J, Arola-Arnal A, Salvad\u00f3 MJ, Arola L, Bravo FI, Muguerza B. Mol Nutr Food Res. 2022 Mar 13:e2100990. doi: 10.1002\/mnfr.202100990.<\/td>\n<\/tr>\n<tr>\n<td>\n<h2>2021<\/h2>\n<\/td>\n<td>\u00a0<\/td>\n<td>\u00a0<\/td>\n<td>\u00a0<\/td>\n<td>\u00a0<\/td>\n<td>\u00a0<\/td>\n<td>\u00a0<\/td>\n<td>\u00a0<\/td>\n<td>\u00a0<\/td>\n<\/tr>\n<tr>\n<td colspan=\"9\" width=\"639\"><a href=\"https:\/\/www.mdpi.com\/2218-273X\/11\/2\/162\"><strong>Anti-Inflammatory Effects of Rosmarinic Acid-Loaded Nanovesicles in Acute Colitis through Modulation of NLRP3 Inflammasome.<\/strong> <\/a>Marinho S, Illanes M, \u00c1vila-Rom\u00e1n J, Motilva V, Talero E. Biomolecules. 2021 Jan 26;11(2):162. doi: 10.3390\/biom11020162.<\/td>\n<\/tr>\n<tr>\n<td colspan=\"9\" width=\"639\"><a href=\"https:\/\/link.springer.com\/article\/10.1208\/s12249-021-01966-3\"><strong>Preparation and In Vivo Evaluation of Rosmarinic Acid-Loaded Transethosomes After Percutaneous Application on a Psoriasis Animal Model<\/strong><\/a>. Rodr\u00edguez-Luna A, Talero E, \u00c1vila-Rom\u00e1n J, Romero AMF, Rabasco AM, Motilva V, Gonz\u00e1lez-Rodr\u00edguez ML. AAPS PharmSciTech. 2021 Mar 12;22(3):103. doi: 10.1208\/s12249-021-01966-3.<\/td>\n<\/tr>\n<tr>\n<td colspan=\"9\" width=\"639\"><a href=\"https:\/\/www.sciencedirect.com\/science\/article\/pii\/S0261561421001230#:~:text=Gut%20microbiota%20dysbiosis%20altered%20the,in%20healthy%20and%20obese%20rats.&amp;text=Significant%20correlations%20between%20different%20bacteria%20taxa%20and%20oxylipins%20were%20found.&amp;text=Gut%20microbiota%20may%20play%20a,metabolites%20impacting%20on%20inflammatory%20processes.\"><strong>Impact of gut microbiota on plasma oxylipins profile under healthy and obesogenic conditions.<\/strong><\/a> \u00c1vila-Rom\u00e1n J, Arreaza-Gil V, Cort\u00e9s-Espinar AJ, Soliz-Rueda JR, Mulero M, Muguerza B, Arola-Arnal A, Arola L, Torres-Fuentes C. Clin Nutr. 2021 Apr;40(4):1475-1486. doi: 10.1016\/j.clnu.2021.02.035.<\/td>\n<\/tr>\n<tr>\n<td colspan=\"9\" width=\"639\"><a href=\"https:\/\/www.mdpi.com\/2076-3921\/10\/4\/517\"><strong>Enzyme-Assisted Extraction to Obtain Phenolic-Enriched Wine Lees with Enhanced Bioactivity in Hypertensive Rats.<\/strong><\/a> L\u00f3pez-Fern\u00e1ndez-Sobrino R, Margalef M, Torres-Fuentes C, \u00c1vila-Rom\u00e1n J, Aragon\u00e8s G, Muguerza B, Bravo FI. Antioxidants (Basel). 2021 Mar 26;10(4):517. doi: 10.3390\/antiox10040517.<\/td>\n<\/tr>\n<tr>\n<td colspan=\"9\" width=\"639\"><a href=\"https:\/\/www.mdpi.com\/2076-3921\/10\/7\/1073\"><strong>Blood Pressure-Lowering Effect of Wine Lees Phenolic Compounds Is Mediated by Endothelial-Derived Factors: Role of Sirtuin 1.<\/strong><\/a> L\u00f3pez-Fern\u00e1ndez-Sobrino R, Soliz-Rueda JR, \u00c1vila-Rom\u00e1n J, Arola-Arnal A, Su\u00e1rez M, Muguerza B, Bravo FI. Antioxidants (Basel). 2021 Jul 3;10(7):1073. doi: 10.3390\/antiox10071073.<\/td>\n<\/tr>\n<tr>\n<td colspan=\"9\" width=\"639\"><a href=\"https:\/\/www.mdpi.com\/1660-3397\/19\/10\/531\"><strong>Anti-Inflammatory and Anticancer Effects of Microalgal Carotenoids.<\/strong><\/a> \u00c1vila-Rom\u00e1n J, Garc\u00eda-Gil S, Rodr\u00edguez-Luna A, Motilva V, Talero E. Mar Drugs. 2021 Sep 23;19(10):531. doi: 10.3390\/md19100531.<\/td>\n<\/tr>\n<tr>\n<td colspan=\"9\" width=\"639\"><a href=\"https:\/\/www.ncbi.nlm.nih.gov\/pmc\/articles\/PMC8709285\/\"><strong>Preparation, Characterization and Evaluation of the Anti-Inflammatory Activity of Epichlorohydrin-\u03b2-Cyclodextrin\/Curcumin Binary Systems Embedded in a Pluronic\u00ae\/ Hyaluronate Hydrogel.<\/strong> <\/a>Fern\u00e1ndez-Romero AM, Maestrelli F, Garc\u00eda-Gil S, Talero E, Mura P, Rabasco AM, Gonz\u00e1lez-Rodr\u00edguez ML. Int J Mol Sci. 2021 Dec 17;22(24):13566. doi: 10.3390\/ijms222413566.<\/td>\n<\/tr>\n<tr>\n<td>\n<h2>2020<\/h2>\n<\/td>\n<td>\u00a0<\/td>\n<td>\u00a0<\/td>\n<td>\u00a0<\/td>\n<td>\u00a0<\/td>\n<td>\u00a0<\/td>\n<td>\u00a0<\/td>\n<td>\u00a0<\/td>\n<td>\u00a0<\/td>\n<\/tr>\n<tr>\n<td colspan=\"9\" width=\"639\"><a href=\"https:\/\/www.mdpi.com\/1660-3397\/18\/2\/84\"><strong>New Eunicellin-Type Diterpenes from the Panamanian Octocoral\u00a0Briareum Asbestinum.<\/strong><\/a> Guti\u00e9rrez M, Santamar\u00eda R, G\u00f3mez-Reyes JF, Guzm\u00e1n HM, \u00c1vila-Rom\u00e1n J, Motilva V, Talero E. Mar Drugs. 2020 Jan 27;18(2):84. doi: 10.3390\/md18020084.<\/td>\n<\/tr>\n<tr>\n<td colspan=\"9\" width=\"639\"><a href=\"https:\/\/www.mdpi.com\/2072-6643\/12\/12\/3784\"><strong>Modulation of Food Intake by Differential TAS2R Stimulation in Rat.<\/strong><\/a> Grau-Bov\u00e9 C, Migu\u00e9ns-G\u00f3mez A, Gonz\u00e1lez-Quilen C, Fern\u00e1ndez-L\u00f3pez JA, Remesar X, Torres-Fuentes C, \u00c1vila-Rom\u00e1n J, Rodr\u00edguez-Gallego E, Beltr\u00e1n-Deb\u00f3n R, Blay MT, Terra X, Ard\u00e9vol A, Pinent M. Nutrients. 2020 Dec 10;12(12):3784. doi: 10.3390\/nu12123784.<\/td>\n<\/tr>\n<tr>\n<td colspan=\"9\" width=\"639\"><a href=\"https:\/\/www.mdpi.com\/2072-6643\/12\/6\/1752\"><strong>Polyphenolic Maqui Extract as a Potential Nutraceutical to Treat TNBS-Induced Crohn&#8217;s Disease by the Regulation of Antioxidant and Anti-Inflammatory Pathways.<\/strong><\/a> Ortiz T, Arg\u00fcelles-Arias F, Illanes M, Garc\u00eda-Montes JM, Talero E, Mac\u00edas-Garc\u00eda L, Alcudia A, V\u00e1zquez-Rom\u00e1n V, Motilva V, De-Miguel M. Nutrients. 2020 Jun 11;12(6):1752. doi: 10.3390\/nu12061752.<\/td>\n<\/tr>\n<tr>\n<td colspan=\"9\" width=\"639\"><a href=\"https:\/\/www.mdpi.com\/1660-3397\/18\/4\/207\"><strong>Meroterpenoids from the Brown Alga\u00a0Cystoseira usneoides\u00a0as Potential Anti-Inflammatory and Lung Anticancer Agents.<\/strong> <\/a>Zbakh H, Zub\u00eda E, de Los Reyes C, Calder\u00f3n-Monta\u00f1o JM, L\u00f3pez-L\u00e1zaro M, Motilva V. Mar Drugs. 2020 Apr 11;18(4):207. doi: 10.3390\/md18040207.<\/td>\n<\/tr>\n<tr>\n<td colspan=\"9\" width=\"639\"><a href=\"https:\/\/www.mdpi.com\/2304-8158\/9\/3\/300\"><strong>Anticancer Activities of Meroterpenoids Isolated from the Brown Alga\u00a0Cystoseira usneoides\u00a0against the Human Colon Cancer Cells HT-29.<\/strong> <\/a>Zbakh H, Zub\u00eda E, Reyes CL, Calder\u00f3n-Monta\u00f1o JM, Motilva V. Foods. 2020 Mar 6;9(3):300. doi: 10.3390\/foods9030300.<\/td>\n<\/tr>\n<tr>\n<td>\n<h2>2019<\/h2>\n<\/td>\n<td>\u00a0<\/td>\n<td>\u00a0<\/td>\n<td>\u00a0<\/td>\n<td>\u00a0<\/td>\n<td>\u00a0<\/td>\n<td>\u00a0<\/td>\n<td>\u00a0<\/td>\n<td>\u00a0<\/td>\n<\/tr>\n<tr>\n<td colspan=\"9\" width=\"639\"><a href=\"https:\/\/www.mdpi.com\/2072-6643\/11\/11\/2602\"><strong>Chrononutrition and Polyphenols: Roles and Diseases.<\/strong><\/a> Arola-Arnal A, Cruz-Carri\u00f3n \u00c1, Torres-Fuentes C, \u00c1vila-Rom\u00e1n J, Aragon\u00e8s G, Mulero M, Bravo FI, Muguerza B, Arola L, Su\u00e1rez M. Nutrients. 2019 Oct 30;11(11):2602. doi: 10.3390\/nu11112602.<\/td>\n<\/tr>\n<tr>\n<td colspan=\"9\" width=\"639\"><a href=\"https:\/\/www.mdpi.com\/1660-3397\/17\/8\/451\"><strong>Fucoxanthin and Rosmarinic Acid Combination Has Anti-Inflammatory Effects through Regulation of NLRP3 Inflammasome in UVB-Exposed HaCaT Keratinocytes.<\/strong><\/a> Rodr\u00edguez-Luna A, \u00c1vila-Rom\u00e1n J, Oliveira H, Motilva V, Talero E. Mar Drugs. 2019 Aug 1;17(8):451. doi: 10.3390\/md17080451.<\/td>\n<\/tr>\n<tr>\n<td>\n<h2>2018<\/h2>\n<\/td>\n<td>\u00a0<\/td>\n<td>\u00a0<\/td>\n<td>\u00a0<\/td>\n<td>\u00a0<\/td>\n<td>\u00a0<\/td>\n<td>\u00a0<\/td>\n<td>\u00a0<\/td>\n<td>\u00a0<\/td>\n<\/tr>\n<tr>\n<td colspan=\"9\" width=\"639\"><a href=\"https:\/\/www.sciencedirect.com\/science\/article\/abs\/pii\/S1043661817307582?via%3Dihub\"><strong>Microalgae-derived oxylipins decrease inflammatory mediators by regulating the subcellular location of NF\u03baB and PPAR-\u03b3.<\/strong><\/a> \u00c1vila-Rom\u00e1n J, Talero E, de Los Reyes C, Garc\u00eda-Mauri\u00f1o S, Motilva V. Pharmacol Res. 2018 Feb;128:220-230. doi: 10.1016\/j.phrs.2017.10.009.<\/td>\n<\/tr>\n<tr>\n<td colspan=\"9\" width=\"639\"><a href=\"https:\/\/www.mdpi.com\/1660-3397\/16\/10\/378\"><strong>Fucoxanthin-Containing Cream Prevents Epidermal Hyperplasia and UVB-Induced Skin Erythema in Mice.<\/strong> <\/a>Rodr\u00edguez-Luna A, \u00c1vila-Rom\u00e1n J, Gonz\u00e1lez-Rodr\u00edguez ML, C\u00f3zar MJ, Rabasco AM, Motilva V, Talero E. Mar Drugs. 2018 Oct 10;16(10):378. doi: 10.3390\/md16100378.<\/td>\n<\/tr>\n<\/tbody>\n<\/table>\n<p>&nbsp;<\/p>\n<p>&nbsp;<\/p>\n<\/div><\/div><\/div><\/div><\/div><\/div><\/section>\n","protected":false},"excerpt":{"rendered":"Publication Posts 2024 \u00a0 \u00a0 \u00a0 \u00a0 \u00a0 \u00a0 \u00a0 \u00a0 Synthesis and Bioevaluation of New Stable Derivatives of Chrysin-8-C-Glucoside That Modulate the Antioxidant Keap1\/Nrf2\/HO-1 Pathway in Human Macrophages. \u00c1vila-Rom\u00e1n J, Quevedo-Tinoco L, Oliveros-Ortiz AJ, Garc\u00eda-Gil S, Rodr\u00edguez-Garc\u00eda G, Motilva V, G\u00f3mez-Hurtado MA, Talero E. Pharmaceuticals (Basel). 2024 Oct 17;17(10):1388. doi: 10.3390\/ph17101388. Protective effect of...","protected":false},"author":8,"featured_media":0,"parent":5339,"menu_order":0,"comment_status":"closed","ping_status":"closed","template":"","meta":[],"_links":{"self":[{"href":"https:\/\/grupo.us.es\/farmolap\/web\/wp-json\/wp\/v2\/pages\/5350"}],"collection":[{"href":"https:\/\/grupo.us.es\/farmolap\/web\/wp-json\/wp\/v2\/pages"}],"about":[{"href":"https:\/\/grupo.us.es\/farmolap\/web\/wp-json\/wp\/v2\/types\/page"}],"author":[{"embeddable":true,"href":"https:\/\/grupo.us.es\/farmolap\/web\/wp-json\/wp\/v2\/users\/8"}],"replies":[{"embeddable":true,"href":"https:\/\/grupo.us.es\/farmolap\/web\/wp-json\/wp\/v2\/comments?post=5350"}],"version-history":[{"count":10,"href":"https:\/\/grupo.us.es\/farmolap\/web\/wp-json\/wp\/v2\/pages\/5350\/revisions"}],"predecessor-version":[{"id":5867,"href":"https:\/\/grupo.us.es\/farmolap\/web\/wp-json\/wp\/v2\/pages\/5350\/revisions\/5867"}],"up":[{"embeddable":true,"href":"https:\/\/grupo.us.es\/farmolap\/web\/wp-json\/wp\/v2\/pages\/5339"}],"wp:attachment":[{"href":"https:\/\/grupo.us.es\/farmolap\/web\/wp-json\/wp\/v2\/media?parent=5350"}],"curies":[{"name":"wp","href":"https:\/\/api.w.org\/{rel}","templated":true}]}}