{"id":5189,"date":"2017-01-23T16:16:12","date_gmt":"2017-01-23T16:16:12","guid":{"rendered":"http:\/\/grupo.us.es\/farmolap\/web\/beta\/?page_id=5189"},"modified":"2025-06-11T18:32:22","modified_gmt":"2025-06-11T18:32:22","slug":"proyectos-en-desarrollo","status":"publish","type":"page","link":"https:\/\/grupo.us.es\/farmolap\/web\/que-hacemos\/proyectos-en-desarrollo\/","title":{"rendered":"Proyectos"},"content":{"rendered":"<section class=\"l-section wpb_row height_medium\"><div class=\"l-section-h i-cf\"><div class=\"g-cols vc_row via_grid cols_1 laptops-cols_inherit tablets-cols_inherit mobiles-cols_1 valign_top type_default stacking_default\"><div class=\"wpb_column vc_column_container\"><div class=\"vc_column-inner\"><div class=\"wpb_text_column\"><div class=\"wpb_wrapper\"><h1 style=\"color: #336699;\">Proyectos<\/h1>\n<p><img decoding=\"async\" src=\"https:\/\/grupo.us.es\/farmolap\/web\/wp-content\/uploads\/2025\/06\/Logos-feder-scaled.jpg\" alt=\"\" \/><\/p>\n<\/div><\/div><\/div><\/div><\/div><\/div><\/section><section class=\"l-section wpb_row height_medium\"><div class=\"l-section-h i-cf\"><div class=\"g-cols vc_row via_grid cols_1 laptops-cols_inherit tablets-cols_inherit mobiles-cols_1 valign_top type_default stacking_default\"><div class=\"wpb_column vc_column_container\"><div class=\"vc_column-inner\"><div class=\"wpb_text_column\"><div class=\"wpb_wrapper\"><table style=\"width: 94.6504%; height: 1016px;\" width=\"1087\">\n<tbody>\n<tr style=\"height: 68px;\">\n<td style=\"height: 68px; width: 8.34106%;\" width=\"87\">\n<h4>Fecha de inicio<\/h4>\n<\/td>\n<td style=\"height: 68px; width: 8.34106%;\" width=\"87\">\n<h4>Fecha de fin<\/h4>\n<\/td>\n<td style=\"height: 68px; width: 50.2317%;\" width=\"556\">\n<h4>Denominaci\u00f3n<\/h4>\n<\/td>\n<td style=\"height: 68px; width: 31.9741%;\" width=\"357\">\n<h4>Agencia financiadora<\/h4>\n<\/td>\n<\/tr>\n<tr style=\"height: 36px;\">\n<td style=\"height: 36px; width: 8.34106%;\">1-12-2024<\/td>\n<td style=\"height: 36px; width: 8.34106%;\">30-11-2027<\/td>\n<td style=\"height: 36px; width: 50.2317%;\"><a href=\"https:\/\/prisma.us.es\/financiacion\/17522\">Desarrollo de una matriz alimentaria basada en compuestos fen\u00f3licos como coadyuvante en el tratamiento de la colitis ulcerosa<\/a><\/td>\n<td style=\"height: 36px; width: 31.9741%;\">Universidad de Sevilla (PPIT &#8211; FEDER)<\/td>\n<\/tr>\n<tr style=\"height: 48px;\">\n<td style=\"height: 48px; width: 8.34106%;\">1-12-2024<\/td>\n<td style=\"height: 48px; width: 8.34106%;\">30-11-2027<\/td>\n<td style=\"height: 48px; width: 50.2317%;\"><a href=\"https:\/\/prisma.us.es\/financiacion\/17504\">Evaluaci\u00f3n del efecto de carotenoides, polifenoles y combinaciones de estos, en modelos experimentales de dermatitis at\u00f3pica<\/a><\/td>\n<td style=\"height: 48px; width: 31.9741%;\">Universidad de Sevilla (PPIT &#8211; FEDER)<\/td>\n<\/tr>\n<tr style=\"height: 72px;\">\n<td style=\"height: 72px; width: 8.34106%;\" width=\"87\">1-1-2021<\/td>\n<td style=\"height: 72px; width: 8.34106%;\" width=\"87\">31-12-2022<\/td>\n<td style=\"height: 72px; width: 50.2317%;\" width=\"556\"><a href=\"https:\/\/bibliometria.us.es\/prisma\/financiacion\/15151\">Evaluaci\u00f3n del efecto protector de carotenoides, polifenoles y combinaciones de estos, frente al da\u00f1o inflamatorio cut\u00e1neo inducido por la fotopoluci\u00f3n. Acr\u00f3nimo: PICAROPOL\u00a0(US-1380844)<\/a><\/td>\n<td style=\"height: 72px; width: 31.9741%;\" width=\"357\">Consejer\u00eda de Econom\u00eda, Conocimiento, Empresas y Universidad (Auton\u00f3mico)<\/td>\n<\/tr>\n<tr style=\"height: 72px;\">\n<td style=\"height: 72px; width: 8.34106%;\" width=\"87\">30-1-2014<\/td>\n<td style=\"height: 72px; width: 8.34106%;\" width=\"87\">31-7-2018<\/td>\n<td style=\"height: 72px; width: 50.2317%;\" width=\"556\"><a href=\"https:\/\/bibliometria.us.es\/prisma\/financiacion\/2230\">Inter\u00e9s de los Polifenoles en Inflamaci\u00f3n Cr\u00f3nica y C\u00e1ncer: Papel en los Sistemas Celulares de Regulaci\u00f3n Mitocondrial y del Inflamasoma. Polfanat-II\u00a0(P12-AGR-430)<\/a><\/td>\n<td style=\"height: 72px; width: 31.9741%;\" width=\"357\">Consejer\u00eda de Econom\u00eda, Innovaci\u00f3n y Ciencia (Auton\u00f3mico)<\/td>\n<\/tr>\n<tr style=\"height: 72px;\">\n<td style=\"height: 72px; width: 8.34106%;\" width=\"87\">30-1-2014<\/td>\n<td style=\"height: 72px; width: 8.34106%;\" width=\"87\">16-2-2019<\/td>\n<td style=\"height: 72px; width: 50.2317%;\" width=\"556\"><a href=\"https:\/\/bibliometria.us.es\/prisma\/financiacion\/2250\">Reciclar o Morir: Autofagia, Ubiquitina y PEPC (Fosfoenolviruvato Carboxilasa) en Estr\u00e9s Nutricional, H\u00eddrico\/Salino y Oxidativo\u00a0(P12-FQM-489)<\/a><\/td>\n<td style=\"height: 72px; width: 31.9741%;\" width=\"357\">Consejer\u00eda de Econom\u00eda, Innovaci\u00f3n y Ciencia (Auton\u00f3mico)<\/td>\n<\/tr>\n<tr style=\"height: 72px;\">\n<td style=\"height: 72px; width: 8.34106%;\" width=\"87\">5-5-2011<\/td>\n<td style=\"height: 72px; width: 8.34106%;\" width=\"87\">31-12-2014<\/td>\n<td style=\"height: 72px; width: 50.2317%;\" width=\"556\"><a href=\"https:\/\/bibliometria.us.es\/prisma\/financiacion\/2115\">Desarrollo de una cadena de producci\u00f3n de microalgas marinas e hipersalinas y productos derivados orientada al mercado de la alimentaci\u00f3n\u00a0(IPT-2011-1370-060000)<\/a><\/td>\n<td style=\"height: 72px; width: 31.9741%;\" width=\"357\">Ministerio de Ciencia e Innovaci\u00f3n (Nacional)<\/td>\n<\/tr>\n<tr style=\"height: 72px;\">\n<td style=\"height: 72px; width: 8.34106%;\" width=\"87\">28-6-2010<\/td>\n<td style=\"height: 72px; width: 8.34106%;\" width=\"87\">30-11-2010<\/td>\n<td style=\"height: 72px; width: 50.2317%;\" width=\"556\"><a href=\"https:\/\/bibliometria.us.es\/prisma\/financiacion\/4876\">CYTED, Convocatoria 2010-05-10. Propuesta de formaci\u00f3n de la Red Iberoamericana de Investigaci\u00f3n en C\u00e1ncer. De la gen\u00f3mica al control \u00abRIBECANCER\u00bb\u00a0(OTR2010-PC31)<\/a><\/td>\n<td style=\"height: 72px; width: 31.9741%;\" width=\"357\">Universidad de Sevilla (Oficina de Transferencia de Resultados de Investigaci\u00f3n)<\/td>\n<\/tr>\n<tr style=\"height: 48px;\">\n<td style=\"height: 48px; width: 8.34106%;\" width=\"87\">5-3-2010<\/td>\n<td style=\"height: 48px; width: 8.34106%;\" width=\"87\">4-3-2011<\/td>\n<td style=\"height: 48px; width: 50.2317%;\" width=\"556\"><a href=\"https:\/\/bibliometria.us.es\/prisma\/financiacion\/4482\">Congreso de la sociedad espa\u00f1ola de farmacolog\u00eda, Sevilla 2009\u00a0(SAF2009-06556-E)<\/a><\/td>\n<td style=\"height: 48px; width: 31.9741%;\" width=\"357\">Ministerio de Ciencia e Innovaci\u00f3n (Nacional)<\/td>\n<\/tr>\n<tr style=\"height: 48px;\">\n<td style=\"height: 48px; width: 8.34106%;\" width=\"87\">3-2-2010<\/td>\n<td style=\"height: 48px; width: 8.34106%;\" width=\"87\">3-2-2013<\/td>\n<td style=\"height: 48px; width: 50.2317%;\" width=\"556\"><a href=\"https:\/\/bibliometria.us.es\/prisma\/financiacion\/1627\">Caracterizaci\u00f3n qu\u00edmica y farmacol\u00f3gica de polifenoles vegetales y su acci\u00f3n sobre sirtu\u00ednas. Polfanat\u00a0(P09-AGR-5185)<\/a><\/td>\n<td style=\"height: 48px; width: 31.9741%;\" width=\"357\">Junta de Andaluc\u00eda (Consejer\u00eda de Innovaci\u00f3n, Ciencia y Empresas) (Auton\u00f3mico)<\/td>\n<\/tr>\n<tr style=\"height: 48px;\">\n<td style=\"height: 48px; width: 8.34106%;\" width=\"87\">16-3-2009<\/td>\n<td style=\"height: 48px; width: 8.34106%;\" width=\"87\">16-6-2009<\/td>\n<td style=\"height: 48px; width: 50.2317%;\" width=\"556\"><a href=\"https:\/\/bibliometria.us.es\/prisma\/financiacion\/4551\">Caracterizaci\u00f3n qu\u00edmica y farmacol\u00f3gica de polifenoles vegetales y su acci\u00f3n sobre sirtuinas (POLFANAT)\u00a0(OTRI\/08-FCIE40)<\/a><\/td>\n<td style=\"height: 48px; width: 31.9741%;\" width=\"357\">Universidad de Sevilla (Oficina de Transferencia de Resultados de Investigaci\u00f3n) (Local)<\/td>\n<\/tr>\n<tr style=\"height: 48px;\">\n<td style=\"height: 48px; width: 8.34106%;\" width=\"87\">1-1-2009<\/td>\n<td style=\"height: 48px; width: 8.34106%;\" width=\"87\">31-12-2011<\/td>\n<td style=\"height: 48px; width: 50.2317%;\" width=\"556\"><a href=\"https:\/\/bibliometria.us.es\/prisma\/financiacion\/1481\">Funcionalidad de la fracci\u00f3n insaponificable del aceite de oliva virgen extra en la prevenci\u00f3n del c\u00e1ncer colorrectal\u00a0(AGL2008-02475)<\/a><\/td>\n<td style=\"height: 48px; width: 31.9741%;\" width=\"357\">Ministerio de Ciencia e Innovaci\u00f3n (Nacional)<\/td>\n<\/tr>\n<tr style=\"height: 72px;\">\n<td style=\"height: 72px; width: 8.34106%;\" width=\"87\">25-9-2008<\/td>\n<td style=\"height: 72px; width: 8.34106%;\" width=\"87\">\/\/<\/td>\n<td style=\"height: 72px; width: 50.2317%;\" width=\"556\"><a href=\"https:\/\/bibliometria.us.es\/prisma\/financiacion\/4340\">Proyectos de cooperaci\u00f3n con la Universidad de Sorocaba (Brasil): compuestos naturales que intervienen en la relaci\u00f3n inflamaci\u00f3n-c\u00e1ncer. Investigaci\u00f3n en las \u00e1reas gastrointestinales y pulmonar\u00a0(OTRI\/08-FCIE29)<\/a><\/td>\n<td style=\"height: 72px; width: 31.9741%;\" width=\"357\">Universidad de Sevilla(Oficina de Transferencia de Resultados de Investigaci\u00f3n) (Local)<\/td>\n<\/tr>\n<tr style=\"height: 72px;\">\n<td style=\"height: 72px; width: 8.34106%;\" width=\"87\">25-9-2008<\/td>\n<td style=\"height: 72px; width: 8.34106%;\" width=\"87\">\/\/<\/td>\n<td style=\"height: 72px; width: 50.2317%;\" width=\"556\"><a href=\"https:\/\/bibliometria.us.es\/prisma\/financiacion\/4338\">Producci\u00f3n y valorizaci\u00f3n de biomasa a partir de microalgas: valorizaci\u00f3n de componentes de la biomasa para usos energ\u00e9ticos, piensos, farmac\u00e9uticos y consm\u00e9ticos\u00a0(OTRI\/08-FCIE27)<\/a><\/td>\n<td style=\"height: 72px; width: 31.9741%;\" width=\"357\">Universidad de Sevilla(Oficina de Transferencia de Resultados de Investigaci\u00f3n) (Local)<\/td>\n<\/tr>\n<tr style=\"height: 48px;\">\n<td style=\"height: 48px; width: 8.34106%;\" width=\"87\">29-2-2008<\/td>\n<td style=\"height: 48px; width: 8.34106%;\" width=\"87\">\/\/<\/td>\n<td style=\"height: 48px; width: 50.2317%;\" width=\"556\"><a href=\"https:\/\/bibliometria.us.es\/prisma\/financiacion\/4314\">Investigaci\u00f3n de productos naturales tropicales para la obtenci\u00f3n de antiinflamatorios y anticancerosos\u00a0(OTRI\/08-FCIE03)<\/a><\/td>\n<td style=\"height: 48px; width: 31.9741%;\" width=\"357\"><\/td>\n<\/tr>\n<tr style=\"height: 72px;\">\n<td style=\"height: 72px; width: 8.34106%;\" width=\"87\">31-12-2005<\/td>\n<td style=\"height: 72px; width: 8.34106%;\" width=\"87\">31-12-2008<\/td>\n<td style=\"height: 72px; width: 50.2317%;\" width=\"556\"><a href=\"https:\/\/bibliometria.us.es\/prisma\/financiacion\/722\">Influencia de dietas enriquecidas con aceite de oliva virgen extra y curcumina en la prevenci\u00f3n de c\u00e1ncer colorrectal asociado a colits experimental\u00a0(AGL2005-05132)<\/a><\/td>\n<td style=\"height: 72px; width: 31.9741%;\" width=\"357\">Ministerio de Educaci\u00f3n y Ciencia (Nacional)<\/td>\n<\/tr>\n<tr style=\"height: 48px;\">\n<td style=\"height: 48px; width: 8.34106%;\" width=\"87\">1-12-2002<\/td>\n<td style=\"height: 48px; width: 8.34106%;\" width=\"87\">1-12-2005<\/td>\n<td style=\"height: 48px; width: 50.2317%;\" width=\"556\"><a href=\"https:\/\/bibliometria.us.es\/prisma\/financiacion\/278\">Neuroinmunoregulaci\u00f3n de las c\u00e9lulas cebadas: mecanismos de acci\u00f3n y efectos biol\u00f3gicos de la melatonina y el VIP\u00a0(BFI2002-03544)<\/a><\/td>\n<td style=\"height: 48px; width: 31.9741%;\" width=\"357\">Ministerio de Ciencia y Tecnolog\u00eda (Nacional)<\/td>\n<\/tr>\n<\/tbody>\n<\/table>\n<\/div><\/div><\/div><\/div><\/div><\/div><\/section>\n","protected":false},"excerpt":{"rendered":"Proyectos Fecha de inicio Fecha de fin Denominaci\u00f3n Agencia financiadora 1-12-2024 30-11-2027 Desarrollo de una matriz alimentaria basada en compuestos fen\u00f3licos como coadyuvante en el tratamiento de la colitis ulcerosa Universidad de Sevilla (PPIT &#8211; FEDER) 1-12-2024 30-11-2027 Evaluaci\u00f3n del efecto de carotenoides, polifenoles y combinaciones de estos, en modelos experimentales de dermatitis at\u00f3pica Universidad...","protected":false},"author":8,"featured_media":5904,"parent":5174,"menu_order":0,"comment_status":"closed","ping_status":"closed","template":"","meta":[],"_links":{"self":[{"href":"https:\/\/grupo.us.es\/farmolap\/web\/wp-json\/wp\/v2\/pages\/5189"}],"collection":[{"href":"https:\/\/grupo.us.es\/farmolap\/web\/wp-json\/wp\/v2\/pages"}],"about":[{"href":"https:\/\/grupo.us.es\/farmolap\/web\/wp-json\/wp\/v2\/types\/page"}],"author":[{"embeddable":true,"href":"https:\/\/grupo.us.es\/farmolap\/web\/wp-json\/wp\/v2\/users\/8"}],"replies":[{"embeddable":true,"href":"https:\/\/grupo.us.es\/farmolap\/web\/wp-json\/wp\/v2\/comments?post=5189"}],"version-history":[{"count":16,"href":"https:\/\/grupo.us.es\/farmolap\/web\/wp-json\/wp\/v2\/pages\/5189\/revisions"}],"predecessor-version":[{"id":5905,"href":"https:\/\/grupo.us.es\/farmolap\/web\/wp-json\/wp\/v2\/pages\/5189\/revisions\/5905"}],"up":[{"embeddable":true,"href":"https:\/\/grupo.us.es\/farmolap\/web\/wp-json\/wp\/v2\/pages\/5174"}],"wp:featuredmedia":[{"embeddable":true,"href":"https:\/\/grupo.us.es\/farmolap\/web\/wp-json\/wp\/v2\/media\/5904"}],"wp:attachment":[{"href":"https:\/\/grupo.us.es\/farmolap\/web\/wp-json\/wp\/v2\/media?parent=5189"}],"curies":[{"name":"wp","href":"https:\/\/api.w.org\/{rel}","templated":true}]}}