{"id":5178,"date":"2017-01-23T16:12:48","date_gmt":"2017-01-23T16:12:48","guid":{"rendered":"http:\/\/grupo.us.es\/farmolap\/web\/beta\/?page_id=5178"},"modified":"2022-06-24T09:22:26","modified_gmt":"2022-06-24T09:22:26","slug":"el-grupo-farmolap","status":"publish","type":"page","link":"https:\/\/grupo.us.es\/farmolap\/web\/quienes-somos\/el-grupo-farmolap\/","title":{"rendered":"Actividad"},"content":{"rendered":"<section class=\"l-section wpb_row height_medium\"><div class=\"l-section-h i-cf\"><div class=\"g-cols vc_row via_grid cols_1 laptops-cols_inherit tablets-cols_inherit mobiles-cols_1 valign_top type_default stacking_default\"><div class=\"wpb_column vc_column_container\"><div class=\"vc_column-inner\"><div class=\"wpb_text_column\"><div class=\"wpb_wrapper\"><h1 style=\"color: #336699;\">Objetivos de la investigaci\u00f3n<\/h1>\n<\/div><\/div><div class=\"wpb_text_column us_custom_81696c84\"><div class=\"wpb_wrapper\"><p>FARMOLAP es un grupo de investigaci\u00f3n de la Universidad de Sevilla, que pertenece al Departamento de Farmacolog\u00eda de la Facultad de Farmacia de la Universidad de Sevilla (CTS658). Est\u00e1 constituido por Profesores y Doctores junto con investigadores postdoctorales y estudiantes en formaci\u00f3n investigadora.<\/p>\n<p>Nos centramos en el conocimiento de la inflamaci\u00f3n como componente destacado en fases agudas y tambi\u00e9n cr\u00f3nicas de procesos en que participa del sistema inmunol\u00f3gico. Sabemos que estas respuestas estas destinadas a la lucha contra la presencia y proliferaci\u00f3n de elementos extra\u00f1os, pero en numerosas ocasiones el equilibrio no se restablece adecuadamente y se desencadenan cambios cr\u00f3nicos en los tejidos con p\u00e9rdida de su funcionalidad.<\/p>\n<p>FARMOLAP tiene amplia experiencia en la patalog\u00eda intestinal incluyendo la Enfermedad In\ufb02amatoria Intestinal y el c\u00e1ncer de colon, para lo que ha desarrollado protocolos y modelos biol\u00f3gicos que permiten su estudio. El grupo tambi\u00e9n est\u00e1 interesado en la inflamaci\u00f3n cr\u00f3nica y los cambios moleculares que promueven el envejecimiento celular.\u00a0 Otra l\u00ednea en pleno desarrollo implica los estudios en la piel, avanzando en varias enfermedades con base inflamatoria, junto con el desarrollo de procesos cancerosos epid\u00e9rmicos; similar al epitelio intestinal, en la piel es frecuente que aparezcan actores similares, con papeles comparables, pero los escenarios diferentes condicionan las respuestas.<\/p>\n<p>Son varios los procedimientos metodol\u00f3gicos que FARMOLAP ha desarrollado en modelos celulares y animales en nuestros laboratorios de la Facultad de Farmacia, pero tambi\u00e9n con el apoyo del\u00a0<a href=\"http:\/\/grupo.us.es\/farmolap\/web\/somos\/CITIUS,%20http:\/investigacion.us.es\/sgi\">Centro de Investigaci\u00f3n y Tecnolog\u00eda de la Universidad de Sevilla<\/a>\u00a0(<em>CITIUS<\/em><em>), <\/em>que posee de equipamiento cient\u00edfico-t\u00e9cnico de \u00faltima generaci\u00f3n y personal de apoyo formado para su utilizaci\u00f3n \u00f3ptima.<\/p>\n<p>En resumen, nuestros retos son la b\u00fasqueda de f\u00e1rmacos, nutrac\u00e9uticos, o ingredientes de alimentos funcionales, que ayuden a prevenir y\/o curar patolog\u00edas prevalentes con base inflamatoria.\u00a0 Desde esta perspectiva, varias de nuestras investigaciones actuales se centran en productos de origen natural y derivados semisint\u00e9ticos.<\/p>\n<\/div><\/div><\/div><\/div><\/div><\/div><\/section>\n","protected":false},"excerpt":{"rendered":"Objetivos de la investigaci\u00f3n FARMOLAP es un grupo de investigaci\u00f3n de la Universidad de Sevilla, que pertenece al Departamento de Farmacolog\u00eda de la Facultad de Farmacia de la Universidad de Sevilla (CTS658). Est\u00e1 constituido por Profesores y Doctores junto con investigadores postdoctorales y estudiantes en formaci\u00f3n investigadora. Nos centramos en el conocimiento de la inflamaci\u00f3n...","protected":false},"author":8,"featured_media":0,"parent":5172,"menu_order":0,"comment_status":"closed","ping_status":"closed","template":"","meta":[],"_links":{"self":[{"href":"https:\/\/grupo.us.es\/farmolap\/web\/wp-json\/wp\/v2\/pages\/5178"}],"collection":[{"href":"https:\/\/grupo.us.es\/farmolap\/web\/wp-json\/wp\/v2\/pages"}],"about":[{"href":"https:\/\/grupo.us.es\/farmolap\/web\/wp-json\/wp\/v2\/types\/page"}],"author":[{"embeddable":true,"href":"https:\/\/grupo.us.es\/farmolap\/web\/wp-json\/wp\/v2\/users\/8"}],"replies":[{"embeddable":true,"href":"https:\/\/grupo.us.es\/farmolap\/web\/wp-json\/wp\/v2\/comments?post=5178"}],"version-history":[{"count":9,"href":"https:\/\/grupo.us.es\/farmolap\/web\/wp-json\/wp\/v2\/pages\/5178\/revisions"}],"predecessor-version":[{"id":5755,"href":"https:\/\/grupo.us.es\/farmolap\/web\/wp-json\/wp\/v2\/pages\/5178\/revisions\/5755"}],"up":[{"embeddable":true,"href":"https:\/\/grupo.us.es\/farmolap\/web\/wp-json\/wp\/v2\/pages\/5172"}],"wp:attachment":[{"href":"https:\/\/grupo.us.es\/farmolap\/web\/wp-json\/wp\/v2\/media?parent=5178"}],"curies":[{"name":"wp","href":"https:\/\/api.w.org\/{rel}","templated":true}]}}