{"id":1674,"date":"2024-07-12T10:49:07","date_gmt":"2024-07-12T10:49:07","guid":{"rendered":"https:\/\/grupo.us.es\/estygeotec\/publications\/articles-copy\/"},"modified":"2025-05-19T15:49:53","modified_gmt":"2025-05-19T15:49:53","slug":"congresses","status":"publish","type":"page","link":"https:\/\/grupo.us.es\/estygeotec\/publications\/congresses\/","title":{"rendered":"Congresses"},"content":{"rendered":"\t\t<div data-elementor-type=\"wp-page\" data-elementor-id=\"1674\" class=\"elementor elementor-1674\" data-elementor-post-type=\"page\">\n\t\t\t\t<div class=\"elementor-element elementor-element-251fefe e-flex e-con-boxed e-con e-parent\" data-id=\"251fefe\" data-element_type=\"container\" data-e-type=\"container\">\n\t\t\t\t\t<div class=\"e-con-inner\">\n\t\t<div class=\"elementor-element elementor-element-6512caa e-flex e-con-boxed e-con e-child\" data-id=\"6512caa\" data-element_type=\"container\" data-e-type=\"container\">\n\t\t\t\t\t<div class=\"e-con-inner\">\n\t\t\t\t<div class=\"elementor-element elementor-element-74d9266 elementor-widget elementor-widget-text-editor\" data-id=\"74d9266\" data-element_type=\"widget\" data-e-type=\"widget\" data-widget_type=\"text-editor.default\">\n\t\t\t\t<div class=\"elementor-widget-container\">\n\t\t\t\t\t\t\t\t\t<p>\n<table id=\"tablepress-7\" class=\"tablepress tablepress-id-7\">\n<thead>\n<tr class=\"row-1\">\n\t<th class=\"column-1\">Year<\/th><th class=\"column-2\">Title<\/th><th class=\"column-3\">Authors<\/th><th class=\"column-4\">Congress<\/th><th class=\"column-5\">Research topics<\/th>\n<\/tr>\n<\/thead>\n<tbody class=\"row-striping row-hover\">\n<tr class=\"row-2\">\n\t<td class=\"column-1\">2023<\/td><td class=\"column-2\"><a href=\"https:\/\/prisma.us.es\/publicacion\/234346\" target=\"_blank\">A model for the structural and seismic assessment of the mosque-cathedral of Cordoba<\/a><\/td><td class=\"column-3\"><a href=\"https:\/\/grupo.us.es\/estygeotec\/maria-victoria-requena-garcia-de-la-cruz-mvr\/\" target=\"_blank\">Requena-Garcia-Cruz, MV<\/a>; <a href=\"https:\/\/grupo.us.es\/estygeotec\/emilio-romero-sanchez-ers\/\" target=\"_blank\">Romero-S\u00e1nchez, E<\/a>; <a href=\"https:\/\/grupo.us.es\/estygeotec\/antonio-morales-esteban\/\" target=\"_blank\">Morales-Esteban, A<\/a>; Fern\u00e1ndez-P\u00e9rez, N<\/td><td class=\"column-4\">9th International Conference on Computational Methods in Structural Dynamics and Earthquake Engineering<\/td><td class=\"column-5\">Structural Intervention in Heritage<\/td>\n<\/tr>\n<tr class=\"row-3\">\n\t<td class=\"column-1\">2023<\/td><td class=\"column-2\"><a href=\"https:\/\/prisma.us.es\/publicacion\/234344\" target=\"_blank\">Fragility assessment of RC buildings in southern Spain based on neural network predictions<\/a><\/td><td class=\"column-3\">De Miguel Rodr\u00edguez, J; <a href=\"https:\/\/grupo.us.es\/estygeotec\/maria-victoria-requena-garcia-de-la-cruz-mvr\/\" target=\"_blank\">Requena-Garcia-Cruz, MV<\/a>; <a href=\"https:\/\/grupo.us.es\/estygeotec\/emilio-romero-sanchez-ers\/\" target=\"_blank\">Romero-S\u00e1nchez, E<\/a>; <a href=\"https:\/\/grupo.us.es\/estygeotec\/antonio-morales-esteban\/\" target=\"_blank\">Morales-Esteban, A<\/a><\/td><td class=\"column-4\">9th International Conference on Computational Methods in Structural Dynamics and Earthquake Engineering<\/td><td class=\"column-5\">Seismic Hazard and Vulnerability<\/td>\n<\/tr>\n<tr class=\"row-4\">\n\t<td class=\"column-1\">2023<\/td><td class=\"column-2\"><a href=\"https:\/\/prisma.us.es\/publicacion\/234081\" target=\"_blank\">Preserving the Great Mosque of Cordoba (Spain): a preliminary mechanical characterization of its original natural stone<\/a><\/td><td class=\"column-3\"><a href=\"https:\/\/grupo.us.es\/estygeotec\/beatriz-zapico-blanco\/\" target=\"_blank\">Zapico Blanco, B<\/a>; Rodr\u00edguez Mariscal, JD; Zapata Rodr\u00edguez, E; Romero Arroyo, JA; Fern\u00e1ndez Ancio, F; Sol\u00eds Mu\u00f1iz, M<\/td><td class=\"column-4\">1st International Online Conference on Buildings<\/td><td class=\"column-5\">Structural Intervention in Heritage<\/td>\n<\/tr>\n<tr class=\"row-5\">\n\t<td class=\"column-1\">2023<\/td><td class=\"column-2\"><a href=\"https:\/\/prisma.us.es\/publicacion\/234345\" target=\"_blank\">Seismic assessment of historic complex towers. The case study of the giralda tower<\/a><\/td><td class=\"column-3\"><a href=\"https:\/\/grupo.us.es\/estygeotec\/emilio-romero-sanchez-ers\/\" target=\"_blank\">Romero-S\u00e1nchez, E<\/a>; <a href=\"https:\/\/grupo.us.es\/estygeotec\/maria-victoria-requena-garcia-de-la-cruz-mvr\/\" target=\"_blank\">Requena-Garcia-Cruz, MV<\/a>; <a href=\"https:\/\/grupo.us.es\/estygeotec\/antonio-morales-esteban\/\" target=\"_blank\">Morales-Esteban, A<\/a><\/td><td class=\"column-4\">9th International Conference on Computational Methods in Structural Dynamics and Earthquake Engineering<\/td><td class=\"column-5\">Structural Intervention in Heritage<\/td>\n<\/tr>\n<tr class=\"row-6\">\n\t<td class=\"column-1\">2022<\/td><td class=\"column-2\"><a href=\"https:\/\/prisma.us.es\/publicacion\/192949\" target=\"_blank\">Game-based student response system applied to soil mechanics and foundations<\/a><\/td><td class=\"column-3\"><a href=\"https:\/\/grupo.us.es\/estygeotec\/maria-victoria-requena-garcia-de-la-cruz-mvr\/\" target=\"_blank\">Requena-Garcia-Cruz, MV<\/a>; <a href=\"https:\/\/grupo.us.es\/estygeotec\/emilio-romero-sanchez-ers\/\" target=\"_blank\">Romero-S\u00e1nchez, E<\/a>; <a href=\"https:\/\/grupo.us.es\/estygeotec\/antonio-morales-esteban\/\" target=\"_blank\">Morales-Esteban, A<\/a><\/td><td class=\"column-4\">14th International Conference on Computational Intelligence in Security for Information Systems and 12th International Conference on European Transnational Educational<\/td><td class=\"column-5\">Engineering and Architecture Education<\/td>\n<\/tr>\n<tr class=\"row-7\">\n\t<td class=\"column-1\">2021<\/td><td class=\"column-2\"><a href=\"https:\/\/prisma.us.es\/publicacion\/193824\" target=\"_blank\">Graphic analysis of the environmental influence on the traditional construction of a house in \u00d3rgiva, Granada, Spain<\/a><\/td><td class=\"column-3\">Mart\u00edn-Cara, A; <a href=\"https:\/\/grupo.us.es\/estygeotec\/jose-lazaro-amaro-mellado\/\" target=\"_blank\">Amaro-Mellado, JL<\/a><\/td><td class=\"column-4\">Lecture Notes in Networks and Systems<\/td><td class=\"column-5\">Structural Intervention in Heritage<\/td>\n<\/tr>\n<tr class=\"row-8\">\n\t<td class=\"column-1\">2021<\/td><td class=\"column-2\"><a href=\"https:\/\/prisma.us.es\/publicacion\/205034\" target=\"_blank\">Classroom Improvement Cycle in Architecture by Means of Problem-Based Learning<\/a><\/td><td class=\"column-3\"><a href=\"https:\/\/grupo.us.es\/estygeotec\/maria-victoria-requena-garcia-de-la-cruz-mvr\/\" target=\"_blank\">Requena-Garcia-Cruz, MV<\/a>; <a href=\"https:\/\/grupo.us.es\/estygeotec\/antonio-morales-esteban\/\" target=\"_blank\">Morales-Esteban, A<\/a><\/td><td class=\"column-4\">The 11th International Conference on EUropean Transnational Educational<\/td><td class=\"column-5\">Engineering and Architecture Education<\/td>\n<\/tr>\n<tr class=\"row-9\">\n\t<td class=\"column-1\">2021<\/td><td class=\"column-2\"><a href=\"https:\/\/prisma.us.es\/publicacion\/192636\" target=\"_blank\">Soil-structure interaction in the seismic vulnerability analysis of RC buildings. Application to a case study building located in southwestern Spain<\/a><\/td><td class=\"column-3\"><a href=\"https:\/\/grupo.us.es\/estygeotec\/maria-victoria-requena-garcia-de-la-cruz-mvr\/\" target=\"_blank\">Requena-Garcia-Cruz, MV<\/a>; <a href=\"https:\/\/grupo.us.es\/estygeotec\/antonio-morales-esteban\/\" target=\"_blank\">Morales-Esteban, A<\/a>; <a href=\"https:\/\/grupo.us.es\/estygeotec\/percy-durand-neyra\/\" target=\"_blank\">Durand-Neyra, P<\/a>; <a href=\"https:\/\/grupo.us.es\/estygeotec\/emilio-romero-sanchez-ers\/\" target=\"_blank\">Romero-S\u00e1nchez, E<\/a>; <\/td><td class=\"column-4\">8th International Conference on Computational Methods in Structural Dynamics and Earthquake Engineering<\/td><td class=\"column-5\">Seismic Hazard and Vulnerability<\/td>\n<\/tr>\n<tr class=\"row-10\">\n\t<td class=\"column-1\">2021<\/td><td class=\"column-2\"><a href=\"https:\/\/prisma.us.es\/publicacion\/204350\" target=\"_blank\">Use of IT in Project-Based Learning Applied to the Subject Surveying in Civil Engineering<\/a><\/td><td class=\"column-3\">Mitxelena Hoyos, O; <a href=\"https:\/\/grupo.us.es\/estygeotec\/jose-lazaro-amaro-mellado\/\" target=\"_blank\">Amaro-Mellado, JL<\/a>; Mart\u00ednez-\u00c1lvarez, F<\/td><td class=\"column-4\">The 11th International Conference on EUropean Transnational Educational<\/td><td class=\"column-5\">Engineering and Architecture Education<\/td>\n<\/tr>\n<tr class=\"row-11\">\n\t<td class=\"column-1\">2019<\/td><td class=\"column-2\"><a href=\"https:\/\/prisma.us.es\/publicacion\/138283\" target=\"_blank\">A comparative analysis between the Spanish and Portuguese seismic codes. Application to a border RC primary school<\/a><\/td><td class=\"column-3\"><a href=\"https:\/\/grupo.us.es\/estygeotec\/maria-victoria-requena-garcia-de-la-cruz-mvr\/\" target=\"_blank\">Requena-Garcia-Cruz, MV<\/a>; <a href=\"https:\/\/grupo.us.es\/estygeotec\/antonio-morales-esteban\/\" target=\"_blank\">Morales-Esteban, A<\/a>; Segovia-Verjel, ML; <a href=\"https:\/\/grupo.us.es\/estygeotec\/emilio-romero-sanchez-ers\/\" target=\"_blank\">Romero-S\u00e1nchez, E<\/a>; de-Miguel-Rodr\u00edguez, J; Est\u00eav\u00e3o, J<\/td><td class=\"column-4\">7th International Conference on Computational Methods in Structural Dynamics and Earthquake Engineering<\/td><td class=\"column-5\">Seismic Hazard and Vulnerability<\/td>\n<\/tr>\n<tr class=\"row-12\">\n\t<td class=\"column-1\">2019<\/td><td class=\"column-2\"><a href=\"https:\/\/prisma.us.es\/publicacion\/138284\" target=\"_blank\">A cost-effective retrofitting technique for URM buildings based on steel encirclements in openings: A case study<\/a><\/td><td class=\"column-3\">Segovia-Verjel, ML; <a href=\"https:\/\/grupo.us.es\/estygeotec\/enrique-de-justo-moscardo\/\" target=\"_blank\">Justo-Moscard\u00f3, E<\/a>; <a href=\"https:\/\/grupo.us.es\/estygeotec\/antonio-morales-esteban\/\" target=\"_blank\">Morales-Esteban, A<\/a>; <a href=\"https:\/\/grupo.us.es\/estygeotec\/maria-victoria-requena-garcia-de-la-cruz-mvr\/\" target=\"_blank\">Requena-Garcia-Cruz, MV<\/a>; <a href=\"https:\/\/grupo.us.es\/estygeotec\/emilio-romero-sanchez-ers\/\" target=\"_blank\">Romero-S\u00e1nchez, E<\/a>; de-Miguel-Rodr\u00edguez, J; Est\u00eav\u00e3o, J<\/td><td class=\"column-4\">7th International Conference on Computational Methods in Structural Dynamics and Earthquake Engineering<\/td><td class=\"column-5\">Structural Innovation<\/td>\n<\/tr>\n<tr class=\"row-13\">\n\t<td class=\"column-1\">2019<\/td><td class=\"column-2\">Seismic performance comparison between structure-improvement techniques and ground-improvement techniques: Application to a reinforced concrete school building<\/td><td class=\"column-3\"><a href=\"https:\/\/grupo.us.es\/estygeotec\/maria-victoria-requena-garcia-de-la-cruz-mvr\/\" target=\"_blank\">Requena-Garcia-Cruz, MV<\/a>; <a href=\"https:\/\/grupo.us.es\/estygeotec\/antonio-morales-esteban\/\" target=\"_blank\">Morales-Esteban, A<\/a>; Segovia-Verjel, ML; <a href=\"https:\/\/grupo.us.es\/estygeotec\/emilio-romero-sanchez-ers\/\" target=\"_blank\">Romero-S\u00e1nchez, E<\/a>; de-Miguel-Rodr\u00edguez, J; Est\u00eav\u00e3o, J<\/td><td class=\"column-4\">WIT Transactions on the Built Environment<\/td><td class=\"column-5\">Seismic Hazard and Vulnerability<\/td>\n<\/tr>\n<tr class=\"row-14\">\n\t<td class=\"column-1\">2018<\/td><td class=\"column-2\"><a href=\"https:\/\/prisma.us.es\/publicacion\/222155\" target=\"_blank\">A masonry catalogue for the Groningen region<\/a><\/td><td class=\"column-3\"><a href=\"https:\/\/grupo.us.es\/estygeotec\/beatriz-zapico-blanco\/\" target=\"_blank\">Zapico Blanco, B<\/a>; Tondelli, M; Jafari, S; Graziotti, F; MIllekamp, H; Rots, J; Palmieri, M<\/td><td class=\"column-4\">16th European Conference on Earthquake Engineering<\/td><td class=\"column-5\">Structural Innovation<\/td>\n<\/tr>\n<\/tbody>\n<\/table>\n<!-- #tablepress-7 from cache --><\/p>\t\t\t\t\t\t\t\t<\/div>\n\t\t\t\t<\/div>\n\t\t\t\t\t<\/div>\n\t\t\t\t<\/div>\n\t\t\t\t\t<\/div>\n\t\t\t\t<\/div>\n\t\t\t\t<\/div>\n\t\t","protected":false},"excerpt":{"rendered":"","protected":false},"author":5,"featured_media":0,"parent":720,"menu_order":0,"comment_status":"closed","ping_status":"closed","template":"","meta":{"_acf_changed":false,"footnotes":""},"class_list":["post-1674","page","type-page","status-publish","hentry"],"acf":[],"yoast_head":"<!-- This site is optimized with the Yoast SEO plugin v27.3 - https:\/\/yoast.com\/product\/yoast-seo-wordpress\/ -->\n<title>Congresses - TEP-107: Structures and Geotechnics<\/title>\n<meta name=\"robots\" content=\"index, follow, max-snippet:-1, max-image-preview:large, max-video-preview:-1\" \/>\n<link rel=\"canonical\" href=\"https:\/\/grupo.us.es\/estygeotec\/publications\/congresses\/\" \/>\n<meta property=\"og:locale\" content=\"en_GB\" \/>\n<meta property=\"og:type\" content=\"article\" \/>\n<meta property=\"og:title\" content=\"Congresses - TEP-107: Structures and Geotechnics\" \/>\n<meta property=\"og:url\" content=\"https:\/\/grupo.us.es\/estygeotec\/publications\/congresses\/\" \/>\n<meta property=\"og:site_name\" content=\"TEP-107: Structures and Geotechnics\" \/>\n<meta property=\"article:modified_time\" content=\"2025-05-19T15:49:53+00:00\" \/>\n<meta name=\"twitter:card\" content=\"summary_large_image\" \/>\n<meta name=\"twitter:label1\" content=\"Estimated reading time\" \/>\n\t<meta name=\"twitter:data1\" content=\"3 minutes\" \/>\n<script type=\"application\/ld+json\" class=\"yoast-schema-graph\">{\"@context\":\"https:\\\/\\\/schema.org\",\"@graph\":[{\"@type\":\"WebPage\",\"@id\":\"https:\\\/\\\/grupo.us.es\\\/estygeotec\\\/publications\\\/congresses\\\/\",\"url\":\"https:\\\/\\\/grupo.us.es\\\/estygeotec\\\/publications\\\/congresses\\\/\",\"name\":\"Congresses - TEP-107: Structures and Geotechnics\",\"isPartOf\":{\"@id\":\"https:\\\/\\\/grupo.us.es\\\/estygeotec\\\/#website\"},\"datePublished\":\"2024-07-12T10:49:07+00:00\",\"dateModified\":\"2025-05-19T15:49:53+00:00\",\"breadcrumb\":{\"@id\":\"https:\\\/\\\/grupo.us.es\\\/estygeotec\\\/publications\\\/congresses\\\/#breadcrumb\"},\"inLanguage\":\"en-GB\",\"potentialAction\":[{\"@type\":\"ReadAction\",\"target\":[\"https:\\\/\\\/grupo.us.es\\\/estygeotec\\\/publications\\\/congresses\\\/\"]}]},{\"@type\":\"BreadcrumbList\",\"@id\":\"https:\\\/\\\/grupo.us.es\\\/estygeotec\\\/publications\\\/congresses\\\/#breadcrumb\",\"itemListElement\":[{\"@type\":\"ListItem\",\"position\":1,\"name\":\"Portada\",\"item\":\"https:\\\/\\\/grupo.us.es\\\/estygeotec\\\/\"},{\"@type\":\"ListItem\",\"position\":2,\"name\":\"Publications\",\"item\":\"https:\\\/\\\/grupo.us.es\\\/estygeotec\\\/publications\\\/\"},{\"@type\":\"ListItem\",\"position\":3,\"name\":\"Congresses\"}]},{\"@type\":\"WebSite\",\"@id\":\"https:\\\/\\\/grupo.us.es\\\/estygeotec\\\/#website\",\"url\":\"https:\\\/\\\/grupo.us.es\\\/estygeotec\\\/\",\"name\":\"TEP-107: Structures and Geotechnics\",\"description\":\"Research Group\",\"publisher\":{\"@id\":\"https:\\\/\\\/grupo.us.es\\\/estygeotec\\\/#organization\"},\"potentialAction\":[{\"@type\":\"SearchAction\",\"target\":{\"@type\":\"EntryPoint\",\"urlTemplate\":\"https:\\\/\\\/grupo.us.es\\\/estygeotec\\\/?s={search_term_string}\"},\"query-input\":{\"@type\":\"PropertyValueSpecification\",\"valueRequired\":true,\"valueName\":\"search_term_string\"}}],\"inLanguage\":\"en-GB\"},{\"@type\":\"Organization\",\"@id\":\"https:\\\/\\\/grupo.us.es\\\/estygeotec\\\/#organization\",\"name\":\"TEP-107: Structures and Geotechnics\",\"url\":\"https:\\\/\\\/grupo.us.es\\\/estygeotec\\\/\",\"logo\":{\"@type\":\"ImageObject\",\"inLanguage\":\"en-GB\",\"@id\":\"https:\\\/\\\/grupo.us.es\\\/estygeotec\\\/#\\\/schema\\\/logo\\\/image\\\/\",\"url\":\"https:\\\/\\\/grupo.us.es\\\/estygeotec\\\/wp-content\\\/uploads\\\/2025\\\/05\\\/cropped-LOGO-1.png\",\"contentUrl\":\"https:\\\/\\\/grupo.us.es\\\/estygeotec\\\/wp-content\\\/uploads\\\/2025\\\/05\\\/cropped-LOGO-1.png\",\"width\":353,\"height\":102,\"caption\":\"TEP-107: Structures and Geotechnics\"},\"image\":{\"@id\":\"https:\\\/\\\/grupo.us.es\\\/estygeotec\\\/#\\\/schema\\\/logo\\\/image\\\/\"}}]}<\/script>\n<!-- \/ Yoast SEO plugin. -->","yoast_head_json":{"title":"Congresses - TEP-107: Structures and Geotechnics","robots":{"index":"index","follow":"follow","max-snippet":"max-snippet:-1","max-image-preview":"max-image-preview:large","max-video-preview":"max-video-preview:-1"},"canonical":"https:\/\/grupo.us.es\/estygeotec\/publications\/congresses\/","og_locale":"en_GB","og_type":"article","og_title":"Congresses - TEP-107: Structures and Geotechnics","og_url":"https:\/\/grupo.us.es\/estygeotec\/publications\/congresses\/","og_site_name":"TEP-107: Structures and Geotechnics","article_modified_time":"2025-05-19T15:49:53+00:00","twitter_card":"summary_large_image","twitter_misc":{"Estimated reading time":"3 minutes"},"schema":{"@context":"https:\/\/schema.org","@graph":[{"@type":"WebPage","@id":"https:\/\/grupo.us.es\/estygeotec\/publications\/congresses\/","url":"https:\/\/grupo.us.es\/estygeotec\/publications\/congresses\/","name":"Congresses - TEP-107: Structures and Geotechnics","isPartOf":{"@id":"https:\/\/grupo.us.es\/estygeotec\/#website"},"datePublished":"2024-07-12T10:49:07+00:00","dateModified":"2025-05-19T15:49:53+00:00","breadcrumb":{"@id":"https:\/\/grupo.us.es\/estygeotec\/publications\/congresses\/#breadcrumb"},"inLanguage":"en-GB","potentialAction":[{"@type":"ReadAction","target":["https:\/\/grupo.us.es\/estygeotec\/publications\/congresses\/"]}]},{"@type":"BreadcrumbList","@id":"https:\/\/grupo.us.es\/estygeotec\/publications\/congresses\/#breadcrumb","itemListElement":[{"@type":"ListItem","position":1,"name":"Portada","item":"https:\/\/grupo.us.es\/estygeotec\/"},{"@type":"ListItem","position":2,"name":"Publications","item":"https:\/\/grupo.us.es\/estygeotec\/publications\/"},{"@type":"ListItem","position":3,"name":"Congresses"}]},{"@type":"WebSite","@id":"https:\/\/grupo.us.es\/estygeotec\/#website","url":"https:\/\/grupo.us.es\/estygeotec\/","name":"TEP-107: Structures and Geotechnics","description":"Research Group","publisher":{"@id":"https:\/\/grupo.us.es\/estygeotec\/#organization"},"potentialAction":[{"@type":"SearchAction","target":{"@type":"EntryPoint","urlTemplate":"https:\/\/grupo.us.es\/estygeotec\/?s={search_term_string}"},"query-input":{"@type":"PropertyValueSpecification","valueRequired":true,"valueName":"search_term_string"}}],"inLanguage":"en-GB"},{"@type":"Organization","@id":"https:\/\/grupo.us.es\/estygeotec\/#organization","name":"TEP-107: Structures and Geotechnics","url":"https:\/\/grupo.us.es\/estygeotec\/","logo":{"@type":"ImageObject","inLanguage":"en-GB","@id":"https:\/\/grupo.us.es\/estygeotec\/#\/schema\/logo\/image\/","url":"https:\/\/grupo.us.es\/estygeotec\/wp-content\/uploads\/2025\/05\/cropped-LOGO-1.png","contentUrl":"https:\/\/grupo.us.es\/estygeotec\/wp-content\/uploads\/2025\/05\/cropped-LOGO-1.png","width":353,"height":102,"caption":"TEP-107: Structures and Geotechnics"},"image":{"@id":"https:\/\/grupo.us.es\/estygeotec\/#\/schema\/logo\/image\/"}}]}},"_links":{"self":[{"href":"https:\/\/grupo.us.es\/estygeotec\/wp-json\/wp\/v2\/pages\/1674","targetHints":{"allow":["GET"]}}],"collection":[{"href":"https:\/\/grupo.us.es\/estygeotec\/wp-json\/wp\/v2\/pages"}],"about":[{"href":"https:\/\/grupo.us.es\/estygeotec\/wp-json\/wp\/v2\/types\/page"}],"author":[{"embeddable":true,"href":"https:\/\/grupo.us.es\/estygeotec\/wp-json\/wp\/v2\/users\/5"}],"replies":[{"embeddable":true,"href":"https:\/\/grupo.us.es\/estygeotec\/wp-json\/wp\/v2\/comments?post=1674"}],"version-history":[{"count":0,"href":"https:\/\/grupo.us.es\/estygeotec\/wp-json\/wp\/v2\/pages\/1674\/revisions"}],"up":[{"embeddable":true,"href":"https:\/\/grupo.us.es\/estygeotec\/wp-json\/wp\/v2\/pages\/720"}],"wp:attachment":[{"href":"https:\/\/grupo.us.es\/estygeotec\/wp-json\/wp\/v2\/media?parent=1674"}],"curies":[{"name":"wp","href":"https:\/\/api.w.org\/{rel}","templated":true}]}}